{"id":57660,"date":"2024-02-23T13:59:06","date_gmt":"2024-02-23T12:59:06","guid":{"rendered":"https:\/\/megamo.eu\/plug-ins-dropshipping-modules\/shopify-feed-integration-with-supplier\/"},"modified":"2025-12-16T10:11:49","modified_gmt":"2025-12-16T09:11:49","slug":"shopify-integrarea-fluxului-cu-furnizorul","status":"publish","type":"page","link":"https:\/\/megamo.eu\/ro\/plugin-uri-module-dropshipping\/shopify-integrarea-fluxului-cu-furnizorul\/","title":{"rendered":"Shopify &#8211; integrarea fluxului cu furnizorul"},"content":{"rendered":"\n\t<div id=\"gap-1592422295\" class=\"gap-element clearfix\" style=\"display:block; height:auto;\">\n\t\t\n<style>\n#gap-1592422295 {\n  padding-top: 60px;\n}\n<\/style>\n\t<\/div>\n\t\n\n\t<section class=\"section\" id=\"section_998148163\">\n\t\t<div class=\"bg section-bg fill bg-fill  bg-loaded\" >\n\n\t\t\t\n\t\t\t\n\t\t\t\n\n\t\t<\/div>\n\n\t\t\n\n\t\t<div class=\"section-content relative\">\n\t\t\t\n\n<div class=\"row\"  id=\"row-1099558184\">\n\n\n\t<div id=\"col-1397800449\" class=\"col small-12 large-12\"  >\n\t\t\t\t<div class=\"col-inner\"  >\n\t\t\t\n\t\t\t\n\n\t<div id=\"text-756871740\" class=\"text\">\n\t\t\n\n<h1>Shopify \u2013 integrare feed cu furnizorul<\/h1>\n\t\t\n<style>\n#text-756871740 {\n  font-size: 1.3rem;\n  text-align: center;\n}\n<\/style>\n\t<\/div>\n\t\n\n\t\t<\/div>\n\t\t\t\t\t<\/div>\n\n\t\n\n<\/div>\n<div class=\"row\"  id=\"row-550163129\">\n\n\n\t<div id=\"col-1938171968\" class=\"col small-12 large-12\"  >\n\t\t\t\t<div class=\"col-inner text-center\"  >\n\t\t\t\n\t\t\t\n\n\t<div class=\"img has-hover x md-x lg-x y md-y lg-y\" id=\"image_1511215859\">\n\t\t\t\t\t\t\t\t<div class=\"img-inner dark\" >\n\t\t\t<img loading=\"lazy\" decoding=\"async\" width=\"411\" height=\"165\" src=\"https:\/\/megamo.eu\/wp-content\/uploads\/2024\/02\/logo-shopify-411.webp\" class=\"attachment-original size-original\" alt=\"\" \/>\t\t\t\t\t\t\n\t\t\t\t\t<\/div>\n\t\t\t\t\t\t\t\t\n<style>\n#image_1511215859 {\n  width: 30%;\n}\n<\/style>\n\t<\/div>\n\t\n\n\t<div id=\"text-1785825199\" class=\"text\">\n\t\t\n\n<p>SAAS | Abonament<\/p>\n\t\t\n<style>\n#text-1785825199 {\n  font-size: 1.2rem;\n  color: rgb(155, 155, 155);\n}\n#text-1785825199 > * {\n  color: rgb(155, 155, 155);\n}\n<\/style>\n\t<\/div>\n\t\n\t<div id=\"text-414788660\" class=\"text\">\n\t\t\n\n<p style=\"margin-bottom: 60px\">Shopify este o platform\u0103 de comer\u021b electronic din Canada, care func\u021bioneaz\u0103 pe modelul SaaS (Software as a Service). Fondat\u0103 \u00een 2004, a devenit una dintre cele mai utilizate solu\u021bii la nivel global, oferind un set complet de servicii ce includ procesarea pl\u0103\u021bilor, livrarea comenzilor, instrumente de marketing \u0219i suport pentru clien\u021bi.<\/p>\n\t\t\n<style>\n#text-414788660 {\n  text-align: left;\n}\n<\/style>\n\t<\/div>\n\t\n<a href=\"https:\/\/panel.megamo.co.uk\/dashboard\" class=\"button primary\"  >\n    <span>Integreaz\u0103 Shopify<\/span>\n  <\/a>\n\n\n<a href=\"\/ro\/suplimente-pentru-integrare\/\" class=\"button primary\"  >\n    <span>Alege add-on-uri pentru Shopify<\/span>\n  <\/a>\n\n\n\n\t\t<\/div>\n\t\t\t\t\t<\/div>\n\n\t\n\n<\/div>\n\n\t\t<\/div>\n\n\t\t\n<style>\n#section_998148163 {\n  padding-top: 30px;\n  padding-bottom: 30px;\n  margin-bottom: 60px;\n}\n<\/style>\n\t<\/section>\n\t\n\t<section class=\"section\" id=\"section_2100171243\">\n\t\t<div class=\"bg section-bg fill bg-fill  bg-loaded\" >\n\n\t\t\t\n\t\t\t\n\t\t\t\n\n\t\t<\/div>\n\n\t\t\n\n\t\t<div class=\"section-content relative\">\n\t\t\t\n\n<div class=\"row\"  id=\"row-204532836\">\n\n\n\t<div id=\"col-1959569814\" class=\"col medium-6 small-12 large-6\"  >\n\t\t\t\t<div class=\"col-inner\"  >\n\t\t\t\n\t\t\t\n\n\t<div class=\"img has-hover x md-x lg-x y md-y lg-y\" id=\"image_350243353\">\n\t\t\t\t\t\t\t\t<div class=\"img-inner dark\" >\n\t\t\t<img loading=\"lazy\" decoding=\"async\" width=\"1020\" height=\"570\" src=\"https:\/\/megamo.eu\/wp-content\/uploads\/2024\/01\/hex-default.webp\" class=\"attachment-large size-large\" alt=\"\" srcset=\"https:\/\/megamo.eu\/wp-content\/uploads\/2024\/01\/hex-default.webp 1025w, https:\/\/megamo.eu\/wp-content\/uploads\/2024\/01\/hex-default-716x400.webp 716w, https:\/\/megamo.eu\/wp-content\/uploads\/2024\/01\/hex-default-768x429.webp 768w, https:\/\/megamo.eu\/wp-content\/uploads\/2024\/01\/hex-default-600x335.webp 600w\" sizes=\"(max-width: 1020px) 100vw, 1020px\" \/>\t\t\t\t\t\t\n\t\t\t\t\t<\/div>\n\t\t\t\t\t\t\t\t\n<style>\n#image_350243353 {\n  width: 100%;\n}\n<\/style>\n\t<\/div>\n\t\n\n\n\t\t<\/div>\n\t\t\t\t\t<\/div>\n\n\t\n\n\t<div id=\"col-150567564\" class=\"col medium-6 small-12 large-6\"  >\n\t\t\t\t<div class=\"col-inner\"  >\n\t\t\t\n\t\t\t\n\n\t<div id=\"text-1080381646\" class=\"text\">\n\t\t\n\n<h2>Te ajut\u0103m s\u0103 economise\u0219ti timp<\/h2>\n\t\t\n<style>\n#text-1080381646 {\n  font-size: 1.2rem;\n}\n<\/style>\n\t<\/div>\n\t\n<p>Ad\u0103ugarea manual\u0103 a aproximativ <b>1000 de produse<\/b> \u00een stoc poate consuma p\u00e2n\u0103 la <b>160 de ore<\/b> \u2013 echivalentul unei luni \u00eentregi de munc\u0103 (8 ore pe zi, 5 zile pe s\u0103pt\u0103m\u00e2n\u0103).<\/p>\n<p><b>Timpul t\u0103u este nepre\u021buit \u2013 at\u00e2t pentru momentele de relaxare, c\u00e2t \u0219i prin poten\u021bialul de c\u00e2\u0219tig al muncii tale.<\/b><\/p>\n<a href=\"\/ro\/preturi-integrare-automata-cu-furnizorul\/\" class=\"button primary\"  >\n    <span>Afl\u0103 mai multe<\/span>\n  <\/a>\n\n\n\n\t\t<\/div>\n\t\t\t\t\t<\/div>\n\n\t\n\n<\/div>\n\n\t\t<\/div>\n\n\t\t\n<style>\n#section_2100171243 {\n  padding-top: 80px;\n  padding-bottom: 80px;\n}\n<\/style>\n\t<\/section>\n\t\n\n","protected":false},"excerpt":{"rendered":"","protected":false},"author":2,"featured_media":0,"parent":47634,"menu_order":0,"comment_status":"closed","ping_status":"closed","template":"","meta":{"_lmt_disableupdate":"","_lmt_disable":"","footnotes":""},"yoast_head":"<!-- This site is optimized with the Yoast SEO Premium plugin v21.8 (Yoast SEO v23.5) - https:\/\/yoast.com\/wordpress\/plugins\/seo\/ -->\n<title>Shopify - integrarea fluxului cu furnizorul<\/title>\n<meta name=\"description\" content=\"Ave\u021bi un magazin pe Shopify \u0219i dori\u021bi s\u0103 vinde\u021bi produse de la un furnizor la alegere? Familiariza\u021bi-v\u0103 cu oferta noastr\u0103.\" \/>\n<meta name=\"robots\" content=\"index, follow, max-snippet:-1, max-image-preview:large, max-video-preview:-1\" \/>\n<link rel=\"canonical\" href=\"https:\/\/megamo.eu\/ro\/plugin-uri-module-dropshipping\/shopify-integrarea-fluxului-cu-furnizorul\/\" \/>\n<meta property=\"og:locale\" content=\"ro_RO\" \/>\n<meta property=\"og:type\" content=\"article\" \/>\n<meta property=\"og:title\" content=\"Shopify - integrarea fluxului cu furnizorul\" \/>\n<meta property=\"og:description\" content=\"Ave\u021bi un magazin pe Shopify \u0219i dori\u021bi s\u0103 vinde\u021bi produse de la un furnizor la alegere? Familiariza\u021bi-v\u0103 cu oferta noastr\u0103.\" \/>\n<meta property=\"og:url\" content=\"https:\/\/megamo.eu\/ro\/plugin-uri-module-dropshipping\/shopify-integrarea-fluxului-cu-furnizorul\/\" \/>\n<meta property=\"og:site_name\" content=\"megamo.eu\" \/>\n<meta property=\"article:publisher\" content=\"https:\/\/www.facebook.com\/megamoeu\" \/>\n<meta property=\"article:modified_time\" content=\"2025-12-16T09:11:49+00:00\" \/>\n<meta name=\"twitter:card\" content=\"summary_large_image\" \/>\n<meta name=\"twitter:label1\" content=\"Timp estimat pentru citire\" \/>\n\t<meta name=\"twitter:data1\" content=\"2 minute\" \/>\n<script type=\"application\/ld+json\" class=\"yoast-schema-graph\">{\"@context\":\"https:\/\/schema.org\",\"@graph\":[{\"@type\":\"WebPage\",\"@id\":\"https:\/\/megamo.eu\/ro\/plugin-uri-module-dropshipping\/shopify-integrarea-fluxului-cu-furnizorul\/\",\"url\":\"https:\/\/megamo.eu\/ro\/plugin-uri-module-dropshipping\/shopify-integrarea-fluxului-cu-furnizorul\/\",\"name\":\"Shopify - integrarea fluxului cu furnizorul\",\"isPartOf\":{\"@id\":\"https:\/\/megamo.eu\/ro\/#website\"},\"datePublished\":\"2024-02-23T12:59:06+00:00\",\"dateModified\":\"2025-12-16T09:11:49+00:00\",\"description\":\"Ave\u021bi un magazin pe Shopify \u0219i dori\u021bi s\u0103 vinde\u021bi produse de la un furnizor la alegere? Familiariza\u021bi-v\u0103 cu oferta noastr\u0103.\",\"breadcrumb\":{\"@id\":\"https:\/\/megamo.eu\/ro\/plugin-uri-module-dropshipping\/shopify-integrarea-fluxului-cu-furnizorul\/#breadcrumb\"},\"inLanguage\":\"ro-RO\",\"potentialAction\":[{\"@type\":\"ReadAction\",\"target\":[\"https:\/\/megamo.eu\/ro\/plugin-uri-module-dropshipping\/shopify-integrarea-fluxului-cu-furnizorul\/\"]}]},{\"@type\":\"BreadcrumbList\",\"@id\":\"https:\/\/megamo.eu\/ro\/plugin-uri-module-dropshipping\/shopify-integrarea-fluxului-cu-furnizorul\/#breadcrumb\",\"itemListElement\":[{\"@type\":\"ListItem\",\"position\":1,\"name\":\"Home\",\"item\":\"https:\/\/megamo.eu\/ro\/\"},{\"@type\":\"ListItem\",\"position\":2,\"name\":\"Plugin-uri, module dropshipping\",\"item\":\"https:\/\/megamo.eu\/ro\/plugin-uri-module-dropshipping\/\"},{\"@type\":\"ListItem\",\"position\":3,\"name\":\"Shopify &#8211; integrarea fluxului cu furnizorul\"}]},{\"@type\":\"WebSite\",\"@id\":\"https:\/\/megamo.eu\/ro\/#website\",\"url\":\"https:\/\/megamo.eu\/ro\/\",\"name\":\"megamo.eu\",\"description\":\"megamo.eu\",\"publisher\":{\"@id\":\"https:\/\/megamo.eu\/ro\/#organization\"},\"potentialAction\":[{\"@type\":\"SearchAction\",\"target\":{\"@type\":\"EntryPoint\",\"urlTemplate\":\"https:\/\/megamo.eu\/ro\/?s={search_term_string}\"},\"query-input\":{\"@type\":\"PropertyValueSpecification\",\"valueRequired\":true,\"valueName\":\"search_term_string\"}}],\"inLanguage\":\"ro-RO\"},{\"@type\":\"Organization\",\"@id\":\"https:\/\/megamo.eu\/ro\/#organization\",\"name\":\"Megamo\",\"alternateName\":\"mgo\",\"url\":\"https:\/\/megamo.eu\/ro\/\",\"logo\":{\"@type\":\"ImageObject\",\"inLanguage\":\"ro-RO\",\"@id\":\"https:\/\/megamo.eu\/ro\/#\/schema\/logo\/image\/\",\"url\":\"https:\/\/megamo.eu\/wp-content\/uploads\/2024\/02\/logo_small.png\",\"contentUrl\":\"https:\/\/megamo.eu\/wp-content\/uploads\/2024\/02\/logo_small.png\",\"width\":300,\"height\":113,\"caption\":\"Megamo\"},\"image\":{\"@id\":\"https:\/\/megamo.eu\/ro\/#\/schema\/logo\/image\/\"},\"sameAs\":[\"https:\/\/www.facebook.com\/megamoeu\",\"https:\/\/www.youtube.com\/@Megamo_en\"]}]}<\/script>\n<!-- \/ Yoast SEO Premium plugin. -->","yoast_head_json":{"title":"Shopify - integrarea fluxului cu furnizorul","description":"Ave\u021bi un magazin pe Shopify \u0219i dori\u021bi s\u0103 vinde\u021bi produse de la un furnizor la alegere? Familiariza\u021bi-v\u0103 cu oferta noastr\u0103.","robots":{"index":"index","follow":"follow","max-snippet":"max-snippet:-1","max-image-preview":"max-image-preview:large","max-video-preview":"max-video-preview:-1"},"canonical":"https:\/\/megamo.eu\/ro\/plugin-uri-module-dropshipping\/shopify-integrarea-fluxului-cu-furnizorul\/","og_locale":"ro_RO","og_type":"article","og_title":"Shopify - integrarea fluxului cu furnizorul","og_description":"Ave\u021bi un magazin pe Shopify \u0219i dori\u021bi s\u0103 vinde\u021bi produse de la un furnizor la alegere? Familiariza\u021bi-v\u0103 cu oferta noastr\u0103.","og_url":"https:\/\/megamo.eu\/ro\/plugin-uri-module-dropshipping\/shopify-integrarea-fluxului-cu-furnizorul\/","og_site_name":"megamo.eu","article_publisher":"https:\/\/www.facebook.com\/megamoeu","article_modified_time":"2025-12-16T09:11:49+00:00","twitter_card":"summary_large_image","twitter_misc":{"Timp estimat pentru citire":"2 minute"},"schema":{"@context":"https:\/\/schema.org","@graph":[{"@type":"WebPage","@id":"https:\/\/megamo.eu\/ro\/plugin-uri-module-dropshipping\/shopify-integrarea-fluxului-cu-furnizorul\/","url":"https:\/\/megamo.eu\/ro\/plugin-uri-module-dropshipping\/shopify-integrarea-fluxului-cu-furnizorul\/","name":"Shopify - integrarea fluxului cu furnizorul","isPartOf":{"@id":"https:\/\/megamo.eu\/ro\/#website"},"datePublished":"2024-02-23T12:59:06+00:00","dateModified":"2025-12-16T09:11:49+00:00","description":"Ave\u021bi un magazin pe Shopify \u0219i dori\u021bi s\u0103 vinde\u021bi produse de la un furnizor la alegere? Familiariza\u021bi-v\u0103 cu oferta noastr\u0103.","breadcrumb":{"@id":"https:\/\/megamo.eu\/ro\/plugin-uri-module-dropshipping\/shopify-integrarea-fluxului-cu-furnizorul\/#breadcrumb"},"inLanguage":"ro-RO","potentialAction":[{"@type":"ReadAction","target":["https:\/\/megamo.eu\/ro\/plugin-uri-module-dropshipping\/shopify-integrarea-fluxului-cu-furnizorul\/"]}]},{"@type":"BreadcrumbList","@id":"https:\/\/megamo.eu\/ro\/plugin-uri-module-dropshipping\/shopify-integrarea-fluxului-cu-furnizorul\/#breadcrumb","itemListElement":[{"@type":"ListItem","position":1,"name":"Home","item":"https:\/\/megamo.eu\/ro\/"},{"@type":"ListItem","position":2,"name":"Plugin-uri, module dropshipping","item":"https:\/\/megamo.eu\/ro\/plugin-uri-module-dropshipping\/"},{"@type":"ListItem","position":3,"name":"Shopify &#8211; integrarea fluxului cu furnizorul"}]},{"@type":"WebSite","@id":"https:\/\/megamo.eu\/ro\/#website","url":"https:\/\/megamo.eu\/ro\/","name":"megamo.eu","description":"megamo.eu","publisher":{"@id":"https:\/\/megamo.eu\/ro\/#organization"},"potentialAction":[{"@type":"SearchAction","target":{"@type":"EntryPoint","urlTemplate":"https:\/\/megamo.eu\/ro\/?s={search_term_string}"},"query-input":{"@type":"PropertyValueSpecification","valueRequired":true,"valueName":"search_term_string"}}],"inLanguage":"ro-RO"},{"@type":"Organization","@id":"https:\/\/megamo.eu\/ro\/#organization","name":"Megamo","alternateName":"mgo","url":"https:\/\/megamo.eu\/ro\/","logo":{"@type":"ImageObject","inLanguage":"ro-RO","@id":"https:\/\/megamo.eu\/ro\/#\/schema\/logo\/image\/","url":"https:\/\/megamo.eu\/wp-content\/uploads\/2024\/02\/logo_small.png","contentUrl":"https:\/\/megamo.eu\/wp-content\/uploads\/2024\/02\/logo_small.png","width":300,"height":113,"caption":"Megamo"},"image":{"@id":"https:\/\/megamo.eu\/ro\/#\/schema\/logo\/image\/"},"sameAs":["https:\/\/www.facebook.com\/megamoeu","https:\/\/www.youtube.com\/@Megamo_en"]}]}},"_links":{"self":[{"href":"https:\/\/megamo.eu\/ro\/wp-json\/wp\/v2\/pages\/57660"}],"collection":[{"href":"https:\/\/megamo.eu\/ro\/wp-json\/wp\/v2\/pages"}],"about":[{"href":"https:\/\/megamo.eu\/ro\/wp-json\/wp\/v2\/types\/page"}],"author":[{"embeddable":true,"href":"https:\/\/megamo.eu\/ro\/wp-json\/wp\/v2\/users\/2"}],"replies":[{"embeddable":true,"href":"https:\/\/megamo.eu\/ro\/wp-json\/wp\/v2\/comments?post=57660"}],"version-history":[{"count":3,"href":"https:\/\/megamo.eu\/ro\/wp-json\/wp\/v2\/pages\/57660\/revisions"}],"predecessor-version":[{"id":63804,"href":"https:\/\/megamo.eu\/ro\/wp-json\/wp\/v2\/pages\/57660\/revisions\/63804"}],"up":[{"embeddable":true,"href":"https:\/\/megamo.eu\/ro\/wp-json\/wp\/v2\/pages\/47634"}],"wp:attachment":[{"href":"https:\/\/megamo.eu\/ro\/wp-json\/wp\/v2\/media?parent=57660"}],"curies":[{"name":"wp","href":"https:\/\/api.w.org\/{rel}","templated":true}]}}