{"id":57630,"date":"2024-02-23T13:59:09","date_gmt":"2024-02-23T12:59:09","guid":{"rendered":"https:\/\/megamo.eu\/plug-ins-dropshipping-modules\/square-online-feed-integration-with-supplier\/"},"modified":"2025-12-16T10:10:44","modified_gmt":"2025-12-16T09:10:44","slug":"square-online-integrarea-fluxului-cu-furnizorul","status":"publish","type":"page","link":"https:\/\/megamo.eu\/ro\/plugin-uri-module-dropshipping\/square-online-integrarea-fluxului-cu-furnizorul\/","title":{"rendered":"Square Online &#8211; integrarea fluxului cu furnizorul"},"content":{"rendered":"\n\t<div id=\"gap-4504157\" class=\"gap-element clearfix\" style=\"display:block; height:auto;\">\n\t\t\n<style>\n#gap-4504157 {\n  padding-top: 60px;\n}\n<\/style>\n\t<\/div>\n\t\n\n\t<section class=\"section\" id=\"section_1863738863\">\n\t\t<div class=\"bg section-bg fill bg-fill  bg-loaded\" >\n\n\t\t\t\n\t\t\t\n\t\t\t\n\n\t\t<\/div>\n\n\t\t\n\n\t\t<div class=\"section-content relative\">\n\t\t\t\n\n<div class=\"row\"  id=\"row-1735880444\">\n\n\n\t<div id=\"col-389608243\" class=\"col small-12 large-12\"  >\n\t\t\t\t<div class=\"col-inner\"  >\n\t\t\t\n\t\t\t\n\n\t<div id=\"text-2427080940\" class=\"text\">\n\t\t\n\n<h1>Square Online \u2013 integrare feed cu furnizorul<\/h1>\n\t\t\n<style>\n#text-2427080940 {\n  font-size: 1.3rem;\n  text-align: center;\n}\n<\/style>\n\t<\/div>\n\t\n\n\t\t<\/div>\n\t\t\t\t\t<\/div>\n\n\t\n\n<\/div>\n<div class=\"row\"  id=\"row-1467029249\">\n\n\n\t<div id=\"col-1620763870\" class=\"col small-12 large-12\"  >\n\t\t\t\t<div class=\"col-inner text-center\"  >\n\t\t\t\n\t\t\t\n\n\t<div class=\"img has-hover x md-x lg-x y md-y lg-y\" id=\"image_1994161444\">\n\t\t\t\t\t\t\t\t<div class=\"img-inner dark\" >\n\t\t\t<img loading=\"lazy\" decoding=\"async\" width=\"411\" height=\"165\" src=\"https:\/\/megamo.eu\/wp-content\/uploads\/2024\/02\/logo-square-online-411.webp\" class=\"attachment-original size-original\" alt=\"\" \/>\t\t\t\t\t\t\n\t\t\t\t\t<\/div>\n\t\t\t\t\t\t\t\t\n<style>\n#image_1994161444 {\n  width: 30%;\n}\n<\/style>\n\t<\/div>\n\t\n\n\t<div id=\"text-4060073621\" class=\"text\">\n\t\t\n\n<p>SAAS | Abonament<\/p>\n\t\t\n<style>\n#text-4060073621 {\n  font-size: 1.2rem;\n  color: rgb(155, 155, 155);\n}\n#text-4060073621 > * {\n  color: rgb(155, 155, 155);\n}\n<\/style>\n\t<\/div>\n\t\n\t<div id=\"text-2786512618\" class=\"text\">\n\t\t\n\n<p style=\"margin-bottom: 60px\">Square Online ofer\u0103 o platform\u0103 intuitiv\u0103 pentru crearea magazinelor online, dedicat\u0103 \u00een special afacerilor mici, inclusiv magazinelor de retail \u0219i b\u0103c\u0103niilor. Square este recunoscut pe scar\u0103 larg\u0103 pentru cititoarele de card f\u0103r\u0103 contract \u0219i pentru sistemele POS (Point of Sale) accesibile ca pre\u021b. Solu\u021bia de magazin online se integreaz\u0103 perfect cu stocul sau meniul magazinului t\u0103u fizic, fiind ideal\u0103 pentru afacerile care \u00ee\u0219i doresc o platform\u0103 unificat\u0103 pentru v\u00e2nz\u0103ri at\u00e2t online, c\u00e2t \u0219i \u00een loca\u021bie.<\/p>\n\t\t\n<style>\n#text-2786512618 {\n  text-align: left;\n}\n<\/style>\n\t<\/div>\n\t\n<a href=\"https:\/\/panel.megamo.co.uk\/dashboard\" class=\"button primary\"  >\n    <span>Integreaz\u0103 Square Online<\/span>\n  <\/a>\n\n\n<a href=\"\/ro\/suplimente-pentru-integrare\/\" class=\"button primary\"  >\n    <span>Alege add-on-uri pentru Square Online<\/span>\n  <\/a>\n\n\n\n\t\t<\/div>\n\t\t\t\t\t<\/div>\n\n\t\n\n<\/div>\n\n\t\t<\/div>\n\n\t\t\n<style>\n#section_1863738863 {\n  padding-top: 30px;\n  padding-bottom: 30px;\n  margin-bottom: 60px;\n}\n<\/style>\n\t<\/section>\n\t\n\t<section class=\"section\" id=\"section_1442794651\">\n\t\t<div class=\"bg section-bg fill bg-fill  bg-loaded\" >\n\n\t\t\t\n\t\t\t\n\t\t\t\n\n\t\t<\/div>\n\n\t\t\n\n\t\t<div class=\"section-content relative\">\n\t\t\t\n\n<div class=\"row\"  id=\"row-513921426\">\n\n\n\t<div id=\"col-574328890\" class=\"col medium-6 small-12 large-6\"  >\n\t\t\t\t<div class=\"col-inner\"  >\n\t\t\t\n\t\t\t\n\n\t<div class=\"img has-hover x md-x lg-x y md-y lg-y\" id=\"image_1752872515\">\n\t\t\t\t\t\t\t\t<div class=\"img-inner dark\" >\n\t\t\t<img loading=\"lazy\" decoding=\"async\" width=\"1020\" height=\"570\" src=\"https:\/\/megamo.eu\/wp-content\/uploads\/2024\/01\/hex-default.webp\" class=\"attachment-large size-large\" alt=\"\" srcset=\"https:\/\/megamo.eu\/wp-content\/uploads\/2024\/01\/hex-default.webp 1025w, https:\/\/megamo.eu\/wp-content\/uploads\/2024\/01\/hex-default-716x400.webp 716w, https:\/\/megamo.eu\/wp-content\/uploads\/2024\/01\/hex-default-768x429.webp 768w, https:\/\/megamo.eu\/wp-content\/uploads\/2024\/01\/hex-default-600x335.webp 600w\" sizes=\"(max-width: 1020px) 100vw, 1020px\" \/>\t\t\t\t\t\t\n\t\t\t\t\t<\/div>\n\t\t\t\t\t\t\t\t\n<style>\n#image_1752872515 {\n  width: 100%;\n}\n<\/style>\n\t<\/div>\n\t\n\n\n\t\t<\/div>\n\t\t\t\t\t<\/div>\n\n\t\n\n\t<div id=\"col-788498744\" class=\"col medium-6 small-12 large-6\"  >\n\t\t\t\t<div class=\"col-inner\"  >\n\t\t\t\n\t\t\t\n\n\t<div id=\"text-4229107171\" class=\"text\">\n\t\t\n\n<h2>Te ajut\u0103m s\u0103 economise\u0219ti timp<\/h2>\n\t\t\n<style>\n#text-4229107171 {\n  font-size: 1.2rem;\n}\n<\/style>\n\t<\/div>\n\t\n<p>Ad\u0103ugarea manual\u0103 a aproximativ <b>1000 de produse<\/b> \u00een stoc poate consuma p\u00e2n\u0103 la <b>160 de ore<\/b> \u2013 echivalentul unei luni \u00eentregi de munc\u0103 (8 ore pe zi, 5 zile pe s\u0103pt\u0103m\u00e2n\u0103).<\/p>\n<p><b>Timpul t\u0103u este nepre\u021buit \u2013 at\u00e2t pentru momentele de relaxare, c\u00e2t \u0219i prin poten\u021bialul de c\u00e2\u0219tig al muncii tale.<\/b><\/p>\n<a href=\"\/ro\/preturi-integrare-automata-cu-furnizorul\/\" class=\"button primary\"  >\n    <span>Afl\u0103 mai multe<\/span>\n  <\/a>\n\n\n\n\t\t<\/div>\n\t\t\t\t\t<\/div>\n\n\t\n\n<\/div>\n\n\t\t<\/div>\n\n\t\t\n<style>\n#section_1442794651 {\n  padding-top: 80px;\n  padding-bottom: 80px;\n}\n<\/style>\n\t<\/section>\n\t\n\n","protected":false},"excerpt":{"rendered":"","protected":false},"author":2,"featured_media":0,"parent":47634,"menu_order":0,"comment_status":"closed","ping_status":"closed","template":"","meta":{"_lmt_disableupdate":"","_lmt_disable":"","footnotes":""},"yoast_head":"<!-- This site is optimized with the Yoast SEO Premium plugin v21.8 (Yoast SEO v23.5) - https:\/\/yoast.com\/wordpress\/plugins\/seo\/ -->\n<title>Square Online - integrarea fluxului cu furnizorul<\/title>\n<meta name=\"description\" content=\"Ave\u021bi un magazin pe Square Online \u0219i dori\u021bi s\u0103 vinde\u021bi produse de la un furnizor la alegere? Familiariza\u021bi-v\u0103 cu oferta noastr\u0103.\" \/>\n<meta name=\"robots\" content=\"index, follow, max-snippet:-1, max-image-preview:large, max-video-preview:-1\" \/>\n<link rel=\"canonical\" href=\"https:\/\/megamo.eu\/ro\/plugin-uri-module-dropshipping\/square-online-integrarea-fluxului-cu-furnizorul\/\" \/>\n<meta property=\"og:locale\" content=\"ro_RO\" \/>\n<meta property=\"og:type\" content=\"article\" \/>\n<meta property=\"og:title\" content=\"Square Online - integrarea fluxului cu furnizorul\" \/>\n<meta property=\"og:description\" content=\"Ave\u021bi un magazin pe Square Online \u0219i dori\u021bi s\u0103 vinde\u021bi produse de la un furnizor la alegere? Familiariza\u021bi-v\u0103 cu oferta noastr\u0103.\" \/>\n<meta property=\"og:url\" content=\"https:\/\/megamo.eu\/ro\/plugin-uri-module-dropshipping\/square-online-integrarea-fluxului-cu-furnizorul\/\" \/>\n<meta property=\"og:site_name\" content=\"megamo.eu\" \/>\n<meta property=\"article:publisher\" content=\"https:\/\/www.facebook.com\/megamoeu\" \/>\n<meta property=\"article:modified_time\" content=\"2025-12-16T09:10:44+00:00\" \/>\n<meta name=\"twitter:card\" content=\"summary_large_image\" \/>\n<meta name=\"twitter:label1\" content=\"Timp estimat pentru citire\" \/>\n\t<meta name=\"twitter:data1\" content=\"2 minute\" \/>\n<script type=\"application\/ld+json\" class=\"yoast-schema-graph\">{\"@context\":\"https:\/\/schema.org\",\"@graph\":[{\"@type\":\"WebPage\",\"@id\":\"https:\/\/megamo.eu\/ro\/plugin-uri-module-dropshipping\/square-online-integrarea-fluxului-cu-furnizorul\/\",\"url\":\"https:\/\/megamo.eu\/ro\/plugin-uri-module-dropshipping\/square-online-integrarea-fluxului-cu-furnizorul\/\",\"name\":\"Square Online - integrarea fluxului cu furnizorul\",\"isPartOf\":{\"@id\":\"https:\/\/megamo.eu\/ro\/#website\"},\"datePublished\":\"2024-02-23T12:59:09+00:00\",\"dateModified\":\"2025-12-16T09:10:44+00:00\",\"description\":\"Ave\u021bi un magazin pe Square Online \u0219i dori\u021bi s\u0103 vinde\u021bi produse de la un furnizor la alegere? Familiariza\u021bi-v\u0103 cu oferta noastr\u0103.\",\"breadcrumb\":{\"@id\":\"https:\/\/megamo.eu\/ro\/plugin-uri-module-dropshipping\/square-online-integrarea-fluxului-cu-furnizorul\/#breadcrumb\"},\"inLanguage\":\"ro-RO\",\"potentialAction\":[{\"@type\":\"ReadAction\",\"target\":[\"https:\/\/megamo.eu\/ro\/plugin-uri-module-dropshipping\/square-online-integrarea-fluxului-cu-furnizorul\/\"]}]},{\"@type\":\"BreadcrumbList\",\"@id\":\"https:\/\/megamo.eu\/ro\/plugin-uri-module-dropshipping\/square-online-integrarea-fluxului-cu-furnizorul\/#breadcrumb\",\"itemListElement\":[{\"@type\":\"ListItem\",\"position\":1,\"name\":\"Home\",\"item\":\"https:\/\/megamo.eu\/ro\/\"},{\"@type\":\"ListItem\",\"position\":2,\"name\":\"Plugin-uri, module dropshipping\",\"item\":\"https:\/\/megamo.eu\/ro\/plugin-uri-module-dropshipping\/\"},{\"@type\":\"ListItem\",\"position\":3,\"name\":\"Square Online &#8211; integrarea fluxului cu furnizorul\"}]},{\"@type\":\"WebSite\",\"@id\":\"https:\/\/megamo.eu\/ro\/#website\",\"url\":\"https:\/\/megamo.eu\/ro\/\",\"name\":\"megamo.eu\",\"description\":\"megamo.eu\",\"publisher\":{\"@id\":\"https:\/\/megamo.eu\/ro\/#organization\"},\"potentialAction\":[{\"@type\":\"SearchAction\",\"target\":{\"@type\":\"EntryPoint\",\"urlTemplate\":\"https:\/\/megamo.eu\/ro\/?s={search_term_string}\"},\"query-input\":{\"@type\":\"PropertyValueSpecification\",\"valueRequired\":true,\"valueName\":\"search_term_string\"}}],\"inLanguage\":\"ro-RO\"},{\"@type\":\"Organization\",\"@id\":\"https:\/\/megamo.eu\/ro\/#organization\",\"name\":\"Megamo\",\"alternateName\":\"mgo\",\"url\":\"https:\/\/megamo.eu\/ro\/\",\"logo\":{\"@type\":\"ImageObject\",\"inLanguage\":\"ro-RO\",\"@id\":\"https:\/\/megamo.eu\/ro\/#\/schema\/logo\/image\/\",\"url\":\"https:\/\/megamo.eu\/wp-content\/uploads\/2024\/02\/logo_small.png\",\"contentUrl\":\"https:\/\/megamo.eu\/wp-content\/uploads\/2024\/02\/logo_small.png\",\"width\":300,\"height\":113,\"caption\":\"Megamo\"},\"image\":{\"@id\":\"https:\/\/megamo.eu\/ro\/#\/schema\/logo\/image\/\"},\"sameAs\":[\"https:\/\/www.facebook.com\/megamoeu\",\"https:\/\/www.youtube.com\/@Megamo_en\"]}]}<\/script>\n<!-- \/ Yoast SEO Premium plugin. -->","yoast_head_json":{"title":"Square Online - integrarea fluxului cu furnizorul","description":"Ave\u021bi un magazin pe Square Online \u0219i dori\u021bi s\u0103 vinde\u021bi produse de la un furnizor la alegere? Familiariza\u021bi-v\u0103 cu oferta noastr\u0103.","robots":{"index":"index","follow":"follow","max-snippet":"max-snippet:-1","max-image-preview":"max-image-preview:large","max-video-preview":"max-video-preview:-1"},"canonical":"https:\/\/megamo.eu\/ro\/plugin-uri-module-dropshipping\/square-online-integrarea-fluxului-cu-furnizorul\/","og_locale":"ro_RO","og_type":"article","og_title":"Square Online - integrarea fluxului cu furnizorul","og_description":"Ave\u021bi un magazin pe Square Online \u0219i dori\u021bi s\u0103 vinde\u021bi produse de la un furnizor la alegere? Familiariza\u021bi-v\u0103 cu oferta noastr\u0103.","og_url":"https:\/\/megamo.eu\/ro\/plugin-uri-module-dropshipping\/square-online-integrarea-fluxului-cu-furnizorul\/","og_site_name":"megamo.eu","article_publisher":"https:\/\/www.facebook.com\/megamoeu","article_modified_time":"2025-12-16T09:10:44+00:00","twitter_card":"summary_large_image","twitter_misc":{"Timp estimat pentru citire":"2 minute"},"schema":{"@context":"https:\/\/schema.org","@graph":[{"@type":"WebPage","@id":"https:\/\/megamo.eu\/ro\/plugin-uri-module-dropshipping\/square-online-integrarea-fluxului-cu-furnizorul\/","url":"https:\/\/megamo.eu\/ro\/plugin-uri-module-dropshipping\/square-online-integrarea-fluxului-cu-furnizorul\/","name":"Square Online - integrarea fluxului cu furnizorul","isPartOf":{"@id":"https:\/\/megamo.eu\/ro\/#website"},"datePublished":"2024-02-23T12:59:09+00:00","dateModified":"2025-12-16T09:10:44+00:00","description":"Ave\u021bi un magazin pe Square Online \u0219i dori\u021bi s\u0103 vinde\u021bi produse de la un furnizor la alegere? Familiariza\u021bi-v\u0103 cu oferta noastr\u0103.","breadcrumb":{"@id":"https:\/\/megamo.eu\/ro\/plugin-uri-module-dropshipping\/square-online-integrarea-fluxului-cu-furnizorul\/#breadcrumb"},"inLanguage":"ro-RO","potentialAction":[{"@type":"ReadAction","target":["https:\/\/megamo.eu\/ro\/plugin-uri-module-dropshipping\/square-online-integrarea-fluxului-cu-furnizorul\/"]}]},{"@type":"BreadcrumbList","@id":"https:\/\/megamo.eu\/ro\/plugin-uri-module-dropshipping\/square-online-integrarea-fluxului-cu-furnizorul\/#breadcrumb","itemListElement":[{"@type":"ListItem","position":1,"name":"Home","item":"https:\/\/megamo.eu\/ro\/"},{"@type":"ListItem","position":2,"name":"Plugin-uri, module dropshipping","item":"https:\/\/megamo.eu\/ro\/plugin-uri-module-dropshipping\/"},{"@type":"ListItem","position":3,"name":"Square Online &#8211; integrarea fluxului cu furnizorul"}]},{"@type":"WebSite","@id":"https:\/\/megamo.eu\/ro\/#website","url":"https:\/\/megamo.eu\/ro\/","name":"megamo.eu","description":"megamo.eu","publisher":{"@id":"https:\/\/megamo.eu\/ro\/#organization"},"potentialAction":[{"@type":"SearchAction","target":{"@type":"EntryPoint","urlTemplate":"https:\/\/megamo.eu\/ro\/?s={search_term_string}"},"query-input":{"@type":"PropertyValueSpecification","valueRequired":true,"valueName":"search_term_string"}}],"inLanguage":"ro-RO"},{"@type":"Organization","@id":"https:\/\/megamo.eu\/ro\/#organization","name":"Megamo","alternateName":"mgo","url":"https:\/\/megamo.eu\/ro\/","logo":{"@type":"ImageObject","inLanguage":"ro-RO","@id":"https:\/\/megamo.eu\/ro\/#\/schema\/logo\/image\/","url":"https:\/\/megamo.eu\/wp-content\/uploads\/2024\/02\/logo_small.png","contentUrl":"https:\/\/megamo.eu\/wp-content\/uploads\/2024\/02\/logo_small.png","width":300,"height":113,"caption":"Megamo"},"image":{"@id":"https:\/\/megamo.eu\/ro\/#\/schema\/logo\/image\/"},"sameAs":["https:\/\/www.facebook.com\/megamoeu","https:\/\/www.youtube.com\/@Megamo_en"]}]}},"_links":{"self":[{"href":"https:\/\/megamo.eu\/ro\/wp-json\/wp\/v2\/pages\/57630"}],"collection":[{"href":"https:\/\/megamo.eu\/ro\/wp-json\/wp\/v2\/pages"}],"about":[{"href":"https:\/\/megamo.eu\/ro\/wp-json\/wp\/v2\/types\/page"}],"author":[{"embeddable":true,"href":"https:\/\/megamo.eu\/ro\/wp-json\/wp\/v2\/users\/2"}],"replies":[{"embeddable":true,"href":"https:\/\/megamo.eu\/ro\/wp-json\/wp\/v2\/comments?post=57630"}],"version-history":[{"count":4,"href":"https:\/\/megamo.eu\/ro\/wp-json\/wp\/v2\/pages\/57630\/revisions"}],"predecessor-version":[{"id":63801,"href":"https:\/\/megamo.eu\/ro\/wp-json\/wp\/v2\/pages\/57630\/revisions\/63801"}],"up":[{"embeddable":true,"href":"https:\/\/megamo.eu\/ro\/wp-json\/wp\/v2\/pages\/47634"}],"wp:attachment":[{"href":"https:\/\/megamo.eu\/ro\/wp-json\/wp\/v2\/media?parent=57630"}],"curies":[{"name":"wp","href":"https:\/\/api.w.org\/{rel}","templated":true}]}}