{"id":47691,"date":"2024-02-19T15:08:31","date_gmt":"2024-02-19T14:08:31","guid":{"rendered":"https:\/\/megamo.eu\/translation-of-supplier-files\/"},"modified":"2025-10-09T14:51:55","modified_gmt":"2025-10-09T12:51:55","slug":"traducerea-fisierelor-furnizorilor","status":"publish","type":"page","link":"https:\/\/megamo.eu\/ro\/traducerea-fisierelor-furnizorilor\/","title":{"rendered":"Traducerea fi\u0219ierelor furnizorilor"},"content":{"rendered":"\n\t<div id=\"gap-589063499\" class=\"gap-element clearfix\" style=\"display:block; height:auto;\">\n\t\t\n<style>\n#gap-589063499 {\n  padding-top: 60px;\n}\n<\/style>\n\t<\/div>\n\t\n\n\t<section class=\"section\" id=\"section_1260108408\">\n\t\t<div class=\"bg section-bg fill bg-fill  bg-loaded\" >\n\n\t\t\t\n\t\t\t\n\t\t\t\n\n\t\t<\/div>\n\n\t\t\n\n\t\t<div class=\"section-content relative\">\n\t\t\t\n\n<div class=\"row align-middle\"  id=\"row-1275679401\">\n\n\n\t<div id=\"col-1221957327\" class=\"col medium-6 small-12 large-6 small-col-first\"  >\n\t\t\t\t<div class=\"col-inner\"  >\n\t\t\t\n\t\t\t\n\n\t<div class=\"img has-hover x md-x lg-x y md-y lg-y\" id=\"image_415493469\">\n\t\t\t\t\t\t\t\t<div class=\"img-inner dark\" >\n\t\t\t<img loading=\"lazy\" decoding=\"async\" width=\"700\" height=\"467\" src=\"https:\/\/megamo.eu\/wp-content\/uploads\/2024\/02\/translate_xml_csv_colors.webp\" class=\"attachment-original size-original\" alt=\"\" srcset=\"https:\/\/megamo.eu\/wp-content\/uploads\/2024\/02\/translate_xml_csv_colors.webp 700w, https:\/\/megamo.eu\/wp-content\/uploads\/2024\/02\/translate_xml_csv_colors-600x400.webp 600w\" sizes=\"(max-width: 700px) 100vw, 700px\" \/>\t\t\t\t\t\t\n\t\t\t\t\t<\/div>\n\t\t\t\t\t\t\t\t\n<style>\n#image_415493469 {\n  width: 100%;\n}\n<\/style>\n\t<\/div>\n\t\n\n\n\t\t<\/div>\n\t\t\t\t\t<\/div>\n\n\t\n\n\t<div id=\"col-1964810767\" class=\"col medium-6 small-12 large-6\"  >\n\t\t\t\t<div class=\"col-inner text-center\"  >\n\t\t\t\n\t\t\t\n\n\t<div id=\"text-2934627122\" class=\"text\">\n\t\t\n\n<h1>Traducerea fi\u0219ierelor furnizorilor din XML, CSV \u00een limba magazinului t\u0103u!<\/h1>\n\t\t\n<style>\n#text-2934627122 {\n  font-size: 1.3rem;\n  text-align: center;\n}\n@media (min-width:550px) {\n  #text-2934627122 {\n    text-align: center;\n  }\n}\n<\/style>\n\t<\/div>\n\t\n\t<div id=\"text-323128200\" class=\"text\">\n\t\t\n\n<p><b>Traducerea fi\u0219ierelor furnizorilor<\/b><\/p>\n\t\t\n<style>\n#text-323128200 {\n  font-size: 1.1rem;\n  text-align: center;\n  color: rgb(254, 94, 8);\n}\n#text-323128200 > * {\n  color: rgb(254, 94, 8);\n}\n@media (min-width:550px) {\n  #text-323128200 {\n    text-align: center;\n  }\n}\n<\/style>\n\t<\/div>\n\t\n\t<div id=\"text-3169184812\" class=\"text\">\n\t\t\n\n<p>\u00cent\u00e2mpini dificult\u0103\u021bi pentru c\u0103 fi\u0219ierul en-gros nu este \u00een limba magazinului t\u0103u? <b>Nu mai este o problem\u0103 pentru noi!<\/b><\/p>\n<p>Traducerile noastre nu sunt doar corecte lingvistic; ele sunt \u0219i adaptate cerin\u021belor specifice ale industriei \u0219i comer\u021bului online.<\/p>\n<p>Aleg\u00e2nd serviciul nostru, alegi expertiz\u0103, acurate\u021be \u0219i vitez\u0103. <b>Propulseaz\u0103-\u021bi afacerea la nivel interna\u021bional cu traduceri de top pentru fi\u0219ierele XML \u0219i CSV ale depozitului.<\/b> Completeaz\u0103 chestionarul \u0219i suntem gata s\u0103 debloc\u0103m poten\u021bialul vast al proiectului t\u0103u online!<\/p>\n\t\t\n<style>\n#text-3169184812 {\n  text-align: center;\n}\n@media (min-width:550px) {\n  #text-3169184812 {\n    text-align: center;\n  }\n}\n<\/style>\n\t<\/div>\n\t\n\n\t\t<\/div>\n\t\t\t\t\t<\/div>\n\n\t\n\n<\/div>\n\n\t\t<\/div>\n\n\t\t\n<style>\n#section_1260108408 {\n  padding-top: 30px;\n  padding-bottom: 30px;\n}\n<\/style>\n\t<\/section>\n\t\n\t<div id=\"gap-1016481536\" class=\"gap-element clearfix\" style=\"display:block; height:auto;\">\n\t\t\n<style>\n#gap-1016481536 {\n  padding-top: 80px;\n}\n<\/style>\n\t<\/div>\n\t\n\n\t<section class=\"section\" id=\"section_1456371310\">\n\t\t<div class=\"bg section-bg fill bg-fill  bg-loaded\" >\n\n\t\t\t\n\t\t\t\n\t\t\t\n\n\t\t<\/div>\n\n\t\t\n\n\t\t<div class=\"section-content relative\">\n\t\t\t\n\n<div class=\"row\"  id=\"row-737424593\">\n\n\n\t<div id=\"col-833552906\" class=\"col small-12 large-12\"  >\n\t\t\t\t<div class=\"col-inner\"  >\n\t\t\t\n\t\t\t\n\n\t<div id=\"text-2445315828\" class=\"text\">\n\t\t\n\n<h2>DEOSEBE\u0218TE-\u021aI MAGAZINUL DE CONCUREN\u021a\u0102<\/h2>\n\t\t\n<style>\n#text-2445315828 {\n  font-size: 1.2rem;\n  text-align: center;\n}\n<\/style>\n\t<\/div>\n\t\n\t<div id=\"gap-1033405245\" class=\"gap-element clearfix\" style=\"display:block; height:auto;\">\n\t\t\n<style>\n#gap-1033405245 {\n  padding-top: 40px;\n}\n<\/style>\n\t<\/div>\n\t\n\n<div class=\"row\"  id=\"row-2050341196\">\n\n\n\t<div id=\"col-1423367545\" class=\"col medium-6 small-12 large-6\"  >\n\t\t\t\t<div class=\"col-inner\"  >\n\t\t\t\n\t\t\t\n\n\n\n<div style=\"border-left: 4px #fe5e08 solid; padding-left: 20px\">\n<h2 style=\"color: #fe5e08;\">Traduceri unice<\/h2><h3>Pentru importuri de produse<\/h3><p>Traducerile unice ofer\u0103 o abordare personalizat\u0103 \u0219i flexibil\u0103, perfect\u0103 pentru companiile cu nevoi fluctuante. Fie c\u0103 intri pe pie\u021be noi, lansezi colec\u021bii de produse sau vrei s\u0103 adaptezi con\u021binutul pentru audien\u021be regionale, serviciile noastre \u201eone-off\u201d sunt o solu\u021bie strategic\u0103 pentru cerin\u021bele tale diverse.<\/p>\n<\/div>\n\n\n\n<div style=\"border-left: 4px #089de3 solid; padding-left: 20px\">\n<h2 style=\"color: #089de3;\">Traduceri automatizate (recurente)<\/h2><h3>Pentru actualiz\u0103ri\/importuri continue<\/h3><p>Oferim \u0219i servicii de traducere automatizat\u0103, concepute pentru actualizarea continu\u0103 a con\u021binutului din documentele furnizorului. Este solu\u021bia potrivit\u0103 pentru afacerile care urm\u0103resc coeren\u021b\u0103 permanent\u0103 pe m\u0103sur\u0103 ce apar nout\u0103\u021bi. Produsele noi ad\u0103ugate de furnizor sunt traduse automat, astfel \u00eenc\u00e2t con\u021binutul t\u0103u r\u0103m\u00e2ne actualizat \u0219i consecvent.<\/p>\n<\/div>\n\n\n\t\t<\/div>\n\t\t\t\t\t<\/div>\n\n\t\n\n\t<div id=\"col-1323206091\" class=\"col medium-6 small-12 large-6\"  >\n\t\t\t\t<div class=\"col-inner text-center\"  >\n\t\t\t\n\t<div class=\"is-border\"\n\t\tstyle=\"border-color:rgb(192, 192, 192);border-radius:15px;border-width:1px 1px 1px 1px;\">\n\t<\/div>\n\t\t\t\n\n\t<div id=\"text-3163700083\" class=\"text\">\n\t\t\n\n<p>TRADUCERI DE FI\u0218IERE<\/p>\n\t\t\n<style>\n#text-3163700083 {\n  font-size: 1.3rem;\n  text-align: center;\n}\n<\/style>\n\t<\/div>\n\t\n\t<div class=\"img has-hover x md-x lg-x y md-y lg-y\" id=\"image_226680523\">\n\t\t\t\t\t\t\t\t<div class=\"img-inner dark\" style=\"margin:10px 0px 20px 0px;\">\n\t\t\t<img loading=\"lazy\" decoding=\"async\" width=\"700\" height=\"467\" src=\"https:\/\/megamo.eu\/wp-content\/uploads\/2024\/02\/translate_small_colors.webp\" class=\"attachment-original size-original\" alt=\"\" srcset=\"https:\/\/megamo.eu\/wp-content\/uploads\/2024\/02\/translate_small_colors.webp 700w, https:\/\/megamo.eu\/wp-content\/uploads\/2024\/02\/translate_small_colors-600x400.webp 600w\" sizes=\"(max-width: 700px) 100vw, 700px\" \/>\t\t\t\t\t\t\n\t\t\t\t\t<\/div>\n\t\t\t\t\t\t\t\t\n<style>\n#image_226680523 {\n  width: 35%;\n}\n<\/style>\n\t<\/div>\n\t\n\n\t<div id=\"text-727428004\" class=\"text\">\n\t\t\n\n<p style=\"margin-bottom:0;\">completeaz\u0103 formularul<\/p>\n\t\t\n<style>\n#text-727428004 {\n  font-size: 2.4rem;\n  text-align: center;\n}\n<\/style>\n\t<\/div>\n\t\n\t<div id=\"text-3841493516\" class=\"text\">\n\t\t\n\n<p style=\"margin-bottom: 35px;\">ofertare individual\u0103<\/p>\n\t\t\n<style>\n#text-3841493516 {\n  font-size: 1.3rem;\n}\n<\/style>\n\t<\/div>\n\t\n\n\n<a class=\"button primary\" href=\"https:\/\/forms.clickup.com\/9012257574\/f\/8cjr8t6-7832\/2F6PW6MFATF81QNHJP\" target=\"_blank\" rel=\"noopener\">Comand\u0103<\/a>\n\n\t<div id=\"gap-398980190\" class=\"gap-element clearfix\" style=\"display:block; height:auto;\">\n\t\t\n<style>\n#gap-398980190 {\n  padding-top: 35px;\n}\n<\/style>\n\t<\/div>\n\t\n\n<div class=\"row\"  id=\"row-826014437\">\n\n\n\t<div id=\"col-1346977428\" class=\"col small-12 large-12\"  >\n\t\t\t\t<div class=\"col-inner text-left\"  >\n\t\t\t\n\t\t\t\n\n<h3 class=\"accordion_title\">GARANT\u0102M:<\/h3><div class=\"accordion\">\n\n\t<div id=\"accordion-912261950\" class=\"accordion-item\">\n\t\t<a id=\"accordion-912261950-label\" class=\"accordion-title plain\" href=\"#accordion-item-vitez\u0103-de-livrare\" aria-expanded=\"false\" aria-controls=\"accordion-912261950-content\" >\n\t\t\t<button class=\"toggle\" aria-label=\"Toggle\"><i class=\"icon-angle-down\"><\/i><\/button>\n\t\t\t<span>Vitez\u0103 de livrare<\/span>\n\t\t<\/a>\n\t\t<div id=\"accordion-912261950-content\" class=\"accordion-inner\" aria-labelledby=\"accordion-912261950-label\" >\n\t\t\t\n\n<p>Promitem o execu\u021bie rapid\u0103 a proiectului t\u0103u. Dup\u0103 completarea chestionarului \u0219i furnizarea documenta\u021biei necesare, \u00eencepem imediat traducerile.<\/p>\n\n\t\t<\/div>\n\t<\/div>\n\t\n\t<div id=\"accordion-3642079822\" class=\"accordion-item\">\n\t\t<a id=\"accordion-3642079822-label\" class=\"accordion-title plain\" href=\"#accordion-item-traduceri-de-\u00eenalt\u0103-calitate\" aria-expanded=\"false\" aria-controls=\"accordion-3642079822-content\" >\n\t\t\t<button class=\"toggle\" aria-label=\"Toggle\"><i class=\"icon-angle-down\"><\/i><\/button>\n\t\t\t<span>Traduceri de \u00eenalt\u0103 calitate<\/span>\n\t\t<\/a>\n\t\t<div id=\"accordion-3642079822-content\" class=\"accordion-inner\" aria-labelledby=\"accordion-3642079822-label\" >\n\t\t\t\n\n<p>Prioritiz\u0103m at\u00e2t livrarea rapid\u0103, c\u00e2t \u0219i calitatea superioar\u0103 a traducerii. Ne concentr\u0103m pe acurate\u021be, coeziune \u0219i adecvare la contextul specific al industriei.<\/p>\n\n\t\t<\/div>\n\t<\/div>\n\t\n\t<div id=\"accordion-1878826029\" class=\"accordion-item\">\n\t\t<a id=\"accordion-1878826029-label\" class=\"accordion-title plain\" href=\"#accordion-item-control-al-calit\u0103\u021bii\" aria-expanded=\"false\" aria-controls=\"accordion-1878826029-content\" >\n\t\t\t<button class=\"toggle\" aria-label=\"Toggle\"><i class=\"icon-angle-down\"><\/i><\/button>\n\t\t\t<span>Control al calit\u0103\u021bii<\/span>\n\t\t<\/a>\n\t\t<div id=\"accordion-1878826029-content\" class=\"accordion-inner\" aria-labelledby=\"accordion-1878826029-label\" >\n\t\t\t\n\n<p>Chiar dac\u0103 procesul este automatizat, men\u021binem un standard ridicat de calitate. Folosim instrumente avansate care analizeaz\u0103 contextul, asigur\u00e2nd traduceri consecvente \u0219i precise.<\/p>\n\n\t\t<\/div>\n\t<\/div>\n\t\n\t<div id=\"accordion-950908953\" class=\"accordion-item\">\n\t\t<a id=\"accordion-950908953-label\" class=\"accordion-title plain\" href=\"#accordion-item-actualizare-rapid\u0103\" aria-expanded=\"false\" aria-controls=\"accordion-950908953-content\" >\n\t\t\t<button class=\"toggle\" aria-label=\"Toggle\"><i class=\"icon-angle-down\"><\/i><\/button>\n\t\t\t<span>Actualizare rapid\u0103<\/span>\n\t\t<\/a>\n\t\t<div id=\"accordion-950908953-content\" class=\"accordion-inner\" aria-labelledby=\"accordion-950908953-label\" >\n\t\t\t\n\n<p>Aleg\u00e2nd traduceri automate, beneficiezi de actualiz\u0103ri rapide ce se adapteaz\u0103 modific\u0103rilor din fi\u0219iere. Este esen\u021bial pentru a \u021bine pasul cu actualiz\u0103rile frecvente ale gamei de produse a furnizorului.<\/p>\n\n\t\t<\/div>\n\t<\/div>\n\t\n\t<div id=\"accordion-307240137\" class=\"accordion-item\">\n\t\t<a id=\"accordion-307240137-label\" class=\"accordion-title plain\" href=\"#accordion-item-monitorizarea-eficien\u021bei\" aria-expanded=\"false\" aria-controls=\"accordion-307240137-content\" >\n\t\t\t<button class=\"toggle\" aria-label=\"Toggle\"><i class=\"icon-angle-down\"><\/i><\/button>\n\t\t\t<span>Monitorizarea eficien\u021bei<\/span>\n\t\t<\/a>\n\t\t<div id=\"accordion-307240137-content\" class=\"accordion-inner\" aria-labelledby=\"accordion-307240137-label\" >\n\t\t\t\n\n<p>Pe parcursul procesului de traducere, monitoriz\u0103m activ progresul. Scopul nostru este s\u0103 oferim cea mai bun\u0103 calitate \u00eentr-un timp c\u00e2t mai scurt.<\/p>\n\n\t\t<\/div>\n\t<\/div>\n\t\n\n<\/div>\n\n\t\t<\/div>\n\t\t\t\t\t<\/div>\n\n\t\n\n<\/div>\n\n\t\t<\/div>\n\t\t\t\t\n<style>\n#col-1323206091 > .col-inner {\n  padding: 30px 30px 30px 30px;\n}\n<\/style>\n\t<\/div>\n\n\t\n\n<\/div>\n\n\t\t<\/div>\n\t\t\t\t\t<\/div>\n\n\t\n\n<\/div>\n\n\t\t<\/div>\n\n\t\t\n<style>\n#section_1456371310 {\n  padding-top: 0px;\n  padding-bottom: 0px;\n}\n<\/style>\n\t<\/section>\n\t\n","protected":false},"excerpt":{"rendered":"","protected":false},"author":2,"featured_media":0,"parent":0,"menu_order":0,"comment_status":"closed","ping_status":"closed","template":"","meta":{"_lmt_disableupdate":"","_lmt_disable":"","footnotes":""},"yoast_head":"<!-- This site is optimized with the Yoast SEO Premium plugin v21.8 (Yoast SEO v23.5) - https:\/\/yoast.com\/wordpress\/plugins\/seo\/ -->\n<title>Traducerea fi\u0219ierelor furnizorilor<\/title>\n<meta name=\"description\" content=\"Traducerile noastre nu sunt doar precise din punct de vedere lingvistic; sunt \u0219i personalizate pentru a se adapta nevoilor specifice din comer\u021bul online.\" \/>\n<meta name=\"robots\" content=\"index, follow, max-snippet:-1, max-image-preview:large, max-video-preview:-1\" \/>\n<link rel=\"canonical\" href=\"https:\/\/megamo.eu\/ro\/traducerea-fisierelor-furnizorilor\/\" \/>\n<meta property=\"og:locale\" content=\"ro_RO\" \/>\n<meta property=\"og:type\" content=\"article\" \/>\n<meta property=\"og:title\" content=\"Traducerea fi\u0219ierelor furnizorilor\" \/>\n<meta property=\"og:description\" content=\"Traducerile noastre nu sunt doar precise din punct de vedere lingvistic; sunt \u0219i personalizate pentru a se adapta nevoilor specifice din comer\u021bul online.\" \/>\n<meta property=\"og:url\" content=\"https:\/\/megamo.eu\/ro\/traducerea-fisierelor-furnizorilor\/\" \/>\n<meta property=\"og:site_name\" content=\"megamo.eu\" \/>\n<meta property=\"article:publisher\" content=\"https:\/\/www.facebook.com\/megamoeu\" \/>\n<meta property=\"article:modified_time\" content=\"2025-10-09T12:51:55+00:00\" \/>\n<meta name=\"twitter:card\" content=\"summary_large_image\" \/>\n<meta name=\"twitter:label1\" content=\"Timp estimat pentru citire\" \/>\n\t<meta name=\"twitter:data1\" content=\"4 minute\" \/>\n<script type=\"application\/ld+json\" class=\"yoast-schema-graph\">{\"@context\":\"https:\/\/schema.org\",\"@graph\":[{\"@type\":\"WebPage\",\"@id\":\"https:\/\/megamo.eu\/ro\/traducerea-fisierelor-furnizorilor\/\",\"url\":\"https:\/\/megamo.eu\/ro\/traducerea-fisierelor-furnizorilor\/\",\"name\":\"Traducerea fi\u0219ierelor furnizorilor\",\"isPartOf\":{\"@id\":\"https:\/\/megamo.eu\/ro\/#website\"},\"datePublished\":\"2024-02-19T14:08:31+00:00\",\"dateModified\":\"2025-10-09T12:51:55+00:00\",\"description\":\"Traducerile noastre nu sunt doar precise din punct de vedere lingvistic; sunt \u0219i personalizate pentru a se adapta nevoilor specifice din comer\u021bul online.\",\"breadcrumb\":{\"@id\":\"https:\/\/megamo.eu\/ro\/traducerea-fisierelor-furnizorilor\/#breadcrumb\"},\"inLanguage\":\"ro-RO\",\"potentialAction\":[{\"@type\":\"ReadAction\",\"target\":[\"https:\/\/megamo.eu\/ro\/traducerea-fisierelor-furnizorilor\/\"]}]},{\"@type\":\"BreadcrumbList\",\"@id\":\"https:\/\/megamo.eu\/ro\/traducerea-fisierelor-furnizorilor\/#breadcrumb\",\"itemListElement\":[{\"@type\":\"ListItem\",\"position\":1,\"name\":\"Home\",\"item\":\"https:\/\/megamo.eu\/ro\/\"},{\"@type\":\"ListItem\",\"position\":2,\"name\":\"Traducerea fi\u0219ierelor furnizorilor\"}]},{\"@type\":\"WebSite\",\"@id\":\"https:\/\/megamo.eu\/ro\/#website\",\"url\":\"https:\/\/megamo.eu\/ro\/\",\"name\":\"megamo.eu\",\"description\":\"megamo.eu\",\"publisher\":{\"@id\":\"https:\/\/megamo.eu\/ro\/#organization\"},\"potentialAction\":[{\"@type\":\"SearchAction\",\"target\":{\"@type\":\"EntryPoint\",\"urlTemplate\":\"https:\/\/megamo.eu\/ro\/?s={search_term_string}\"},\"query-input\":{\"@type\":\"PropertyValueSpecification\",\"valueRequired\":true,\"valueName\":\"search_term_string\"}}],\"inLanguage\":\"ro-RO\"},{\"@type\":\"Organization\",\"@id\":\"https:\/\/megamo.eu\/ro\/#organization\",\"name\":\"Megamo\",\"alternateName\":\"mgo\",\"url\":\"https:\/\/megamo.eu\/ro\/\",\"logo\":{\"@type\":\"ImageObject\",\"inLanguage\":\"ro-RO\",\"@id\":\"https:\/\/megamo.eu\/ro\/#\/schema\/logo\/image\/\",\"url\":\"https:\/\/megamo.eu\/wp-content\/uploads\/2024\/02\/logo_small.png\",\"contentUrl\":\"https:\/\/megamo.eu\/wp-content\/uploads\/2024\/02\/logo_small.png\",\"width\":300,\"height\":113,\"caption\":\"Megamo\"},\"image\":{\"@id\":\"https:\/\/megamo.eu\/ro\/#\/schema\/logo\/image\/\"},\"sameAs\":[\"https:\/\/www.facebook.com\/megamoeu\",\"https:\/\/www.youtube.com\/@Megamo_en\"]}]}<\/script>\n<!-- \/ Yoast SEO Premium plugin. -->","yoast_head_json":{"title":"Traducerea fi\u0219ierelor furnizorilor","description":"Traducerile noastre nu sunt doar precise din punct de vedere lingvistic; sunt \u0219i personalizate pentru a se adapta nevoilor specifice din comer\u021bul online.","robots":{"index":"index","follow":"follow","max-snippet":"max-snippet:-1","max-image-preview":"max-image-preview:large","max-video-preview":"max-video-preview:-1"},"canonical":"https:\/\/megamo.eu\/ro\/traducerea-fisierelor-furnizorilor\/","og_locale":"ro_RO","og_type":"article","og_title":"Traducerea fi\u0219ierelor furnizorilor","og_description":"Traducerile noastre nu sunt doar precise din punct de vedere lingvistic; sunt \u0219i personalizate pentru a se adapta nevoilor specifice din comer\u021bul online.","og_url":"https:\/\/megamo.eu\/ro\/traducerea-fisierelor-furnizorilor\/","og_site_name":"megamo.eu","article_publisher":"https:\/\/www.facebook.com\/megamoeu","article_modified_time":"2025-10-09T12:51:55+00:00","twitter_card":"summary_large_image","twitter_misc":{"Timp estimat pentru citire":"4 minute"},"schema":{"@context":"https:\/\/schema.org","@graph":[{"@type":"WebPage","@id":"https:\/\/megamo.eu\/ro\/traducerea-fisierelor-furnizorilor\/","url":"https:\/\/megamo.eu\/ro\/traducerea-fisierelor-furnizorilor\/","name":"Traducerea fi\u0219ierelor furnizorilor","isPartOf":{"@id":"https:\/\/megamo.eu\/ro\/#website"},"datePublished":"2024-02-19T14:08:31+00:00","dateModified":"2025-10-09T12:51:55+00:00","description":"Traducerile noastre nu sunt doar precise din punct de vedere lingvistic; sunt \u0219i personalizate pentru a se adapta nevoilor specifice din comer\u021bul online.","breadcrumb":{"@id":"https:\/\/megamo.eu\/ro\/traducerea-fisierelor-furnizorilor\/#breadcrumb"},"inLanguage":"ro-RO","potentialAction":[{"@type":"ReadAction","target":["https:\/\/megamo.eu\/ro\/traducerea-fisierelor-furnizorilor\/"]}]},{"@type":"BreadcrumbList","@id":"https:\/\/megamo.eu\/ro\/traducerea-fisierelor-furnizorilor\/#breadcrumb","itemListElement":[{"@type":"ListItem","position":1,"name":"Home","item":"https:\/\/megamo.eu\/ro\/"},{"@type":"ListItem","position":2,"name":"Traducerea fi\u0219ierelor furnizorilor"}]},{"@type":"WebSite","@id":"https:\/\/megamo.eu\/ro\/#website","url":"https:\/\/megamo.eu\/ro\/","name":"megamo.eu","description":"megamo.eu","publisher":{"@id":"https:\/\/megamo.eu\/ro\/#organization"},"potentialAction":[{"@type":"SearchAction","target":{"@type":"EntryPoint","urlTemplate":"https:\/\/megamo.eu\/ro\/?s={search_term_string}"},"query-input":{"@type":"PropertyValueSpecification","valueRequired":true,"valueName":"search_term_string"}}],"inLanguage":"ro-RO"},{"@type":"Organization","@id":"https:\/\/megamo.eu\/ro\/#organization","name":"Megamo","alternateName":"mgo","url":"https:\/\/megamo.eu\/ro\/","logo":{"@type":"ImageObject","inLanguage":"ro-RO","@id":"https:\/\/megamo.eu\/ro\/#\/schema\/logo\/image\/","url":"https:\/\/megamo.eu\/wp-content\/uploads\/2024\/02\/logo_small.png","contentUrl":"https:\/\/megamo.eu\/wp-content\/uploads\/2024\/02\/logo_small.png","width":300,"height":113,"caption":"Megamo"},"image":{"@id":"https:\/\/megamo.eu\/ro\/#\/schema\/logo\/image\/"},"sameAs":["https:\/\/www.facebook.com\/megamoeu","https:\/\/www.youtube.com\/@Megamo_en"]}]}},"_links":{"self":[{"href":"https:\/\/megamo.eu\/ro\/wp-json\/wp\/v2\/pages\/47691"}],"collection":[{"href":"https:\/\/megamo.eu\/ro\/wp-json\/wp\/v2\/pages"}],"about":[{"href":"https:\/\/megamo.eu\/ro\/wp-json\/wp\/v2\/types\/page"}],"author":[{"embeddable":true,"href":"https:\/\/megamo.eu\/ro\/wp-json\/wp\/v2\/users\/2"}],"replies":[{"embeddable":true,"href":"https:\/\/megamo.eu\/ro\/wp-json\/wp\/v2\/comments?post=47691"}],"version-history":[{"count":3,"href":"https:\/\/megamo.eu\/ro\/wp-json\/wp\/v2\/pages\/47691\/revisions"}],"predecessor-version":[{"id":58417,"href":"https:\/\/megamo.eu\/ro\/wp-json\/wp\/v2\/pages\/47691\/revisions\/58417"}],"wp:attachment":[{"href":"https:\/\/megamo.eu\/ro\/wp-json\/wp\/v2\/media?parent=47691"}],"curies":[{"name":"wp","href":"https:\/\/api.w.org\/{rel}","templated":true}]}}