{"id":47689,"date":"2024-03-11T10:29:39","date_gmt":"2024-03-11T09:29:39","guid":{"rendered":"https:\/\/megamo.eu\/thank-you-for-placing-your-order\/"},"modified":"2025-10-09T14:53:44","modified_gmt":"2025-10-09T12:53:44","slug":"multumim-pentru-comanda","status":"publish","type":"page","link":"https:\/\/megamo.eu\/ro\/multumim-pentru-comanda\/","title":{"rendered":"Mul\u021bumim pentru comand\u0103"},"content":{"rendered":"\n\t<div id=\"gap-1336302168\" class=\"gap-element clearfix\" style=\"display:block; height:auto;\">\n\t\t\n<style>\n#gap-1336302168 {\n  padding-top: 60px;\n}\n<\/style>\n\t<\/div>\n\t\n\n\t<section class=\"section\" id=\"section_1218845255\">\n\t\t<div class=\"bg section-bg fill bg-fill  bg-loaded\" >\n\n\t\t\t\n\t\t\t\n\t\t\t\n\n\t\t<\/div>\n\n\t\t\n\n\t\t<div class=\"section-content relative\">\n\t\t\t\n\n<div class=\"row\"  id=\"row-1892835697\">\n\n\n\t<div id=\"col-333066676\" class=\"col small-12 large-12\"  >\n\t\t\t\t<div class=\"col-inner\"  >\n\t\t\t\n\t\t\t\n\n\t<div id=\"text-779648285\" class=\"text\">\n\t\t\n\n<h1>\u00ce\u021bi mul\u021bumim pentru comand\u0103!<\/h1>\n\t\t\n<style>\n#text-779648285 {\n  font-size: 1.3rem;\n  text-align: center;\n}\n<\/style>\n\t<\/div>\n\t\n\t<div id=\"gap-1420405143\" class=\"gap-element clearfix\" style=\"display:block; height:auto;\">\n\t\t\n<style>\n#gap-1420405143 {\n  padding-top: 30px;\n}\n<\/style>\n\t<\/div>\n\t\n\n\n\t\t<\/div>\n\t\t\t\t\t<\/div>\n\n\t\n\n<\/div>\n<div class=\"row\"  id=\"row-1397734420\">\n\n\n\t<div id=\"col-1881501447\" class=\"col small-12 large-12\"  >\n\t\t\t\t<div class=\"col-inner\" style=\"background-color:rgb(223, 240, 216);\" >\n\t\t\t\n\t<div class=\"is-border\"\n\t\tstyle=\"border-color:rgb(208, 233, 198);border-width:1px 1px 1px 1px;\">\n\t<\/div>\n\t\t\t\n\n\t<div id=\"text-3781338981\" class=\"text\">\n\t\t\n\n<h2 class=\"uppercase\"><strong>Totul este gata!<\/strong><\/h2>\n<h3>\u00ce\u021bi mul\u021bumim pentru \u00eencredere<\/h3>\n<p>Plata a fost acceptat\u0103. O confirmare a pl\u0103\u021bii va fi trimis\u0103 la adresa de e-mail furnizat\u0103.<\/p>\n<p>De \u00eendat\u0103 ce plata este \u00eenregistrat\u0103, vom \u00eencepe lucrul la comand\u0103.<\/p>\n\t\t\n<style>\n#text-3781338981 {\n  color: rgb(60, 118, 61);\n}\n#text-3781338981 > * {\n  color: rgb(60, 118, 61);\n}\n<\/style>\n\t<\/div>\n\t\n\n\t\t<\/div>\n\t\t\t\t\n<style>\n#col-1881501447 > .col-inner {\n  padding: 40px 40px 40px 40px;\n}\n<\/style>\n\t<\/div>\n\n\t\n\n<\/div>\n\n\t\t<\/div>\n\n\t\t\n<style>\n#section_1218845255 {\n  padding-top: 30px;\n  padding-bottom: 30px;\n}\n<\/style>\n\t<\/section>\n\t\n\t<div id=\"gap-2049511495\" class=\"gap-element clearfix\" style=\"display:block; height:auto;\">\n\t\t\n<style>\n#gap-2049511495 {\n  padding-top: 60px;\n}\n<\/style>\n\t<\/div>\n\t\n","protected":false},"excerpt":{"rendered":"","protected":false},"author":2,"featured_media":0,"parent":0,"menu_order":0,"comment_status":"closed","ping_status":"closed","template":"","meta":{"_lmt_disableupdate":"","_lmt_disable":"","footnotes":""},"yoast_head":"<!-- This site is optimized with the Yoast SEO Premium plugin v21.8 (Yoast SEO v23.5) - https:\/\/yoast.com\/wordpress\/plugins\/seo\/ -->\n<title>Mul\u021bumim pentru comand\u0103<\/title>\n<meta name=\"description\" content=\"Mul\u021bumim pentru comand\u0103! Suntem \u00eenc\u00e2nta\u021bi s\u0103 te avem la bord. Ai \u00eentreb\u0103ri? Echipa noastr\u0103 de suport este aici pentru a te ajuta!\" \/>\n<meta name=\"robots\" content=\"index, follow, max-snippet:-1, max-image-preview:large, max-video-preview:-1\" \/>\n<link rel=\"canonical\" href=\"https:\/\/megamo.eu\/ro\/multumim-pentru-comanda\/\" \/>\n<meta property=\"og:locale\" content=\"ro_RO\" \/>\n<meta property=\"og:type\" content=\"article\" \/>\n<meta property=\"og:title\" content=\"Mul\u021bumim pentru comand\u0103\" \/>\n<meta property=\"og:description\" content=\"Mul\u021bumim pentru comand\u0103! Suntem \u00eenc\u00e2nta\u021bi s\u0103 te avem la bord. Ai \u00eentreb\u0103ri? Echipa noastr\u0103 de suport este aici pentru a te ajuta!\" \/>\n<meta property=\"og:url\" content=\"https:\/\/megamo.eu\/ro\/multumim-pentru-comanda\/\" \/>\n<meta property=\"og:site_name\" content=\"megamo.eu\" \/>\n<meta property=\"article:publisher\" content=\"https:\/\/www.facebook.com\/megamoeu\" \/>\n<meta property=\"article:modified_time\" content=\"2025-10-09T12:53:44+00:00\" \/>\n<meta name=\"twitter:card\" content=\"summary_large_image\" \/>\n<meta name=\"twitter:label1\" content=\"Timp estimat pentru citire\" \/>\n\t<meta name=\"twitter:data1\" content=\"1 minut\" \/>\n<script type=\"application\/ld+json\" class=\"yoast-schema-graph\">{\"@context\":\"https:\/\/schema.org\",\"@graph\":[{\"@type\":\"WebPage\",\"@id\":\"https:\/\/megamo.eu\/ro\/multumim-pentru-comanda\/\",\"url\":\"https:\/\/megamo.eu\/ro\/multumim-pentru-comanda\/\",\"name\":\"Mul\u021bumim pentru comand\u0103\",\"isPartOf\":{\"@id\":\"https:\/\/megamo.eu\/ro\/#website\"},\"datePublished\":\"2024-03-11T09:29:39+00:00\",\"dateModified\":\"2025-10-09T12:53:44+00:00\",\"description\":\"Mul\u021bumim pentru comand\u0103! Suntem \u00eenc\u00e2nta\u021bi s\u0103 te avem la bord. Ai \u00eentreb\u0103ri? Echipa noastr\u0103 de suport este aici pentru a te ajuta!\",\"breadcrumb\":{\"@id\":\"https:\/\/megamo.eu\/ro\/multumim-pentru-comanda\/#breadcrumb\"},\"inLanguage\":\"ro-RO\",\"potentialAction\":[{\"@type\":\"ReadAction\",\"target\":[\"https:\/\/megamo.eu\/ro\/multumim-pentru-comanda\/\"]}]},{\"@type\":\"BreadcrumbList\",\"@id\":\"https:\/\/megamo.eu\/ro\/multumim-pentru-comanda\/#breadcrumb\",\"itemListElement\":[{\"@type\":\"ListItem\",\"position\":1,\"name\":\"Home\",\"item\":\"https:\/\/megamo.eu\/ro\/\"},{\"@type\":\"ListItem\",\"position\":2,\"name\":\"Mul\u021bumim pentru comand\u0103\"}]},{\"@type\":\"WebSite\",\"@id\":\"https:\/\/megamo.eu\/ro\/#website\",\"url\":\"https:\/\/megamo.eu\/ro\/\",\"name\":\"megamo.eu\",\"description\":\"megamo.eu\",\"publisher\":{\"@id\":\"https:\/\/megamo.eu\/ro\/#organization\"},\"potentialAction\":[{\"@type\":\"SearchAction\",\"target\":{\"@type\":\"EntryPoint\",\"urlTemplate\":\"https:\/\/megamo.eu\/ro\/?s={search_term_string}\"},\"query-input\":{\"@type\":\"PropertyValueSpecification\",\"valueRequired\":true,\"valueName\":\"search_term_string\"}}],\"inLanguage\":\"ro-RO\"},{\"@type\":\"Organization\",\"@id\":\"https:\/\/megamo.eu\/ro\/#organization\",\"name\":\"Megamo\",\"alternateName\":\"mgo\",\"url\":\"https:\/\/megamo.eu\/ro\/\",\"logo\":{\"@type\":\"ImageObject\",\"inLanguage\":\"ro-RO\",\"@id\":\"https:\/\/megamo.eu\/ro\/#\/schema\/logo\/image\/\",\"url\":\"https:\/\/megamo.eu\/wp-content\/uploads\/2024\/02\/logo_small.png\",\"contentUrl\":\"https:\/\/megamo.eu\/wp-content\/uploads\/2024\/02\/logo_small.png\",\"width\":300,\"height\":113,\"caption\":\"Megamo\"},\"image\":{\"@id\":\"https:\/\/megamo.eu\/ro\/#\/schema\/logo\/image\/\"},\"sameAs\":[\"https:\/\/www.facebook.com\/megamoeu\",\"https:\/\/www.youtube.com\/@Megamo_en\"]}]}<\/script>\n<!-- \/ Yoast SEO Premium plugin. -->","yoast_head_json":{"title":"Mul\u021bumim pentru comand\u0103","description":"Mul\u021bumim pentru comand\u0103! Suntem \u00eenc\u00e2nta\u021bi s\u0103 te avem la bord. Ai \u00eentreb\u0103ri? Echipa noastr\u0103 de suport este aici pentru a te ajuta!","robots":{"index":"index","follow":"follow","max-snippet":"max-snippet:-1","max-image-preview":"max-image-preview:large","max-video-preview":"max-video-preview:-1"},"canonical":"https:\/\/megamo.eu\/ro\/multumim-pentru-comanda\/","og_locale":"ro_RO","og_type":"article","og_title":"Mul\u021bumim pentru comand\u0103","og_description":"Mul\u021bumim pentru comand\u0103! Suntem \u00eenc\u00e2nta\u021bi s\u0103 te avem la bord. Ai \u00eentreb\u0103ri? Echipa noastr\u0103 de suport este aici pentru a te ajuta!","og_url":"https:\/\/megamo.eu\/ro\/multumim-pentru-comanda\/","og_site_name":"megamo.eu","article_publisher":"https:\/\/www.facebook.com\/megamoeu","article_modified_time":"2025-10-09T12:53:44+00:00","twitter_card":"summary_large_image","twitter_misc":{"Timp estimat pentru citire":"1 minut"},"schema":{"@context":"https:\/\/schema.org","@graph":[{"@type":"WebPage","@id":"https:\/\/megamo.eu\/ro\/multumim-pentru-comanda\/","url":"https:\/\/megamo.eu\/ro\/multumim-pentru-comanda\/","name":"Mul\u021bumim pentru comand\u0103","isPartOf":{"@id":"https:\/\/megamo.eu\/ro\/#website"},"datePublished":"2024-03-11T09:29:39+00:00","dateModified":"2025-10-09T12:53:44+00:00","description":"Mul\u021bumim pentru comand\u0103! Suntem \u00eenc\u00e2nta\u021bi s\u0103 te avem la bord. Ai \u00eentreb\u0103ri? Echipa noastr\u0103 de suport este aici pentru a te ajuta!","breadcrumb":{"@id":"https:\/\/megamo.eu\/ro\/multumim-pentru-comanda\/#breadcrumb"},"inLanguage":"ro-RO","potentialAction":[{"@type":"ReadAction","target":["https:\/\/megamo.eu\/ro\/multumim-pentru-comanda\/"]}]},{"@type":"BreadcrumbList","@id":"https:\/\/megamo.eu\/ro\/multumim-pentru-comanda\/#breadcrumb","itemListElement":[{"@type":"ListItem","position":1,"name":"Home","item":"https:\/\/megamo.eu\/ro\/"},{"@type":"ListItem","position":2,"name":"Mul\u021bumim pentru comand\u0103"}]},{"@type":"WebSite","@id":"https:\/\/megamo.eu\/ro\/#website","url":"https:\/\/megamo.eu\/ro\/","name":"megamo.eu","description":"megamo.eu","publisher":{"@id":"https:\/\/megamo.eu\/ro\/#organization"},"potentialAction":[{"@type":"SearchAction","target":{"@type":"EntryPoint","urlTemplate":"https:\/\/megamo.eu\/ro\/?s={search_term_string}"},"query-input":{"@type":"PropertyValueSpecification","valueRequired":true,"valueName":"search_term_string"}}],"inLanguage":"ro-RO"},{"@type":"Organization","@id":"https:\/\/megamo.eu\/ro\/#organization","name":"Megamo","alternateName":"mgo","url":"https:\/\/megamo.eu\/ro\/","logo":{"@type":"ImageObject","inLanguage":"ro-RO","@id":"https:\/\/megamo.eu\/ro\/#\/schema\/logo\/image\/","url":"https:\/\/megamo.eu\/wp-content\/uploads\/2024\/02\/logo_small.png","contentUrl":"https:\/\/megamo.eu\/wp-content\/uploads\/2024\/02\/logo_small.png","width":300,"height":113,"caption":"Megamo"},"image":{"@id":"https:\/\/megamo.eu\/ro\/#\/schema\/logo\/image\/"},"sameAs":["https:\/\/www.facebook.com\/megamoeu","https:\/\/www.youtube.com\/@Megamo_en"]}]}},"_links":{"self":[{"href":"https:\/\/megamo.eu\/ro\/wp-json\/wp\/v2\/pages\/47689"}],"collection":[{"href":"https:\/\/megamo.eu\/ro\/wp-json\/wp\/v2\/pages"}],"about":[{"href":"https:\/\/megamo.eu\/ro\/wp-json\/wp\/v2\/types\/page"}],"author":[{"embeddable":true,"href":"https:\/\/megamo.eu\/ro\/wp-json\/wp\/v2\/users\/2"}],"replies":[{"embeddable":true,"href":"https:\/\/megamo.eu\/ro\/wp-json\/wp\/v2\/comments?post=47689"}],"version-history":[{"count":2,"href":"https:\/\/megamo.eu\/ro\/wp-json\/wp\/v2\/pages\/47689\/revisions"}],"predecessor-version":[{"id":58419,"href":"https:\/\/megamo.eu\/ro\/wp-json\/wp\/v2\/pages\/47689\/revisions\/58419"}],"wp:attachment":[{"href":"https:\/\/megamo.eu\/ro\/wp-json\/wp\/v2\/media?parent=47689"}],"curies":[{"name":"wp","href":"https:\/\/api.w.org\/{rel}","templated":true}]}}