{"id":47631,"date":"2024-02-19T15:06:40","date_gmt":"2024-02-19T14:06:40","guid":{"rendered":"https:\/\/megamo.eu\/online-store-making\/"},"modified":"2025-11-28T13:10:10","modified_gmt":"2025-11-28T12:10:10","slug":"creare-magazin-online","status":"publish","type":"page","link":"https:\/\/megamo.eu\/ro\/creare-magazin-online\/","title":{"rendered":"Creare magazin online"},"content":{"rendered":"\n\t<div id=\"gap-1156333701\" class=\"gap-element clearfix\" style=\"display:block; height:auto;\">\n\t\t\n<style>\n#gap-1156333701 {\n  padding-top: 60px;\n}\n<\/style>\n\t<\/div>\n\t\n\n\t<section class=\"section\" id=\"section_834828169\">\n\t\t<div class=\"bg section-bg fill bg-fill  bg-loaded\" >\n\n\t\t\t\n\t\t\t\n\t\t\t\n\n\t\t<\/div>\n\n\t\t\n\n\t\t<div class=\"section-content relative\">\n\t\t\t\n\n<div class=\"row align-middle\"  id=\"row-557584131\">\n\n\n\t<div id=\"col-1190860928\" class=\"col medium-6 small-12 large-6\"  >\n\t\t\t\t<div class=\"col-inner\"  >\n\t\t\t\n\t\t\t\n\n\t<div id=\"text-130409021\" class=\"text\">\n\t\t\n\n<h1>Creeaz\u0103-\u021bi magazinul online \u00eempreun\u0103 cu noi!<\/h1>\n\t\t\n<style>\n#text-130409021 {\n  font-size: 1.3rem;\n  text-align: center;\n}\n@media (min-width:550px) {\n  #text-130409021 {\n    text-align: left;\n  }\n}\n<\/style>\n\t<\/div>\n\t\n\t<div id=\"text-602116098\" class=\"text\">\n\t\t\n\n<p><b>Creare magazin online<\/b><\/p>\n\t\t\n<style>\n#text-602116098 {\n  font-size: 1.1rem;\n  text-align: center;\n  color: rgb(254, 94, 8);\n}\n#text-602116098 > * {\n  color: rgb(254, 94, 8);\n}\n@media (min-width:550px) {\n  #text-602116098 {\n    text-align: left;\n  }\n}\n<\/style>\n\t<\/div>\n\t\n\t<div id=\"text-957581287\" class=\"text\">\n\t\t\n\n<p>Magazinele online sunt site-uri realizate profesionist, g\u00e2ndite pentru a genera profit. Oferim solu\u021bii care le permit clien\u021bilor t\u0103i s\u0103 fac\u0103 achizi\u021bii u\u0219or \u0219i rapid.<\/p>\n<p>\u00cen era digital\u0103 de ast\u0103zi, prezen\u021ba online este esen\u021bial\u0103 pentru companiile care vor s\u0103 se dezvolte \u0219i s\u0103 prospere. Un magazin online poate fi afacerea ta principal\u0103 sau un plus valoros pentru magazinul fizic.<\/p>\n<p>Vom crea pentru tine un magazin online pe platforma Shopify, ca parte a serviciilor noastre.<\/p>\n\t\t\n<style>\n#text-957581287 {\n  text-align: center;\n}\n@media (min-width:550px) {\n  #text-957581287 {\n    text-align: left;\n  }\n}\n<\/style>\n\t<\/div>\n\t\n\n\t\t<\/div>\n\t\t\t\t\t<\/div>\n\n\t\n\n\t<div id=\"col-1367470435\" class=\"col medium-6 small-12 large-6 small-col-first\"  >\n\t\t\t\t<div class=\"col-inner\"  >\n\t\t\t\n\t\t\t\n\n\t<div class=\"img has-hover x md-x lg-x y md-y lg-y\" id=\"image_972392411\">\n\t\t\t\t\t\t\t\t<div class=\"img-inner dark\" >\n\t\t\t<img loading=\"lazy\" decoding=\"async\" width=\"700\" height=\"467\" src=\"https:\/\/megamo.eu\/wp-content\/uploads\/2024\/02\/ready-made-online-stores.webp\" class=\"attachment-original size-original\" alt=\"\" srcset=\"https:\/\/megamo.eu\/wp-content\/uploads\/2024\/02\/ready-made-online-stores.webp 700w, https:\/\/megamo.eu\/wp-content\/uploads\/2024\/02\/ready-made-online-stores-600x400.webp 600w\" sizes=\"(max-width: 700px) 100vw, 700px\" \/>\t\t\t\t\t\t\n\t\t\t\t\t<\/div>\n\t\t\t\t\t\t\t\t\n<style>\n#image_972392411 {\n  width: 100%;\n}\n<\/style>\n\t<\/div>\n\t\n\n\n\t\t<\/div>\n\t\t\t\t\t<\/div>\n\n\t\n\n<\/div>\n\n\t\t<\/div>\n\n\t\t\n<style>\n#section_834828169 {\n  padding-top: 30px;\n  padding-bottom: 30px;\n}\n<\/style>\n\t<\/section>\n\t\n\t<section class=\"section\" id=\"section_66181064\">\n\t\t<div class=\"bg section-bg fill bg-fill  bg-loaded\" >\n\n\t\t\t\n\t\t\t\n\t\t\t\n\n\t\t<\/div>\n\n\t\t\n\n\t\t<div class=\"section-content relative\">\n\t\t\t\n\n<div class=\"row\"  id=\"row-984791979\">\n\n\n\t<div id=\"col-2047273273\" class=\"col medium-3 small-12 large-3\"  >\n\t\t\t\t<div class=\"col-inner\"  >\n\t\t\t\n\t<div class=\"is-border\"\n\t\tstyle=\"border-width:0px 0px 0px 0px;\">\n\t<\/div>\n\t\t\t\n\n\t<div id=\"text-73662621\" class=\"text\">\n\t\t\n\n<div style=\"border-right: 4px #fe5e08 solid; padding-right: 20px\">\n<p><b>1.<\/b><br><sub>Alege op\u021biunea<\/sub><\/p>\n<\/div>\n\t\t\n<style>\n#text-73662621 {\n  font-size: 2rem;\n  text-align: right;\n}\n<\/style>\n\t<\/div>\n\t\n\n\t\t<\/div>\n\t\t\t\t\t<\/div>\n\n\t\n\n\t<div id=\"col-1914014073\" class=\"col medium-4 small-12 large-4\"  >\n\t\t\t\t<div class=\"col-inner\"  >\n\t\t\t\n\t\t\t\n\n\t<div id=\"text-3678039321\" class=\"text\">\n\t\t\n\n<div style=\"border-right: 4px #862f00 solid; padding-right: 20px\">\n<p><b>2.<\/b><br><sub>Alege furnizorul<\/sub><\/p>\n<\/div>\n\t\t\n<style>\n#text-3678039321 {\n  font-size: 2rem;\n  text-align: right;\n}\n<\/style>\n\t<\/div>\n\t\n\n\t\t<\/div>\n\t\t\t\t\t<\/div>\n\n\t\n\n\t<div id=\"col-601243169\" class=\"col medium-5 small-12 large-5\"  >\n\t\t\t\t<div class=\"col-inner\"  >\n\t\t\t\n\t\t\t\n\n\t<div id=\"text-1690258061\" class=\"text\">\n\t\t\n\n<div style=\"border-right: 4px #3c1601 solid; padding-right: 20px\">\n<p><b>3.<\/b><br><sub>Noi d\u0103m via\u021b\u0103 solu\u021biei tale<\/sub><\/p>\n<\/div>\n\t\t\n<style>\n#text-1690258061 {\n  font-size: 2rem;\n  text-align: right;\n}\n<\/style>\n\t<\/div>\n\t\n\n\t\t<\/div>\n\t\t\t\t\t<\/div>\n\n\t\n\n<\/div>\n\n\t\t<\/div>\n\n\t\t\n<style>\n#section_66181064 {\n  padding-top: 30px;\n  padding-bottom: 30px;\n  background-color: rgb(255, 239, 230);\n}\n<\/style>\n\t<\/section>\n\t\n\t<div id=\"gap-1301955112\" class=\"gap-element clearfix\" style=\"display:block; height:auto;\">\n\t\t\n<style>\n#gap-1301955112 {\n  padding-top: 80px;\n}\n<\/style>\n\t<\/div>\n\t\n\n\t<section class=\"section\" id=\"section_193682965\">\n\t\t<div class=\"bg section-bg fill bg-fill  bg-loaded\" >\n\n\t\t\t\n\t\t\t\n\t\t\t\n\n\t\t<\/div>\n\n\t\t\n\n\t\t<div class=\"section-content relative\">\n\t\t\t\n\n<div class=\"row\"  id=\"row-1483053370\">\n\n\n\t<div id=\"col-882702743\" class=\"col small-12 large-12\"  >\n\t\t\t\t<div class=\"col-inner\"  >\n\t\t\t\n\t\t\t\n\n\t<div id=\"text-2747481757\" class=\"text\">\n\t\t\n\n<h2>Pachetul ON START<\/h2>\n\t\t\n<style>\n#text-2747481757 {\n  font-size: 1.2rem;\n  text-align: center;\n}\n<\/style>\n\t<\/div>\n\t\n<div class=\"row\"  id=\"row-1149370512\">\n\n\n\t<div id=\"col-1901466412\" class=\"col medium-6 small-12 large-6\"  >\n\t\t\t\t<div class=\"col-inner text-center\"  >\n\t\t\t\n\t<div class=\"is-border\"\n\t\tstyle=\"border-color:rgb(192, 192, 192);border-radius:5px;border-width:1px 1px 1px 1px;\">\n\t<\/div>\n\t\t\t\n\n\t<div id=\"text-3742858769\" class=\"text\">\n\t\t\n\n<p>MAGAZIN SHOPIFY<\/p>\n\t\t\n<style>\n#text-3742858769 {\n  font-size: 1.3rem;\n  text-align: center;\n}\n<\/style>\n\t<\/div>\n\t\n\t<div class=\"img has-hover x md-x lg-x y md-y lg-y\" id=\"image_1674490434\">\n\t\t\t\t\t\t\t\t<div class=\"img-inner dark\" style=\"margin:10px 0px 20px 0px;\">\n\t\t\t<img loading=\"lazy\" decoding=\"async\" width=\"167\" height=\"50\" src=\"https:\/\/megamo.eu\/wp-content\/uploads\/2024\/01\/logo-shopify.webp\" class=\"attachment-original size-original\" alt=\"\" \/>\t\t\t\t\t\t\n\t\t\t\t\t<\/div>\n\t\t\t\t\t\t\t\t\n<style>\n#image_1674490434 {\n  width: 25%;\n}\n<\/style>\n\t<\/div>\n\t\n\n\t<div id=\"text-3691682168\" class=\"text\">\n\t\t\n\n<p style=\"margin-bottom: 35px\">de la 25 \u20ac<\/p>\n\t\t\n<style>\n#text-3691682168 {\n  font-size: 2.4rem;\n  text-align: center;\n}\n<\/style>\n\t<\/div>\n\t\n\n\n<a class=\"button primary\" href=\"https:\/\/forms.clickup.com\/9012257574\/f\/8cjr8t6-8332\/ZN0BTYRKI4ZGRN9YYY\" target=\"_blank\" rel=\"noopener\">Comand\u0103<\/a>\n\n\n\t\t<\/div>\n\t\t\t\t\n<style>\n#col-1901466412 > .col-inner {\n  padding: 30px 30px 30px 30px;\n}\n<\/style>\n\t<\/div>\n\n\t\n\n\t<div id=\"col-702559615\" class=\"col medium-6 small-12 large-6\"  >\n\t\t\t\t<div class=\"col-inner\"  >\n\t\t\t\n\t\t\t\n\n\n\n<div class=\"col-md-6\" style=\"text-align: left;\">\n                   <ul style=\"list-style-type: disc;\">\n                            <h3 style=\"text-align: left;\">Pachetul SHOPIFY ON START include:<\/h3>\n\t\t\t\t\t\t\t<ol>\n            <li style=\"list-style:disc;\">Ini\u021bierea magazinului Shopify \u00een edi\u021bia Basic<\/li>\n            <li style=\"list-style:disc;\">integrare automat\u0103 gratuit\u0103 cu distribuitorul ales (abonament inclus pentru 1 lun\u0103)<\/li>\n        <\/ol><\/ul>\n\t\t\n\t\t\n\t\t<style>\n#more {display: none;}\n<\/style>\n\n\n\n<span id=\"dots\" style=\"display: inline;\"><\/span><span id=\"more\" style=\"display: none;\">Acest pachet include un abonament de o lun\u0103 la versiunea Basic a Shopify. \u00cen plus, prime\u0219ti un abonament gratuit de o lun\u0103 pentru integrarea automat\u0103 \u00een cadrul pachetului START. Suportul tehnic pentru magazinul Shopify este asigurat direct de Shopify.<p><\/p>\n<p><br>Megamo.eu configureaz\u0103 magazinul t\u0103u \u0219i realizeaz\u0103 integrarea automat\u0103 complet\u0103 cu distribuitorul ales, totul inclus \u00een pachetul START pentru o perioad\u0103 de o lun\u0103. Te rug\u0103m s\u0103 re\u021bii c\u0103 Megamo.pl nu modific\u0103 alte func\u021bionalit\u0103\u021bi ale magazinului.<\/p><\/span><p><\/p>\n<button class=\"btn btn-link\" onclick=\"myFunction()\" id=\"myBtn\" style=\"color: #fe5e08;\">arat\u0103 mai mult &gt;<\/button>\n\n<script>\nfunction myFunction() {\n  var dots = document.getElementById(\"dots\");\n  var moreText = document.getElementById(\"more\");\n  var btnText = document.getElementById(\"myBtn\");\n\n  if (dots.style.display === \"none\") {\n    dots.style.display = \"inline\";\n    btnText.innerHTML = \"arat\u0103 mai mult >\"; \n    moreText.style.display = \"none\";\n  } else {\n    dots.style.display = \"none\";\n    btnText.innerHTML = \"arat\u0103 mai pu\u021bin <\"; \n    moreText.style.display = \"inline\";\n  }\n}\n<\/script>\n\n                    <\/div>\n\n\n\t\t<\/div>\n\t\t\t\t\t<\/div>\n\n\t\n\n<\/div>\n\n\t\t<\/div>\n\t\t\t\t\t<\/div>\n\n\t\n\n<\/div>\n\n\t\t<\/div>\n\n\t\t\n<style>\n#section_193682965 {\n  padding-top: 0px;\n  padding-bottom: 0px;\n}\n<\/style>\n\t<\/section>\n\t\n\t<section class=\"section\" id=\"section_1682307595\">\n\t\t<div class=\"bg section-bg fill bg-fill  bg-loaded\" >\n\n\t\t\t\n\t\t\t\n\t\t\t\n\n\t\t<\/div>\n\n\t\t\n\n\t\t<div class=\"section-content relative\">\n\t\t\t\n\n<div class=\"row\"  id=\"row-68879466\">\n\n\n\t<div id=\"col-1407335883\" class=\"col small-12 large-12\"  >\n\t\t\t\t<div class=\"col-inner\"  >\n\t\t\t\n\t\t\t\n\n\t<div id=\"text-3297054950\" class=\"text\">\n\t\t\n\n<h2>Pachetul STORE PLUS<\/h2>\n\t\t\n<style>\n#text-3297054950 {\n  font-size: 1.2rem;\n  text-align: center;\n}\n<\/style>\n\t<\/div>\n\t\n<div class=\"row\"  id=\"row-1171806890\">\n\n\n\t<div id=\"col-1183561827\" class=\"col medium-6 small-12 large-6\"  >\n\t\t\t\t<div class=\"col-inner text-center\"  >\n\t\t\t\n\t<div class=\"is-border\"\n\t\tstyle=\"border-color:rgb(192, 192, 192);border-radius:5px;border-width:1px 1px 1px 1px;\">\n\t<\/div>\n\t\t\t\n\n\t<div id=\"text-4036821566\" class=\"text\">\n\t\t\n\n<p>MAGAZIN SHOPIFY<\/p>\n\t\t\n<style>\n#text-4036821566 {\n  font-size: 1.3rem;\n  text-align: center;\n}\n<\/style>\n\t<\/div>\n\t\n\t<div class=\"img has-hover x md-x lg-x y md-y lg-y\" id=\"image_1873844216\">\n\t\t\t\t\t\t\t\t<div class=\"img-inner dark\" style=\"margin:10px 0px 20px 0px;\">\n\t\t\t<img loading=\"lazy\" decoding=\"async\" width=\"167\" height=\"50\" src=\"https:\/\/megamo.eu\/wp-content\/uploads\/2024\/01\/logo-shopify.webp\" class=\"attachment-original size-original\" alt=\"\" \/>\t\t\t\t\t\t\n\t\t\t\t\t<\/div>\n\t\t\t\t\t\t\t\t\n<style>\n#image_1873844216 {\n  width: 25%;\n}\n<\/style>\n\t<\/div>\n\t\n\n\t<div id=\"text-2383237468\" class=\"text\">\n\t\t\n\n<p style=\"margin-bottom: 35px\">hai s\u0103 vorbim<\/p>\n\t\t\n<style>\n#text-2383237468 {\n  font-size: 2.4rem;\n  text-align: center;\n}\n<\/style>\n\t<\/div>\n\t\n\n\n<a class=\"button primary\" href=\"https:\/\/forms.clickup.com\/9012257574\/f\/8cjr8t6-8392\/QSMK037N356SOGRJCR\" target=\"_blank\" rel=\"noopener\">Comand\u0103<\/a>\n\n\n\t\t<\/div>\n\t\t\t\t\n<style>\n#col-1183561827 > .col-inner {\n  padding: 30px 30px 30px 30px;\n}\n<\/style>\n\t<\/div>\n\n\t\n\n\t<div id=\"col-326055718\" class=\"col medium-6 small-12 large-6\"  >\n\t\t\t\t<div class=\"col-inner\"  >\n\t\t\t\n\t\t\t\n\n\n\n<div class=\"col-md-6\" style=\"text-align: left;\">\n                    \n                   <ul>\n                            <h3 style=\"text-align: left;\">Pachetul SHOPIFY PLUS Store ofer\u0103 o experien\u021b\u0103 de magazin personalizat\u0103, creat\u0103 special pentru nevoile tale<\/h3>\n        <\/ul>\n\t\t <p>Dac\u0103 ai o viziune unic\u0103 pentru magazinul t\u0103u, care necesit\u0103 func\u021bionalit\u0103\u021bi dedicate, un design personalizat sau integrare cu anumite site-uri, te rug\u0103m s\u0103 completezi formularul \u0219i s\u0103 ne la\u0219i adresa ta de email. Te vom contacta.<\/p>\n\t\t<!--button-->\n\t\t\n\t\t<style>\n#more1 {display: none;}\n<\/style>\n\n\n\n<span id=\"dots1\" style=\"display: inline;\"><\/span><span id=\"more1\" style=\"display: none;\">  \n\t\t<p>\n        Ca parte a acestui pachet, Megamo.eu realizeaz\u0103 integrarea automat\u0103 complet\u0103 cu distribuitorul ales, \u00een cadrul pachetului START, pentru o perioad\u0103 de o lun\u0103.\n        <br><br>\n        Acest pachet include un abonament gratuit de o lun\u0103 pentru integrarea automat\u0103 \u00een cadrul pachetului START.\n        <br><br>\n        Suportul tehnic pentru magazinul Shopify este oferit prin platforma Shopify.\n\t\t<br><br>\n\t\tAdministrarea magazinului este \u00eencredin\u021bat\u0103 partenerului nostru de \u00eencredere.\n        <\/p><\/span><p><\/p>\n<button class=\"btn btn-link\" onclick=\"myFunction1()\" id=\"myBtn1\" style=\"color: #fe5e08;\">arat\u0103 mai mult &gt;<\/button>\n\n<script>\nfunction myFunction1() {\n  var dots1 = document.getElementById(\"dots1\");\n  var moreText1 = document.getElementById(\"more1\");\n  var btnText1 = document.getElementById(\"myBtn1\");\n\n  if (dots1.style.display === \"none\") {\n    dots1.style.display = \"inline\";\n    btnText1.innerHTML = \"arat\u0103 mai mult >\"; \n    moreText1.style.display = \"none\";\n  } else {\n    dots1.style.display = \"none\";\n    btnText1.innerHTML = \"arat\u0103 mai pu\u021bin <\"; \n    moreText1.style.display = \"inline\";\n  }\n}\n<\/script>\n                    \n        <\/div>\n\n\n\t\t<\/div>\n\t\t\t\t\t<\/div>\n\n\t\n\n<\/div>\n\n\t\t<\/div>\n\t\t\t\t\t<\/div>\n\n\t\n\n<\/div>\n\n\t\t<\/div>\n\n\t\t\n<style>\n#section_1682307595 {\n  padding-top: 30px;\n  padding-bottom: 30px;\n}\n<\/style>\n\t<\/section>\n\t\n","protected":false},"excerpt":{"rendered":"","protected":false},"author":2,"featured_media":0,"parent":0,"menu_order":0,"comment_status":"closed","ping_status":"closed","template":"","meta":{"_lmt_disableupdate":"","_lmt_disable":"","footnotes":""},"yoast_head":"<!-- This site is optimized with the Yoast SEO Premium plugin v21.8 (Yoast SEO v23.5) - https:\/\/yoast.com\/wordpress\/plugins\/seo\/ -->\n<title>Creare magazin online<\/title>\n<meta name=\"description\" content=\"Magazinele online sunt site-uri web create de exper\u021bi, av\u00e2nd ca scop generarea de profit. Oferim solu\u021bii care le permit clien\u021bilor t\u0103i s\u0103 efectueze achizi\u021bii cu u\u0219urin\u021b\u0103.\" \/>\n<meta name=\"robots\" content=\"index, follow, max-snippet:-1, max-image-preview:large, max-video-preview:-1\" \/>\n<link rel=\"canonical\" href=\"https:\/\/megamo.eu\/ro\/creare-magazin-online\/\" \/>\n<meta property=\"og:locale\" content=\"ro_RO\" \/>\n<meta property=\"og:type\" content=\"article\" \/>\n<meta property=\"og:title\" content=\"Creare magazin online\" \/>\n<meta property=\"og:description\" content=\"Magazinele online sunt site-uri web create de exper\u021bi, av\u00e2nd ca scop generarea de profit. Oferim solu\u021bii care le permit clien\u021bilor t\u0103i s\u0103 efectueze achizi\u021bii cu u\u0219urin\u021b\u0103.\" \/>\n<meta property=\"og:url\" content=\"https:\/\/megamo.eu\/ro\/creare-magazin-online\/\" \/>\n<meta property=\"og:site_name\" content=\"megamo.eu\" \/>\n<meta property=\"article:publisher\" content=\"https:\/\/www.facebook.com\/megamoeu\" \/>\n<meta property=\"article:modified_time\" content=\"2025-11-28T12:10:10+00:00\" \/>\n<meta name=\"twitter:card\" content=\"summary_large_image\" \/>\n<meta name=\"twitter:label1\" content=\"Timp estimat pentru citire\" \/>\n\t<meta name=\"twitter:data1\" content=\"4 minute\" \/>\n<script type=\"application\/ld+json\" class=\"yoast-schema-graph\">{\"@context\":\"https:\/\/schema.org\",\"@graph\":[{\"@type\":\"WebPage\",\"@id\":\"https:\/\/megamo.eu\/ro\/creare-magazin-online\/\",\"url\":\"https:\/\/megamo.eu\/ro\/creare-magazin-online\/\",\"name\":\"Creare magazin online\",\"isPartOf\":{\"@id\":\"https:\/\/megamo.eu\/ro\/#website\"},\"datePublished\":\"2024-02-19T14:06:40+00:00\",\"dateModified\":\"2025-11-28T12:10:10+00:00\",\"description\":\"Magazinele online sunt site-uri web create de exper\u021bi, av\u00e2nd ca scop generarea de profit. Oferim solu\u021bii care le permit clien\u021bilor t\u0103i s\u0103 efectueze achizi\u021bii cu u\u0219urin\u021b\u0103.\",\"breadcrumb\":{\"@id\":\"https:\/\/megamo.eu\/ro\/creare-magazin-online\/#breadcrumb\"},\"inLanguage\":\"ro-RO\",\"potentialAction\":[{\"@type\":\"ReadAction\",\"target\":[\"https:\/\/megamo.eu\/ro\/creare-magazin-online\/\"]}]},{\"@type\":\"BreadcrumbList\",\"@id\":\"https:\/\/megamo.eu\/ro\/creare-magazin-online\/#breadcrumb\",\"itemListElement\":[{\"@type\":\"ListItem\",\"position\":1,\"name\":\"Home\",\"item\":\"https:\/\/megamo.eu\/ro\/\"},{\"@type\":\"ListItem\",\"position\":2,\"name\":\"Creare magazin online\"}]},{\"@type\":\"WebSite\",\"@id\":\"https:\/\/megamo.eu\/ro\/#website\",\"url\":\"https:\/\/megamo.eu\/ro\/\",\"name\":\"megamo.eu\",\"description\":\"megamo.eu\",\"publisher\":{\"@id\":\"https:\/\/megamo.eu\/ro\/#organization\"},\"potentialAction\":[{\"@type\":\"SearchAction\",\"target\":{\"@type\":\"EntryPoint\",\"urlTemplate\":\"https:\/\/megamo.eu\/ro\/?s={search_term_string}\"},\"query-input\":{\"@type\":\"PropertyValueSpecification\",\"valueRequired\":true,\"valueName\":\"search_term_string\"}}],\"inLanguage\":\"ro-RO\"},{\"@type\":\"Organization\",\"@id\":\"https:\/\/megamo.eu\/ro\/#organization\",\"name\":\"Megamo\",\"alternateName\":\"mgo\",\"url\":\"https:\/\/megamo.eu\/ro\/\",\"logo\":{\"@type\":\"ImageObject\",\"inLanguage\":\"ro-RO\",\"@id\":\"https:\/\/megamo.eu\/ro\/#\/schema\/logo\/image\/\",\"url\":\"https:\/\/megamo.eu\/wp-content\/uploads\/2024\/02\/logo_small.png\",\"contentUrl\":\"https:\/\/megamo.eu\/wp-content\/uploads\/2024\/02\/logo_small.png\",\"width\":300,\"height\":113,\"caption\":\"Megamo\"},\"image\":{\"@id\":\"https:\/\/megamo.eu\/ro\/#\/schema\/logo\/image\/\"},\"sameAs\":[\"https:\/\/www.facebook.com\/megamoeu\",\"https:\/\/www.youtube.com\/@Megamo_en\"]}]}<\/script>\n<!-- \/ Yoast SEO Premium plugin. -->","yoast_head_json":{"title":"Creare magazin online","description":"Magazinele online sunt site-uri web create de exper\u021bi, av\u00e2nd ca scop generarea de profit. Oferim solu\u021bii care le permit clien\u021bilor t\u0103i s\u0103 efectueze achizi\u021bii cu u\u0219urin\u021b\u0103.","robots":{"index":"index","follow":"follow","max-snippet":"max-snippet:-1","max-image-preview":"max-image-preview:large","max-video-preview":"max-video-preview:-1"},"canonical":"https:\/\/megamo.eu\/ro\/creare-magazin-online\/","og_locale":"ro_RO","og_type":"article","og_title":"Creare magazin online","og_description":"Magazinele online sunt site-uri web create de exper\u021bi, av\u00e2nd ca scop generarea de profit. Oferim solu\u021bii care le permit clien\u021bilor t\u0103i s\u0103 efectueze achizi\u021bii cu u\u0219urin\u021b\u0103.","og_url":"https:\/\/megamo.eu\/ro\/creare-magazin-online\/","og_site_name":"megamo.eu","article_publisher":"https:\/\/www.facebook.com\/megamoeu","article_modified_time":"2025-11-28T12:10:10+00:00","twitter_card":"summary_large_image","twitter_misc":{"Timp estimat pentru citire":"4 minute"},"schema":{"@context":"https:\/\/schema.org","@graph":[{"@type":"WebPage","@id":"https:\/\/megamo.eu\/ro\/creare-magazin-online\/","url":"https:\/\/megamo.eu\/ro\/creare-magazin-online\/","name":"Creare magazin online","isPartOf":{"@id":"https:\/\/megamo.eu\/ro\/#website"},"datePublished":"2024-02-19T14:06:40+00:00","dateModified":"2025-11-28T12:10:10+00:00","description":"Magazinele online sunt site-uri web create de exper\u021bi, av\u00e2nd ca scop generarea de profit. Oferim solu\u021bii care le permit clien\u021bilor t\u0103i s\u0103 efectueze achizi\u021bii cu u\u0219urin\u021b\u0103.","breadcrumb":{"@id":"https:\/\/megamo.eu\/ro\/creare-magazin-online\/#breadcrumb"},"inLanguage":"ro-RO","potentialAction":[{"@type":"ReadAction","target":["https:\/\/megamo.eu\/ro\/creare-magazin-online\/"]}]},{"@type":"BreadcrumbList","@id":"https:\/\/megamo.eu\/ro\/creare-magazin-online\/#breadcrumb","itemListElement":[{"@type":"ListItem","position":1,"name":"Home","item":"https:\/\/megamo.eu\/ro\/"},{"@type":"ListItem","position":2,"name":"Creare magazin online"}]},{"@type":"WebSite","@id":"https:\/\/megamo.eu\/ro\/#website","url":"https:\/\/megamo.eu\/ro\/","name":"megamo.eu","description":"megamo.eu","publisher":{"@id":"https:\/\/megamo.eu\/ro\/#organization"},"potentialAction":[{"@type":"SearchAction","target":{"@type":"EntryPoint","urlTemplate":"https:\/\/megamo.eu\/ro\/?s={search_term_string}"},"query-input":{"@type":"PropertyValueSpecification","valueRequired":true,"valueName":"search_term_string"}}],"inLanguage":"ro-RO"},{"@type":"Organization","@id":"https:\/\/megamo.eu\/ro\/#organization","name":"Megamo","alternateName":"mgo","url":"https:\/\/megamo.eu\/ro\/","logo":{"@type":"ImageObject","inLanguage":"ro-RO","@id":"https:\/\/megamo.eu\/ro\/#\/schema\/logo\/image\/","url":"https:\/\/megamo.eu\/wp-content\/uploads\/2024\/02\/logo_small.png","contentUrl":"https:\/\/megamo.eu\/wp-content\/uploads\/2024\/02\/logo_small.png","width":300,"height":113,"caption":"Megamo"},"image":{"@id":"https:\/\/megamo.eu\/ro\/#\/schema\/logo\/image\/"},"sameAs":["https:\/\/www.facebook.com\/megamoeu","https:\/\/www.youtube.com\/@Megamo_en"]}]}},"_links":{"self":[{"href":"https:\/\/megamo.eu\/ro\/wp-json\/wp\/v2\/pages\/47631"}],"collection":[{"href":"https:\/\/megamo.eu\/ro\/wp-json\/wp\/v2\/pages"}],"about":[{"href":"https:\/\/megamo.eu\/ro\/wp-json\/wp\/v2\/types\/page"}],"author":[{"embeddable":true,"href":"https:\/\/megamo.eu\/ro\/wp-json\/wp\/v2\/users\/2"}],"replies":[{"embeddable":true,"href":"https:\/\/megamo.eu\/ro\/wp-json\/wp\/v2\/comments?post=47631"}],"version-history":[{"count":2,"href":"https:\/\/megamo.eu\/ro\/wp-json\/wp\/v2\/pages\/47631\/revisions"}],"predecessor-version":[{"id":61823,"href":"https:\/\/megamo.eu\/ro\/wp-json\/wp\/v2\/pages\/47631\/revisions\/61823"}],"wp:attachment":[{"href":"https:\/\/megamo.eu\/ro\/wp-json\/wp\/v2\/media?parent=47631"}],"curies":[{"name":"wp","href":"https:\/\/api.w.org\/{rel}","templated":true}]}}