{"id":47611,"date":"2024-02-28T11:16:04","date_gmt":"2024-02-28T10:16:04","guid":{"rendered":"https:\/\/megamo.eu\/newsletter-terms-and-conditions\/"},"modified":"2025-12-16T10:51:23","modified_gmt":"2025-12-16T09:51:23","slug":"termeni-si-conditii-pentru-buletinul-informativ","status":"publish","type":"page","link":"https:\/\/megamo.eu\/ro\/termeni-si-conditii-pentru-buletinul-informativ\/","title":{"rendered":"Termeni \u0219i Condi\u021bii pentru Buletinul Informativ"},"content":{"rendered":"\n\t<div id=\"gap-938106637\" class=\"gap-element clearfix\" style=\"display:block; height:auto;\">\n\t\t\n<style>\n#gap-938106637 {\n  padding-top: 60px;\n}\n<\/style>\n\t<\/div>\n\t\n\n\t<section class=\"section\" id=\"section_1262578133\">\n\t\t<div class=\"bg section-bg fill bg-fill  bg-loaded\" >\n\n\t\t\t\n\t\t\t\n\t\t\t\n\n\t\t<\/div>\n\n\t\t\n\n\t\t<div class=\"section-content relative\">\n\t\t\t\n\n<div class=\"row\"  id=\"row-1634028806\">\n\n\n\t<div id=\"col-168700621\" class=\"col small-12 large-12\"  >\n\t\t\t\t<div class=\"col-inner\"  >\n\t\t\t\n\t\t\t\n\n\t<div id=\"text-552400178\" class=\"text\">\n\t\t\n\n<h1>Scopul pentru care \u00ee\u021bi sunt prelucrate datele<br>\n<\/h1>\n\t\t\n<style>\n#text-552400178 {\n  font-size: 1.3rem;\n}\n<\/style>\n\t<\/div>\n\t\n<p>Datele tale sunt sau pot fi prelucrate \u00een scopurile \u0219i pe temeiurile indicate \u00een detaliu \u00een politica de confiden\u021bialitate, printre care:<\/p>\n<ul>\n<li>executarea contractului<\/li>\n<li>realizarea drepturilor tale care decurg din contract, inclusiv \u00een ceea ce prive\u0219te reclama\u021biile<\/li>\n<li>r\u0103spuns la o solicitare trimis\u0103 c\u0103tre Megamo<\/li>\n<li>trimiterea de con\u021binut informativ sau de marketing, ori trimiterea unei invita\u021bii de a oferi o opinie cu privire la serviciile prestate de Megamo. Politica de confiden\u021bialitate con\u021bine informa\u021bii complete despre prelucrarea datelor de c\u0103tre operator, precum \u0219i despre drepturile persoanei vizate.<\/li>\n<\/ul>\n<p>Mai jos g\u0103se\u0219ti linkul c\u0103tre termenii generali de prestare a serviciilor \u00eempreun\u0103 cu politica de confiden\u021bialitate:<\/p>\n<p><a href=\"\/ro\/termeni-si-conditii\/\">https:\/\/megamo.eu\/ro\/termeni-si-conditii\/<\/a><\/p>\n<p>Cine este administratorul datelor tale personale: Administratorul datelor tale personale colectate prin intermediul site-ului este prestatorul de servicii \u2013 COMO, ul. Stanis\u0142awa Hebanowskiego 89a\/5, 80-766 Gda\u0144sk, NIP: 8392907896, REGON: 383785814.<\/p>\n<p>Contact rapid cu administratorul datelor: <a href=\"#contact-form\">biuro@megamo.pl<\/a> sau tel: <a href=\"tel:+48 696 107 507\">+48 696 107 507<\/a>.<\/p>\n<p>Baza legal\u0103: Datele tale personale sunt prelucrate de prestatorul de servicii \u00een conformitate cu legisla\u021bia aplicabil\u0103, \u00een special \u00een conformitate cu Regulamentul (UE) 2016\/679 al Parlamentului European \u0219i al Consiliului din 27 aprilie 2016 privind protec\u021bia persoanelor fizice \u00een ceea ce prive\u0219te prelucrarea datelor cu caracter personal \u0219i privind libera circula\u021bie a acestor date \u0219i de abrogare a Directivei 95\/46\/CE (Regulamentul general privind protec\u021bia datelor) \u2013 cunoscut \u0219i sub denumirea de <b>\u201eRODO\u201d<\/b> sau <b>\u201eRegulamentul RODO\u201d<\/b>.<\/p>\n<p>Prelucrarea datelor tale \u00een scopuri informative \u0219i de marketing: Adresa ta de e-mail va fi prelucrat\u0103 \u00een scopuri informative \u0219i de marketing. Acordul t\u0103u privind prelucrarea adresei de e-mail este voluntar. <b>Ai dreptul de a-\u021bi retrage consim\u021b\u0103m\u00e2ntul \u00een orice moment<\/b>, f\u0103r\u0103 a afecta legalitatea prelucr\u0103rii efectuate pe baza consim\u021b\u0103m\u00e2ntului \u00eenainte de retragerea acestuia. Ai dreptul de a accesa \u0219i rectifica datele tale, de a solicita \u0219tergerea sau limitarea prelucr\u0103rii acestora, precum \u0219i dreptul la portabilitatea datelor, \u00een condi\u021biile prev\u0103zute \u00een politica de confiden\u021bialitate. Datele personale pe site sunt prelucrate \u00een conformitate cu politica de confiden\u021bialitate. Te \u00eencuraj\u0103m s\u0103 o cite\u0219ti \u00eenainte de a-\u021bi exprima consim\u021b\u0103m\u00e2ntul.<\/p>\n\n\n\t\t<\/div>\n\t\t\t\t\t<\/div>\n\n\t\n\n<\/div>\n\n\t\t<\/div>\n\n\t\t\n<style>\n#section_1262578133 {\n  padding-top: 30px;\n  padding-bottom: 30px;\n}\n<\/style>\n\t<\/section>\n\t\n\t<div id=\"gap-1600793967\" class=\"gap-element clearfix\" style=\"display:block; height:auto;\">\n\t\t\n<style>\n#gap-1600793967 {\n  padding-top: 60px;\n}\n<\/style>\n\t<\/div>\n\t\n\n\n","protected":false},"excerpt":{"rendered":"","protected":false},"author":2,"featured_media":0,"parent":0,"menu_order":0,"comment_status":"closed","ping_status":"closed","template":"","meta":{"_lmt_disableupdate":"","_lmt_disable":"","footnotes":""},"yoast_head":"<!-- This site is optimized with the Yoast SEO Premium plugin v21.8 (Yoast SEO v23.5) - https:\/\/yoast.com\/wordpress\/plugins\/seo\/ -->\n<title>Termeni \u0219i Condi\u021bii pentru Buletinul Informativ<\/title>\n<meta name=\"description\" content=\"Termeni \u0219i Condi\u021bii pentru Buletinul Informativ c\u0103tre clien\u021bii Megamo.\" \/>\n<meta name=\"robots\" content=\"index, follow, max-snippet:-1, max-image-preview:large, max-video-preview:-1\" \/>\n<link rel=\"canonical\" href=\"https:\/\/megamo.eu\/ro\/termeni-si-conditii-pentru-buletinul-informativ\/\" \/>\n<meta property=\"og:locale\" content=\"ro_RO\" \/>\n<meta property=\"og:type\" content=\"article\" \/>\n<meta property=\"og:title\" content=\"Termeni \u0219i Condi\u021bii pentru Buletinul Informativ\" \/>\n<meta property=\"og:description\" content=\"Termeni \u0219i Condi\u021bii pentru Buletinul Informativ c\u0103tre clien\u021bii Megamo.\" \/>\n<meta property=\"og:url\" content=\"https:\/\/megamo.eu\/ro\/termeni-si-conditii-pentru-buletinul-informativ\/\" \/>\n<meta property=\"og:site_name\" content=\"megamo.eu\" \/>\n<meta property=\"article:publisher\" content=\"https:\/\/www.facebook.com\/megamoeu\" \/>\n<meta property=\"article:modified_time\" content=\"2025-12-16T09:51:23+00:00\" \/>\n<meta name=\"twitter:card\" content=\"summary_large_image\" \/>\n<meta name=\"twitter:label1\" content=\"Timp estimat pentru citire\" \/>\n\t<meta name=\"twitter:data1\" content=\"3 minute\" \/>\n<script type=\"application\/ld+json\" class=\"yoast-schema-graph\">{\"@context\":\"https:\/\/schema.org\",\"@graph\":[{\"@type\":\"WebPage\",\"@id\":\"https:\/\/megamo.eu\/ro\/termeni-si-conditii-pentru-buletinul-informativ\/\",\"url\":\"https:\/\/megamo.eu\/ro\/termeni-si-conditii-pentru-buletinul-informativ\/\",\"name\":\"Termeni \u0219i Condi\u021bii pentru Buletinul Informativ\",\"isPartOf\":{\"@id\":\"https:\/\/megamo.eu\/ro\/#website\"},\"datePublished\":\"2024-02-28T10:16:04+00:00\",\"dateModified\":\"2025-12-16T09:51:23+00:00\",\"description\":\"Termeni \u0219i Condi\u021bii pentru Buletinul Informativ c\u0103tre clien\u021bii Megamo.\",\"breadcrumb\":{\"@id\":\"https:\/\/megamo.eu\/ro\/termeni-si-conditii-pentru-buletinul-informativ\/#breadcrumb\"},\"inLanguage\":\"ro-RO\",\"potentialAction\":[{\"@type\":\"ReadAction\",\"target\":[\"https:\/\/megamo.eu\/ro\/termeni-si-conditii-pentru-buletinul-informativ\/\"]}]},{\"@type\":\"BreadcrumbList\",\"@id\":\"https:\/\/megamo.eu\/ro\/termeni-si-conditii-pentru-buletinul-informativ\/#breadcrumb\",\"itemListElement\":[{\"@type\":\"ListItem\",\"position\":1,\"name\":\"Home\",\"item\":\"https:\/\/megamo.eu\/ro\/\"},{\"@type\":\"ListItem\",\"position\":2,\"name\":\"Termeni \u0219i Condi\u021bii pentru Buletinul Informativ\"}]},{\"@type\":\"WebSite\",\"@id\":\"https:\/\/megamo.eu\/ro\/#website\",\"url\":\"https:\/\/megamo.eu\/ro\/\",\"name\":\"megamo.eu\",\"description\":\"megamo.eu\",\"publisher\":{\"@id\":\"https:\/\/megamo.eu\/ro\/#organization\"},\"potentialAction\":[{\"@type\":\"SearchAction\",\"target\":{\"@type\":\"EntryPoint\",\"urlTemplate\":\"https:\/\/megamo.eu\/ro\/?s={search_term_string}\"},\"query-input\":{\"@type\":\"PropertyValueSpecification\",\"valueRequired\":true,\"valueName\":\"search_term_string\"}}],\"inLanguage\":\"ro-RO\"},{\"@type\":\"Organization\",\"@id\":\"https:\/\/megamo.eu\/ro\/#organization\",\"name\":\"Megamo\",\"alternateName\":\"mgo\",\"url\":\"https:\/\/megamo.eu\/ro\/\",\"logo\":{\"@type\":\"ImageObject\",\"inLanguage\":\"ro-RO\",\"@id\":\"https:\/\/megamo.eu\/ro\/#\/schema\/logo\/image\/\",\"url\":\"https:\/\/megamo.eu\/wp-content\/uploads\/2024\/02\/logo_small.png\",\"contentUrl\":\"https:\/\/megamo.eu\/wp-content\/uploads\/2024\/02\/logo_small.png\",\"width\":300,\"height\":113,\"caption\":\"Megamo\"},\"image\":{\"@id\":\"https:\/\/megamo.eu\/ro\/#\/schema\/logo\/image\/\"},\"sameAs\":[\"https:\/\/www.facebook.com\/megamoeu\",\"https:\/\/www.youtube.com\/@Megamo_en\"]}]}<\/script>\n<!-- \/ Yoast SEO Premium plugin. -->","yoast_head_json":{"title":"Termeni \u0219i Condi\u021bii pentru Buletinul Informativ","description":"Termeni \u0219i Condi\u021bii pentru Buletinul Informativ c\u0103tre clien\u021bii Megamo.","robots":{"index":"index","follow":"follow","max-snippet":"max-snippet:-1","max-image-preview":"max-image-preview:large","max-video-preview":"max-video-preview:-1"},"canonical":"https:\/\/megamo.eu\/ro\/termeni-si-conditii-pentru-buletinul-informativ\/","og_locale":"ro_RO","og_type":"article","og_title":"Termeni \u0219i Condi\u021bii pentru Buletinul Informativ","og_description":"Termeni \u0219i Condi\u021bii pentru Buletinul Informativ c\u0103tre clien\u021bii Megamo.","og_url":"https:\/\/megamo.eu\/ro\/termeni-si-conditii-pentru-buletinul-informativ\/","og_site_name":"megamo.eu","article_publisher":"https:\/\/www.facebook.com\/megamoeu","article_modified_time":"2025-12-16T09:51:23+00:00","twitter_card":"summary_large_image","twitter_misc":{"Timp estimat pentru citire":"3 minute"},"schema":{"@context":"https:\/\/schema.org","@graph":[{"@type":"WebPage","@id":"https:\/\/megamo.eu\/ro\/termeni-si-conditii-pentru-buletinul-informativ\/","url":"https:\/\/megamo.eu\/ro\/termeni-si-conditii-pentru-buletinul-informativ\/","name":"Termeni \u0219i Condi\u021bii pentru Buletinul Informativ","isPartOf":{"@id":"https:\/\/megamo.eu\/ro\/#website"},"datePublished":"2024-02-28T10:16:04+00:00","dateModified":"2025-12-16T09:51:23+00:00","description":"Termeni \u0219i Condi\u021bii pentru Buletinul Informativ c\u0103tre clien\u021bii Megamo.","breadcrumb":{"@id":"https:\/\/megamo.eu\/ro\/termeni-si-conditii-pentru-buletinul-informativ\/#breadcrumb"},"inLanguage":"ro-RO","potentialAction":[{"@type":"ReadAction","target":["https:\/\/megamo.eu\/ro\/termeni-si-conditii-pentru-buletinul-informativ\/"]}]},{"@type":"BreadcrumbList","@id":"https:\/\/megamo.eu\/ro\/termeni-si-conditii-pentru-buletinul-informativ\/#breadcrumb","itemListElement":[{"@type":"ListItem","position":1,"name":"Home","item":"https:\/\/megamo.eu\/ro\/"},{"@type":"ListItem","position":2,"name":"Termeni \u0219i Condi\u021bii pentru Buletinul Informativ"}]},{"@type":"WebSite","@id":"https:\/\/megamo.eu\/ro\/#website","url":"https:\/\/megamo.eu\/ro\/","name":"megamo.eu","description":"megamo.eu","publisher":{"@id":"https:\/\/megamo.eu\/ro\/#organization"},"potentialAction":[{"@type":"SearchAction","target":{"@type":"EntryPoint","urlTemplate":"https:\/\/megamo.eu\/ro\/?s={search_term_string}"},"query-input":{"@type":"PropertyValueSpecification","valueRequired":true,"valueName":"search_term_string"}}],"inLanguage":"ro-RO"},{"@type":"Organization","@id":"https:\/\/megamo.eu\/ro\/#organization","name":"Megamo","alternateName":"mgo","url":"https:\/\/megamo.eu\/ro\/","logo":{"@type":"ImageObject","inLanguage":"ro-RO","@id":"https:\/\/megamo.eu\/ro\/#\/schema\/logo\/image\/","url":"https:\/\/megamo.eu\/wp-content\/uploads\/2024\/02\/logo_small.png","contentUrl":"https:\/\/megamo.eu\/wp-content\/uploads\/2024\/02\/logo_small.png","width":300,"height":113,"caption":"Megamo"},"image":{"@id":"https:\/\/megamo.eu\/ro\/#\/schema\/logo\/image\/"},"sameAs":["https:\/\/www.facebook.com\/megamoeu","https:\/\/www.youtube.com\/@Megamo_en"]}]}},"_links":{"self":[{"href":"https:\/\/megamo.eu\/ro\/wp-json\/wp\/v2\/pages\/47611"}],"collection":[{"href":"https:\/\/megamo.eu\/ro\/wp-json\/wp\/v2\/pages"}],"about":[{"href":"https:\/\/megamo.eu\/ro\/wp-json\/wp\/v2\/types\/page"}],"author":[{"embeddable":true,"href":"https:\/\/megamo.eu\/ro\/wp-json\/wp\/v2\/users\/2"}],"replies":[{"embeddable":true,"href":"https:\/\/megamo.eu\/ro\/wp-json\/wp\/v2\/comments?post=47611"}],"version-history":[{"count":4,"href":"https:\/\/megamo.eu\/ro\/wp-json\/wp\/v2\/pages\/47611\/revisions"}],"predecessor-version":[{"id":63836,"href":"https:\/\/megamo.eu\/ro\/wp-json\/wp\/v2\/pages\/47611\/revisions\/63836"}],"wp:attachment":[{"href":"https:\/\/megamo.eu\/ro\/wp-json\/wp\/v2\/media?parent=47611"}],"curies":[{"name":"wp","href":"https:\/\/api.w.org\/{rel}","templated":true}]}}