{"id":47609,"date":"2024-05-29T14:58:18","date_gmt":"2024-05-29T12:58:18","guid":{"rendered":"https:\/\/megamo.eu\/myadmin-module\/"},"modified":"2025-12-01T14:07:12","modified_gmt":"2025-12-01T13:07:12","slug":"modulul-myadmin","status":"publish","type":"page","link":"https:\/\/megamo.eu\/ro\/modulul-myadmin\/","title":{"rendered":"Modulul MyAdmin"},"content":{"rendered":"\n\t<div id=\"gap-1417958016\" class=\"gap-element clearfix\" style=\"display:block; height:auto;\">\n\t\t\n<style>\n#gap-1417958016 {\n  padding-top: 60px;\n}\n<\/style>\n\t<\/div>\n\t\n\n\t<section class=\"section\" id=\"section_2082749845\">\n\t\t<div class=\"bg section-bg fill bg-fill  bg-loaded\" >\n\n\t\t\t\n\t\t\t\n\t\t\t\n\n\t\t<\/div>\n\n\t\t\n\n\t\t<div class=\"section-content relative\">\n\t\t\t\n\n<div class=\"row\"  id=\"row-1336883326\">\n\n\n\t<div id=\"col-930716386\" class=\"col small-12 large-12\"  >\n\t\t\t\t<div class=\"col-inner\"  >\n\t\t\t\n\t\t\t\n\n\t<div id=\"text-441175312\" class=\"text\">\n\t\t\n\n<h1>Instalarea modulului MyAdmin<\/h1>\n\n\t\t\n<style>\n#text-441175312 {\n  font-size: 1.3rem;\n  text-align: center;\n}\n@media (min-width:550px) {\n  #text-441175312 {\n    text-align: left;\n  }\n}\n<\/style>\n\t<\/div>\n\t\n<div class=\"row\"  id=\"row-957755417\">\n\n\n\t<div id=\"col-633472590\" class=\"col medium-6 small-12 large-6\"  >\n\t\t\t\t<div class=\"col-inner\"  >\n\t\t\t\n\t\t\t\n\n<h2>Instalatoare<\/h2>\n\n\t<div id=\"gap-1653787086\" class=\"gap-element clearfix\" style=\"display:block; height:auto;\">\n\t\t\n<style>\n#gap-1653787086 {\n  padding-top: 40px;\n}\n<\/style>\n\t<\/div>\n\t\n\n\n\n<div style=\"border-left: 4px #fe5e08 solid; padding-left: 20px\">\n<h2 style=\"color: #fe5e08;\">KQS.Store<\/h2><h3 style=\"font-weight: 500;\"><a href=\"http:\/\/service.myadmin.com.pl\/download.php?d=install&amp;f=myadmin_install_2\">Instalator<\/a> | <a href=\"http:\/\/arch.megamo.pl\/s\/poradnik\/instalacja-kqs\/\" target=\"_blank\" rel=\"noopener\">Manual de instalare<\/a><\/h3>\n<\/div>\n\n\t<div id=\"gap-916969023\" class=\"gap-element clearfix\" style=\"display:block; height:auto;\">\n\t\t\n<style>\n#gap-916969023 {\n  padding-top: 40px;\n}\n<\/style>\n\t<\/div>\n\t\n\n\n\n<div style=\"border-left: 4px #089de3 solid; padding-left: 20px\">\n<h2 style=\"color: #089de3;\">PrestaShop<\/h2><h3>1.8<\/h3><h3 style=\"font-weight: 500;\"><a href=\"http:\/\/service.myadmin.com.pl\/download.php?d=myadmin&amp;f=megamo_presta1.8.x_module-latest\">Modul MEGAMO<\/a> (versiunea 1.3.0) | <a href=\"http:\/\/arch.megamo.pl\/s\/poradnik\/myadmin\/dla-prestashop\/\" target=\"_blank\" rel=\"noopener\">Manual de instalare<\/a><\/h3><h3>1.5 | 1.6 | 1.7<\/h3><h3 style=\"font-weight: 500;\"><a href=\"http:\/\/service.myadmin.com.pl\/download.php?d=myadmin&amp;f=megamo_presta1.5.x_1.6.x_1.7.x_module-latest\">Modul MEGAMO<\/a> (versiunea 1.1.0) | <a href=\"http:\/\/arch.megamo.pl\/s\/poradnik\/myadmin\/dla-prestashop\/\" target=\"_blank\" rel=\"noopener\">Manual de instalare<\/a><\/h3><h3>1.4<\/h3><h3 style=\"font-weight: 500;\"><a href=\"http:\/\/service.myadmin.com.pl\/download.php?d=install&amp;f=myadmin_install_2\">Instalator<\/a><\/h3>\n<\/div>\n\n\t<div id=\"gap-1194382533\" class=\"gap-element clearfix\" style=\"display:block; height:auto;\">\n\t\t\n<style>\n#gap-1194382533 {\n  padding-top: 40px;\n}\n<\/style>\n\t<\/div>\n\t\n\n\n\n<div style=\"border-left: 4px #fe5e08 solid; padding-left: 20px\">\n<h2 style=\"color: #fe5e08;\">Gekosale<\/h2><h3 style=\"font-weight: 500;\"><a href=\"http:\/\/service.myadmin.com.pl\/download.php?d=install&amp;f=myadmin_install_2\">Instalator<\/a> | <a href=\"http:\/\/arch.megamo.pl\/s\/poradnik\/myadmin\/dla-gekosale\/\" target=\"_blank\" rel=\"noopener\">Manual de instalare<\/a><\/h3>\n<\/div>\n\n\t<div id=\"gap-834963611\" class=\"gap-element clearfix\" style=\"display:block; height:auto;\">\n\t\t\n<style>\n#gap-834963611 {\n  padding-top: 40px;\n}\n<\/style>\n\t<\/div>\n\t\n\n\n\n<div style=\"border-left: 4px #089de3 solid; padding-left: 20px\">\n<h2 style=\"color: #089de3;\">ShopGold<\/h2><h3 style=\"font-weight: 500;\"><a href=\"http:\/\/service.myadmin.com.pl\/download.php?d=install&amp;f=myadmin_install_2\">Instalator<\/a> | <a href=\"http:\/\/arch.megamo.pl\/s\/poradnik\/myadmin\/dla-gekosale\/\" target=\"_blank\" rel=\"noopener\">Manual de instalare<\/a><\/h3>\n<\/div>\n\n\t<div id=\"gap-957544482\" class=\"gap-element clearfix\" style=\"display:block; height:auto;\">\n\t\t\n<style>\n#gap-957544482 {\n  padding-top: 40px;\n}\n<\/style>\n\t<\/div>\n\t\n\n<h2>Documente<\/h2>\n<h3 style=\"font-weight: 500;\"><a href=\"http:\/\/service.myadmin.com.pl\/download.php?d=licence&amp;f=licencja\">MyAdmin &#8211; Acord de licen\u021b\u0103<\/a><\/h3>\n\n\n\t\t<\/div>\n\t\t\t\t\t<\/div>\n\n\t\n\n\t<div id=\"col-4336594\" class=\"col medium-6 small-12 large-6\"  >\n\t\t\t\t<div class=\"col-inner\"  >\n\t\t\t\n\t\t\t\n\n<h2>Versiune demo<br>\n<\/h2>\n<p>Po\u021bi testa gratuit majoritatea modulelor din pachetul MyAdmin timp de 10 zile. Instalarea nu implic\u0103 nicio tax\u0103, iar la finalul perioadei de testare aplica\u021bia se va dezactiva automat sau va trece la versiunea gratuit\u0103.<\/p>\n<p>Modul DEMO este activat automat la prima pornire a modulului.<\/p>\n<p>Not\u0103: Unele module, precum integr\u0103rile magazinelor cu furnizorii, necesit\u0103 implementare profesional\u0103. Pentru aceste module, oferim o instan\u021b\u0103 demo preg\u0103tit\u0103 pe magazinul nostru de test.<\/p>\n\n\n\t\t<\/div>\n\t\t\t\t\t<\/div>\n\n\t\n\n<\/div>\n\n\t\t<\/div>\n\t\t\t\t\t<\/div>\n\n\t\n\n<\/div>\n\n\t\t<\/div>\n\n\t\t\n<style>\n#section_2082749845 {\n  padding-top: 30px;\n  padding-bottom: 30px;\n}\n<\/style>\n\t<\/section>\n\t\n\t<div id=\"gap-1840160398\" class=\"gap-element clearfix\" style=\"display:block; height:auto;\">\n\t\t\n<style>\n#gap-1840160398 {\n  padding-top: 80px;\n}\n<\/style>\n\t<\/div>\n\t\n","protected":false},"excerpt":{"rendered":"","protected":false},"author":2,"featured_media":0,"parent":0,"menu_order":0,"comment_status":"closed","ping_status":"closed","template":"","meta":{"_lmt_disableupdate":"","_lmt_disable":"","footnotes":""},"yoast_head":"<!-- This site is optimized with the Yoast SEO Premium plugin v21.8 (Yoast SEO v23.5) - https:\/\/yoast.com\/wordpress\/plugins\/seo\/ -->\n<title>Modulul MyAdmin<\/title>\n<meta name=\"description\" content=\"De\u021bii un magazin KQS, PrestaShop, Gekosale sau ShopGold? Pentru func\u021bionarea corect\u0103 a integr\u0103rii, trebuie s\u0103 instalezi modulul nostru.\" \/>\n<meta name=\"robots\" content=\"index, follow, max-snippet:-1, max-image-preview:large, max-video-preview:-1\" \/>\n<link rel=\"canonical\" href=\"https:\/\/megamo.eu\/ro\/modulul-myadmin\/\" \/>\n<meta property=\"og:locale\" content=\"ro_RO\" \/>\n<meta property=\"og:type\" content=\"article\" \/>\n<meta property=\"og:title\" content=\"Modulul MyAdmin\" \/>\n<meta property=\"og:description\" content=\"De\u021bii un magazin KQS, PrestaShop, Gekosale sau ShopGold? Pentru func\u021bionarea corect\u0103 a integr\u0103rii, trebuie s\u0103 instalezi modulul nostru.\" \/>\n<meta property=\"og:url\" content=\"https:\/\/megamo.eu\/ro\/modulul-myadmin\/\" \/>\n<meta property=\"og:site_name\" content=\"megamo.eu\" \/>\n<meta property=\"article:publisher\" content=\"https:\/\/www.facebook.com\/megamoeu\" \/>\n<meta property=\"article:modified_time\" content=\"2025-12-01T13:07:12+00:00\" \/>\n<meta name=\"twitter:card\" content=\"summary_large_image\" \/>\n<meta name=\"twitter:label1\" content=\"Timp estimat pentru citire\" \/>\n\t<meta name=\"twitter:data1\" content=\"2 minute\" \/>\n<script type=\"application\/ld+json\" class=\"yoast-schema-graph\">{\"@context\":\"https:\/\/schema.org\",\"@graph\":[{\"@type\":\"WebPage\",\"@id\":\"https:\/\/megamo.eu\/ro\/modulul-myadmin\/\",\"url\":\"https:\/\/megamo.eu\/ro\/modulul-myadmin\/\",\"name\":\"Modulul MyAdmin\",\"isPartOf\":{\"@id\":\"https:\/\/megamo.eu\/ro\/#website\"},\"datePublished\":\"2024-05-29T12:58:18+00:00\",\"dateModified\":\"2025-12-01T13:07:12+00:00\",\"description\":\"De\u021bii un magazin KQS, PrestaShop, Gekosale sau ShopGold? Pentru func\u021bionarea corect\u0103 a integr\u0103rii, trebuie s\u0103 instalezi modulul nostru.\",\"breadcrumb\":{\"@id\":\"https:\/\/megamo.eu\/ro\/modulul-myadmin\/#breadcrumb\"},\"inLanguage\":\"ro-RO\",\"potentialAction\":[{\"@type\":\"ReadAction\",\"target\":[\"https:\/\/megamo.eu\/ro\/modulul-myadmin\/\"]}]},{\"@type\":\"BreadcrumbList\",\"@id\":\"https:\/\/megamo.eu\/ro\/modulul-myadmin\/#breadcrumb\",\"itemListElement\":[{\"@type\":\"ListItem\",\"position\":1,\"name\":\"Home\",\"item\":\"https:\/\/megamo.eu\/ro\/\"},{\"@type\":\"ListItem\",\"position\":2,\"name\":\"Modulul MyAdmin\"}]},{\"@type\":\"WebSite\",\"@id\":\"https:\/\/megamo.eu\/ro\/#website\",\"url\":\"https:\/\/megamo.eu\/ro\/\",\"name\":\"megamo.eu\",\"description\":\"megamo.eu\",\"publisher\":{\"@id\":\"https:\/\/megamo.eu\/ro\/#organization\"},\"potentialAction\":[{\"@type\":\"SearchAction\",\"target\":{\"@type\":\"EntryPoint\",\"urlTemplate\":\"https:\/\/megamo.eu\/ro\/?s={search_term_string}\"},\"query-input\":{\"@type\":\"PropertyValueSpecification\",\"valueRequired\":true,\"valueName\":\"search_term_string\"}}],\"inLanguage\":\"ro-RO\"},{\"@type\":\"Organization\",\"@id\":\"https:\/\/megamo.eu\/ro\/#organization\",\"name\":\"Megamo\",\"alternateName\":\"mgo\",\"url\":\"https:\/\/megamo.eu\/ro\/\",\"logo\":{\"@type\":\"ImageObject\",\"inLanguage\":\"ro-RO\",\"@id\":\"https:\/\/megamo.eu\/ro\/#\/schema\/logo\/image\/\",\"url\":\"https:\/\/megamo.eu\/wp-content\/uploads\/2024\/02\/logo_small.png\",\"contentUrl\":\"https:\/\/megamo.eu\/wp-content\/uploads\/2024\/02\/logo_small.png\",\"width\":300,\"height\":113,\"caption\":\"Megamo\"},\"image\":{\"@id\":\"https:\/\/megamo.eu\/ro\/#\/schema\/logo\/image\/\"},\"sameAs\":[\"https:\/\/www.facebook.com\/megamoeu\",\"https:\/\/www.youtube.com\/@Megamo_en\"]}]}<\/script>\n<!-- \/ Yoast SEO Premium plugin. -->","yoast_head_json":{"title":"Modulul MyAdmin","description":"De\u021bii un magazin KQS, PrestaShop, Gekosale sau ShopGold? Pentru func\u021bionarea corect\u0103 a integr\u0103rii, trebuie s\u0103 instalezi modulul nostru.","robots":{"index":"index","follow":"follow","max-snippet":"max-snippet:-1","max-image-preview":"max-image-preview:large","max-video-preview":"max-video-preview:-1"},"canonical":"https:\/\/megamo.eu\/ro\/modulul-myadmin\/","og_locale":"ro_RO","og_type":"article","og_title":"Modulul MyAdmin","og_description":"De\u021bii un magazin KQS, PrestaShop, Gekosale sau ShopGold? Pentru func\u021bionarea corect\u0103 a integr\u0103rii, trebuie s\u0103 instalezi modulul nostru.","og_url":"https:\/\/megamo.eu\/ro\/modulul-myadmin\/","og_site_name":"megamo.eu","article_publisher":"https:\/\/www.facebook.com\/megamoeu","article_modified_time":"2025-12-01T13:07:12+00:00","twitter_card":"summary_large_image","twitter_misc":{"Timp estimat pentru citire":"2 minute"},"schema":{"@context":"https:\/\/schema.org","@graph":[{"@type":"WebPage","@id":"https:\/\/megamo.eu\/ro\/modulul-myadmin\/","url":"https:\/\/megamo.eu\/ro\/modulul-myadmin\/","name":"Modulul MyAdmin","isPartOf":{"@id":"https:\/\/megamo.eu\/ro\/#website"},"datePublished":"2024-05-29T12:58:18+00:00","dateModified":"2025-12-01T13:07:12+00:00","description":"De\u021bii un magazin KQS, PrestaShop, Gekosale sau ShopGold? Pentru func\u021bionarea corect\u0103 a integr\u0103rii, trebuie s\u0103 instalezi modulul nostru.","breadcrumb":{"@id":"https:\/\/megamo.eu\/ro\/modulul-myadmin\/#breadcrumb"},"inLanguage":"ro-RO","potentialAction":[{"@type":"ReadAction","target":["https:\/\/megamo.eu\/ro\/modulul-myadmin\/"]}]},{"@type":"BreadcrumbList","@id":"https:\/\/megamo.eu\/ro\/modulul-myadmin\/#breadcrumb","itemListElement":[{"@type":"ListItem","position":1,"name":"Home","item":"https:\/\/megamo.eu\/ro\/"},{"@type":"ListItem","position":2,"name":"Modulul MyAdmin"}]},{"@type":"WebSite","@id":"https:\/\/megamo.eu\/ro\/#website","url":"https:\/\/megamo.eu\/ro\/","name":"megamo.eu","description":"megamo.eu","publisher":{"@id":"https:\/\/megamo.eu\/ro\/#organization"},"potentialAction":[{"@type":"SearchAction","target":{"@type":"EntryPoint","urlTemplate":"https:\/\/megamo.eu\/ro\/?s={search_term_string}"},"query-input":{"@type":"PropertyValueSpecification","valueRequired":true,"valueName":"search_term_string"}}],"inLanguage":"ro-RO"},{"@type":"Organization","@id":"https:\/\/megamo.eu\/ro\/#organization","name":"Megamo","alternateName":"mgo","url":"https:\/\/megamo.eu\/ro\/","logo":{"@type":"ImageObject","inLanguage":"ro-RO","@id":"https:\/\/megamo.eu\/ro\/#\/schema\/logo\/image\/","url":"https:\/\/megamo.eu\/wp-content\/uploads\/2024\/02\/logo_small.png","contentUrl":"https:\/\/megamo.eu\/wp-content\/uploads\/2024\/02\/logo_small.png","width":300,"height":113,"caption":"Megamo"},"image":{"@id":"https:\/\/megamo.eu\/ro\/#\/schema\/logo\/image\/"},"sameAs":["https:\/\/www.facebook.com\/megamoeu","https:\/\/www.youtube.com\/@Megamo_en"]}]}},"_links":{"self":[{"href":"https:\/\/megamo.eu\/ro\/wp-json\/wp\/v2\/pages\/47609"}],"collection":[{"href":"https:\/\/megamo.eu\/ro\/wp-json\/wp\/v2\/pages"}],"about":[{"href":"https:\/\/megamo.eu\/ro\/wp-json\/wp\/v2\/types\/page"}],"author":[{"embeddable":true,"href":"https:\/\/megamo.eu\/ro\/wp-json\/wp\/v2\/users\/2"}],"replies":[{"embeddable":true,"href":"https:\/\/megamo.eu\/ro\/wp-json\/wp\/v2\/comments?post=47609"}],"version-history":[{"count":2,"href":"https:\/\/megamo.eu\/ro\/wp-json\/wp\/v2\/pages\/47609\/revisions"}],"predecessor-version":[{"id":62096,"href":"https:\/\/megamo.eu\/ro\/wp-json\/wp\/v2\/pages\/47609\/revisions\/62096"}],"wp:attachment":[{"href":"https:\/\/megamo.eu\/ro\/wp-json\/wp\/v2\/media?parent=47609"}],"curies":[{"name":"wp","href":"https:\/\/api.w.org\/{rel}","templated":true}]}}