{"id":47472,"date":"2024-02-21T11:46:16","date_gmt":"2024-02-21T10:46:16","guid":{"rendered":"https:\/\/megamo.eu\/marketing-resources-for-suppliers\/"},"modified":"2025-12-01T14:13:01","modified_gmt":"2025-12-01T13:13:01","slug":"resurse-de-marketing","status":"publish","type":"page","link":"https:\/\/megamo.eu\/ro\/resurse-de-marketing\/","title":{"rendered":"Resurse de marketing"},"content":{"rendered":"\n\t<div id=\"gap-1377022660\" class=\"gap-element clearfix\" style=\"display:block; height:auto;\">\n\t\t\n<style>\n#gap-1377022660 {\n  padding-top: 60px;\n}\n<\/style>\n\t<\/div>\n\t\n\n\t<section class=\"section\" id=\"section_2138557013\">\n\t\t<div class=\"bg section-bg fill bg-fill  bg-loaded\" >\n\n\t\t\t\n\t\t\t\n\t\t\t\n\n\t\t<\/div>\n\n\t\t\n\n\t\t<div class=\"section-content relative\">\n\t\t\t\n\n<div class=\"row align-middle\"  id=\"row-1022740990\">\n\n\n\t<div id=\"col-100730028\" class=\"col medium-5 small-12 large-5 small-col-first\"  >\n\t\t\t\t<div class=\"col-inner text-center\"  >\n\t\t\t\n\t\t\t\n\n\t<div class=\"img has-hover x md-x lg-x y md-y lg-y\" id=\"image_1355405588\">\n\t\t\t\t\t\t\t\t<div class=\"img-inner dark\" >\n\t\t\t<img loading=\"lazy\" decoding=\"async\" width=\"448\" height=\"449\" src=\"https:\/\/megamo.eu\/wp-content\/uploads\/2024\/02\/cooperation-marketing-1.webp\" class=\"attachment-original size-original\" alt=\"\" srcset=\"https:\/\/megamo.eu\/wp-content\/uploads\/2024\/02\/cooperation-marketing-1.webp 448w, https:\/\/megamo.eu\/wp-content\/uploads\/2024\/02\/cooperation-marketing-1-399x400.webp 399w, https:\/\/megamo.eu\/wp-content\/uploads\/2024\/02\/cooperation-marketing-1-280x280.webp 280w, https:\/\/megamo.eu\/wp-content\/uploads\/2024\/02\/cooperation-marketing-1-300x300.webp 300w, https:\/\/megamo.eu\/wp-content\/uploads\/2024\/02\/cooperation-marketing-1-100x100.webp 100w\" sizes=\"(max-width: 448px) 100vw, 448px\" \/>\t\t\t\t\t\t\n\t\t\t\t\t<\/div>\n\t\t\t\t\t\t\t\t\n<style>\n#image_1355405588 {\n  width: 75%;\n}\n<\/style>\n\t<\/div>\n\t\n\n\n\t\t<\/div>\n\t\t\t\t\t<\/div>\n\n\t\n\n\t<div id=\"col-1677864685\" class=\"col medium-7 small-12 large-7\"  >\n\t\t\t\t<div class=\"col-inner text-center\"  >\n\t\t\t\n\t\t\t\n\n\t<div id=\"text-1652446183\" class=\"text\">\n\t\t\n\n<h1>Hai s\u0103 devenim parteneri<\/h1>\n\t\t\n<style>\n#text-1652446183 {\n  font-size: 1.3rem;\n  text-align: center;\n}\n@media (min-width:550px) {\n  #text-1652446183 {\n    text-align: center;\n  }\n}\n<\/style>\n\t<\/div>\n\t\n\t<div id=\"text-4158593937\" class=\"text\">\n\t\t\n\n<p>Administrezi o afacere de tip en-gros, distribu\u021bie sau aprovizionare?<br>F\u0103 ca derularea colabor\u0103rii cu tine s\u0103 fie c\u00e2t mai simpl\u0103 pentru clien\u021bii t\u0103i!<\/p>\n<p><b>Contacteaz\u0103-ne \u0219i \u00ee\u021bi vom prezenta toate oportunit\u0103\u021bile care te a\u0219teapt\u0103!<\/b><\/p>\n\t\t\n<style>\n#text-4158593937 {\n  text-align: center;\n}\n@media (min-width:550px) {\n  #text-4158593937 {\n    text-align: center;\n  }\n}\n<\/style>\n\t<\/div>\n\t\n\t<div id=\"text-3597658744\" class=\"text\">\n\t\t\n\n<p><a href=\"tel:+48696107507\">+48 696 107 507<\/a><br>\n<a href=\"#contact-form\">biuro@megamo.pl<\/a><\/p>\n\n\t\t\n<style>\n#text-3597658744 {\n  font-size: 1.8rem;\n}\n<\/style>\n\t<\/div>\n\t\n\n\t\t<\/div>\n\t\t\t\t\t<\/div>\n\n\t\n\n<\/div>\n\n\t\t<\/div>\n\n\t\t\n<style>\n#section_2138557013 {\n  padding-top: 30px;\n  padding-bottom: 30px;\n}\n<\/style>\n\t<\/section>\n\t\n\t<div id=\"gap-765972462\" class=\"gap-element clearfix\" style=\"display:block; height:auto;\">\n\t\t\n<style>\n#gap-765972462 {\n  padding-top: 80px;\n}\n<\/style>\n\t<\/div>\n\t\n\n\t<section class=\"section\" id=\"section_1058191408\">\n\t\t<div class=\"bg section-bg fill bg-fill  bg-loaded\" >\n\n\t\t\t\n\t\t\t\n\t\t\t\n\n\t\t<\/div>\n\n\t\t\n\n\t\t<div class=\"section-content relative\">\n\t\t\t\n\n<div class=\"row\"  id=\"row-1541681711\">\n\n\n\t<div id=\"col-1154623253\" class=\"col small-12 large-12\"  >\n\t\t\t\t<div class=\"col-inner text-center\"  >\n\t\t\t\n\t\t\t\n\n\t<div id=\"text-647898218\" class=\"text\">\n\t\t\n\n<h2>VREI S\u0102-\u021aI EXTINZI BAZA DE CLIEN\u021aI?<\/h2>\n\t\t\n<style>\n#text-647898218 {\n  font-size: 1.2rem;\n  text-align: center;\n  color: rgb(254, 94, 8);\n}\n#text-647898218 > * {\n  color: rgb(254, 94, 8);\n}\n<\/style>\n\t<\/div>\n\t\n\t<div id=\"gap-1715787160\" class=\"gap-element clearfix\" style=\"display:block; height:auto;\">\n\t\t\n<style>\n#gap-1715787160 {\n  padding-top: 40px;\n}\n<\/style>\n\t<\/div>\n\t\n\n\t<div id=\"text-242206217\" class=\"text\">\n\t\t\n\n<p>Partenerilor no\u0219tri existen\u021bi le propunem s\u0103 aleag\u0103 unul dintre bannerele de mai jos pentru a-l afi\u0219a pe landing page sau \u00een sec\u021biunea de Parteneriat. Este o modalitate excelent\u0103 de a le ar\u0103ta clien\u021bilor c\u00e2t de u\u0219or este s\u0103 colaboreze cu tine!<\/p>\n\t\t\n<style>\n#text-242206217 {\n  text-align: left;\n}\n<\/style>\n\t<\/div>\n\t\n\t<div id=\"text-2553247748\" class=\"text\">\n\t\t\n\n<p>*(Dac\u0103 dore\u0219ti ca linkul din banner s\u0103 duc\u0103 direct la depozitul t\u0103u de pe www.megamo.eu, te rug\u0103m s\u0103 ne informezi.)<\/p>\n\t\t\n<style>\n#text-2553247748 {\n  font-size: 0.8rem;\n  text-align: left;\n}\n<\/style>\n\t<\/div>\n\t\n\t<div id=\"gap-136278240\" class=\"gap-element clearfix\" style=\"display:block; height:auto;\">\n\t\t\n<style>\n#gap-136278240 {\n  padding-top: 80px;\n}\n<\/style>\n\t<\/div>\n\t\n\n\t<div id=\"text-3870465773\" class=\"text\">\n\t\t\n\n<h3>Banner 1 &#8211; 1050x240px<p><\/p>\n\t\t\n<style>\n#text-3870465773 {\n  text-align: center;\n  color: #fe5e08;\n}\n#text-3870465773 > * {\n  color: #fe5e08;\n}\n<\/style>\n\t<\/div>\n\t\n\t<div id=\"text-2224475444\" class=\"text\">\n\t\t\n\n<p>Cod HTML de utilizat pe site-ul t\u0103u*<br><code style=\"color: #BD4147; margin: 0px;\">&lt;a href=\"https:\/\/megamo.eu\/\" target=\"_blank\"&gt;&lt;img src=\"https:\/\/megamo.eu\/wp-content\/uploads\/2024\/02\/megamo-automatic-integration-wholesale-1050x240-1.webp\" alt=\"Integrare automat\u0103 a unui magazin cu furnizorul - Dropshipping\" \/&gt;&lt;\/a&gt;<br>\n<\/code><\/p>\n\t\t\n<style>\n#text-2224475444 {\n  text-align: left;\n}\n<\/style>\n\t<\/div>\n\t\n\t<div id=\"text-2537221428\" class=\"text\">\n\t\t\n\n<p>Con\u021binut:<\/p>\n\t\t\n<style>\n#text-2537221428 {\n  font-size: 1.2rem;\n  text-align: center;\n}\n<\/style>\n\t<\/div>\n\t\n\n\n<a href=\"https:\/\/megamo.eu\/\" target=\"_blank\" rel=\"noopener\"><img decoding=\"async\" src=\"https:\/\/megamo.eu\/wp-content\/uploads\/2024\/02\/megamo-automatic-integration-wholesale-1050x240-1.webp\" alt=\"Integrare automat\u0103 a unui magazin cu furnizorul - Dropshipping\"><\/a>\n\n\t<div id=\"gap-1170288261\" class=\"gap-element clearfix\" style=\"display:block; height:auto;\">\n\t\t\n<style>\n#gap-1170288261 {\n  padding-top: 80px;\n}\n<\/style>\n\t<\/div>\n\t\n\n\t<div id=\"text-957905781\" class=\"text\">\n\t\t\n\n<\/h3><h3>Banner 2 &#8211; 1050x240px<p><\/p>\n\t\t\n<style>\n#text-957905781 {\n  text-align: center;\n  color: #fe5e08;\n}\n#text-957905781 > * {\n  color: #fe5e08;\n}\n<\/style>\n\t<\/div>\n\t\n\t<div id=\"text-1598567955\" class=\"text\">\n\t\t\n\n<p>Cod HTML de utilizat pe site-ul t\u0103u*<br><code style=\"color: #BD4147; margin: 0px;\">&lt;a href=\"https:\/\/megamo.eu\/\" target=\"_blank\"&gt;&lt;img src=\"https:\/\/megamo.eu\/wp-content\/uploads\/2024\/02\/megamo-automatic-integration-wholesale-1050x240-2.webp\" alt=\"Integrare automat\u0103 a unui magazin cu furnizorul - Dropshipping\" \/&gt;&lt;\/a&gt;<br>\n<\/code><\/p>\n\t\t\n<style>\n#text-1598567955 {\n  text-align: left;\n}\n<\/style>\n\t<\/div>\n\t\n\t<div id=\"text-1526482561\" class=\"text\">\n\t\t\n\n<p>Con\u021binut:<\/p>\n\t\t\n<style>\n#text-1526482561 {\n  font-size: 1.2rem;\n  text-align: center;\n}\n<\/style>\n\t<\/div>\n\t\n\n\n<a href=\"https:\/\/megamo.eu\/\" target=\"_blank\" rel=\"noopener\"><img decoding=\"async\" src=\"https:\/\/megamo.eu\/wp-content\/uploads\/2024\/02\/megamo-automatic-integration-wholesale-1050x240-2.webp\" alt=\"Integrare automat\u0103 a unui magazin cu furnizorul - Dropshipping\"><\/a>\n\n\n\t\t<\/div>\n\t\t\t\t\t<\/div>\n\n\t\n\n<\/div>\n\t<div id=\"gap-673875165\" class=\"gap-element clearfix\" style=\"display:block; height:auto;\">\n\t\t\n<style>\n#gap-673875165 {\n  padding-top: 80px;\n}\n<\/style>\n\t<\/div>\n\t\n\n\n\t\t<\/div>\n\n\t\t\n<style>\n#section_1058191408 {\n  padding-top: 0px;\n  padding-bottom: 0px;\n}\n<\/style>\n\t<\/section>\n\t<\/h3>\n","protected":false},"excerpt":{"rendered":"","protected":false},"author":2,"featured_media":0,"parent":0,"menu_order":0,"comment_status":"closed","ping_status":"closed","template":"","meta":{"_lmt_disableupdate":"","_lmt_disable":"","footnotes":""},"yoast_head":"<!-- This site is optimized with the Yoast SEO Premium plugin v21.8 (Yoast SEO v23.5) - https:\/\/yoast.com\/wordpress\/plugins\/seo\/ -->\n<title>Resurse de marketing<\/title>\n<meta name=\"description\" content=\"Oprezi o afacere de angro, distribu\u021bie sau furnizare? F\u0103-i u\u0219or clien\u021bilor t\u0103i s\u0103 desf\u0103\u0219oare tranzac\u021bii de afaceri f\u0103r\u0103 probleme!\" \/>\n<meta name=\"robots\" content=\"index, follow, max-snippet:-1, max-image-preview:large, max-video-preview:-1\" \/>\n<link rel=\"canonical\" href=\"https:\/\/megamo.eu\/ro\/resurse-de-marketing\/\" \/>\n<meta property=\"og:locale\" content=\"ro_RO\" \/>\n<meta property=\"og:type\" content=\"article\" \/>\n<meta property=\"og:title\" content=\"Resurse de marketing\" \/>\n<meta property=\"og:description\" content=\"Oprezi o afacere de angro, distribu\u021bie sau furnizare? F\u0103-i u\u0219or clien\u021bilor t\u0103i s\u0103 desf\u0103\u0219oare tranzac\u021bii de afaceri f\u0103r\u0103 probleme!\" \/>\n<meta property=\"og:url\" content=\"https:\/\/megamo.eu\/ro\/resurse-de-marketing\/\" \/>\n<meta property=\"og:site_name\" content=\"megamo.eu\" \/>\n<meta property=\"article:publisher\" content=\"https:\/\/www.facebook.com\/megamoeu\" \/>\n<meta property=\"article:modified_time\" content=\"2025-12-01T13:13:01+00:00\" \/>\n<meta property=\"og:image\" content=\"https:\/\/megamo.eu\/wp-content\/uploads\/2024\/02\/megamo-automatic-integration-wholesale-1050x240-1.webp\" \/>\n<meta name=\"twitter:card\" content=\"summary_large_image\" \/>\n<meta name=\"twitter:label1\" content=\"Timp estimat pentru citire\" \/>\n\t<meta name=\"twitter:data1\" content=\"2 minute\" \/>\n<script type=\"application\/ld+json\" class=\"yoast-schema-graph\">{\"@context\":\"https:\/\/schema.org\",\"@graph\":[{\"@type\":\"WebPage\",\"@id\":\"https:\/\/megamo.eu\/ro\/resurse-de-marketing\/\",\"url\":\"https:\/\/megamo.eu\/ro\/resurse-de-marketing\/\",\"name\":\"Resurse de marketing\",\"isPartOf\":{\"@id\":\"https:\/\/megamo.eu\/ro\/#website\"},\"primaryImageOfPage\":{\"@id\":\"https:\/\/megamo.eu\/ro\/resurse-de-marketing\/#primaryimage\"},\"image\":{\"@id\":\"https:\/\/megamo.eu\/ro\/resurse-de-marketing\/#primaryimage\"},\"thumbnailUrl\":\"https:\/\/megamo.eu\/wp-content\/uploads\/2024\/02\/megamo-automatic-integration-wholesale-1050x240-1.webp\",\"datePublished\":\"2024-02-21T10:46:16+00:00\",\"dateModified\":\"2025-12-01T13:13:01+00:00\",\"description\":\"Oprezi o afacere de angro, distribu\u021bie sau furnizare? F\u0103-i u\u0219or clien\u021bilor t\u0103i s\u0103 desf\u0103\u0219oare tranzac\u021bii de afaceri f\u0103r\u0103 probleme!\",\"breadcrumb\":{\"@id\":\"https:\/\/megamo.eu\/ro\/resurse-de-marketing\/#breadcrumb\"},\"inLanguage\":\"ro-RO\",\"potentialAction\":[{\"@type\":\"ReadAction\",\"target\":[\"https:\/\/megamo.eu\/ro\/resurse-de-marketing\/\"]}]},{\"@type\":\"ImageObject\",\"inLanguage\":\"ro-RO\",\"@id\":\"https:\/\/megamo.eu\/ro\/resurse-de-marketing\/#primaryimage\",\"url\":\"https:\/\/megamo.eu\/wp-content\/uploads\/2024\/02\/megamo-automatic-integration-wholesale-1050x240-1.webp\",\"contentUrl\":\"https:\/\/megamo.eu\/wp-content\/uploads\/2024\/02\/megamo-automatic-integration-wholesale-1050x240-1.webp\"},{\"@type\":\"BreadcrumbList\",\"@id\":\"https:\/\/megamo.eu\/ro\/resurse-de-marketing\/#breadcrumb\",\"itemListElement\":[{\"@type\":\"ListItem\",\"position\":1,\"name\":\"Home\",\"item\":\"https:\/\/megamo.eu\/ro\/\"},{\"@type\":\"ListItem\",\"position\":2,\"name\":\"Resurse de marketing\"}]},{\"@type\":\"WebSite\",\"@id\":\"https:\/\/megamo.eu\/ro\/#website\",\"url\":\"https:\/\/megamo.eu\/ro\/\",\"name\":\"megamo.eu\",\"description\":\"megamo.eu\",\"publisher\":{\"@id\":\"https:\/\/megamo.eu\/ro\/#organization\"},\"potentialAction\":[{\"@type\":\"SearchAction\",\"target\":{\"@type\":\"EntryPoint\",\"urlTemplate\":\"https:\/\/megamo.eu\/ro\/?s={search_term_string}\"},\"query-input\":{\"@type\":\"PropertyValueSpecification\",\"valueRequired\":true,\"valueName\":\"search_term_string\"}}],\"inLanguage\":\"ro-RO\"},{\"@type\":\"Organization\",\"@id\":\"https:\/\/megamo.eu\/ro\/#organization\",\"name\":\"Megamo\",\"alternateName\":\"mgo\",\"url\":\"https:\/\/megamo.eu\/ro\/\",\"logo\":{\"@type\":\"ImageObject\",\"inLanguage\":\"ro-RO\",\"@id\":\"https:\/\/megamo.eu\/ro\/#\/schema\/logo\/image\/\",\"url\":\"https:\/\/megamo.eu\/wp-content\/uploads\/2024\/02\/logo_small.png\",\"contentUrl\":\"https:\/\/megamo.eu\/wp-content\/uploads\/2024\/02\/logo_small.png\",\"width\":300,\"height\":113,\"caption\":\"Megamo\"},\"image\":{\"@id\":\"https:\/\/megamo.eu\/ro\/#\/schema\/logo\/image\/\"},\"sameAs\":[\"https:\/\/www.facebook.com\/megamoeu\",\"https:\/\/www.youtube.com\/@Megamo_en\"]}]}<\/script>\n<!-- \/ Yoast SEO Premium plugin. -->","yoast_head_json":{"title":"Resurse de marketing","description":"Oprezi o afacere de angro, distribu\u021bie sau furnizare? F\u0103-i u\u0219or clien\u021bilor t\u0103i s\u0103 desf\u0103\u0219oare tranzac\u021bii de afaceri f\u0103r\u0103 probleme!","robots":{"index":"index","follow":"follow","max-snippet":"max-snippet:-1","max-image-preview":"max-image-preview:large","max-video-preview":"max-video-preview:-1"},"canonical":"https:\/\/megamo.eu\/ro\/resurse-de-marketing\/","og_locale":"ro_RO","og_type":"article","og_title":"Resurse de marketing","og_description":"Oprezi o afacere de angro, distribu\u021bie sau furnizare? F\u0103-i u\u0219or clien\u021bilor t\u0103i s\u0103 desf\u0103\u0219oare tranzac\u021bii de afaceri f\u0103r\u0103 probleme!","og_url":"https:\/\/megamo.eu\/ro\/resurse-de-marketing\/","og_site_name":"megamo.eu","article_publisher":"https:\/\/www.facebook.com\/megamoeu","article_modified_time":"2025-12-01T13:13:01+00:00","og_image":[{"url":"https:\/\/megamo.eu\/wp-content\/uploads\/2024\/02\/megamo-automatic-integration-wholesale-1050x240-1.webp"}],"twitter_card":"summary_large_image","twitter_misc":{"Timp estimat pentru citire":"2 minute"},"schema":{"@context":"https:\/\/schema.org","@graph":[{"@type":"WebPage","@id":"https:\/\/megamo.eu\/ro\/resurse-de-marketing\/","url":"https:\/\/megamo.eu\/ro\/resurse-de-marketing\/","name":"Resurse de marketing","isPartOf":{"@id":"https:\/\/megamo.eu\/ro\/#website"},"primaryImageOfPage":{"@id":"https:\/\/megamo.eu\/ro\/resurse-de-marketing\/#primaryimage"},"image":{"@id":"https:\/\/megamo.eu\/ro\/resurse-de-marketing\/#primaryimage"},"thumbnailUrl":"https:\/\/megamo.eu\/wp-content\/uploads\/2024\/02\/megamo-automatic-integration-wholesale-1050x240-1.webp","datePublished":"2024-02-21T10:46:16+00:00","dateModified":"2025-12-01T13:13:01+00:00","description":"Oprezi o afacere de angro, distribu\u021bie sau furnizare? F\u0103-i u\u0219or clien\u021bilor t\u0103i s\u0103 desf\u0103\u0219oare tranzac\u021bii de afaceri f\u0103r\u0103 probleme!","breadcrumb":{"@id":"https:\/\/megamo.eu\/ro\/resurse-de-marketing\/#breadcrumb"},"inLanguage":"ro-RO","potentialAction":[{"@type":"ReadAction","target":["https:\/\/megamo.eu\/ro\/resurse-de-marketing\/"]}]},{"@type":"ImageObject","inLanguage":"ro-RO","@id":"https:\/\/megamo.eu\/ro\/resurse-de-marketing\/#primaryimage","url":"https:\/\/megamo.eu\/wp-content\/uploads\/2024\/02\/megamo-automatic-integration-wholesale-1050x240-1.webp","contentUrl":"https:\/\/megamo.eu\/wp-content\/uploads\/2024\/02\/megamo-automatic-integration-wholesale-1050x240-1.webp"},{"@type":"BreadcrumbList","@id":"https:\/\/megamo.eu\/ro\/resurse-de-marketing\/#breadcrumb","itemListElement":[{"@type":"ListItem","position":1,"name":"Home","item":"https:\/\/megamo.eu\/ro\/"},{"@type":"ListItem","position":2,"name":"Resurse de marketing"}]},{"@type":"WebSite","@id":"https:\/\/megamo.eu\/ro\/#website","url":"https:\/\/megamo.eu\/ro\/","name":"megamo.eu","description":"megamo.eu","publisher":{"@id":"https:\/\/megamo.eu\/ro\/#organization"},"potentialAction":[{"@type":"SearchAction","target":{"@type":"EntryPoint","urlTemplate":"https:\/\/megamo.eu\/ro\/?s={search_term_string}"},"query-input":{"@type":"PropertyValueSpecification","valueRequired":true,"valueName":"search_term_string"}}],"inLanguage":"ro-RO"},{"@type":"Organization","@id":"https:\/\/megamo.eu\/ro\/#organization","name":"Megamo","alternateName":"mgo","url":"https:\/\/megamo.eu\/ro\/","logo":{"@type":"ImageObject","inLanguage":"ro-RO","@id":"https:\/\/megamo.eu\/ro\/#\/schema\/logo\/image\/","url":"https:\/\/megamo.eu\/wp-content\/uploads\/2024\/02\/logo_small.png","contentUrl":"https:\/\/megamo.eu\/wp-content\/uploads\/2024\/02\/logo_small.png","width":300,"height":113,"caption":"Megamo"},"image":{"@id":"https:\/\/megamo.eu\/ro\/#\/schema\/logo\/image\/"},"sameAs":["https:\/\/www.facebook.com\/megamoeu","https:\/\/www.youtube.com\/@Megamo_en"]}]}},"_links":{"self":[{"href":"https:\/\/megamo.eu\/ro\/wp-json\/wp\/v2\/pages\/47472"}],"collection":[{"href":"https:\/\/megamo.eu\/ro\/wp-json\/wp\/v2\/pages"}],"about":[{"href":"https:\/\/megamo.eu\/ro\/wp-json\/wp\/v2\/types\/page"}],"author":[{"embeddable":true,"href":"https:\/\/megamo.eu\/ro\/wp-json\/wp\/v2\/users\/2"}],"replies":[{"embeddable":true,"href":"https:\/\/megamo.eu\/ro\/wp-json\/wp\/v2\/comments?post=47472"}],"version-history":[{"count":3,"href":"https:\/\/megamo.eu\/ro\/wp-json\/wp\/v2\/pages\/47472\/revisions"}],"predecessor-version":[{"id":62102,"href":"https:\/\/megamo.eu\/ro\/wp-json\/wp\/v2\/pages\/47472\/revisions\/62102"}],"wp:attachment":[{"href":"https:\/\/megamo.eu\/ro\/wp-json\/wp\/v2\/media?parent=47472"}],"curies":[{"name":"wp","href":"https:\/\/api.w.org\/{rel}","templated":true}]}}