{"id":47446,"date":"2024-02-23T10:06:30","date_gmt":"2024-02-23T09:06:30","guid":{"rendered":"https:\/\/megamo.eu\/integrations-with-suppliers\/"},"modified":"2025-12-16T09:21:42","modified_gmt":"2025-12-16T08:21:42","slug":"integrari-cu-furnizori","status":"publish","type":"page","link":"https:\/\/megamo.eu\/ro\/integrari-cu-furnizori\/","title":{"rendered":"Integr\u0103ri cu furnizori"},"content":{"rendered":"\n\t<div id=\"gap-1260320432\" class=\"gap-element clearfix\" style=\"display:block; height:auto;\">\n\t\t\n<style>\n#gap-1260320432 {\n  padding-top: 60px;\n}\n<\/style>\n\t<\/div>\n\t\n\n\t<section class=\"section\" id=\"section_70652567\">\n\t\t<div class=\"bg section-bg fill bg-fill  bg-loaded\" >\n\n\t\t\t\n\t\t\t\n\t\t\t\n\n\t\t<\/div>\n\n\t\t\n\n\t\t<div class=\"section-content relative\">\n\t\t\t\n\n<div class=\"row\"  id=\"row-43124349\">\n\n\n\t<div id=\"col-985076648\" class=\"col small-12 large-12\"  >\n\t\t\t\t<div class=\"col-inner\"  >\n\t\t\t\n\t\t\t\n\n\t<div id=\"text-2666040398\" class=\"text\">\n\t\t\n\n<h1>Integr\u0103ri cu furnizorii<\/h1>\n\t\t\n<style>\n#text-2666040398 {\n  font-size: 1.3rem;\n}\n<\/style>\n\t<\/div>\n\t\n<p>Catalog de furnizori<\/p>\n\n\n<div style=\"border-bottom: 1px solid #dddddd;\"><\/div>\n\n<div class=\"row align-middle\"  id=\"row-669673100\">\n\n\n\t<div id=\"col-1081709110\" class=\"col medium-3 small-6 large-3\"  >\n\t\t\t\t<div class=\"col-inner text-center\"  >\n\t\t\t\n\t\t\t\n\n\n\n<a style=\"font-size: 0.9rem;\" href=\"\/ro\/integrari-cu-furnizori\/accesorii-furnizori-de-telefoane\/\">Accesorii, furnizori de telefoane<\/a>\n\n\n\t\t<\/div>\n\t\t\t\t\n<style>\n#col-1081709110 > .col-inner {\n  padding: 30px 15px 0px 15px;\n}\n<\/style>\n\t<\/div>\n\n\t\n\n\t<div id=\"col-1176323017\" class=\"col medium-3 small-6 large-3\"  >\n\t\t\t\t<div class=\"col-inner text-center\"  >\n\t\t\t\n\t\t\t\n\n\n\n<a style=\"font-size: 0.9rem;\" href=\"\/ro\/integrari-cu-furnizori\/furnizori-de-produse-chimice-si-cosmetice\/\">Furnizori de produse chimice \u0219i cosmetice<\/a>\n\n\n\t\t<\/div>\n\t\t\t\t\n<style>\n#col-1176323017 > .col-inner {\n  padding: 30px 15px 0px 15px;\n}\n<\/style>\n\t<\/div>\n\n\t\n\n\t<div id=\"col-960989549\" class=\"col medium-3 small-6 large-3\"  >\n\t\t\t\t<div class=\"col-inner text-center\"  >\n\t\t\t\n\t\t\t\n\n\n\n<a style=\"font-size: 0.9rem;\" href=\"\/ro\/integrari-cu-furnizori\/furnizori-it-electrocasnice-si-componente-electronice\/\">Furnizori IT, electrocasnice \u0219i componente electronice<\/a>\n\n\n\t\t<\/div>\n\t\t\t\t\n<style>\n#col-960989549 > .col-inner {\n  padding: 30px 15px 0px 15px;\n}\n<\/style>\n\t<\/div>\n\n\t\n\n\t<div id=\"col-332129019\" class=\"col medium-3 small-6 large-3\"  >\n\t\t\t\t<div class=\"col-inner text-center\"  >\n\t\t\t\n\t\t\t\n\n\n\n<a style=\"font-size: 0.9rem;\" href=\"\/ro\/integrari-cu-furnizori\/furnizori-de-constructii-sanatate-si-siguranta-unelte\/\">Furnizori de construc\u021bii, s\u0103n\u0103tate \u0219i siguran\u021b\u0103, unelte<\/a>\n\n\n\t\t<\/div>\n\t\t\t\t\n<style>\n#col-332129019 > .col-inner {\n  padding: 30px 15px 0px 15px;\n}\n<\/style>\n\t<\/div>\n\n\t\n\n<\/div>\n\n\n<div style=\"border-bottom: 1px solid #dddddd;\"><\/div>\n\n<div class=\"row align-middle\"  id=\"row-1859356151\">\n\n\n\t<div id=\"col-1671505139\" class=\"col medium-3 small-6 large-3\"  >\n\t\t\t\t<div class=\"col-inner text-center\"  >\n\t\t\t\n\t\t\t\n\n\n\n<a style=\"font-size: 0.9rem;\" href=\"\/ro\/integrari-cu-furnizori\/furnizori-de-produse-ecologice-si-sanatate\/\">Furnizori de produse ecologice \u0219i s\u0103n\u0103tate<\/a>\n\n\n\t\t<\/div>\n\t\t\t\t\n<style>\n#col-1671505139 > .col-inner {\n  padding: 30px 15px 0px 15px;\n}\n<\/style>\n\t<\/div>\n\n\t\n\n\t<div id=\"col-943422376\" class=\"col medium-3 small-6 large-3\"  >\n\t\t\t\t<div class=\"col-inner text-center\"  >\n\t\t\t\n\t\t\t\n\n\n\n<a style=\"font-size: 0.9rem;\" href=\"\/ro\/integrari-cu-furnizori\/furnizori-de-electronice-si-automatizari\/\">Furnizori de electronice \u0219i automatiz\u0103ri<\/a>\n\n\n\t\t<\/div>\n\t\t\t\t\n<style>\n#col-943422376 > .col-inner {\n  padding: 30px 15px 0px 15px;\n}\n<\/style>\n\t<\/div>\n\n\t\n\n\t<div id=\"col-1798980759\" class=\"col medium-3 small-6 large-3\"  >\n\t\t\t\t<div class=\"col-inner text-center\"  >\n\t\t\t\n\t\t\t\n\n\n\n<a style=\"font-size: 0.9rem;\" href=\"\/ro\/integrari-cu-furnizori\/furnizori-de-articole-erotice\/\">Furnizori de articole erotice<\/a>\n\n\n\t\t<\/div>\n\t\t\t\t\n<style>\n#col-1798980759 > .col-inner {\n  padding: 30px 15px 0px 15px;\n}\n<\/style>\n\t<\/div>\n\n\t\n\n\t<div id=\"col-342112528\" class=\"col medium-3 small-6 large-3\"  >\n\t\t\t\t<div class=\"col-inner text-center\"  >\n\t\t\t\n\t\t\t\n\n\n\n<a style=\"font-size: 0.9rem;\" href=\"\/ro\/integrari-cu-furnizori\/furnizori-de-moda-lenjerie-bijuterii-imbracaminte\/\">Furnizori de mod\u0103, lenjerie, bijuterii, \u00eembr\u0103c\u0103minte<\/a>\n\n\n\t\t<\/div>\n\t\t\t\t\n<style>\n#col-342112528 > .col-inner {\n  padding: 30px 15px 0px 15px;\n}\n<\/style>\n\t<\/div>\n\n\t\n\n<\/div>\n\n\n<div style=\"border-bottom: 1px solid #dddddd;\"><\/div>\n\n<div class=\"row align-middle\"  id=\"row-1954247838\">\n\n\n\t<div id=\"col-1171694277\" class=\"col medium-3 small-6 large-3\"  >\n\t\t\t\t<div class=\"col-inner text-center\"  >\n\t\t\t\n\t\t\t\n\n\n\n<a style=\"font-size: 0.9rem;\" href=\"\/ro\/integrari-cu-furnizori\/furnizori-de-fitness-si-sport\/\">Furnizori de fitness \u0219i sport<\/a>\n\n\n\t\t<\/div>\n\t\t\t\t\n<style>\n#col-1171694277 > .col-inner {\n  padding: 30px 15px 0px 15px;\n}\n<\/style>\n\t<\/div>\n\n\t\n\n\t<div id=\"col-1234300043\" class=\"col medium-3 small-6 large-3\"  >\n\t\t\t\t<div class=\"col-inner text-center\"  >\n\t\t\t\n\t\t\t\n\n\n\n<a style=\"font-size: 0.9rem;\" href=\"\/ro\/integrari-cu-furnizori\/furnizori-de-produse-pentru-copii-si-jucarii\/\">Furnizori de produse pentru copii \u0219i juc\u0103rii<\/a>\n\n\n\t\t<\/div>\n\t\t\t\t\n<style>\n#col-1234300043 > .col-inner {\n  padding: 30px 15px 0px 15px;\n}\n<\/style>\n\t<\/div>\n\n\t\n\n\t<div id=\"col-784825566\" class=\"col medium-3 small-6 large-3\"  >\n\t\t\t\t<div class=\"col-inner text-center\"  >\n\t\t\t\n\t\t\t\n\n\n\n<a style=\"font-size: 0.9rem;\" href=\"\/ro\/integrari-cu-furnizori\/furnizori-de-gadgeturi-si-cadouri\/\">Furnizori de gadgeturi \u0219i cadouri<\/a>\n\n\n\t\t<\/div>\n\t\t\t\t\n<style>\n#col-784825566 > .col-inner {\n  padding: 30px 15px 0px 15px;\n}\n<\/style>\n\t<\/div>\n\n\t\n\n\t<div id=\"col-24017051\" class=\"col medium-3 small-6 large-3\"  >\n\t\t\t\t<div class=\"col-inner text-center\"  >\n\t\t\t\n\t\t\t\n\n\n\n<a style=\"font-size: 0.9rem;\" href=\"\/ro\/integrari-cu-furnizori\/furnizori-de-decoratiuni-interioare-si-design\/\">Furnizori de decora\u021biuni interioare \u0219i design<\/a>\n\n\n\t\t<\/div>\n\t\t\t\t\n<style>\n#col-24017051 > .col-inner {\n  padding: 30px 15px 0px 15px;\n}\n<\/style>\n\t<\/div>\n\n\t\n\n<\/div>\n\n\n<div style=\"border-bottom: 1px solid #dddddd;\"><\/div>\n\n<div class=\"row align-middle\"  id=\"row-871763615\">\n\n\n\t<div id=\"col-1444454263\" class=\"col medium-3 small-6 large-3\"  >\n\t\t\t\t<div class=\"col-inner text-center\"  >\n\t\t\t\n\t\t\t\n\n\n\n<a style=\"font-size: 0.9rem;\" href=\"\/ro\/integrari-cu-furnizori\/furnizori-de-accesorii-auto-si-motorizare\/\">Furnizori de accesorii auto \u0219i motorizare<\/a>\n\n\n\t\t<\/div>\n\t\t\t\t\n<style>\n#col-1444454263 > .col-inner {\n  padding: 30px 15px 0px 15px;\n}\n<\/style>\n\t<\/div>\n\n\t\n\n\t<div id=\"col-461984699\" class=\"col medium-3 small-6 large-3\"  >\n\t\t\t\t<div class=\"col-inner text-center\"  >\n\t\t\t\n\t\t\t\n\n\n\n<a style=\"font-size: 0.9rem;\" href=\"\/ro\/integrari-cu-furnizori\/multi-depozit\/\">Multi-depozit<\/a>\n\n\n\t\t<\/div>\n\t\t\t\t\n<style>\n#col-461984699 > .col-inner {\n  padding: 30px 15px 0px 15px;\n}\n<\/style>\n\t<\/div>\n\n\t\n\n\t<div id=\"col-1046259813\" class=\"col medium-3 small-6 large-3\"  >\n\t\t\t\t<div class=\"col-inner text-center\"  >\n\t\t\t\n\t\t\t\n\n\n\n<a style=\"font-size: 0.9rem;\" href=\"\/ro\/integrari-cu-furnizori\/furnizori-de-muzica-si-carti\/\">Furnizori de muzic\u0103 \u0219i c\u0103r\u021bi<\/a>\n\n\n\t\t<\/div>\n\t\t\t\t\n<style>\n#col-1046259813 > .col-inner {\n  padding: 30px 15px 0px 15px;\n}\n<\/style>\n\t<\/div>\n\n\t\n\n\t<div id=\"col-1340495528\" class=\"col medium-3 small-6 large-3\"  >\n\t\t\t\t<div class=\"col-inner text-center\"  >\n\t\t\t\n\t\t\t\n\n\n\n<a style=\"font-size: 0.9rem;\" href=\"\/ro\/integrari-cu-furnizori\/furnizori-de-arme-survival-si-militar\/\">Furnizori de arme, survival \u0219i militar<\/a>\n\n\n\t\t<\/div>\n\t\t\t\t\n<style>\n#col-1340495528 > .col-inner {\n  padding: 30px 15px 0px 15px;\n}\n<\/style>\n\t<\/div>\n\n\t\n\n<\/div>\n\n\n<div style=\"border-bottom: 1px solid #dddddd;\"><\/div>\n\n<div class=\"row align-middle\"  id=\"row-987446325\">\n\n\n\t<div id=\"col-59188776\" class=\"col medium-3 small-6 large-3\"  >\n\t\t\t\t<div class=\"col-inner text-center\"  >\n\t\t\t\n\t\t\t\n\n\n\n<a style=\"font-size: 0.9rem;\" href=\"\/ro\/integrari-cu-furnizori\/furnizori-de-produse-zoologice-si-pentru-animale\/\">Furnizori de produse zoologice \u0219i pentru animale<\/a>\n\n\n\t\t<\/div>\n\t\t\t\t\n<style>\n#col-59188776 > .col-inner {\n  padding: 30px 15px 0px 15px;\n}\n<\/style>\n\t<\/div>\n\n\t\n\n<\/div>\n\n\t\t<\/div>\n\t\t\t\t\t<\/div>\n\n\t\n\n<\/div>\n\n\t\t<\/div>\n\n\t\t\n<style>\n#section_70652567 {\n  padding-top: 30px;\n  padding-bottom: 30px;\n}\n<\/style>\n\t<\/section>\n\t\n\t<div id=\"gap-1309949573\" class=\"gap-element clearfix\" style=\"display:block; height:auto;\">\n\t\t\n<style>\n#gap-1309949573 {\n  padding-top: 60px;\n}\n<\/style>\n\t<\/div>\n\t\n\n\n","protected":false},"excerpt":{"rendered":"","protected":false},"author":2,"featured_media":0,"parent":0,"menu_order":0,"comment_status":"closed","ping_status":"closed","template":"","meta":{"_lmt_disableupdate":"","_lmt_disable":"","footnotes":""},"yoast_head":"<!-- This site is optimized with the Yoast SEO Premium plugin v21.8 (Yoast SEO v23.5) - https:\/\/yoast.com\/wordpress\/plugins\/seo\/ -->\n<title>Integr\u0103ri cu furnizori<\/title>\n<meta name=\"description\" content=\"Integr\u0103ri cu furnizori \u0219i dropshipping. Alege categoriile de furnizori \u0219i \u00eencepe s\u0103 vinzi produsele lor.\" \/>\n<meta name=\"robots\" content=\"index, follow, max-snippet:-1, max-image-preview:large, max-video-preview:-1\" \/>\n<link rel=\"canonical\" href=\"https:\/\/megamo.eu\/ro\/integrari-cu-furnizori\/\" \/>\n<meta property=\"og:locale\" content=\"ro_RO\" \/>\n<meta property=\"og:type\" content=\"article\" \/>\n<meta property=\"og:title\" content=\"Integr\u0103ri cu furnizori\" \/>\n<meta property=\"og:description\" content=\"Integr\u0103ri cu furnizori \u0219i dropshipping. Alege categoriile de furnizori \u0219i \u00eencepe s\u0103 vinzi produsele lor.\" \/>\n<meta property=\"og:url\" content=\"https:\/\/megamo.eu\/ro\/integrari-cu-furnizori\/\" \/>\n<meta property=\"og:site_name\" content=\"megamo.eu\" \/>\n<meta property=\"article:publisher\" content=\"https:\/\/www.facebook.com\/megamoeu\" \/>\n<meta property=\"article:modified_time\" content=\"2025-12-16T08:21:42+00:00\" \/>\n<meta name=\"twitter:card\" content=\"summary_large_image\" \/>\n<meta name=\"twitter:label1\" content=\"Timp estimat pentru citire\" \/>\n\t<meta name=\"twitter:data1\" content=\"2 minute\" \/>\n<script type=\"application\/ld+json\" class=\"yoast-schema-graph\">{\"@context\":\"https:\/\/schema.org\",\"@graph\":[{\"@type\":\"WebPage\",\"@id\":\"https:\/\/megamo.eu\/ro\/integrari-cu-furnizori\/\",\"url\":\"https:\/\/megamo.eu\/ro\/integrari-cu-furnizori\/\",\"name\":\"Integr\u0103ri cu furnizori\",\"isPartOf\":{\"@id\":\"https:\/\/megamo.eu\/ro\/#website\"},\"datePublished\":\"2024-02-23T09:06:30+00:00\",\"dateModified\":\"2025-12-16T08:21:42+00:00\",\"description\":\"Integr\u0103ri cu furnizori \u0219i dropshipping. Alege categoriile de furnizori \u0219i \u00eencepe s\u0103 vinzi produsele lor.\",\"breadcrumb\":{\"@id\":\"https:\/\/megamo.eu\/ro\/integrari-cu-furnizori\/#breadcrumb\"},\"inLanguage\":\"ro-RO\",\"potentialAction\":[{\"@type\":\"ReadAction\",\"target\":[\"https:\/\/megamo.eu\/ro\/integrari-cu-furnizori\/\"]}]},{\"@type\":\"BreadcrumbList\",\"@id\":\"https:\/\/megamo.eu\/ro\/integrari-cu-furnizori\/#breadcrumb\",\"itemListElement\":[{\"@type\":\"ListItem\",\"position\":1,\"name\":\"Home\",\"item\":\"https:\/\/megamo.eu\/ro\/\"},{\"@type\":\"ListItem\",\"position\":2,\"name\":\"Integr\u0103ri cu furnizori\"}]},{\"@type\":\"WebSite\",\"@id\":\"https:\/\/megamo.eu\/ro\/#website\",\"url\":\"https:\/\/megamo.eu\/ro\/\",\"name\":\"megamo.eu\",\"description\":\"megamo.eu\",\"publisher\":{\"@id\":\"https:\/\/megamo.eu\/ro\/#organization\"},\"potentialAction\":[{\"@type\":\"SearchAction\",\"target\":{\"@type\":\"EntryPoint\",\"urlTemplate\":\"https:\/\/megamo.eu\/ro\/?s={search_term_string}\"},\"query-input\":{\"@type\":\"PropertyValueSpecification\",\"valueRequired\":true,\"valueName\":\"search_term_string\"}}],\"inLanguage\":\"ro-RO\"},{\"@type\":\"Organization\",\"@id\":\"https:\/\/megamo.eu\/ro\/#organization\",\"name\":\"Megamo\",\"alternateName\":\"mgo\",\"url\":\"https:\/\/megamo.eu\/ro\/\",\"logo\":{\"@type\":\"ImageObject\",\"inLanguage\":\"ro-RO\",\"@id\":\"https:\/\/megamo.eu\/ro\/#\/schema\/logo\/image\/\",\"url\":\"https:\/\/megamo.eu\/wp-content\/uploads\/2024\/02\/logo_small.png\",\"contentUrl\":\"https:\/\/megamo.eu\/wp-content\/uploads\/2024\/02\/logo_small.png\",\"width\":300,\"height\":113,\"caption\":\"Megamo\"},\"image\":{\"@id\":\"https:\/\/megamo.eu\/ro\/#\/schema\/logo\/image\/\"},\"sameAs\":[\"https:\/\/www.facebook.com\/megamoeu\",\"https:\/\/www.youtube.com\/@Megamo_en\"]}]}<\/script>\n<!-- \/ Yoast SEO Premium plugin. -->","yoast_head_json":{"title":"Integr\u0103ri cu furnizori","description":"Integr\u0103ri cu furnizori \u0219i dropshipping. Alege categoriile de furnizori \u0219i \u00eencepe s\u0103 vinzi produsele lor.","robots":{"index":"index","follow":"follow","max-snippet":"max-snippet:-1","max-image-preview":"max-image-preview:large","max-video-preview":"max-video-preview:-1"},"canonical":"https:\/\/megamo.eu\/ro\/integrari-cu-furnizori\/","og_locale":"ro_RO","og_type":"article","og_title":"Integr\u0103ri cu furnizori","og_description":"Integr\u0103ri cu furnizori \u0219i dropshipping. Alege categoriile de furnizori \u0219i \u00eencepe s\u0103 vinzi produsele lor.","og_url":"https:\/\/megamo.eu\/ro\/integrari-cu-furnizori\/","og_site_name":"megamo.eu","article_publisher":"https:\/\/www.facebook.com\/megamoeu","article_modified_time":"2025-12-16T08:21:42+00:00","twitter_card":"summary_large_image","twitter_misc":{"Timp estimat pentru citire":"2 minute"},"schema":{"@context":"https:\/\/schema.org","@graph":[{"@type":"WebPage","@id":"https:\/\/megamo.eu\/ro\/integrari-cu-furnizori\/","url":"https:\/\/megamo.eu\/ro\/integrari-cu-furnizori\/","name":"Integr\u0103ri cu furnizori","isPartOf":{"@id":"https:\/\/megamo.eu\/ro\/#website"},"datePublished":"2024-02-23T09:06:30+00:00","dateModified":"2025-12-16T08:21:42+00:00","description":"Integr\u0103ri cu furnizori \u0219i dropshipping. Alege categoriile de furnizori \u0219i \u00eencepe s\u0103 vinzi produsele lor.","breadcrumb":{"@id":"https:\/\/megamo.eu\/ro\/integrari-cu-furnizori\/#breadcrumb"},"inLanguage":"ro-RO","potentialAction":[{"@type":"ReadAction","target":["https:\/\/megamo.eu\/ro\/integrari-cu-furnizori\/"]}]},{"@type":"BreadcrumbList","@id":"https:\/\/megamo.eu\/ro\/integrari-cu-furnizori\/#breadcrumb","itemListElement":[{"@type":"ListItem","position":1,"name":"Home","item":"https:\/\/megamo.eu\/ro\/"},{"@type":"ListItem","position":2,"name":"Integr\u0103ri cu furnizori"}]},{"@type":"WebSite","@id":"https:\/\/megamo.eu\/ro\/#website","url":"https:\/\/megamo.eu\/ro\/","name":"megamo.eu","description":"megamo.eu","publisher":{"@id":"https:\/\/megamo.eu\/ro\/#organization"},"potentialAction":[{"@type":"SearchAction","target":{"@type":"EntryPoint","urlTemplate":"https:\/\/megamo.eu\/ro\/?s={search_term_string}"},"query-input":{"@type":"PropertyValueSpecification","valueRequired":true,"valueName":"search_term_string"}}],"inLanguage":"ro-RO"},{"@type":"Organization","@id":"https:\/\/megamo.eu\/ro\/#organization","name":"Megamo","alternateName":"mgo","url":"https:\/\/megamo.eu\/ro\/","logo":{"@type":"ImageObject","inLanguage":"ro-RO","@id":"https:\/\/megamo.eu\/ro\/#\/schema\/logo\/image\/","url":"https:\/\/megamo.eu\/wp-content\/uploads\/2024\/02\/logo_small.png","contentUrl":"https:\/\/megamo.eu\/wp-content\/uploads\/2024\/02\/logo_small.png","width":300,"height":113,"caption":"Megamo"},"image":{"@id":"https:\/\/megamo.eu\/ro\/#\/schema\/logo\/image\/"},"sameAs":["https:\/\/www.facebook.com\/megamoeu","https:\/\/www.youtube.com\/@Megamo_en"]}]}},"_links":{"self":[{"href":"https:\/\/megamo.eu\/ro\/wp-json\/wp\/v2\/pages\/47446"}],"collection":[{"href":"https:\/\/megamo.eu\/ro\/wp-json\/wp\/v2\/pages"}],"about":[{"href":"https:\/\/megamo.eu\/ro\/wp-json\/wp\/v2\/types\/page"}],"author":[{"embeddable":true,"href":"https:\/\/megamo.eu\/ro\/wp-json\/wp\/v2\/users\/2"}],"replies":[{"embeddable":true,"href":"https:\/\/megamo.eu\/ro\/wp-json\/wp\/v2\/comments?post=47446"}],"version-history":[{"count":3,"href":"https:\/\/megamo.eu\/ro\/wp-json\/wp\/v2\/pages\/47446\/revisions"}],"predecessor-version":[{"id":63731,"href":"https:\/\/megamo.eu\/ro\/wp-json\/wp\/v2\/pages\/47446\/revisions\/63731"}],"wp:attachment":[{"href":"https:\/\/megamo.eu\/ro\/wp-json\/wp\/v2\/media?parent=47446"}],"curies":[{"name":"wp","href":"https:\/\/api.w.org\/{rel}","templated":true}]}}