{"id":47442,"date":"2024-11-15T09:57:38","date_gmt":"2024-11-15T08:57:38","guid":{"rendered":"https:\/\/megamo.eu\/case-studies\/integration-of-multiple-shopify-locations-with-suppliers\/"},"modified":"2025-12-16T09:14:41","modified_gmt":"2025-12-16T08:14:41","slug":"integrarea-mai-multor-locatii-shopify-cu-furnizori","status":"publish","type":"page","link":"https:\/\/megamo.eu\/ro\/studii-de-caz\/integrarea-mai-multor-locatii-shopify-cu-furnizori\/","title":{"rendered":"Integrarea mai multor loca\u021bii Shopify cu furnizori"},"content":{"rendered":"\n\t<section class=\"section\" id=\"section_1032284538\">\n\t\t<div class=\"bg section-bg fill bg-fill  bg-loaded\" >\n\n\t\t\t\n\t\t\t\n\t\t\t\n\n\t\t<\/div>\n\n\t\t\n\n\t\t<div class=\"section-content relative\">\n\t\t\t\n\n<div class=\"row row-collapse row-full-width row-divided\"  id=\"row-306255353\">\n\n\n\t<div id=\"col-555333110\" class=\"col casestudiescol medium-2 small-12 large-2\"  >\n\t\t<div class=\"is-sticky-column\"><div class=\"is-sticky-column__inner\">\t\t<div class=\"col-inner\"  >\n\t\t\t\n\t\t\t\n\n\t<div id=\"gap-1329802478\" class=\"gap-element clearfix\" style=\"display:block; height:auto;\">\n\t\t\n<style>\n#gap-1329802478 {\n  padding-top: 60px;\n}\n<\/style>\n\t<\/div>\n\t\n\n\t<div id=\"text-2535555797\" class=\"text casestudieshead\">\n\t\t\n\n<h4 id=\"case_nav\">STUDII DE CAZ<\/h4>\n\t\t\t<\/div>\n\t\n<div class=\"nav-wrapper\"><ul class=\"nav casestudiesnav nav-uppercase nav-vertical nav-line text-left nav-left\"><li class=><a href=\"https:\/\/megamo.eu\/ro\/studii-de-caz\/integrarea-ean-cu-woocommerce-prin-api\/\">Integrarea EAN cu WooCommerce prin API<\/a><\/li><li class=><a href=\"https:\/\/megamo.eu\/ro\/studii-de-caz\/importarea-categoriilor-selectate-de-furnizori-in-megamo-integrator\/\">Importarea categoriilor selectate de furnizori \u00een Megamo Integrator<\/a><\/li><li class=><a href=\"https:\/\/megamo.eu\/ro\/studii-de-caz\/implementarea-transferului-automat-de-comenzi\/\">Implementarea transferului automat de comenzi<\/a><\/li><li class=active><a href=\"https:\/\/megamo.eu\/ro\/studii-de-caz\/integrarea-mai-multor-locatii-shopify-cu-furnizori\/\">Integrarea mai multor loca\u021bii Shopify cu furnizori<\/a><\/li><\/ul><\/div>\n\n\t<div id=\"gap-346532282\" class=\"gap-element clearfix\" style=\"display:block; height:auto;\">\n\t\t\n<style>\n#gap-346532282 {\n  padding-top: 60px;\n}\n<\/style>\n\t<\/div>\n\t\n\n\n\t\t<\/div>\n\t\t<\/div><\/div>\t\t\t<\/div>\n\n\t\n\n\t<div id=\"col-2057894570\" class=\"col casestudiescol2 medium-10 small-12 large-10 small-col-first\"  >\n\t\t\t\t<div class=\"col-inner\"  >\n\t\t\t\n\t\t\t\n\n<div class=\"row row-collapse row-full-width row-divided\"  id=\"row-1260508494\">\n\n\n\t<div id=\"col-346062383\" class=\"col casestudiescol2 medium-9 small-12 large-9\"  >\n\t\t\t\t<div class=\"col-inner\"  >\n\t\t\t\n\t\t\t\n\n\t<div id=\"gap-1807942937\" class=\"gap-element clearfix\" style=\"display:block; height:auto;\">\n\t\t\n<style>\n#gap-1807942937 {\n  padding-top: 60px;\n}\n<\/style>\n\t<\/div>\n\t\n\n\t<div id=\"text-584502420\" class=\"text show-for-small\">\n\t\t\n\n<p><a href=\"#case_nav\">deruleaz\u0103 la navigare\u2002<i class=\"icon-angle-down\"><\/i><\/a><\/p>\n\t\t\n<style>\n#text-584502420 {\n  font-size: 0.8rem;\n  text-align: right;\n}\n<\/style>\n\t<\/div>\n\t\n<h1 class=\"entry-title\">Integrarea mai multor loca\u021bii Shopify cu furnizori<\/h1>\n\t<div class=\"img has-hover casestudiesimg x md-x lg-x y md-y lg-y\" id=\"image_1825979536\">\n\t\t\t\t\t\t\t\t<div class=\"img-inner dark\" >\n\t\t\t<img loading=\"lazy\" decoding=\"async\" width=\"1200\" height=\"600\" src=\"https:\/\/megamo.eu\/wp-content\/uploads\/2024\/11\/locations_suppliers.webp\" class=\"attachment-original size-original\" alt=\"\" srcset=\"https:\/\/megamo.eu\/wp-content\/uploads\/2024\/11\/locations_suppliers.webp 1200w, https:\/\/megamo.eu\/wp-content\/uploads\/2024\/11\/locations_suppliers-800x400.webp 800w, https:\/\/megamo.eu\/wp-content\/uploads\/2024\/11\/locations_suppliers-768x384.webp 768w, https:\/\/megamo.eu\/wp-content\/uploads\/2024\/11\/locations_suppliers-600x300.webp 600w\" sizes=\"(max-width: 1200px) 100vw, 1200px\" \/>\t\t\t\t\t\t\n\t\t\t\t\t<\/div>\n\t\t\t\t\t\t\t\t\n<style>\n#image_1825979536 {\n  width: 100%;\n}\n<\/style>\n\t<\/div>\n\t\n\n\n\n<h3><i class=\"icon-clock\"><\/i>\u2002lectur\u0103 de 3 min<\/h3><div class=\"entry-divider is-divider small\"><\/div>\n\n<div class=\"row row-full-width casestudiesrowhs\"  id=\"row-1916256311\">\n\n\n\t<div id=\"col-1349371172\" class=\"col casestudiehs small-12 large-12\"  >\n\t\t\t\t<div class=\"col-inner\" style=\"background-color:rgb(245, 245, 245);\" >\n\t\t\t\n\t\t\t\n\n\t<div id=\"text-1387341044\" class=\"text\">\n\t\t\n\n<h3 class=\"wp-block-heading\" style=\"margin: 0px;\">PROVOCARE<\/h3>\n<p style=\"margin: 0px; font-size: 0.8rem; color: #003049\">cu ce a trebuit s\u0103 ne ocup\u0103m<\/p>\n\t\t\n<style>\n#text-1387341044 {\n  color: rgb(0, 131, 193);\n}\n#text-1387341044 > * {\n  color: rgb(0, 131, 193);\n}\n<\/style>\n\t<\/div>\n\t\n\n\t\t<\/div>\n\t\t\t\t\n<style>\n#col-1349371172 > .col-inner {\n  padding: 4px 20px 4px 20px;\n  border-radius: 8px;\n}\n<\/style>\n\t<\/div>\n\n\t\n\n<\/div>\n\t<div id=\"text-3007635023\" class=\"text\">\n\t\t\n\n<div style=\"padding-left: 10px;\">\n<div style=\"border-left: 3px #fe5e08 solid; padding-left: 20px;\">\n<p>Clien\u021bii care administreaz\u0103 magazine online pe platforma Shopify \u00ee\u0219i gestioneaz\u0103 din ce \u00een ce mai des stocurile folosind mai multe depozite, \u00een loc s\u0103 se bazeze pe un singur depozit implicit. A ap\u0103rut nevoia ca Megamo Integrator s\u0103 poat\u0103 gestiona atribuirea stocurilor fiec\u0103rui angrosist c\u0103tre depozite specifice configurate \u00een Shopify. O provocare-cheie este, a\u0219adar, posibilitatea de a atribui ID-ul depozitului corespunz\u0103tor din Shopify angrosi\u0219tilor potrivi\u021bi, pentru o gestionare mai exact\u0103 a stocului \u0219i a proces\u0103rii comenzilor.<\/p>\n<\/div>\n<\/div>\n\t\t\n<style>\n#text-3007635023 {\n  font-size: 0.9rem;\n}\n<\/style>\n\t<\/div>\n\t\n<div class=\"row row-full-width casestudiesrowhs\"  id=\"row-996998269\">\n\n\n\t<div id=\"col-1981180755\" class=\"col casestudiehs small-12 large-12\"  >\n\t\t\t\t<div class=\"col-inner\" style=\"background-color:rgb(245, 245, 245);\" >\n\t\t\t\n\t\t\t\n\n\t<div id=\"text-211136549\" class=\"text\">\n\t\t\n\n<h3 class=\"wp-block-heading\" style=\"margin: 0px;\">SOLU\u021aIE<\/h3>\n<p style=\"margin: 0px; font-size: 0.8rem; color: #003049\">ce idee am avut<\/p>\n\t\t\n<style>\n#text-211136549 {\n  text-align: left;\n  color: rgb(0, 131, 193);\n}\n#text-211136549 > * {\n  color: rgb(0, 131, 193);\n}\n<\/style>\n\t<\/div>\n\t\n\n\t\t<\/div>\n\t\t\t\t\n<style>\n#col-1981180755 > .col-inner {\n  padding: 4px 20px 4px 20px;\n  border-radius: 8px;\n}\n<\/style>\n\t<\/div>\n\n\t\n\n<\/div>\n\t<div id=\"text-3825145802\" class=\"text\">\n\t\t\n\n<div style=\"padding-left: 10px;\">\n<div style=\"border-left: 3px #fe5e08 solid; padding-left: 20px\">\n<p>Integratorul Megamo, care se conecteaz\u0103 la Shopify prin API, \u00een varianta standard preia doar valoarea ID-ului depozitului implicit, ceea ce este suficient pentru configura\u021bii simple. Pentru a rezolva problema aloc\u0103rii stocurilor c\u0103tre depozite specifice, func\u021bionalitatea integratorului a fost extins\u0103 astfel \u00eenc\u00e2t s\u0103 citeasc\u0103 ID-ul oric\u0103rui depozit disponibil \u00een Shopify. Acest lucru face posibil\u0103 atribuirea depozitului potrivit unui anumit angrosist, permi\u021b\u00e2nd o administrare precis\u0103 a stocurilor.<\/p>\n<\/div>\n<\/div>\n\t\t\n<style>\n#text-3825145802 {\n  font-size: 0.9rem;\n}\n<\/style>\n\t<\/div>\n\t\n<div class=\"row row-full-width casestudiesrowhs\"  id=\"row-380657503\">\n\n\n\t<div id=\"col-746542202\" class=\"col casestudiehs small-12 large-12\"  >\n\t\t\t\t<div class=\"col-inner text-left\" style=\"background-color:rgb(245, 245, 245);\" >\n\t\t\t\n\t\t\t\n\n\t<div id=\"text-1738032753\" class=\"text\">\n\t\t\n\n<h3 class=\"wp-block-heading\" style=\"margin: 0px;\">IMPLEMENTARE<\/h3>\n<p style=\"margin: 0px; font-size: 0.8rem; color: #003049\">cum am rezolvat problema<\/p>\n\t\t\n<style>\n#text-1738032753 {\n  color: rgb(0, 131, 193);\n}\n#text-1738032753 > * {\n  color: rgb(0, 131, 193);\n}\n<\/style>\n\t<\/div>\n\t\n\n\t\t<\/div>\n\t\t\t\t\n<style>\n#col-746542202 > .col-inner {\n  padding: 4px 20px 4px 20px;\n  border-radius: 8px;\n}\n<\/style>\n\t<\/div>\n\n\t\n\n<\/div>\n\n\t\t<\/div>\n\t\t\t\t\t<\/div>\n\n\t\n\n\t<div id=\"col-418538314\" class=\"col casestudiescol3 medium-3 small-12 large-3\"  >\n\t\t\t\t<div class=\"col-inner\"  >\n\t\t\t\n\t\t\t\n\n\n\t\t<\/div>\n\t\t\t\t\n<style>\n#col-418538314 > .col-inner {\n  padding: 0px 0px 0px 20px;\n}\n<\/style>\n\t<\/div>\n\n\t\n\n\n<style>\n#row-1260508494 > .col > .col-inner {\n  padding: 0px 20px 0px 20px;\n}\n<\/style>\n<\/div>\n<div class=\"row row-collapse row-full-width row-divided\"  id=\"row-1317877449\">\n\n\n\t<div id=\"col-439391903\" class=\"col casestudiescol2 medium-9 small-12 large-9\"  >\n\t\t\t\t<div class=\"col-inner\"  >\n\t\t\t\n\t\t\t\n\n\t<div id=\"text-1859090183\" class=\"text\">\n\t\t\n\n<div style=\"padding-left: 10px;\">\n<div style=\"border-left: 3px #fe5e08 solid; padding-left: 20px\">\n<h4>1. Ob\u021binerea accesului la loca\u021biile din Shopify:<\/h4>\n<p>&#8211; Contactarea clientului pentru a ob\u021bine permisiuni API extinse, care permit accesul la lista complet\u0103 de loca\u021bii (depozite) din Shopify.<\/p>\n<h4>2. Desc\u0103rcarea listei de depozite:<\/h4>\n<p>&#8211; Desc\u0103rcarea \u0219i salvarea datelor-cheie, precum ID-ul depozitului, numele acestuia \u0219i, eventual, informa\u021bii suplimentare care pot fi utile pentru configurare.<\/p>\n<h4>3. Asocierea depozitelor cu angrosi\u0219tii:<\/h4>\n<p>&#8211; Introducerea unui mecanism care permite maparea depozitelor individuale (identificate prin ID) c\u0103tre angrosi\u0219ti specifici.<br>&#8211; Stocarea acestor asocieri \u00een configura\u021bia integratorului, astfel \u00eenc\u00e2t s\u0103 fie disponibile la fiecare ciclu de import de date.<\/p>\n<h4>4. Modificarea procesului de import:<\/h4>\n<p>&#8211; Modificarea procesului existent de import al produselor \u0219i al stocurilor \u00een integratorul Megamo, astfel \u00eenc\u00e2t s\u0103 \u021bin\u0103 cont de <b>rela\u021biile dintre depozite \u0219i angrosi\u0219ti<sup> [1]<\/sup><\/b>.<\/p>\n<h4>5. Testare \u0219i validare:<\/h4>\n<p>&#8211; Efectuarea testelor pentru a ne asigura c\u0103 noua func\u021bionalitate func\u021bioneaz\u0103 corect \u0219i c\u0103 stocurile sunt atribuite corespunz\u0103tor depozitelor specifice din Shopify.<\/p>\n<\/div>\n<\/div>\n\t\t\n<style>\n#text-1859090183 {\n  font-size: 0.9rem;\n}\n<\/style>\n\t<\/div>\n\t\n<div class=\"row row-full-width casestudiesrowhs\"  id=\"row-895693145\">\n\n\n\t<div id=\"col-1895740943\" class=\"col casestudiehs small-12 large-12\"  >\n\t\t\t\t<div class=\"col-inner\" style=\"background-color:rgb(245, 245, 245);\" >\n\t\t\t\n\t\t\t\n\n\t<div id=\"text-2403630598\" class=\"text\">\n\t\t\n\n<h3 class=\"wp-block-heading\" style=\"margin: 0px;\">REZULTAT<\/h3>\n<p style=\"margin: 0px; font-size: 0.8rem; color: #003049\">care a fost rezultatul implement\u0103rii<\/p>\n\t\t\n<style>\n#text-2403630598 {\n  color: rgb(0, 131, 193);\n}\n#text-2403630598 > * {\n  color: rgb(0, 131, 193);\n}\n<\/style>\n\t<\/div>\n\t\n\n\t\t<\/div>\n\t\t\t\t\n<style>\n#col-1895740943 > .col-inner {\n  padding: 4px 20px 4px 20px;\n  border-radius: 8px;\n}\n<\/style>\n\t<\/div>\n\n\t\n\n<\/div>\n\t<div id=\"text-4239312811\" class=\"text\">\n\t\t\n\n<div style=\"padding-left: 10px;\">\n<div style=\"border-left: 3px #fe5e08 solid; padding-left: 20px\">\n<p>Dup\u0103 implementarea solu\u021biei, produsele unui angrosist anume sunt atribuite automat depozitului selectat \u00een Shopify. Acest lucru permite o gestionare mai exact\u0103 \u0219i automatizat\u0103 a stocurilor \u00een mai multe depozite, duc\u00e2nd la o organizare logistic\u0103 mai bun\u0103 \u0219i la o procesare mai eficient\u0103 a comenzilor.<\/p>\n<p><b>Dac\u0103 dore\u0219ti s\u0103 te integrezi cu angrosi\u0219ti \u0219i s\u0103 gestionezi automat loca\u021biile Shopify \u00een func\u021bie de angrosist \u2014 <a href=\"#contact-form\">contacteaz\u0103-ne<\/a>.<\/b><\/p>\n<\/div>\n<\/div>\n\t\t\n<style>\n#text-4239312811 {\n  font-size: 0.9rem;\n}\n<\/style>\n\t<\/div>\n\t\n\n\t\t<\/div>\n\t\t\t\t\t<\/div>\n\n\t\n\n\t<div id=\"col-128035655\" class=\"col casestudiescol3 medium-3 small-12 large-3\"  >\n\t\t\t\t<div class=\"col-inner text-center\"  >\n\t\t\t\n\t\t\t\n\n\t<div class=\"img has-hover casestudiesimg x md-x lg-x y md-y lg-y\" id=\"image_2067368602\">\n\t\t<a class=\"image-lightbox lightbox-gallery\" title=\"\" href=\"https:\/\/megamo.eu\/wp-content\/uploads\/2024\/11\/example_locations.webp\">\t\t\t\t\t\t<div class=\"img-inner image-fade-out dark\" >\n\t\t\t<img loading=\"lazy\" decoding=\"async\" width=\"868\" height=\"934\" src=\"https:\/\/megamo.eu\/wp-content\/uploads\/2024\/11\/example_locations.webp\" class=\"attachment-original size-original\" alt=\"\" srcset=\"https:\/\/megamo.eu\/wp-content\/uploads\/2024\/11\/example_locations.webp 868w, https:\/\/megamo.eu\/wp-content\/uploads\/2024\/11\/example_locations-372x400.webp 372w, https:\/\/megamo.eu\/wp-content\/uploads\/2024\/11\/example_locations-743x800.webp 743w, https:\/\/megamo.eu\/wp-content\/uploads\/2024\/11\/example_locations-768x826.webp 768w, https:\/\/megamo.eu\/wp-content\/uploads\/2024\/11\/example_locations-600x646.webp 600w\" sizes=\"(max-width: 868px) 100vw, 868px\" \/>\t\t\t\t\t\t\n\t\t\t\t\t<\/div>\n\t\t\t\t\t\t<\/a>\t\t\n<style>\n#image_2067368602 {\n  width: 100%;\n}\n<\/style>\n\t<\/div>\n\t\n\n\t<div id=\"text-2091229740\" class=\"text\">\n\t\t\n\n<p font-size:=\"\" 12px;=\"\" margin-bottom:=\"\" 1.3em;\"=\"\">1. Rezultatul final al implement\u0103rii<\/p>\n\t\t\n<style>\n#text-2091229740 {\n  font-size: 0.8rem;\n}\n<\/style>\n\t<\/div>\n\t\n\n\t\t<\/div>\n\t\t\t\t\t<\/div>\n\n\t\n\n\n<style>\n#row-1317877449 > .col > .col-inner {\n  padding: 0px 20px 0px 20px;\n}\n<\/style>\n<\/div>\n<div class=\"row row-collapse row-full-width row-divided\"  id=\"row-75621214\">\n\n\n\t<div id=\"col-137733913\" class=\"col casestudiescol2 medium-9 small-12 large-9\"  >\n\t\t\t\t<div class=\"col-inner\"  >\n\t\t\t\n\t\t\t\n\n<div class=\"row row-full-width casestudiesrowhs\"  id=\"row-1339127837\">\n\n\n\t<div id=\"col-208579511\" class=\"col casestudiehs small-12 large-12\"  >\n\t\t\t\t<div class=\"col-inner\" style=\"background-color:rgb(245, 245, 245);\" >\n\t\t\t\n\t\t\t\n\n\t<div id=\"text-2616258122\" class=\"text\">\n\t\t\n\n<h3 class=\"wp-block-heading\" style=\"margin: 0px;\">CONCLUZII<\/h3>\n<p style=\"margin: 0px; font-size: 0.8rem; color: #003049\">lec\u021bii \u00eenv\u0103\u021bate \u00een timpul rezolv\u0103rii problemei<\/p>\n\t\t\n<style>\n#text-2616258122 {\n  color: rgb(0, 131, 193);\n}\n#text-2616258122 > * {\n  color: rgb(0, 131, 193);\n}\n<\/style>\n\t<\/div>\n\t\n\n\t\t<\/div>\n\t\t\t\t\n<style>\n#col-208579511 > .col-inner {\n  padding: 4px 20px 4px 20px;\n  border-radius: 8px;\n}\n<\/style>\n\t<\/div>\n\n\t\n\n<\/div>\n\t<div id=\"text-2918837120\" class=\"text\">\n\t\t\n\n<div style=\"padding-left: 10px;\">\n<div style=\"border-left: 3px #fe5e08 solid; padding-left: 20px\">\n<p>Introducerea func\u021bionalit\u0103\u021bii extinse a integratorului Megamo permite Shopify s\u0103 valorifice pe deplin capabilit\u0103\u021bile de gestionare multi-depozit. Astfel, magazinele online \u00ee\u0219i pot administra stocurile mai eficient, lucru esen\u021bial \u00eentr-un mediu e-commerce \u00een continu\u0103 schimbare. Implementarea acestei func\u021bii r\u0103spunde nevoilor reale ale clien\u021bilor \u0219i \u00eembun\u0103t\u0103\u021be\u0219te semnificativ func\u021bionarea magazinelor lor.<\/p>\n<\/div>\n<\/div>\n\t\t\n<style>\n#text-2918837120 {\n  font-size: 0.9rem;\n}\n<\/style>\n\t<\/div>\n\t\n\t<div id=\"gap-1926921131\" class=\"gap-element clearfix hide-for-medium\" style=\"display:block; height:auto;\">\n\t\t\n<style>\n#gap-1926921131 {\n  padding-top: 60px;\n}\n<\/style>\n\t<\/div>\n\t\n\n\n\t\t<\/div>\n\t\t\t\t\n<style>\n#col-137733913 > .col-inner {\n  padding: 0px 20px 0px 0px;\n}\n<\/style>\n\t<\/div>\n\n\t\n\n\t<div id=\"col-1825285178\" class=\"col casestudiescol3 medium-3 small-12 large-3\"  >\n\t\t\t\t<div class=\"col-inner text-center\"  >\n\t\t\t\n\t\t\t\n\n\t<div id=\"gap-1579334948\" class=\"gap-element clearfix show-for-small\" style=\"display:block; height:auto;\">\n\t\t\n<style>\n#gap-1579334948 {\n  padding-top: 60px;\n}\n<\/style>\n\t<\/div>\n\t\n\n\n\t\t<\/div>\n\t\t\t\t\n<style>\n#col-1825285178 > .col-inner {\n  padding: 0px 0px 0px 20px;\n}\n<\/style>\n\t<\/div>\n\n\t\n\n\n<style>\n#row-75621214 > .col > .col-inner {\n  padding: 0px 20px 0px 20px;\n}\n<\/style>\n<\/div>\n\n\t\t<\/div>\n\t\t\t\t\t<\/div>\n\n\t\n\n<\/div>\n\n\t\t<\/div>\n\n\t\t\n<style>\n#section_1032284538 {\n  padding-top: 0px;\n  padding-bottom: 0px;\n  margin-bottom: 0px;\n}\n<\/style>\n\t<\/section>\n\t\n\n","protected":false},"excerpt":{"rendered":"","protected":false},"author":2,"featured_media":0,"parent":47168,"menu_order":0,"comment_status":"closed","ping_status":"closed","template":"","meta":{"_lmt_disableupdate":"","_lmt_disable":"","footnotes":""},"yoast_head":"<!-- This site is optimized with the Yoast SEO Premium plugin v21.8 (Yoast SEO v23.5) - https:\/\/yoast.com\/wordpress\/plugins\/seo\/ -->\n<title>Integrarea mai multor loca\u021bii Shopify cu furnizori<\/title>\n<meta name=\"description\" content=\"Automatizeaz\u0103 inventarul \u00een Shopify prin integrare cu furnizori \u0219i atribuirea lor la loca\u021biile selectate.\" \/>\n<meta name=\"robots\" content=\"index, follow, max-snippet:-1, max-image-preview:large, max-video-preview:-1\" \/>\n<link rel=\"canonical\" href=\"https:\/\/megamo.eu\/ro\/studii-de-caz\/integrarea-mai-multor-locatii-shopify-cu-furnizori\/\" \/>\n<meta property=\"og:locale\" content=\"ro_RO\" \/>\n<meta property=\"og:type\" content=\"article\" \/>\n<meta property=\"og:title\" content=\"Integrarea mai multor loca\u021bii Shopify cu furnizori\" \/>\n<meta property=\"og:description\" content=\"Automatizeaz\u0103 inventarul \u00een Shopify prin integrare cu furnizori \u0219i atribuirea lor la loca\u021biile selectate.\" \/>\n<meta property=\"og:url\" content=\"https:\/\/megamo.eu\/ro\/studii-de-caz\/integrarea-mai-multor-locatii-shopify-cu-furnizori\/\" \/>\n<meta property=\"og:site_name\" content=\"megamo.eu\" \/>\n<meta property=\"article:publisher\" content=\"https:\/\/www.facebook.com\/megamoeu\" \/>\n<meta property=\"article:modified_time\" content=\"2025-12-16T08:14:41+00:00\" \/>\n<meta name=\"twitter:card\" content=\"summary_large_image\" \/>\n<meta name=\"twitter:label1\" content=\"Timp estimat pentru citire\" \/>\n\t<meta name=\"twitter:data1\" content=\"5 minute\" \/>\n<script type=\"application\/ld+json\" class=\"yoast-schema-graph\">{\"@context\":\"https:\/\/schema.org\",\"@graph\":[{\"@type\":\"WebPage\",\"@id\":\"https:\/\/megamo.eu\/ro\/studii-de-caz\/integrarea-mai-multor-locatii-shopify-cu-furnizori\/\",\"url\":\"https:\/\/megamo.eu\/ro\/studii-de-caz\/integrarea-mai-multor-locatii-shopify-cu-furnizori\/\",\"name\":\"Integrarea mai multor loca\u021bii Shopify cu furnizori\",\"isPartOf\":{\"@id\":\"https:\/\/megamo.eu\/ro\/#website\"},\"datePublished\":\"2024-11-15T08:57:38+00:00\",\"dateModified\":\"2025-12-16T08:14:41+00:00\",\"description\":\"Automatizeaz\u0103 inventarul \u00een Shopify prin integrare cu furnizori \u0219i atribuirea lor la loca\u021biile selectate.\",\"breadcrumb\":{\"@id\":\"https:\/\/megamo.eu\/ro\/studii-de-caz\/integrarea-mai-multor-locatii-shopify-cu-furnizori\/#breadcrumb\"},\"inLanguage\":\"ro-RO\",\"potentialAction\":[{\"@type\":\"ReadAction\",\"target\":[\"https:\/\/megamo.eu\/ro\/studii-de-caz\/integrarea-mai-multor-locatii-shopify-cu-furnizori\/\"]}]},{\"@type\":\"BreadcrumbList\",\"@id\":\"https:\/\/megamo.eu\/ro\/studii-de-caz\/integrarea-mai-multor-locatii-shopify-cu-furnizori\/#breadcrumb\",\"itemListElement\":[{\"@type\":\"ListItem\",\"position\":1,\"name\":\"Home\",\"item\":\"https:\/\/megamo.eu\/ro\/\"},{\"@type\":\"ListItem\",\"position\":2,\"name\":\"Studii de caz\",\"item\":\"https:\/\/megamo.eu\/ro\/studii-de-caz\/\"},{\"@type\":\"ListItem\",\"position\":3,\"name\":\"Integrarea mai multor loca\u021bii Shopify cu furnizori\"}]},{\"@type\":\"WebSite\",\"@id\":\"https:\/\/megamo.eu\/ro\/#website\",\"url\":\"https:\/\/megamo.eu\/ro\/\",\"name\":\"megamo.eu\",\"description\":\"megamo.eu\",\"publisher\":{\"@id\":\"https:\/\/megamo.eu\/ro\/#organization\"},\"potentialAction\":[{\"@type\":\"SearchAction\",\"target\":{\"@type\":\"EntryPoint\",\"urlTemplate\":\"https:\/\/megamo.eu\/ro\/?s={search_term_string}\"},\"query-input\":{\"@type\":\"PropertyValueSpecification\",\"valueRequired\":true,\"valueName\":\"search_term_string\"}}],\"inLanguage\":\"ro-RO\"},{\"@type\":\"Organization\",\"@id\":\"https:\/\/megamo.eu\/ro\/#organization\",\"name\":\"Megamo\",\"alternateName\":\"mgo\",\"url\":\"https:\/\/megamo.eu\/ro\/\",\"logo\":{\"@type\":\"ImageObject\",\"inLanguage\":\"ro-RO\",\"@id\":\"https:\/\/megamo.eu\/ro\/#\/schema\/logo\/image\/\",\"url\":\"https:\/\/megamo.eu\/wp-content\/uploads\/2024\/02\/logo_small.png\",\"contentUrl\":\"https:\/\/megamo.eu\/wp-content\/uploads\/2024\/02\/logo_small.png\",\"width\":300,\"height\":113,\"caption\":\"Megamo\"},\"image\":{\"@id\":\"https:\/\/megamo.eu\/ro\/#\/schema\/logo\/image\/\"},\"sameAs\":[\"https:\/\/www.facebook.com\/megamoeu\",\"https:\/\/www.youtube.com\/@Megamo_en\"]}]}<\/script>\n<!-- \/ Yoast SEO Premium plugin. -->","yoast_head_json":{"title":"Integrarea mai multor loca\u021bii Shopify cu furnizori","description":"Automatizeaz\u0103 inventarul \u00een Shopify prin integrare cu furnizori \u0219i atribuirea lor la loca\u021biile selectate.","robots":{"index":"index","follow":"follow","max-snippet":"max-snippet:-1","max-image-preview":"max-image-preview:large","max-video-preview":"max-video-preview:-1"},"canonical":"https:\/\/megamo.eu\/ro\/studii-de-caz\/integrarea-mai-multor-locatii-shopify-cu-furnizori\/","og_locale":"ro_RO","og_type":"article","og_title":"Integrarea mai multor loca\u021bii Shopify cu furnizori","og_description":"Automatizeaz\u0103 inventarul \u00een Shopify prin integrare cu furnizori \u0219i atribuirea lor la loca\u021biile selectate.","og_url":"https:\/\/megamo.eu\/ro\/studii-de-caz\/integrarea-mai-multor-locatii-shopify-cu-furnizori\/","og_site_name":"megamo.eu","article_publisher":"https:\/\/www.facebook.com\/megamoeu","article_modified_time":"2025-12-16T08:14:41+00:00","twitter_card":"summary_large_image","twitter_misc":{"Timp estimat pentru citire":"5 minute"},"schema":{"@context":"https:\/\/schema.org","@graph":[{"@type":"WebPage","@id":"https:\/\/megamo.eu\/ro\/studii-de-caz\/integrarea-mai-multor-locatii-shopify-cu-furnizori\/","url":"https:\/\/megamo.eu\/ro\/studii-de-caz\/integrarea-mai-multor-locatii-shopify-cu-furnizori\/","name":"Integrarea mai multor loca\u021bii Shopify cu furnizori","isPartOf":{"@id":"https:\/\/megamo.eu\/ro\/#website"},"datePublished":"2024-11-15T08:57:38+00:00","dateModified":"2025-12-16T08:14:41+00:00","description":"Automatizeaz\u0103 inventarul \u00een Shopify prin integrare cu furnizori \u0219i atribuirea lor la loca\u021biile selectate.","breadcrumb":{"@id":"https:\/\/megamo.eu\/ro\/studii-de-caz\/integrarea-mai-multor-locatii-shopify-cu-furnizori\/#breadcrumb"},"inLanguage":"ro-RO","potentialAction":[{"@type":"ReadAction","target":["https:\/\/megamo.eu\/ro\/studii-de-caz\/integrarea-mai-multor-locatii-shopify-cu-furnizori\/"]}]},{"@type":"BreadcrumbList","@id":"https:\/\/megamo.eu\/ro\/studii-de-caz\/integrarea-mai-multor-locatii-shopify-cu-furnizori\/#breadcrumb","itemListElement":[{"@type":"ListItem","position":1,"name":"Home","item":"https:\/\/megamo.eu\/ro\/"},{"@type":"ListItem","position":2,"name":"Studii de caz","item":"https:\/\/megamo.eu\/ro\/studii-de-caz\/"},{"@type":"ListItem","position":3,"name":"Integrarea mai multor loca\u021bii Shopify cu furnizori"}]},{"@type":"WebSite","@id":"https:\/\/megamo.eu\/ro\/#website","url":"https:\/\/megamo.eu\/ro\/","name":"megamo.eu","description":"megamo.eu","publisher":{"@id":"https:\/\/megamo.eu\/ro\/#organization"},"potentialAction":[{"@type":"SearchAction","target":{"@type":"EntryPoint","urlTemplate":"https:\/\/megamo.eu\/ro\/?s={search_term_string}"},"query-input":{"@type":"PropertyValueSpecification","valueRequired":true,"valueName":"search_term_string"}}],"inLanguage":"ro-RO"},{"@type":"Organization","@id":"https:\/\/megamo.eu\/ro\/#organization","name":"Megamo","alternateName":"mgo","url":"https:\/\/megamo.eu\/ro\/","logo":{"@type":"ImageObject","inLanguage":"ro-RO","@id":"https:\/\/megamo.eu\/ro\/#\/schema\/logo\/image\/","url":"https:\/\/megamo.eu\/wp-content\/uploads\/2024\/02\/logo_small.png","contentUrl":"https:\/\/megamo.eu\/wp-content\/uploads\/2024\/02\/logo_small.png","width":300,"height":113,"caption":"Megamo"},"image":{"@id":"https:\/\/megamo.eu\/ro\/#\/schema\/logo\/image\/"},"sameAs":["https:\/\/www.facebook.com\/megamoeu","https:\/\/www.youtube.com\/@Megamo_en"]}]}},"_links":{"self":[{"href":"https:\/\/megamo.eu\/ro\/wp-json\/wp\/v2\/pages\/47442"}],"collection":[{"href":"https:\/\/megamo.eu\/ro\/wp-json\/wp\/v2\/pages"}],"about":[{"href":"https:\/\/megamo.eu\/ro\/wp-json\/wp\/v2\/types\/page"}],"author":[{"embeddable":true,"href":"https:\/\/megamo.eu\/ro\/wp-json\/wp\/v2\/users\/2"}],"replies":[{"embeddable":true,"href":"https:\/\/megamo.eu\/ro\/wp-json\/wp\/v2\/comments?post=47442"}],"version-history":[{"count":6,"href":"https:\/\/megamo.eu\/ro\/wp-json\/wp\/v2\/pages\/47442\/revisions"}],"predecessor-version":[{"id":63730,"href":"https:\/\/megamo.eu\/ro\/wp-json\/wp\/v2\/pages\/47442\/revisions\/63730"}],"up":[{"embeddable":true,"href":"https:\/\/megamo.eu\/ro\/wp-json\/wp\/v2\/pages\/47168"}],"wp:attachment":[{"href":"https:\/\/megamo.eu\/ro\/wp-json\/wp\/v2\/media?parent=47442"}],"curies":[{"name":"wp","href":"https:\/\/api.w.org\/{rel}","templated":true}]}}