{"id":47238,"date":"2024-02-19T15:06:13","date_gmt":"2024-02-19T14:06:13","guid":{"rendered":"https:\/\/megamo.eu\/demo-integration-with-suppliers\/"},"modified":"2025-12-22T13:03:58","modified_gmt":"2025-12-22T12:03:58","slug":"integrare-demo","status":"publish","type":"page","link":"https:\/\/megamo.eu\/ro\/integrare-demo\/","title":{"rendered":"Integrare demo"},"content":{"rendered":"\n\t<div id=\"gap-1115176470\" class=\"gap-element clearfix\" style=\"display:block; height:auto;\">\n\t\t\n<style>\n#gap-1115176470 {\n  padding-top: 60px;\n}\n<\/style>\n\t<\/div>\n\t\n\n\t<section class=\"section\" id=\"section_1729859750\">\n\t\t<div class=\"bg section-bg fill bg-fill  bg-loaded\" >\n\n\t\t\t\n\t\t\t\n\t\t\t\n\n\t\t<\/div>\n\n\t\t\n\n\t\t<div class=\"section-content relative\">\n\t\t\t\n\n<div class=\"row align-middle\"  id=\"row-1601764972\">\n\n\n\t<div id=\"col-1777311981\" class=\"col medium-6 small-12 large-6\"  >\n\t\t\t\t<div class=\"col-inner\"  >\n\t\t\t\n\t\t\t\n\n\t<div id=\"text-423650138\" class=\"text\">\n\t\t\n\n<h1>Exploreaz\u0103 integrarea noastr\u0103 automat\u0103<\/h1>\n\t\t\n<style>\n#text-423650138 {\n  font-size: 1.3rem;\n  text-align: center;\n}\n@media (min-width:550px) {\n  #text-423650138 {\n    text-align: left;\n  }\n}\n<\/style>\n\t<\/div>\n\t\n\t<div id=\"text-1283919699\" class=\"text\">\n\t\t\n\n<p><b>Demo gratuit de integrare cu furnizori<\/b><\/p>\n\t\t\n<style>\n#text-1283919699 {\n  font-size: 1.1rem;\n  text-align: center;\n  color: rgb(254, 94, 8);\n}\n#text-1283919699 > * {\n  color: rgb(254, 94, 8);\n}\n@media (min-width:550px) {\n  #text-1283919699 {\n    text-align: left;\n  }\n}\n<\/style>\n\t<\/div>\n\t\n\t<div id=\"text-3789813458\" class=\"text\">\n\t\t\n\n<p>Dar aten\u021bie \u2014 80% dintre administratorii de magazine care testeaz\u0103 versiunea noastr\u0103 de prob\u0103 spun c\u0103 nu mai pot reveni la actualizarea manual\u0103 a produselor.<\/p>\n\t\t\n<style>\n#text-3789813458 {\n  text-align: center;\n}\n@media (min-width:550px) {\n  #text-3789813458 {\n    text-align: left;\n  }\n}\n<\/style>\n\t<\/div>\n\t\n\n\t\t<\/div>\n\t\t\t\t\t<\/div>\n\n\t\n\n\t<div id=\"col-1872924522\" class=\"col medium-6 small-12 large-6 small-col-first\"  >\n\t\t\t\t<div class=\"col-inner\"  >\n\t\t\t\n\t\t\t\n\n\t<div class=\"img has-hover x md-x lg-x y md-y lg-y\" id=\"image_536737351\">\n\t\t\t\t\t\t\t\t<div class=\"img-inner dark\" >\n\t\t\t<img loading=\"lazy\" decoding=\"async\" width=\"700\" height=\"467\" src=\"https:\/\/megamo.eu\/wp-content\/uploads\/2024\/02\/demo-integration.webp\" class=\"attachment-original size-original\" alt=\"\" srcset=\"https:\/\/megamo.eu\/wp-content\/uploads\/2024\/02\/demo-integration.webp 700w, https:\/\/megamo.eu\/wp-content\/uploads\/2024\/02\/demo-integration-600x400.webp 600w\" sizes=\"(max-width: 700px) 100vw, 700px\" \/>\t\t\t\t\t\t\n\t\t\t\t\t<\/div>\n\t\t\t\t\t\t\t\t\n<style>\n#image_536737351 {\n  width: 100%;\n}\n<\/style>\n\t<\/div>\n\t\n\n\n\t\t<\/div>\n\t\t\t\t\t<\/div>\n\n\t\n\n<\/div>\n\n\t\t<\/div>\n\n\t\t\n<style>\n#section_1729859750 {\n  padding-top: 30px;\n  padding-bottom: 30px;\n}\n<\/style>\n\t<\/section>\n\t\n\t<section class=\"section\" id=\"section_1684604880\">\n\t\t<div class=\"bg section-bg fill bg-fill  bg-loaded\" >\n\n\t\t\t\n\t\t\t\n\t\t\t\n\n\t\t<\/div>\n\n\t\t\n\n\t\t<div class=\"section-content relative\">\n\t\t\t\n\n<div class=\"row align-middle\"  id=\"row-1525333014\">\n\n\n\t<div id=\"col-1350810575\" class=\"col medium-6 small-12 large-6 small-col-first\"  >\n\t\t\t\t<div class=\"col-inner\"  >\n\t\t\t\n\t\t\t\n\n\t<div id=\"text-3100096530\" class=\"text\">\n\t\t\n\n<h2>1. VERSIUNE DEMO<\/h2>\n\t\t\n<style>\n#text-3100096530 {\n  font-size: 1.2rem;\n}\n<\/style>\n\t<\/div>\n\t\n\t<div id=\"text-2382239963\" class=\"text\">\n\t\t\n\n<p>Exploreaz\u0103 panoul Integratorului \u0219i magazinul cu produse deja importate<\/p>\n\t\t\n<style>\n#text-2382239963 {\n  text-align: center;\n}\n@media (min-width:550px) {\n  #text-2382239963 {\n    text-align: left;\n  }\n}\n<\/style>\n\t<\/div>\n\t\n\n\n<iframe loading=\"lazy\" width=\"560\" height=\"315\" src=\"https:\/\/www.youtube.com\/embed\/ha6scTTl40g?si=GeYvamiCTFh-tlM6\" title=\"YouTube video player\" frameborder=\"0\" allow=\"accelerometer; autoplay; clipboard-write; encrypted-media; gyroscope; picture-in-picture; web-share\" allowfullscreen=\"\"><\/iframe>\n\n\n\t\t<\/div>\n\t\t\t\t\t<\/div>\n\n\t\n\n\t<div id=\"col-1820237382\" class=\"col medium-6 small-12 large-6\"  >\n\t\t\t\t<div class=\"col-inner\"  >\n\t\t\t\n\t\t\t\n\n\t<div class=\"img has-hover x md-x lg-x y md-y lg-y\" id=\"image_64968117\">\n\t\t<a class=\"\" href=\"https:\/\/megamo-demo.myshopify.com\/password\" target=\"_blank\" rel=\"noopener\" >\t\t\t\t\t\t<div class=\"img-inner image-color dark\" >\n\t\t\t<img loading=\"lazy\" decoding=\"async\" width=\"1024\" height=\"525\" src=\"https:\/\/megamo.eu\/wp-content\/uploads\/2024\/02\/store-view.webp\" class=\"attachment-original size-original\" alt=\"\" srcset=\"https:\/\/megamo.eu\/wp-content\/uploads\/2024\/02\/store-view.webp 1024w, https:\/\/megamo.eu\/wp-content\/uploads\/2024\/02\/store-view-780x400.webp 780w, https:\/\/megamo.eu\/wp-content\/uploads\/2024\/02\/store-view-768x394.webp 768w, https:\/\/megamo.eu\/wp-content\/uploads\/2024\/02\/store-view-600x308.webp 600w\" sizes=\"(max-width: 1024px) 100vw, 1024px\" \/>\t\t\t\t\t\t\n\t\t\t\t\t<\/div>\n\t\t\t\t\t\t<\/a>\t\t\n<style>\n#image_64968117 {\n  width: 100%;\n}\n<\/style>\n\t<\/div>\n\t\n\n<p><b>Vizualizare magazin<\/b><br \/>Parol\u0103: <b>demo<\/b><\/p>\n\n\t\t<\/div>\n\t\t\t\t\t<\/div>\n\n\t\n\n<\/div>\n\n\t\t<\/div>\n\n\t\t\n<style>\n#section_1684604880 {\n  padding-top: 30px;\n  padding-bottom: 30px;\n  background-color: rgb(255, 239, 230);\n}\n<\/style>\n\t<\/section>\n\t\n\t<div id=\"gap-1217677605\" class=\"gap-element clearfix\" style=\"display:block; height:auto;\">\n\t\t\n<style>\n#gap-1217677605 {\n  padding-top: 50px;\n}\n<\/style>\n\t<\/div>\n\t\n\n<div class=\"row row-collapse align-middle\"  id=\"row-1819822717\">\n\n\n\t<div id=\"col-888936545\" class=\"col small-12 large-12\"  >\n\t\t\t\t<div class=\"col-inner text-left\"  >\n\t\t\t\n\t\t\t\n\n\n\t\t<div class=\"tabbed-content vid-tabs hide-for-small\">\n\t\t\t\n\t\t\t<ul class=\"nav nav-outline nav-uppercase nav-size-small nav-left\" role=\"tablist\"><li id=\"tab-integrator-\u00een-ac\u021biune\" class=\"tab active has-icon\" role=\"presentation\"><a href=\"#tab_integrator-\u00een-ac\u021biune\" role=\"tab\" aria-selected=\"true\" aria-controls=\"tab_integrator-\u00een-ac\u021biune\"><span>Integrator \u00een ac\u021biune<\/span><\/a><\/li><\/ul><div class=\"tab-panels\"><div id=\"tab_integrator-\u00een-ac\u021biune\" class=\"panel active entry-content\" role=\"tabpanel\" aria-labelledby=\"tab-integrator-\u00een-ac\u021biune\">\n\n\n\n<div class=\"main-vid\">\n<video width=\"100%\" height=\"auto\" autoplay loop muted playsinline controls  controlsList=\"nodownload\" class=\"vid-src\">\n  <source src=\"https:\/\/megamo.eu\/wp-content\/uploads\/2025\/12\/main-vid-en.mp4\" type=\"video\/mp4\">\n  Your browser does not support the video tag.\n<\/video>\n<\/div>\n\n\n<\/div><\/div><\/div>\n\n\t\t<div class=\"tabbed-content vid-tabs-mobile show-for-small\">\n\t\t\t\n\t\t\t<ul class=\"nav nav-outline nav-uppercase nav-size-small nav-left\" role=\"tablist\"><li id=\"tab-integrator-\u00een-ac\u021biune\" class=\"tab active has-icon\" role=\"presentation\"><a href=\"#tab_integrator-\u00een-ac\u021biune\" role=\"tab\" aria-selected=\"true\" aria-controls=\"tab_integrator-\u00een-ac\u021biune\"><span>Integrator \u00een ac\u021biune<\/span><\/a><\/li><\/ul><div class=\"tab-panels\"><div id=\"tab_integrator-\u00een-ac\u021biune\" class=\"panel active entry-content\" role=\"tabpanel\" aria-labelledby=\"tab-integrator-\u00een-ac\u021biune\">\n\n\n\n<div class=\"main-vid-mobile\">\n<video id=\"mainVideo\" width=\"200%\" height=\"auto\" autoplay loop muted playsinline class=\"vid-src\">\n  <source src=\"https:\/\/megamo.eu\/wp-content\/uploads\/2025\/12\/main-vid-en.mp4\" type=\"video\/mp4\">\n  Your browser does not support the video tag.\n<\/video>\n<span class=\"vid-src-fs\"><i class=\"ph-duotone ph-device-rotate\"><\/i> Roti\u021bi pentru a vizualiza pe ecran complet<\/span>\n<\/div>\n\n\n<\/div><\/div><\/div>\n\n\t\t<\/div>\n\t\t\t\t\t<\/div>\n\n\t\n\n<\/div>\n\t<section class=\"section free-trial-vid\" id=\"section_295317615\">\n\t\t<div class=\"bg section-bg fill bg-fill  bg-loaded\" >\n\n\t\t\t\n\t\t\t\n\t\t\t\n\n\t\t<\/div>\n\n\t\t\n\n\t\t<div class=\"section-content relative\">\n\t\t\t\n\n<div class=\"row\"  id=\"row-320427518\">\n\n\n\t<div id=\"col-2119817693\" class=\"col medium-3 small-12 large-3\"  >\n\t\t\t\t<div class=\"col-inner\"  >\n\t\t\t\n\t\t\t\n\n\n\t\t<\/div>\n\t\t\t\t\t<\/div>\n\n\t\n\n\t<div id=\"col-1459966697\" class=\"col medium-9 small-12 large-9\"  >\n\t\t\t\t<div class=\"col-inner text-center\"  >\n\t\t\t\n\t\t\t\n\n\t<div id=\"text-4155334858\" class=\"text\">\n\t\t\n\n<h2>2. PERIOAD\u0102 DE TEST GRATUIT\u0102 \u2013 10 ZILE<\/h2>\n\t\t\n<style>\n#text-4155334858 {\n  font-size: 1.2rem;\n  text-align: center;\n}\n<\/style>\n\t<\/div>\n\t\n\t<div id=\"text-2272217320\" class=\"text\">\n\t\t\n\n<p>Vrei s\u0103 vezi Integratorul nostru Automat \u00een ac\u021biune?<br>Te invit\u0103m s\u0103-\u021bi faci propriile teste \u2014 vom conecta furnizorul direct la magazinul t\u0103u.\n<\/p>\n\t\t\n<style>\n#text-2272217320 {\n  text-align: center;\n}\n@media (min-width:550px) {\n  #text-2272217320 {\n    text-align: center;\n  }\n}\n<\/style>\n\t<\/div>\n\t\n\t<div id=\"gap-221293514\" class=\"gap-element clearfix\" style=\"display:block; height:auto;\">\n\t\t\n<style>\n#gap-221293514 {\n  padding-top: 10px;\n}\n<\/style>\n\t<\/div>\n\t\n\n\n\n<a class=\"button primary\" href=\"https:\/\/forms.clickup.com\/9012257574\/f\/8cjr8t6-8112\/RL2F5YOPAKUSK8OU44\" target=\"_blank\" rel=\"noopener\">\u00cencepe perioada de test<\/a>\n\n\t<div id=\"gap-160009588\" class=\"gap-element clearfix\" style=\"display:block; height:auto;\">\n\t\t\n<style>\n#gap-160009588 {\n  padding-top: 20px;\n}\n<\/style>\n\t<\/div>\n\t\n\n<p><b>Intr\u0103 \u0219i testeaz\u0103 \u2014 e complet gratuit. Nu ai nevoie de datele cardului.<\/b><br \/>\nTestul nu se prelunge\u0219te automat \u2014 dup\u0103 10 zile, decizia de a continua \u00ee\u021bi apar\u021bine.<\/p>\n\n\t\t<\/div>\n\t\t\t\t\t<\/div>\n\n\t\n\n<\/div>\n\n\t\t<\/div>\n\n\t\t\n<style>\n#section_295317615 {\n  padding-top: 30px;\n  padding-bottom: 30px;\n  background-color: rgb(230, 245, 252);\n}\n<\/style>\n\t<\/section>\n\t\n\n","protected":false},"excerpt":{"rendered":"","protected":false},"author":2,"featured_media":0,"parent":0,"menu_order":0,"comment_status":"closed","ping_status":"closed","template":"","meta":{"_lmt_disableupdate":"","_lmt_disable":"","footnotes":""},"yoast_head":"<!-- This site is optimized with the Yoast SEO Premium plugin v21.8 (Yoast SEO v23.5) - https:\/\/yoast.com\/wordpress\/plugins\/seo\/ -->\n<title>Integrare demo<\/title>\n<meta name=\"description\" content=\"Vrei s\u0103 verifici exact cum func\u021bioneaz\u0103 integratorul nostru automat? Po\u021bi face teste individuale - comand\u0103 o integrare demo gratuit\u0103.\" \/>\n<meta name=\"robots\" content=\"index, follow, max-snippet:-1, max-image-preview:large, max-video-preview:-1\" \/>\n<link rel=\"canonical\" href=\"https:\/\/megamo.eu\/ro\/integrare-demo\/\" \/>\n<meta property=\"og:locale\" content=\"ro_RO\" \/>\n<meta property=\"og:type\" content=\"article\" \/>\n<meta property=\"og:title\" content=\"Integrare demo\" \/>\n<meta property=\"og:description\" content=\"Vrei s\u0103 verifici exact cum func\u021bioneaz\u0103 integratorul nostru automat? Po\u021bi face teste individuale - comand\u0103 o integrare demo gratuit\u0103.\" \/>\n<meta property=\"og:url\" content=\"https:\/\/megamo.eu\/ro\/integrare-demo\/\" \/>\n<meta property=\"og:site_name\" content=\"megamo.eu\" \/>\n<meta property=\"article:publisher\" content=\"https:\/\/www.facebook.com\/megamoeu\" \/>\n<meta property=\"article:modified_time\" content=\"2025-12-22T12:03:58+00:00\" \/>\n<meta name=\"twitter:card\" content=\"summary_large_image\" \/>\n<meta name=\"twitter:label1\" content=\"Timp estimat pentru citire\" \/>\n\t<meta name=\"twitter:data1\" content=\"2 minute\" \/>\n<script type=\"application\/ld+json\" class=\"yoast-schema-graph\">{\"@context\":\"https:\/\/schema.org\",\"@graph\":[{\"@type\":\"WebPage\",\"@id\":\"https:\/\/megamo.eu\/ro\/integrare-demo\/\",\"url\":\"https:\/\/megamo.eu\/ro\/integrare-demo\/\",\"name\":\"Integrare demo\",\"isPartOf\":{\"@id\":\"https:\/\/megamo.eu\/ro\/#website\"},\"datePublished\":\"2024-02-19T14:06:13+00:00\",\"dateModified\":\"2025-12-22T12:03:58+00:00\",\"description\":\"Vrei s\u0103 verifici exact cum func\u021bioneaz\u0103 integratorul nostru automat? Po\u021bi face teste individuale - comand\u0103 o integrare demo gratuit\u0103.\",\"breadcrumb\":{\"@id\":\"https:\/\/megamo.eu\/ro\/integrare-demo\/#breadcrumb\"},\"inLanguage\":\"ro-RO\",\"potentialAction\":[{\"@type\":\"ReadAction\",\"target\":[\"https:\/\/megamo.eu\/ro\/integrare-demo\/\"]}]},{\"@type\":\"BreadcrumbList\",\"@id\":\"https:\/\/megamo.eu\/ro\/integrare-demo\/#breadcrumb\",\"itemListElement\":[{\"@type\":\"ListItem\",\"position\":1,\"name\":\"Home\",\"item\":\"https:\/\/megamo.eu\/ro\/\"},{\"@type\":\"ListItem\",\"position\":2,\"name\":\"Integrare demo\"}]},{\"@type\":\"WebSite\",\"@id\":\"https:\/\/megamo.eu\/ro\/#website\",\"url\":\"https:\/\/megamo.eu\/ro\/\",\"name\":\"megamo.eu\",\"description\":\"megamo.eu\",\"publisher\":{\"@id\":\"https:\/\/megamo.eu\/ro\/#organization\"},\"potentialAction\":[{\"@type\":\"SearchAction\",\"target\":{\"@type\":\"EntryPoint\",\"urlTemplate\":\"https:\/\/megamo.eu\/ro\/?s={search_term_string}\"},\"query-input\":{\"@type\":\"PropertyValueSpecification\",\"valueRequired\":true,\"valueName\":\"search_term_string\"}}],\"inLanguage\":\"ro-RO\"},{\"@type\":\"Organization\",\"@id\":\"https:\/\/megamo.eu\/ro\/#organization\",\"name\":\"Megamo\",\"alternateName\":\"mgo\",\"url\":\"https:\/\/megamo.eu\/ro\/\",\"logo\":{\"@type\":\"ImageObject\",\"inLanguage\":\"ro-RO\",\"@id\":\"https:\/\/megamo.eu\/ro\/#\/schema\/logo\/image\/\",\"url\":\"https:\/\/megamo.eu\/wp-content\/uploads\/2024\/02\/logo_small.png\",\"contentUrl\":\"https:\/\/megamo.eu\/wp-content\/uploads\/2024\/02\/logo_small.png\",\"width\":300,\"height\":113,\"caption\":\"Megamo\"},\"image\":{\"@id\":\"https:\/\/megamo.eu\/ro\/#\/schema\/logo\/image\/\"},\"sameAs\":[\"https:\/\/www.facebook.com\/megamoeu\",\"https:\/\/www.youtube.com\/@Megamo_en\"]}]}<\/script>\n<!-- \/ Yoast SEO Premium plugin. -->","yoast_head_json":{"title":"Integrare demo","description":"Vrei s\u0103 verifici exact cum func\u021bioneaz\u0103 integratorul nostru automat? Po\u021bi face teste individuale - comand\u0103 o integrare demo gratuit\u0103.","robots":{"index":"index","follow":"follow","max-snippet":"max-snippet:-1","max-image-preview":"max-image-preview:large","max-video-preview":"max-video-preview:-1"},"canonical":"https:\/\/megamo.eu\/ro\/integrare-demo\/","og_locale":"ro_RO","og_type":"article","og_title":"Integrare demo","og_description":"Vrei s\u0103 verifici exact cum func\u021bioneaz\u0103 integratorul nostru automat? Po\u021bi face teste individuale - comand\u0103 o integrare demo gratuit\u0103.","og_url":"https:\/\/megamo.eu\/ro\/integrare-demo\/","og_site_name":"megamo.eu","article_publisher":"https:\/\/www.facebook.com\/megamoeu","article_modified_time":"2025-12-22T12:03:58+00:00","twitter_card":"summary_large_image","twitter_misc":{"Timp estimat pentru citire":"2 minute"},"schema":{"@context":"https:\/\/schema.org","@graph":[{"@type":"WebPage","@id":"https:\/\/megamo.eu\/ro\/integrare-demo\/","url":"https:\/\/megamo.eu\/ro\/integrare-demo\/","name":"Integrare demo","isPartOf":{"@id":"https:\/\/megamo.eu\/ro\/#website"},"datePublished":"2024-02-19T14:06:13+00:00","dateModified":"2025-12-22T12:03:58+00:00","description":"Vrei s\u0103 verifici exact cum func\u021bioneaz\u0103 integratorul nostru automat? Po\u021bi face teste individuale - comand\u0103 o integrare demo gratuit\u0103.","breadcrumb":{"@id":"https:\/\/megamo.eu\/ro\/integrare-demo\/#breadcrumb"},"inLanguage":"ro-RO","potentialAction":[{"@type":"ReadAction","target":["https:\/\/megamo.eu\/ro\/integrare-demo\/"]}]},{"@type":"BreadcrumbList","@id":"https:\/\/megamo.eu\/ro\/integrare-demo\/#breadcrumb","itemListElement":[{"@type":"ListItem","position":1,"name":"Home","item":"https:\/\/megamo.eu\/ro\/"},{"@type":"ListItem","position":2,"name":"Integrare demo"}]},{"@type":"WebSite","@id":"https:\/\/megamo.eu\/ro\/#website","url":"https:\/\/megamo.eu\/ro\/","name":"megamo.eu","description":"megamo.eu","publisher":{"@id":"https:\/\/megamo.eu\/ro\/#organization"},"potentialAction":[{"@type":"SearchAction","target":{"@type":"EntryPoint","urlTemplate":"https:\/\/megamo.eu\/ro\/?s={search_term_string}"},"query-input":{"@type":"PropertyValueSpecification","valueRequired":true,"valueName":"search_term_string"}}],"inLanguage":"ro-RO"},{"@type":"Organization","@id":"https:\/\/megamo.eu\/ro\/#organization","name":"Megamo","alternateName":"mgo","url":"https:\/\/megamo.eu\/ro\/","logo":{"@type":"ImageObject","inLanguage":"ro-RO","@id":"https:\/\/megamo.eu\/ro\/#\/schema\/logo\/image\/","url":"https:\/\/megamo.eu\/wp-content\/uploads\/2024\/02\/logo_small.png","contentUrl":"https:\/\/megamo.eu\/wp-content\/uploads\/2024\/02\/logo_small.png","width":300,"height":113,"caption":"Megamo"},"image":{"@id":"https:\/\/megamo.eu\/ro\/#\/schema\/logo\/image\/"},"sameAs":["https:\/\/www.facebook.com\/megamoeu","https:\/\/www.youtube.com\/@Megamo_en"]}]}},"_links":{"self":[{"href":"https:\/\/megamo.eu\/ro\/wp-json\/wp\/v2\/pages\/47238"}],"collection":[{"href":"https:\/\/megamo.eu\/ro\/wp-json\/wp\/v2\/pages"}],"about":[{"href":"https:\/\/megamo.eu\/ro\/wp-json\/wp\/v2\/types\/page"}],"author":[{"embeddable":true,"href":"https:\/\/megamo.eu\/ro\/wp-json\/wp\/v2\/users\/2"}],"replies":[{"embeddable":true,"href":"https:\/\/megamo.eu\/ro\/wp-json\/wp\/v2\/comments?post=47238"}],"version-history":[{"count":5,"href":"https:\/\/megamo.eu\/ro\/wp-json\/wp\/v2\/pages\/47238\/revisions"}],"predecessor-version":[{"id":64850,"href":"https:\/\/megamo.eu\/ro\/wp-json\/wp\/v2\/pages\/47238\/revisions\/64850"}],"wp:attachment":[{"href":"https:\/\/megamo.eu\/ro\/wp-json\/wp\/v2\/media?parent=47238"}],"curies":[{"name":"wp","href":"https:\/\/api.w.org\/{rel}","templated":true}]}}