{"id":47235,"date":"2024-04-05T14:12:39","date_gmt":"2024-04-05T12:12:39","guid":{"rendered":"https:\/\/megamo.eu\/customize-your-online-store\/"},"modified":"2025-12-23T15:07:20","modified_gmt":"2025-12-23T14:07:20","slug":"personalizeaza-ti-magazinul-online","status":"publish","type":"page","link":"https:\/\/megamo.eu\/ro\/personalizeaza-ti-magazinul-online\/","title":{"rendered":"Personalizeaz\u0103-\u021bi magazinul online"},"content":{"rendered":"\n\t<div id=\"gap-1297970511\" class=\"gap-element clearfix\" style=\"display:block; height:auto;\">\n\t\t\n<style>\n#gap-1297970511 {\n  padding-top: 60px;\n}\n<\/style>\n\t<\/div>\n\t\n\n\t<section class=\"section\" id=\"section_696228399\">\n\t\t<div class=\"bg section-bg fill bg-fill  bg-loaded\" >\n\n\t\t\t\n\t\t\t\n\t\t\t\n\n\t\t<\/div>\n\n\t\t\n\n\t\t<div class=\"section-content relative\">\n\t\t\t\n\n<div class=\"row align-middle\"  id=\"row-808964376\">\n\n\n\t<div id=\"col-121254757\" class=\"col medium-6 small-12 large-6\"  >\n\t\t\t\t<div class=\"col-inner text-center\"  >\n\t\t\t\n\t\t\t\n\n\t<div id=\"text-3467806567\" class=\"text\">\n\t\t\n\n<h1>Personalizeaz\u0103 magazinul t\u0103u online<\/h1>\n\t\t\n<style>\n#text-3467806567 {\n  font-size: 1.3rem;\n  text-align: center;\n}\n@media (min-width:550px) {\n  #text-3467806567 {\n    text-align: left;\n  }\n}\n<\/style>\n\t<\/div>\n\t\n\t<div id=\"text-2148115873\" class=\"text\">\n\t\t\n\n<p><b>Servicii de modificare a site-ului<\/b><\/p>\n\t\t\n<style>\n#text-2148115873 {\n  font-size: 1.1rem;\n  text-align: center;\n  color: rgb(254, 94, 8);\n}\n#text-2148115873 > * {\n  color: rgb(254, 94, 8);\n}\n@media (min-width:550px) {\n  #text-2148115873 {\n    text-align: left;\n  }\n}\n<\/style>\n\t<\/div>\n\t\n\t<div id=\"text-517015671\" class=\"text\">\n\t\t\n\n<p>Suntem specializa\u021bi \u00een a da o nou\u0103 via\u021b\u0103 magazinului t\u0103u online \u0219i site-ului t\u0103u web. \u00cen era digital\u0103, a avea un site care iese \u00een eviden\u021b\u0103 nu mai este doar o op\u021biune \u2014 <b>este o necesitate<\/b>. Aici intervenim noi.<\/p>\n<p>F\u0103 primul pas pentru a-\u021bi diferen\u021bia brandul. Hai s\u0103 \u00eencepem s\u0103 construim site-ul pe care afacerea ta \u00eel merit\u0103.<\/p>\n\t\t\n<style>\n#text-517015671 {\n  text-align: center;\n}\n@media (min-width:550px) {\n  #text-517015671 {\n    text-align: left;\n  }\n}\n<\/style>\n\t<\/div>\n\t\n\n\t\t<\/div>\n\t\t\t\t\t<\/div>\n\n\t\n\n\t<div id=\"col-1296292676\" class=\"col medium-6 small-12 large-6 small-col-first\"  >\n\t\t\t\t<div class=\"col-inner\"  >\n\t\t\t\n\t\t\t\n\n\t<div class=\"img has-hover x md-x lg-x y md-y lg-y\" id=\"image_881719461\">\n\t\t\t\t\t\t\t\t<div class=\"img-inner dark\" >\n\t\t\t<img loading=\"lazy\" decoding=\"async\" width=\"700\" height=\"467\" src=\"https:\/\/megamo.eu\/wp-content\/uploads\/2024\/04\/customize_website.webp\" class=\"attachment-original size-original\" alt=\"\" srcset=\"https:\/\/megamo.eu\/wp-content\/uploads\/2024\/04\/customize_website.webp 700w, https:\/\/megamo.eu\/wp-content\/uploads\/2024\/04\/customize_website-600x400.webp 600w\" sizes=\"(max-width: 700px) 100vw, 700px\" \/>\t\t\t\t\t\t\n\t\t\t\t\t<\/div>\n\t\t\t\t\t\t\t\t\n<style>\n#image_881719461 {\n  width: 100%;\n}\n<\/style>\n\t<\/div>\n\t\n\n\n\t\t<\/div>\n\t\t\t\t\t<\/div>\n\n\t\n\n<\/div>\n\n\t\t<\/div>\n\n\t\t\n<style>\n#section_696228399 {\n  padding-top: 30px;\n  padding-bottom: 30px;\n}\n<\/style>\n\t<\/section>\n\t\n\t<div id=\"gap-1059732712\" class=\"gap-element clearfix\" style=\"display:block; height:auto;\">\n\t\t\n<style>\n#gap-1059732712 {\n  padding-top: 80px;\n}\n<\/style>\n\t<\/div>\n\t\n\n\t<section class=\"section\" id=\"section_1958472119\">\n\t\t<div class=\"bg section-bg fill bg-fill  bg-loaded\" >\n\n\t\t\t\n\t\t\t\n\t\t\t\n\n\t\t<\/div>\n\n\t\t\n\n\t\t<div class=\"section-content relative\">\n\t\t\t\n\n<div class=\"row\"  id=\"row-1422297368\">\n\n\n\t<div id=\"col-641149092\" class=\"col small-12 large-12\"  >\n\t\t\t\t<div class=\"col-inner\"  >\n\t\t\t\n\t\t\t\n\n\t<div id=\"text-3612520195\" class=\"text\">\n\t\t\n\n<h2 style=\"padding-bottom: 20px; border-bottom: 10px dashed #fe5e08;\">MODERNIZEAZ\u0102 SITE-UL SAU MAGAZINUL T\u0102U ONLINE<\/h2>\n\t\t\n<style>\n#text-3612520195 {\n  font-size: 1.2rem;\n  text-align: center;\n}\n<\/style>\n\t<\/div>\n\t\n\t<div id=\"gap-631384995\" class=\"gap-element clearfix\" style=\"display:block; height:auto;\">\n\t\t\n<style>\n#gap-631384995 {\n  padding-top: 40px;\n}\n<\/style>\n\t<\/div>\n\t\n\n<div class=\"row\"  id=\"row-2103467033\">\n\n\n\t<div id=\"col-190239033\" class=\"col medium-6 small-12 large-6\"  >\n\t\t\t\t<div class=\"col-inner text-center\"  >\n\t\t\t\n\t<div class=\"is-border\"\n\t\tstyle=\"border-color:rgb(192, 192, 192);border-radius:15px;border-width:1px 1px 1px 1px;\">\n\t<\/div>\n\t\t\t\n\n\t<div id=\"text-3670567131\" class=\"text\">\n\t\t\n\n<p>PERSONALIZARE SITE<\/p>\n\t\t\n<style>\n#text-3670567131 {\n  font-size: 1.3rem;\n  text-align: center;\n}\n<\/style>\n\t<\/div>\n\t\n\t<div class=\"img has-hover x md-x lg-x y md-y lg-y\" id=\"image_1721138653\">\n\t\t\t\t\t\t\t\t<div class=\"img-inner dark\" style=\"margin:10px 0px 20px 0px;\">\n\t\t\t<img loading=\"lazy\" decoding=\"async\" width=\"700\" height=\"467\" src=\"https:\/\/megamo.eu\/wp-content\/uploads\/2024\/04\/customize_website.webp\" class=\"attachment-original size-original\" alt=\"\" srcset=\"https:\/\/megamo.eu\/wp-content\/uploads\/2024\/04\/customize_website.webp 700w, https:\/\/megamo.eu\/wp-content\/uploads\/2024\/04\/customize_website-600x400.webp 600w\" sizes=\"(max-width: 700px) 100vw, 700px\" \/>\t\t\t\t\t\t\n\t\t\t\t\t<\/div>\n\t\t\t\t\t\t\t\t\n<style>\n#image_1721138653 {\n  width: 35%;\n}\n<\/style>\n\t<\/div>\n\t\n\n\t<div id=\"text-753429928\" class=\"text\">\n\t\t\n\n<p style=\"margin-bottom:0;\">completeaz\u0103 formularul<\/p>\n\t\t\n<style>\n#text-753429928 {\n  font-size: 2.4rem;\n  text-align: center;\n}\n<\/style>\n\t<\/div>\n\t\n\t<div id=\"text-814907613\" class=\"text\">\n\t\t\n\n<p style=\"margin-bottom: 35px;\">pre\u021b personalizat<\/p>\n\n\t\t\n<style>\n#text-814907613 {\n  font-size: 1.3rem;\n}\n<\/style>\n\t<\/div>\n\t\n\n\n<a class=\"button primary\" href=\"https:\/\/forms.clickup.com\/9012257574\/f\/8cjr8t6-7752\/QSRG5GZANSR4P82YE3\" target=\"_blank\" rel=\"noopener\">Comand\u0103<\/a>\n\n\n\t\t<\/div>\n\t\t\t\t\n<style>\n#col-190239033 > .col-inner {\n  padding: 30px 30px 30px 30px;\n}\n<\/style>\n\t<\/div>\n\n\t\n\n\t<div id=\"col-1916156620\" class=\"col medium-6 small-12 large-6\"  >\n\t\t\t\t<div class=\"col-inner\"  >\n\t\t\t\n\t\t\t\n\n\n\n<div style=\"border-left: 4px #fe5e08 solid; padding-left: 20px\">\n<h2 style=\"text-transform: uppercase;\">Modificarea temei<\/h2><h3 style=\"color: #fe5e08;\">Pentru un aspect mai bun<\/h3><p>Schimb\u0103ri de fonturi, culori, pozi\u021bionarea elementelor, ad\u0103ugarea de categorii, implement\u0103ri personalizate suplimentare sau schimbarea complet\u0103 a temei site-ului.<\/p>\n<\/div>\n\n\n\n<div style=\"border-left: 4px #089de3 solid; padding-left: 20px\">\n<h2 style=\"text-transform: uppercase;\">Actualizarea sistemului<\/h2><h3 style=\"color: #089de3;\">Pentru performan\u021b\u0103 mai bun\u0103<\/h3><p>Actualiz\u0103ri de pluginuri, elemente ale site-ului \u0219i ale sistemului pe care este construit magazinul.<\/p>\n<\/div>\n\n\n\n<div style=\"border-left: 4px #fe5e08 solid; padding-left: 20px\">\n<h2 style=\"text-transform: uppercase;\">Ad\u0103ugarea de func\u021bionalit\u0103\u021bi noi<\/h2><h3 style=\"color: #fe5e08;\">Pentru o experien\u021b\u0103 mai bun\u0103 a utilizatorului<\/h3><p>Activarea \/ integrarea \u0219i personalizarea func\u021bionalit\u0103\u021bilor existente sau crearea unora complet noi, ca implement\u0103ri personalizate.<\/p>\n<\/div>\n\n\n\n<div style=\"border-left: 4px #089de3 solid; padding-left: 20px\">\n<h2 style=\"text-transform: uppercase;\">Integrarea cu platforme externe<\/h2><h3 style=\"color: #089de3;\">Pentru o administrare mai eficient\u0103<\/h3><p>Integr\u0103ri cu sisteme de plat\u0103, sisteme de management al produselor, implementarea instrumentelor de analiz\u0103 a datelor de la Google sau alte platforme.<\/p>\n<\/div>\n\n\n\n<div style=\"border-left: 4px #fe5e08 solid; padding-left: 20px\">\n<h2 style=\"text-transform: uppercase;\">Integrarea cu marketplace-uri<\/h2><h3 style=\"color: #fe5e08;\">Pentru extinderea brandului<\/h3><p>Integrare cu Amazon, Allegro, eBay \u0219i altele.<\/p>\n<\/div>\n\n\n\n<div style=\"border-left: 4px #089de3 solid; padding-left: 20px\">\n<h2 style=\"text-transform: uppercase;\">Gestionarea graficii<\/h2><h3 style=\"color: #089de3;\">Pentru o optimizare mai bun\u0103<\/h3><p>Conversia imaginilor din formate mai grele precum PNG sau JPG \u00een WEBP. Crearea de grafic\u0103 sau ajutor \u00een alegerea celor potrivite.<\/p>\n<\/div>\n\n\n\t\t<\/div>\n\t\t\t\t\t<\/div>\n\n\t\n\n<\/div>\n\t<div id=\"text-3129785622\" class=\"text\">\n\t\t\n\n<h2 style=\"padding-bottom: 20px; border-bottom: 10px dashed #fe5e08;\"><\/h2>\n\n\t\t\n<style>\n#text-3129785622 {\n  font-size: 1.2rem;\n  text-align: center;\n}\n<\/style>\n\t<\/div>\n\t\n\n\t\t<\/div>\n\t\t\t\t\t<\/div>\n\n\t\n\n<\/div>\n<div class=\"row\"  id=\"row-1856074807\">\n\n\n\t<div id=\"col-786662471\" class=\"col medium-6 small-12 large-6\"  >\n\t\t\t\t<div class=\"col-inner text-center\"  >\n\t\t\t\n\t<div class=\"is-border\"\n\t\tstyle=\"border-color:rgb(192, 192, 192);border-radius:15px;border-width:1px 1px 1px 1px;\">\n\t<\/div>\n\t\t\t\n\n\t<div id=\"text-3728976229\" class=\"text\">\n\t\t\n\n<p>GENERAREA DESCRIERILOR PRODUSELOR CU AI<\/p>\n\n\t\t\n<style>\n#text-3728976229 {\n  font-size: 1.3rem;\n  text-align: center;\n}\n<\/style>\n\t<\/div>\n\t\n\t<div class=\"img has-hover x md-x lg-x y md-y lg-y\" id=\"image_910166790\">\n\t\t\t\t\t\t\t\t<div class=\"img-inner dark\" style=\"margin:10px 0px 20px 0px;\">\n\t\t\t<img loading=\"lazy\" decoding=\"async\" width=\"989\" height=\"898\" src=\"https:\/\/megamo.eu\/wp-content\/uploads\/2025\/04\/generating_design.webp\" class=\"attachment-original size-original\" alt=\"\" srcset=\"https:\/\/megamo.eu\/wp-content\/uploads\/2025\/04\/generating_design.webp 989w, https:\/\/megamo.eu\/wp-content\/uploads\/2025\/04\/generating_design-441x400.webp 441w, https:\/\/megamo.eu\/wp-content\/uploads\/2025\/04\/generating_design-881x800.webp 881w, https:\/\/megamo.eu\/wp-content\/uploads\/2025\/04\/generating_design-768x697.webp 768w, https:\/\/megamo.eu\/wp-content\/uploads\/2025\/04\/generating_design-600x545.webp 600w\" sizes=\"(max-width: 989px) 100vw, 989px\" \/>\t\t\t\t\t\t\n\t\t\t\t\t<\/div>\n\t\t\t\t\t\t\t\t\n<style>\n#image_910166790 {\n  width: 26%;\n}\n<\/style>\n\t<\/div>\n\t\n\n\t<div id=\"text-1989948173\" class=\"text\">\n\t\t\n\n<p style=\"margin-bottom:0;\">verifica\u021bi aceast\u0103 func\u021bie<\/p>\n\n\t\t\n<style>\n#text-1989948173 {\n  font-size: 2.4rem;\n  text-align: center;\n}\n<\/style>\n\t<\/div>\n\t\n\t<div id=\"text-1743680401\" class=\"text\">\n\t\t\n\n<p style=\"margin-bottom: 35px;\">pre\u021b personalizat<\/p>\n\n\t\t\n<style>\n#text-1743680401 {\n  font-size: 1.3rem;\n}\n<\/style>\n\t<\/div>\n\t\n\n\n<a class=\"button primary\" href=\"\/ro\/generarea-de-descrieri-ai-pentru-produse\/\">Merge\u021bi la pagina<\/a>\n\n\n\t\t<\/div>\n\t\t\t\t\n<style>\n#col-786662471 > .col-inner {\n  padding: 30px 30px 30px 30px;\n}\n<\/style>\n\t<\/div>\n\n\t\n\n\t<div id=\"col-1806177797\" class=\"col medium-6 small-12 large-6\"  >\n\t\t\t\t<div class=\"col-inner text-center\"  >\n\t\t\t\n\t<div class=\"is-border\"\n\t\tstyle=\"border-color:rgb(192, 192, 192);border-radius:15px;border-width:1px 1px 1px 1px;\">\n\t<\/div>\n\t\t\t\n\n\t<div id=\"text-630911713\" class=\"text\">\n\t\t\n\n<p>TRADUCERILE PRODUSELOR<\/p>\n\n\t\t\n<style>\n#text-630911713 {\n  font-size: 1.3rem;\n  text-align: center;\n}\n<\/style>\n\t<\/div>\n\t\n\t<div class=\"img has-hover x md-x lg-x y md-y lg-y\" id=\"image_1961408570\">\n\t\t\t\t\t\t\t\t<div class=\"img-inner dark\" style=\"margin:10px 0px 20px 0px;\">\n\t\t\t<img loading=\"lazy\" decoding=\"async\" width=\"700\" height=\"467\" src=\"https:\/\/megamo.eu\/wp-content\/uploads\/2024\/02\/translate_xml_csv_colors.webp\" class=\"attachment-original size-original\" alt=\"\" srcset=\"https:\/\/megamo.eu\/wp-content\/uploads\/2024\/02\/translate_xml_csv_colors.webp 700w, https:\/\/megamo.eu\/wp-content\/uploads\/2024\/02\/translate_xml_csv_colors-600x400.webp 600w\" sizes=\"(max-width: 700px) 100vw, 700px\" \/>\t\t\t\t\t\t\n\t\t\t\t\t<\/div>\n\t\t\t\t\t\t\t\t\n<style>\n#image_1961408570 {\n  width: 35%;\n}\n<\/style>\n\t<\/div>\n\t\n\n\t<div id=\"text-2788297437\" class=\"text\">\n\t\t\n\n<p style=\"margin-bottom:0;\">verifica\u021bi aceast\u0103 func\u021bie<\/p>\n\n\t\t\n<style>\n#text-2788297437 {\n  font-size: 2.4rem;\n  text-align: center;\n}\n<\/style>\n\t<\/div>\n\t\n\t<div id=\"text-1421461761\" class=\"text\">\n\t\t\n\n<p style=\"margin-bottom: 35px;\">pre\u021b personalizat<\/p>\n\n\t\t\n<style>\n#text-1421461761 {\n  font-size: 1.3rem;\n}\n<\/style>\n\t<\/div>\n\t\n\n\n<a class=\"button primary\" href=\"\/ro\/traducerea-fisierelor-furnizorilor\/\">Merge\u021bi la pagina<\/a>\n\n\n\t\t<\/div>\n\t\t\t\t\n<style>\n#col-1806177797 > .col-inner {\n  padding: 30px 30px 30px 30px;\n}\n<\/style>\n\t<\/div>\n\n\t\n\n<\/div>\n\n\t\t<\/div>\n\n\t\t\n<style>\n#section_1958472119 {\n  padding-top: 0px;\n  padding-bottom: 0px;\n}\n<\/style>\n\t<\/section>\n\t\n\t<div id=\"gap-249354577\" class=\"gap-element clearfix\" style=\"display:block; height:auto;\">\n\t\t\n<style>\n#gap-249354577 {\n  padding-top: 80px;\n}\n<\/style>\n\t<\/div>\n\t\n\n\t<section class=\"section\" id=\"section_1749172266\">\n\t\t<div class=\"bg section-bg fill bg-fill  bg-loaded\" >\n\n\t\t\t\n\t\t\t\n\t\t\t\n\n\t\t<\/div>\n\n\t\t\n\n\t\t<div class=\"section-content relative\">\n\t\t\t\n\n<div class=\"row\"  id=\"row-563095383\">\n\n\n\t<div id=\"col-1595052394\" class=\"col small-12 large-12\"  >\n\t\t\t\t<div class=\"col-inner\"  >\n\t\t\t\n\t\t\t\n\n\t<div id=\"text-370768812\" class=\"text\">\n\t\t\n\n<h2>\u00centreb\u0103ri frecvente<\/h2>\n\t\t\n<style>\n#text-370768812 {\n  font-size: 1.2rem;\n  text-align: center;\n}\n<\/style>\n\t<\/div>\n\t\n<div class=\"row\"  id=\"row-1253655755\">\n\n\n\t<div id=\"col-1377611580\" class=\"col medium-6 small-12 large-6\"  >\n\t\t\t\t<div class=\"col-inner\"  >\n\t\t\t\n\t\t\t\n\n<div style=\"border-left: 4px #fe5e08 solid; padding-left: 20px\">\n<p><b>C\u00e2t dureaz\u0103, de obicei, un proiect de modificare a site-ului?<\/b><br \/>Durata unui proiect de modificare poate varia \u00een func\u021bie de complexitatea \u0219i amploarea schimb\u0103rilor necesare. Dup\u0103 ce ne trimi\u021bi formularul, vom estima costul \u0219i \u00ee\u021bi vom comunica timpul necesar pentru implementare.<\/p>\n<\/div>\n<div style=\"border-left: 4px #fe5e08 solid; padding-left: 20px\">\n<p><b>Site-ul meu va fi indisponibil sau va exista timp de nefunc\u021bionare \u00een timpul modific\u0103rilor?<\/b><br \/>Ne str\u0103duim s\u0103 minimiz\u0103m orice impact asupra disponibilit\u0103\u021bii site-ului t\u0103u. Majoritatea modific\u0103rilor sunt realizate pe o versiune de test, astfel \u00eenc\u00e2t site-ul live r\u0103m\u00e2ne neafectat p\u00e2n\u0103 la finalizarea \u0219i aprobarea actualiz\u0103rilor. Dac\u0103 este necesar un timp de nefunc\u021bionare temporar, \u00eel vom programa \u00een afara orelor de v\u00e2rf \u0219i te vom informa \u00een prealabil.<\/p>\n<\/div>\n\n\t\t<\/div>\n\t\t\t\t\t<\/div>\n\n\t\n\n\t<div id=\"col-2118575673\" class=\"col medium-6 small-12 large-6\"  >\n\t\t\t\t<div class=\"col-inner\"  >\n\t\t\t\n\t\t\t\n\n<div style=\"border-left: 4px #fe5e08 solid; padding-left: 20px\">\n<p><b>Pute\u021bi integra func\u021bionalit\u0103\u021bi sau tehnologii noi \u00een site-ul meu existent?<\/b><br \/>Desigur. Echipa noastr\u0103 are experien\u021b\u0103 \u00een integrarea unei game largi de func\u021bionalit\u0103\u021bi \u0219i tehnologii moderne, de la solu\u021bii e-commerce \u0219i sisteme de plat\u0103, p\u00e2n\u0103 la pluginuri personalizate \u0219i API-uri. Ne concentr\u0103m pe o integrare fluent\u0103, care \u00eembun\u0103t\u0103\u021be\u0219te func\u021bionalitatea \u0219i experien\u021ba utilizatorului, men\u021bin\u00e2nd performan\u021ba site-ului.<\/p>\n<\/div>\n<div style=\"border-left: 4px #fe5e08 solid; padding-left: 20px\">\n<p><b>Cum \u00eencepem proiectul de modificare a site-ului meu?<\/b><br \/>Este foarte simplu. Contacteaz\u0103-ne prin formularul de contact. \u00ce\u021bi vom trimite o propunere care va include domeniul proiectului, durata \u0219i bugetul. Dup\u0103 acceptare, vom \u00eencepe implementarea \u0219i te vom \u021bine la curent pe tot parcursul procesului.<\/p>\n<\/div>\n\n\t\t<\/div>\n\t\t\t\t\t<\/div>\n\n\t\n\n\n<style>\n#row-1253655755 > .col > .col-inner {\n  padding: 30px 0px 0px 0px;\n}\n<\/style>\n<\/div>\n<div class=\"row\"  id=\"row-681233178\">\n\n\n\t<div id=\"col-107223935\" class=\"col small-12 large-12\"  >\n\t\t\t\t<div class=\"col-inner text-center\"  >\n\t\t\t\n\t\t\t\n\n<a href=\"#contact-form\" class=\"button primary\"  >\n    <span>Ai alte \u00eentreb\u0103ri? Contacteaz\u0103-ne<\/span>\n  <\/a>\n\n\n\n\t\t<\/div>\n\t\t\t\t\t<\/div>\n\n\t\n\n<\/div>\n\n\t\t<\/div>\n\t\t\t\t\t<\/div>\n\n\t\n\n<\/div>\n\n\t\t<\/div>\n\n\t\t\n<style>\n#section_1749172266 {\n  padding-top: 30px;\n  padding-bottom: 30px;\n  background-color: #f9f9f9;\n}\n<\/style>\n\t<\/section>\n\t\n\n","protected":false},"excerpt":{"rendered":"","protected":false},"author":2,"featured_media":0,"parent":0,"menu_order":0,"comment_status":"closed","ping_status":"closed","template":"","meta":{"_lmt_disableupdate":"","_lmt_disable":"","footnotes":""},"yoast_head":"<!-- This site is optimized with the Yoast SEO Premium plugin v21.8 (Yoast SEO v23.5) - https:\/\/yoast.com\/wordpress\/plugins\/seo\/ -->\n<title>Personalizeaz\u0103-\u021bi magazinul online<\/title>\n<meta name=\"description\" content=\"\u00cembun\u0103t\u0103\u021be\u0219te-\u021bi prezen\u021ba online cu serviciile noastre de modificare expert\u0103 a site-ului web \u0219i de personalizare a comer\u021bului electronic. Ridic\u0103-\u021bi brandul ast\u0103zi!\" \/>\n<meta name=\"robots\" content=\"index, follow, max-snippet:-1, max-image-preview:large, max-video-preview:-1\" \/>\n<link rel=\"canonical\" href=\"https:\/\/megamo.eu\/ro\/personalizeaza-ti-magazinul-online\/\" \/>\n<meta property=\"og:locale\" content=\"ro_RO\" \/>\n<meta property=\"og:type\" content=\"article\" \/>\n<meta property=\"og:title\" content=\"Personalizeaz\u0103-\u021bi magazinul online\" \/>\n<meta property=\"og:description\" content=\"\u00cembun\u0103t\u0103\u021be\u0219te-\u021bi prezen\u021ba online cu serviciile noastre de modificare expert\u0103 a site-ului web \u0219i de personalizare a comer\u021bului electronic. Ridic\u0103-\u021bi brandul ast\u0103zi!\" \/>\n<meta property=\"og:url\" content=\"https:\/\/megamo.eu\/ro\/personalizeaza-ti-magazinul-online\/\" \/>\n<meta property=\"og:site_name\" content=\"megamo.eu\" \/>\n<meta property=\"article:publisher\" content=\"https:\/\/www.facebook.com\/megamoeu\" \/>\n<meta property=\"article:modified_time\" content=\"2025-12-23T14:07:20+00:00\" \/>\n<meta name=\"twitter:card\" content=\"summary_large_image\" \/>\n<meta name=\"twitter:label1\" content=\"Timp estimat pentru citire\" \/>\n\t<meta name=\"twitter:data1\" content=\"4 minute\" \/>\n<script type=\"application\/ld+json\" class=\"yoast-schema-graph\">{\"@context\":\"https:\/\/schema.org\",\"@graph\":[{\"@type\":\"WebPage\",\"@id\":\"https:\/\/megamo.eu\/ro\/personalizeaza-ti-magazinul-online\/\",\"url\":\"https:\/\/megamo.eu\/ro\/personalizeaza-ti-magazinul-online\/\",\"name\":\"Personalizeaz\u0103-\u021bi magazinul online\",\"isPartOf\":{\"@id\":\"https:\/\/megamo.eu\/ro\/#website\"},\"datePublished\":\"2024-04-05T12:12:39+00:00\",\"dateModified\":\"2025-12-23T14:07:20+00:00\",\"description\":\"\u00cembun\u0103t\u0103\u021be\u0219te-\u021bi prezen\u021ba online cu serviciile noastre de modificare expert\u0103 a site-ului web \u0219i de personalizare a comer\u021bului electronic. Ridic\u0103-\u021bi brandul ast\u0103zi!\",\"breadcrumb\":{\"@id\":\"https:\/\/megamo.eu\/ro\/personalizeaza-ti-magazinul-online\/#breadcrumb\"},\"inLanguage\":\"ro-RO\",\"potentialAction\":[{\"@type\":\"ReadAction\",\"target\":[\"https:\/\/megamo.eu\/ro\/personalizeaza-ti-magazinul-online\/\"]}]},{\"@type\":\"BreadcrumbList\",\"@id\":\"https:\/\/megamo.eu\/ro\/personalizeaza-ti-magazinul-online\/#breadcrumb\",\"itemListElement\":[{\"@type\":\"ListItem\",\"position\":1,\"name\":\"Home\",\"item\":\"https:\/\/megamo.eu\/ro\/\"},{\"@type\":\"ListItem\",\"position\":2,\"name\":\"Personalizeaz\u0103-\u021bi magazinul online\"}]},{\"@type\":\"WebSite\",\"@id\":\"https:\/\/megamo.eu\/ro\/#website\",\"url\":\"https:\/\/megamo.eu\/ro\/\",\"name\":\"megamo.eu\",\"description\":\"megamo.eu\",\"publisher\":{\"@id\":\"https:\/\/megamo.eu\/ro\/#organization\"},\"potentialAction\":[{\"@type\":\"SearchAction\",\"target\":{\"@type\":\"EntryPoint\",\"urlTemplate\":\"https:\/\/megamo.eu\/ro\/?s={search_term_string}\"},\"query-input\":{\"@type\":\"PropertyValueSpecification\",\"valueRequired\":true,\"valueName\":\"search_term_string\"}}],\"inLanguage\":\"ro-RO\"},{\"@type\":\"Organization\",\"@id\":\"https:\/\/megamo.eu\/ro\/#organization\",\"name\":\"Megamo\",\"alternateName\":\"mgo\",\"url\":\"https:\/\/megamo.eu\/ro\/\",\"logo\":{\"@type\":\"ImageObject\",\"inLanguage\":\"ro-RO\",\"@id\":\"https:\/\/megamo.eu\/ro\/#\/schema\/logo\/image\/\",\"url\":\"https:\/\/megamo.eu\/wp-content\/uploads\/2024\/02\/logo_small.png\",\"contentUrl\":\"https:\/\/megamo.eu\/wp-content\/uploads\/2024\/02\/logo_small.png\",\"width\":300,\"height\":113,\"caption\":\"Megamo\"},\"image\":{\"@id\":\"https:\/\/megamo.eu\/ro\/#\/schema\/logo\/image\/\"},\"sameAs\":[\"https:\/\/www.facebook.com\/megamoeu\",\"https:\/\/www.youtube.com\/@Megamo_en\"]}]}<\/script>\n<!-- \/ Yoast SEO Premium plugin. -->","yoast_head_json":{"title":"Personalizeaz\u0103-\u021bi magazinul online","description":"\u00cembun\u0103t\u0103\u021be\u0219te-\u021bi prezen\u021ba online cu serviciile noastre de modificare expert\u0103 a site-ului web \u0219i de personalizare a comer\u021bului electronic. Ridic\u0103-\u021bi brandul ast\u0103zi!","robots":{"index":"index","follow":"follow","max-snippet":"max-snippet:-1","max-image-preview":"max-image-preview:large","max-video-preview":"max-video-preview:-1"},"canonical":"https:\/\/megamo.eu\/ro\/personalizeaza-ti-magazinul-online\/","og_locale":"ro_RO","og_type":"article","og_title":"Personalizeaz\u0103-\u021bi magazinul online","og_description":"\u00cembun\u0103t\u0103\u021be\u0219te-\u021bi prezen\u021ba online cu serviciile noastre de modificare expert\u0103 a site-ului web \u0219i de personalizare a comer\u021bului electronic. Ridic\u0103-\u021bi brandul ast\u0103zi!","og_url":"https:\/\/megamo.eu\/ro\/personalizeaza-ti-magazinul-online\/","og_site_name":"megamo.eu","article_publisher":"https:\/\/www.facebook.com\/megamoeu","article_modified_time":"2025-12-23T14:07:20+00:00","twitter_card":"summary_large_image","twitter_misc":{"Timp estimat pentru citire":"4 minute"},"schema":{"@context":"https:\/\/schema.org","@graph":[{"@type":"WebPage","@id":"https:\/\/megamo.eu\/ro\/personalizeaza-ti-magazinul-online\/","url":"https:\/\/megamo.eu\/ro\/personalizeaza-ti-magazinul-online\/","name":"Personalizeaz\u0103-\u021bi magazinul online","isPartOf":{"@id":"https:\/\/megamo.eu\/ro\/#website"},"datePublished":"2024-04-05T12:12:39+00:00","dateModified":"2025-12-23T14:07:20+00:00","description":"\u00cembun\u0103t\u0103\u021be\u0219te-\u021bi prezen\u021ba online cu serviciile noastre de modificare expert\u0103 a site-ului web \u0219i de personalizare a comer\u021bului electronic. Ridic\u0103-\u021bi brandul ast\u0103zi!","breadcrumb":{"@id":"https:\/\/megamo.eu\/ro\/personalizeaza-ti-magazinul-online\/#breadcrumb"},"inLanguage":"ro-RO","potentialAction":[{"@type":"ReadAction","target":["https:\/\/megamo.eu\/ro\/personalizeaza-ti-magazinul-online\/"]}]},{"@type":"BreadcrumbList","@id":"https:\/\/megamo.eu\/ro\/personalizeaza-ti-magazinul-online\/#breadcrumb","itemListElement":[{"@type":"ListItem","position":1,"name":"Home","item":"https:\/\/megamo.eu\/ro\/"},{"@type":"ListItem","position":2,"name":"Personalizeaz\u0103-\u021bi magazinul online"}]},{"@type":"WebSite","@id":"https:\/\/megamo.eu\/ro\/#website","url":"https:\/\/megamo.eu\/ro\/","name":"megamo.eu","description":"megamo.eu","publisher":{"@id":"https:\/\/megamo.eu\/ro\/#organization"},"potentialAction":[{"@type":"SearchAction","target":{"@type":"EntryPoint","urlTemplate":"https:\/\/megamo.eu\/ro\/?s={search_term_string}"},"query-input":{"@type":"PropertyValueSpecification","valueRequired":true,"valueName":"search_term_string"}}],"inLanguage":"ro-RO"},{"@type":"Organization","@id":"https:\/\/megamo.eu\/ro\/#organization","name":"Megamo","alternateName":"mgo","url":"https:\/\/megamo.eu\/ro\/","logo":{"@type":"ImageObject","inLanguage":"ro-RO","@id":"https:\/\/megamo.eu\/ro\/#\/schema\/logo\/image\/","url":"https:\/\/megamo.eu\/wp-content\/uploads\/2024\/02\/logo_small.png","contentUrl":"https:\/\/megamo.eu\/wp-content\/uploads\/2024\/02\/logo_small.png","width":300,"height":113,"caption":"Megamo"},"image":{"@id":"https:\/\/megamo.eu\/ro\/#\/schema\/logo\/image\/"},"sameAs":["https:\/\/www.facebook.com\/megamoeu","https:\/\/www.youtube.com\/@Megamo_en"]}]}},"_links":{"self":[{"href":"https:\/\/megamo.eu\/ro\/wp-json\/wp\/v2\/pages\/47235"}],"collection":[{"href":"https:\/\/megamo.eu\/ro\/wp-json\/wp\/v2\/pages"}],"about":[{"href":"https:\/\/megamo.eu\/ro\/wp-json\/wp\/v2\/types\/page"}],"author":[{"embeddable":true,"href":"https:\/\/megamo.eu\/ro\/wp-json\/wp\/v2\/users\/2"}],"replies":[{"embeddable":true,"href":"https:\/\/megamo.eu\/ro\/wp-json\/wp\/v2\/comments?post=47235"}],"version-history":[{"count":6,"href":"https:\/\/megamo.eu\/ro\/wp-json\/wp\/v2\/pages\/47235\/revisions"}],"predecessor-version":[{"id":65060,"href":"https:\/\/megamo.eu\/ro\/wp-json\/wp\/v2\/pages\/47235\/revisions\/65060"}],"wp:attachment":[{"href":"https:\/\/megamo.eu\/ro\/wp-json\/wp\/v2\/media?parent=47235"}],"curies":[{"name":"wp","href":"https:\/\/api.w.org\/{rel}","templated":true}]}}