{"id":47233,"date":"2024-02-20T15:40:35","date_gmt":"2024-02-20T14:40:35","guid":{"rendered":"https:\/\/megamo.eu\/contact-info\/"},"modified":"2025-12-12T11:57:15","modified_gmt":"2025-12-12T10:57:15","slug":"informatii-de-contact","status":"publish","type":"page","link":"https:\/\/megamo.eu\/ro\/informatii-de-contact\/","title":{"rendered":"Informa\u021bii de contact"},"content":{"rendered":"\n\t<div id=\"gap-906144893\" class=\"gap-element clearfix\" style=\"display:block; height:auto;\">\n\t\t\n<style>\n#gap-906144893 {\n  padding-top: 60px;\n}\n<\/style>\n\t<\/div>\n\t\n\n\t<section class=\"section\" id=\"section_1297206723\">\n\t\t<div class=\"bg section-bg fill bg-fill  bg-loaded\" >\n\n\t\t\t\n\t\t\t\n\t\t\t\n\n\t\t<\/div>\n\n\t\t\n\n\t\t<div class=\"section-content relative\">\n\t\t\t\n\n<div class=\"row\"  id=\"row-753267414\">\n\n\n\t<div id=\"col-378892923\" class=\"col medium-8 small-12 large-8 col-divided\"  >\n\t\t\t\t<div class=\"col-inner\"  >\n\t\t\t\n\t\t\t\n\n<h1>Contacteaz\u0103-ne<\/h1>\n<div class=\"is-divider divider clearfix\" ><\/div>\n\n\n\n<script type=\"text\/javascript\" src=\"\/\/ma.megamo.pl\/form\/generate.js?id=14\"><\/script>\n\n\n\t\t<\/div>\n\t\t\t\t\t<\/div>\n\n\t\n\n\t<div id=\"col-1726816141\" class=\"col medium-4 small-12 large-4\"  >\n\t\t\t\t<div class=\"col-inner\"  >\n\t\t\t\n\t\t\t\n\n<h3>Informa\u021bii despre magazin<\/h3>\n<div class=\"is-divider divider clearfix\" ><\/div>\n\n<p style=\"color: #888888; padding: 2px 0; margin-bottom: 0px;\"><i class=\"icon-map-pin-fill\" style=\"color: #414141;\"><\/i> Gda\u0144sk<\/p> <p style=\"padding: 2px 0; margin-bottom: 0px;\"><i class=\"icon-envelop\" style=\"color: #414141;\"><\/i> <a href=\"mailto:biuro@megamo.pl\">biuro@megamo.pl<\/a><\/p> <p style=\"padding: 2px 0; margin-bottom: 1em;\"><i class=\"icon-phone\" style=\"color: #414141;\"><\/i> <a href=\"tel:+48 696 107 507\">+48 696 107 507<\/a><\/p>\r\n\r\n<div class=\"social-icons follow-icons\" ><a href=\"https:\/\/www.facebook.com\/megamouk\" target=\"_blank\" data-label=\"Facebook\" class=\"icon button circle is-outline facebook tooltip\" title=\"Follow on Facebook\" aria-label=\"Follow on Facebook\" rel=\"noopener nofollow\" ><i class=\"icon-facebook\" ><\/i><\/a><a href=\"https:\/\/www.youtube.com\/@Megamo_en\" data-label=\"YouTube\" target=\"_blank\" class=\"icon button circle is-outline youtube tooltip\" title=\"Follow on YouTube\" aria-label=\"Follow on YouTube\" rel=\"noopener nofollow\" ><i class=\"icon-youtube\" ><\/i><\/a><\/div>\r\n\r\n<p style=\"margin: 0px;\"><a style=\"border-bottom: 1px solid #fe5e08; padding-bottom: 6px;\" href=\"#newsletter-show\">Aboneaz\u0103-te la newsletter-ul nostru<\/a><\/p> \r\n\r\n\t<div id=\"newsletter-show\"\n\t     class=\"lightbox-by-id lightbox-content mfp-hide lightbox-white \"\n\t     style=\"max-width:1000px ;padding:0px\">\n\t\t\t<section class=\"section\" id=\"section_1126161118\">\n\t\t<div class=\"bg section-bg fill bg-fill  bg-loaded\" >\n\n\t\t\t\n\t\t\t\n\t\t\t\n\n\t\t<\/div>\n\n\t\t\n\n\t\t<div class=\"section-content relative\">\n\t\t\t\r\n\r\n<div class=\"row align-middle align-center\"  id=\"row-891464641\">\r\n\r\n\n\t<div id=\"col-300809293\" class=\"col medium-6 small-12 large-6\"  >\n\t\t\t\t<div class=\"col-inner text-center\"  >\n\t\t\t\n\t\t\t\r\n\r\n\t<div class=\"img has-hover x md-x lg-x y md-y lg-y\" id=\"image_592528805\">\n\t\t\t\t\t\t\t\t<div class=\"img-inner dark\" >\n\t\t\t<img loading=\"lazy\" decoding=\"async\" width=\"256\" height=\"256\" src=\"https:\/\/megamo.eu\/wp-content\/uploads\/2024\/02\/newsletter.webp\" class=\"attachment-original size-original\" alt=\"\" srcset=\"https:\/\/megamo.eu\/wp-content\/uploads\/2024\/02\/newsletter.webp 256w, https:\/\/megamo.eu\/wp-content\/uploads\/2024\/02\/newsletter-100x100.webp 100w\" sizes=\"(max-width: 256px) 100vw, 256px\" \/>\t\t\t\t\t\t\n\t\t\t\t\t<\/div>\n\t\t\t\t\t\t\t\t\n<style>\n#image_592528805 {\n  width: 70%;\n}\n<\/style>\n\t<\/div>\n\t\r\n\r\n\t<div id=\"text-4085396154\" class=\"text\">\n\t\t\r\n\r\n<h3>Aboneaz\u0103-te la newsletter<\/h3> <h2>Prime\u0219te un cod de reducere de 20% pentru prima ta achizi\u021bie<\/h2> \t\t\n<style>\n#text-4085396154 {\n  text-align: center;\n}\n<\/style>\n\t<\/div>\n\t\r\n\r\n\t\t<\/div>\n\t\t\t\t\n<style>\n#col-300809293 > .col-inner {\n  padding: 30px 30px 30px 30px;\n}\n<\/style>\n\t<\/div>\n\n\t\r\n\n\t<div id=\"col-1634045420\" class=\"col medium-6 small-12 large-6\"  >\n\t\t\t\t<div class=\"col-inner\"  >\n\t\t\t\n\t\t\t\r\n\r\n\r\n\r\n<script type=\"text\/javascript\" src=\"\/\/ma.megamo.pl\/form\/generate.js?id=10\"><\/script>\r\n\r\n\r\n\r\n\t\t<\/div>\n\t\t\t\t\n<style>\n#col-1634045420 > .col-inner {\n  padding: 30px 30px 30px 30px;\n}\n<\/style>\n\t<\/div>\n\n\t\r\n\r\n<\/div>\r\n<div class=\"row\"  id=\"row-976706672\">\r\n\r\n\n\t<div id=\"col-600653135\" class=\"col small-12 large-12\"  >\n\t\t\t\t<div class=\"col-inner\" style=\"background-color:rgb(34, 34, 34);\" >\n\t\t\t\n\t\t\t\r\n\r\n\t<div id=\"text-2944051904\" class=\"text\">\n\t\t\r\n\r\n<p style=\"color: #ffffff; text-transform: uppercase; margin: 0px; padding-top: 40px;\"><b>Te po\u021bi dezabona oric\u00e2nd<\/b><\/p> <p style=\"margin: 0px; padding-bottom: 40px;\"><a href=\"\/ro\/termeni-si-conditii-pentru-buletinul-informativ\/\" target=\"_blank\" rel=\"noopener\">Termeni \u0219i condi\u021bii, Politica de confiden\u021bialitate<\/a><\/p>\r\n\r\n\t\t\n<style>\n#text-2944051904 {\n  text-align: center;\n}\n<\/style>\n\t<\/div>\n\t\r\n\r\n\t\t<\/div>\n\t\t\t\t\n<style>\n#col-600653135 > .col-inner {\n  margin: 0px 0px -30px 0px;\n}\n<\/style>\n\t<\/div>\n\n\t\r\n\r\n<\/div>\r\n\r\n\t\t<\/div>\n\n\t\t\n<style>\n#section_1126161118 {\n  padding-top: 0px;\n  padding-bottom: 0px;\n  background-color: rgb(246, 246, 246);\n}\n<\/style>\n\t<\/section>\n\t\t<\/div>\n\t\n\t\r\n\n\n\n\t\t<\/div>\n\t\t\t\t\t<\/div>\n\n\t\n\n<\/div>\n\n\t\t<\/div>\n\n\t\t\n<style>\n#section_1297206723 {\n  padding-top: 30px;\n  padding-bottom: 30px;\n}\n<\/style>\n\t<\/section>\n\t\n\t<div id=\"gap-1614694267\" class=\"gap-element clearfix\" style=\"display:block; height:auto;\">\n\t\t\n<style>\n#gap-1614694267 {\n  padding-top: 60px;\n}\n<\/style>\n\t<\/div>\n\t\n","protected":false},"excerpt":{"rendered":"","protected":false},"author":2,"featured_media":0,"parent":0,"menu_order":0,"comment_status":"closed","ping_status":"closed","template":"","meta":{"_lmt_disableupdate":"","_lmt_disable":"","footnotes":""},"yoast_head":"<!-- This site is optimized with the Yoast SEO Premium plugin v21.8 (Yoast SEO v23.5) - https:\/\/yoast.com\/wordpress\/plugins\/seo\/ -->\n<title>Informa\u021bii de contact<\/title>\n<meta name=\"description\" content=\"Suntem aici pentru a te ajuta \u0219i a r\u0103spunde la orice \u00eentrebare ai putea avea. A\u0219tept\u0103m cu ner\u0103bdare s\u0103 te auzim!\" \/>\n<meta name=\"robots\" content=\"index, follow, max-snippet:-1, max-image-preview:large, max-video-preview:-1\" \/>\n<link rel=\"canonical\" href=\"https:\/\/megamo.eu\/ro\/informatii-de-contact\/\" \/>\n<meta property=\"og:locale\" content=\"ro_RO\" \/>\n<meta property=\"og:type\" content=\"article\" \/>\n<meta property=\"og:title\" content=\"Informa\u021bii de contact\" \/>\n<meta property=\"og:description\" content=\"Suntem aici pentru a te ajuta \u0219i a r\u0103spunde la orice \u00eentrebare ai putea avea. A\u0219tept\u0103m cu ner\u0103bdare s\u0103 te auzim!\" \/>\n<meta property=\"og:url\" content=\"https:\/\/megamo.eu\/ro\/informatii-de-contact\/\" \/>\n<meta property=\"og:site_name\" content=\"megamo.eu\" \/>\n<meta property=\"article:publisher\" content=\"https:\/\/www.facebook.com\/megamoeu\" \/>\n<meta property=\"article:modified_time\" content=\"2025-12-12T10:57:15+00:00\" \/>\n<meta name=\"twitter:card\" content=\"summary_large_image\" \/>\n<meta name=\"twitter:label1\" content=\"Timp estimat pentru citire\" \/>\n\t<meta name=\"twitter:data1\" content=\"1 minut\" \/>\n<script type=\"application\/ld+json\" class=\"yoast-schema-graph\">{\"@context\":\"https:\/\/schema.org\",\"@graph\":[{\"@type\":\"WebPage\",\"@id\":\"https:\/\/megamo.eu\/ro\/informatii-de-contact\/\",\"url\":\"https:\/\/megamo.eu\/ro\/informatii-de-contact\/\",\"name\":\"Informa\u021bii de contact\",\"isPartOf\":{\"@id\":\"https:\/\/megamo.eu\/ro\/#website\"},\"datePublished\":\"2024-02-20T14:40:35+00:00\",\"dateModified\":\"2025-12-12T10:57:15+00:00\",\"description\":\"Suntem aici pentru a te ajuta \u0219i a r\u0103spunde la orice \u00eentrebare ai putea avea. A\u0219tept\u0103m cu ner\u0103bdare s\u0103 te auzim!\",\"breadcrumb\":{\"@id\":\"https:\/\/megamo.eu\/ro\/informatii-de-contact\/#breadcrumb\"},\"inLanguage\":\"ro-RO\",\"potentialAction\":[{\"@type\":\"ReadAction\",\"target\":[\"https:\/\/megamo.eu\/ro\/informatii-de-contact\/\"]}]},{\"@type\":\"BreadcrumbList\",\"@id\":\"https:\/\/megamo.eu\/ro\/informatii-de-contact\/#breadcrumb\",\"itemListElement\":[{\"@type\":\"ListItem\",\"position\":1,\"name\":\"Home\",\"item\":\"https:\/\/megamo.eu\/ro\/\"},{\"@type\":\"ListItem\",\"position\":2,\"name\":\"Informa\u021bii de contact\"}]},{\"@type\":\"WebSite\",\"@id\":\"https:\/\/megamo.eu\/ro\/#website\",\"url\":\"https:\/\/megamo.eu\/ro\/\",\"name\":\"megamo.eu\",\"description\":\"megamo.eu\",\"publisher\":{\"@id\":\"https:\/\/megamo.eu\/ro\/#organization\"},\"potentialAction\":[{\"@type\":\"SearchAction\",\"target\":{\"@type\":\"EntryPoint\",\"urlTemplate\":\"https:\/\/megamo.eu\/ro\/?s={search_term_string}\"},\"query-input\":{\"@type\":\"PropertyValueSpecification\",\"valueRequired\":true,\"valueName\":\"search_term_string\"}}],\"inLanguage\":\"ro-RO\"},{\"@type\":\"Organization\",\"@id\":\"https:\/\/megamo.eu\/ro\/#organization\",\"name\":\"Megamo\",\"alternateName\":\"mgo\",\"url\":\"https:\/\/megamo.eu\/ro\/\",\"logo\":{\"@type\":\"ImageObject\",\"inLanguage\":\"ro-RO\",\"@id\":\"https:\/\/megamo.eu\/ro\/#\/schema\/logo\/image\/\",\"url\":\"https:\/\/megamo.eu\/wp-content\/uploads\/2024\/02\/logo_small.png\",\"contentUrl\":\"https:\/\/megamo.eu\/wp-content\/uploads\/2024\/02\/logo_small.png\",\"width\":300,\"height\":113,\"caption\":\"Megamo\"},\"image\":{\"@id\":\"https:\/\/megamo.eu\/ro\/#\/schema\/logo\/image\/\"},\"sameAs\":[\"https:\/\/www.facebook.com\/megamoeu\",\"https:\/\/www.youtube.com\/@Megamo_en\"]}]}<\/script>\n<!-- \/ Yoast SEO Premium plugin. -->","yoast_head_json":{"title":"Informa\u021bii de contact","description":"Suntem aici pentru a te ajuta \u0219i a r\u0103spunde la orice \u00eentrebare ai putea avea. A\u0219tept\u0103m cu ner\u0103bdare s\u0103 te auzim!","robots":{"index":"index","follow":"follow","max-snippet":"max-snippet:-1","max-image-preview":"max-image-preview:large","max-video-preview":"max-video-preview:-1"},"canonical":"https:\/\/megamo.eu\/ro\/informatii-de-contact\/","og_locale":"ro_RO","og_type":"article","og_title":"Informa\u021bii de contact","og_description":"Suntem aici pentru a te ajuta \u0219i a r\u0103spunde la orice \u00eentrebare ai putea avea. A\u0219tept\u0103m cu ner\u0103bdare s\u0103 te auzim!","og_url":"https:\/\/megamo.eu\/ro\/informatii-de-contact\/","og_site_name":"megamo.eu","article_publisher":"https:\/\/www.facebook.com\/megamoeu","article_modified_time":"2025-12-12T10:57:15+00:00","twitter_card":"summary_large_image","twitter_misc":{"Timp estimat pentru citire":"1 minut"},"schema":{"@context":"https:\/\/schema.org","@graph":[{"@type":"WebPage","@id":"https:\/\/megamo.eu\/ro\/informatii-de-contact\/","url":"https:\/\/megamo.eu\/ro\/informatii-de-contact\/","name":"Informa\u021bii de contact","isPartOf":{"@id":"https:\/\/megamo.eu\/ro\/#website"},"datePublished":"2024-02-20T14:40:35+00:00","dateModified":"2025-12-12T10:57:15+00:00","description":"Suntem aici pentru a te ajuta \u0219i a r\u0103spunde la orice \u00eentrebare ai putea avea. A\u0219tept\u0103m cu ner\u0103bdare s\u0103 te auzim!","breadcrumb":{"@id":"https:\/\/megamo.eu\/ro\/informatii-de-contact\/#breadcrumb"},"inLanguage":"ro-RO","potentialAction":[{"@type":"ReadAction","target":["https:\/\/megamo.eu\/ro\/informatii-de-contact\/"]}]},{"@type":"BreadcrumbList","@id":"https:\/\/megamo.eu\/ro\/informatii-de-contact\/#breadcrumb","itemListElement":[{"@type":"ListItem","position":1,"name":"Home","item":"https:\/\/megamo.eu\/ro\/"},{"@type":"ListItem","position":2,"name":"Informa\u021bii de contact"}]},{"@type":"WebSite","@id":"https:\/\/megamo.eu\/ro\/#website","url":"https:\/\/megamo.eu\/ro\/","name":"megamo.eu","description":"megamo.eu","publisher":{"@id":"https:\/\/megamo.eu\/ro\/#organization"},"potentialAction":[{"@type":"SearchAction","target":{"@type":"EntryPoint","urlTemplate":"https:\/\/megamo.eu\/ro\/?s={search_term_string}"},"query-input":{"@type":"PropertyValueSpecification","valueRequired":true,"valueName":"search_term_string"}}],"inLanguage":"ro-RO"},{"@type":"Organization","@id":"https:\/\/megamo.eu\/ro\/#organization","name":"Megamo","alternateName":"mgo","url":"https:\/\/megamo.eu\/ro\/","logo":{"@type":"ImageObject","inLanguage":"ro-RO","@id":"https:\/\/megamo.eu\/ro\/#\/schema\/logo\/image\/","url":"https:\/\/megamo.eu\/wp-content\/uploads\/2024\/02\/logo_small.png","contentUrl":"https:\/\/megamo.eu\/wp-content\/uploads\/2024\/02\/logo_small.png","width":300,"height":113,"caption":"Megamo"},"image":{"@id":"https:\/\/megamo.eu\/ro\/#\/schema\/logo\/image\/"},"sameAs":["https:\/\/www.facebook.com\/megamoeu","https:\/\/www.youtube.com\/@Megamo_en"]}]}},"_links":{"self":[{"href":"https:\/\/megamo.eu\/ro\/wp-json\/wp\/v2\/pages\/47233"}],"collection":[{"href":"https:\/\/megamo.eu\/ro\/wp-json\/wp\/v2\/pages"}],"about":[{"href":"https:\/\/megamo.eu\/ro\/wp-json\/wp\/v2\/types\/page"}],"author":[{"embeddable":true,"href":"https:\/\/megamo.eu\/ro\/wp-json\/wp\/v2\/users\/2"}],"replies":[{"embeddable":true,"href":"https:\/\/megamo.eu\/ro\/wp-json\/wp\/v2\/comments?post=47233"}],"version-history":[{"count":2,"href":"https:\/\/megamo.eu\/ro\/wp-json\/wp\/v2\/pages\/47233\/revisions"}],"predecessor-version":[{"id":63256,"href":"https:\/\/megamo.eu\/ro\/wp-json\/wp\/v2\/pages\/47233\/revisions\/63256"}],"wp:attachment":[{"href":"https:\/\/megamo.eu\/ro\/wp-json\/wp\/v2\/media?parent=47233"}],"curies":[{"name":"wp","href":"https:\/\/api.w.org\/{rel}","templated":true}]}}