{"id":47168,"date":"2024-07-15T13:43:36","date_gmt":"2024-07-15T11:43:36","guid":{"rendered":"https:\/\/megamo.eu\/case-studies\/"},"modified":"2025-12-16T09:10:01","modified_gmt":"2025-12-16T08:10:01","slug":"studii-de-caz","status":"publish","type":"page","link":"https:\/\/megamo.eu\/ro\/studii-de-caz\/","title":{"rendered":"Studii de caz"},"content":{"rendered":"\n\t<section class=\"section\" id=\"section_1580145872\">\n\t\t<div class=\"bg section-bg fill bg-fill  bg-loaded\" >\n\n\t\t\t\n\t\t\t\n\t\t\t\n\n\t\t<\/div>\n\n\t\t\n\n\t\t<div class=\"section-content relative\">\n\t\t\t\n\n<div class=\"row row-collapse row-full-width row-divided\"  id=\"row-1740122219\">\n\n\n\t<div id=\"col-2066981683\" class=\"col casestudiescol medium-2 small-12 large-2\"  >\n\t\t<div class=\"is-sticky-column\"><div class=\"is-sticky-column__inner\">\t\t<div class=\"col-inner\"  >\n\t\t\t\n\t\t\t\n\n\t<div id=\"gap-1859739031\" class=\"gap-element clearfix\" style=\"display:block; height:auto;\">\n\t\t\n<style>\n#gap-1859739031 {\n  padding-top: 60px;\n}\n<\/style>\n\t<\/div>\n\t\n\n\t<div id=\"text-2537885632\" class=\"text casestudieshead\">\n\t\t\n\n<h4 id=\"case_nav\">STUDII DE CAZ<\/h4>\n\t\t\t<\/div>\n\t\n<div class=\"nav-wrapper\"><ul class=\"nav casestudiesnav nav-uppercase nav-vertical nav-line text-left nav-left\"><li class=><a href=\"https:\/\/megamo.eu\/ro\/studii-de-caz\/integrarea-ean-cu-woocommerce-prin-api\/\">Integrarea EAN cu WooCommerce prin API<\/a><\/li><li class=><a href=\"https:\/\/megamo.eu\/ro\/studii-de-caz\/importarea-categoriilor-selectate-de-furnizori-in-megamo-integrator\/\">Importarea categoriilor selectate de furnizori \u00een Megamo Integrator<\/a><\/li><li class=><a href=\"https:\/\/megamo.eu\/ro\/studii-de-caz\/implementarea-transferului-automat-de-comenzi\/\">Implementarea transferului automat de comenzi<\/a><\/li><li class=><a href=\"https:\/\/megamo.eu\/ro\/studii-de-caz\/integrarea-mai-multor-locatii-shopify-cu-furnizori\/\">Integrarea mai multor loca\u021bii Shopify cu furnizori<\/a><\/li><\/ul><\/div>\n\n\t<div id=\"gap-535368458\" class=\"gap-element clearfix\" style=\"display:block; height:auto;\">\n\t\t\n<style>\n#gap-535368458 {\n  padding-top: 60px;\n}\n<\/style>\n\t<\/div>\n\t\n\n\n\t\t<\/div>\n\t\t<\/div><\/div>\t\t\t<\/div>\n\n\t\n\n\t<div id=\"col-1945692764\" class=\"col casestudiescol2 medium-10 small-12 large-10 small-col-first\"  >\n\t\t\t\t<div class=\"col-inner\"  >\n\t\t\t\n\t\t\t\n\n<div class=\"row row-collapse row-full-width row-divided\"  id=\"row-1311984873\">\n\n\n\t<div id=\"col-1193571131\" class=\"col casestudiescol2 medium-9 small-12 large-9\"  >\n\t\t\t\t<div class=\"col-inner\"  >\n\t\t\t\n\t\t\t\n\n\t<div id=\"gap-1453086149\" class=\"gap-element clearfix\" style=\"display:block; height:auto;\">\n\t\t\n<style>\n#gap-1453086149 {\n  padding-top: 60px;\n}\n<\/style>\n\t<\/div>\n\t\n\n\t<div id=\"text-16547091\" class=\"text show-for-small\">\n\t\t\n\n<p><a href=\"#case_nav\">deruleaz\u0103 la navigare\u2002<i class=\"icon-angle-down\"><\/i><\/a><\/p>\n\t\t\n<style>\n#text-16547091 {\n  font-size: 0.8rem;\n  text-align: right;\n}\n<\/style>\n\t<\/div>\n\t\n<h1 class=\"entry-title\">Bine ai venit pe pagina noastr\u0103 de Studii de Caz!<\/h1>\n\t<div id=\"text-516443600\" class=\"text\">\n\t\t\n\n<p>Te invit\u0103m cu drag s\u0103 explorezi studiile noastre de caz, care reprezint\u0103 o surs\u0103 de inspira\u021bie \u0219i cuno\u0219tin\u021be despre cele mai bune practici \u0219i solu\u021bii inovatoare din industria e-commerce. Pe aceast\u0103 pagin\u0103 vei g\u0103si descrieri detaliate ale celor mai interesante proiecte ale noastre, care arat\u0103 cum abord\u0103m eficient diverse provoc\u0103ri din domeniu.<\/p>\n<p>\u00cen meniul nostru vei g\u0103si studii de caz atent selectate, astfel \u00eenc\u00e2t s\u0103 le po\u021bi alege pe cele care se potrivesc cel mai bine intereselor \u0219i nevoilor tale. Fiecare descriere este preg\u0103tit\u0103 \u00een detaliu, pentru a asigura o \u00een\u021belegere complet\u0103 a problemelor \u0219i a solu\u021biilor aplicate.<\/p>\n\t\t\n<style>\n#text-516443600 {\n  font-size: 0.9rem;\n}\n<\/style>\n\t<\/div>\n\t\n<h3 class=\"wp-block-heading\">DE CE S\u0102 CITE\u0218TI STUDIILE NOASTRE DE CAZ?<\/h3>\n\t<div id=\"text-2137929370\" class=\"text\">\n\t\t\n\n<ul style=\"list-style-type: square;\">\n<li><b>Cuno\u0219tin\u021be bogate<\/b> &#8211; fiecare studiu de caz con\u021bine informa\u021bii detaliate despre problemele cu care s-au confruntat clien\u021bii no\u0219tri \u0219i o descriere a solu\u021biilor noastre unice care i-au ajutat s\u0103 ob\u021bin\u0103 succes.<\/li>\n<li><b>Solu\u021bii inovatoare<\/b> &#8211; ca o companie specializat\u0103 \u00een integr\u0103ri automate \u00eentre depozite \u0219i magazine online, \u00eemp\u0103rt\u0103\u0219im experien\u021ba \u0219i metodele inovatoare implementate \u00een proiecte.<\/li>\n<li><b>Exemple practice<\/b> &#8211; studiile noastre de caz arat\u0103 cum presupunerile teoretice se transform\u0103 \u00een beneficii practice, lucru care poate fi extrem de inspira\u021bional pentru al\u021bi antreprenori.<\/li>\n<li><b>Versatilitate<\/b> &#8211; descriem cazuri diverse, din domeniul automatiz\u0103rii proceselor, implement\u0103rilor software individuale \u0219i problemelor ap\u0103rute pe site-uri.<\/li>\n<\/ul>\n\t\t\n<style>\n#text-2137929370 {\n  font-size: 0.9rem;\n}\n<\/style>\n\t<\/div>\n\t\n<h3 class=\"wp-block-heading\">CE VEI G\u0102SI \u00ceN STUDIILE NOASTRE DE CAZ?<\/h3>\n\t<div id=\"text-4265059490\" class=\"text\">\n\t\t\n\n<ul style=\"list-style-type: square;\">\n<li><b>Descrieri detaliate ale proiectelor<\/b> &#8211; fiecare studiu de caz include o descriere complet\u0103 a problemelor \u00eent\u00e2lnite \u00eentr-un proiect \u0219i prezentarea pas cu pas a solu\u021biilor aplicate.<\/li>\n<li><b>Sec\u021biune pentru fotografii \u0219i con\u021binut asociat<\/b> &#8211; pentru a ilustra mai bine munca noastr\u0103, fiecare studiu de caz este \u00eembog\u0103\u021bit cu fotografii, grafice \u0219i alte materiale vizuale care ajut\u0103 la \u00een\u021belegerea deplin\u0103 a subiectului.<\/li>\n<li><b>Linkuri c\u0103tre materiale suplimentare<\/b> &#8211; dac\u0103 vrei s\u0103 aprofundezi subiectul, fiecare studiu de caz con\u021bine linkuri c\u0103tre articole, videoclipuri \u0219i alte surse relevante care pot oferi informa\u021bii suplimentare.<\/li>\n<li><b>Rezultate \u0219i date reale<\/b> &#8211; prezent\u0103m date concrete \u0219i rezultate ob\u021binute datorit\u0103 solu\u021biilor noastre, ar\u0103t\u00e2nd impactul real al muncii noastre asupra succesului clien\u021bilor.<\/li>\n<\/ul>\n\t\t\n<style>\n#text-4265059490 {\n  font-size: 0.9rem;\n}\n<\/style>\n\t<\/div>\n\t\n\t<div id=\"text-2222162325\" class=\"text\">\n\t\t\n\n<h3 class=\"wp-block-heading\">DESCOPER\u0102 SERVICIILE NOASTRE<\/h3>\n\t\t\n<style>\n#text-2222162325 {\n  color: rgb(254, 94, 8);\n}\n#text-2222162325 > * {\n  color: rgb(254, 94, 8);\n}\n<\/style>\n\t<\/div>\n\t\n\t<div id=\"text-1450178624\" class=\"text\">\n\t\t\n\n<p>Ca lider \u00een automatizarea proceselor e-commerce, oferim o gam\u0103 larg\u0103 de servicii care pot sus\u021bine dezvoltarea afacerii tale. Printre serviciile noastre se num\u0103r\u0103:<\/p>\n\t\t\n<style>\n#text-1450178624 {\n  font-size: 0.9rem;\n}\n<\/style>\n\t<\/div>\n\t\n\n\t\t<\/div>\n\t\t\t\t\t<\/div>\n\n\t\n\n\t<div id=\"col-1075572429\" class=\"col casestudiescol3 medium-3 small-12 large-3\"  >\n\t\t\t\t<div class=\"col-inner\"  >\n\t\t\t\n\t\t\t\n\n\n\t\t<\/div>\n\t\t\t\t\n<style>\n#col-1075572429 > .col-inner {\n  padding: 0px 0px 0px 20px;\n}\n<\/style>\n\t<\/div>\n\n\t\n\n\n<style>\n#row-1311984873 > .col > .col-inner {\n  padding: 0px 20px 0px 20px;\n}\n<\/style>\n<\/div>\n<div class=\"row row-collapse row-full-width row-divided\"  id=\"row-1203840111\">\n\n\n\t<div id=\"col-1586497054\" class=\"col casestudiescol2 medium-9 small-12 large-9\"  >\n\t\t\t\t<div class=\"col-inner\"  >\n\t\t\t\n\t\t\t\n\n<h4 class=\"wp-block-heading\">Integr\u0103ri automate ale furnizorilor cu magazine online<\/h4>\n\t<div id=\"text-3687779615\" class=\"text\">\n\t\t\n\n<p>Solu\u021biile noastre \u00ee\u021bi permit s\u0103 conectezi f\u0103r\u0103 probleme furnizorul en-gros ales cu magazinul t\u0103u online (platforme e-commerce), f\u0103c\u00e2nd mult mai u\u0219oar\u0103 gestionarea produselor \u0219i comenzilor, permi\u021b\u00e2nd actualiz\u0103ri automate ale stocurilor, disponibilit\u0103\u021bii, pre\u021burilor \u0219i multe alte func\u021bionalit\u0103\u021bi utile.<\/p>\n\t\t\n<style>\n#text-3687779615 {\n  font-size: 0.9rem;\n}\n<\/style>\n\t<\/div>\n\t\n\n\t\t<\/div>\n\t\t\t\t\t<\/div>\n\n\t\n\n\t<div id=\"col-1761024044\" class=\"col casestudiescol3 medium-3 small-12 large-3\"  >\n\t\t\t\t<div class=\"col-inner text-left\"  >\n\t\t\t\n\t\t\t\n\n\t<div id=\"text-1203690649\" class=\"text\">\n\t\t\n\n<h5 class=\"uppercase\" style=\"font-size: 14px; margin-bottom: 1.3em;\"><a href=\"\/ro\/despre-integrator\/\">-&gt; Integr\u0103ri automate<\/a><\/h5>\n\n\t\t\n<style>\n#text-1203690649 {\n  font-size: 0.8rem;\n  text-align: left;\n}\n<\/style>\n\t<\/div>\n\t\n\n\t\t<\/div>\n\t\t\t\t\n<style>\n#col-1761024044 > .col-inner {\n  padding: 0px 0px 0px 20px;\n}\n<\/style>\n\t<\/div>\n\n\t\n\n\n<style>\n#row-1203840111 > .col > .col-inner {\n  padding: 0px 20px 0px 20px;\n}\n<\/style>\n<\/div>\n<div class=\"row row-collapse row-full-width row-divided\"  id=\"row-1308930729\">\n\n\n\t<div id=\"col-1439258836\" class=\"col casestudiescol2 medium-9 small-12 large-9\"  >\n\t\t\t\t<div class=\"col-inner\"  >\n\t\t\t\n\t\t\t\n\n<h4 class=\"wp-block-heading\">Implement\u0103ri programate individual<\/h4>\n\t<div id=\"text-3657571641\" class=\"text\">\n\t\t\n\n<p>Oferim solu\u021bii de programare dedicate, adaptate nevoilor specifice ale magazinului t\u0103u online.<\/p>\n\t\t\n<style>\n#text-3657571641 {\n  font-size: 0.9rem;\n}\n<\/style>\n\t<\/div>\n\t\n\n\t\t<\/div>\n\t\t\t\t\t<\/div>\n\n\t\n\n\t<div id=\"col-505045641\" class=\"col casestudiescol3 medium-3 small-12 large-3\"  >\n\t\t\t\t<div class=\"col-inner text-left\"  >\n\t\t\t\n\t\t\t\n\n\t<div id=\"text-2570017719\" class=\"text\">\n\t\t\n\n<h5 class=\"uppercase\" style=\"font-size: 14px; margin-bottom: 1.3em;\"><a href=\"\/ro\/personalizeaza-ti-magazinul-online\/\">-&gt; Implement\u0103ri individuale<\/a><\/h5>\n\n\t\t\n<style>\n#text-2570017719 {\n  font-size: 0.8rem;\n  text-align: left;\n}\n<\/style>\n\t<\/div>\n\t\n\n\t\t<\/div>\n\t\t\t\t\n<style>\n#col-505045641 > .col-inner {\n  padding: 0px 0px 0px 20px;\n}\n<\/style>\n\t<\/div>\n\n\t\n\n\n<style>\n#row-1308930729 > .col > .col-inner {\n  padding: 0px 20px 0px 20px;\n}\n<\/style>\n<\/div>\n<div class=\"row row-collapse row-full-width row-divided\"  id=\"row-1137317780\">\n\n\n\t<div id=\"col-2123057882\" class=\"col casestudiescol2 medium-9 small-12 large-9\"  >\n\t\t\t\t<div class=\"col-inner\"  >\n\t\t\t\n\t\t\t\n\n<h4 class=\"wp-block-heading\">Crearea magazinelor online<\/h4>\n\t<div id=\"text-1899655677\" class=\"text\">\n\t\t\n\n<p>Te ajut\u0103m s\u0103 construie\u0219ti magazine online moderne \u0219i func\u021bionale, care atrag clien\u021bi \u0219i cresc v\u00e2nz\u0103rile.<\/p>\n\t\t\n<style>\n#text-1899655677 {\n  font-size: 0.9rem;\n}\n<\/style>\n\t<\/div>\n\t\n\n\t\t<\/div>\n\t\t\t\t\t<\/div>\n\n\t\n\n\t<div id=\"col-374596190\" class=\"col casestudiescol3 medium-3 small-12 large-3\"  >\n\t\t\t\t<div class=\"col-inner text-left\"  >\n\t\t\t\n\t\t\t\n\n\t<div id=\"text-4156072756\" class=\"text\">\n\t\t\n\n<h5 class=\"uppercase\" style=\"font-size: 14px; margin-bottom: 1.3em;\"><a href=\"\/ro\/creare-magazin-online\/\">-&gt; Crearea magazinelor online<\/a><\/h5>\n\n\t\t\n<style>\n#text-4156072756 {\n  font-size: 0.8rem;\n  text-align: left;\n}\n<\/style>\n\t<\/div>\n\t\n\n\t\t<\/div>\n\t\t\t\t\n<style>\n#col-374596190 > .col-inner {\n  padding: 0px 0px 0px 20px;\n}\n<\/style>\n\t<\/div>\n\n\t\n\n\n<style>\n#row-1137317780 > .col > .col-inner {\n  padding: 0px 20px 0px 20px;\n}\n<\/style>\n<\/div>\n<div class=\"row row-collapse row-full-width row-divided\"  id=\"row-1785448285\">\n\n\n\t<div id=\"col-1285848585\" class=\"col casestudiescol2 medium-9 small-12 large-9\"  >\n\t\t\t\t<div class=\"col-inner\"  >\n\t\t\t\n\t\t\t\n\n<h4 class=\"wp-block-heading\">Traducerea fi\u0219ierelor furnizorilor folosind inteligen\u021b\u0103 artificial\u0103<\/h4>\n\t<div id=\"text-3080603500\" class=\"text\">\n\t\t\n\n<p>Datorit\u0103 tehnologiilor AI avansate, oferim traduceri precise \u0219i rapide ale fi\u0219ierelor, facilit\u00e2nd colaborarea interna\u021bional\u0103.<\/p>\n\t\t\n<style>\n#text-3080603500 {\n  font-size: 0.9rem;\n}\n<\/style>\n\t<\/div>\n\t\n\t<div id=\"text-2272919647\" class=\"text\">\n\t\t\n\n<p>Te invit\u0103m s\u0103 cite\u0219ti \u0219i s\u0103 descoperi cum abordarea noastr\u0103 inovatoare \u0219i experien\u021ba pot ajuta la dezvoltarea afacerii tale. Vezi c\u00e2t de eficient ne realiz\u0103m proiectele \u0219i ce beneficii aduc solu\u021biile noastre. A\u0219tept\u0103m \u00eentreb\u0103rile tale \u0219i r\u0103spundem cu pl\u0103cere la orice nel\u0103muriri.<\/p>\n\t\t\n<style>\n#text-2272919647 {\n  font-size: 0.9rem;\n}\n<\/style>\n\t<\/div>\n\t\n\t<div id=\"gap-1607901213\" class=\"gap-element clearfix hide-for-medium\" style=\"display:block; height:auto;\">\n\t\t\n<style>\n#gap-1607901213 {\n  padding-top: 60px;\n}\n<\/style>\n\t<\/div>\n\t\n\n\n\t\t<\/div>\n\t\t\t\t\t<\/div>\n\n\t\n\n\t<div id=\"col-967945438\" class=\"col casestudiescol3 medium-3 small-12 large-3\"  >\n\t\t\t\t<div class=\"col-inner text-left\"  >\n\t\t\t\n\t\t\t\n\n\t<div id=\"text-3868583551\" class=\"text\">\n\t\t\n\n<h5 class=\"uppercase\" style=\"font-size: 14px; margin-bottom: 1.3em;\"><a href=\"\/ro\/traducerea-fisierelor-furnizorilor\/\">-&gt; Traducerea fi\u0219ierelor furnizorilor<\/a><\/h5>\n\n\t\t\n<style>\n#text-3868583551 {\n  font-size: 0.8rem;\n  text-align: left;\n}\n<\/style>\n\t<\/div>\n\t\n\t<div id=\"gap-1623409008\" class=\"gap-element clearfix show-for-small\" style=\"display:block; height:auto;\">\n\t\t\n<style>\n#gap-1623409008 {\n  padding-top: 60px;\n}\n<\/style>\n\t<\/div>\n\t\n\n\n\t\t<\/div>\n\t\t\t\t\n<style>\n#col-967945438 > .col-inner {\n  padding: 0px 0px 0px 20px;\n}\n<\/style>\n\t<\/div>\n\n\t\n\n\n<style>\n#row-1785448285 > .col > .col-inner {\n  padding: 0px 20px 0px 20px;\n}\n<\/style>\n<\/div>\n\n\t\t<\/div>\n\t\t\t\t\t<\/div>\n\n\t\n\n<\/div>\n\n\t\t<\/div>\n\n\t\t\n<style>\n#section_1580145872 {\n  padding-top: 0px;\n  padding-bottom: 0px;\n  margin-bottom: 0px;\n}\n<\/style>\n\t<\/section>\n\t\n\n","protected":false},"excerpt":{"rendered":"","protected":false},"author":2,"featured_media":0,"parent":0,"menu_order":0,"comment_status":"closed","ping_status":"closed","template":"","meta":{"_lmt_disableupdate":"","_lmt_disable":"","footnotes":""},"yoast_head":"<!-- This site is optimized with the Yoast SEO Premium plugin v21.8 (Yoast SEO v23.5) - https:\/\/yoast.com\/wordpress\/plugins\/seo\/ -->\n<title>Studii de caz<\/title>\n<meta name=\"description\" content=\"Studii de caz privind integrarea automat\u0103 a furnizorilor cu magazinele de comer\u021b electronic. Problemele \u00eent\u00e2lnite \u0219i solu\u021biile eficiente.\" \/>\n<meta name=\"robots\" content=\"index, follow, max-snippet:-1, max-image-preview:large, max-video-preview:-1\" \/>\n<link rel=\"canonical\" href=\"https:\/\/megamo.eu\/ro\/studii-de-caz\/\" \/>\n<meta property=\"og:locale\" content=\"ro_RO\" \/>\n<meta property=\"og:type\" content=\"article\" \/>\n<meta property=\"og:title\" content=\"Studii de caz\" \/>\n<meta property=\"og:description\" content=\"Studii de caz privind integrarea automat\u0103 a furnizorilor cu magazinele de comer\u021b electronic. Problemele \u00eent\u00e2lnite \u0219i solu\u021biile eficiente.\" \/>\n<meta property=\"og:url\" content=\"https:\/\/megamo.eu\/ro\/studii-de-caz\/\" \/>\n<meta property=\"og:site_name\" content=\"megamo.eu\" \/>\n<meta property=\"article:publisher\" content=\"https:\/\/www.facebook.com\/megamoeu\" \/>\n<meta property=\"article:modified_time\" content=\"2025-12-16T08:10:01+00:00\" \/>\n<meta name=\"twitter:card\" content=\"summary_large_image\" \/>\n<meta name=\"twitter:label1\" content=\"Timp estimat pentru citire\" \/>\n\t<meta name=\"twitter:data1\" content=\"5 minute\" \/>\n<script type=\"application\/ld+json\" class=\"yoast-schema-graph\">{\"@context\":\"https:\/\/schema.org\",\"@graph\":[{\"@type\":\"WebPage\",\"@id\":\"https:\/\/megamo.eu\/ro\/studii-de-caz\/\",\"url\":\"https:\/\/megamo.eu\/ro\/studii-de-caz\/\",\"name\":\"Studii de caz\",\"isPartOf\":{\"@id\":\"https:\/\/megamo.eu\/ro\/#website\"},\"datePublished\":\"2024-07-15T11:43:36+00:00\",\"dateModified\":\"2025-12-16T08:10:01+00:00\",\"description\":\"Studii de caz privind integrarea automat\u0103 a furnizorilor cu magazinele de comer\u021b electronic. Problemele \u00eent\u00e2lnite \u0219i solu\u021biile eficiente.\",\"breadcrumb\":{\"@id\":\"https:\/\/megamo.eu\/ro\/studii-de-caz\/#breadcrumb\"},\"inLanguage\":\"ro-RO\",\"potentialAction\":[{\"@type\":\"ReadAction\",\"target\":[\"https:\/\/megamo.eu\/ro\/studii-de-caz\/\"]}]},{\"@type\":\"BreadcrumbList\",\"@id\":\"https:\/\/megamo.eu\/ro\/studii-de-caz\/#breadcrumb\",\"itemListElement\":[{\"@type\":\"ListItem\",\"position\":1,\"name\":\"Home\",\"item\":\"https:\/\/megamo.eu\/ro\/\"},{\"@type\":\"ListItem\",\"position\":2,\"name\":\"Studii de caz\"}]},{\"@type\":\"WebSite\",\"@id\":\"https:\/\/megamo.eu\/ro\/#website\",\"url\":\"https:\/\/megamo.eu\/ro\/\",\"name\":\"megamo.eu\",\"description\":\"megamo.eu\",\"publisher\":{\"@id\":\"https:\/\/megamo.eu\/ro\/#organization\"},\"potentialAction\":[{\"@type\":\"SearchAction\",\"target\":{\"@type\":\"EntryPoint\",\"urlTemplate\":\"https:\/\/megamo.eu\/ro\/?s={search_term_string}\"},\"query-input\":{\"@type\":\"PropertyValueSpecification\",\"valueRequired\":true,\"valueName\":\"search_term_string\"}}],\"inLanguage\":\"ro-RO\"},{\"@type\":\"Organization\",\"@id\":\"https:\/\/megamo.eu\/ro\/#organization\",\"name\":\"Megamo\",\"alternateName\":\"mgo\",\"url\":\"https:\/\/megamo.eu\/ro\/\",\"logo\":{\"@type\":\"ImageObject\",\"inLanguage\":\"ro-RO\",\"@id\":\"https:\/\/megamo.eu\/ro\/#\/schema\/logo\/image\/\",\"url\":\"https:\/\/megamo.eu\/wp-content\/uploads\/2024\/02\/logo_small.png\",\"contentUrl\":\"https:\/\/megamo.eu\/wp-content\/uploads\/2024\/02\/logo_small.png\",\"width\":300,\"height\":113,\"caption\":\"Megamo\"},\"image\":{\"@id\":\"https:\/\/megamo.eu\/ro\/#\/schema\/logo\/image\/\"},\"sameAs\":[\"https:\/\/www.facebook.com\/megamoeu\",\"https:\/\/www.youtube.com\/@Megamo_en\"]}]}<\/script>\n<!-- \/ Yoast SEO Premium plugin. -->","yoast_head_json":{"title":"Studii de caz","description":"Studii de caz privind integrarea automat\u0103 a furnizorilor cu magazinele de comer\u021b electronic. Problemele \u00eent\u00e2lnite \u0219i solu\u021biile eficiente.","robots":{"index":"index","follow":"follow","max-snippet":"max-snippet:-1","max-image-preview":"max-image-preview:large","max-video-preview":"max-video-preview:-1"},"canonical":"https:\/\/megamo.eu\/ro\/studii-de-caz\/","og_locale":"ro_RO","og_type":"article","og_title":"Studii de caz","og_description":"Studii de caz privind integrarea automat\u0103 a furnizorilor cu magazinele de comer\u021b electronic. Problemele \u00eent\u00e2lnite \u0219i solu\u021biile eficiente.","og_url":"https:\/\/megamo.eu\/ro\/studii-de-caz\/","og_site_name":"megamo.eu","article_publisher":"https:\/\/www.facebook.com\/megamoeu","article_modified_time":"2025-12-16T08:10:01+00:00","twitter_card":"summary_large_image","twitter_misc":{"Timp estimat pentru citire":"5 minute"},"schema":{"@context":"https:\/\/schema.org","@graph":[{"@type":"WebPage","@id":"https:\/\/megamo.eu\/ro\/studii-de-caz\/","url":"https:\/\/megamo.eu\/ro\/studii-de-caz\/","name":"Studii de caz","isPartOf":{"@id":"https:\/\/megamo.eu\/ro\/#website"},"datePublished":"2024-07-15T11:43:36+00:00","dateModified":"2025-12-16T08:10:01+00:00","description":"Studii de caz privind integrarea automat\u0103 a furnizorilor cu magazinele de comer\u021b electronic. Problemele \u00eent\u00e2lnite \u0219i solu\u021biile eficiente.","breadcrumb":{"@id":"https:\/\/megamo.eu\/ro\/studii-de-caz\/#breadcrumb"},"inLanguage":"ro-RO","potentialAction":[{"@type":"ReadAction","target":["https:\/\/megamo.eu\/ro\/studii-de-caz\/"]}]},{"@type":"BreadcrumbList","@id":"https:\/\/megamo.eu\/ro\/studii-de-caz\/#breadcrumb","itemListElement":[{"@type":"ListItem","position":1,"name":"Home","item":"https:\/\/megamo.eu\/ro\/"},{"@type":"ListItem","position":2,"name":"Studii de caz"}]},{"@type":"WebSite","@id":"https:\/\/megamo.eu\/ro\/#website","url":"https:\/\/megamo.eu\/ro\/","name":"megamo.eu","description":"megamo.eu","publisher":{"@id":"https:\/\/megamo.eu\/ro\/#organization"},"potentialAction":[{"@type":"SearchAction","target":{"@type":"EntryPoint","urlTemplate":"https:\/\/megamo.eu\/ro\/?s={search_term_string}"},"query-input":{"@type":"PropertyValueSpecification","valueRequired":true,"valueName":"search_term_string"}}],"inLanguage":"ro-RO"},{"@type":"Organization","@id":"https:\/\/megamo.eu\/ro\/#organization","name":"Megamo","alternateName":"mgo","url":"https:\/\/megamo.eu\/ro\/","logo":{"@type":"ImageObject","inLanguage":"ro-RO","@id":"https:\/\/megamo.eu\/ro\/#\/schema\/logo\/image\/","url":"https:\/\/megamo.eu\/wp-content\/uploads\/2024\/02\/logo_small.png","contentUrl":"https:\/\/megamo.eu\/wp-content\/uploads\/2024\/02\/logo_small.png","width":300,"height":113,"caption":"Megamo"},"image":{"@id":"https:\/\/megamo.eu\/ro\/#\/schema\/logo\/image\/"},"sameAs":["https:\/\/www.facebook.com\/megamoeu","https:\/\/www.youtube.com\/@Megamo_en"]}]}},"_links":{"self":[{"href":"https:\/\/megamo.eu\/ro\/wp-json\/wp\/v2\/pages\/47168"}],"collection":[{"href":"https:\/\/megamo.eu\/ro\/wp-json\/wp\/v2\/pages"}],"about":[{"href":"https:\/\/megamo.eu\/ro\/wp-json\/wp\/v2\/types\/page"}],"author":[{"embeddable":true,"href":"https:\/\/megamo.eu\/ro\/wp-json\/wp\/v2\/users\/2"}],"replies":[{"embeddable":true,"href":"https:\/\/megamo.eu\/ro\/wp-json\/wp\/v2\/comments?post=47168"}],"version-history":[{"count":3,"href":"https:\/\/megamo.eu\/ro\/wp-json\/wp\/v2\/pages\/47168\/revisions"}],"predecessor-version":[{"id":63726,"href":"https:\/\/megamo.eu\/ro\/wp-json\/wp\/v2\/pages\/47168\/revisions\/63726"}],"wp:attachment":[{"href":"https:\/\/megamo.eu\/ro\/wp-json\/wp\/v2\/media?parent=47168"}],"curies":[{"name":"wp","href":"https:\/\/api.w.org\/{rel}","templated":true}]}}