{"id":47163,"date":"2024-10-31T16:02:36","date_gmt":"2024-10-31T15:02:36","guid":{"rendered":"https:\/\/megamo.eu\/automatic-transfer-of-orders\/"},"modified":"2025-12-16T09:08:00","modified_gmt":"2025-12-16T08:08:00","slug":"transfer-automat-de-comenzi","status":"publish","type":"page","link":"https:\/\/megamo.eu\/ro\/transfer-automat-de-comenzi\/","title":{"rendered":"Transfer automat de comenzi"},"content":{"rendered":"\n\t<div id=\"gap-192440426\" class=\"gap-element clearfix\" style=\"display:block; height:auto;\">\n\t\t\n<style>\n#gap-192440426 {\n  padding-top: 60px;\n}\n<\/style>\n\t<\/div>\n\t\n\n\t<section class=\"section\" id=\"section_1016949212\">\n\t\t<div class=\"bg section-bg fill bg-fill  bg-loaded\" >\n\n\t\t\t\n\t\t\t\n\t\t\t\n\n\t\t<\/div>\n\n\t\t\n\n\t\t<div class=\"section-content relative\">\n\t\t\t\n\n<div class=\"row align-middle\"  id=\"row-218684879\">\n\n\n\t<div id=\"col-625815591\" class=\"col medium-6 small-12 large-6\"  >\n\t\t\t\t<div class=\"col-inner\"  >\n\t\t\t\n\t\t\t\n\n\t<div id=\"text-2093761070\" class=\"text\">\n\t\t\n\n<h1>Transfer automat al comenzilor<\/h1>\n\t\t\n<style>\n#text-2093761070 {\n  font-size: 1.3rem;\n  text-align: center;\n}\n@media (min-width:550px) {\n  #text-2093761070 {\n    text-align: left;\n  }\n}\n<\/style>\n\t<\/div>\n\t\n\t<div id=\"text-3049816868\" class=\"text\">\n\t\t\n\n<p><b>Import\u0103 comenzile din magazin c\u0103tre angrosi\u0219ti sau furnizori<\/b><\/p>\n\t\t\n<style>\n#text-3049816868 {\n  font-size: 1.1rem;\n  text-align: center;\n  color: rgb(254, 94, 8);\n}\n#text-3049816868 > * {\n  color: rgb(254, 94, 8);\n}\n@media (min-width:550px) {\n  #text-3049816868 {\n    text-align: left;\n  }\n}\n<\/style>\n\t<\/div>\n\t\n\t<div id=\"text-3220792083\" class=\"text\">\n\t\t\n\n<p>Transferul automat al comenzilor din magazinul online c\u0103tre angrosi\u0219ti sau furnizori este o solu\u021bie care revolu\u021bioneaz\u0103 procesul de gestionare a comenzilor. Datorit\u0103 tehnologiei noastre, fiecare achizi\u021bie este transmis\u0103 instant c\u0103tre furnizor, elimin\u00e2nd riscul de erori \u0219i economisind timp.<\/p>\n<p>\u00cen lumea e-commerce \u00een continu\u0103 schimbare, automatizarea proceselor este cheia succesului. Instrumentele noastre ofer\u0103 sincronizare complet\u0103, astfel \u00eenc\u00e2t v\u00e2nz\u0103rile tale online s\u0103 se desf\u0103\u0219oare fluent \u0219i f\u0103r\u0103 \u00eentreruperi, ceea ce se traduce printr-o experien\u021b\u0103 pozitiv\u0103 pentru clien\u021bi.<\/p>\n<p>Oferim implement\u0103ri pe platforme e-commerce populare, precum WooCommerce, Shopify \u0219i PrestaShop, adapt\u00e2nd solu\u021biile la nevoile specifice ale afacerii tale.<\/p>\n\t\t\n<style>\n#text-3220792083 {\n  text-align: center;\n}\n@media (min-width:550px) {\n  #text-3220792083 {\n    text-align: left;\n  }\n}\n<\/style>\n\t<\/div>\n\t\n\n\t\t<\/div>\n\t\t\t\t\t<\/div>\n\n\t\n\n\t<div id=\"col-1026073668\" class=\"col medium-6 small-12 large-6 small-col-first\"  >\n\t\t\t\t<div class=\"col-inner\"  >\n\t\t\t\n\t\t\t\n\n\t<div class=\"img has-hover x md-x lg-x y md-y lg-y\" id=\"image_1691121728\">\n\t\t\t\t\t\t\t\t<div class=\"img-inner dark\" >\n\t\t\t<img loading=\"lazy\" decoding=\"async\" width=\"700\" height=\"467\" src=\"https:\/\/megamo.eu\/wp-content\/uploads\/2024\/10\/automatic-transfer-of-orders.webp\" class=\"attachment-original size-original\" alt=\"\" srcset=\"https:\/\/megamo.eu\/wp-content\/uploads\/2024\/10\/automatic-transfer-of-orders.webp 700w, https:\/\/megamo.eu\/wp-content\/uploads\/2024\/10\/automatic-transfer-of-orders-600x400.webp 600w\" sizes=\"(max-width: 700px) 100vw, 700px\" \/>\t\t\t\t\t\t\n\t\t\t\t\t<\/div>\n\t\t\t\t\t\t\t\t\n<style>\n#image_1691121728 {\n  width: 100%;\n}\n<\/style>\n\t<\/div>\n\t\n\n\n\t\t<\/div>\n\t\t\t\t\t<\/div>\n\n\t\n\n<\/div>\n\n\t\t<\/div>\n\n\t\t\n<style>\n#section_1016949212 {\n  padding-top: 30px;\n  padding-bottom: 30px;\n}\n<\/style>\n\t<\/section>\n\t\n\t<section class=\"section\" id=\"section_65371845\">\n\t\t<div class=\"bg section-bg fill bg-fill  bg-loaded\" >\n\n\t\t\t\n\t\t\t\n\t\t\t\n\n\t\t<\/div>\n\n\t\t\n\n\t\t<div class=\"section-content relative\">\n\t\t\t\n\n<div class=\"row\"  id=\"row-1541470052\">\n\n\n\t<div id=\"col-1980476152\" class=\"col medium-4 small-12 large-4\"  >\n\t\t\t\t<div class=\"col-inner\"  >\n\t\t\t\n\t<div class=\"is-border\"\n\t\tstyle=\"border-width:0px 0px 0px 0px;\">\n\t<\/div>\n\t\t\t\n\n\t<div id=\"text-1436514056\" class=\"text\">\n\t\t\n\n<div style=\"border-right: 4px #fe5e08 solid; padding-right: 20px\">\n<p><b>1.<\/b><br><sub>\u00cen magazinul t\u0103u, clien\u021bii plaseaz\u0103 comenzi<\/sub><\/p>\n<\/div>\n\t\t\n<style>\n#text-1436514056 {\n  font-size: 2rem;\n  text-align: right;\n}\n<\/style>\n\t<\/div>\n\t\n\n\t\t<\/div>\n\t\t\t\t\t<\/div>\n\n\t\n\n\t<div id=\"col-1673334072\" class=\"col medium-4 small-12 large-4\"  >\n\t\t\t\t<div class=\"col-inner\"  >\n\t\t\t\n\t\t\t\n\n\t<div id=\"text-136989366\" class=\"text\">\n\t\t\n\n<div style=\"border-right: 4px #862f00 solid; padding-right: 20px\">\n<p><b>2.<\/b><br><sub>Comenzile ajung \u00een sistemul nostru<\/sub><\/p>\n<\/div>\n\t\t\n<style>\n#text-136989366 {\n  font-size: 2rem;\n  text-align: right;\n}\n<\/style>\n\t<\/div>\n\t\n\n\t\t<\/div>\n\t\t\t\t\t<\/div>\n\n\t\n\n\t<div id=\"col-1327781855\" class=\"col medium-4 small-12 large-4\"  >\n\t\t\t\t<div class=\"col-inner\"  >\n\t\t\t\n\t\t\t\n\n\t<div id=\"text-2157584257\" class=\"text\">\n\t\t\n\n<div style=\"border-right: 4px #3c1601 solid; padding-right: 20px\">\n<p><b>3.<\/b><br><sub>Comenzile sunt transferate<\/sub><\/p>\n<\/div>\n\t\t\n<style>\n#text-2157584257 {\n  font-size: 2rem;\n  text-align: right;\n}\n<\/style>\n\t<\/div>\n\t\n\n\t\t<\/div>\n\t\t\t\t\t<\/div>\n\n\t\n\n<\/div>\n<div class=\"row\"  id=\"row-2115105901\">\n\n\n\t<div id=\"col-262778810\" class=\"col small-12 large-12\"  >\n\t\t\t\t<div class=\"col-inner\"  >\n\t\t\t\n\t\t\t\n\n<h2 style=\"padding-bottom: 20px; border-bottom: 10px dashed #fe5e08;\"><\/h2>\n\n\t\t<\/div>\n\t\t\t\t\t<\/div>\n\n\t\n\n<\/div>\n<div class=\"row align-middle\"  id=\"row-1166610958\">\n\n\n\t<div id=\"col-468825871\" class=\"col medium-6 small-12 large-6\"  >\n\t\t\t\t<div class=\"col-inner\"  >\n\t\t\t\n\t\t\t\n\n\t<div class=\"img has-hover x md-x lg-x y md-y lg-y\" id=\"image_709357308\">\n\t\t<a class=\"image-lightbox lightbox-gallery\" title=\"\" href=\"https:\/\/megamo.eu\/wp-content\/uploads\/2024\/10\/wyslij.png\">\t\t\t\t\t\t<div class=\"img-inner image-fade-out dark\" >\n\t\t\t<img loading=\"lazy\" decoding=\"async\" width=\"1344\" height=\"764\" src=\"https:\/\/megamo.eu\/wp-content\/uploads\/2024\/10\/wyslij.png\" class=\"attachment-original size-original\" alt=\"\" srcset=\"https:\/\/megamo.eu\/wp-content\/uploads\/2024\/10\/wyslij.png 1344w, https:\/\/megamo.eu\/wp-content\/uploads\/2024\/10\/wyslij-704x400.png 704w, https:\/\/megamo.eu\/wp-content\/uploads\/2024\/10\/wyslij-768x437.png 768w, https:\/\/megamo.eu\/wp-content\/uploads\/2024\/10\/wyslij-600x341.png 600w\" sizes=\"(max-width: 1344px) 100vw, 1344px\" \/>\t\t\t\t\t\t\n\t\t\t\t\t<\/div>\n\t\t\t\t\t\t<\/a>\t\t\n<style>\n#image_709357308 {\n  width: 100%;\n}\n<\/style>\n\t<\/div>\n\t\n\n\t<div class=\"img has-hover x md-x lg-x y md-y lg-y\" id=\"image_1569896895\">\n\t\t<a class=\"image-lightbox lightbox-gallery\" title=\"\" href=\"https:\/\/megamo.eu\/wp-content\/uploads\/2024\/10\/formularz.png\">\t\t\t\t\t\t<div class=\"img-inner image-fade-out dark\" >\n\t\t\t<img loading=\"lazy\" decoding=\"async\" width=\"1651\" height=\"664\" src=\"https:\/\/megamo.eu\/wp-content\/uploads\/2024\/10\/formularz.png\" class=\"attachment-original size-original\" alt=\"\" srcset=\"https:\/\/megamo.eu\/wp-content\/uploads\/2024\/10\/formularz.png 1651w, https:\/\/megamo.eu\/wp-content\/uploads\/2024\/10\/formularz-800x322.png 800w, https:\/\/megamo.eu\/wp-content\/uploads\/2024\/10\/formularz-1400x563.png 1400w, https:\/\/megamo.eu\/wp-content\/uploads\/2024\/10\/formularz-768x309.png 768w, https:\/\/megamo.eu\/wp-content\/uploads\/2024\/10\/formularz-1536x618.png 1536w, https:\/\/megamo.eu\/wp-content\/uploads\/2024\/10\/formularz-600x241.png 600w\" sizes=\"(max-width: 1651px) 100vw, 1651px\" \/>\t\t\t\t\t\t\n\t\t\t\t\t<\/div>\n\t\t\t\t\t\t<\/a>\t\t\n<style>\n#image_1569896895 {\n  width: 100%;\n}\n<\/style>\n\t<\/div>\n\t\n\n\n\t\t<\/div>\n\t\t\t\t\t<\/div>\n\n\t\n\n\t<div id=\"col-21249189\" class=\"col medium-6 small-12 large-6\"  >\n\t\t\t\t<div class=\"col-inner\"  >\n\t\t\t\n\t\t\t\n\n<h3>ESTE CHIAR U\u0218OR!<\/h3>\n<p><b>\u00cenregistrare automat\u0103 a comenzilor<\/b><br \/>Cu un singur click, fiecare comand\u0103 nou\u0103 din magazinul t\u0103u este \u00eenregistrat\u0103 instant \u00een sistemul nostru, elimin\u00e2nd necesitatea introducerii manuale a datelor.<\/p>\n<p><b>Control complet \u0219i editare precis\u0103 a datelor<\/b><br \/>\n\u00cen sistemul nostru po\u021bi verifica fiecare comand\u0103, \u00eei po\u021bi confirma corectitudinea \u0219i po\u021bi face ajust\u0103rile necesare. Ai posibilitatea de a edita c\u00e2mpuri specifice ale comenzii pentru a asigura conformitatea maxim\u0103 cu cerin\u021bele angrosistului \u0219i pentru a evita erorile.<\/p>\n<p><b>Gestionare flexibil\u0103 a comenzilor cu posibilitatea de \u00eemp\u0103r\u021bire<\/b><br \/>Sistemul nostru \u00ee\u021bi permite s\u0103 aloci comenzile inteligent, astfel \u00eenc\u00e2t s\u0103 alegi ce produse sunt trimise c\u0103tre angrosist \u0219i ce r\u0103m\u00e2ne pentru procesare intern\u0103 sau livrare proprie. Astfel ai control total asupra logisticii \u0219i \u00ee\u021bi gestionezi eficient oferta.<\/p>\n<p><b>Transfer automat al comenzilor<\/b><br \/>\nDup\u0103 aprobare, sistemul trimite automat comenzile c\u0103tre angrosist, economisind timp \u0219i acceler\u00e2nd procesarea.<\/p>\n<p><b>Eficien\u021b\u0103 \u0219i comoditate<\/b><br \/>\nCu automatizare complet\u0103 \u0219i control total, magazinul t\u0103u func\u021bioneaz\u0103 mai eficient, iar tu te po\u021bi concentra pe dezvoltarea afacerii \u00een loc s\u0103 procesezi manual comenzile.<\/p>\n\n\t\t<\/div>\n\t\t\t\t\t<\/div>\n\n\t\n\n\t<div id=\"col-259235541\" class=\"col small-12 large-12\"  >\n\t\t\t\t<div class=\"col-inner\"  >\n\t\t\t\n\t\t\t\n\n\t<div id=\"text-3527939162\" class=\"text\">\n\t\t\n\n<h2 style=\"padding-bottom: 20px;\">Realiz\u0103m implement\u0103ri pentru fiecare platform\u0103<\/h2>\n\t\t\n<style>\n#text-3527939162 {\n  font-size: 1.2rem;\n  text-align: center;\n}\n<\/style>\n\t<\/div>\n\t\n\r\n\r\n<div class=\"logos\">\r\n      <div class=\"logos-slide\">\r\n        <img decoding=\"async\" alt=\"WooCommerce\" src=\"https:\/\/megamo.eu\/wp-content\/uploads\/2024\/07\/woo_slider.webp\" \/>\r\n        <img decoding=\"async\" alt=\"Shopware\" src=\"https:\/\/megamo.eu\/wp-content\/uploads\/2024\/07\/shopware_slider.webp\" \/>\r\n        <img decoding=\"async\" alt=\"Shopify\" src=\"https:\/\/megamo.eu\/wp-content\/uploads\/2024\/07\/shopify_slider.webp\" \/>\r\n        <img decoding=\"async\" alt=\"Shoper\" src=\"https:\/\/megamo.eu\/wp-content\/uploads\/2024\/07\/shoper_slider.webp\" \/>\r\n        <img decoding=\"async\" alt=\"PrestaShop\" src=\"https:\/\/megamo.eu\/wp-content\/uploads\/2024\/07\/presta_slider.webp\" \/>\r\n        <img decoding=\"async\" alt=\"Magento\" src=\"https:\/\/megamo.eu\/wp-content\/uploads\/2024\/07\/magento_slider.webp\" \/>\r\n        <img decoding=\"async\" alt=\"IdoSell\" src=\"https:\/\/megamo.eu\/wp-content\/uploads\/2024\/07\/ido_slider.webp\" \/>\r\n        <img decoding=\"async\" alt=\"OpenCart\" src=\"https:\/\/megamo.eu\/wp-content\/uploads\/2024\/11\/opencart_slider.webp\" \/>\r\n        <img decoding=\"async\" alt=\"KQS\" src=\"https:\/\/megamo.eu\/wp-content\/uploads\/2024\/11\/kqs_slider.webp\" \/>\r\n        <img decoding=\"async\" alt=\"ShopGold\" src=\"https:\/\/megamo.eu\/wp-content\/uploads\/2024\/11\/shopgold_slider.webp\" \/>\r\n      <\/div>\r\n    <\/div>\r\n\r\n    <script>\r\n      var copy = document.querySelector(\".logos-slide\").cloneNode(true);\r\n      document.querySelector(\".logos\").appendChild(copy);\r\n    <\/script>\r\n\r\n<style>\r\n@keyframes slide {\r\n  from {\r\n    transform: translateX(0);\r\n  }\r\n  to {\r\n    transform: translateX(-100%);\r\n  }\r\n}\r\n\r\n.logos {\r\n  overflow: hidden;\r\n  padding: 0px;\r\n  background: transparent;\r\n  white-space: nowrap;\r\n  position: relative;\r\n}\r\n\r\n.logos:before,\r\n.logos:after {\r\n  position: absolute;\r\n  top: 0;\r\n  width: 250px;\r\n  height: 100%;\r\n  content: \"\";\r\n  z-index: 2;\r\n}\r\n\r\n.logos:before {\r\n  left: 0;\r\n}\r\n\r\n.logos:after {\r\n  right: 0;\r\n}\r\n\r\n.logos-slide {\r\n  display: inline-block;\r\n  animation: 60s slide infinite linear;\r\nwidth: calc(74px*20);\r\n}\r\n\r\n.logos-slide img {\r\n  height: 74px;\r\nmargin: 0 35px;\r\n}\r\n<\/style>\r\n\n\n\n\t\t<\/div>\n\t\t\t\t\t<\/div>\n\n\t\n\n<\/div>\n\n\t\t<\/div>\n\n\t\t\n<style>\n#section_65371845 {\n  padding-top: 30px;\n  padding-bottom: 30px;\n  background-color: rgb(255, 239, 230);\n}\n<\/style>\n\t<\/section>\n\t\n\t<section class=\"section\" id=\"section_884755546\">\n\t\t<div class=\"bg section-bg fill bg-fill  bg-loaded\" >\n\n\t\t\t\n\t\t\t\n\t\t\t\n\n\t\t<\/div>\n\n\t\t\n\n\t\t<div class=\"section-content relative\">\n\t\t\t\n\n<div class=\"row\"  id=\"row-156101770\">\n\n\n\t<div id=\"col-55474080\" class=\"col small-12 large-12\"  >\n\t\t\t\t<div class=\"col-inner text-center\"  >\n\t\t\t\n\t\t\t\n\n\t<div id=\"text-583593240\" class=\"text\">\n\t\t\n\n<h2>E\u0219ti interesat?<\/h2>\n\t\t\n<style>\n#text-583593240 {\n  font-size: 1.2rem;\n  text-align: center;\n}\n<\/style>\n\t<\/div>\n\t\n\t<div id=\"text-929480146\" class=\"text\">\n\t\t\n\n<h3>Verific\u0103 dac\u0103 angrosistul t\u0103u suport\u0103 transferul automat al comenzilor \u0219i aplic\u0103 la noi!<\/h3>\n\t\t\n<style>\n#text-929480146 {\n  font-size: 1.2rem;\n  text-align: center;\n}\n<\/style>\n\t<\/div>\n\t\n\t<div id=\"gap-646911158\" class=\"gap-element clearfix\" style=\"display:block; height:auto;\">\n\t\t\n<style>\n#gap-646911158 {\n  padding-top: 20px;\n}\n<\/style>\n\t<\/div>\n\t\n\n<a href=\"#contact-form\" class=\"button primary\"  >\n    <span>Aplic\u0103 la noi!<\/span>\n  <\/a>\n\n\n\t<div id=\"gap-1274542051\" class=\"gap-element clearfix\" style=\"display:block; height:auto;\">\n\t\t\n<style>\n#gap-1274542051 {\n  padding-top: 20px;\n}\n<\/style>\n\t<\/div>\n\t\n\n\t<div id=\"text-371363020\" class=\"text\">\n\t\t\n\n<blockquote>\n<p>Exemple de angrosi\u0219ti care suport\u0103 transferul automat al comenzilor: <a href=\"\/ro\/integrari-cu-furnizori\/furnizori-de-produse-chimice-si-cosmetice\/integrare-cu-furnizorul-activeshop\/\" target=\"_blank\" rel=\"noopener\">Activeshop<\/a>, <a href=\"\/ro\/integrari-cu-furnizori\/furnizori-de-produse-ecologice-si-sanatate\/integrare-cu-furnizorul-bioplanet\/\" target=\"_blank\" rel=\"noopener\">Bioplanet<\/a>.<\/p>\n<\/blockquote>\n\n\t\t\n<style>\n#text-371363020 {\n  text-align: left;\n  color: #003049;\n}\n#text-371363020 > * {\n  color: #003049;\n}\n<\/style>\n\t<\/div>\n\t\n\n\t\t<\/div>\n\t\t\t\t\t<\/div>\n\n\t\n\n<\/div>\n\n\t\t<\/div>\n\n\t\t\n<style>\n#section_884755546 {\n  padding-top: 80px;\n  padding-bottom: 80px;\n}\n<\/style>\n\t<\/section>\n\t\n\n","protected":false},"excerpt":{"rendered":"","protected":false},"author":2,"featured_media":0,"parent":0,"menu_order":0,"comment_status":"closed","ping_status":"closed","template":"","meta":{"_lmt_disableupdate":"","_lmt_disable":"","footnotes":""},"yoast_head":"<!-- This site is optimized with the Yoast SEO Premium plugin v21.8 (Yoast SEO v23.5) - https:\/\/yoast.com\/wordpress\/plugins\/seo\/ -->\n<title>Transfer automat de comenzi<\/title>\n<meta name=\"description\" content=\"Automatizeaz\u0103 transferul comenzilor pentru a asigura opera\u021biuni f\u0103r\u0103 probleme \u0219i a cre\u0219te eficien\u021ba managementului. Import\u0103 comenzi c\u0103tre un angro\u0219ist sau furnizor.\" \/>\n<meta name=\"robots\" content=\"index, follow, max-snippet:-1, max-image-preview:large, max-video-preview:-1\" \/>\n<link rel=\"canonical\" href=\"https:\/\/megamo.eu\/ro\/transfer-automat-de-comenzi\/\" \/>\n<meta property=\"og:locale\" content=\"ro_RO\" \/>\n<meta property=\"og:type\" content=\"article\" \/>\n<meta property=\"og:title\" content=\"Transfer automat de comenzi\" \/>\n<meta property=\"og:description\" content=\"Automatizeaz\u0103 transferul comenzilor pentru a asigura opera\u021biuni f\u0103r\u0103 probleme \u0219i a cre\u0219te eficien\u021ba managementului. Import\u0103 comenzi c\u0103tre un angro\u0219ist sau furnizor.\" \/>\n<meta property=\"og:url\" content=\"https:\/\/megamo.eu\/ro\/transfer-automat-de-comenzi\/\" \/>\n<meta property=\"og:site_name\" content=\"megamo.eu\" \/>\n<meta property=\"article:publisher\" content=\"https:\/\/www.facebook.com\/megamoeu\" \/>\n<meta property=\"article:modified_time\" content=\"2025-12-16T08:08:00+00:00\" \/>\n<meta name=\"twitter:card\" content=\"summary_large_image\" \/>\n<meta name=\"twitter:label1\" content=\"Timp estimat pentru citire\" \/>\n\t<meta name=\"twitter:data1\" content=\"3 minute\" \/>\n<script type=\"application\/ld+json\" class=\"yoast-schema-graph\">{\"@context\":\"https:\/\/schema.org\",\"@graph\":[{\"@type\":\"WebPage\",\"@id\":\"https:\/\/megamo.eu\/ro\/transfer-automat-de-comenzi\/\",\"url\":\"https:\/\/megamo.eu\/ro\/transfer-automat-de-comenzi\/\",\"name\":\"Transfer automat de comenzi\",\"isPartOf\":{\"@id\":\"https:\/\/megamo.eu\/ro\/#website\"},\"datePublished\":\"2024-10-31T15:02:36+00:00\",\"dateModified\":\"2025-12-16T08:08:00+00:00\",\"description\":\"Automatizeaz\u0103 transferul comenzilor pentru a asigura opera\u021biuni f\u0103r\u0103 probleme \u0219i a cre\u0219te eficien\u021ba managementului. Import\u0103 comenzi c\u0103tre un angro\u0219ist sau furnizor.\",\"breadcrumb\":{\"@id\":\"https:\/\/megamo.eu\/ro\/transfer-automat-de-comenzi\/#breadcrumb\"},\"inLanguage\":\"ro-RO\",\"potentialAction\":[{\"@type\":\"ReadAction\",\"target\":[\"https:\/\/megamo.eu\/ro\/transfer-automat-de-comenzi\/\"]}]},{\"@type\":\"BreadcrumbList\",\"@id\":\"https:\/\/megamo.eu\/ro\/transfer-automat-de-comenzi\/#breadcrumb\",\"itemListElement\":[{\"@type\":\"ListItem\",\"position\":1,\"name\":\"Home\",\"item\":\"https:\/\/megamo.eu\/ro\/\"},{\"@type\":\"ListItem\",\"position\":2,\"name\":\"Transfer automat de comenzi\"}]},{\"@type\":\"WebSite\",\"@id\":\"https:\/\/megamo.eu\/ro\/#website\",\"url\":\"https:\/\/megamo.eu\/ro\/\",\"name\":\"megamo.eu\",\"description\":\"megamo.eu\",\"publisher\":{\"@id\":\"https:\/\/megamo.eu\/ro\/#organization\"},\"potentialAction\":[{\"@type\":\"SearchAction\",\"target\":{\"@type\":\"EntryPoint\",\"urlTemplate\":\"https:\/\/megamo.eu\/ro\/?s={search_term_string}\"},\"query-input\":{\"@type\":\"PropertyValueSpecification\",\"valueRequired\":true,\"valueName\":\"search_term_string\"}}],\"inLanguage\":\"ro-RO\"},{\"@type\":\"Organization\",\"@id\":\"https:\/\/megamo.eu\/ro\/#organization\",\"name\":\"Megamo\",\"alternateName\":\"mgo\",\"url\":\"https:\/\/megamo.eu\/ro\/\",\"logo\":{\"@type\":\"ImageObject\",\"inLanguage\":\"ro-RO\",\"@id\":\"https:\/\/megamo.eu\/ro\/#\/schema\/logo\/image\/\",\"url\":\"https:\/\/megamo.eu\/wp-content\/uploads\/2024\/02\/logo_small.png\",\"contentUrl\":\"https:\/\/megamo.eu\/wp-content\/uploads\/2024\/02\/logo_small.png\",\"width\":300,\"height\":113,\"caption\":\"Megamo\"},\"image\":{\"@id\":\"https:\/\/megamo.eu\/ro\/#\/schema\/logo\/image\/\"},\"sameAs\":[\"https:\/\/www.facebook.com\/megamoeu\",\"https:\/\/www.youtube.com\/@Megamo_en\"]}]}<\/script>\n<!-- \/ Yoast SEO Premium plugin. -->","yoast_head_json":{"title":"Transfer automat de comenzi","description":"Automatizeaz\u0103 transferul comenzilor pentru a asigura opera\u021biuni f\u0103r\u0103 probleme \u0219i a cre\u0219te eficien\u021ba managementului. Import\u0103 comenzi c\u0103tre un angro\u0219ist sau furnizor.","robots":{"index":"index","follow":"follow","max-snippet":"max-snippet:-1","max-image-preview":"max-image-preview:large","max-video-preview":"max-video-preview:-1"},"canonical":"https:\/\/megamo.eu\/ro\/transfer-automat-de-comenzi\/","og_locale":"ro_RO","og_type":"article","og_title":"Transfer automat de comenzi","og_description":"Automatizeaz\u0103 transferul comenzilor pentru a asigura opera\u021biuni f\u0103r\u0103 probleme \u0219i a cre\u0219te eficien\u021ba managementului. Import\u0103 comenzi c\u0103tre un angro\u0219ist sau furnizor.","og_url":"https:\/\/megamo.eu\/ro\/transfer-automat-de-comenzi\/","og_site_name":"megamo.eu","article_publisher":"https:\/\/www.facebook.com\/megamoeu","article_modified_time":"2025-12-16T08:08:00+00:00","twitter_card":"summary_large_image","twitter_misc":{"Timp estimat pentru citire":"3 minute"},"schema":{"@context":"https:\/\/schema.org","@graph":[{"@type":"WebPage","@id":"https:\/\/megamo.eu\/ro\/transfer-automat-de-comenzi\/","url":"https:\/\/megamo.eu\/ro\/transfer-automat-de-comenzi\/","name":"Transfer automat de comenzi","isPartOf":{"@id":"https:\/\/megamo.eu\/ro\/#website"},"datePublished":"2024-10-31T15:02:36+00:00","dateModified":"2025-12-16T08:08:00+00:00","description":"Automatizeaz\u0103 transferul comenzilor pentru a asigura opera\u021biuni f\u0103r\u0103 probleme \u0219i a cre\u0219te eficien\u021ba managementului. Import\u0103 comenzi c\u0103tre un angro\u0219ist sau furnizor.","breadcrumb":{"@id":"https:\/\/megamo.eu\/ro\/transfer-automat-de-comenzi\/#breadcrumb"},"inLanguage":"ro-RO","potentialAction":[{"@type":"ReadAction","target":["https:\/\/megamo.eu\/ro\/transfer-automat-de-comenzi\/"]}]},{"@type":"BreadcrumbList","@id":"https:\/\/megamo.eu\/ro\/transfer-automat-de-comenzi\/#breadcrumb","itemListElement":[{"@type":"ListItem","position":1,"name":"Home","item":"https:\/\/megamo.eu\/ro\/"},{"@type":"ListItem","position":2,"name":"Transfer automat de comenzi"}]},{"@type":"WebSite","@id":"https:\/\/megamo.eu\/ro\/#website","url":"https:\/\/megamo.eu\/ro\/","name":"megamo.eu","description":"megamo.eu","publisher":{"@id":"https:\/\/megamo.eu\/ro\/#organization"},"potentialAction":[{"@type":"SearchAction","target":{"@type":"EntryPoint","urlTemplate":"https:\/\/megamo.eu\/ro\/?s={search_term_string}"},"query-input":{"@type":"PropertyValueSpecification","valueRequired":true,"valueName":"search_term_string"}}],"inLanguage":"ro-RO"},{"@type":"Organization","@id":"https:\/\/megamo.eu\/ro\/#organization","name":"Megamo","alternateName":"mgo","url":"https:\/\/megamo.eu\/ro\/","logo":{"@type":"ImageObject","inLanguage":"ro-RO","@id":"https:\/\/megamo.eu\/ro\/#\/schema\/logo\/image\/","url":"https:\/\/megamo.eu\/wp-content\/uploads\/2024\/02\/logo_small.png","contentUrl":"https:\/\/megamo.eu\/wp-content\/uploads\/2024\/02\/logo_small.png","width":300,"height":113,"caption":"Megamo"},"image":{"@id":"https:\/\/megamo.eu\/ro\/#\/schema\/logo\/image\/"},"sameAs":["https:\/\/www.facebook.com\/megamoeu","https:\/\/www.youtube.com\/@Megamo_en"]}]}},"_links":{"self":[{"href":"https:\/\/megamo.eu\/ro\/wp-json\/wp\/v2\/pages\/47163"}],"collection":[{"href":"https:\/\/megamo.eu\/ro\/wp-json\/wp\/v2\/pages"}],"about":[{"href":"https:\/\/megamo.eu\/ro\/wp-json\/wp\/v2\/types\/page"}],"author":[{"embeddable":true,"href":"https:\/\/megamo.eu\/ro\/wp-json\/wp\/v2\/users\/2"}],"replies":[{"embeddable":true,"href":"https:\/\/megamo.eu\/ro\/wp-json\/wp\/v2\/comments?post=47163"}],"version-history":[{"count":4,"href":"https:\/\/megamo.eu\/ro\/wp-json\/wp\/v2\/pages\/47163\/revisions"}],"predecessor-version":[{"id":63725,"href":"https:\/\/megamo.eu\/ro\/wp-json\/wp\/v2\/pages\/47163\/revisions\/63725"}],"wp:attachment":[{"href":"https:\/\/megamo.eu\/ro\/wp-json\/wp\/v2\/media?parent=47163"}],"curies":[{"name":"wp","href":"https:\/\/api.w.org\/{rel}","templated":true}]}}