{"id":63155,"date":"2025-11-26T16:25:58","date_gmt":"2025-11-26T15:25:58","guid":{"rendered":"https:\/\/megamo.eu\/prestashop-modules\/"},"modified":"2025-12-11T14:32:04","modified_gmt":"2025-12-11T13:32:04","slug":"moduly-prestashop","status":"publish","type":"page","link":"https:\/\/megamo.eu\/pl\/moduly-prestashop\/","title":{"rendered":"Modu\u0142y PrestaShop"},"content":{"rendered":"\n\t<section class=\"section\" id=\"section_1475365227\">\n\t\t<div class=\"bg section-bg fill bg-fill  bg-loaded\" >\n\n\t\t\t\n\t\t\t\n\t\t\t\n\n\t\t<\/div>\n\n\t\t\n\n\t\t<div class=\"section-content relative\">\n\t\t\t\n\n<div class=\"row\"  id=\"row-650835225\">\n\n\n\t<div id=\"col-813648580\" class=\"col small-12 large-12\"  >\n\t\t\t\t<div class=\"col-inner\"  >\n\t\t\t\n\t\t\t\n\n\t<div id=\"gap-1624634898\" class=\"gap-element clearfix\" style=\"display:block; height:auto;\">\n\t\t\n<style>\n#gap-1624634898 {\n  padding-top: 60px;\n}\n<\/style>\n\t<\/div>\n\t\n\n\t<div id=\"text-753944426\" class=\"text\">\n\t\t\n\n<h1>Modu\u0142y PrestaShop<\/h1>\n\t\t\n<style>\n#text-753944426 {\n  font-size: 1.3rem;\n}\n<\/style>\n\t<\/div>\n\t\n<p style=\"font-size: 14px\">Wybierz spo\u015br\u00f3d naszych autorskich, profesjonalnie przygotowanych modu\u0142\u00f3w PrestaShop, kt\u00f3re pomog\u0105 Ci dostosowa\u0107 sklep internetowy, zwi\u0119kszy\u0107 ruch, poprawi\u0107 wsp\u00f3\u0142czynnik konwersji i budowa\u0107 lojalno\u015b\u0107 klient\u00f3w. Zamie\u0144 swoj\u0105 stron\u0119 ecommerce w prawdziwe narz\u0119dzie biznesowe.<\/p>\n\n\t\t<\/div>\n\t\t\t\t\t<\/div>\n\n\t\n\n<\/div>\n\n\t\t<\/div>\n\n\t\t\n<style>\n#section_1475365227 {\n  padding-top: 0px;\n  padding-bottom: 0px;\n  background-color: rgb(249, 249, 249);\n}\n<\/style>\n\t<\/section>\n\t\n\t<section class=\"section\" id=\"section_2119090302\">\n\t\t<div class=\"bg section-bg fill bg-fill  bg-loaded\" >\n\n\t\t\t\n\t\t\t\n\t\t\t\n\n\t\t<\/div>\n\n\t\t\n\n\t\t<div class=\"section-content relative\">\n\t\t\t\n\n<div class=\"row\"  id=\"row-1984321061\">\n\n\n\t<div id=\"col-1440793194\" class=\"col medium-3 small-12 large-3\"  >\n\t\t\t\t<div class=\"col-inner\"  >\n\t\t\t\n\t\t\t\n\n\n\n<a href=\"\/pl\/moduly-prestashop\/wyszukiwanie-klientow-po-produktach-modul-prestashop\/\">\n<div class=\"module-card-customer-search-by-ordered-product\">\n    <img decoding=\"async\" class=\"icon\" src=\"\/wp-content\/uploads\/2025\/11\/customer-search-by-ordered-product-logo.webp\">\n    <h2 class=\"m0\">Wyszukiwanie klient\u00f3w po produktach<\/h2>\n<div class=\"bottom-box\">\n    <p class=\"price m0\">Pobierz za darmo<\/p>\n    <p class=\"app-text m0\">Zarz\u0105dzanie<br>klientami<\/p>\n<\/div>\n  <\/div>\n<\/a>\n\n\n\t\t<\/div>\n\t\t\t\t\t<\/div>\n\n\t\n\n\t<div id=\"col-1223824136\" class=\"col medium-3 small-12 large-3\"  >\n\t\t\t\t<div class=\"col-inner\"  >\n\t\t\t\n\t\t\t\n\n\n\n<a href=\"\/pl\/moduly-prestashop\/masowe-wylaczanie-produktow-po-cenie-modul-prestashop\/\">\n<div class=\"module-card-bulk-product-disable-by-price\">\n    <img decoding=\"async\" class=\"icon\" src=\"\/wp-content\/uploads\/2025\/11\/bulk-disable-by-price-logo.webp\">\n    <h2 class=\"m0\">Masowe wy\u0142\u0105czanie produkt\u00f3w po cenie<\/h2>\n<div class=\"bottom-box\">\n    <p class=\"price m0\">Pobierz za darmo<\/p>\n    <p class=\"app-text m0\">Zarz\u0105dzanie<br>produktami<\/p>\n<\/div>\n  <\/div>\n<\/a>\n\n\n\t\t<\/div>\n\t\t\t\t\t<\/div>\n\n\t\n\n\t<div id=\"col-754120064\" class=\"col medium-3 small-12 large-3\"  >\n\t\t\t\t<div class=\"col-inner\"  >\n\t\t\t\n\t\t\t\n\n\n\n<a href=\"\/pl\/moduly-prestashop\/automatyczne-odnawianie-rabatow-modul-prestashop\/\">\n<div class=\"module-card-automatic-discount-renewal\">\n    <img decoding=\"async\" class=\"icon\" src=\"\/wp-content\/uploads\/2025\/12\/automatic-discount-renewal.webp\">\n    <h2 class=\"m0\">Automatyczne odnawianie rabat\u00f3w<\/h2>\n<div class=\"bottom-box\">\n    <p class=\"price m0\">Pobierz za darmo<\/p>\n    <p class=\"app-text m0\">Zarz\u0105dzanie<br>rabatami<\/p>\n<\/div>\n  <\/div>\n<\/a>\n\n\n\t\t<\/div>\n\t\t\t\t\t<\/div>\n\n\t\n\n\t<div id=\"col-1042416468\" class=\"col medium-3 small-12 large-3\"  >\n\t\t\t\t<div class=\"col-inner\"  >\n\t\t\t\n\t\t\t\n\n\n\n<a href=\"\/pl\/moduly-prestashop\/rabat-za-metode-platnosci-modul-prestashop\/\">\n<div class=\"module-card-discount-for-payment-method\">\n    <img decoding=\"async\" class=\"icon\" src=\"\/wp-content\/uploads\/2025\/12\/discount-for-payment-method.webp\">\n    <h2 class=\"m0\">Rabat za metod\u0119 p\u0142atno\u015bci<\/h2>\n<div class=\"bottom-box\">\n    <p class=\"price m0\">Pobierz za darmo<\/p>\n    <p class=\"app-text m0\">Zarz\u0105dzanie<br>rabatami<\/p>\n<\/div>\n  <\/div>\n<\/a>\n\n\n\t\t<\/div>\n\t\t\t\t\t<\/div>\n\n\t\n\n<\/div>\n<div class=\"row\"  id=\"row-2030295334\">\n\n\n\t<div id=\"col-1406303155\" class=\"col medium-3 small-12 large-3\"  >\n\t\t\t\t<div class=\"col-inner\"  >\n\t\t\t\n\t\t\t\n\n\n\n<a href=\"\/pl\/moduly-prestashop\/kolumna-rabatow-na-liscie-produktow-modul-prestashop\/\">\n<div class=\"module-card-discount-column-for-the-product-list\">\n    <img decoding=\"async\" class=\"icon\" src=\"\/wp-content\/uploads\/2025\/12\/discount-column-for-the-product-list.webp\">\n    <h2 class=\"m0\">Kolumna rabat\u00f3w na li\u015bcie produkt\u00f3w<\/h2>\n<div class=\"bottom-box\">\n    <p class=\"price m0\">Pobierz za darmo<\/p>\n    <p class=\"app-text m0\">Zarz\u0105dzanie<br>panelem sklepu<\/p>\n<\/div>\n  <\/div>\n<\/a>\n\n\n\t\t<\/div>\n\t\t\t\t\t<\/div>\n\n\t\n\n\t<div id=\"col-2006919522\" class=\"col medium-3 small-12 large-3\"  >\n\t\t\t\t<div class=\"col-inner\"  >\n\t\t\t\n\t\t\t\n\n\n\n<a href=\"\/pl\/moduly-prestashop\/oznaczanie-zamowien-kolorami-modul-prestashop\/\">\n<div class=\"module-card-mark-orders-with-color\">\n    <img decoding=\"async\" class=\"icon\" src=\"\/wp-content\/uploads\/2025\/12\/mark-orders-with-color.webp\">\n    <h2 class=\"m0\">Oznaczanie zam\u00f3wie\u0144 kolorami<\/h2>\n<div class=\"bottom-box\">\n    <p class=\"price m0\">Pobierz za darmo<\/p>\n    <p class=\"app-text m0\">Zarz\u0105dzanie<br>zam\u00f3wieniami<\/p>\n<\/div>\n  <\/div>\n<\/a>\n\n\n\t\t<\/div>\n\t\t\t\t\t<\/div>\n\n\t\n\n\t<div id=\"col-1853546258\" class=\"col medium-3 small-12 large-3\"  >\n\t\t\t\t<div class=\"col-inner\"  >\n\t\t\t\n\t\t\t\n\n\n\n<a href=\"\/pl\/moduly-prestashop\/raport-sprzedazy-dostawcow-modul-prestashop\/\">\n<div class=\"module-card-supplier-sales-report\">\n    <img decoding=\"async\" class=\"icon\" src=\"\/wp-content\/uploads\/2025\/12\/supplier-sales-report.webp\">\n    <h2 class=\"m0\">Raport sprzeda\u017cy dostawc\u00f3w<\/h2>\n<div class=\"bottom-box\">\n    <p class=\"price m0\">Pobierz za darmo<\/p>\n    <p class=\"app-text m0\">Zarz\u0105dzanie<br>zam\u00f3wieniami<\/p>\n<\/div>\n  <\/div>\n<\/a>\n\n\n\t\t<\/div>\n\t\t\t\t\t<\/div>\n\n\t\n\n\t<div id=\"col-1017288496\" class=\"col medium-3 small-12 large-3\"  >\n\t\t\t\t<div class=\"col-inner\"  >\n\t\t\t\n\t\t\t\n\n\n\n<a href=\"\/pl\/moduly-prestashop\/baner-na-stronie-produktu-wedlug-przedzialu-cenowego-modul-prestashop\/\">\n<div class=\"module-card-product-page-price-range-banner\">\n    <img decoding=\"async\" class=\"icon\" src=\"\/wp-content\/uploads\/2025\/12\/product-page-price-range-banner.webp\">\n    <h2 class=\"m0\">Baner na stronie produktu wed\u0142ug przedzia\u0142u cenowego<\/h2>\n<div class=\"bottom-box\">\n    <p class=\"price m0\">Pobierz za darmo<\/p>\n    <p class=\"app-text m0\">Zarz\u0105dzanie<br>produktami<\/p>\n<\/div>\n  <\/div>\n<\/a>\n\n\n\t\t<\/div>\n\t\t\t\t\t<\/div>\n\n\t\n\n<\/div>\n\n\t\t<\/div>\n\n\t\t\n<style>\n#section_2119090302 {\n  padding-top: 60px;\n  padding-bottom: 60px;\n}\n<\/style>\n\t<\/section>\n\t\n\n\n<style>\n.module-card-customer-search-by-ordered-product{\nbackground:\n  linear-gradient(\n    rgba(34, 34, 34, 0.5),\nrgba(34, 34, 34, 1)\n  ),\n  url('\/wp-content\/uploads\/2025\/11\/customers-by-product-2-en-1298x800.webp');\n}\n.module-card-bulk-product-disable-by-price{\nbackground:\n  linear-gradient(\n    rgba(34, 34, 34, 0.5),\nrgba(34, 34, 34, 1)\n  ),\n  url('\/wp-content\/uploads\/2025\/12\/bulk-disable-by-price-2-pl.webp');\n}\n.module-card-automatic-discount-renewal{\nbackground:\n  linear-gradient(\n    rgba(34, 34, 34, 0.5),\nrgba(34, 34, 34, 1)\n  ),\n  url('\/wp-content\/uploads\/2025\/12\/automatic-discount-renewal-1-pl.webp');\n}\n.module-card-discount-for-payment-method{\nbackground:\n  linear-gradient(\n    rgba(34, 34, 34, 0.5),\nrgba(34, 34, 34, 1)\n  ),\n  url('\/wp-content\/uploads\/2025\/12\/discount-for-payment-method-1-pl.webp');\n}\n.module-card-discount-column-for-the-product-list{\nbackground:\n  linear-gradient(\n    rgba(34, 34, 34, 0.5),\nrgba(34, 34, 34, 1)\n  ),\n  url('\/wp-content\/uploads\/2025\/12\/discount-column-for-the-product-list-1-pl.webp');\n}\n.module-card-mark-orders-with-color{\nbackground:\n  linear-gradient(\n    rgba(34, 34, 34, 0.5),\nrgba(34, 34, 34, 1)\n  ),\n  url('\/wp-content\/uploads\/2025\/12\/mark-orders-with-color-2-pl.webp');\n}\n.module-card-supplier-sales-report{\nbackground:\n  linear-gradient(\n    rgba(34, 34, 34, 0.5),\nrgba(34, 34, 34, 1)\n  ),\n  url('\/wp-content\/uploads\/2025\/12\/supplier-sales-report-3-pl.webp');\n}\n.module-card-product-page-price-range-banner{\nbackground:\n  linear-gradient(\n    rgba(34, 34, 34, 0.5),\nrgba(34, 34, 34, 1)\n  ),\n  url('\/wp-content\/uploads\/2025\/12\/product-page-price-range-banner-1-pl.webp');\n}\n.module-card-customer-search-by-ordered-product, .module-card-bulk-product-disable-by-price, .module-card-automatic-discount-renewal, .module-card-discount-for-payment-method, .module-card-discount-column-for-the-product-list, .module-card-mark-orders-with-color, .module-card-supplier-sales-report, .module-card-product-page-price-range-banner{\n  background-size: cover;\n  background-position:center;\n  height:240px;\n  border-radius: 15px;\n  padding: 20px;\n  position: relative;\ntransition: transform 0.2s ease;\n  .icon{\n    width:65px;\n    height:65px;\n    border-radius:10px;\nmargin-bottom: 10px;\n\n  }\n  h2{\n    text-transform:uppercase;\n    font-size:1.2rem;\n    color:#FFF;\n  }\n  .price{\n    background-color:#fe5e08;\n    border-radius:8px;\n    text-align:center;\n    padding:6px;\n    color:#fff;\n    font-size:12px;\n    position:absolute;\n    bottom:24px;\n    right:20px;\n  }\n  .app-text{\n    color:#FFF;\n    font-size:12px;\n    position:absolute;\n    bottom:20px;\n    left:20px;\nline-height: 1.4;\n  }\n}\n.module-card-customer-search-by-ordered-product:hover, .module-card-bulk-product-disable-by-price:hover, .module-card-automatic-discount-renewal:hover, .module-card-discount-for-payment-method:hover, .module-card-discount-column-for-the-product-list:hover, .module-card-mark-orders-with-color:hover, .module-card-supplier-sales-report:hover, .module-card-product-page-price-range-banner:hover{\ntransform: scale(1.02);\n}\n<\/style>\n\n\n","protected":false},"excerpt":{"rendered":"","protected":false},"author":2,"featured_media":0,"parent":0,"menu_order":0,"comment_status":"closed","ping_status":"closed","template":"","meta":{"_lmt_disableupdate":"","_lmt_disable":"","footnotes":""},"yoast_head":"<!-- This site is optimized with the Yoast SEO Premium plugin v21.8 (Yoast SEO v23.5) - https:\/\/yoast.com\/wordpress\/plugins\/seo\/ -->\n<title>Modu\u0142y PrestaShop<\/title>\n<meta name=\"description\" content=\"Odkryj skuteczne modu\u0142y i dodatki PrestaShop, aby zwi\u0119kszy\u0107 sprzeda\u017c, poprawi\u0107 SEO i poszerzy\u0107 funkcjonalno\u015b\u0107 swojego sklepu.\" \/>\n<meta name=\"robots\" content=\"index, follow, max-snippet:-1, max-image-preview:large, max-video-preview:-1\" \/>\n<link rel=\"canonical\" href=\"https:\/\/megamo.eu\/pl\/moduly-prestashop\/\" \/>\n<meta property=\"og:locale\" content=\"pl_PL\" \/>\n<meta property=\"og:type\" content=\"article\" \/>\n<meta property=\"og:title\" content=\"Modu\u0142y PrestaShop\" \/>\n<meta property=\"og:description\" content=\"Odkryj skuteczne modu\u0142y i dodatki PrestaShop, aby zwi\u0119kszy\u0107 sprzeda\u017c, poprawi\u0107 SEO i poszerzy\u0107 funkcjonalno\u015b\u0107 swojego sklepu.\" \/>\n<meta property=\"og:url\" content=\"https:\/\/megamo.eu\/pl\/moduly-prestashop\/\" \/>\n<meta property=\"og:site_name\" content=\"megamo.eu\" \/>\n<meta property=\"article:publisher\" content=\"https:\/\/www.facebook.com\/megamoeu\" \/>\n<meta property=\"article:modified_time\" content=\"2025-12-11T13:32:04+00:00\" \/>\n<meta name=\"twitter:card\" content=\"summary_large_image\" \/>\n<meta name=\"twitter:label1\" content=\"Szacowany czas czytania\" \/>\n\t<meta name=\"twitter:data1\" content=\"3 minuty\" \/>\n<script type=\"application\/ld+json\" class=\"yoast-schema-graph\">{\"@context\":\"https:\/\/schema.org\",\"@graph\":[{\"@type\":\"WebPage\",\"@id\":\"https:\/\/megamo.eu\/pl\/moduly-prestashop\/\",\"url\":\"https:\/\/megamo.eu\/pl\/moduly-prestashop\/\",\"name\":\"Modu\u0142y PrestaShop\",\"isPartOf\":{\"@id\":\"https:\/\/megamo.eu\/pl\/#website\"},\"datePublished\":\"2025-11-26T15:25:58+00:00\",\"dateModified\":\"2025-12-11T13:32:04+00:00\",\"description\":\"Odkryj skuteczne modu\u0142y i dodatki PrestaShop, aby zwi\u0119kszy\u0107 sprzeda\u017c, poprawi\u0107 SEO i poszerzy\u0107 funkcjonalno\u015b\u0107 swojego sklepu.\",\"breadcrumb\":{\"@id\":\"https:\/\/megamo.eu\/pl\/moduly-prestashop\/#breadcrumb\"},\"inLanguage\":\"pl-PL\",\"potentialAction\":[{\"@type\":\"ReadAction\",\"target\":[\"https:\/\/megamo.eu\/pl\/moduly-prestashop\/\"]}]},{\"@type\":\"BreadcrumbList\",\"@id\":\"https:\/\/megamo.eu\/pl\/moduly-prestashop\/#breadcrumb\",\"itemListElement\":[{\"@type\":\"ListItem\",\"position\":1,\"name\":\"Home\",\"item\":\"https:\/\/megamo.eu\/pl\/\"},{\"@type\":\"ListItem\",\"position\":2,\"name\":\"Modu\u0142y PrestaShop\"}]},{\"@type\":\"WebSite\",\"@id\":\"https:\/\/megamo.eu\/pl\/#website\",\"url\":\"https:\/\/megamo.eu\/pl\/\",\"name\":\"megamo.eu\",\"description\":\"megamo.eu\",\"publisher\":{\"@id\":\"https:\/\/megamo.eu\/pl\/#organization\"},\"potentialAction\":[{\"@type\":\"SearchAction\",\"target\":{\"@type\":\"EntryPoint\",\"urlTemplate\":\"https:\/\/megamo.eu\/pl\/?s={search_term_string}\"},\"query-input\":{\"@type\":\"PropertyValueSpecification\",\"valueRequired\":true,\"valueName\":\"search_term_string\"}}],\"inLanguage\":\"pl-PL\"},{\"@type\":\"Organization\",\"@id\":\"https:\/\/megamo.eu\/pl\/#organization\",\"name\":\"Megamo\",\"alternateName\":\"mgo\",\"url\":\"https:\/\/megamo.eu\/pl\/\",\"logo\":{\"@type\":\"ImageObject\",\"inLanguage\":\"pl-PL\",\"@id\":\"https:\/\/megamo.eu\/pl\/#\/schema\/logo\/image\/\",\"url\":\"https:\/\/megamo.eu\/wp-content\/uploads\/2024\/02\/logo_small.png\",\"contentUrl\":\"https:\/\/megamo.eu\/wp-content\/uploads\/2024\/02\/logo_small.png\",\"width\":300,\"height\":113,\"caption\":\"Megamo\"},\"image\":{\"@id\":\"https:\/\/megamo.eu\/pl\/#\/schema\/logo\/image\/\"},\"sameAs\":[\"https:\/\/www.facebook.com\/megamoeu\",\"https:\/\/www.youtube.com\/@Megamo_en\"]}]}<\/script>\n<!-- \/ Yoast SEO Premium plugin. -->","yoast_head_json":{"title":"Modu\u0142y PrestaShop","description":"Odkryj skuteczne modu\u0142y i dodatki PrestaShop, aby zwi\u0119kszy\u0107 sprzeda\u017c, poprawi\u0107 SEO i poszerzy\u0107 funkcjonalno\u015b\u0107 swojego sklepu.","robots":{"index":"index","follow":"follow","max-snippet":"max-snippet:-1","max-image-preview":"max-image-preview:large","max-video-preview":"max-video-preview:-1"},"canonical":"https:\/\/megamo.eu\/pl\/moduly-prestashop\/","og_locale":"pl_PL","og_type":"article","og_title":"Modu\u0142y PrestaShop","og_description":"Odkryj skuteczne modu\u0142y i dodatki PrestaShop, aby zwi\u0119kszy\u0107 sprzeda\u017c, poprawi\u0107 SEO i poszerzy\u0107 funkcjonalno\u015b\u0107 swojego sklepu.","og_url":"https:\/\/megamo.eu\/pl\/moduly-prestashop\/","og_site_name":"megamo.eu","article_publisher":"https:\/\/www.facebook.com\/megamoeu","article_modified_time":"2025-12-11T13:32:04+00:00","twitter_card":"summary_large_image","twitter_misc":{"Szacowany czas czytania":"3 minuty"},"schema":{"@context":"https:\/\/schema.org","@graph":[{"@type":"WebPage","@id":"https:\/\/megamo.eu\/pl\/moduly-prestashop\/","url":"https:\/\/megamo.eu\/pl\/moduly-prestashop\/","name":"Modu\u0142y PrestaShop","isPartOf":{"@id":"https:\/\/megamo.eu\/pl\/#website"},"datePublished":"2025-11-26T15:25:58+00:00","dateModified":"2025-12-11T13:32:04+00:00","description":"Odkryj skuteczne modu\u0142y i dodatki PrestaShop, aby zwi\u0119kszy\u0107 sprzeda\u017c, poprawi\u0107 SEO i poszerzy\u0107 funkcjonalno\u015b\u0107 swojego sklepu.","breadcrumb":{"@id":"https:\/\/megamo.eu\/pl\/moduly-prestashop\/#breadcrumb"},"inLanguage":"pl-PL","potentialAction":[{"@type":"ReadAction","target":["https:\/\/megamo.eu\/pl\/moduly-prestashop\/"]}]},{"@type":"BreadcrumbList","@id":"https:\/\/megamo.eu\/pl\/moduly-prestashop\/#breadcrumb","itemListElement":[{"@type":"ListItem","position":1,"name":"Home","item":"https:\/\/megamo.eu\/pl\/"},{"@type":"ListItem","position":2,"name":"Modu\u0142y PrestaShop"}]},{"@type":"WebSite","@id":"https:\/\/megamo.eu\/pl\/#website","url":"https:\/\/megamo.eu\/pl\/","name":"megamo.eu","description":"megamo.eu","publisher":{"@id":"https:\/\/megamo.eu\/pl\/#organization"},"potentialAction":[{"@type":"SearchAction","target":{"@type":"EntryPoint","urlTemplate":"https:\/\/megamo.eu\/pl\/?s={search_term_string}"},"query-input":{"@type":"PropertyValueSpecification","valueRequired":true,"valueName":"search_term_string"}}],"inLanguage":"pl-PL"},{"@type":"Organization","@id":"https:\/\/megamo.eu\/pl\/#organization","name":"Megamo","alternateName":"mgo","url":"https:\/\/megamo.eu\/pl\/","logo":{"@type":"ImageObject","inLanguage":"pl-PL","@id":"https:\/\/megamo.eu\/pl\/#\/schema\/logo\/image\/","url":"https:\/\/megamo.eu\/wp-content\/uploads\/2024\/02\/logo_small.png","contentUrl":"https:\/\/megamo.eu\/wp-content\/uploads\/2024\/02\/logo_small.png","width":300,"height":113,"caption":"Megamo"},"image":{"@id":"https:\/\/megamo.eu\/pl\/#\/schema\/logo\/image\/"},"sameAs":["https:\/\/www.facebook.com\/megamoeu","https:\/\/www.youtube.com\/@Megamo_en"]}]}},"_links":{"self":[{"href":"https:\/\/megamo.eu\/pl\/wp-json\/wp\/v2\/pages\/63155"}],"collection":[{"href":"https:\/\/megamo.eu\/pl\/wp-json\/wp\/v2\/pages"}],"about":[{"href":"https:\/\/megamo.eu\/pl\/wp-json\/wp\/v2\/types\/page"}],"author":[{"embeddable":true,"href":"https:\/\/megamo.eu\/pl\/wp-json\/wp\/v2\/users\/2"}],"replies":[{"embeddable":true,"href":"https:\/\/megamo.eu\/pl\/wp-json\/wp\/v2\/comments?post=63155"}],"version-history":[{"count":6,"href":"https:\/\/megamo.eu\/pl\/wp-json\/wp\/v2\/pages\/63155\/revisions"}],"predecessor-version":[{"id":63180,"href":"https:\/\/megamo.eu\/pl\/wp-json\/wp\/v2\/pages\/63155\/revisions\/63180"}],"wp:attachment":[{"href":"https:\/\/megamo.eu\/pl\/wp-json\/wp\/v2\/media?parent=63155"}],"curies":[{"name":"wp","href":"https:\/\/api.w.org\/{rel}","templated":true}]}}