{"id":40180,"date":"2025-06-11T13:08:50","date_gmt":"2025-06-11T11:08:50","guid":{"rendered":"https:\/\/megamo.eu\/?page_id=40180"},"modified":"2025-06-11T13:08:50","modified_gmt":"2025-06-11T11:08:50","slug":"migracja-z-shopgold-do-woocommerce","status":"publish","type":"page","link":"https:\/\/megamo.eu\/pl\/migracja-sklepu-internetowego-na-inna-platforme\/migracja-z-shopgold-do-woocommerce\/","title":{"rendered":"Migracja z ShopGold do WooCommerce"},"content":{"rendered":"\n\t<div id=\"gap-1674819353\" class=\"gap-element clearfix\" style=\"display:block; height:auto;\">\n\t\t\n<style>\n#gap-1674819353 {\n  padding-top: 60px;\n}\n<\/style>\n\t<\/div>\n\t\n\n\t<section class=\"section\" id=\"section_1474364667\">\n\t\t<div class=\"bg section-bg fill bg-fill  bg-loaded\" >\n\n\t\t\t\n\t\t\t\n\t\t\t\n\n\t\t<\/div>\n\n\t\t\n\n\t\t<div class=\"section-content relative\">\n\t\t\t\n\n<div class=\"row\"  id=\"row-736789488\">\n\n\n\t<div id=\"col-1366691383\" class=\"col small-12 large-12\"  >\n\t\t\t\t<div class=\"col-inner text-center\"  >\n\t\t\t\n\t\t\t\n\n\t<div id=\"text-1899570144\" class=\"text\">\n\t\t\n\n<h1>Migracja z ShopGold do WooCommerce<\/h1>\n\n\t\t\n<style>\n#text-1899570144 {\n  font-size: 1.3rem;\n}\n<\/style>\n\t<\/div>\n\t\n\n\t\t<\/div>\n\t\t\t\t\t<\/div>\n\n\t\n\n<\/div>\n<div class=\"row\"  id=\"row-1352569173\">\n\n\n\t<div id=\"col-1765652524\" class=\"col small-12 large-12\"  >\n\t\t\t\t<div class=\"col-inner text-center\"  >\n\t\t\t\n\t\t\t\n\n\t<div class=\"img has-hover x md-x lg-x y md-y lg-y\" id=\"image_1790014393\">\n\t\t\t\t\t\t\t\t<div class=\"img-inner dark\" >\n\t\t\t<img loading=\"lazy\" decoding=\"async\" width=\"820\" height=\"300\" src=\"https:\/\/megamo.eu\/wp-content\/uploads\/2025\/06\/shopgold-woo-migration.webp\" class=\"attachment-original size-original\" alt=\"\" srcset=\"https:\/\/megamo.eu\/wp-content\/uploads\/2025\/06\/shopgold-woo-migration.webp 820w, https:\/\/megamo.eu\/wp-content\/uploads\/2025\/06\/shopgold-woo-migration-800x293.webp 800w, https:\/\/megamo.eu\/wp-content\/uploads\/2025\/06\/shopgold-woo-migration-768x281.webp 768w, https:\/\/megamo.eu\/wp-content\/uploads\/2025\/06\/shopgold-woo-migration-600x220.webp 600w\" sizes=\"(max-width: 820px) 100vw, 820px\" \/>\t\t\t\t\t\t\n\t\t\t\t\t<\/div>\n\t\t\t\t\t\t\t\t\n<style>\n#image_1790014393 {\n  width: 60%;\n}\n<\/style>\n\t<\/div>\n\t\n\n\t<div id=\"text-1236902147\" class=\"text\">\n\t\t\n\n<p>ZMIANA PLATFORMY | ShopGold na WooCommerce<\/p>\n\n\t\t\n<style>\n#text-1236902147 {\n  font-size: 1.2rem;\n  color: rgb(155, 155, 155);\n}\n#text-1236902147 > * {\n  color: rgb(155, 155, 155);\n}\n<\/style>\n\t<\/div>\n\t\n\t<div id=\"text-116450129\" class=\"text\">\n\t\t\n\n<p style=\"margin-bottom: 60px\">ShopGold to stabilna platforma dla prostszych wdro\u017ce\u0144 e-commerce, ale je\u015bli chcesz rozwin\u0105\u0107 sw\u00f3j sklep, mie\u0107 pe\u0142n\u0105 kontrol\u0119 nad wygl\u0105dem i funkcjonalno\u015bci\u0105 oraz korzysta\u0107 z nowoczesnych integracji marketingowych i sprzeda\u017cowych \u2014 migracja do WooCommerce daje niepor\u00f3wnywalnie wi\u0119ksze mo\u017cliwo\u015bci.<\/p>\n\n\t\t\n<style>\n#text-116450129 {\n  text-align: left;\n}\n<\/style>\n\t<\/div>\n\t\n<a href=\"https:\/\/forms.clickup.com\/9012257574\/f\/8cjr8t6-8732\/1E0C5NDOZ9YR3LQKT3\" target=\"_blank\" class=\"button primary\" rel=\"noopener\"  >\n  <i class=\"icon-checkmark\" aria-hidden=\"true\" ><\/i>  <span>Przenie\u015b sklep z ShopGold do WooCommerce<\/span>\n  <\/a>\n\n\n<a href=\"\/pl\/migracja-sklepu-internetowego-na-inna-platforme\/\" class=\"button primary\"  >\n  <i class=\"icon-tag\" aria-hidden=\"true\" ><\/i>  <span>Przejrzyj inne oferty migracji<\/span>\n  <\/a>\n\n\n\n\t\t<\/div>\n\t\t\t\t\t<\/div>\n\n\t\n\n<\/div>\n\n\t\t<\/div>\n\n\t\t\n<style>\n#section_1474364667 {\n  padding-top: 30px;\n  padding-bottom: 30px;\n}\n<\/style>\n\t<\/section>\n\t\n\t<section class=\"section\" id=\"section_247748965\">\n\t\t<div class=\"bg section-bg fill bg-fill  bg-loaded\" >\n\n\t\t\t\n\t\t\t\n\t\t\t\n\n\t\t<\/div>\n\n\t\t\n\n\t\t<div class=\"section-content relative\">\n\t\t\t\n\n<div class=\"row\"  id=\"row-1136854976\">\n\n\n\t<div id=\"col-1969325125\" class=\"col medium-6 small-12 large-6\"  >\n\t\t\t\t<div class=\"col-inner text-left\"  >\n\t\t\t\n\t\t\t\n\n<h3>ShopGold \u2013 stabilna, ale zamkni\u0119ta konstrukcja<\/h3>\n<p>ShopGold sprawdza si\u0119 na pocz\u0105tku lub przy prostszych projektach e-commerce. Jednak w miar\u0119 wzrostu sprzeda\u017cy i ambicji w\u0142a\u015bcicieli zaczyna brakowa\u0107 elastyczno\u015bci, nowoczesnego designu oraz \u0142atwego dost\u0119pu do szerokiej bazy wtyczek, integracji i zaawansowanych rozwi\u0105za\u0144.<\/p>\n<h4>Zalety ShopGold:<\/h4>\n<ul>\n<li>brak abonamentu \u2014 sklep na w\u0142asno\u015b\u0107,<\/li>\n<li>lekka, stabilna i szybka platforma na w\u0142asnym serwerze,<\/li>\n<li>polskie wsparcie i proste integracje z lokalnymi systemami.<\/li>\n<\/ul>\n<h4>Wady ShopGold:<\/h4>\n<ul>\n<li>ograniczone mo\u017cliwo\u015bci graficzne i UX,<\/li>\n<li>mniejsza liczba dost\u0119pnych integracji z globalnymi systemami,<\/li>\n<li>trudniejsze wdra\u017canie bardziej zaawansowanych funkcji marketingowych i automatyzacji,<\/li>\n<li>ograniczona rozbudowa dla sprzeda\u017cy zagranicznej i wielokana\u0142owej.<\/li>\n<\/ul>\n\n\n\t\t<\/div>\n\t\t\t\t\t<\/div>\n\n\t\n\n\t<div id=\"col-685529947\" class=\"col medium-6 small-12 large-6\"  >\n\t\t\t\t<div class=\"col-inner text-left\"  >\n\t\t\t\n\t\t\t\n\n<h3>WooCommerce \u2013 otwarta platforma na dynamiczny rozw\u00f3j<\/h3>\n<p>WooCommerce to \u015bwiatowy lider w\u015br\u00f3d system\u00f3w e-commerce open source. Oparty na WordPressie, oferuje niemal nieograniczone mo\u017cliwo\u015bci konfiguracji i rozbudowy \u2014 zar\u00f3wno dla mniejszych, jak i bardzo du\u017cych sklep\u00f3w internetowych.<\/p>\n<h4>Zalety WooCommerce:<\/h4>\n<ul>\n<li>brak abonamentu \u2013 p\u0142acisz tylko za te funkcje, kt\u00f3rych realnie potrzebujesz,<\/li>\n<li>pe\u0142ny dost\u0119p do kodu \u017ar\u00f3d\u0142owego i pe\u0142na kontrola nad sklepem,<\/li>\n<li>ogromna liczba dost\u0119pnych wtyczek, motyw\u00f3w i rozszerze\u0144,<\/li>\n<li>\u0142atwa rozbudowa o blog, systemy content marketingowe i SEO,<\/li>\n<li>mo\u017cliwo\u015b\u0107 sprzeda\u017cy mi\u0119dzynarodowej, omnichannel, B2B, dropshippingowej czy subskrypcyjnej.<\/li>\n<\/ul>\n<h4>Wady WooCommerce:<\/h4>\n<ul>\n<li>wymaga opieki nad serwerem, aktualizacjami i bezpiecze\u0144stwem (ale daje pe\u0142n\u0105 niezale\u017cno\u015b\u0107),<\/li>\n<li>przy wi\u0119kszych sklepach warto zadba\u0107 o optymalizacj\u0119 techniczn\u0105 i wydajno\u015b\u0107.<\/li>\n<\/ul>\n\n\n\t\t<\/div>\n\t\t\t\t\t<\/div>\n\n\t\n\n<\/div>\n\n\t\t<\/div>\n\n\t\t\n<style>\n#section_247748965 {\n  padding-top: 0px;\n  padding-bottom: 0px;\n}\n<\/style>\n\t<\/section>\n\t\n\t<section class=\"section\" id=\"section_1415759357\">\n\t\t<div class=\"bg section-bg fill bg-fill  bg-loaded\" >\n\n\t\t\t\n\t\t\t\n\t\t\t\n\n\t\t<\/div>\n\n\t\t\n\n\t\t<div class=\"section-content relative\">\n\t\t\t\n\n<div class=\"row\"  id=\"row-1082629515\">\n\n\n\t<div id=\"col-258318719\" class=\"col small-12 large-12\"  >\n\t\t\t\t<div class=\"col-inner\"  >\n\t\t\t\n\t\t\t\n\n<div style=\"border-left: 5px #fe5e08 solid; padding-left: 40px;\">\n<h2 style=\"color: #fe5e08;\">Dlaczego warto przenie\u015b\u0107 sklep z ShopGold na WooCommerce?<\/h2>\n<p><b>Migracja do WooCommerce jest idealna, gdy:<\/b><\/p>\n<ul style=\"list-style-type: none;\">\n<li style=\"margin-left: 0;\">chcesz rozwija\u0107 funkcje sklepu w pe\u0142ni indywidualnie,<\/li>\n<li style=\"margin-left: 0;\">zale\u017cy Ci na pe\u0142nej kontroli nad wygl\u0105dem i kodem,<\/li>\n<li style=\"margin-left: 0;\">chcesz rozbudowa\u0107 marketing i SEO o blog, content i nowe kana\u0142y sprzeda\u017cy,<\/li>\n<li style=\"margin-left: 0;\">planujesz skalowa\u0107 sklep na rynki zagraniczne i prowadzi\u0107 wielokana\u0142ow\u0105 sprzeda\u017c,<\/li>\n<li style=\"margin-left: 0;\">szukasz systemu rozwojowego bez ogranicze\u0144 licencyjnych i op\u0142at za ka\u017cd\u0105 modyfikacj\u0119.<\/li>\n<\/ul>\n<p>WooCommerce to doskona\u0142a baza technologiczna na d\u0142ugoterminowy rozw\u00f3j e-commerce.<\/p>\n<\/div>\n\n\t<div id=\"gap-449732237\" class=\"gap-element clearfix\" style=\"display:block; height:auto;\">\n\t\t\n<style>\n#gap-449732237 {\n  padding-top: 60px;\n}\n<\/style>\n\t<\/div>\n\t\n\n\t<div id=\"text-2605312944\" class=\"text\">\n\t\t\n\n<div style=\"border-right: 5px #0093e3 solid; padding-right: 40px;\">\n<h2 style=\"color: #0093e3\">Jak wygl\u0105da proces migracji z ShopGold do WooCommerce?<\/h2>\n<p>Migracja sklepu internetowego to proces, kt\u00f3ry realizujemy w spos\u00f3b kompleksowy, bezpieczny i w pe\u0142ni dopasowany do specyfiki Twojego biznesu. Dbamy nie tylko o dane techniczne, ale r\u00f3wnie\u017c o zachowanie ci\u0105g\u0142o\u015bci sprzeda\u017cy i sp\u00f3jno\u015b\u0107 danych.<\/p>\n<p><b>Przenosimy komplet danych produktowych<\/b><br \/>Wszystkie produkty, opisy, warianty, zdj\u0119cia i kategorie zostan\u0105 odtworzone w WooCommerce w spos\u00f3b mo\u017cliwie najwierniejszy<\/p>\n<p><b>Zachowujemy dane klient\u00f3w<\/b><br \/>Importujemy konta klient\u00f3w, dane kontaktowe i przypisane do nich zam\u00f3wienia, tak aby nie by\u0142o potrzeby ponownej rejestracji<\/p>\n<p><b>Odtwarzamy histori\u0119 zam\u00f3wie\u0144<\/b><br \/>Ka\u017cda transakcja, jej zawarto\u015b\u0107 i status zostan\u0105 zachowane, co pozwoli Ci na dalsze raportowanie i obs\u0142ug\u0119 posprzeda\u017cow\u0105<\/p>\n<\/div>\n\n\t\t\n<style>\n#text-2605312944 {\n  text-align: right;\n}\n<\/style>\n\t<\/div>\n\t\n\n\t\t<\/div>\n\t\t\t\t\t<\/div>\n\n\t\n\n<\/div>\n\n\t\t<\/div>\n\n\t\t\n<style>\n#section_1415759357 {\n  padding-top: 80px;\n  padding-bottom: 80px;\n  background-color: rgb(249, 249, 249);\n}\n<\/style>\n\t<\/section>\n\t\n\n","protected":false},"excerpt":{"rendered":"","protected":false},"author":2,"featured_media":0,"parent":3455,"menu_order":0,"comment_status":"closed","ping_status":"closed","template":"","meta":{"_lmt_disableupdate":"","_lmt_disable":"","footnotes":""},"yoast_head":"<!-- This site is optimized with the Yoast SEO Premium plugin v21.8 (Yoast SEO v23.5) - https:\/\/yoast.com\/wordpress\/plugins\/seo\/ -->\n<title>Migracja z ShopGold do WooCommerce<\/title>\n<meta name=\"description\" content=\"Migracja z ShopGold do WooCommerce \u2013 zyskaj nowoczesny sklep, pe\u0142n\u0105 elastyczno\u015b\u0107, integracje marketingowe i pe\u0142n\u0105 kontrol\u0119 nad swoim e-commerce.\" \/>\n<meta name=\"robots\" content=\"index, follow, max-snippet:-1, max-image-preview:large, max-video-preview:-1\" \/>\n<link rel=\"canonical\" href=\"https:\/\/megamo.eu\/pl\/migracja-sklepu-internetowego-na-inna-platforme\/migracja-z-shopgold-do-woocommerce\/\" \/>\n<meta property=\"og:locale\" content=\"pl_PL\" \/>\n<meta property=\"og:type\" content=\"article\" \/>\n<meta property=\"og:title\" content=\"Migracja z ShopGold do WooCommerce\" \/>\n<meta property=\"og:description\" content=\"Migracja z ShopGold do WooCommerce \u2013 zyskaj nowoczesny sklep, pe\u0142n\u0105 elastyczno\u015b\u0107, integracje marketingowe i pe\u0142n\u0105 kontrol\u0119 nad swoim e-commerce.\" \/>\n<meta property=\"og:url\" content=\"https:\/\/megamo.eu\/pl\/migracja-sklepu-internetowego-na-inna-platforme\/migracja-z-shopgold-do-woocommerce\/\" \/>\n<meta property=\"og:site_name\" content=\"megamo.eu\" \/>\n<meta property=\"article:publisher\" content=\"https:\/\/www.facebook.com\/megamoeu\" \/>\n<meta name=\"twitter:card\" content=\"summary_large_image\" \/>\n<meta name=\"twitter:label1\" content=\"Szacowany czas czytania\" \/>\n\t<meta name=\"twitter:data1\" content=\"3 minuty\" \/>\n<script type=\"application\/ld+json\" class=\"yoast-schema-graph\">{\"@context\":\"https:\/\/schema.org\",\"@graph\":[{\"@type\":\"WebPage\",\"@id\":\"https:\/\/megamo.eu\/pl\/migracja-sklepu-internetowego-na-inna-platforme\/migracja-z-shopgold-do-woocommerce\/\",\"url\":\"https:\/\/megamo.eu\/pl\/migracja-sklepu-internetowego-na-inna-platforme\/migracja-z-shopgold-do-woocommerce\/\",\"name\":\"Migracja z ShopGold do WooCommerce\",\"isPartOf\":{\"@id\":\"https:\/\/megamo.eu\/pl\/#website\"},\"datePublished\":\"2025-06-11T11:08:50+00:00\",\"dateModified\":\"2025-06-11T11:08:50+00:00\",\"description\":\"Migracja z ShopGold do WooCommerce \u2013 zyskaj nowoczesny sklep, pe\u0142n\u0105 elastyczno\u015b\u0107, integracje marketingowe i pe\u0142n\u0105 kontrol\u0119 nad swoim e-commerce.\",\"breadcrumb\":{\"@id\":\"https:\/\/megamo.eu\/pl\/migracja-sklepu-internetowego-na-inna-platforme\/migracja-z-shopgold-do-woocommerce\/#breadcrumb\"},\"inLanguage\":\"pl-PL\",\"potentialAction\":[{\"@type\":\"ReadAction\",\"target\":[\"https:\/\/megamo.eu\/pl\/migracja-sklepu-internetowego-na-inna-platforme\/migracja-z-shopgold-do-woocommerce\/\"]}]},{\"@type\":\"BreadcrumbList\",\"@id\":\"https:\/\/megamo.eu\/pl\/migracja-sklepu-internetowego-na-inna-platforme\/migracja-z-shopgold-do-woocommerce\/#breadcrumb\",\"itemListElement\":[{\"@type\":\"ListItem\",\"position\":1,\"name\":\"Home\",\"item\":\"https:\/\/megamo.eu\/pl\/\"},{\"@type\":\"ListItem\",\"position\":2,\"name\":\"Migracja sklepu internetowego na inn\u0105 platform\u0119\",\"item\":\"https:\/\/megamo.eu\/pl\/migracja-sklepu-internetowego-na-inna-platforme\/\"},{\"@type\":\"ListItem\",\"position\":3,\"name\":\"Migracja z ShopGold do WooCommerce\"}]},{\"@type\":\"WebSite\",\"@id\":\"https:\/\/megamo.eu\/pl\/#website\",\"url\":\"https:\/\/megamo.eu\/pl\/\",\"name\":\"megamo.eu\",\"description\":\"megamo.eu\",\"publisher\":{\"@id\":\"https:\/\/megamo.eu\/pl\/#organization\"},\"potentialAction\":[{\"@type\":\"SearchAction\",\"target\":{\"@type\":\"EntryPoint\",\"urlTemplate\":\"https:\/\/megamo.eu\/pl\/?s={search_term_string}\"},\"query-input\":{\"@type\":\"PropertyValueSpecification\",\"valueRequired\":true,\"valueName\":\"search_term_string\"}}],\"inLanguage\":\"pl-PL\"},{\"@type\":\"Organization\",\"@id\":\"https:\/\/megamo.eu\/pl\/#organization\",\"name\":\"Megamo\",\"alternateName\":\"mgo\",\"url\":\"https:\/\/megamo.eu\/pl\/\",\"logo\":{\"@type\":\"ImageObject\",\"inLanguage\":\"pl-PL\",\"@id\":\"https:\/\/megamo.eu\/pl\/#\/schema\/logo\/image\/\",\"url\":\"https:\/\/megamo.eu\/wp-content\/uploads\/2024\/02\/logo_small.png\",\"contentUrl\":\"https:\/\/megamo.eu\/wp-content\/uploads\/2024\/02\/logo_small.png\",\"width\":300,\"height\":113,\"caption\":\"Megamo\"},\"image\":{\"@id\":\"https:\/\/megamo.eu\/pl\/#\/schema\/logo\/image\/\"},\"sameAs\":[\"https:\/\/www.facebook.com\/megamoeu\",\"https:\/\/www.youtube.com\/@Megamo_en\"]}]}<\/script>\n<!-- \/ Yoast SEO Premium plugin. -->","yoast_head_json":{"title":"Migracja z ShopGold do WooCommerce","description":"Migracja z ShopGold do WooCommerce \u2013 zyskaj nowoczesny sklep, pe\u0142n\u0105 elastyczno\u015b\u0107, integracje marketingowe i pe\u0142n\u0105 kontrol\u0119 nad swoim e-commerce.","robots":{"index":"index","follow":"follow","max-snippet":"max-snippet:-1","max-image-preview":"max-image-preview:large","max-video-preview":"max-video-preview:-1"},"canonical":"https:\/\/megamo.eu\/pl\/migracja-sklepu-internetowego-na-inna-platforme\/migracja-z-shopgold-do-woocommerce\/","og_locale":"pl_PL","og_type":"article","og_title":"Migracja z ShopGold do WooCommerce","og_description":"Migracja z ShopGold do WooCommerce \u2013 zyskaj nowoczesny sklep, pe\u0142n\u0105 elastyczno\u015b\u0107, integracje marketingowe i pe\u0142n\u0105 kontrol\u0119 nad swoim e-commerce.","og_url":"https:\/\/megamo.eu\/pl\/migracja-sklepu-internetowego-na-inna-platforme\/migracja-z-shopgold-do-woocommerce\/","og_site_name":"megamo.eu","article_publisher":"https:\/\/www.facebook.com\/megamoeu","twitter_card":"summary_large_image","twitter_misc":{"Szacowany czas czytania":"3 minuty"},"schema":{"@context":"https:\/\/schema.org","@graph":[{"@type":"WebPage","@id":"https:\/\/megamo.eu\/pl\/migracja-sklepu-internetowego-na-inna-platforme\/migracja-z-shopgold-do-woocommerce\/","url":"https:\/\/megamo.eu\/pl\/migracja-sklepu-internetowego-na-inna-platforme\/migracja-z-shopgold-do-woocommerce\/","name":"Migracja z ShopGold do WooCommerce","isPartOf":{"@id":"https:\/\/megamo.eu\/pl\/#website"},"datePublished":"2025-06-11T11:08:50+00:00","dateModified":"2025-06-11T11:08:50+00:00","description":"Migracja z ShopGold do WooCommerce \u2013 zyskaj nowoczesny sklep, pe\u0142n\u0105 elastyczno\u015b\u0107, integracje marketingowe i pe\u0142n\u0105 kontrol\u0119 nad swoim e-commerce.","breadcrumb":{"@id":"https:\/\/megamo.eu\/pl\/migracja-sklepu-internetowego-na-inna-platforme\/migracja-z-shopgold-do-woocommerce\/#breadcrumb"},"inLanguage":"pl-PL","potentialAction":[{"@type":"ReadAction","target":["https:\/\/megamo.eu\/pl\/migracja-sklepu-internetowego-na-inna-platforme\/migracja-z-shopgold-do-woocommerce\/"]}]},{"@type":"BreadcrumbList","@id":"https:\/\/megamo.eu\/pl\/migracja-sklepu-internetowego-na-inna-platforme\/migracja-z-shopgold-do-woocommerce\/#breadcrumb","itemListElement":[{"@type":"ListItem","position":1,"name":"Home","item":"https:\/\/megamo.eu\/pl\/"},{"@type":"ListItem","position":2,"name":"Migracja sklepu internetowego na inn\u0105 platform\u0119","item":"https:\/\/megamo.eu\/pl\/migracja-sklepu-internetowego-na-inna-platforme\/"},{"@type":"ListItem","position":3,"name":"Migracja z ShopGold do WooCommerce"}]},{"@type":"WebSite","@id":"https:\/\/megamo.eu\/pl\/#website","url":"https:\/\/megamo.eu\/pl\/","name":"megamo.eu","description":"megamo.eu","publisher":{"@id":"https:\/\/megamo.eu\/pl\/#organization"},"potentialAction":[{"@type":"SearchAction","target":{"@type":"EntryPoint","urlTemplate":"https:\/\/megamo.eu\/pl\/?s={search_term_string}"},"query-input":{"@type":"PropertyValueSpecification","valueRequired":true,"valueName":"search_term_string"}}],"inLanguage":"pl-PL"},{"@type":"Organization","@id":"https:\/\/megamo.eu\/pl\/#organization","name":"Megamo","alternateName":"mgo","url":"https:\/\/megamo.eu\/pl\/","logo":{"@type":"ImageObject","inLanguage":"pl-PL","@id":"https:\/\/megamo.eu\/pl\/#\/schema\/logo\/image\/","url":"https:\/\/megamo.eu\/wp-content\/uploads\/2024\/02\/logo_small.png","contentUrl":"https:\/\/megamo.eu\/wp-content\/uploads\/2024\/02\/logo_small.png","width":300,"height":113,"caption":"Megamo"},"image":{"@id":"https:\/\/megamo.eu\/pl\/#\/schema\/logo\/image\/"},"sameAs":["https:\/\/www.facebook.com\/megamoeu","https:\/\/www.youtube.com\/@Megamo_en"]}]}},"_links":{"self":[{"href":"https:\/\/megamo.eu\/pl\/wp-json\/wp\/v2\/pages\/40180"}],"collection":[{"href":"https:\/\/megamo.eu\/pl\/wp-json\/wp\/v2\/pages"}],"about":[{"href":"https:\/\/megamo.eu\/pl\/wp-json\/wp\/v2\/types\/page"}],"author":[{"embeddable":true,"href":"https:\/\/megamo.eu\/pl\/wp-json\/wp\/v2\/users\/2"}],"replies":[{"embeddable":true,"href":"https:\/\/megamo.eu\/pl\/wp-json\/wp\/v2\/comments?post=40180"}],"version-history":[{"count":2,"href":"https:\/\/megamo.eu\/pl\/wp-json\/wp\/v2\/pages\/40180\/revisions"}],"predecessor-version":[{"id":40184,"href":"https:\/\/megamo.eu\/pl\/wp-json\/wp\/v2\/pages\/40180\/revisions\/40184"}],"up":[{"embeddable":true,"href":"https:\/\/megamo.eu\/pl\/wp-json\/wp\/v2\/pages\/3455"}],"wp:attachment":[{"href":"https:\/\/megamo.eu\/pl\/wp-json\/wp\/v2\/media?parent=40180"}],"curies":[{"name":"wp","href":"https:\/\/api.w.org\/{rel}","templated":true}]}}