{"id":3474,"date":"2024-05-29T14:58:18","date_gmt":"2024-05-29T12:58:18","guid":{"rendered":"https:\/\/megamo.eu\/?page_id=3474"},"modified":"2024-05-29T14:58:18","modified_gmt":"2024-05-29T12:58:18","slug":"aplikacja-myadmin","status":"publish","type":"page","link":"https:\/\/megamo.eu\/pl\/aplikacja-myadmin\/","title":{"rendered":"Aplikacja MyAdmin"},"content":{"rendered":"\n\t<div id=\"gap-62706480\" class=\"gap-element clearfix\" style=\"display:block; height:auto;\">\n\t\t\n<style>\n#gap-62706480 {\n  padding-top: 60px;\n}\n<\/style>\n\t<\/div>\n\t\n\n\t<section class=\"section\" id=\"section_499365492\">\n\t\t<div class=\"bg section-bg fill bg-fill  bg-loaded\" >\n\n\t\t\t\n\t\t\t\n\t\t\t\n\n\t\t<\/div>\n\n\t\t\n\n\t\t<div class=\"section-content relative\">\n\t\t\t\n\n<div class=\"row\"  id=\"row-1710717532\">\n\n\n\t<div id=\"col-1172609075\" class=\"col small-12 large-12\"  >\n\t\t\t\t<div class=\"col-inner\"  >\n\t\t\t\n\t\t\t\n\n\t<div id=\"text-616748918\" class=\"text\">\n\t\t\n\n<h1>Instalacja Aplikacji MyAdmin<\/h1>\n\n\t\t\n<style>\n#text-616748918 {\n  font-size: 1.3rem;\n  text-align: center;\n}\n@media (min-width:550px) {\n  #text-616748918 {\n    text-align: left;\n  }\n}\n<\/style>\n\t<\/div>\n\t\n<div class=\"row\"  id=\"row-687881817\">\n\n\n\t<div id=\"col-2103830539\" class=\"col medium-6 small-12 large-6\"  >\n\t\t\t\t<div class=\"col-inner\"  >\n\t\t\t\n\t\t\t\n\n<h2>Instalator<\/h2>\n\n\t<div id=\"gap-778687565\" class=\"gap-element clearfix\" style=\"display:block; height:auto;\">\n\t\t\n<style>\n#gap-778687565 {\n  padding-top: 40px;\n}\n<\/style>\n\t<\/div>\n\t\n\n\n\n<div style=\"border-left: 4px #fe5e08 solid; padding-left: 20px\">\n<h2 style=\"color: #fe5e08;\">KQS.Store<\/h2><h3 style=\"font-weight: 500;\"><a href=\"http:\/\/service.myadmin.com.pl\/download.php?d=install&amp;f=myadmin_install_2\">Instalator<\/a> | <a href=\"http:\/\/arch.megamo.pl\/s\/poradnik\/instalacja-kqs\/\" target=\"_blank\" rel=\"noopener\">Instrukcja instalacji<\/a><\/h3>\n<\/div>\n\n\t<div id=\"gap-1200775003\" class=\"gap-element clearfix\" style=\"display:block; height:auto;\">\n\t\t\n<style>\n#gap-1200775003 {\n  padding-top: 40px;\n}\n<\/style>\n\t<\/div>\n\t\n\n\n\n<div style=\"border-left: 4px #089de3 solid; padding-left: 20px\">\n<h2 style=\"color: #089de3;\">PrestaShop<\/h2><h3>1.8<\/h3><h3 style=\"font-weight: 500;\"><a href=\"http:\/\/service.myadmin.com.pl\/download.php?d=myadmin&amp;f=megamo_presta1.8.x_module-latest\">Modu\u0142 MEGAMO<\/a> (wersja 1.3.0) | <a href=\"http:\/\/arch.megamo.pl\/s\/poradnik\/myadmin\/dla-prestashop\/\" target=\"_blank\" rel=\"noopener\">Instrukcja instalacji<\/a><\/h3><h3>1.5 | 1.6 | 1.7<\/h3><h3 style=\"font-weight: 500;\"><a href=\"http:\/\/service.myadmin.com.pl\/download.php?d=myadmin&amp;f=megamo_presta1.5.x_1.6.x_1.7.x_module-latest\">Modu\u0142 MEGAMO<\/a> (wersja 1.1.0) | <a href=\"http:\/\/arch.megamo.pl\/s\/poradnik\/myadmin\/dla-prestashop\/\" target=\"_blank\" rel=\"noopener\">Instrukcja instalacji<\/a><\/h3><h3>1.4<\/h3><h3 style=\"font-weight: 500;\"><a href=\"http:\/\/service.myadmin.com.pl\/download.php?d=install&amp;f=myadmin_install_2\">Instalator<\/a><\/h3>\n<\/div>\n\n\t<div id=\"gap-46559762\" class=\"gap-element clearfix\" style=\"display:block; height:auto;\">\n\t\t\n<style>\n#gap-46559762 {\n  padding-top: 40px;\n}\n<\/style>\n\t<\/div>\n\t\n\n\n\n<div style=\"border-left: 4px #fe5e08 solid; padding-left: 20px\">\n<h2 style=\"color: #fe5e08;\">Gekosale<\/h2><h3 style=\"font-weight: 500;\"><a href=\"http:\/\/service.myadmin.com.pl\/download.php?d=install&amp;f=myadmin_install_2\">Instalator<\/a> | <a href=\"http:\/\/arch.megamo.pl\/s\/poradnik\/myadmin\/dla-gekosale\/\" target=\"_blank\" rel=\"noopener\">Instrukcja instalacji<\/a><\/h3>\n<\/div>\n\n\t<div id=\"gap-1578410721\" class=\"gap-element clearfix\" style=\"display:block; height:auto;\">\n\t\t\n<style>\n#gap-1578410721 {\n  padding-top: 40px;\n}\n<\/style>\n\t<\/div>\n\t\n\n\n\n<div style=\"border-left: 4px #089de3 solid; padding-left: 20px\">\n<h2 style=\"color: #089de3;\">ShopGold<\/h2><h3 style=\"font-weight: 500;\"><a href=\"http:\/\/service.myadmin.com.pl\/download.php?d=install&amp;f=myadmin_install_2\">Instalator<\/a> | <a href=\"http:\/\/arch.megamo.pl\/s\/poradnik\/myadmin\/dla-gekosale\/\" target=\"_blank\" rel=\"noopener\">Instrukcja instalacji<\/a><\/h3>\n<\/div>\n\n\t<div id=\"gap-1574134636\" class=\"gap-element clearfix\" style=\"display:block; height:auto;\">\n\t\t\n<style>\n#gap-1574134636 {\n  padding-top: 40px;\n}\n<\/style>\n\t<\/div>\n\t\n\n<h2>Dokumenty<\/h2>\n\n<h3 style=\"font-weight: 500;\"><a href=\"http:\/\/service.myadmin.com.pl\/download.php?d=licence&amp;f=licencja\">MyAdmin &#8211; Umowa Licencyjna<\/a><\/h3>\n\n\n\t\t<\/div>\n\t\t\t\t\t<\/div>\n\n\t\n\n\t<div id=\"col-1418856759\" class=\"col medium-6 small-12 large-6\"  >\n\t\t\t\t<div class=\"col-inner\"  >\n\t\t\t\n\t\t\t\n\n<h2>Wersja demonstracyjna<br \/>\n<\/h2>\n\n<p>Wi\u0119kszo\u015b\u0107 modu\u0142\u00f3w w pakiecie MyAdmin mo\u017cesz testowa\u0107 za darmo przez 10 dni. Instalacja nie wi\u0105\u017ce si\u0119 z \u017cadnymi op\u0142atami, a po zako\u0144czeniu okresu testowego aplikacja automatycznie si\u0119 wy\u0142\u0105czy lub prze\u0142\u0105czy na wersj\u0119 bezp\u0142atn\u0105.<\/p>\n<p>Tryb DEMO aktywuje si\u0119 automatycznie przy pierwszym uruchomieniu modu\u0142u.<\/p>\n<p>Uwaga: Niekt\u00f3re modu\u0142y, takie jak integracje sklepu z hurtowniami, wymagaj\u0105 profesjonalnego wdro\u017cenia. Dla tych modu\u0142\u00f3w oferujemy przygotowan\u0105 instancj\u0119 demonstracyjn\u0105 na naszym sklepie testowym.<\/p>\n\n\n\t\t<\/div>\n\t\t\t\t\t<\/div>\n\n\t\n\n<\/div>\n\n\t\t<\/div>\n\t\t\t\t\t<\/div>\n\n\t\n\n<\/div>\n\n\t\t<\/div>\n\n\t\t\n<style>\n#section_499365492 {\n  padding-top: 30px;\n  padding-bottom: 30px;\n}\n<\/style>\n\t<\/section>\n\t\n\t<div id=\"gap-198807869\" class=\"gap-element clearfix\" style=\"display:block; height:auto;\">\n\t\t\n<style>\n#gap-198807869 {\n  padding-top: 80px;\n}\n<\/style>\n\t<\/div>\n\t\n\n\n","protected":false},"excerpt":{"rendered":"","protected":false},"author":2,"featured_media":0,"parent":0,"menu_order":0,"comment_status":"closed","ping_status":"closed","template":"","meta":{"_lmt_disableupdate":"","_lmt_disable":"","footnotes":""},"yoast_head":"<!-- This site is optimized with the Yoast SEO Premium plugin v21.8 (Yoast SEO v23.5) - https:\/\/yoast.com\/wordpress\/plugins\/seo\/ -->\n<title>Aplikacja MyAdmin<\/title>\n<meta name=\"description\" content=\"Posiadasz sklep KQS, PrestaShop, Gekosale lub ShopGold? W ramach poprawnego dzia\u0142ania integracji, nale\u017cy zainstalowa\u0107 nasz\u0105 aplikacj\u0119.\" \/>\n<meta name=\"robots\" content=\"index, follow, max-snippet:-1, max-image-preview:large, max-video-preview:-1\" \/>\n<link rel=\"canonical\" href=\"https:\/\/megamo.eu\/pl\/aplikacja-myadmin\/\" \/>\n<meta property=\"og:locale\" content=\"pl_PL\" \/>\n<meta property=\"og:type\" content=\"article\" \/>\n<meta property=\"og:title\" content=\"Aplikacja MyAdmin\" \/>\n<meta property=\"og:description\" content=\"Posiadasz sklep KQS, PrestaShop, Gekosale lub ShopGold? W ramach poprawnego dzia\u0142ania integracji, nale\u017cy zainstalowa\u0107 nasz\u0105 aplikacj\u0119.\" \/>\n<meta property=\"og:url\" content=\"https:\/\/megamo.eu\/pl\/aplikacja-myadmin\/\" \/>\n<meta property=\"og:site_name\" content=\"megamo.eu\" \/>\n<meta property=\"article:publisher\" content=\"https:\/\/www.facebook.com\/megamoeu\" \/>\n<meta name=\"twitter:card\" content=\"summary_large_image\" \/>\n<script type=\"application\/ld+json\" class=\"yoast-schema-graph\">{\"@context\":\"https:\/\/schema.org\",\"@graph\":[{\"@type\":\"WebPage\",\"@id\":\"https:\/\/megamo.eu\/pl\/aplikacja-myadmin\/\",\"url\":\"https:\/\/megamo.eu\/pl\/aplikacja-myadmin\/\",\"name\":\"Aplikacja MyAdmin\",\"isPartOf\":{\"@id\":\"https:\/\/megamo.eu\/pl\/#website\"},\"datePublished\":\"2024-05-29T12:58:18+00:00\",\"dateModified\":\"2024-05-29T12:58:18+00:00\",\"description\":\"Posiadasz sklep KQS, PrestaShop, Gekosale lub ShopGold? W ramach poprawnego dzia\u0142ania integracji, nale\u017cy zainstalowa\u0107 nasz\u0105 aplikacj\u0119.\",\"breadcrumb\":{\"@id\":\"https:\/\/megamo.eu\/pl\/aplikacja-myadmin\/#breadcrumb\"},\"inLanguage\":\"pl-PL\",\"potentialAction\":[{\"@type\":\"ReadAction\",\"target\":[\"https:\/\/megamo.eu\/pl\/aplikacja-myadmin\/\"]}]},{\"@type\":\"BreadcrumbList\",\"@id\":\"https:\/\/megamo.eu\/pl\/aplikacja-myadmin\/#breadcrumb\",\"itemListElement\":[{\"@type\":\"ListItem\",\"position\":1,\"name\":\"Home\",\"item\":\"https:\/\/megamo.eu\/pl\/\"},{\"@type\":\"ListItem\",\"position\":2,\"name\":\"Aplikacja MyAdmin\"}]},{\"@type\":\"WebSite\",\"@id\":\"https:\/\/megamo.eu\/pl\/#website\",\"url\":\"https:\/\/megamo.eu\/pl\/\",\"name\":\"megamo.eu\",\"description\":\"megamo.eu\",\"publisher\":{\"@id\":\"https:\/\/megamo.eu\/pl\/#organization\"},\"potentialAction\":[{\"@type\":\"SearchAction\",\"target\":{\"@type\":\"EntryPoint\",\"urlTemplate\":\"https:\/\/megamo.eu\/pl\/?s={search_term_string}\"},\"query-input\":{\"@type\":\"PropertyValueSpecification\",\"valueRequired\":true,\"valueName\":\"search_term_string\"}}],\"inLanguage\":\"pl-PL\"},{\"@type\":\"Organization\",\"@id\":\"https:\/\/megamo.eu\/pl\/#organization\",\"name\":\"Megamo\",\"alternateName\":\"mgo\",\"url\":\"https:\/\/megamo.eu\/pl\/\",\"logo\":{\"@type\":\"ImageObject\",\"inLanguage\":\"pl-PL\",\"@id\":\"https:\/\/megamo.eu\/pl\/#\/schema\/logo\/image\/\",\"url\":\"https:\/\/megamo.eu\/wp-content\/uploads\/2024\/02\/logo_small.png\",\"contentUrl\":\"https:\/\/megamo.eu\/wp-content\/uploads\/2024\/02\/logo_small.png\",\"width\":300,\"height\":113,\"caption\":\"Megamo\"},\"image\":{\"@id\":\"https:\/\/megamo.eu\/pl\/#\/schema\/logo\/image\/\"},\"sameAs\":[\"https:\/\/www.facebook.com\/megamoeu\",\"https:\/\/www.youtube.com\/@Megamo_en\"]}]}<\/script>\n<!-- \/ Yoast SEO Premium plugin. -->","yoast_head_json":{"title":"Aplikacja MyAdmin","description":"Posiadasz sklep KQS, PrestaShop, Gekosale lub ShopGold? W ramach poprawnego dzia\u0142ania integracji, nale\u017cy zainstalowa\u0107 nasz\u0105 aplikacj\u0119.","robots":{"index":"index","follow":"follow","max-snippet":"max-snippet:-1","max-image-preview":"max-image-preview:large","max-video-preview":"max-video-preview:-1"},"canonical":"https:\/\/megamo.eu\/pl\/aplikacja-myadmin\/","og_locale":"pl_PL","og_type":"article","og_title":"Aplikacja MyAdmin","og_description":"Posiadasz sklep KQS, PrestaShop, Gekosale lub ShopGold? W ramach poprawnego dzia\u0142ania integracji, nale\u017cy zainstalowa\u0107 nasz\u0105 aplikacj\u0119.","og_url":"https:\/\/megamo.eu\/pl\/aplikacja-myadmin\/","og_site_name":"megamo.eu","article_publisher":"https:\/\/www.facebook.com\/megamoeu","twitter_card":"summary_large_image","schema":{"@context":"https:\/\/schema.org","@graph":[{"@type":"WebPage","@id":"https:\/\/megamo.eu\/pl\/aplikacja-myadmin\/","url":"https:\/\/megamo.eu\/pl\/aplikacja-myadmin\/","name":"Aplikacja MyAdmin","isPartOf":{"@id":"https:\/\/megamo.eu\/pl\/#website"},"datePublished":"2024-05-29T12:58:18+00:00","dateModified":"2024-05-29T12:58:18+00:00","description":"Posiadasz sklep KQS, PrestaShop, Gekosale lub ShopGold? W ramach poprawnego dzia\u0142ania integracji, nale\u017cy zainstalowa\u0107 nasz\u0105 aplikacj\u0119.","breadcrumb":{"@id":"https:\/\/megamo.eu\/pl\/aplikacja-myadmin\/#breadcrumb"},"inLanguage":"pl-PL","potentialAction":[{"@type":"ReadAction","target":["https:\/\/megamo.eu\/pl\/aplikacja-myadmin\/"]}]},{"@type":"BreadcrumbList","@id":"https:\/\/megamo.eu\/pl\/aplikacja-myadmin\/#breadcrumb","itemListElement":[{"@type":"ListItem","position":1,"name":"Home","item":"https:\/\/megamo.eu\/pl\/"},{"@type":"ListItem","position":2,"name":"Aplikacja MyAdmin"}]},{"@type":"WebSite","@id":"https:\/\/megamo.eu\/pl\/#website","url":"https:\/\/megamo.eu\/pl\/","name":"megamo.eu","description":"megamo.eu","publisher":{"@id":"https:\/\/megamo.eu\/pl\/#organization"},"potentialAction":[{"@type":"SearchAction","target":{"@type":"EntryPoint","urlTemplate":"https:\/\/megamo.eu\/pl\/?s={search_term_string}"},"query-input":{"@type":"PropertyValueSpecification","valueRequired":true,"valueName":"search_term_string"}}],"inLanguage":"pl-PL"},{"@type":"Organization","@id":"https:\/\/megamo.eu\/pl\/#organization","name":"Megamo","alternateName":"mgo","url":"https:\/\/megamo.eu\/pl\/","logo":{"@type":"ImageObject","inLanguage":"pl-PL","@id":"https:\/\/megamo.eu\/pl\/#\/schema\/logo\/image\/","url":"https:\/\/megamo.eu\/wp-content\/uploads\/2024\/02\/logo_small.png","contentUrl":"https:\/\/megamo.eu\/wp-content\/uploads\/2024\/02\/logo_small.png","width":300,"height":113,"caption":"Megamo"},"image":{"@id":"https:\/\/megamo.eu\/pl\/#\/schema\/logo\/image\/"},"sameAs":["https:\/\/www.facebook.com\/megamoeu","https:\/\/www.youtube.com\/@Megamo_en"]}]}},"_links":{"self":[{"href":"https:\/\/megamo.eu\/pl\/wp-json\/wp\/v2\/pages\/3474"}],"collection":[{"href":"https:\/\/megamo.eu\/pl\/wp-json\/wp\/v2\/pages"}],"about":[{"href":"https:\/\/megamo.eu\/pl\/wp-json\/wp\/v2\/types\/page"}],"author":[{"embeddable":true,"href":"https:\/\/megamo.eu\/pl\/wp-json\/wp\/v2\/users\/2"}],"replies":[{"embeddable":true,"href":"https:\/\/megamo.eu\/pl\/wp-json\/wp\/v2\/comments?post=3474"}],"version-history":[{"count":2,"href":"https:\/\/megamo.eu\/pl\/wp-json\/wp\/v2\/pages\/3474\/revisions"}],"predecessor-version":[{"id":3476,"href":"https:\/\/megamo.eu\/pl\/wp-json\/wp\/v2\/pages\/3474\/revisions\/3476"}],"wp:attachment":[{"href":"https:\/\/megamo.eu\/pl\/wp-json\/wp\/v2\/media?parent=3474"}],"curies":[{"name":"wp","href":"https:\/\/api.w.org\/{rel}","templated":true}]}}