{"id":3448,"date":"2024-05-29T14:58:30","date_gmt":"2024-05-29T12:58:30","guid":{"rendered":"https:\/\/megamo.eu\/?page_id=3448"},"modified":"2024-06-24T09:56:28","modified_gmt":"2024-06-24T07:56:28","slug":"integracja-kqs-z-edrone","status":"publish","type":"page","link":"https:\/\/megamo.eu\/pl\/integracja-kqs-z-edrone\/","title":{"rendered":"Integracja KQS z edrone"},"content":{"rendered":"\n\t<div id=\"gap-858558773\" class=\"gap-element clearfix\" style=\"display:block; height:auto;\">\n\t\t\n<style>\n#gap-858558773 {\n  padding-top: 60px;\n}\n<\/style>\n\t<\/div>\n\t\n\n\t<section class=\"section\" id=\"section_2130291387\">\n\t\t<div class=\"bg section-bg fill bg-fill  bg-loaded\" >\n\n\t\t\t\n\t\t\t\n\t\t\t\n\n\t\t<\/div>\n\n\t\t\n\n\t\t<div class=\"section-content relative\">\n\t\t\t\n\n<div class=\"row align-middle\"  id=\"row-1168897705\">\n\n\n\t<div id=\"col-983096030\" class=\"col medium-6 small-12 large-6\"  >\n\t\t\t\t<div class=\"col-inner\"  >\n\t\t\t\n\t\t\t\n\n\t<div id=\"text-3105456794\" class=\"text\">\n\t\t\n\n<h1>Integracja KQS z edrone<br \/>\n<\/h1>\n\t\t\n<style>\n#text-3105456794 {\n  font-size: 1.3rem;\n  text-align: center;\n}\n@media (min-width:550px) {\n  #text-3105456794 {\n    text-align: left;\n  }\n}\n<\/style>\n\t<\/div>\n\t\n\t<div id=\"text-3986749650\" class=\"text\">\n\t\t\n\n<p><b>KQS + Marketing Automation od edrone<\/b><\/p>\n\t\t\n<style>\n#text-3986749650 {\n  font-size: 1.1rem;\n  text-align: center;\n  color: rgb(254, 94, 8);\n}\n#text-3986749650 > * {\n  color: rgb(254, 94, 8);\n}\n@media (min-width:550px) {\n  #text-3986749650 {\n    text-align: left;\n  }\n}\n<\/style>\n\t<\/div>\n\t\n\t<div id=\"text-883879885\" class=\"text\">\n\t\t\n\n<p>Martwisz si\u0119, \u017ce nie wykorzystujesz w pe\u0142ni potencja\u0142u swojej firmy i tracisz kontakt z klientami?<\/p>\n<p>Podnie\u015b swoje zyski, integruj\u0105c Tw\u00f3j sklep KQS z systemem Marketing Automation od edrone.<\/p>\n<p>Automatycznie wysy\u0142aj wiadomo\u015bci, zwi\u0119kszaj konwersje z ka\u017cdej wizyty w sklepie. Buduj swoj\u0105 baz\u0119 subskrybent\u00f3w i piel\u0119gnuj z nimi relacje poprzez osobiste rekomendacje produkt\u00f3w. Zacznij odzyskiwa\u0107 porzucone koszyki ju\u017c dzi\u015b!<\/p>\n\t\t\n<style>\n#text-883879885 {\n  text-align: center;\n}\n@media (min-width:550px) {\n  #text-883879885 {\n    text-align: left;\n  }\n}\n<\/style>\n\t<\/div>\n\t\n\n\t\t<\/div>\n\t\t\t\t\t<\/div>\n\n\t\n\n\t<div id=\"col-1842419553\" class=\"col medium-6 small-12 large-6 small-col-first\"  >\n\t\t\t\t<div class=\"col-inner\"  >\n\t\t\t\n\t\t\t\n\n\t<div class=\"img has-hover x md-x lg-x y md-y lg-y\" id=\"image_966890206\">\n\t\t\t\t\t\t\t\t<div class=\"img-inner dark\" >\n\t\t\t<img loading=\"lazy\" decoding=\"async\" width=\"700\" height=\"467\" src=\"https:\/\/megamo.eu\/wp-content\/uploads\/2024\/04\/kqs_edrone.webp\" class=\"attachment-original size-original\" alt=\"Integracja kqs + edrone\" srcset=\"https:\/\/megamo.eu\/wp-content\/uploads\/2024\/04\/kqs_edrone.webp 700w, https:\/\/megamo.eu\/wp-content\/uploads\/2024\/04\/kqs_edrone-600x400.webp 600w\" sizes=\"(max-width: 700px) 100vw, 700px\" \/>\t\t\t\t\t\t\n\t\t\t\t\t<\/div>\n\t\t\t\t\t\t\t\t\n<style>\n#image_966890206 {\n  width: 100%;\n}\n<\/style>\n\t<\/div>\n\t\n\n\n\t\t<\/div>\n\t\t\t\t\t<\/div>\n\n\t\n\n<\/div>\n\n\t\t<\/div>\n\n\t\t\n<style>\n#section_2130291387 {\n  padding-top: 30px;\n  padding-bottom: 30px;\n}\n<\/style>\n\t<\/section>\n\t\n\t<section class=\"section\" id=\"section_2137848391\">\n\t\t<div class=\"bg section-bg fill bg-fill  bg-loaded\" >\n\n\t\t\t\n\t\t\t\n\t\t\t\n\n\t\t<\/div>\n\n\t\t\n\n\t\t<div class=\"section-content relative\">\n\t\t\t\n\n<div class=\"row align-middle\"  id=\"row-484845091\">\n\n\n\t<div id=\"col-456773370\" class=\"col medium-6 small-12 large-6 small-col-first\"  >\n\t\t\t\t<div class=\"col-inner\"  >\n\t\t\t\n\t\t\t\n\n\t<div id=\"text-334727454\" class=\"text\">\n\t\t\n\n<h2>NASZA ROLA -> INTEGRACJA<\/h2>\n\t\t\n<style>\n#text-334727454 {\n  font-size: 1.2rem;\n}\n<\/style>\n\t<\/div>\n\t\n\t<div id=\"text-3759868360\" class=\"text\">\n\t\t\n\n<p style=\"font-weight: 600\">Nasz plugin s\u0142u\u017cy jako po\u015brednik mi\u0119dzy KQS a edrone, przesy\u0142aj\u0105c tzw. eventy, kt\u00f3re zawieraj\u0105 szczeg\u00f3\u0142owe dane, takie jak linki, nazwy, zdj\u0119cia itd., a tak\u017ce informacje o produktach dodanych do koszyka przez u\u017cytkownik\u00f3w sklepu.<\/p>\n\t\t\n<style>\n#text-3759868360 {\n  font-size: 1.2rem;\n  text-align: center;\n}\n@media (min-width:550px) {\n  #text-3759868360 {\n    text-align: left;\n  }\n}\n<\/style>\n\t<\/div>\n\t\n<p>Dane, kt\u00f3re przekazujemy do edrone, mog\u0105 by\u0107 wykorzystywane w dalszych dzia\u0142aniach marketingowych. Integracja KQS z edrone otwiera nowe mo\u017cliwo\u015bci, u\u0142atwiaj\u0105c zarz\u0105dzanie komunikacj\u0105 z klientami i codzienn\u0105 prac\u0119.<\/p>\n\n\t\t<\/div>\n\t\t\t\t\t<\/div>\n\n\t\n\n\t<div id=\"col-1833145656\" class=\"col medium-6 small-12 large-6\"  >\n\t\t\t\t<div class=\"col-inner\"  >\n\t\t\t\n\t\t\t\n\n\t<div id=\"text-2329459369\" class=\"text\">\n\t\t\n\n<h2>Jak to dzia\u0142a?<\/h2>\n\t\t\n<style>\n#text-2329459369 {\n  color: rgb(254, 94, 8);\n}\n#text-2329459369 > * {\n  color: rgb(254, 94, 8);\n}\n<\/style>\n\t<\/div>\n\t\n<ol>\n<li>Nasz plugin zapewnia, \u017ce dane z Twojego sklepu s\u0105 regularnie przesy\u0142ane do edrone. W przypadku wprowadzenia przez Ciebie jakichkolwiek zmian, plugin natychmiast aktualizuje te informacje, aby zapewni\u0107 ich aktualno\u015b\u0107.<\/li>\n<li>Po stronie edrone, dedykowany opiekun klienta wykorzystuje zgromadzone dane, aby zebra\u0107 Twoje wymagania biznesowe i efektywnie je realizowa\u0107.<\/li>\n<\/ol>\n\n\t\t<\/div>\n\t\t\t\t\t<\/div>\n\n\t\n\n<\/div>\n<div class=\"row\"  id=\"row-1299530072\">\n\n\n\t<div id=\"col-1566164728\" class=\"col small-12 large-12\"  >\n\t\t\t\t<div class=\"col-inner text-center\"  >\n\t\t\t\n\t\t\t\n\n<p><b>Nie czekaj, po\u0142\u0105cz sw\u00f3j sklep KQS z edrone!<\/b><\/p>\n<a href=\"#contact-form\" class=\"button primary\"  >\n    <span>Napisz do nas<\/span>\n  <\/a>\n\n\n\n\t\t<\/div>\n\t\t\t\t\t<\/div>\n\n\t\n\n<\/div>\n\n\t\t<\/div>\n\n\t\t\n<style>\n#section_2137848391 {\n  padding-top: 30px;\n  padding-bottom: 30px;\n  background-color: rgb(255, 239, 230);\n}\n<\/style>\n\t<\/section>\n\t\n\n","protected":false},"excerpt":{"rendered":"","protected":false},"author":2,"featured_media":0,"parent":0,"menu_order":0,"comment_status":"closed","ping_status":"closed","template":"","meta":{"_lmt_disableupdate":"","_lmt_disable":"","footnotes":""},"yoast_head":"<!-- This site is optimized with the Yoast SEO Premium plugin v21.8 (Yoast SEO v23.5) - https:\/\/yoast.com\/wordpress\/plugins\/seo\/ -->\n<title>Integracja KQS z edrone<\/title>\n<meta name=\"description\" content=\"Podnie\u015b swoje zyski, integruj\u0105c Tw\u00f3j sklep KQS z systemem Marketing Automation od edrone.\" \/>\n<meta name=\"robots\" content=\"index, follow, max-snippet:-1, max-image-preview:large, max-video-preview:-1\" \/>\n<link rel=\"canonical\" href=\"https:\/\/megamo.eu\/pl\/integracja-kqs-z-edrone\/\" \/>\n<meta property=\"og:locale\" content=\"pl_PL\" \/>\n<meta property=\"og:type\" content=\"article\" \/>\n<meta property=\"og:title\" content=\"Integracja KQS z edrone\" \/>\n<meta property=\"og:description\" content=\"Podnie\u015b swoje zyski, integruj\u0105c Tw\u00f3j sklep KQS z systemem Marketing Automation od edrone.\" \/>\n<meta property=\"og:url\" content=\"https:\/\/megamo.eu\/pl\/integracja-kqs-z-edrone\/\" \/>\n<meta property=\"og:site_name\" content=\"megamo.eu\" \/>\n<meta property=\"article:publisher\" content=\"https:\/\/www.facebook.com\/megamoeu\" \/>\n<meta property=\"article:modified_time\" content=\"2024-06-24T07:56:28+00:00\" \/>\n<meta name=\"twitter:card\" content=\"summary_large_image\" \/>\n<meta name=\"twitter:label1\" content=\"Szacowany czas czytania\" \/>\n\t<meta name=\"twitter:data1\" content=\"2 minuty\" \/>\n<script type=\"application\/ld+json\" class=\"yoast-schema-graph\">{\"@context\":\"https:\/\/schema.org\",\"@graph\":[{\"@type\":\"WebPage\",\"@id\":\"https:\/\/megamo.eu\/pl\/integracja-kqs-z-edrone\/\",\"url\":\"https:\/\/megamo.eu\/pl\/integracja-kqs-z-edrone\/\",\"name\":\"Integracja KQS z edrone\",\"isPartOf\":{\"@id\":\"https:\/\/megamo.eu\/pl\/#website\"},\"datePublished\":\"2024-05-29T12:58:30+00:00\",\"dateModified\":\"2024-06-24T07:56:28+00:00\",\"description\":\"Podnie\u015b swoje zyski, integruj\u0105c Tw\u00f3j sklep KQS z systemem Marketing Automation od edrone.\",\"breadcrumb\":{\"@id\":\"https:\/\/megamo.eu\/pl\/integracja-kqs-z-edrone\/#breadcrumb\"},\"inLanguage\":\"pl-PL\",\"potentialAction\":[{\"@type\":\"ReadAction\",\"target\":[\"https:\/\/megamo.eu\/pl\/integracja-kqs-z-edrone\/\"]}]},{\"@type\":\"BreadcrumbList\",\"@id\":\"https:\/\/megamo.eu\/pl\/integracja-kqs-z-edrone\/#breadcrumb\",\"itemListElement\":[{\"@type\":\"ListItem\",\"position\":1,\"name\":\"Home\",\"item\":\"https:\/\/megamo.eu\/pl\/\"},{\"@type\":\"ListItem\",\"position\":2,\"name\":\"Integracja KQS z edrone\"}]},{\"@type\":\"WebSite\",\"@id\":\"https:\/\/megamo.eu\/pl\/#website\",\"url\":\"https:\/\/megamo.eu\/pl\/\",\"name\":\"megamo.eu\",\"description\":\"megamo.eu\",\"publisher\":{\"@id\":\"https:\/\/megamo.eu\/pl\/#organization\"},\"potentialAction\":[{\"@type\":\"SearchAction\",\"target\":{\"@type\":\"EntryPoint\",\"urlTemplate\":\"https:\/\/megamo.eu\/pl\/?s={search_term_string}\"},\"query-input\":{\"@type\":\"PropertyValueSpecification\",\"valueRequired\":true,\"valueName\":\"search_term_string\"}}],\"inLanguage\":\"pl-PL\"},{\"@type\":\"Organization\",\"@id\":\"https:\/\/megamo.eu\/pl\/#organization\",\"name\":\"Megamo\",\"alternateName\":\"mgo\",\"url\":\"https:\/\/megamo.eu\/pl\/\",\"logo\":{\"@type\":\"ImageObject\",\"inLanguage\":\"pl-PL\",\"@id\":\"https:\/\/megamo.eu\/pl\/#\/schema\/logo\/image\/\",\"url\":\"https:\/\/megamo.eu\/wp-content\/uploads\/2024\/02\/logo_small.png\",\"contentUrl\":\"https:\/\/megamo.eu\/wp-content\/uploads\/2024\/02\/logo_small.png\",\"width\":300,\"height\":113,\"caption\":\"Megamo\"},\"image\":{\"@id\":\"https:\/\/megamo.eu\/pl\/#\/schema\/logo\/image\/\"},\"sameAs\":[\"https:\/\/www.facebook.com\/megamoeu\",\"https:\/\/www.youtube.com\/@Megamo_en\"]}]}<\/script>\n<!-- \/ Yoast SEO Premium plugin. -->","yoast_head_json":{"title":"Integracja KQS z edrone","description":"Podnie\u015b swoje zyski, integruj\u0105c Tw\u00f3j sklep KQS z systemem Marketing Automation od edrone.","robots":{"index":"index","follow":"follow","max-snippet":"max-snippet:-1","max-image-preview":"max-image-preview:large","max-video-preview":"max-video-preview:-1"},"canonical":"https:\/\/megamo.eu\/pl\/integracja-kqs-z-edrone\/","og_locale":"pl_PL","og_type":"article","og_title":"Integracja KQS z edrone","og_description":"Podnie\u015b swoje zyski, integruj\u0105c Tw\u00f3j sklep KQS z systemem Marketing Automation od edrone.","og_url":"https:\/\/megamo.eu\/pl\/integracja-kqs-z-edrone\/","og_site_name":"megamo.eu","article_publisher":"https:\/\/www.facebook.com\/megamoeu","article_modified_time":"2024-06-24T07:56:28+00:00","twitter_card":"summary_large_image","twitter_misc":{"Szacowany czas czytania":"2 minuty"},"schema":{"@context":"https:\/\/schema.org","@graph":[{"@type":"WebPage","@id":"https:\/\/megamo.eu\/pl\/integracja-kqs-z-edrone\/","url":"https:\/\/megamo.eu\/pl\/integracja-kqs-z-edrone\/","name":"Integracja KQS z edrone","isPartOf":{"@id":"https:\/\/megamo.eu\/pl\/#website"},"datePublished":"2024-05-29T12:58:30+00:00","dateModified":"2024-06-24T07:56:28+00:00","description":"Podnie\u015b swoje zyski, integruj\u0105c Tw\u00f3j sklep KQS z systemem Marketing Automation od edrone.","breadcrumb":{"@id":"https:\/\/megamo.eu\/pl\/integracja-kqs-z-edrone\/#breadcrumb"},"inLanguage":"pl-PL","potentialAction":[{"@type":"ReadAction","target":["https:\/\/megamo.eu\/pl\/integracja-kqs-z-edrone\/"]}]},{"@type":"BreadcrumbList","@id":"https:\/\/megamo.eu\/pl\/integracja-kqs-z-edrone\/#breadcrumb","itemListElement":[{"@type":"ListItem","position":1,"name":"Home","item":"https:\/\/megamo.eu\/pl\/"},{"@type":"ListItem","position":2,"name":"Integracja KQS z edrone"}]},{"@type":"WebSite","@id":"https:\/\/megamo.eu\/pl\/#website","url":"https:\/\/megamo.eu\/pl\/","name":"megamo.eu","description":"megamo.eu","publisher":{"@id":"https:\/\/megamo.eu\/pl\/#organization"},"potentialAction":[{"@type":"SearchAction","target":{"@type":"EntryPoint","urlTemplate":"https:\/\/megamo.eu\/pl\/?s={search_term_string}"},"query-input":{"@type":"PropertyValueSpecification","valueRequired":true,"valueName":"search_term_string"}}],"inLanguage":"pl-PL"},{"@type":"Organization","@id":"https:\/\/megamo.eu\/pl\/#organization","name":"Megamo","alternateName":"mgo","url":"https:\/\/megamo.eu\/pl\/","logo":{"@type":"ImageObject","inLanguage":"pl-PL","@id":"https:\/\/megamo.eu\/pl\/#\/schema\/logo\/image\/","url":"https:\/\/megamo.eu\/wp-content\/uploads\/2024\/02\/logo_small.png","contentUrl":"https:\/\/megamo.eu\/wp-content\/uploads\/2024\/02\/logo_small.png","width":300,"height":113,"caption":"Megamo"},"image":{"@id":"https:\/\/megamo.eu\/pl\/#\/schema\/logo\/image\/"},"sameAs":["https:\/\/www.facebook.com\/megamoeu","https:\/\/www.youtube.com\/@Megamo_en"]}]}},"_links":{"self":[{"href":"https:\/\/megamo.eu\/pl\/wp-json\/wp\/v2\/pages\/3448"}],"collection":[{"href":"https:\/\/megamo.eu\/pl\/wp-json\/wp\/v2\/pages"}],"about":[{"href":"https:\/\/megamo.eu\/pl\/wp-json\/wp\/v2\/types\/page"}],"author":[{"embeddable":true,"href":"https:\/\/megamo.eu\/pl\/wp-json\/wp\/v2\/users\/2"}],"replies":[{"embeddable":true,"href":"https:\/\/megamo.eu\/pl\/wp-json\/wp\/v2\/comments?post=3448"}],"version-history":[{"count":3,"href":"https:\/\/megamo.eu\/pl\/wp-json\/wp\/v2\/pages\/3448\/revisions"}],"predecessor-version":[{"id":3871,"href":"https:\/\/megamo.eu\/pl\/wp-json\/wp\/v2\/pages\/3448\/revisions\/3871"}],"wp:attachment":[{"href":"https:\/\/megamo.eu\/pl\/wp-json\/wp\/v2\/media?parent=3448"}],"curies":[{"name":"wp","href":"https:\/\/api.w.org\/{rel}","templated":true}]}}