{"id":3002,"date":"2024-03-11T10:29:39","date_gmt":"2024-03-11T09:29:39","guid":{"rendered":"https:\/\/megamo.eu\/thank-you-for-placing-your-order\/"},"modified":"2025-08-05T12:48:34","modified_gmt":"2025-08-05T10:48:34","slug":"dziekujemy-za-zlozenie-zamowienia","status":"publish","type":"page","link":"https:\/\/megamo.eu\/pl\/dziekujemy-za-zlozenie-zamowienia\/","title":{"rendered":"Dzi\u0119kujemy za z\u0142o\u017cenie zam\u00f3wienia"},"content":{"rendered":"\n\t<div id=\"gap-1977269916\" class=\"gap-element clearfix\" style=\"display:block; height:auto;\">\n\t\t\n<style>\n#gap-1977269916 {\n  padding-top: 60px;\n}\n<\/style>\n\t<\/div>\n\t\n\n\t<section class=\"section\" id=\"section_428191663\">\n\t\t<div class=\"bg section-bg fill bg-fill  bg-loaded\" >\n\n\t\t\t\n\t\t\t\n\t\t\t\n\n\t\t<\/div>\n\n\t\t\n\n\t\t<div class=\"section-content relative\">\n\t\t\t\n\n<div class=\"row\"  id=\"row-603723807\">\n\n\n\t<div id=\"col-1436366431\" class=\"col small-12 large-12\"  >\n\t\t\t\t<div class=\"col-inner\"  >\n\t\t\t\n\t\t\t\n\n\t<div id=\"text-50252038\" class=\"text\">\n\t\t\n\n<h1>Dzi\u0119kujemy za z\u0142o\u017cenie zam\u00f3wienia!<\/h1>\n\n\t\t\n<style>\n#text-50252038 {\n  font-size: 1.3rem;\n  text-align: center;\n}\n<\/style>\n\t<\/div>\n\t\n\t<div id=\"gap-1862716346\" class=\"gap-element clearfix\" style=\"display:block; height:auto;\">\n\t\t\n<style>\n#gap-1862716346 {\n  padding-top: 30px;\n}\n<\/style>\n\t<\/div>\n\t\n\n\n\t\t<\/div>\n\t\t\t\t\t<\/div>\n\n\t\n\n<\/div>\n<div class=\"row\"  id=\"row-1373491830\">\n\n\n\t<div id=\"col-1005390660\" class=\"col small-12 large-12\"  >\n\t\t\t\t<div class=\"col-inner\" style=\"background-color:rgb(223, 240, 216);\" >\n\t\t\t\n\t<div class=\"is-border\"\n\t\tstyle=\"border-color:rgb(208, 233, 198);border-width:1px 1px 1px 1px;\">\n\t<\/div>\n\t\t\t\n\n\t<div id=\"text-321287115\" class=\"text\">\n\t\t\n\n<h2 class=\"uppercase\"><strong>Wszystko gotowe!<\/strong><\/h2>\n<h3>Dzi\u0119kujemy za zaufanie<\/h3>\n<p>P\u0142atno\u015b\u0107 zosta\u0142a zaakceptowana. Potwierdzenie p\u0142atno\u015bci zostanie wys\u0142ane na podany adres e-mail.<\/p>\n<p>Jak tylko p\u0142atno\u015b\u0107 zostanie zaksi\u0119gowana, rozpoczniemy prac\u0119 nad zam\u00f3wieniem.<\/p>\n\n\t\t\n<style>\n#text-321287115 {\n  color: rgb(60, 118, 61);\n}\n#text-321287115 > * {\n  color: rgb(60, 118, 61);\n}\n<\/style>\n\t<\/div>\n\t\n\n\t\t<\/div>\n\t\t\t\t\n<style>\n#col-1005390660 > .col-inner {\n  padding: 40px 40px 40px 40px;\n}\n<\/style>\n\t<\/div>\n\n\t\n\n<\/div>\n\n\t\t<\/div>\n\n\t\t\n<style>\n#section_428191663 {\n  padding-top: 30px;\n  padding-bottom: 30px;\n}\n<\/style>\n\t<\/section>\n\t\n\t<div id=\"gap-799206760\" class=\"gap-element clearfix\" style=\"display:block; height:auto;\">\n\t\t\n<style>\n#gap-799206760 {\n  padding-top: 60px;\n}\n<\/style>\n\t<\/div>\n\t\n\n\n","protected":false},"excerpt":{"rendered":"","protected":false},"author":2,"featured_media":0,"parent":0,"menu_order":0,"comment_status":"closed","ping_status":"closed","template":"","meta":{"_lmt_disableupdate":"","_lmt_disable":"","footnotes":""},"yoast_head":"<!-- This site is optimized with the Yoast SEO Premium plugin v21.8 (Yoast SEO v23.5) - https:\/\/yoast.com\/wordpress\/plugins\/seo\/ -->\n<title>Dzi\u0119kujemy za z\u0142o\u017cenie zam\u00f3wienia<\/title>\n<meta name=\"description\" content=\"Dzi\u0119kujemy za zam\u00f3wienie! Cieszymy si\u0119, \u017ce mamy ci\u0119 na pok\u0142adzie. Masz pytania? Nasz zesp\u00f3\u0142 wsparcia jest tutaj, aby pom\u00f3c!\" \/>\n<meta name=\"robots\" content=\"index, follow, max-snippet:-1, max-image-preview:large, max-video-preview:-1\" \/>\n<link rel=\"canonical\" href=\"https:\/\/megamo.eu\/pl\/dziekujemy-za-zlozenie-zamowienia\/\" \/>\n<meta property=\"og:locale\" content=\"pl_PL\" \/>\n<meta property=\"og:type\" content=\"article\" \/>\n<meta property=\"og:title\" content=\"Dzi\u0119kujemy za z\u0142o\u017cenie zam\u00f3wienia\" \/>\n<meta property=\"og:description\" content=\"Dzi\u0119kujemy za zam\u00f3wienie! Cieszymy si\u0119, \u017ce mamy ci\u0119 na pok\u0142adzie. Masz pytania? Nasz zesp\u00f3\u0142 wsparcia jest tutaj, aby pom\u00f3c!\" \/>\n<meta property=\"og:url\" content=\"https:\/\/megamo.eu\/pl\/dziekujemy-za-zlozenie-zamowienia\/\" \/>\n<meta property=\"og:site_name\" content=\"megamo.eu\" \/>\n<meta property=\"article:publisher\" content=\"https:\/\/www.facebook.com\/megamoeu\" \/>\n<meta property=\"article:modified_time\" content=\"2025-08-05T10:48:34+00:00\" \/>\n<meta name=\"twitter:card\" content=\"summary_large_image\" \/>\n<meta name=\"twitter:label1\" content=\"Szacowany czas czytania\" \/>\n\t<meta name=\"twitter:data1\" content=\"1 minuta\" \/>\n<script type=\"application\/ld+json\" class=\"yoast-schema-graph\">{\"@context\":\"https:\/\/schema.org\",\"@graph\":[{\"@type\":\"WebPage\",\"@id\":\"https:\/\/megamo.eu\/pl\/dziekujemy-za-zlozenie-zamowienia\/\",\"url\":\"https:\/\/megamo.eu\/pl\/dziekujemy-za-zlozenie-zamowienia\/\",\"name\":\"Dzi\u0119kujemy za z\u0142o\u017cenie zam\u00f3wienia\",\"isPartOf\":{\"@id\":\"https:\/\/megamo.eu\/pl\/#website\"},\"datePublished\":\"2024-03-11T09:29:39+00:00\",\"dateModified\":\"2025-08-05T10:48:34+00:00\",\"description\":\"Dzi\u0119kujemy za zam\u00f3wienie! Cieszymy si\u0119, \u017ce mamy ci\u0119 na pok\u0142adzie. Masz pytania? Nasz zesp\u00f3\u0142 wsparcia jest tutaj, aby pom\u00f3c!\",\"breadcrumb\":{\"@id\":\"https:\/\/megamo.eu\/pl\/dziekujemy-za-zlozenie-zamowienia\/#breadcrumb\"},\"inLanguage\":\"pl-PL\",\"potentialAction\":[{\"@type\":\"ReadAction\",\"target\":[\"https:\/\/megamo.eu\/pl\/dziekujemy-za-zlozenie-zamowienia\/\"]}]},{\"@type\":\"BreadcrumbList\",\"@id\":\"https:\/\/megamo.eu\/pl\/dziekujemy-za-zlozenie-zamowienia\/#breadcrumb\",\"itemListElement\":[{\"@type\":\"ListItem\",\"position\":1,\"name\":\"Home\",\"item\":\"https:\/\/megamo.eu\/pl\/\"},{\"@type\":\"ListItem\",\"position\":2,\"name\":\"Dzi\u0119kujemy za z\u0142o\u017cenie zam\u00f3wienia\"}]},{\"@type\":\"WebSite\",\"@id\":\"https:\/\/megamo.eu\/pl\/#website\",\"url\":\"https:\/\/megamo.eu\/pl\/\",\"name\":\"megamo.eu\",\"description\":\"megamo.eu\",\"publisher\":{\"@id\":\"https:\/\/megamo.eu\/pl\/#organization\"},\"potentialAction\":[{\"@type\":\"SearchAction\",\"target\":{\"@type\":\"EntryPoint\",\"urlTemplate\":\"https:\/\/megamo.eu\/pl\/?s={search_term_string}\"},\"query-input\":{\"@type\":\"PropertyValueSpecification\",\"valueRequired\":true,\"valueName\":\"search_term_string\"}}],\"inLanguage\":\"pl-PL\"},{\"@type\":\"Organization\",\"@id\":\"https:\/\/megamo.eu\/pl\/#organization\",\"name\":\"Megamo\",\"alternateName\":\"mgo\",\"url\":\"https:\/\/megamo.eu\/pl\/\",\"logo\":{\"@type\":\"ImageObject\",\"inLanguage\":\"pl-PL\",\"@id\":\"https:\/\/megamo.eu\/pl\/#\/schema\/logo\/image\/\",\"url\":\"https:\/\/megamo.eu\/wp-content\/uploads\/2024\/02\/logo_small.png\",\"contentUrl\":\"https:\/\/megamo.eu\/wp-content\/uploads\/2024\/02\/logo_small.png\",\"width\":300,\"height\":113,\"caption\":\"Megamo\"},\"image\":{\"@id\":\"https:\/\/megamo.eu\/pl\/#\/schema\/logo\/image\/\"},\"sameAs\":[\"https:\/\/www.facebook.com\/megamoeu\",\"https:\/\/www.youtube.com\/@Megamo_en\"]}]}<\/script>\n<!-- \/ Yoast SEO Premium plugin. -->","yoast_head_json":{"title":"Dzi\u0119kujemy za z\u0142o\u017cenie zam\u00f3wienia","description":"Dzi\u0119kujemy za zam\u00f3wienie! Cieszymy si\u0119, \u017ce mamy ci\u0119 na pok\u0142adzie. Masz pytania? Nasz zesp\u00f3\u0142 wsparcia jest tutaj, aby pom\u00f3c!","robots":{"index":"index","follow":"follow","max-snippet":"max-snippet:-1","max-image-preview":"max-image-preview:large","max-video-preview":"max-video-preview:-1"},"canonical":"https:\/\/megamo.eu\/pl\/dziekujemy-za-zlozenie-zamowienia\/","og_locale":"pl_PL","og_type":"article","og_title":"Dzi\u0119kujemy za z\u0142o\u017cenie zam\u00f3wienia","og_description":"Dzi\u0119kujemy za zam\u00f3wienie! Cieszymy si\u0119, \u017ce mamy ci\u0119 na pok\u0142adzie. Masz pytania? Nasz zesp\u00f3\u0142 wsparcia jest tutaj, aby pom\u00f3c!","og_url":"https:\/\/megamo.eu\/pl\/dziekujemy-za-zlozenie-zamowienia\/","og_site_name":"megamo.eu","article_publisher":"https:\/\/www.facebook.com\/megamoeu","article_modified_time":"2025-08-05T10:48:34+00:00","twitter_card":"summary_large_image","twitter_misc":{"Szacowany czas czytania":"1 minuta"},"schema":{"@context":"https:\/\/schema.org","@graph":[{"@type":"WebPage","@id":"https:\/\/megamo.eu\/pl\/dziekujemy-za-zlozenie-zamowienia\/","url":"https:\/\/megamo.eu\/pl\/dziekujemy-za-zlozenie-zamowienia\/","name":"Dzi\u0119kujemy za z\u0142o\u017cenie zam\u00f3wienia","isPartOf":{"@id":"https:\/\/megamo.eu\/pl\/#website"},"datePublished":"2024-03-11T09:29:39+00:00","dateModified":"2025-08-05T10:48:34+00:00","description":"Dzi\u0119kujemy za zam\u00f3wienie! Cieszymy si\u0119, \u017ce mamy ci\u0119 na pok\u0142adzie. Masz pytania? Nasz zesp\u00f3\u0142 wsparcia jest tutaj, aby pom\u00f3c!","breadcrumb":{"@id":"https:\/\/megamo.eu\/pl\/dziekujemy-za-zlozenie-zamowienia\/#breadcrumb"},"inLanguage":"pl-PL","potentialAction":[{"@type":"ReadAction","target":["https:\/\/megamo.eu\/pl\/dziekujemy-za-zlozenie-zamowienia\/"]}]},{"@type":"BreadcrumbList","@id":"https:\/\/megamo.eu\/pl\/dziekujemy-za-zlozenie-zamowienia\/#breadcrumb","itemListElement":[{"@type":"ListItem","position":1,"name":"Home","item":"https:\/\/megamo.eu\/pl\/"},{"@type":"ListItem","position":2,"name":"Dzi\u0119kujemy za z\u0142o\u017cenie zam\u00f3wienia"}]},{"@type":"WebSite","@id":"https:\/\/megamo.eu\/pl\/#website","url":"https:\/\/megamo.eu\/pl\/","name":"megamo.eu","description":"megamo.eu","publisher":{"@id":"https:\/\/megamo.eu\/pl\/#organization"},"potentialAction":[{"@type":"SearchAction","target":{"@type":"EntryPoint","urlTemplate":"https:\/\/megamo.eu\/pl\/?s={search_term_string}"},"query-input":{"@type":"PropertyValueSpecification","valueRequired":true,"valueName":"search_term_string"}}],"inLanguage":"pl-PL"},{"@type":"Organization","@id":"https:\/\/megamo.eu\/pl\/#organization","name":"Megamo","alternateName":"mgo","url":"https:\/\/megamo.eu\/pl\/","logo":{"@type":"ImageObject","inLanguage":"pl-PL","@id":"https:\/\/megamo.eu\/pl\/#\/schema\/logo\/image\/","url":"https:\/\/megamo.eu\/wp-content\/uploads\/2024\/02\/logo_small.png","contentUrl":"https:\/\/megamo.eu\/wp-content\/uploads\/2024\/02\/logo_small.png","width":300,"height":113,"caption":"Megamo"},"image":{"@id":"https:\/\/megamo.eu\/pl\/#\/schema\/logo\/image\/"},"sameAs":["https:\/\/www.facebook.com\/megamoeu","https:\/\/www.youtube.com\/@Megamo_en"]}]}},"_links":{"self":[{"href":"https:\/\/megamo.eu\/pl\/wp-json\/wp\/v2\/pages\/3002"}],"collection":[{"href":"https:\/\/megamo.eu\/pl\/wp-json\/wp\/v2\/pages"}],"about":[{"href":"https:\/\/megamo.eu\/pl\/wp-json\/wp\/v2\/types\/page"}],"author":[{"embeddable":true,"href":"https:\/\/megamo.eu\/pl\/wp-json\/wp\/v2\/users\/2"}],"replies":[{"embeddable":true,"href":"https:\/\/megamo.eu\/pl\/wp-json\/wp\/v2\/comments?post=3002"}],"version-history":[{"count":3,"href":"https:\/\/megamo.eu\/pl\/wp-json\/wp\/v2\/pages\/3002\/revisions"}],"predecessor-version":[{"id":3007,"href":"https:\/\/megamo.eu\/pl\/wp-json\/wp\/v2\/pages\/3002\/revisions\/3007"}],"wp:attachment":[{"href":"https:\/\/megamo.eu\/pl\/wp-json\/wp\/v2\/media?parent=3002"}],"curies":[{"name":"wp","href":"https:\/\/api.w.org\/{rel}","templated":true}]}}