{"id":3000,"date":"2024-02-19T15:06:13","date_gmt":"2024-02-19T14:06:13","guid":{"rendered":"https:\/\/megamo.eu\/demo-integration-with-suppliers\/"},"modified":"2025-12-22T13:02:49","modified_gmt":"2025-12-22T12:02:49","slug":"demo-integracji-z-hurtownia","status":"publish","type":"page","link":"https:\/\/megamo.eu\/pl\/demo-integracji-z-hurtownia\/","title":{"rendered":"Demo integracji"},"content":{"rendered":"\n\t<div id=\"gap-1140519187\" class=\"gap-element clearfix\" style=\"display:block; height:auto;\">\n\t\t\n<style>\n#gap-1140519187 {\n  padding-top: 60px;\n}\n<\/style>\n\t<\/div>\n\t\n\n\t<section class=\"section\" id=\"section_374490353\">\n\t\t<div class=\"bg section-bg fill bg-fill  bg-loaded\" >\n\n\t\t\t\n\t\t\t\n\t\t\t\n\n\t\t<\/div>\n\n\t\t\n\n\t\t<div class=\"section-content relative\">\n\t\t\t\n\n<div class=\"row align-middle\"  id=\"row-2045993268\">\n\n\n\t<div id=\"col-1000801756\" class=\"col medium-6 small-12 large-6\"  >\n\t\t\t\t<div class=\"col-inner\"  >\n\t\t\t\n\t\t\t\n\n\t<div id=\"text-917730458\" class=\"text\">\n\t\t\n\n<h1>Poznaj nasz\u0105 zautomatyzowan\u0105 integracj\u0119<\/h1>\n\t\t\n<style>\n#text-917730458 {\n  font-size: 1.3rem;\n  text-align: center;\n}\n@media (min-width:550px) {\n  #text-917730458 {\n    text-align: left;\n  }\n}\n<\/style>\n\t<\/div>\n\t\n\t<div id=\"text-4044504546\" class=\"text\">\n\t\t\n\n<p><b>Bezp\u0142atne demo integracji z hurtowniami<\/b><\/p>\n\t\t\n<style>\n#text-4044504546 {\n  font-size: 1.1rem;\n  text-align: center;\n  color: rgb(254, 94, 8);\n}\n#text-4044504546 > * {\n  color: rgb(254, 94, 8);\n}\n@media (min-width:550px) {\n  #text-4044504546 {\n    text-align: left;\n  }\n}\n<\/style>\n\t<\/div>\n\t\n\t<div id=\"text-1444297058\" class=\"text\">\n\t\t\n\n<p>Jednak b\u0105d\u017a ostro\u017cny &#8211; a\u017c 80% mened\u017cer\u00f3w sklep\u00f3w, kt\u00f3rym uruchomili\u015bmy wersj\u0119 DEMO, nie wyobra\u017ca sobie ju\u017c powrotu do r\u0119cznej aktualizacji produkt\u00f3w.<\/p>\n\t\t\n<style>\n#text-1444297058 {\n  text-align: center;\n}\n@media (min-width:550px) {\n  #text-1444297058 {\n    text-align: left;\n  }\n}\n<\/style>\n\t<\/div>\n\t\n\n\t\t<\/div>\n\t\t\t\t\t<\/div>\n\n\t\n\n\t<div id=\"col-1770225169\" class=\"col medium-6 small-12 large-6 small-col-first\"  >\n\t\t\t\t<div class=\"col-inner\"  >\n\t\t\t\n\t\t\t\n\n\t<div class=\"img has-hover x md-x lg-x y md-y lg-y\" id=\"image_1660108297\">\n\t\t\t\t\t\t\t\t<div class=\"img-inner dark\" >\n\t\t\t<img loading=\"lazy\" decoding=\"async\" width=\"700\" height=\"467\" src=\"https:\/\/megamo.eu\/wp-content\/uploads\/2024\/02\/demo-integration.webp\" class=\"attachment-original size-original\" alt=\"Demo integration with suppliers\" srcset=\"https:\/\/megamo.eu\/wp-content\/uploads\/2024\/02\/demo-integration.webp 700w, https:\/\/megamo.eu\/wp-content\/uploads\/2024\/02\/demo-integration-600x400.webp 600w\" sizes=\"(max-width: 700px) 100vw, 700px\" \/>\t\t\t\t\t\t\n\t\t\t\t\t<\/div>\n\t\t\t\t\t\t\t\t\n<style>\n#image_1660108297 {\n  width: 100%;\n}\n<\/style>\n\t<\/div>\n\t\n\n\n\t\t<\/div>\n\t\t\t\t\t<\/div>\n\n\t\n\n<\/div>\n\n\t\t<\/div>\n\n\t\t\n<style>\n#section_374490353 {\n  padding-top: 30px;\n  padding-bottom: 30px;\n}\n<\/style>\n\t<\/section>\n\t\n\t<section class=\"section\" id=\"section_1725440380\">\n\t\t<div class=\"bg section-bg fill bg-fill  bg-loaded\" >\n\n\t\t\t\n\t\t\t\n\t\t\t\n\n\t\t<\/div>\n\n\t\t\n\n\t\t<div class=\"section-content relative\">\n\t\t\t\n\n<div class=\"row align-middle\"  id=\"row-111109804\">\n\n\n\t<div id=\"col-2041785896\" class=\"col medium-6 small-12 large-6 small-col-first\"  >\n\t\t\t\t<div class=\"col-inner\"  >\n\t\t\t\n\t\t\t\n\n\t<div id=\"text-2552677414\" class=\"text\">\n\t\t\n\n<h2>1. WERSJA DEMONSTRACYJNA<\/h2>\n\t\t\n<style>\n#text-2552677414 {\n  font-size: 1.2rem;\n}\n<\/style>\n\t<\/div>\n\t\n\t<div id=\"text-98913060\" class=\"text\">\n\t\t\n\n<p>Obejrzyj panel Integratora i gotowy sklep z produktami<\/p>\n\t\t\n<style>\n#text-98913060 {\n  text-align: center;\n}\n@media (min-width:550px) {\n  #text-98913060 {\n    text-align: left;\n  }\n}\n<\/style>\n\t<\/div>\n\t\n\n\n<iframe loading=\"lazy\" width=\"560\" height=\"315\" src=\"https:\/\/www.youtube.com\/embed\/8zVs01UHT_0?si=r_h0YgjvQ5Vvdzqr\" title=\"YouTube video player\" frameborder=\"0\" allow=\"accelerometer; autoplay; clipboard-write; encrypted-media; gyroscope; picture-in-picture; web-share\" referrerpolicy=\"strict-origin-when-cross-origin\" allowfullscreen><\/iframe>\n\n\n\t\t<\/div>\n\t\t\t\t\t<\/div>\n\n\t\n\n\t<div id=\"col-1474160583\" class=\"col medium-6 small-12 large-6\"  >\n\t\t\t\t<div class=\"col-inner\"  >\n\t\t\t\n\t\t\t\n\n\t<div class=\"img has-hover x md-x lg-x y md-y lg-y\" id=\"image_581171851\">\n\t\t<a class=\"\" href=\"https:\/\/megamo-demo.myshopify.com\/password\" target=\"_blank\" rel=\"noopener\" >\t\t\t\t\t\t<div class=\"img-inner image-color dark\" >\n\t\t\t<img loading=\"lazy\" decoding=\"async\" width=\"1024\" height=\"525\" src=\"https:\/\/megamo.eu\/wp-content\/uploads\/2024\/02\/store-view.webp\" class=\"attachment-original size-original\" alt=\"Store view\" srcset=\"https:\/\/megamo.eu\/wp-content\/uploads\/2024\/02\/store-view.webp 1024w, https:\/\/megamo.eu\/wp-content\/uploads\/2024\/02\/store-view-780x400.webp 780w, https:\/\/megamo.eu\/wp-content\/uploads\/2024\/02\/store-view-768x394.webp 768w, https:\/\/megamo.eu\/wp-content\/uploads\/2024\/02\/store-view-600x308.webp 600w\" sizes=\"(max-width: 1024px) 100vw, 1024px\" \/>\t\t\t\t\t\t\n\t\t\t\t\t<\/div>\n\t\t\t\t\t\t<\/a>\t\t\n<style>\n#image_581171851 {\n  width: 100%;\n}\n<\/style>\n\t<\/div>\n\t\n\n<p><b>Widok sklepu<\/b><br >Has\u0142o: <b>demo<\/b><\/p>\n\n\t\t<\/div>\n\t\t\t\t\t<\/div>\n\n\t\n\n<\/div>\n\n\t\t<\/div>\n\n\t\t\n<style>\n#section_1725440380 {\n  padding-top: 30px;\n  padding-bottom: 30px;\n  background-color: rgb(255, 239, 230);\n}\n<\/style>\n\t<\/section>\n\t\n\t<div id=\"gap-93381241\" class=\"gap-element clearfix\" style=\"display:block; height:auto;\">\n\t\t\n<style>\n#gap-93381241 {\n  padding-top: 50px;\n}\n<\/style>\n\t<\/div>\n\t\n\n<div class=\"row row-collapse align-middle\"  id=\"row-1346587834\">\n\n\n\t<div id=\"col-2030177973\" class=\"col small-12 large-12\"  >\n\t\t\t\t<div class=\"col-inner text-left\"  >\n\t\t\t\n\t\t\t\n\n\n\t\t<div class=\"tabbed-content vid-tabs hide-for-small\">\n\t\t\t\n\t\t\t<ul class=\"nav nav-outline nav-uppercase nav-size-small nav-left\" role=\"tablist\"><li id=\"tab-integrator-w-u\u017cyciu\" class=\"tab active has-icon\" role=\"presentation\"><a href=\"#tab_integrator-w-u\u017cyciu\" role=\"tab\" aria-selected=\"true\" aria-controls=\"tab_integrator-w-u\u017cyciu\"><span>Integrator w u\u017cyciu<\/span><\/a><\/li><\/ul><div class=\"tab-panels\"><div id=\"tab_integrator-w-u\u017cyciu\" class=\"panel active entry-content\" role=\"tabpanel\" aria-labelledby=\"tab-integrator-w-u\u017cyciu\">\n\n\n\n<div class=\"main-vid\">\n<video width=\"100%\" height=\"auto\" autoplay loop muted playsinline controls  controlsList=\"nodownload\" class=\"vid-src\">\n  <source src=\"https:\/\/megamo.eu\/wp-content\/uploads\/2025\/12\/main-vid-pl.mp4\" type=\"video\/mp4\">\n  Your browser does not support the video tag.\n<\/video>\n<\/div>\n\n\n<\/div><\/div><\/div>\n\n\t\t<div class=\"tabbed-content vid-tabs-mobile show-for-small\">\n\t\t\t\n\t\t\t<ul class=\"nav nav-outline nav-uppercase nav-size-small nav-left\" role=\"tablist\"><li id=\"tab-integrator-w-u\u017cyciu\" class=\"tab active has-icon\" role=\"presentation\"><a href=\"#tab_integrator-w-u\u017cyciu\" role=\"tab\" aria-selected=\"true\" aria-controls=\"tab_integrator-w-u\u017cyciu\"><span>Integrator w u\u017cyciu<\/span><\/a><\/li><\/ul><div class=\"tab-panels\"><div id=\"tab_integrator-w-u\u017cyciu\" class=\"panel active entry-content\" role=\"tabpanel\" aria-labelledby=\"tab-integrator-w-u\u017cyciu\">\n\n\n\n<div class=\"main-vid-mobile\">\n<video id=\"mainVideo\" width=\"200%\" height=\"auto\" autoplay loop muted playsinline class=\"vid-src\">\n  <source src=\"https:\/\/megamo.eu\/wp-content\/uploads\/2025\/12\/main-vid-pl.mp4\" type=\"video\/mp4\">\n  Your browser does not support the video tag.\n<\/video>\n<span class=\"vid-src-fs\"><i class=\"ph-duotone ph-device-rotate\"><\/i> Obr\u00f3\u0107 dla pe\u0142nego ekranu<\/span>\n<\/div>\n\n\n<\/div><\/div><\/div>\n\n\t\t<\/div>\n\t\t\t\t\t<\/div>\n\n\t\n\n<\/div>\n\t<section class=\"section free-trial-vid\" id=\"section_387511571\">\n\t\t<div class=\"bg section-bg fill bg-fill  bg-loaded\" >\n\n\t\t\t\n\t\t\t\n\t\t\t\n\n\t\t<\/div>\n\n\t\t\n\n\t\t<div class=\"section-content relative\">\n\t\t\t\n\n<div class=\"row\"  id=\"row-876015353\">\n\n\n\t<div id=\"col-2064784105\" class=\"col medium-3 small-12 large-3\"  >\n\t\t\t\t<div class=\"col-inner\"  >\n\t\t\t\n\t\t\t\n\n\n\t\t<\/div>\n\t\t\t\t\t<\/div>\n\n\t\n\n\t<div id=\"col-294700561\" class=\"col medium-9 small-12 large-9\"  >\n\t\t\t\t<div class=\"col-inner text-center\"  >\n\t\t\t\n\t\t\t\n\n\t<div id=\"text-1188227492\" class=\"text\">\n\t\t\n\n<h2>2. BEZP\u0141ATNA WERSJA TESTOWA &#8211; 10 dni<\/h2>\n\t\t\n<style>\n#text-1188227492 {\n  font-size: 1.2rem;\n  text-align: center;\n}\n<\/style>\n\t<\/div>\n\t\n\t<div id=\"text-378950866\" class=\"text\">\n\t\t\n\n<p>Chcesz bli\u017cej przyjrze\u0107 si\u0119, jak funkcjonuje nasz Automatyczny Integrator?<br >Serdecznie zapraszamy do przeprowadzenia indywidualnych test\u00f3w &#8211; pod\u0142\u0105czymy wybran\u0105 hurtowni\u0119 do Twojego sklepu.\n<\/p>\n\t\t\n<style>\n#text-378950866 {\n  text-align: center;\n}\n@media (min-width:550px) {\n  #text-378950866 {\n    text-align: center;\n  }\n}\n<\/style>\n\t<\/div>\n\t\n\t<div id=\"gap-504538958\" class=\"gap-element clearfix\" style=\"display:block; height:auto;\">\n\t\t\n<style>\n#gap-504538958 {\n  padding-top: 10px;\n}\n<\/style>\n\t<\/div>\n\t\n\n\n\n<a class=\"button primary\" href=\"https:\/\/forms.clickup.com\/9012257574\/f\/8cjr8t6-8072\/OU3SAXQNB5N3DLZJCW\" target=\"_blank\" rel=\"noopener\">Uruchom okres testowy<\/a>\n\n\t<div id=\"gap-750269904\" class=\"gap-element clearfix\" style=\"display:block; height:auto;\">\n\t\t\n<style>\n#gap-750269904 {\n  padding-top: 20px;\n}\n<\/style>\n\t<\/div>\n\t\n\n<p><b>Testuj \u015bmia\u0142o &#8211; to ca\u0142kowicie bezp\u0142atne! Dane karty nie s\u0105 wymagane.<\/b><br \/>\nNie ma automatycznego przed\u0142u\u017cenia, po 10 dniach sam zdecydujesz, czy chcesz kontynuowa\u0107 wsp\u00f3\u0142prac\u0119.<\/p>\n\n\t\t<\/div>\n\t\t\t\t\t<\/div>\n\n\t\n\n<\/div>\n\n\t\t<\/div>\n\n\t\t\n<style>\n#section_387511571 {\n  padding-top: 30px;\n  padding-bottom: 30px;\n  background-color: rgb(230, 245, 252);\n}\n<\/style>\n\t<\/section>\n\t\n\n","protected":false},"excerpt":{"rendered":"","protected":false},"author":2,"featured_media":0,"parent":0,"menu_order":0,"comment_status":"closed","ping_status":"closed","template":"","meta":{"_lmt_disableupdate":"","_lmt_disable":"","footnotes":""},"yoast_head":"<!-- This site is optimized with the Yoast SEO Premium plugin v21.8 (Yoast SEO v23.5) - https:\/\/yoast.com\/wordpress\/plugins\/seo\/ -->\n<title>Demo integracji<\/title>\n<meta name=\"description\" content=\"Chcesz sprawdzi\u0107 jak dok\u0142adnie dzia\u0142a nasz automatyczny integrator? Zapraszamy do indywidualnych test\u00f3w - zam\u00f3w bezp\u0142atn\u0105 integracj\u0119 demo.\" \/>\n<meta name=\"robots\" content=\"index, follow, max-snippet:-1, max-image-preview:large, max-video-preview:-1\" \/>\n<link rel=\"canonical\" href=\"https:\/\/megamo.eu\/pl\/demo-integracji-z-hurtownia\/\" \/>\n<meta property=\"og:locale\" content=\"pl_PL\" \/>\n<meta property=\"og:type\" content=\"article\" \/>\n<meta property=\"og:title\" content=\"Demo integracji\" \/>\n<meta property=\"og:description\" content=\"Chcesz sprawdzi\u0107 jak dok\u0142adnie dzia\u0142a nasz automatyczny integrator? Zapraszamy do indywidualnych test\u00f3w - zam\u00f3w bezp\u0142atn\u0105 integracj\u0119 demo.\" \/>\n<meta property=\"og:url\" content=\"https:\/\/megamo.eu\/pl\/demo-integracji-z-hurtownia\/\" \/>\n<meta property=\"og:site_name\" content=\"megamo.eu\" \/>\n<meta property=\"article:publisher\" content=\"https:\/\/www.facebook.com\/megamoeu\" \/>\n<meta property=\"article:modified_time\" content=\"2025-12-22T12:02:49+00:00\" \/>\n<meta name=\"twitter:card\" content=\"summary_large_image\" \/>\n<meta name=\"twitter:label1\" content=\"Szacowany czas czytania\" \/>\n\t<meta name=\"twitter:data1\" content=\"2 minuty\" \/>\n<script type=\"application\/ld+json\" class=\"yoast-schema-graph\">{\"@context\":\"https:\/\/schema.org\",\"@graph\":[{\"@type\":\"WebPage\",\"@id\":\"https:\/\/megamo.eu\/pl\/demo-integracji-z-hurtownia\/\",\"url\":\"https:\/\/megamo.eu\/pl\/demo-integracji-z-hurtownia\/\",\"name\":\"Demo integracji\",\"isPartOf\":{\"@id\":\"https:\/\/megamo.eu\/pl\/#website\"},\"datePublished\":\"2024-02-19T14:06:13+00:00\",\"dateModified\":\"2025-12-22T12:02:49+00:00\",\"description\":\"Chcesz sprawdzi\u0107 jak dok\u0142adnie dzia\u0142a nasz automatyczny integrator? Zapraszamy do indywidualnych test\u00f3w - zam\u00f3w bezp\u0142atn\u0105 integracj\u0119 demo.\",\"breadcrumb\":{\"@id\":\"https:\/\/megamo.eu\/pl\/demo-integracji-z-hurtownia\/#breadcrumb\"},\"inLanguage\":\"pl-PL\",\"potentialAction\":[{\"@type\":\"ReadAction\",\"target\":[\"https:\/\/megamo.eu\/pl\/demo-integracji-z-hurtownia\/\"]}]},{\"@type\":\"BreadcrumbList\",\"@id\":\"https:\/\/megamo.eu\/pl\/demo-integracji-z-hurtownia\/#breadcrumb\",\"itemListElement\":[{\"@type\":\"ListItem\",\"position\":1,\"name\":\"Home\",\"item\":\"https:\/\/megamo.eu\/pl\/\"},{\"@type\":\"ListItem\",\"position\":2,\"name\":\"Demo integracji\"}]},{\"@type\":\"WebSite\",\"@id\":\"https:\/\/megamo.eu\/pl\/#website\",\"url\":\"https:\/\/megamo.eu\/pl\/\",\"name\":\"megamo.eu\",\"description\":\"megamo.eu\",\"publisher\":{\"@id\":\"https:\/\/megamo.eu\/pl\/#organization\"},\"potentialAction\":[{\"@type\":\"SearchAction\",\"target\":{\"@type\":\"EntryPoint\",\"urlTemplate\":\"https:\/\/megamo.eu\/pl\/?s={search_term_string}\"},\"query-input\":{\"@type\":\"PropertyValueSpecification\",\"valueRequired\":true,\"valueName\":\"search_term_string\"}}],\"inLanguage\":\"pl-PL\"},{\"@type\":\"Organization\",\"@id\":\"https:\/\/megamo.eu\/pl\/#organization\",\"name\":\"Megamo\",\"alternateName\":\"mgo\",\"url\":\"https:\/\/megamo.eu\/pl\/\",\"logo\":{\"@type\":\"ImageObject\",\"inLanguage\":\"pl-PL\",\"@id\":\"https:\/\/megamo.eu\/pl\/#\/schema\/logo\/image\/\",\"url\":\"https:\/\/megamo.eu\/wp-content\/uploads\/2024\/02\/logo_small.png\",\"contentUrl\":\"https:\/\/megamo.eu\/wp-content\/uploads\/2024\/02\/logo_small.png\",\"width\":300,\"height\":113,\"caption\":\"Megamo\"},\"image\":{\"@id\":\"https:\/\/megamo.eu\/pl\/#\/schema\/logo\/image\/\"},\"sameAs\":[\"https:\/\/www.facebook.com\/megamoeu\",\"https:\/\/www.youtube.com\/@Megamo_en\"]}]}<\/script>\n<!-- \/ Yoast SEO Premium plugin. -->","yoast_head_json":{"title":"Demo integracji","description":"Chcesz sprawdzi\u0107 jak dok\u0142adnie dzia\u0142a nasz automatyczny integrator? Zapraszamy do indywidualnych test\u00f3w - zam\u00f3w bezp\u0142atn\u0105 integracj\u0119 demo.","robots":{"index":"index","follow":"follow","max-snippet":"max-snippet:-1","max-image-preview":"max-image-preview:large","max-video-preview":"max-video-preview:-1"},"canonical":"https:\/\/megamo.eu\/pl\/demo-integracji-z-hurtownia\/","og_locale":"pl_PL","og_type":"article","og_title":"Demo integracji","og_description":"Chcesz sprawdzi\u0107 jak dok\u0142adnie dzia\u0142a nasz automatyczny integrator? Zapraszamy do indywidualnych test\u00f3w - zam\u00f3w bezp\u0142atn\u0105 integracj\u0119 demo.","og_url":"https:\/\/megamo.eu\/pl\/demo-integracji-z-hurtownia\/","og_site_name":"megamo.eu","article_publisher":"https:\/\/www.facebook.com\/megamoeu","article_modified_time":"2025-12-22T12:02:49+00:00","twitter_card":"summary_large_image","twitter_misc":{"Szacowany czas czytania":"2 minuty"},"schema":{"@context":"https:\/\/schema.org","@graph":[{"@type":"WebPage","@id":"https:\/\/megamo.eu\/pl\/demo-integracji-z-hurtownia\/","url":"https:\/\/megamo.eu\/pl\/demo-integracji-z-hurtownia\/","name":"Demo integracji","isPartOf":{"@id":"https:\/\/megamo.eu\/pl\/#website"},"datePublished":"2024-02-19T14:06:13+00:00","dateModified":"2025-12-22T12:02:49+00:00","description":"Chcesz sprawdzi\u0107 jak dok\u0142adnie dzia\u0142a nasz automatyczny integrator? Zapraszamy do indywidualnych test\u00f3w - zam\u00f3w bezp\u0142atn\u0105 integracj\u0119 demo.","breadcrumb":{"@id":"https:\/\/megamo.eu\/pl\/demo-integracji-z-hurtownia\/#breadcrumb"},"inLanguage":"pl-PL","potentialAction":[{"@type":"ReadAction","target":["https:\/\/megamo.eu\/pl\/demo-integracji-z-hurtownia\/"]}]},{"@type":"BreadcrumbList","@id":"https:\/\/megamo.eu\/pl\/demo-integracji-z-hurtownia\/#breadcrumb","itemListElement":[{"@type":"ListItem","position":1,"name":"Home","item":"https:\/\/megamo.eu\/pl\/"},{"@type":"ListItem","position":2,"name":"Demo integracji"}]},{"@type":"WebSite","@id":"https:\/\/megamo.eu\/pl\/#website","url":"https:\/\/megamo.eu\/pl\/","name":"megamo.eu","description":"megamo.eu","publisher":{"@id":"https:\/\/megamo.eu\/pl\/#organization"},"potentialAction":[{"@type":"SearchAction","target":{"@type":"EntryPoint","urlTemplate":"https:\/\/megamo.eu\/pl\/?s={search_term_string}"},"query-input":{"@type":"PropertyValueSpecification","valueRequired":true,"valueName":"search_term_string"}}],"inLanguage":"pl-PL"},{"@type":"Organization","@id":"https:\/\/megamo.eu\/pl\/#organization","name":"Megamo","alternateName":"mgo","url":"https:\/\/megamo.eu\/pl\/","logo":{"@type":"ImageObject","inLanguage":"pl-PL","@id":"https:\/\/megamo.eu\/pl\/#\/schema\/logo\/image\/","url":"https:\/\/megamo.eu\/wp-content\/uploads\/2024\/02\/logo_small.png","contentUrl":"https:\/\/megamo.eu\/wp-content\/uploads\/2024\/02\/logo_small.png","width":300,"height":113,"caption":"Megamo"},"image":{"@id":"https:\/\/megamo.eu\/pl\/#\/schema\/logo\/image\/"},"sameAs":["https:\/\/www.facebook.com\/megamoeu","https:\/\/www.youtube.com\/@Megamo_en"]}]}},"_links":{"self":[{"href":"https:\/\/megamo.eu\/pl\/wp-json\/wp\/v2\/pages\/3000"}],"collection":[{"href":"https:\/\/megamo.eu\/pl\/wp-json\/wp\/v2\/pages"}],"about":[{"href":"https:\/\/megamo.eu\/pl\/wp-json\/wp\/v2\/types\/page"}],"author":[{"embeddable":true,"href":"https:\/\/megamo.eu\/pl\/wp-json\/wp\/v2\/users\/2"}],"replies":[{"embeddable":true,"href":"https:\/\/megamo.eu\/pl\/wp-json\/wp\/v2\/comments?post=3000"}],"version-history":[{"count":6,"href":"https:\/\/megamo.eu\/pl\/wp-json\/wp\/v2\/pages\/3000\/revisions"}],"predecessor-version":[{"id":64848,"href":"https:\/\/megamo.eu\/pl\/wp-json\/wp\/v2\/pages\/3000\/revisions\/64848"}],"wp:attachment":[{"href":"https:\/\/megamo.eu\/pl\/wp-json\/wp\/v2\/media?parent=3000"}],"curies":[{"name":"wp","href":"https:\/\/api.w.org\/{rel}","templated":true}]}}