{"id":29755,"date":"2024-11-15T09:57:38","date_gmt":"2024-11-15T08:57:38","guid":{"rendered":"https:\/\/megamo.eu\/case-studies\/integration-of-multiple-shopify-locations-with-suppliers\/"},"modified":"2025-08-05T11:53:13","modified_gmt":"2025-08-05T09:53:13","slug":"integracja-wielu-lokalizacji-w-shopify-z-hurtowniami","status":"publish","type":"page","link":"https:\/\/megamo.eu\/pl\/case-studies\/integracja-wielu-lokalizacji-w-shopify-z-hurtowniami\/","title":{"rendered":"Integracja wielu lokalizacji w Shopify z hurtowniami"},"content":{"rendered":"\n\t<section class=\"section\" id=\"section_761560008\">\n\t\t<div class=\"bg section-bg fill bg-fill  bg-loaded\" >\n\n\t\t\t\n\t\t\t\n\t\t\t\n\n\t\t<\/div>\n\n\t\t\n\n\t\t<div class=\"section-content relative\">\n\t\t\t\n\n<div class=\"row row-collapse row-full-width row-divided\"  id=\"row-1278183179\">\n\n\n\t<div id=\"col-766134023\" class=\"col casestudiescol medium-2 small-12 large-2\"  >\n\t\t<div class=\"is-sticky-column\"><div class=\"is-sticky-column__inner\">\t\t<div class=\"col-inner\"  >\n\t\t\t\n\t\t\t\n\n\t<div id=\"gap-608037015\" class=\"gap-element clearfix\" style=\"display:block; height:auto;\">\n\t\t\n<style>\n#gap-608037015 {\n  padding-top: 60px;\n}\n<\/style>\n\t<\/div>\n\t\n\n\t<div id=\"text-192006927\" class=\"text casestudieshead\">\n\t\t\n\n<h4 id=\"case_nav\">CASE STUDIES<\/h4>\n\t\t\t<\/div>\n\t\n<div class=\"nav-wrapper\"><ul class=\"nav casestudiesnav nav-uppercase nav-vertical nav-line text-left nav-left\"><li class=><a href=\"https:\/\/megamo.eu\/pl\/case-studies\/integracja-ean-z-woocommerce-poprzez-api\/\">Integracja EAN z WooCommerce poprzez API<\/a><\/li><li class=><a href=\"https:\/\/megamo.eu\/pl\/case-studies\/import-wybranych-kategorii-hurtowni-do-integratora-megamo\/\">Import wybranych kategorii hurtowni do Integratora Megamo<\/a><\/li><li class=><a href=\"https:\/\/megamo.eu\/pl\/case-studies\/wdrozenie-automatycznego-przekazywania-zamowien\/\">Wdro\u017cenie automatycznego przekazywania zam\u00f3wie\u0144<\/a><\/li><li class=active><a href=\"https:\/\/megamo.eu\/pl\/case-studies\/integracja-wielu-lokalizacji-w-shopify-z-hurtowniami\/\">Integracja wielu lokalizacji w Shopify z hurtowniami<\/a><\/li><\/ul><\/div>\n\n\t<div id=\"gap-1764834109\" class=\"gap-element clearfix\" style=\"display:block; height:auto;\">\n\t\t\n<style>\n#gap-1764834109 {\n  padding-top: 60px;\n}\n<\/style>\n\t<\/div>\n\t\n\n\n\t\t<\/div>\n\t\t<\/div><\/div>\t\t\t<\/div>\n\n\t\n\n\t<div id=\"col-335019715\" class=\"col casestudiescol2 medium-10 small-12 large-10 small-col-first\"  >\n\t\t\t\t<div class=\"col-inner\"  >\n\t\t\t\n\t\t\t\n\n<div class=\"row row-collapse row-full-width row-divided\"  id=\"row-292720284\">\n\n\n\t<div id=\"col-2089314399\" class=\"col casestudiescol2 medium-9 small-12 large-9\"  >\n\t\t\t\t<div class=\"col-inner\"  >\n\t\t\t\n\t\t\t\n\n\t<div id=\"gap-498265942\" class=\"gap-element clearfix\" style=\"display:block; height:auto;\">\n\t\t\n<style>\n#gap-498265942 {\n  padding-top: 60px;\n}\n<\/style>\n\t<\/div>\n\t\n\n\t<div id=\"text-2363743747\" class=\"text show-for-small\">\n\t\t\n\n<p><a href=\"#case_nav\">scroll to navigation&ensp;<i class=\"icon-angle-down\"><\/i><\/a><\/p>\n\t\t\n<style>\n#text-2363743747 {\n  font-size: 0.8rem;\n  text-align: right;\n}\n<\/style>\n\t<\/div>\n\t\n<h1 class=\"entry-title\">Integracja wielu lokalizacji w Shopify z hurtowniami<\/h1>\n\n\t<div class=\"img has-hover casestudiesimg x md-x lg-x y md-y lg-y\" id=\"image_477911728\">\n\t\t\t\t\t\t\t\t<div class=\"img-inner dark\" >\n\t\t\t<img loading=\"lazy\" decoding=\"async\" width=\"1200\" height=\"600\" src=\"https:\/\/megamo.eu\/wp-content\/uploads\/2024\/11\/locations_suppliers.webp\" class=\"attachment-original size-original\" alt=\"\" srcset=\"https:\/\/megamo.eu\/wp-content\/uploads\/2024\/11\/locations_suppliers.webp 1200w, https:\/\/megamo.eu\/wp-content\/uploads\/2024\/11\/locations_suppliers-800x400.webp 800w, https:\/\/megamo.eu\/wp-content\/uploads\/2024\/11\/locations_suppliers-768x384.webp 768w, https:\/\/megamo.eu\/wp-content\/uploads\/2024\/11\/locations_suppliers-600x300.webp 600w\" sizes=\"(max-width: 1200px) 100vw, 1200px\" \/>\t\t\t\t\t\t\n\t\t\t\t\t<\/div>\n\t\t\t\t\t\t\t\t\n<style>\n#image_477911728 {\n  width: 100%;\n}\n<\/style>\n\t<\/div>\n\t\n\n\n\n<h3><i class=\"icon-clock\"><\/i>&ensp;3 min czytania<\/h3><div class=\"entry-divider is-divider small\"><\/div>\n\n<div class=\"row row-full-width casestudiesrowhs\"  id=\"row-181409954\">\n\n\n\t<div id=\"col-1424130303\" class=\"col casestudiehs small-12 large-12\"  >\n\t\t\t\t<div class=\"col-inner\" style=\"background-color:rgb(245, 245, 245);\" >\n\t\t\t\n\t\t\t\n\n\t<div id=\"text-53021390\" class=\"text\">\n\t\t\n\n<h3 class=\"wp-block-heading\" style=\"margin: 0px;\">WYZWANIE<\/h3>\n<p style=\"margin: 0px; font-size: 0.8rem; color: #003049\">z czym musieli\u015bmy sobie poradzi\u0107<\/p>\n\n\t\t\n<style>\n#text-53021390 {\n  color: rgb(0, 131, 193);\n}\n#text-53021390 > * {\n  color: rgb(0, 131, 193);\n}\n<\/style>\n\t<\/div>\n\t\n\n\t\t<\/div>\n\t\t\t\t\n<style>\n#col-1424130303 > .col-inner {\n  padding: 4px 20px 4px 20px;\n  border-radius: 8px;\n}\n<\/style>\n\t<\/div>\n\n\t\n\n<\/div>\n\t<div id=\"text-1177030511\" class=\"text\">\n\t\t\n\n<div style=\"padding-left: 10px;\">\n<div style=\"border-left: 3px #fe5e08 solid; padding-left: 20px;\">\n<p>Klienci prowadz\u0105cy sklepy internetowe na platformie Shopify coraz cz\u0119\u015bciej zarz\u0105dzaj\u0105 swoimi zapasami z wykorzystaniem wielu magazyn\u00f3w, zamiast polega\u0107 na jednym domy\u015blnym magazynie. Pojawia si\u0119 potrzeba, aby Integrator Megamo m\u00f3g\u0142 obs\u0142u\u017cy\u0107 przypisanie stan\u00f3w magazynowych poszczeg\u00f3lnych hurtowni do konkretnych magazyn\u00f3w wprowadzonych w Shopify. Kluczowym wyzwaniem jest zatem mo\u017cliwo\u015b\u0107 przypisania odpowiedniego ID magazynu w Shopify do odpowiednich hurtowni, co umo\u017cliwi dok\u0142adniejsze zarz\u0105dzanie zapasami i realizacj\u0119 zam\u00f3wie\u0144.<\/p>\n<\/div>\n<\/div>\n\n\t\t\n<style>\n#text-1177030511 {\n  font-size: 0.9rem;\n}\n<\/style>\n\t<\/div>\n\t\n<div class=\"row row-full-width casestudiesrowhs\"  id=\"row-464519734\">\n\n\n\t<div id=\"col-164369481\" class=\"col casestudiehs small-12 large-12\"  >\n\t\t\t\t<div class=\"col-inner\" style=\"background-color:rgb(245, 245, 245);\" >\n\t\t\t\n\t\t\t\n\n\t<div id=\"text-4228742276\" class=\"text\">\n\t\t\n\n<h3 class=\"wp-block-heading\" style=\"margin: 0px;\">ROZWI\u0104ZANIE<\/h3>\n<p style=\"margin: 0px; font-size: 0.8rem; color: #003049\">jaki mieli\u015bmy pomys\u0142<\/p>\n\n\t\t\n<style>\n#text-4228742276 {\n  text-align: left;\n  color: rgb(0, 131, 193);\n}\n#text-4228742276 > * {\n  color: rgb(0, 131, 193);\n}\n<\/style>\n\t<\/div>\n\t\n\n\t\t<\/div>\n\t\t\t\t\n<style>\n#col-164369481 > .col-inner {\n  padding: 4px 20px 4px 20px;\n  border-radius: 8px;\n}\n<\/style>\n\t<\/div>\n\n\t\n\n<\/div>\n\t<div id=\"text-3862458336\" class=\"text\">\n\t\t\n\n<div style=\"padding-left: 10px;\">\n<div style=\"border-left: 3px #fe5e08 solid; padding-left: 20px\">\n<p>Integrator Megamo, kt\u00f3ry \u0142\u0105czy si\u0119 z Shopify poprzez API, w standardowym rozwi\u0105zaniu pobiera jedynie warto\u015b\u0107 ID domy\u015blnego magazynu, co wystarcza w przypadku prostych konfiguracji. W celu rozwi\u0105zania problemu przypisania stan\u00f3w magazynowych do konkretnych magazyn\u00f3w, rozszerzono funkcjonalno\u015b\u0107 integratora o mo\u017cliwo\u015b\u0107 odczytu ID dowolnego magazynu dost\u0119pnego w Shopify. Dzi\u0119ki temu mo\u017cliwe jest przypisanie odpowiedniego magazynu do konkretnej hurtowni, co pozwala na precyzyjne zarz\u0105dzanie stanami magazynowymi.<\/p>\n<\/div>\n<\/div>\n\n\t\t\n<style>\n#text-3862458336 {\n  font-size: 0.9rem;\n}\n<\/style>\n\t<\/div>\n\t\n<div class=\"row row-full-width casestudiesrowhs\"  id=\"row-1230856940\">\n\n\n\t<div id=\"col-565413369\" class=\"col casestudiehs small-12 large-12\"  >\n\t\t\t\t<div class=\"col-inner text-left\" style=\"background-color:rgb(245, 245, 245);\" >\n\t\t\t\n\t\t\t\n\n\t<div id=\"text-4250518834\" class=\"text\">\n\t\t\n\n<h3 class=\"wp-block-heading\" style=\"margin: 0px;\">IMPLEMENTACJA<\/h3>\n<p style=\"margin: 0px; font-size: 0.8rem; color: #003049\">jak rozwi\u0105zali\u015bmy ten problem<\/p>\n\n\t\t\n<style>\n#text-4250518834 {\n  color: rgb(0, 131, 193);\n}\n#text-4250518834 > * {\n  color: rgb(0, 131, 193);\n}\n<\/style>\n\t<\/div>\n\t\n\n\t\t<\/div>\n\t\t\t\t\n<style>\n#col-565413369 > .col-inner {\n  padding: 4px 20px 4px 20px;\n  border-radius: 8px;\n}\n<\/style>\n\t<\/div>\n\n\t\n\n<\/div>\n\n\t\t<\/div>\n\t\t\t\t\t<\/div>\n\n\t\n\n\t<div id=\"col-2086900055\" class=\"col casestudiescol3 medium-3 small-12 large-3\"  >\n\t\t\t\t<div class=\"col-inner\"  >\n\t\t\t\n\t\t\t\n\n\n\t\t<\/div>\n\t\t\t\t\n<style>\n#col-2086900055 > .col-inner {\n  padding: 0px 0px 0px 20px;\n}\n<\/style>\n\t<\/div>\n\n\t\n\n\n<style>\n#row-292720284 > .col > .col-inner {\n  padding: 0px 20px 0px 20px;\n}\n<\/style>\n<\/div>\n<div class=\"row row-collapse row-full-width row-divided\"  id=\"row-821059437\">\n\n\n\t<div id=\"col-2031556060\" class=\"col casestudiescol2 medium-9 small-12 large-9\"  >\n\t\t\t\t<div class=\"col-inner\"  >\n\t\t\t\n\t\t\t\n\n\t<div id=\"text-2588768237\" class=\"text\">\n\t\t\n\n<div style=\"padding-left: 10px;\">\n<div style=\"border-left: 3px #fe5e08 solid; padding-left: 20px\">\n<h4>1. Uzyskanie dost\u0119pu do lokalizacji w Shopify:<\/h4>\n<p>&#8211; Skontaktowanie si\u0119 z klientem w celu uzyskania rozszerzonych uprawnie\u0144 API, kt\u00f3re umo\u017cliwiaj\u0105 dost\u0119p do pe\u0142nej listy lokalizacji (magazyn\u00f3w) w Shopify.<\/p>\n<h4>2. Pobranie listy magazyn\u00f3w:<\/h4>\n<p>&#8211; Pobranie i zapisanie kluczowych danych, takich jak ID magazynu, jego nazwa oraz ewentualnie dodatkowe informacje, kt\u00f3re mog\u0105 by\u0107 u\u017cyteczne w dalszej konfiguracji.<\/p>\n<h4>3. Przypisanie magazyn\u00f3w do hurtowni:<\/h4>\n<p>&#8211; Wprowadzenie mechanizmu, kt\u00f3ry pozwala na mapowanie poszczeg\u00f3lnych magazyn\u00f3w (zidentyfikowanych przez ich ID) do okre\u015blonych hurtowni.<br \/>&#8211; Przechowywanie tych powi\u0105za\u0144 w konfiguracji integratora, aby by\u0142y one dost\u0119pne podczas ka\u017cdego cyklu importu danych.<\/p>\n<h4>4. Modyfikacja procesu importu danych:<\/h4>\n<p>&#8211; Zmodyfikowanie istniej\u0105cego procesu importu produkt\u00f3w i stan\u00f3w magazynowych w integratorze Megamo, aby uwzgl\u0119dnia\u0142 on <b>powi\u0105zania magazyn\u00f3w z hurtowniami<sup> [1]<\/sup><\/b>.<\/p>\n<h4>5. Testowanie i walidacja:<\/h4>\n<p>&#8211; Przeprowadzenie test\u00f3w, aby upewni\u0107 si\u0119, \u017ce nowa funkcjonalno\u015b\u0107 dzia\u0142a poprawnie, a stany magazynowe s\u0105 prawid\u0142owo przypisywane do okre\u015blonych magazyn\u00f3w w Shopify.<\/p>\n<\/div>\n<\/div>\n\n\t\t\n<style>\n#text-2588768237 {\n  font-size: 0.9rem;\n}\n<\/style>\n\t<\/div>\n\t\n<div class=\"row row-full-width casestudiesrowhs\"  id=\"row-2075326848\">\n\n\n\t<div id=\"col-1824197724\" class=\"col casestudiehs small-12 large-12\"  >\n\t\t\t\t<div class=\"col-inner\" style=\"background-color:rgb(245, 245, 245);\" >\n\t\t\t\n\t\t\t\n\n\t<div id=\"text-792207251\" class=\"text\">\n\t\t\n\n<h3 class=\"wp-block-heading\" style=\"margin: 0px;\">REZULTAT<\/h3>\n<p style=\"margin: 0px; font-size: 0.8rem; color: #003049\">jaki by\u0142 rezultat wdro\u017cenia<\/p>\n\n\t\t\n<style>\n#text-792207251 {\n  color: rgb(0, 131, 193);\n}\n#text-792207251 > * {\n  color: rgb(0, 131, 193);\n}\n<\/style>\n\t<\/div>\n\t\n\n\t\t<\/div>\n\t\t\t\t\n<style>\n#col-1824197724 > .col-inner {\n  padding: 4px 20px 4px 20px;\n  border-radius: 8px;\n}\n<\/style>\n\t<\/div>\n\n\t\n\n<\/div>\n\t<div id=\"text-547269240\" class=\"text\">\n\t\t\n\n<div style=\"padding-left: 10px;\">\n<div style=\"border-left: 3px #fe5e08 solid; padding-left: 20px\">\n<p>Dzi\u0119ki zastosowanemu rozwi\u0105zaniu, produkty z okre\u015blonej hurtowni s\u0105 automatycznie przypisywane do wybranego magazynu w Shopify. Pozwala to na dok\u0142adniejsze i bardziej zautomatyzowane zarz\u0105dzanie zapasami w wielu magazynach, co przek\u0142ada si\u0119 na lepsz\u0105 organizacj\u0119 logistyczn\u0105 oraz sprawniejsze realizowanie zam\u00f3wie\u0144.<\/p>\n<p><b>Je\u015bli chcesz zintegrowa\u0107 si\u0119 z hurtowniami i automatycznie zarz\u0105dza\u0107 lokalizacjami Shopify wed\u0142ug hurtowni &#8211; <a href=\"#contact-form\">skontaktuj si\u0119 z nami<\/a>.<\/b><\/p>\n<\/div>\n<\/div>\n\n\t\t\n<style>\n#text-547269240 {\n  font-size: 0.9rem;\n}\n<\/style>\n\t<\/div>\n\t\n\n\t\t<\/div>\n\t\t\t\t\t<\/div>\n\n\t\n\n\t<div id=\"col-1286928378\" class=\"col casestudiescol3 medium-3 small-12 large-3\"  >\n\t\t\t\t<div class=\"col-inner text-center\"  >\n\t\t\t\n\t\t\t\n\n\t<div class=\"img has-hover casestudiesimg x md-x lg-x y md-y lg-y\" id=\"image_2316976\">\n\t\t<a class=\"image-lightbox lightbox-gallery\" title=\"\" href=\"https:\/\/megamo.eu\/wp-content\/uploads\/2024\/11\/example_locations.webp\">\t\t\t\t\t\t<div class=\"img-inner image-fade-out dark\" >\n\t\t\t<img loading=\"lazy\" decoding=\"async\" width=\"868\" height=\"934\" src=\"https:\/\/megamo.eu\/wp-content\/uploads\/2024\/11\/example_locations.webp\" class=\"attachment-original size-original\" alt=\"\" srcset=\"https:\/\/megamo.eu\/wp-content\/uploads\/2024\/11\/example_locations.webp 868w, https:\/\/megamo.eu\/wp-content\/uploads\/2024\/11\/example_locations-372x400.webp 372w, https:\/\/megamo.eu\/wp-content\/uploads\/2024\/11\/example_locations-743x800.webp 743w, https:\/\/megamo.eu\/wp-content\/uploads\/2024\/11\/example_locations-768x826.webp 768w, https:\/\/megamo.eu\/wp-content\/uploads\/2024\/11\/example_locations-600x646.webp 600w\" sizes=\"(max-width: 868px) 100vw, 868px\" \/>\t\t\t\t\t\t\n\t\t\t\t\t<\/div>\n\t\t\t\t\t\t<\/a>\t\t\n<style>\n#image_2316976 {\n  width: 100%;\n}\n<\/style>\n\t<\/div>\n\t\n\n\t<div id=\"text-3182911311\" class=\"text\">\n\t\t\n\n<p font-size: 12px; margin-bottom: 1.3em;\">1. Efekt ko\u0144cowy wdro\u017cenia<\/p>\n\n\t\t\n<style>\n#text-3182911311 {\n  font-size: 0.8rem;\n}\n<\/style>\n\t<\/div>\n\t\n\n\t\t<\/div>\n\t\t\t\t\t<\/div>\n\n\t\n\n\n<style>\n#row-821059437 > .col > .col-inner {\n  padding: 0px 20px 0px 20px;\n}\n<\/style>\n<\/div>\n<div class=\"row row-collapse row-full-width row-divided\"  id=\"row-872065376\">\n\n\n\t<div id=\"col-40423061\" class=\"col casestudiescol2 medium-9 small-12 large-9\"  >\n\t\t\t\t<div class=\"col-inner\"  >\n\t\t\t\n\t\t\t\n\n<div class=\"row row-full-width casestudiesrowhs\"  id=\"row-1773212812\">\n\n\n\t<div id=\"col-1113772957\" class=\"col casestudiehs small-12 large-12\"  >\n\t\t\t\t<div class=\"col-inner\" style=\"background-color:rgb(245, 245, 245);\" >\n\t\t\t\n\t\t\t\n\n\t<div id=\"text-2404691840\" class=\"text\">\n\t\t\n\n<h3 class=\"wp-block-heading\" style=\"margin: 0px;\">WNIOSKI<\/h3>\n<p style=\"margin: 0px; font-size: 0.8rem; color: #003049\">wnioski wyci\u0105gni\u0119te podczas rozwi\u0105zywania problemu<\/p>\n\n\t\t\n<style>\n#text-2404691840 {\n  color: rgb(0, 131, 193);\n}\n#text-2404691840 > * {\n  color: rgb(0, 131, 193);\n}\n<\/style>\n\t<\/div>\n\t\n\n\t\t<\/div>\n\t\t\t\t\n<style>\n#col-1113772957 > .col-inner {\n  padding: 4px 20px 4px 20px;\n  border-radius: 8px;\n}\n<\/style>\n\t<\/div>\n\n\t\n\n<\/div>\n\t<div id=\"text-1249636741\" class=\"text\">\n\t\t\n\n<div style=\"padding-left: 10px;\">\n<div style=\"border-left: 3px #fe5e08 solid; padding-left: 20px\">\n<p>Wprowadzenie rozszerzonej funkcjonalno\u015bci integratora Megamo pozwala na pe\u0142ne wykorzystanie mo\u017cliwo\u015bci zarz\u0105dzania wieloma magazynami w Shopify. Dzi\u0119ki temu sklepy internetowe mog\u0105 efektywniej zarz\u0105dza\u0107 swoimi zapasami, co jest kluczowe w dynamicznie zmieniaj\u0105cym si\u0119 \u015brodowisku e-commerce. Implementacja tej funkcji odpowiada na realne potrzeby klient\u00f3w i znacz\u0105co poprawia operacyjno\u015b\u0107 ich sklep\u00f3w.<\/p>\n<\/div>\n<\/div>\n\n\t\t\n<style>\n#text-1249636741 {\n  font-size: 0.9rem;\n}\n<\/style>\n\t<\/div>\n\t\n\t<div id=\"gap-587573771\" class=\"gap-element clearfix hide-for-medium\" style=\"display:block; height:auto;\">\n\t\t\n<style>\n#gap-587573771 {\n  padding-top: 60px;\n}\n<\/style>\n\t<\/div>\n\t\n\n\n\t\t<\/div>\n\t\t\t\t\n<style>\n#col-40423061 > .col-inner {\n  padding: 0px 20px 0px 0px;\n}\n<\/style>\n\t<\/div>\n\n\t\n\n\t<div id=\"col-1113271083\" class=\"col casestudiescol3 medium-3 small-12 large-3\"  >\n\t\t\t\t<div class=\"col-inner text-center\"  >\n\t\t\t\n\t\t\t\n\n\t<div id=\"gap-1542831314\" class=\"gap-element clearfix show-for-small\" style=\"display:block; height:auto;\">\n\t\t\n<style>\n#gap-1542831314 {\n  padding-top: 60px;\n}\n<\/style>\n\t<\/div>\n\t\n\n\n\t\t<\/div>\n\t\t\t\t\n<style>\n#col-1113271083 > .col-inner {\n  padding: 0px 0px 0px 20px;\n}\n<\/style>\n\t<\/div>\n\n\t\n\n\n<style>\n#row-872065376 > .col > .col-inner {\n  padding: 0px 20px 0px 20px;\n}\n<\/style>\n<\/div>\n\n\t\t<\/div>\n\t\t\t\t\t<\/div>\n\n\t\n\n<\/div>\n\n\t\t<\/div>\n\n\t\t\n<style>\n#section_761560008 {\n  padding-top: 0px;\n  padding-bottom: 0px;\n  margin-bottom: 0px;\n}\n<\/style>\n\t<\/section>\n\t\n\n","protected":false},"excerpt":{"rendered":"","protected":false},"author":2,"featured_media":0,"parent":17910,"menu_order":0,"comment_status":"closed","ping_status":"closed","template":"","meta":{"_lmt_disableupdate":"","_lmt_disable":"","footnotes":""},"yoast_head":"<!-- This site is optimized with the Yoast SEO Premium plugin v21.8 (Yoast SEO v23.5) - https:\/\/yoast.com\/wordpress\/plugins\/seo\/ -->\n<title>Integracja wielu lokalizacji w Shopify z hurtowniami<\/title>\n<meta name=\"description\" content=\"Zautomatyzuj inwentaryzacj\u0119 w Shopify, integruj\u0105c si\u0119 z dostawcami i przypisuj\u0105c ich do wybranych lokalizacji.\" \/>\n<meta name=\"robots\" content=\"index, follow, max-snippet:-1, max-image-preview:large, max-video-preview:-1\" \/>\n<link rel=\"canonical\" href=\"https:\/\/megamo.eu\/pl\/case-studies\/integracja-wielu-lokalizacji-w-shopify-z-hurtowniami\/\" \/>\n<meta property=\"og:locale\" content=\"pl_PL\" \/>\n<meta property=\"og:type\" content=\"article\" \/>\n<meta property=\"og:title\" content=\"Integracja wielu lokalizacji w Shopify z hurtowniami\" \/>\n<meta property=\"og:description\" content=\"Zautomatyzuj inwentaryzacj\u0119 w Shopify, integruj\u0105c si\u0119 z dostawcami i przypisuj\u0105c ich do wybranych lokalizacji.\" \/>\n<meta property=\"og:url\" content=\"https:\/\/megamo.eu\/pl\/case-studies\/integracja-wielu-lokalizacji-w-shopify-z-hurtowniami\/\" \/>\n<meta property=\"og:site_name\" content=\"megamo.eu\" \/>\n<meta property=\"article:publisher\" content=\"https:\/\/www.facebook.com\/megamoeu\" \/>\n<meta property=\"article:modified_time\" content=\"2025-08-05T09:53:13+00:00\" \/>\n<meta name=\"twitter:card\" content=\"summary_large_image\" \/>\n<meta name=\"twitter:label1\" content=\"Szacowany czas czytania\" \/>\n\t<meta name=\"twitter:data1\" content=\"5 minut\" \/>\n<script type=\"application\/ld+json\" class=\"yoast-schema-graph\">{\"@context\":\"https:\/\/schema.org\",\"@graph\":[{\"@type\":\"WebPage\",\"@id\":\"https:\/\/megamo.eu\/pl\/case-studies\/integracja-wielu-lokalizacji-w-shopify-z-hurtowniami\/\",\"url\":\"https:\/\/megamo.eu\/pl\/case-studies\/integracja-wielu-lokalizacji-w-shopify-z-hurtowniami\/\",\"name\":\"Integracja wielu lokalizacji w Shopify z hurtowniami\",\"isPartOf\":{\"@id\":\"https:\/\/megamo.eu\/pl\/#website\"},\"datePublished\":\"2024-11-15T08:57:38+00:00\",\"dateModified\":\"2025-08-05T09:53:13+00:00\",\"description\":\"Zautomatyzuj inwentaryzacj\u0119 w Shopify, integruj\u0105c si\u0119 z dostawcami i przypisuj\u0105c ich do wybranych lokalizacji.\",\"breadcrumb\":{\"@id\":\"https:\/\/megamo.eu\/pl\/case-studies\/integracja-wielu-lokalizacji-w-shopify-z-hurtowniami\/#breadcrumb\"},\"inLanguage\":\"pl-PL\",\"potentialAction\":[{\"@type\":\"ReadAction\",\"target\":[\"https:\/\/megamo.eu\/pl\/case-studies\/integracja-wielu-lokalizacji-w-shopify-z-hurtowniami\/\"]}]},{\"@type\":\"BreadcrumbList\",\"@id\":\"https:\/\/megamo.eu\/pl\/case-studies\/integracja-wielu-lokalizacji-w-shopify-z-hurtowniami\/#breadcrumb\",\"itemListElement\":[{\"@type\":\"ListItem\",\"position\":1,\"name\":\"Home\",\"item\":\"https:\/\/megamo.eu\/pl\/\"},{\"@type\":\"ListItem\",\"position\":2,\"name\":\"Case studies\",\"item\":\"https:\/\/megamo.eu\/pl\/case-studies\/\"},{\"@type\":\"ListItem\",\"position\":3,\"name\":\"Integracja wielu lokalizacji w Shopify z hurtowniami\"}]},{\"@type\":\"WebSite\",\"@id\":\"https:\/\/megamo.eu\/pl\/#website\",\"url\":\"https:\/\/megamo.eu\/pl\/\",\"name\":\"megamo.eu\",\"description\":\"megamo.eu\",\"publisher\":{\"@id\":\"https:\/\/megamo.eu\/pl\/#organization\"},\"potentialAction\":[{\"@type\":\"SearchAction\",\"target\":{\"@type\":\"EntryPoint\",\"urlTemplate\":\"https:\/\/megamo.eu\/pl\/?s={search_term_string}\"},\"query-input\":{\"@type\":\"PropertyValueSpecification\",\"valueRequired\":true,\"valueName\":\"search_term_string\"}}],\"inLanguage\":\"pl-PL\"},{\"@type\":\"Organization\",\"@id\":\"https:\/\/megamo.eu\/pl\/#organization\",\"name\":\"Megamo\",\"alternateName\":\"mgo\",\"url\":\"https:\/\/megamo.eu\/pl\/\",\"logo\":{\"@type\":\"ImageObject\",\"inLanguage\":\"pl-PL\",\"@id\":\"https:\/\/megamo.eu\/pl\/#\/schema\/logo\/image\/\",\"url\":\"https:\/\/megamo.eu\/wp-content\/uploads\/2024\/02\/logo_small.png\",\"contentUrl\":\"https:\/\/megamo.eu\/wp-content\/uploads\/2024\/02\/logo_small.png\",\"width\":300,\"height\":113,\"caption\":\"Megamo\"},\"image\":{\"@id\":\"https:\/\/megamo.eu\/pl\/#\/schema\/logo\/image\/\"},\"sameAs\":[\"https:\/\/www.facebook.com\/megamoeu\",\"https:\/\/www.youtube.com\/@Megamo_en\"]}]}<\/script>\n<!-- \/ Yoast SEO Premium plugin. -->","yoast_head_json":{"title":"Integracja wielu lokalizacji w Shopify z hurtowniami","description":"Zautomatyzuj inwentaryzacj\u0119 w Shopify, integruj\u0105c si\u0119 z dostawcami i przypisuj\u0105c ich do wybranych lokalizacji.","robots":{"index":"index","follow":"follow","max-snippet":"max-snippet:-1","max-image-preview":"max-image-preview:large","max-video-preview":"max-video-preview:-1"},"canonical":"https:\/\/megamo.eu\/pl\/case-studies\/integracja-wielu-lokalizacji-w-shopify-z-hurtowniami\/","og_locale":"pl_PL","og_type":"article","og_title":"Integracja wielu lokalizacji w Shopify z hurtowniami","og_description":"Zautomatyzuj inwentaryzacj\u0119 w Shopify, integruj\u0105c si\u0119 z dostawcami i przypisuj\u0105c ich do wybranych lokalizacji.","og_url":"https:\/\/megamo.eu\/pl\/case-studies\/integracja-wielu-lokalizacji-w-shopify-z-hurtowniami\/","og_site_name":"megamo.eu","article_publisher":"https:\/\/www.facebook.com\/megamoeu","article_modified_time":"2025-08-05T09:53:13+00:00","twitter_card":"summary_large_image","twitter_misc":{"Szacowany czas czytania":"5 minut"},"schema":{"@context":"https:\/\/schema.org","@graph":[{"@type":"WebPage","@id":"https:\/\/megamo.eu\/pl\/case-studies\/integracja-wielu-lokalizacji-w-shopify-z-hurtowniami\/","url":"https:\/\/megamo.eu\/pl\/case-studies\/integracja-wielu-lokalizacji-w-shopify-z-hurtowniami\/","name":"Integracja wielu lokalizacji w Shopify z hurtowniami","isPartOf":{"@id":"https:\/\/megamo.eu\/pl\/#website"},"datePublished":"2024-11-15T08:57:38+00:00","dateModified":"2025-08-05T09:53:13+00:00","description":"Zautomatyzuj inwentaryzacj\u0119 w Shopify, integruj\u0105c si\u0119 z dostawcami i przypisuj\u0105c ich do wybranych lokalizacji.","breadcrumb":{"@id":"https:\/\/megamo.eu\/pl\/case-studies\/integracja-wielu-lokalizacji-w-shopify-z-hurtowniami\/#breadcrumb"},"inLanguage":"pl-PL","potentialAction":[{"@type":"ReadAction","target":["https:\/\/megamo.eu\/pl\/case-studies\/integracja-wielu-lokalizacji-w-shopify-z-hurtowniami\/"]}]},{"@type":"BreadcrumbList","@id":"https:\/\/megamo.eu\/pl\/case-studies\/integracja-wielu-lokalizacji-w-shopify-z-hurtowniami\/#breadcrumb","itemListElement":[{"@type":"ListItem","position":1,"name":"Home","item":"https:\/\/megamo.eu\/pl\/"},{"@type":"ListItem","position":2,"name":"Case studies","item":"https:\/\/megamo.eu\/pl\/case-studies\/"},{"@type":"ListItem","position":3,"name":"Integracja wielu lokalizacji w Shopify z hurtowniami"}]},{"@type":"WebSite","@id":"https:\/\/megamo.eu\/pl\/#website","url":"https:\/\/megamo.eu\/pl\/","name":"megamo.eu","description":"megamo.eu","publisher":{"@id":"https:\/\/megamo.eu\/pl\/#organization"},"potentialAction":[{"@type":"SearchAction","target":{"@type":"EntryPoint","urlTemplate":"https:\/\/megamo.eu\/pl\/?s={search_term_string}"},"query-input":{"@type":"PropertyValueSpecification","valueRequired":true,"valueName":"search_term_string"}}],"inLanguage":"pl-PL"},{"@type":"Organization","@id":"https:\/\/megamo.eu\/pl\/#organization","name":"Megamo","alternateName":"mgo","url":"https:\/\/megamo.eu\/pl\/","logo":{"@type":"ImageObject","inLanguage":"pl-PL","@id":"https:\/\/megamo.eu\/pl\/#\/schema\/logo\/image\/","url":"https:\/\/megamo.eu\/wp-content\/uploads\/2024\/02\/logo_small.png","contentUrl":"https:\/\/megamo.eu\/wp-content\/uploads\/2024\/02\/logo_small.png","width":300,"height":113,"caption":"Megamo"},"image":{"@id":"https:\/\/megamo.eu\/pl\/#\/schema\/logo\/image\/"},"sameAs":["https:\/\/www.facebook.com\/megamoeu","https:\/\/www.youtube.com\/@Megamo_en"]}]}},"_links":{"self":[{"href":"https:\/\/megamo.eu\/pl\/wp-json\/wp\/v2\/pages\/29755"}],"collection":[{"href":"https:\/\/megamo.eu\/pl\/wp-json\/wp\/v2\/pages"}],"about":[{"href":"https:\/\/megamo.eu\/pl\/wp-json\/wp\/v2\/types\/page"}],"author":[{"embeddable":true,"href":"https:\/\/megamo.eu\/pl\/wp-json\/wp\/v2\/users\/2"}],"replies":[{"embeddable":true,"href":"https:\/\/megamo.eu\/pl\/wp-json\/wp\/v2\/comments?post=29755"}],"version-history":[{"count":3,"href":"https:\/\/megamo.eu\/pl\/wp-json\/wp\/v2\/pages\/29755\/revisions"}],"predecessor-version":[{"id":29759,"href":"https:\/\/megamo.eu\/pl\/wp-json\/wp\/v2\/pages\/29755\/revisions\/29759"}],"up":[{"embeddable":true,"href":"https:\/\/megamo.eu\/pl\/wp-json\/wp\/v2\/pages\/17910"}],"wp:attachment":[{"href":"https:\/\/megamo.eu\/pl\/wp-json\/wp\/v2\/media?parent=29755"}],"curies":[{"name":"wp","href":"https:\/\/api.w.org\/{rel}","templated":true}]}}