{"id":2872,"date":"2024-04-05T14:12:39","date_gmt":"2024-04-05T12:12:39","guid":{"rendered":"https:\/\/megamo.eu\/customize-your-online-store\/"},"modified":"2025-12-23T15:01:04","modified_gmt":"2025-12-23T14:01:04","slug":"personalizacja-sklepu-internetowego","status":"publish","type":"page","link":"https:\/\/megamo.eu\/pl\/personalizacja-sklepu-internetowego\/","title":{"rendered":"Personalizacja sklepu internetowego"},"content":{"rendered":"\n\t<div id=\"gap-841096554\" class=\"gap-element clearfix\" style=\"display:block; height:auto;\">\n\t\t\n<style>\n#gap-841096554 {\n  padding-top: 60px;\n}\n<\/style>\n\t<\/div>\n\t\n\n\t<section class=\"section\" id=\"section_1514702034\">\n\t\t<div class=\"bg section-bg fill bg-fill  bg-loaded\" >\n\n\t\t\t\n\t\t\t\n\t\t\t\n\n\t\t<\/div>\n\n\t\t\n\n\t\t<div class=\"section-content relative\">\n\t\t\t\n\n<div class=\"row align-middle\"  id=\"row-1352153967\">\n\n\n\t<div id=\"col-1549166597\" class=\"col medium-6 small-12 large-6\"  >\n\t\t\t\t<div class=\"col-inner text-center\"  >\n\t\t\t\n\t\t\t\n\n\t<div id=\"text-2688234676\" class=\"text\">\n\t\t\n\n<h1>Dostosuj sw\u00f3j sklep internetowy<\/h1>\n\t\t\n<style>\n#text-2688234676 {\n  font-size: 1.3rem;\n  text-align: center;\n}\n@media (min-width:550px) {\n  #text-2688234676 {\n    text-align: left;\n  }\n}\n<\/style>\n\t<\/div>\n\t\n\t<div id=\"text-2164966027\" class=\"text\">\n\t\t\n\n<p><b>Us\u0142ugi modyfikacji stron internetowych<\/b><\/p>\n\t\t\n<style>\n#text-2164966027 {\n  font-size: 1.1rem;\n  text-align: center;\n  color: rgb(254, 94, 8);\n}\n#text-2164966027 > * {\n  color: rgb(254, 94, 8);\n}\n@media (min-width:550px) {\n  #text-2164966027 {\n    text-align: left;\n  }\n}\n<\/style>\n\t<\/div>\n\t\n\t<div id=\"text-4222504184\" class=\"text\">\n\t\t\n\n<p>Specjalizujemy si\u0119 w o\u017cywianiu Twojego sklepu internetowego oraz strony internetowej. W dzisiejszych czasach, posiadanie strony, kt\u00f3ra si\u0119 wyr\u00f3\u017cnia, nie jest ju\u017c tylko wyborem \u2013 <b>to absolutna potrzeba.<\/b> I tu w\u0142a\u015bnie wkraczamy my.<\/p>\n<p>Podj\u0119cie pierwszego kroku w kierunku wyr\u00f3\u017cnienia Twojej marki zaczyna si\u0119 tutaj. Przygotujmy razem stron\u0119 internetow\u0105, kt\u00f3ra spe\u0142ni oczekiwania Twojej firmy i na kt\u00f3r\u0105 ona zas\u0142uguje.<\/p>\n\t\t\n<style>\n#text-4222504184 {\n  text-align: center;\n}\n@media (min-width:550px) {\n  #text-4222504184 {\n    text-align: left;\n  }\n}\n<\/style>\n\t<\/div>\n\t\n\n\t\t<\/div>\n\t\t\t\t\t<\/div>\n\n\t\n\n\t<div id=\"col-1945684006\" class=\"col medium-6 small-12 large-6 small-col-first\"  >\n\t\t\t\t<div class=\"col-inner\"  >\n\t\t\t\n\t\t\t\n\n\t<div class=\"img has-hover x md-x lg-x y md-y lg-y\" id=\"image_1675358452\">\n\t\t\t\t\t\t\t\t<div class=\"img-inner dark\" >\n\t\t\t<img loading=\"lazy\" decoding=\"async\" width=\"700\" height=\"467\" src=\"https:\/\/megamo.eu\/wp-content\/uploads\/2024\/04\/customize_website.webp\" class=\"attachment-original size-original\" alt=\"Customize your website\" srcset=\"https:\/\/megamo.eu\/wp-content\/uploads\/2024\/04\/customize_website.webp 700w, https:\/\/megamo.eu\/wp-content\/uploads\/2024\/04\/customize_website-600x400.webp 600w\" sizes=\"(max-width: 700px) 100vw, 700px\" \/>\t\t\t\t\t\t\n\t\t\t\t\t<\/div>\n\t\t\t\t\t\t\t\t\n<style>\n#image_1675358452 {\n  width: 100%;\n}\n<\/style>\n\t<\/div>\n\t\n\n\n\t\t<\/div>\n\t\t\t\t\t<\/div>\n\n\t\n\n<\/div>\n\n\t\t<\/div>\n\n\t\t\n<style>\n#section_1514702034 {\n  padding-top: 30px;\n  padding-bottom: 30px;\n}\n<\/style>\n\t<\/section>\n\t\n\t<div id=\"gap-1675753720\" class=\"gap-element clearfix\" style=\"display:block; height:auto;\">\n\t\t\n<style>\n#gap-1675753720 {\n  padding-top: 80px;\n}\n<\/style>\n\t<\/div>\n\t\n\n\t<section class=\"section\" id=\"section_60254216\">\n\t\t<div class=\"bg section-bg fill bg-fill  bg-loaded\" >\n\n\t\t\t\n\t\t\t\n\t\t\t\n\n\t\t<\/div>\n\n\t\t\n\n\t\t<div class=\"section-content relative\">\n\t\t\t\n\n<div class=\"row\"  id=\"row-663242758\">\n\n\n\t<div id=\"col-1959550306\" class=\"col small-12 large-12\"  >\n\t\t\t\t<div class=\"col-inner\"  >\n\t\t\t\n\t\t\t\n\n\t<div id=\"text-595193810\" class=\"text\">\n\t\t\n\n<h2 style=\"padding-bottom: 20px; border-bottom: 10px dashed #fe5e08;\">ZMODERNIZUJ SWOJ\u0104 WITRYN\u0118 LUB SKLEP INTERNETOWY<\/h2>\n\t\t\n<style>\n#text-595193810 {\n  font-size: 1.2rem;\n  text-align: center;\n}\n<\/style>\n\t<\/div>\n\t\n\t<div id=\"gap-33597800\" class=\"gap-element clearfix\" style=\"display:block; height:auto;\">\n\t\t\n<style>\n#gap-33597800 {\n  padding-top: 40px;\n}\n<\/style>\n\t<\/div>\n\t\n\n<div class=\"row\"  id=\"row-571182644\">\n\n\n\t<div id=\"col-513849097\" class=\"col medium-6 small-12 large-6\"  >\n\t\t\t\t<div class=\"col-inner text-center\"  >\n\t\t\t\n\t<div class=\"is-border\"\n\t\tstyle=\"border-color:rgb(192, 192, 192);border-radius:15px;border-width:1px 1px 1px 1px;\">\n\t<\/div>\n\t\t\t\n\n\t<div id=\"text-673556572\" class=\"text\">\n\t\t\n\n<p>PERSONALIZACJA WITRYNY<\/p>\n\t\t\n<style>\n#text-673556572 {\n  font-size: 1.3rem;\n  text-align: center;\n}\n<\/style>\n\t<\/div>\n\t\n\t<div class=\"img has-hover x md-x lg-x y md-y lg-y\" id=\"image_788727445\">\n\t\t\t\t\t\t\t\t<div class=\"img-inner dark\" style=\"margin:10px 0px 20px 0px;\">\n\t\t\t<img loading=\"lazy\" decoding=\"async\" width=\"700\" height=\"467\" src=\"https:\/\/megamo.eu\/wp-content\/uploads\/2024\/04\/customize_website.webp\" class=\"attachment-original size-original\" alt=\"Customize your website\" srcset=\"https:\/\/megamo.eu\/wp-content\/uploads\/2024\/04\/customize_website.webp 700w, https:\/\/megamo.eu\/wp-content\/uploads\/2024\/04\/customize_website-600x400.webp 600w\" sizes=\"(max-width: 700px) 100vw, 700px\" \/>\t\t\t\t\t\t\n\t\t\t\t\t<\/div>\n\t\t\t\t\t\t\t\t\n<style>\n#image_788727445 {\n  width: 35%;\n}\n<\/style>\n\t<\/div>\n\t\n\n\t<div id=\"text-2512797582\" class=\"text\">\n\t\t\n\n<p style=\"margin-bottom:0;\">wype\u0142nij formularz<\/p>\n\t\t\n<style>\n#text-2512797582 {\n  font-size: 2.4rem;\n  text-align: center;\n}\n<\/style>\n\t<\/div>\n\t\n\t<div id=\"text-1990801859\" class=\"text\">\n\t\t\n\n<p style=\"margin-bottom: 35px;\">indywidualna wycena<\/p>\n\t\t\n<style>\n#text-1990801859 {\n  font-size: 1.3rem;\n}\n<\/style>\n\t<\/div>\n\t\n\n\n<a class=\"button primary\" href=\"https:\/\/forms.clickup.com\/9012257574\/f\/8cjr8t6-7732\/1TM0ZVNJ98ZTT5DLXX\" target=\"_blank\" rel=\"noopener\">Zam\u00f3w<\/a>\n\n\n\t\t<\/div>\n\t\t\t\t\n<style>\n#col-513849097 > .col-inner {\n  padding: 30px 30px 30px 30px;\n}\n<\/style>\n\t<\/div>\n\n\t\n\n\t<div id=\"col-946192787\" class=\"col medium-6 small-12 large-6\"  >\n\t\t\t\t<div class=\"col-inner\"  >\n\t\t\t\n\t\t\t\n\n\n\n<div style=\"border-left: 4px #fe5e08 solid; padding-left: 20px\">\n<h2 style=\"text-transform: uppercase;\">ZMIANY W SZABLONIE<\/h2><h3 style=\"color: #fe5e08;\">Poprawa estetyki<\/h3><p>Zmodyfikujemy czcionki, palet\u0119 kolor\u00f3w, uk\u0142ad element\u00f3w, dodamy nowe kategorie oraz wprowadzimy niestandardowe funkcje lub ca\u0142kowicie zmienimy motyw strony, aby lepiej odda\u0107 charakter Twojej marki.<\/p>\n<\/div>\n\n\n\n<div style=\"border-left: 4px #089de3 solid; padding-left: 20px\">\n<h2 style=\"text-transform: uppercase;\">AKTUALIZACJA SYSTEMU<\/h2><h3 style=\"color: #089de3;\">Zwi\u0119kszenie wydajno\u015bci<\/h3><p>Dokonamy aktualizacji wtyczek, element\u00f3w strony oraz samego systemu, na kt\u00f3rym opiera si\u0119 Tw\u00f3j sklep, aby zapewni\u0107 p\u0142ynne i szybkie dzia\u0142anie.<\/p>\n<\/div>\n\n\n\n<div style=\"border-left: 4px #fe5e08 solid; padding-left: 20px\">\n<h2 style=\"text-transform: uppercase;\">DODANIE NOWYCH FUNKCJONALNO\u015aCI<\/h2><h3 style=\"color: #fe5e08;\">Ulepszenie do\u015bwiadczenia u\u017cytkownika<\/h3><p>Aktywujemy, zintegrujemy i dostosujemy nowe lub istniej\u0105ce funkcje w Twoim sklepie lub stworzymy unikalne rozwi\u0105zania dostosowane do potrzeb Twoich klient\u00f3w.<\/p>\n<\/div>\n\n\n\n<div style=\"border-left: 4px #089de3 solid; padding-left: 20px\">\n<h2 style=\"text-transform: uppercase;\">INTEGRACJA Z ZEWN\u0118TRZNYMI PLATFORMAMI<\/h2><h3 style=\"color: #089de3;\">Usprawnienie zarz\u0105dzania<\/h3><p>Po\u0142\u0105czymy Tw\u00f3j sklep z zewn\u0119trznymi systemami p\u0142atno\u015bci, zarz\u0105dzania produktami oraz wprowadzimy narz\u0119dzia analityczne od Google i innych, by u\u0142atwi\u0107 zarz\u0105dzanie sklepem.<\/p>\n<\/div>\n\n\n\n<div style=\"border-left: 4px #fe5e08 solid; padding-left: 20px\">\n<h2 style=\"text-transform: uppercase;\">INTEGRACJA Z MARKETPLACE&#8217;AMI<\/h2><h3 style=\"color: #fe5e08;\">Rozw\u00f3j marki<\/h3><p>Zapewnimy integracj\u0119 Twojego sklepu z platformami takimi jak Amazon, Allegro, eBay itp., aby poszerzy\u0107 zasi\u0119g Twojej marki.<\/p>\n<\/div>\n\n\n\n<div style=\"border-left: 4px #089de3 solid; padding-left: 20px\">\n<h2 style=\"text-transform: uppercase;\">OBS\u0141UGA GRAFIKI<\/h2><h3 style=\"color: #089de3;\">Optymalizacja strony<\/h3><p>Przekonwertujemy obrazy o wi\u0119kszych rozmiarach i formatach na l\u017cejsze wersje, takie jak WEBP, stworzymy grafik\u0119 lub wska\u017cemy \u017ar\u00f3d\u0142a do znalezienia odpowiednich obraz\u00f3w.<\/p>\n<\/div>\n\n\n\t\t<\/div>\n\t\t\t\t\t<\/div>\n\n\t\n\n<\/div>\n\t<div id=\"text-2328791983\" class=\"text\">\n\t\t\n\n<h2 style=\"padding-bottom: 20px; border-bottom: 10px dashed #fe5e08;\"><\/h2>\n\t\t\n<style>\n#text-2328791983 {\n  font-size: 1.2rem;\n  text-align: center;\n}\n<\/style>\n\t<\/div>\n\t\n\n\t\t<\/div>\n\t\t\t\t\t<\/div>\n\n\t\n\n<\/div>\n<div class=\"row\"  id=\"row-2108153405\">\n\n\n\t<div id=\"col-1386869048\" class=\"col medium-6 small-12 large-6\"  >\n\t\t\t\t<div class=\"col-inner text-center\"  >\n\t\t\t\n\t<div class=\"is-border\"\n\t\tstyle=\"border-color:rgb(192, 192, 192);border-radius:15px;border-width:1px 1px 1px 1px;\">\n\t<\/div>\n\t\t\t\n\n\t<div id=\"text-3103423145\" class=\"text\">\n\t\t\n\n<p>GENEROWANIE OPIS\u00d3W PRODUKT\u00d3W AI\n<\/p>\n\t\t\n<style>\n#text-3103423145 {\n  font-size: 1.3rem;\n  text-align: center;\n}\n<\/style>\n\t<\/div>\n\t\n\t<div class=\"img has-hover x md-x lg-x y md-y lg-y\" id=\"image_839984322\">\n\t\t\t\t\t\t\t\t<div class=\"img-inner dark\" style=\"margin:10px 0px 20px 0px;\">\n\t\t\t<img loading=\"lazy\" decoding=\"async\" width=\"989\" height=\"898\" src=\"https:\/\/megamo.eu\/wp-content\/uploads\/2025\/04\/generating_design.webp\" class=\"attachment-original size-original\" alt=\"\" srcset=\"https:\/\/megamo.eu\/wp-content\/uploads\/2025\/04\/generating_design.webp 989w, https:\/\/megamo.eu\/wp-content\/uploads\/2025\/04\/generating_design-441x400.webp 441w, https:\/\/megamo.eu\/wp-content\/uploads\/2025\/04\/generating_design-881x800.webp 881w, https:\/\/megamo.eu\/wp-content\/uploads\/2025\/04\/generating_design-768x697.webp 768w, https:\/\/megamo.eu\/wp-content\/uploads\/2025\/04\/generating_design-600x545.webp 600w\" sizes=\"(max-width: 989px) 100vw, 989px\" \/>\t\t\t\t\t\t\n\t\t\t\t\t<\/div>\n\t\t\t\t\t\t\t\t\n<style>\n#image_839984322 {\n  width: 26%;\n}\n<\/style>\n\t<\/div>\n\t\n\n\t<div id=\"text-1383714076\" class=\"text\">\n\t\t\n\n<p style=\"margin-bottom:0;\">sprawd\u017a t\u0119 funkcj\u0119<\/p>\n\t\t\n<style>\n#text-1383714076 {\n  font-size: 2.4rem;\n  text-align: center;\n}\n<\/style>\n\t<\/div>\n\t\n\t<div id=\"text-2735216559\" class=\"text\">\n\t\t\n\n<p style=\"margin-bottom: 35px;\">indywidualna wycena<\/p>\n\t\t\n<style>\n#text-2735216559 {\n  font-size: 1.3rem;\n}\n<\/style>\n\t<\/div>\n\t\n\n\n<a class=\"button primary\" href=\"\/pl\/generowanie-opisow-produktow-ai\/\">Przejd\u017a do strony<\/a>\n\n\n\t\t<\/div>\n\t\t\t\t\n<style>\n#col-1386869048 > .col-inner {\n  padding: 30px 30px 30px 30px;\n}\n<\/style>\n\t<\/div>\n\n\t\n\n\t<div id=\"col-843896374\" class=\"col medium-6 small-12 large-6\"  >\n\t\t\t\t<div class=\"col-inner text-center\"  >\n\t\t\t\n\t<div class=\"is-border\"\n\t\tstyle=\"border-color:rgb(192, 192, 192);border-radius:15px;border-width:1px 1px 1px 1px;\">\n\t<\/div>\n\t\t\t\n\n\t<div id=\"text-2267802252\" class=\"text\">\n\t\t\n\n<p>T\u0141UMACZENIA PRODUKT\u00d3W\n<\/p>\n\t\t\n<style>\n#text-2267802252 {\n  font-size: 1.3rem;\n  text-align: center;\n}\n<\/style>\n\t<\/div>\n\t\n\t<div class=\"img has-hover x md-x lg-x y md-y lg-y\" id=\"image_367033372\">\n\t\t\t\t\t\t\t\t<div class=\"img-inner dark\" style=\"margin:10px 0px 20px 0px;\">\n\t\t\t<img loading=\"lazy\" decoding=\"async\" width=\"700\" height=\"467\" src=\"https:\/\/megamo.eu\/wp-content\/uploads\/2024\/02\/translate_xml_csv_colors.webp\" class=\"attachment-original size-original\" alt=\"Translation of supplier files\" srcset=\"https:\/\/megamo.eu\/wp-content\/uploads\/2024\/02\/translate_xml_csv_colors.webp 700w, https:\/\/megamo.eu\/wp-content\/uploads\/2024\/02\/translate_xml_csv_colors-600x400.webp 600w\" sizes=\"(max-width: 700px) 100vw, 700px\" \/>\t\t\t\t\t\t\n\t\t\t\t\t<\/div>\n\t\t\t\t\t\t\t\t\n<style>\n#image_367033372 {\n  width: 35%;\n}\n<\/style>\n\t<\/div>\n\t\n\n\t<div id=\"text-1599300361\" class=\"text\">\n\t\t\n\n<p style=\"margin-bottom:0;\">sprawd\u017a t\u0119 funkcj\u0119<\/p>\n\t\t\n<style>\n#text-1599300361 {\n  font-size: 2.4rem;\n  text-align: center;\n}\n<\/style>\n\t<\/div>\n\t\n\t<div id=\"text-3283221819\" class=\"text\">\n\t\t\n\n<p style=\"margin-bottom: 35px;\">indywidualna wycena<\/p>\n\t\t\n<style>\n#text-3283221819 {\n  font-size: 1.3rem;\n}\n<\/style>\n\t<\/div>\n\t\n\n\n<a class=\"button primary\" href=\"\/pl\/tlumaczenie-plikow-hurtowni-xml-csv\/\">Przejd\u017a do strony<\/a>\n\n\n\t\t<\/div>\n\t\t\t\t\n<style>\n#col-843896374 > .col-inner {\n  padding: 30px 30px 30px 30px;\n}\n<\/style>\n\t<\/div>\n\n\t\n\n<\/div>\n\n\t\t<\/div>\n\n\t\t\n<style>\n#section_60254216 {\n  padding-top: 0px;\n  padding-bottom: 0px;\n}\n<\/style>\n\t<\/section>\n\t\n\t<div id=\"gap-1105044316\" class=\"gap-element clearfix\" style=\"display:block; height:auto;\">\n\t\t\n<style>\n#gap-1105044316 {\n  padding-top: 80px;\n}\n<\/style>\n\t<\/div>\n\t\n\n\t<section class=\"section\" id=\"section_22109234\">\n\t\t<div class=\"bg section-bg fill bg-fill  bg-loaded\" >\n\n\t\t\t\n\t\t\t\n\t\t\t\n\n\t\t<\/div>\n\n\t\t\n\n\t\t<div class=\"section-content relative\">\n\t\t\t\n\n<div class=\"row\"  id=\"row-263115097\">\n\n\n\t<div id=\"col-1440961652\" class=\"col small-12 large-12\"  >\n\t\t\t\t<div class=\"col-inner\"  >\n\t\t\t\n\t\t\t\n\n\t<div id=\"text-2038803710\" class=\"text\">\n\t\t\n\n<h2>Pytania i odpowiedzi<\/h2>\n\t\t\n<style>\n#text-2038803710 {\n  font-size: 1.2rem;\n  text-align: center;\n}\n<\/style>\n\t<\/div>\n\t\n<div class=\"row\"  id=\"row-856630283\">\n\n\n\t<div id=\"col-1223311138\" class=\"col medium-6 small-12 large-6\"  >\n\t\t\t\t<div class=\"col-inner\"  >\n\t\t\t\n\t\t\t\n\n<div style=\"border-left: 4px #fe5e08 solid; padding-left: 20px\">\n<p><b>Jak d\u0142ugo zwykle trwa projekt zmian na stronie internetowej?<\/b><br >Czas potrzebny na dokonanie modyfikacji strony internetowej zale\u017cy od stopnia z\u0142o\u017cono\u015bci i zakresu wymaganych zmian. Po otrzymaniu od Ciebie formularza z zapytaniem, dokonamy wyceny i okre\u015blimy, ile czasu zajmie realizacja Twojego projektu.<\/p>\n<\/div>\n<div style=\"border-left: 4px #fe5e08 solid; padding-left: 20px\">\n<p><b>Czy w trakcie wprowadzania zmian moja strona b\u0119dzie niedost\u0119pna?<\/b><br >Nasz cel to zminimalizowanie wszelkich niedogodno\u015bci zwi\u0105zanych z dost\u0119pno\u015bci\u0105 Twojej strony. Wi\u0119kszo\u015b\u0107 prac przeprowadzamy na wersji testowej strony, co oznacza, \u017ce dzia\u0142alno\u015b\u0107 Twojej obecnej witryny nie jest zak\u0142\u00f3cana a\u017c do momentu zako\u0144czenia i zatwierdzenia modyfikacji. Je\u017celi jednak zajdzie potrzeba tymczasowego wy\u0142\u0105czenia strony, do\u0142o\u017cymy stara\u0144, by odby\u0142o si\u0119 to w godzinach o najni\u017cszym ruchu, i b\u0119dziemy Ci\u0119 na bie\u017c\u0105co informowa\u0107 o wszystkim.<\/p>\n<\/div>\n\n\t\t<\/div>\n\t\t\t\t\t<\/div>\n\n\t\n\n\t<div id=\"col-1323443175\" class=\"col medium-6 small-12 large-6\"  >\n\t\t\t\t<div class=\"col-inner\"  >\n\t\t\t\n\t\t\t\n\n<div style=\"border-left: 4px #fe5e08 solid; padding-left: 20px\">\n<p><b>Czy jest mo\u017cliwe zintegrowanie nowych funkcji lub technologii z moj\u0105 obecn\u0105 stron\u0105?<\/b><br \/>Tak, nasz zesp\u00f3\u0142 specjalist\u00f3w posiada umiej\u0119tno\u015bci potrzebne do w\u0142\u0105czenia r\u00f3\u017cnorodnych funkcji i najnowszych technologii do Twojej istniej\u0105cej strony internetowej. Bez wzgl\u0119du na to, czy chodzi o rozwi\u0105zania e-commerce, bramki p\u0142atno\u015bci, niestandardowe wtyczki czy interfejsy API, zapewniamy p\u0142ynn\u0105 integracj\u0119, kt\u00f3ra nie tylko podniesie funkcjonalno\u015b\u0107 i u\u017cyteczno\u015b\u0107 Twojej witryny, ale te\u017c utrzyma jej stabilno\u015b\u0107 i wydajno\u015b\u0107.<\/p>\n<\/div>\n<div style=\"border-left: 4px #fe5e08 solid; padding-left: 20px\">\n<p><b>Jak mog\u0119 zainicjowa\u0107 projekt modyfikacji mojej strony internetowej?<\/b><br >Rozpocz\u0119cie projektu jest \u0142atwe. Wystarczy, \u017ce skontaktujesz si\u0119 z nami poprzez wype\u0142nienie formularza kontaktowego na naszej stronie. Nast\u0119pnie przedstawimy Ci propozycj\u0119 projektu, kt\u00f3ra zawiera\u0107 b\u0119dzie zakres prac, harmonogram oraz szacunkowy bud\u017cet. Po Twojej akceptacji propozycji rozpoczniemy prac\u0119 nad projektem, utrzymuj\u0105c z Tob\u0105 sta\u0142y kontakt na ka\u017cdym etapie realizacji.<\/p>\n<\/div>\n\n\t\t<\/div>\n\t\t\t\t\t<\/div>\n\n\t\n\n\n<style>\n#row-856630283 > .col > .col-inner {\n  padding: 30px 0px 0px 0px;\n}\n<\/style>\n<\/div>\n<div class=\"row\"  id=\"row-1174742696\">\n\n\n\t<div id=\"col-960925069\" class=\"col small-12 large-12\"  >\n\t\t\t\t<div class=\"col-inner text-center\"  >\n\t\t\t\n\t\t\t\n\n<a href=\"#contact-form\" class=\"button primary\"  >\n    <span>Masz inne pytania? Skontaktuj si\u0119 z nami<\/span>\n  <\/a>\n\n\n\n\t\t<\/div>\n\t\t\t\t\t<\/div>\n\n\t\n\n<\/div>\n\n\t\t<\/div>\n\t\t\t\t\t<\/div>\n\n\t\n\n<\/div>\n\n\t\t<\/div>\n\n\t\t\n<style>\n#section_22109234 {\n  padding-top: 30px;\n  padding-bottom: 30px;\n  background-color: #f9f9f9;\n}\n<\/style>\n\t<\/section>\n\t\n\n","protected":false},"excerpt":{"rendered":"","protected":false},"author":2,"featured_media":0,"parent":0,"menu_order":0,"comment_status":"closed","ping_status":"closed","template":"","meta":{"_lmt_disableupdate":"","_lmt_disable":"","footnotes":""},"yoast_head":"<!-- This site is optimized with the Yoast SEO Premium plugin v21.8 (Yoast SEO v23.5) - https:\/\/yoast.com\/wordpress\/plugins\/seo\/ -->\n<title>Personalizacja sklepu internetowego<\/title>\n<meta name=\"description\" content=\"Zwi\u0119ksz swoj\u0105 sprzeda\u017c dzi\u0119ki naszym specjalistycznym us\u0142ugom modyfikacji witryn internetowych i platform e-commerce.\" \/>\n<meta name=\"robots\" content=\"index, follow, max-snippet:-1, max-image-preview:large, max-video-preview:-1\" \/>\n<link rel=\"canonical\" href=\"https:\/\/megamo.eu\/pl\/personalizacja-sklepu-internetowego\/\" \/>\n<meta property=\"og:locale\" content=\"pl_PL\" \/>\n<meta property=\"og:type\" content=\"article\" \/>\n<meta property=\"og:title\" content=\"Personalizacja sklepu internetowego\" \/>\n<meta property=\"og:description\" content=\"Zwi\u0119ksz swoj\u0105 sprzeda\u017c dzi\u0119ki naszym specjalistycznym us\u0142ugom modyfikacji witryn internetowych i platform e-commerce.\" \/>\n<meta property=\"og:url\" content=\"https:\/\/megamo.eu\/pl\/personalizacja-sklepu-internetowego\/\" \/>\n<meta property=\"og:site_name\" content=\"megamo.eu\" \/>\n<meta property=\"article:publisher\" content=\"https:\/\/www.facebook.com\/megamoeu\" \/>\n<meta property=\"article:modified_time\" content=\"2025-12-23T14:01:04+00:00\" \/>\n<meta name=\"twitter:card\" content=\"summary_large_image\" \/>\n<meta name=\"twitter:label1\" content=\"Szacowany czas czytania\" \/>\n\t<meta name=\"twitter:data1\" content=\"4 minuty\" \/>\n<script type=\"application\/ld+json\" class=\"yoast-schema-graph\">{\"@context\":\"https:\/\/schema.org\",\"@graph\":[{\"@type\":\"WebPage\",\"@id\":\"https:\/\/megamo.eu\/pl\/personalizacja-sklepu-internetowego\/\",\"url\":\"https:\/\/megamo.eu\/pl\/personalizacja-sklepu-internetowego\/\",\"name\":\"Personalizacja sklepu internetowego\",\"isPartOf\":{\"@id\":\"https:\/\/megamo.eu\/pl\/#website\"},\"datePublished\":\"2024-04-05T12:12:39+00:00\",\"dateModified\":\"2025-12-23T14:01:04+00:00\",\"description\":\"Zwi\u0119ksz swoj\u0105 sprzeda\u017c dzi\u0119ki naszym specjalistycznym us\u0142ugom modyfikacji witryn internetowych i platform e-commerce.\",\"breadcrumb\":{\"@id\":\"https:\/\/megamo.eu\/pl\/personalizacja-sklepu-internetowego\/#breadcrumb\"},\"inLanguage\":\"pl-PL\",\"potentialAction\":[{\"@type\":\"ReadAction\",\"target\":[\"https:\/\/megamo.eu\/pl\/personalizacja-sklepu-internetowego\/\"]}]},{\"@type\":\"BreadcrumbList\",\"@id\":\"https:\/\/megamo.eu\/pl\/personalizacja-sklepu-internetowego\/#breadcrumb\",\"itemListElement\":[{\"@type\":\"ListItem\",\"position\":1,\"name\":\"Home\",\"item\":\"https:\/\/megamo.eu\/pl\/\"},{\"@type\":\"ListItem\",\"position\":2,\"name\":\"Personalizacja sklepu internetowego\"}]},{\"@type\":\"WebSite\",\"@id\":\"https:\/\/megamo.eu\/pl\/#website\",\"url\":\"https:\/\/megamo.eu\/pl\/\",\"name\":\"megamo.eu\",\"description\":\"megamo.eu\",\"publisher\":{\"@id\":\"https:\/\/megamo.eu\/pl\/#organization\"},\"potentialAction\":[{\"@type\":\"SearchAction\",\"target\":{\"@type\":\"EntryPoint\",\"urlTemplate\":\"https:\/\/megamo.eu\/pl\/?s={search_term_string}\"},\"query-input\":{\"@type\":\"PropertyValueSpecification\",\"valueRequired\":true,\"valueName\":\"search_term_string\"}}],\"inLanguage\":\"pl-PL\"},{\"@type\":\"Organization\",\"@id\":\"https:\/\/megamo.eu\/pl\/#organization\",\"name\":\"Megamo\",\"alternateName\":\"mgo\",\"url\":\"https:\/\/megamo.eu\/pl\/\",\"logo\":{\"@type\":\"ImageObject\",\"inLanguage\":\"pl-PL\",\"@id\":\"https:\/\/megamo.eu\/pl\/#\/schema\/logo\/image\/\",\"url\":\"https:\/\/megamo.eu\/wp-content\/uploads\/2024\/02\/logo_small.png\",\"contentUrl\":\"https:\/\/megamo.eu\/wp-content\/uploads\/2024\/02\/logo_small.png\",\"width\":300,\"height\":113,\"caption\":\"Megamo\"},\"image\":{\"@id\":\"https:\/\/megamo.eu\/pl\/#\/schema\/logo\/image\/\"},\"sameAs\":[\"https:\/\/www.facebook.com\/megamoeu\",\"https:\/\/www.youtube.com\/@Megamo_en\"]}]}<\/script>\n<!-- \/ Yoast SEO Premium plugin. -->","yoast_head_json":{"title":"Personalizacja sklepu internetowego","description":"Zwi\u0119ksz swoj\u0105 sprzeda\u017c dzi\u0119ki naszym specjalistycznym us\u0142ugom modyfikacji witryn internetowych i platform e-commerce.","robots":{"index":"index","follow":"follow","max-snippet":"max-snippet:-1","max-image-preview":"max-image-preview:large","max-video-preview":"max-video-preview:-1"},"canonical":"https:\/\/megamo.eu\/pl\/personalizacja-sklepu-internetowego\/","og_locale":"pl_PL","og_type":"article","og_title":"Personalizacja sklepu internetowego","og_description":"Zwi\u0119ksz swoj\u0105 sprzeda\u017c dzi\u0119ki naszym specjalistycznym us\u0142ugom modyfikacji witryn internetowych i platform e-commerce.","og_url":"https:\/\/megamo.eu\/pl\/personalizacja-sklepu-internetowego\/","og_site_name":"megamo.eu","article_publisher":"https:\/\/www.facebook.com\/megamoeu","article_modified_time":"2025-12-23T14:01:04+00:00","twitter_card":"summary_large_image","twitter_misc":{"Szacowany czas czytania":"4 minuty"},"schema":{"@context":"https:\/\/schema.org","@graph":[{"@type":"WebPage","@id":"https:\/\/megamo.eu\/pl\/personalizacja-sklepu-internetowego\/","url":"https:\/\/megamo.eu\/pl\/personalizacja-sklepu-internetowego\/","name":"Personalizacja sklepu internetowego","isPartOf":{"@id":"https:\/\/megamo.eu\/pl\/#website"},"datePublished":"2024-04-05T12:12:39+00:00","dateModified":"2025-12-23T14:01:04+00:00","description":"Zwi\u0119ksz swoj\u0105 sprzeda\u017c dzi\u0119ki naszym specjalistycznym us\u0142ugom modyfikacji witryn internetowych i platform e-commerce.","breadcrumb":{"@id":"https:\/\/megamo.eu\/pl\/personalizacja-sklepu-internetowego\/#breadcrumb"},"inLanguage":"pl-PL","potentialAction":[{"@type":"ReadAction","target":["https:\/\/megamo.eu\/pl\/personalizacja-sklepu-internetowego\/"]}]},{"@type":"BreadcrumbList","@id":"https:\/\/megamo.eu\/pl\/personalizacja-sklepu-internetowego\/#breadcrumb","itemListElement":[{"@type":"ListItem","position":1,"name":"Home","item":"https:\/\/megamo.eu\/pl\/"},{"@type":"ListItem","position":2,"name":"Personalizacja sklepu internetowego"}]},{"@type":"WebSite","@id":"https:\/\/megamo.eu\/pl\/#website","url":"https:\/\/megamo.eu\/pl\/","name":"megamo.eu","description":"megamo.eu","publisher":{"@id":"https:\/\/megamo.eu\/pl\/#organization"},"potentialAction":[{"@type":"SearchAction","target":{"@type":"EntryPoint","urlTemplate":"https:\/\/megamo.eu\/pl\/?s={search_term_string}"},"query-input":{"@type":"PropertyValueSpecification","valueRequired":true,"valueName":"search_term_string"}}],"inLanguage":"pl-PL"},{"@type":"Organization","@id":"https:\/\/megamo.eu\/pl\/#organization","name":"Megamo","alternateName":"mgo","url":"https:\/\/megamo.eu\/pl\/","logo":{"@type":"ImageObject","inLanguage":"pl-PL","@id":"https:\/\/megamo.eu\/pl\/#\/schema\/logo\/image\/","url":"https:\/\/megamo.eu\/wp-content\/uploads\/2024\/02\/logo_small.png","contentUrl":"https:\/\/megamo.eu\/wp-content\/uploads\/2024\/02\/logo_small.png","width":300,"height":113,"caption":"Megamo"},"image":{"@id":"https:\/\/megamo.eu\/pl\/#\/schema\/logo\/image\/"},"sameAs":["https:\/\/www.facebook.com\/megamoeu","https:\/\/www.youtube.com\/@Megamo_en"]}]}},"_links":{"self":[{"href":"https:\/\/megamo.eu\/pl\/wp-json\/wp\/v2\/pages\/2872"}],"collection":[{"href":"https:\/\/megamo.eu\/pl\/wp-json\/wp\/v2\/pages"}],"about":[{"href":"https:\/\/megamo.eu\/pl\/wp-json\/wp\/v2\/types\/page"}],"author":[{"embeddable":true,"href":"https:\/\/megamo.eu\/pl\/wp-json\/wp\/v2\/users\/2"}],"replies":[{"embeddable":true,"href":"https:\/\/megamo.eu\/pl\/wp-json\/wp\/v2\/comments?post=2872"}],"version-history":[{"count":8,"href":"https:\/\/megamo.eu\/pl\/wp-json\/wp\/v2\/pages\/2872\/revisions"}],"predecessor-version":[{"id":65054,"href":"https:\/\/megamo.eu\/pl\/wp-json\/wp\/v2\/pages\/2872\/revisions\/65054"}],"wp:attachment":[{"href":"https:\/\/megamo.eu\/pl\/wp-json\/wp\/v2\/media?parent=2872"}],"curies":[{"name":"wp","href":"https:\/\/api.w.org\/{rel}","templated":true}]}}