{"id":2863,"date":"2024-02-23T11:29:51","date_gmt":"2024-02-23T10:29:51","guid":{"rendered":"https:\/\/megamo.eu\/health-and-safety-suppliers\/"},"modified":"2024-05-29T15:00:37","modified_gmt":"2024-05-29T13:00:37","slug":"hurtownie-bhp","status":"publish","type":"page","link":"https:\/\/megamo.eu\/pl\/hurtownie-bhp\/","title":{"rendered":"Hurtownie BHP"},"content":{"rendered":"\n\t<div id=\"gap-1464333690\" class=\"gap-element clearfix\" style=\"display:block; height:auto;\">\n\t\t\n<style>\n#gap-1464333690 {\n  padding-top: 60px;\n}\n<\/style>\n\t<\/div>\n\t\n\n\t<section class=\"section\" id=\"section_377393296\">\n\t\t<div class=\"bg section-bg fill bg-fill  bg-loaded\" >\n\n\t\t\t\n\t\t\t\n\t\t\t\n\n\t\t<\/div>\n\n\t\t\n\n\t\t<div class=\"section-content relative\">\n\t\t\t\n\n<div class=\"row align-middle\"  id=\"row-1133630051\">\n\n\n\t<div id=\"col-1317470101\" class=\"col medium-6 small-12 large-6 small-col-first\"  >\n\t\t\t\t<div class=\"col-inner\"  >\n\t\t\t\n\t\t\t\n\n\t<div class=\"img has-hover x md-x lg-x y md-y lg-y\" id=\"image_1192182292\">\n\t\t\t\t\t\t\t\t<div class=\"img-inner dark\" >\n\t\t\t<img loading=\"lazy\" decoding=\"async\" width=\"700\" height=\"467\" src=\"https:\/\/megamo.eu\/wp-content\/uploads\/2024\/02\/health-and-safety.webp\" class=\"attachment-original size-original\" alt=\"Health and Safety suppliers\" srcset=\"https:\/\/megamo.eu\/wp-content\/uploads\/2024\/02\/health-and-safety.webp 700w, https:\/\/megamo.eu\/wp-content\/uploads\/2024\/02\/health-and-safety-600x400.webp 600w\" sizes=\"(max-width: 700px) 100vw, 700px\" \/>\t\t\t\t\t\t\n\t\t\t\t\t<\/div>\n\t\t\t\t\t\t\t\t\n<style>\n#image_1192182292 {\n  width: 100%;\n}\n<\/style>\n\t<\/div>\n\t\n\n\n\t\t<\/div>\n\t\t\t\t\t<\/div>\n\n\t\n\n\t<div id=\"col-969669822\" class=\"col medium-6 small-12 large-6\"  >\n\t\t\t\t<div class=\"col-inner text-center\"  >\n\t\t\t\n\t\t\t\n\n\t<div id=\"text-2630013159\" class=\"text\">\n\t\t\n\n<h1>Zintegruj sw\u00f3j sklep z hurtowniami BHP<\/h1>\n\t\t\n<style>\n#text-2630013159 {\n  font-size: 1.3rem;\n  text-align: center;\n}\n@media (min-width:550px) {\n  #text-2630013159 {\n    text-align: center;\n  }\n}\n<\/style>\n\t<\/div>\n\t\n\t<div id=\"text-1061383766\" class=\"text\">\n\t\t\n\n<p><b>\u0141atwy dost\u0119p do hurtowni BHP<\/b><\/p>\n\t\t\n<style>\n#text-1061383766 {\n  font-size: 1.1rem;\n  text-align: center;\n  color: rgb(254, 94, 8);\n}\n#text-1061383766 > * {\n  color: rgb(254, 94, 8);\n}\n@media (min-width:550px) {\n  #text-1061383766 {\n    text-align: center;\n  }\n}\n<\/style>\n\t<\/div>\n\t\n\t<div id=\"text-567457610\" class=\"text\">\n\t\t\n\n<p>Je\u015bli prowadzisz sklep internetowy i interesuje Ci\u0119 sprzeda\u017c takich produkt\u00f3w jak odzie\u017c i obuwie robocze, r\u0119kawice ochronne oraz akcesoria BHP, pomo\u017cemy Ci znale\u017a\u0107 hurtownie z danym asortymentem.<\/p>\n<p>Razem z nami odkryjesz hurtownie oferuj\u0105ce artyku\u0142y gwarantuj\u0105ce bezpiecze\u0144stwo podczas pracy.<\/p>\n\t\t\n<style>\n#text-567457610 {\n  text-align: center;\n}\n@media (min-width:550px) {\n  #text-567457610 {\n    text-align: center;\n  }\n}\n<\/style>\n\t<\/div>\n\t\n\n\t\t<\/div>\n\t\t\t\t\t<\/div>\n\n\t\n\n<\/div>\n\n\t\t<\/div>\n\n\t\t\n<style>\n#section_377393296 {\n  padding-top: 30px;\n  padding-bottom: 30px;\n}\n<\/style>\n\t<\/section>\n\t\n\t<section class=\"section\" id=\"section_667798438\">\n\t\t<div class=\"bg section-bg fill bg-fill  bg-loaded\" >\n\n\t\t\t\n\t\t\t\n\t\t\t\n\n\t\t<\/div>\n\n\t\t\n\n\t\t<div class=\"section-content relative\">\n\t\t\t\n\n<div class=\"row align-center\"  id=\"row-283502739\">\n\n\n\t<div id=\"col-1130255642\" class=\"col medium-4 small-12 large-4\"  >\n\t\t\t\t<div class=\"col-inner text-center\"  >\n\t\t\t\n\t\t\t\n\n\t<div class=\"img has-hover x md-x lg-x y md-y lg-y\" id=\"image_2124111654\">\n\t\t\t\t\t\t\t\t<div class=\"img-inner dark\" >\n\t\t\t<img loading=\"lazy\" decoding=\"async\" width=\"512\" height=\"512\" src=\"https:\/\/megamo.eu\/wp-content\/uploads\/2024\/02\/glove.png\" class=\"attachment-original size-original\" alt=\"\" srcset=\"https:\/\/megamo.eu\/wp-content\/uploads\/2024\/02\/glove.png 512w, https:\/\/megamo.eu\/wp-content\/uploads\/2024\/02\/glove-400x400.png 400w, https:\/\/megamo.eu\/wp-content\/uploads\/2024\/02\/glove-280x280.png 280w, https:\/\/megamo.eu\/wp-content\/uploads\/2024\/02\/glove-300x300.png 300w, https:\/\/megamo.eu\/wp-content\/uploads\/2024\/02\/glove-100x100.png 100w\" sizes=\"(max-width: 512px) 100vw, 512px\" \/>\t\t\t\t\t\t\n\t\t\t\t\t<\/div>\n\t\t\t\t\t\t\t\t\n<style>\n#image_2124111654 {\n  width: 30%;\n}\n<\/style>\n\t<\/div>\n\t\n\n\t<div id=\"text-2001827670\" class=\"text\">\n\t\t\n\n<h3>Bezpiecze\u0144stwo<\/h3>\n\t\t\n<style>\n#text-2001827670 {\n  color: rgb(254, 94, 8);\n}\n#text-2001827670 > * {\n  color: rgb(254, 94, 8);\n}\n<\/style>\n\t<\/div>\n\t\n\n\t\t<\/div>\n\t\t\t\t\t<\/div>\n\n\t\n\n\t<div id=\"col-1136914986\" class=\"col medium-4 small-12 large-4\"  >\n\t\t\t\t<div class=\"col-inner text-center\"  >\n\t\t\t\n\t\t\t\n\n\t<div class=\"img has-hover x md-x lg-x y md-y lg-y\" id=\"image_1521799622\">\n\t\t\t\t\t\t\t\t<div class=\"img-inner dark\" >\n\t\t\t<img loading=\"lazy\" decoding=\"async\" width=\"512\" height=\"512\" src=\"https:\/\/megamo.eu\/wp-content\/uploads\/2024\/02\/vest.png\" class=\"attachment-original size-original\" alt=\"\" srcset=\"https:\/\/megamo.eu\/wp-content\/uploads\/2024\/02\/vest.png 512w, https:\/\/megamo.eu\/wp-content\/uploads\/2024\/02\/vest-400x400.png 400w, https:\/\/megamo.eu\/wp-content\/uploads\/2024\/02\/vest-280x280.png 280w, https:\/\/megamo.eu\/wp-content\/uploads\/2024\/02\/vest-300x300.png 300w, https:\/\/megamo.eu\/wp-content\/uploads\/2024\/02\/vest-100x100.png 100w\" sizes=\"(max-width: 512px) 100vw, 512px\" \/>\t\t\t\t\t\t\n\t\t\t\t\t<\/div>\n\t\t\t\t\t\t\t\t\n<style>\n#image_1521799622 {\n  width: 30%;\n}\n<\/style>\n\t<\/div>\n\t\n\n\t<div id=\"text-2258521706\" class=\"text\">\n\t\t\n\n<h3>Wygoda<\/h3>\n\t\t\n<style>\n#text-2258521706 {\n  color: rgb(254, 94, 8);\n}\n#text-2258521706 > * {\n  color: rgb(254, 94, 8);\n}\n<\/style>\n\t<\/div>\n\t\n\n\t\t<\/div>\n\t\t\t\t\t<\/div>\n\n\t\n\n\t<div id=\"col-809763236\" class=\"col medium-4 small-12 large-4\"  >\n\t\t\t\t<div class=\"col-inner text-center\"  >\n\t\t\t\n\t\t\t\n\n\t<div class=\"img has-hover x md-x lg-x y md-y lg-y\" id=\"image_828978622\">\n\t\t\t\t\t\t\t\t<div class=\"img-inner dark\" >\n\t\t\t<img loading=\"lazy\" decoding=\"async\" width=\"512\" height=\"512\" src=\"https:\/\/megamo.eu\/wp-content\/uploads\/2024\/02\/ear.png\" class=\"attachment-original size-original\" alt=\"\" srcset=\"https:\/\/megamo.eu\/wp-content\/uploads\/2024\/02\/ear.png 512w, https:\/\/megamo.eu\/wp-content\/uploads\/2024\/02\/ear-400x400.png 400w, https:\/\/megamo.eu\/wp-content\/uploads\/2024\/02\/ear-280x280.png 280w, https:\/\/megamo.eu\/wp-content\/uploads\/2024\/02\/ear-300x300.png 300w, https:\/\/megamo.eu\/wp-content\/uploads\/2024\/02\/ear-100x100.png 100w\" sizes=\"(max-width: 512px) 100vw, 512px\" \/>\t\t\t\t\t\t\n\t\t\t\t\t<\/div>\n\t\t\t\t\t\t\t\t\n<style>\n#image_828978622 {\n  width: 30%;\n}\n<\/style>\n\t<\/div>\n\t\n\n\t<div id=\"text-1418464652\" class=\"text\">\n\t\t\n\n<h3>Ochrona<\/h3>\n\t\t\n<style>\n#text-1418464652 {\n  color: rgb(254, 94, 8);\n}\n#text-1418464652 > * {\n  color: rgb(254, 94, 8);\n}\n<\/style>\n\t<\/div>\n\t\n\n\t\t<\/div>\n\t\t\t\t\t<\/div>\n\n\t\n\n<\/div>\n\n\t\t<\/div>\n\n\t\t\n<style>\n#section_667798438 {\n  padding-top: 30px;\n  padding-bottom: 30px;\n  background-color: rgb(255, 239, 230);\n}\n<\/style>\n\t<\/section>\n\t\n\t<div id=\"gap-282119176\" class=\"gap-element clearfix\" style=\"display:block; height:auto;\">\n\t\t\n<style>\n#gap-282119176 {\n  padding-top: 80px;\n}\n<\/style>\n\t<\/div>\n\t\n\n\t<section class=\"section\" id=\"section_939818903\">\n\t\t<div class=\"bg section-bg fill bg-fill  bg-loaded\" >\n\n\t\t\t\n\t\t\t\n\t\t\t\n\n\t\t<\/div>\n\n\t\t\n\n\t\t<div class=\"section-content relative\">\n\t\t\t\n\n<div class=\"row\"  id=\"row-776815616\">\n\n\n\t<div id=\"col-738277115\" class=\"col small-12 large-12\"  >\n\t\t\t\t<div class=\"col-inner\"  >\n\t\t\t\n\t\t\t\n\n<h2>Hurtownie BHP:<br \/>\n<\/h2>\n\n\t\t<\/div>\n\t\t\t\t\t<\/div>\n\n\t\n\n<\/div>\n<div class=\"row align-center\"  id=\"row-1825629195\">\n\n\n\t<div id=\"col-475488996\" class=\"col medium-3 small-6 large-3\"  >\n\t\t\t\t<div class=\"col-inner\"  >\n\t\t\t\n\t\t\t\n\n\t<div class=\"img has-hover x md-x lg-x y md-y lg-y\" id=\"image_1121705197\">\n\t\t\t\t\t\t\t\t<div class=\"img-inner dark\" >\n\t\t\t<img loading=\"lazy\" decoding=\"async\" width=\"600\" height=\"600\" src=\"https:\/\/megamo.eu\/wp-content\/uploads\/2024\/01\/automatic-integration-with-supplier-raw-pol-raw-pol-data-feed.webp\" class=\"attachment-original size-original\" alt=\"Automatic integration with supplier Raw-pol\" srcset=\"https:\/\/megamo.eu\/wp-content\/uploads\/2024\/01\/automatic-integration-with-supplier-raw-pol-raw-pol-data-feed.webp 600w, https:\/\/megamo.eu\/wp-content\/uploads\/2024\/01\/automatic-integration-with-supplier-raw-pol-raw-pol-data-feed-400x400.webp 400w, https:\/\/megamo.eu\/wp-content\/uploads\/2024\/01\/automatic-integration-with-supplier-raw-pol-raw-pol-data-feed-280x280.webp 280w, https:\/\/megamo.eu\/wp-content\/uploads\/2024\/01\/automatic-integration-with-supplier-raw-pol-raw-pol-data-feed-300x300.webp 300w, https:\/\/megamo.eu\/wp-content\/uploads\/2024\/01\/automatic-integration-with-supplier-raw-pol-raw-pol-data-feed-100x100.webp 100w\" sizes=\"(max-width: 600px) 100vw, 600px\" \/>\t\t\t\t\t\t\n\t\t\t\t\t<\/div>\n\t\t\t\t\t\t\t\t\n<style>\n#image_1121705197 {\n  width: 100%;\n}\n<\/style>\n\t<\/div>\n\t\n\n\n\t\t<\/div>\n\t\t\t\t\t<\/div>\n\n\t\n\n\t<div id=\"col-725107494\" class=\"col medium-3 small-6 large-3\"  >\n\t\t\t\t<div class=\"col-inner\"  >\n\t\t\t\n\t\t\t\n\n\t<div class=\"img has-hover x md-x lg-x y md-y lg-y\" id=\"image_654711122\">\n\t\t\t\t\t\t\t\t<div class=\"img-inner dark\" >\n\t\t\t<img loading=\"lazy\" decoding=\"async\" width=\"600\" height=\"600\" src=\"https:\/\/megamo.eu\/wp-content\/uploads\/2024\/01\/automatic-integration-with-supplier-lahti-pro-lahti-pro-data-feed.webp\" class=\"attachment-original size-original\" alt=\"Automatic integration with supplier Lahti Pro\" srcset=\"https:\/\/megamo.eu\/wp-content\/uploads\/2024\/01\/automatic-integration-with-supplier-lahti-pro-lahti-pro-data-feed.webp 600w, https:\/\/megamo.eu\/wp-content\/uploads\/2024\/01\/automatic-integration-with-supplier-lahti-pro-lahti-pro-data-feed-400x400.webp 400w, https:\/\/megamo.eu\/wp-content\/uploads\/2024\/01\/automatic-integration-with-supplier-lahti-pro-lahti-pro-data-feed-280x280.webp 280w, https:\/\/megamo.eu\/wp-content\/uploads\/2024\/01\/automatic-integration-with-supplier-lahti-pro-lahti-pro-data-feed-300x300.webp 300w, https:\/\/megamo.eu\/wp-content\/uploads\/2024\/01\/automatic-integration-with-supplier-lahti-pro-lahti-pro-data-feed-100x100.webp 100w\" sizes=\"(max-width: 600px) 100vw, 600px\" \/>\t\t\t\t\t\t\n\t\t\t\t\t<\/div>\n\t\t\t\t\t\t\t\t\n<style>\n#image_654711122 {\n  width: 100%;\n}\n<\/style>\n\t<\/div>\n\t\n\n\n\t\t<\/div>\n\t\t\t\t\t<\/div>\n\n\t\n\n\t<div id=\"col-1620449105\" class=\"col medium-3 small-6 large-3\"  >\n\t\t\t\t<div class=\"col-inner\"  >\n\t\t\t\n\t\t\t\n\n\t<div class=\"img has-hover x md-x lg-x y md-y lg-y\" id=\"image_30381926\">\n\t\t\t\t\t\t\t\t<div class=\"img-inner dark\" >\n\t\t\t<img loading=\"lazy\" decoding=\"async\" width=\"600\" height=\"600\" src=\"https:\/\/megamo.eu\/wp-content\/uploads\/2024\/01\/automatic-integration-with-supplier-portwest-portwest-data-feed.webp\" class=\"attachment-original size-original\" alt=\"Automatic integration with supplier Portwest\" srcset=\"https:\/\/megamo.eu\/wp-content\/uploads\/2024\/01\/automatic-integration-with-supplier-portwest-portwest-data-feed.webp 600w, https:\/\/megamo.eu\/wp-content\/uploads\/2024\/01\/automatic-integration-with-supplier-portwest-portwest-data-feed-400x400.webp 400w, https:\/\/megamo.eu\/wp-content\/uploads\/2024\/01\/automatic-integration-with-supplier-portwest-portwest-data-feed-280x280.webp 280w, https:\/\/megamo.eu\/wp-content\/uploads\/2024\/01\/automatic-integration-with-supplier-portwest-portwest-data-feed-300x300.webp 300w, https:\/\/megamo.eu\/wp-content\/uploads\/2024\/01\/automatic-integration-with-supplier-portwest-portwest-data-feed-100x100.webp 100w\" sizes=\"(max-width: 600px) 100vw, 600px\" \/>\t\t\t\t\t\t\n\t\t\t\t\t<\/div>\n\t\t\t\t\t\t\t\t\n<style>\n#image_30381926 {\n  width: 100%;\n}\n<\/style>\n\t<\/div>\n\t\n\n\n\t\t<\/div>\n\t\t\t\t\t<\/div>\n\n\t\n\n\t<div id=\"col-116586878\" class=\"col medium-3 small-6 large-3\"  >\n\t\t\t\t<div class=\"col-inner\"  >\n\t\t\t\n\t\t\t\n\n\t<div class=\"img has-hover x md-x lg-x y md-y lg-y\" id=\"image_237395194\">\n\t\t\t\t\t\t\t\t<div class=\"img-inner dark\" >\n\t\t\t<img loading=\"lazy\" decoding=\"async\" width=\"600\" height=\"600\" src=\"https:\/\/megamo.eu\/wp-content\/uploads\/2024\/01\/automatic-integration-with-supplier-procera-procera-data-feed.webp\" class=\"attachment-original size-original\" alt=\"Automatic integration with supplier Procera\" srcset=\"https:\/\/megamo.eu\/wp-content\/uploads\/2024\/01\/automatic-integration-with-supplier-procera-procera-data-feed.webp 600w, https:\/\/megamo.eu\/wp-content\/uploads\/2024\/01\/automatic-integration-with-supplier-procera-procera-data-feed-400x400.webp 400w, https:\/\/megamo.eu\/wp-content\/uploads\/2024\/01\/automatic-integration-with-supplier-procera-procera-data-feed-280x280.webp 280w, https:\/\/megamo.eu\/wp-content\/uploads\/2024\/01\/automatic-integration-with-supplier-procera-procera-data-feed-300x300.webp 300w, https:\/\/megamo.eu\/wp-content\/uploads\/2024\/01\/automatic-integration-with-supplier-procera-procera-data-feed-100x100.webp 100w\" sizes=\"(max-width: 600px) 100vw, 600px\" \/>\t\t\t\t\t\t\n\t\t\t\t\t<\/div>\n\t\t\t\t\t\t\t\t\n<style>\n#image_237395194 {\n  width: 100%;\n}\n<\/style>\n\t<\/div>\n\t\n\n\n\t\t<\/div>\n\t\t\t\t\t<\/div>\n\n\t\n\n<\/div>\n<div class=\"row align-center\"  id=\"row-2095631470\">\n\n\n\t<div id=\"col-2147126959\" class=\"col medium-3 small-6 large-3\"  >\n\t\t\t\t<div class=\"col-inner\"  >\n\t\t\t\n\t\t\t\n\n\t<div class=\"img has-hover x md-x lg-x y md-y lg-y\" id=\"image_1391655056\">\n\t\t\t\t\t\t\t\t<div class=\"img-inner dark\" >\n\t\t\t<img loading=\"lazy\" decoding=\"async\" width=\"600\" height=\"600\" src=\"https:\/\/megamo.eu\/wp-content\/uploads\/2024\/02\/automatic-integration-with-supplier-istools-istools-data-feed.webp\" class=\"attachment-original size-original\" alt=\"Automatic integration with supplier isTools\" srcset=\"https:\/\/megamo.eu\/wp-content\/uploads\/2024\/02\/automatic-integration-with-supplier-istools-istools-data-feed.webp 600w, https:\/\/megamo.eu\/wp-content\/uploads\/2024\/02\/automatic-integration-with-supplier-istools-istools-data-feed-400x400.webp 400w, https:\/\/megamo.eu\/wp-content\/uploads\/2024\/02\/automatic-integration-with-supplier-istools-istools-data-feed-280x280.webp 280w, https:\/\/megamo.eu\/wp-content\/uploads\/2024\/02\/automatic-integration-with-supplier-istools-istools-data-feed-300x300.webp 300w, https:\/\/megamo.eu\/wp-content\/uploads\/2024\/02\/automatic-integration-with-supplier-istools-istools-data-feed-100x100.webp 100w\" sizes=\"(max-width: 600px) 100vw, 600px\" \/>\t\t\t\t\t\t\n\t\t\t\t\t<\/div>\n\t\t\t\t\t\t\t\t\n<style>\n#image_1391655056 {\n  width: 100%;\n}\n<\/style>\n\t<\/div>\n\t\n\n\n\t\t<\/div>\n\t\t\t\t\t<\/div>\n\n\t\n\n\t<div id=\"col-674015200\" class=\"col medium-3 small-6 large-3\"  >\n\t\t\t\t<div class=\"col-inner\"  >\n\t\t\t\n\t\t\t\n\n\t<div class=\"img has-hover x md-x lg-x y md-y lg-y\" id=\"image_1064468119\">\n\t\t\t\t\t\t\t\t<div class=\"img-inner dark\" >\n\t\t\t<img loading=\"lazy\" decoding=\"async\" width=\"600\" height=\"600\" src=\"https:\/\/megamo.eu\/wp-content\/uploads\/2024\/02\/automatic-integration-with-supplier-polstar-polstar-data-feed.webp\" class=\"attachment-original size-original\" alt=\"Automatic integration with supplier Polstar\" srcset=\"https:\/\/megamo.eu\/wp-content\/uploads\/2024\/02\/automatic-integration-with-supplier-polstar-polstar-data-feed.webp 600w, https:\/\/megamo.eu\/wp-content\/uploads\/2024\/02\/automatic-integration-with-supplier-polstar-polstar-data-feed-400x400.webp 400w, https:\/\/megamo.eu\/wp-content\/uploads\/2024\/02\/automatic-integration-with-supplier-polstar-polstar-data-feed-280x280.webp 280w, https:\/\/megamo.eu\/wp-content\/uploads\/2024\/02\/automatic-integration-with-supplier-polstar-polstar-data-feed-300x300.webp 300w, https:\/\/megamo.eu\/wp-content\/uploads\/2024\/02\/automatic-integration-with-supplier-polstar-polstar-data-feed-100x100.webp 100w\" sizes=\"(max-width: 600px) 100vw, 600px\" \/>\t\t\t\t\t\t\n\t\t\t\t\t<\/div>\n\t\t\t\t\t\t\t\t\n<style>\n#image_1064468119 {\n  width: 100%;\n}\n<\/style>\n\t<\/div>\n\t\n\n\n\t\t<\/div>\n\t\t\t\t\t<\/div>\n\n\t\n\n\t<div id=\"col-977675393\" class=\"col medium-3 small-6 large-3\"  >\n\t\t\t\t<div class=\"col-inner\"  >\n\t\t\t\n\t\t\t\n\n\t<div class=\"img has-hover x md-x lg-x y md-y lg-y\" id=\"image_504969458\">\n\t\t\t\t\t\t\t\t<div class=\"img-inner dark\" >\n\t\t\t<img loading=\"lazy\" decoding=\"async\" width=\"600\" height=\"600\" src=\"https:\/\/megamo.eu\/wp-content\/uploads\/2024\/02\/automatic-integration-with-supplier-delta-plus-delta-plus-data-feed.webp\" class=\"attachment-original size-original\" alt=\"Automatic integration with supplier Delta Plus\" srcset=\"https:\/\/megamo.eu\/wp-content\/uploads\/2024\/02\/automatic-integration-with-supplier-delta-plus-delta-plus-data-feed.webp 600w, https:\/\/megamo.eu\/wp-content\/uploads\/2024\/02\/automatic-integration-with-supplier-delta-plus-delta-plus-data-feed-400x400.webp 400w, https:\/\/megamo.eu\/wp-content\/uploads\/2024\/02\/automatic-integration-with-supplier-delta-plus-delta-plus-data-feed-280x280.webp 280w, https:\/\/megamo.eu\/wp-content\/uploads\/2024\/02\/automatic-integration-with-supplier-delta-plus-delta-plus-data-feed-300x300.webp 300w, https:\/\/megamo.eu\/wp-content\/uploads\/2024\/02\/automatic-integration-with-supplier-delta-plus-delta-plus-data-feed-100x100.webp 100w\" sizes=\"(max-width: 600px) 100vw, 600px\" \/>\t\t\t\t\t\t\n\t\t\t\t\t<\/div>\n\t\t\t\t\t\t\t\t\n<style>\n#image_504969458 {\n  width: 100%;\n}\n<\/style>\n\t<\/div>\n\t\n\n\n\t\t<\/div>\n\t\t\t\t\t<\/div>\n\n\t\n\n<\/div>\n<div class=\"row\"  id=\"row-1547614576\">\n\n\n\t<div id=\"col-132370869\" class=\"col small-12 large-12\"  >\n\t\t\t\t<div class=\"col-inner text-center\"  >\n\t\t\t\n\t\t\t\n\n\t<div id=\"text-3459191942\" class=\"text\">\n\t\t\n\n<p><b>Utw\u00f3rz bezp\u0142atne konto i zintegruj si\u0119 z wybran\u0105 hurtowni\u0105 BHP<\/b><\/p>\n\t\t\n<style>\n#text-3459191942 {\n  font-size: 1.1rem;\n  text-align: center;\n}\n<\/style>\n\t<\/div>\n\t\n<a href=\"https:\/\/panel.megamo.co.uk\/register\" class=\"button primary\"  >\n    <span>Zintegruj si\u0119 z hurtowni\u0105 BHP<\/span>\n  <\/a>\n\n\n\n\t\t<\/div>\n\t\t\t\t\t<\/div>\n\n\t\n\n<\/div>\n\n\t\t<\/div>\n\n\t\t\n<style>\n#section_939818903 {\n  padding-top: 0px;\n  padding-bottom: 0px;\n}\n<\/style>\n\t<\/section>\n\t\n\t<div id=\"gap-2139874341\" class=\"gap-element clearfix\" style=\"display:block; height:auto;\">\n\t\t\n<style>\n#gap-2139874341 {\n  padding-top: 60px;\n}\n<\/style>\n\t<\/div>\n\t\n\n\n","protected":false},"excerpt":{"rendered":"","protected":false},"author":2,"featured_media":0,"parent":0,"menu_order":0,"comment_status":"closed","ping_status":"closed","template":"","meta":{"_lmt_disableupdate":"","_lmt_disable":"","footnotes":""},"yoast_head":"<!-- This site is optimized with the Yoast SEO Premium plugin v21.8 (Yoast SEO v23.5) - https:\/\/yoast.com\/wordpress\/plugins\/seo\/ -->\n<title>Hurtownie BHP<\/title>\n<meta name=\"description\" content=\"Prowadzisz sklep internetowy i chcesz oferowa\u0107 odzie\u017c, obuwie robocze, r\u0119kawice ochronne i sprz\u0119t ochronny? Sprawd\u017a list\u0119 hurtowni BHP.\" \/>\n<meta name=\"robots\" content=\"index, follow, max-snippet:-1, max-image-preview:large, max-video-preview:-1\" \/>\n<link rel=\"canonical\" href=\"https:\/\/megamo.eu\/pl\/hurtownie-bhp\/\" \/>\n<meta property=\"og:locale\" content=\"pl_PL\" \/>\n<meta property=\"og:type\" content=\"article\" \/>\n<meta property=\"og:title\" content=\"Hurtownie BHP\" \/>\n<meta property=\"og:description\" content=\"Prowadzisz sklep internetowy i chcesz oferowa\u0107 odzie\u017c, obuwie robocze, r\u0119kawice ochronne i sprz\u0119t ochronny? Sprawd\u017a list\u0119 hurtowni BHP.\" \/>\n<meta property=\"og:url\" content=\"https:\/\/megamo.eu\/pl\/hurtownie-bhp\/\" \/>\n<meta property=\"og:site_name\" content=\"megamo.eu\" \/>\n<meta property=\"article:publisher\" content=\"https:\/\/www.facebook.com\/megamoeu\" \/>\n<meta property=\"article:modified_time\" content=\"2024-05-29T13:00:37+00:00\" \/>\n<meta name=\"twitter:card\" content=\"summary_large_image\" \/>\n<meta name=\"twitter:label1\" content=\"Szacowany czas czytania\" \/>\n\t<meta name=\"twitter:data1\" content=\"2 minuty\" \/>\n<script type=\"application\/ld+json\" class=\"yoast-schema-graph\">{\"@context\":\"https:\/\/schema.org\",\"@graph\":[{\"@type\":\"WebPage\",\"@id\":\"https:\/\/megamo.eu\/pl\/hurtownie-bhp\/\",\"url\":\"https:\/\/megamo.eu\/pl\/hurtownie-bhp\/\",\"name\":\"Hurtownie BHP\",\"isPartOf\":{\"@id\":\"https:\/\/megamo.eu\/pl\/#website\"},\"datePublished\":\"2024-02-23T10:29:51+00:00\",\"dateModified\":\"2024-05-29T13:00:37+00:00\",\"description\":\"Prowadzisz sklep internetowy i chcesz oferowa\u0107 odzie\u017c, obuwie robocze, r\u0119kawice ochronne i sprz\u0119t ochronny? Sprawd\u017a list\u0119 hurtowni BHP.\",\"breadcrumb\":{\"@id\":\"https:\/\/megamo.eu\/pl\/hurtownie-bhp\/#breadcrumb\"},\"inLanguage\":\"pl-PL\",\"potentialAction\":[{\"@type\":\"ReadAction\",\"target\":[\"https:\/\/megamo.eu\/pl\/hurtownie-bhp\/\"]}]},{\"@type\":\"BreadcrumbList\",\"@id\":\"https:\/\/megamo.eu\/pl\/hurtownie-bhp\/#breadcrumb\",\"itemListElement\":[{\"@type\":\"ListItem\",\"position\":1,\"name\":\"Home\",\"item\":\"https:\/\/megamo.eu\/pl\/\"},{\"@type\":\"ListItem\",\"position\":2,\"name\":\"Hurtownie BHP\"}]},{\"@type\":\"WebSite\",\"@id\":\"https:\/\/megamo.eu\/pl\/#website\",\"url\":\"https:\/\/megamo.eu\/pl\/\",\"name\":\"megamo.eu\",\"description\":\"megamo.eu\",\"publisher\":{\"@id\":\"https:\/\/megamo.eu\/pl\/#organization\"},\"potentialAction\":[{\"@type\":\"SearchAction\",\"target\":{\"@type\":\"EntryPoint\",\"urlTemplate\":\"https:\/\/megamo.eu\/pl\/?s={search_term_string}\"},\"query-input\":{\"@type\":\"PropertyValueSpecification\",\"valueRequired\":true,\"valueName\":\"search_term_string\"}}],\"inLanguage\":\"pl-PL\"},{\"@type\":\"Organization\",\"@id\":\"https:\/\/megamo.eu\/pl\/#organization\",\"name\":\"Megamo\",\"alternateName\":\"mgo\",\"url\":\"https:\/\/megamo.eu\/pl\/\",\"logo\":{\"@type\":\"ImageObject\",\"inLanguage\":\"pl-PL\",\"@id\":\"https:\/\/megamo.eu\/pl\/#\/schema\/logo\/image\/\",\"url\":\"https:\/\/megamo.eu\/wp-content\/uploads\/2024\/02\/logo_small.png\",\"contentUrl\":\"https:\/\/megamo.eu\/wp-content\/uploads\/2024\/02\/logo_small.png\",\"width\":300,\"height\":113,\"caption\":\"Megamo\"},\"image\":{\"@id\":\"https:\/\/megamo.eu\/pl\/#\/schema\/logo\/image\/\"},\"sameAs\":[\"https:\/\/www.facebook.com\/megamoeu\",\"https:\/\/www.youtube.com\/@Megamo_en\"]}]}<\/script>\n<!-- \/ Yoast SEO Premium plugin. -->","yoast_head_json":{"title":"Hurtownie BHP","description":"Prowadzisz sklep internetowy i chcesz oferowa\u0107 odzie\u017c, obuwie robocze, r\u0119kawice ochronne i sprz\u0119t ochronny? Sprawd\u017a list\u0119 hurtowni BHP.","robots":{"index":"index","follow":"follow","max-snippet":"max-snippet:-1","max-image-preview":"max-image-preview:large","max-video-preview":"max-video-preview:-1"},"canonical":"https:\/\/megamo.eu\/pl\/hurtownie-bhp\/","og_locale":"pl_PL","og_type":"article","og_title":"Hurtownie BHP","og_description":"Prowadzisz sklep internetowy i chcesz oferowa\u0107 odzie\u017c, obuwie robocze, r\u0119kawice ochronne i sprz\u0119t ochronny? Sprawd\u017a list\u0119 hurtowni BHP.","og_url":"https:\/\/megamo.eu\/pl\/hurtownie-bhp\/","og_site_name":"megamo.eu","article_publisher":"https:\/\/www.facebook.com\/megamoeu","article_modified_time":"2024-05-29T13:00:37+00:00","twitter_card":"summary_large_image","twitter_misc":{"Szacowany czas czytania":"2 minuty"},"schema":{"@context":"https:\/\/schema.org","@graph":[{"@type":"WebPage","@id":"https:\/\/megamo.eu\/pl\/hurtownie-bhp\/","url":"https:\/\/megamo.eu\/pl\/hurtownie-bhp\/","name":"Hurtownie BHP","isPartOf":{"@id":"https:\/\/megamo.eu\/pl\/#website"},"datePublished":"2024-02-23T10:29:51+00:00","dateModified":"2024-05-29T13:00:37+00:00","description":"Prowadzisz sklep internetowy i chcesz oferowa\u0107 odzie\u017c, obuwie robocze, r\u0119kawice ochronne i sprz\u0119t ochronny? Sprawd\u017a list\u0119 hurtowni BHP.","breadcrumb":{"@id":"https:\/\/megamo.eu\/pl\/hurtownie-bhp\/#breadcrumb"},"inLanguage":"pl-PL","potentialAction":[{"@type":"ReadAction","target":["https:\/\/megamo.eu\/pl\/hurtownie-bhp\/"]}]},{"@type":"BreadcrumbList","@id":"https:\/\/megamo.eu\/pl\/hurtownie-bhp\/#breadcrumb","itemListElement":[{"@type":"ListItem","position":1,"name":"Home","item":"https:\/\/megamo.eu\/pl\/"},{"@type":"ListItem","position":2,"name":"Hurtownie BHP"}]},{"@type":"WebSite","@id":"https:\/\/megamo.eu\/pl\/#website","url":"https:\/\/megamo.eu\/pl\/","name":"megamo.eu","description":"megamo.eu","publisher":{"@id":"https:\/\/megamo.eu\/pl\/#organization"},"potentialAction":[{"@type":"SearchAction","target":{"@type":"EntryPoint","urlTemplate":"https:\/\/megamo.eu\/pl\/?s={search_term_string}"},"query-input":{"@type":"PropertyValueSpecification","valueRequired":true,"valueName":"search_term_string"}}],"inLanguage":"pl-PL"},{"@type":"Organization","@id":"https:\/\/megamo.eu\/pl\/#organization","name":"Megamo","alternateName":"mgo","url":"https:\/\/megamo.eu\/pl\/","logo":{"@type":"ImageObject","inLanguage":"pl-PL","@id":"https:\/\/megamo.eu\/pl\/#\/schema\/logo\/image\/","url":"https:\/\/megamo.eu\/wp-content\/uploads\/2024\/02\/logo_small.png","contentUrl":"https:\/\/megamo.eu\/wp-content\/uploads\/2024\/02\/logo_small.png","width":300,"height":113,"caption":"Megamo"},"image":{"@id":"https:\/\/megamo.eu\/pl\/#\/schema\/logo\/image\/"},"sameAs":["https:\/\/www.facebook.com\/megamoeu","https:\/\/www.youtube.com\/@Megamo_en"]}]}},"_links":{"self":[{"href":"https:\/\/megamo.eu\/pl\/wp-json\/wp\/v2\/pages\/2863"}],"collection":[{"href":"https:\/\/megamo.eu\/pl\/wp-json\/wp\/v2\/pages"}],"about":[{"href":"https:\/\/megamo.eu\/pl\/wp-json\/wp\/v2\/types\/page"}],"author":[{"embeddable":true,"href":"https:\/\/megamo.eu\/pl\/wp-json\/wp\/v2\/users\/2"}],"replies":[{"embeddable":true,"href":"https:\/\/megamo.eu\/pl\/wp-json\/wp\/v2\/comments?post=2863"}],"version-history":[{"count":4,"href":"https:\/\/megamo.eu\/pl\/wp-json\/wp\/v2\/pages\/2863\/revisions"}],"predecessor-version":[{"id":3422,"href":"https:\/\/megamo.eu\/pl\/wp-json\/wp\/v2\/pages\/2863\/revisions\/3422"}],"wp:attachment":[{"href":"https:\/\/megamo.eu\/pl\/wp-json\/wp\/v2\/media?parent=2863"}],"curies":[{"name":"wp","href":"https:\/\/api.w.org\/{rel}","templated":true}]}}