{"id":28374,"date":"2024-10-31T16:02:36","date_gmt":"2024-10-31T15:02:36","guid":{"rendered":"https:\/\/megamo.eu\/?page_id=28374"},"modified":"2024-11-07T10:09:53","modified_gmt":"2024-11-07T09:09:53","slug":"automatyczne-przekazywanie-zamowien","status":"publish","type":"page","link":"https:\/\/megamo.eu\/pl\/automatyczne-przekazywanie-zamowien\/","title":{"rendered":"Automatyczne przekazywanie zam\u00f3wie\u0144"},"content":{"rendered":"\n\t<div id=\"gap-163511583\" class=\"gap-element clearfix\" style=\"display:block; height:auto;\">\n\t\t\n<style>\n#gap-163511583 {\n  padding-top: 60px;\n}\n<\/style>\n\t<\/div>\n\t\n\n\t<section class=\"section\" id=\"section_258462147\">\n\t\t<div class=\"bg section-bg fill bg-fill  bg-loaded\" >\n\n\t\t\t\n\t\t\t\n\t\t\t\n\n\t\t<\/div>\n\n\t\t\n\n\t\t<div class=\"section-content relative\">\n\t\t\t\n\n<div class=\"row align-middle\"  id=\"row-772598035\">\n\n\n\t<div id=\"col-760060923\" class=\"col medium-6 small-12 large-6\"  >\n\t\t\t\t<div class=\"col-inner\"  >\n\t\t\t\n\t\t\t\n\n\t<div id=\"text-3990891491\" class=\"text\">\n\t\t\n\n<h1>Automatyczne przekazywanie zam\u00f3wie\u0144<\/h1>\n\t\t\n<style>\n#text-3990891491 {\n  font-size: 1.3rem;\n  text-align: center;\n}\n@media (min-width:550px) {\n  #text-3990891491 {\n    text-align: left;\n  }\n}\n<\/style>\n\t<\/div>\n\t\n\t<div id=\"text-162624241\" class=\"text\">\n\t\t\n\n<p><b>Import zam\u00f3wie\u0144 ze sklepu do hurtowni lub dostawc\u00f3w<\/b><\/p>\n\t\t\n<style>\n#text-162624241 {\n  font-size: 1.1rem;\n  text-align: center;\n  color: rgb(254, 94, 8);\n}\n#text-162624241 > * {\n  color: rgb(254, 94, 8);\n}\n@media (min-width:550px) {\n  #text-162624241 {\n    text-align: left;\n  }\n}\n<\/style>\n\t<\/div>\n\t\n\t<div id=\"text-455703744\" class=\"text\">\n\t\t\n\n<p>Automatyczne przekazywanie zam\u00f3wie\u0144 ze sklepu internetowego do hurtowni lub dostawc\u00f3w to rozwi\u0105zanie, kt\u00f3re rewolucjonizuje proces zarz\u0105dzania zam\u00f3wieniami. Dzi\u0119ki naszej technologii, ka\u017cdy zakup jest b\u0142yskawicznie przekazywany do dostawcy, co eliminuje ryzyko b\u0142\u0119d\u00f3w i oszcz\u0119dza czas.<\/p>\n<p>W dynamicznie zmieniaj\u0105cym si\u0119 \u015bwiecie e-commerce, automatyzacja proces\u00f3w to klucz do sukcesu. Nasze narz\u0119dzia zapewniaj\u0105 pe\u0142n\u0105 synchronizacj\u0119, aby Twoja sprzeda\u017c online mog\u0142a dzia\u0142a\u0107 p\u0142ynnie i bez zak\u0142\u00f3ce\u0144, co wp\u0142ywa na pozytywne do\u015bwiadczenia klient\u00f3w.<\/p>\n<p>Oferujemy wdro\u017cenia na popularnych platformach e-commerce, takich jak WooCommerce, Shopify czy PrestaShop, dostosowuj\u0105c rozwi\u0105zania do specyfiki Twojego biznesu.<\/p>\n\t\t\n<style>\n#text-455703744 {\n  text-align: center;\n}\n@media (min-width:550px) {\n  #text-455703744 {\n    text-align: left;\n  }\n}\n<\/style>\n\t<\/div>\n\t\n\n\t\t<\/div>\n\t\t\t\t\t<\/div>\n\n\t\n\n\t<div id=\"col-398041148\" class=\"col medium-6 small-12 large-6 small-col-first\"  >\n\t\t\t\t<div class=\"col-inner\"  >\n\t\t\t\n\t\t\t\n\n\t<div class=\"img has-hover x md-x lg-x y md-y lg-y\" id=\"image_735938434\">\n\t\t\t\t\t\t\t\t<div class=\"img-inner dark\" >\n\t\t\t<img loading=\"lazy\" decoding=\"async\" width=\"700\" height=\"467\" src=\"https:\/\/megamo.eu\/wp-content\/uploads\/2024\/10\/automatic-transfer-of-orders.webp\" class=\"attachment-original size-original\" alt=\"\" srcset=\"https:\/\/megamo.eu\/wp-content\/uploads\/2024\/10\/automatic-transfer-of-orders.webp 700w, https:\/\/megamo.eu\/wp-content\/uploads\/2024\/10\/automatic-transfer-of-orders-600x400.webp 600w\" sizes=\"(max-width: 700px) 100vw, 700px\" \/>\t\t\t\t\t\t\n\t\t\t\t\t<\/div>\n\t\t\t\t\t\t\t\t\n<style>\n#image_735938434 {\n  width: 100%;\n}\n<\/style>\n\t<\/div>\n\t\n\n\n\t\t<\/div>\n\t\t\t\t\t<\/div>\n\n\t\n\n<\/div>\n\n\t\t<\/div>\n\n\t\t\n<style>\n#section_258462147 {\n  padding-top: 30px;\n  padding-bottom: 30px;\n}\n<\/style>\n\t<\/section>\n\t\n\t<section class=\"section\" id=\"section_2008977462\">\n\t\t<div class=\"bg section-bg fill bg-fill  bg-loaded\" >\n\n\t\t\t\n\t\t\t\n\t\t\t\n\n\t\t<\/div>\n\n\t\t\n\n\t\t<div class=\"section-content relative\">\n\t\t\t\n\n<div class=\"row\"  id=\"row-109295077\">\n\n\n\t<div id=\"col-1689629261\" class=\"col medium-4 small-12 large-4\"  >\n\t\t\t\t<div class=\"col-inner\"  >\n\t\t\t\n\t<div class=\"is-border\"\n\t\tstyle=\"border-width:0px 0px 0px 0px;\">\n\t<\/div>\n\t\t\t\n\n\t<div id=\"text-2719156155\" class=\"text\">\n\t\t\n\n<div style=\"border-right: 4px #fe5e08 solid; padding-right: 20px\">\n<p><b>1.<\/b><br ><sub>W Twoim sklepie klienci dokonuj\u0105 zakup\u00f3w<\/sub><\/p>\n<\/div>\n\t\t\n<style>\n#text-2719156155 {\n  font-size: 2rem;\n  text-align: right;\n}\n<\/style>\n\t<\/div>\n\t\n\n\t\t<\/div>\n\t\t\t\t\t<\/div>\n\n\t\n\n\t<div id=\"col-1178190916\" class=\"col medium-4 small-12 large-4\"  >\n\t\t\t\t<div class=\"col-inner\"  >\n\t\t\t\n\t\t\t\n\n\t<div id=\"text-1311882073\" class=\"text\">\n\t\t\n\n<div style=\"border-right: 4px #862f00 solid; padding-right: 20px\">\n<p><b>2.<\/b><br ><sub>Do naszego systemu wp\u0142ywaj\u0105 zam\u00f3wienia<\/sub><\/p>\n<\/div>\n\t\t\n<style>\n#text-1311882073 {\n  font-size: 2rem;\n  text-align: right;\n}\n<\/style>\n\t<\/div>\n\t\n\n\t\t<\/div>\n\t\t\t\t\t<\/div>\n\n\t\n\n\t<div id=\"col-883961060\" class=\"col medium-4 small-12 large-4\"  >\n\t\t\t\t<div class=\"col-inner\"  >\n\t\t\t\n\t\t\t\n\n\t<div id=\"text-2566978778\" class=\"text\">\n\t\t\n\n<div style=\"border-right: 4px #3c1601 solid; padding-right: 20px\">\n<p><b>3.<\/b><br ><sub>Zam\u00f3wienia zostaj\u0105 przekazane<\/sub><\/p>\n<\/div>\n\t\t\n<style>\n#text-2566978778 {\n  font-size: 2rem;\n  text-align: right;\n}\n<\/style>\n\t<\/div>\n\t\n\n\t\t<\/div>\n\t\t\t\t\t<\/div>\n\n\t\n\n<\/div>\n<div class=\"row\"  id=\"row-1339317928\">\n\n\n\t<div id=\"col-1668116801\" class=\"col small-12 large-12\"  >\n\t\t\t\t<div class=\"col-inner\"  >\n\t\t\t\n\t\t\t\n\n<h2 style=\"padding-bottom: 20px; border-bottom: 10px dashed #fe5e08;\"><\/h2>\n\n\t\t<\/div>\n\t\t\t\t\t<\/div>\n\n\t\n\n<\/div>\n<div class=\"row align-middle\"  id=\"row-1388294991\">\n\n\n\t<div id=\"col-382782460\" class=\"col medium-6 small-12 large-6\"  >\n\t\t\t\t<div class=\"col-inner\"  >\n\t\t\t\n\t\t\t\n\n\t<div class=\"img has-hover x md-x lg-x y md-y lg-y\" id=\"image_175703251\">\n\t\t<a class=\"image-lightbox lightbox-gallery\" title=\"\" href=\"https:\/\/megamo.eu\/wp-content\/uploads\/2024\/10\/wyslij.png\">\t\t\t\t\t\t<div class=\"img-inner image-fade-out dark\" >\n\t\t\t<img loading=\"lazy\" decoding=\"async\" width=\"1344\" height=\"764\" src=\"https:\/\/megamo.eu\/wp-content\/uploads\/2024\/10\/wyslij.png\" class=\"attachment-original size-original\" alt=\"\" srcset=\"https:\/\/megamo.eu\/wp-content\/uploads\/2024\/10\/wyslij.png 1344w, https:\/\/megamo.eu\/wp-content\/uploads\/2024\/10\/wyslij-704x400.png 704w, https:\/\/megamo.eu\/wp-content\/uploads\/2024\/10\/wyslij-768x437.png 768w, https:\/\/megamo.eu\/wp-content\/uploads\/2024\/10\/wyslij-600x341.png 600w\" sizes=\"(max-width: 1344px) 100vw, 1344px\" \/>\t\t\t\t\t\t\n\t\t\t\t\t<\/div>\n\t\t\t\t\t\t<\/a>\t\t\n<style>\n#image_175703251 {\n  width: 100%;\n}\n<\/style>\n\t<\/div>\n\t\n\n\t<div class=\"img has-hover x md-x lg-x y md-y lg-y\" id=\"image_1807667281\">\n\t\t<a class=\"image-lightbox lightbox-gallery\" title=\"\" href=\"https:\/\/megamo.eu\/wp-content\/uploads\/2024\/10\/formularz.png\">\t\t\t\t\t\t<div class=\"img-inner image-fade-out dark\" >\n\t\t\t<img loading=\"lazy\" decoding=\"async\" width=\"1651\" height=\"664\" src=\"https:\/\/megamo.eu\/wp-content\/uploads\/2024\/10\/formularz.png\" class=\"attachment-original size-original\" alt=\"\" srcset=\"https:\/\/megamo.eu\/wp-content\/uploads\/2024\/10\/formularz.png 1651w, https:\/\/megamo.eu\/wp-content\/uploads\/2024\/10\/formularz-800x322.png 800w, https:\/\/megamo.eu\/wp-content\/uploads\/2024\/10\/formularz-1400x563.png 1400w, https:\/\/megamo.eu\/wp-content\/uploads\/2024\/10\/formularz-768x309.png 768w, https:\/\/megamo.eu\/wp-content\/uploads\/2024\/10\/formularz-1536x618.png 1536w, https:\/\/megamo.eu\/wp-content\/uploads\/2024\/10\/formularz-600x241.png 600w\" sizes=\"(max-width: 1651px) 100vw, 1651px\" \/>\t\t\t\t\t\t\n\t\t\t\t\t<\/div>\n\t\t\t\t\t\t<\/a>\t\t\n<style>\n#image_1807667281 {\n  width: 100%;\n}\n<\/style>\n\t<\/div>\n\t\n\n\n\t\t<\/div>\n\t\t\t\t\t<\/div>\n\n\t\n\n\t<div id=\"col-2009148319\" class=\"col medium-6 small-12 large-6\"  >\n\t\t\t\t<div class=\"col-inner\"  >\n\t\t\t\n\t\t\t\n\n<h3>TO NAPRAWD\u0118 PROSTE!<\/h3>\n<p><b>Automatyczna rejestracja zam\u00f3wie\u0144<\/b><br \/>Za pomoc\u0105 jednego klikni\u0119cia, ka\u017cde nowe zam\u00f3wienie w Twoim sklepie zostaje natychmiastowo zarejestrowane w naszym systemie, eliminuj\u0105c konieczno\u015b\u0107 r\u0119cznego wprowadzania danych.<\/p>\n<p><b>Pe\u0142na kontrola i precyzyjna edycja danych<\/b><br \/>\nW naszym systemie mo\u017cesz przegl\u0105da\u0107 ka\u017cde zam\u00f3wienie, sprawdza\u0107 jego poprawno\u015b\u0107 oraz wprowadza\u0107 potrzebne korekty. Masz mo\u017cliwo\u015b\u0107 edycji konkretnych p\u00f3l zam\u00f3wienia, aby zapewni\u0107 najwy\u017csz\u0105 zgodno\u015b\u0107 z wymaganiami hurtowni i unikn\u0105\u0107 b\u0142\u0119d\u00f3w.<\/p>\n<p><b>Elastyczne zarz\u0105dzanie zam\u00f3wieniami z mo\u017cliwo\u015bci\u0105 podzia\u0142u<\/b><br \/>Nasz system pozwala na inteligentne rozdzielanie zam\u00f3wie\u0144, umo\u017cliwiaj\u0105c Ci wybranie, kt\u00f3re produkty maj\u0105 zosta\u0107 przekazane do hurtowni, a kt\u00f3re pozostaj\u0105 do realizacji wewn\u0119trznej lub prywatnej. Dzi\u0119ki temu masz pe\u0142n\u0105 kontrol\u0119 nad logistyk\u0105 i mo\u017cesz skutecznie zarz\u0105dza\u0107 asortymentem.<\/p>\n<p><b>Automatyczne przesy\u0142anie zam\u00f3wie\u0144<\/b><br \/>\nPo zatwierdzeniu, system automatycznie przesy\u0142a zam\u00f3wienia do hurtowni, co oszcz\u0119dza Tw\u00f3j czas i przyspiesza proces realizacji zam\u00f3wie\u0144.<\/p>\n<p><b>Efektywno\u015b\u0107 i wygoda<\/b><br \/>\nDzi\u0119ki pe\u0142nej automatyzacji i kontroli, Tw\u00f3j sklep dzia\u0142a sprawniej, a Ty mo\u017cesz skupi\u0107 si\u0119 na rozwoju biznesu, zamiast na r\u0119cznym przetwarzaniu zam\u00f3wie\u0144.<\/p>\n\n\t\t<\/div>\n\t\t\t\t\t<\/div>\n\n\t\n\n\t<div id=\"col-1659485792\" class=\"col small-12 large-12\"  >\n\t\t\t\t<div class=\"col-inner\"  >\n\t\t\t\n\t\t\t\n\n\t<div id=\"text-955321241\" class=\"text\">\n\t\t\n\n<h2 style=\"padding-bottom: 20px;\">Wdro\u017cenia realizujemy dla ka\u017cdej z platform<\/h2>\n\t\t\n<style>\n#text-955321241 {\n  font-size: 1.2rem;\n  text-align: center;\n}\n<\/style>\n\t<\/div>\n\t\n\n\n<div class=\"logos\">\n      <div class=\"logos-slide\">\n        <img decoding=\"async\" alt=\"WooCommerce\" src=\"https:\/\/megamo.eu\/wp-content\/uploads\/2024\/07\/woo_slider.webp\" \/>\n        <img decoding=\"async\" alt=\"Shopware\" src=\"https:\/\/megamo.eu\/wp-content\/uploads\/2024\/07\/shopware_slider.webp\" \/>\n        <img decoding=\"async\" alt=\"Shopify\" src=\"https:\/\/megamo.eu\/wp-content\/uploads\/2024\/07\/shopify_slider.webp\" \/>\n        <img decoding=\"async\" alt=\"Shoper\" src=\"https:\/\/megamo.eu\/wp-content\/uploads\/2024\/07\/shoper_slider.webp\" \/>\n        <img decoding=\"async\" alt=\"PrestaShop\" src=\"https:\/\/megamo.eu\/wp-content\/uploads\/2024\/07\/presta_slider.webp\" \/>\n        <img decoding=\"async\" alt=\"Magento\" src=\"https:\/\/megamo.eu\/wp-content\/uploads\/2024\/07\/magento_slider.webp\" \/>\n        <img decoding=\"async\" alt=\"IdoSell\" src=\"https:\/\/megamo.eu\/wp-content\/uploads\/2024\/07\/ido_slider.webp\" \/>\n        <img decoding=\"async\" alt=\"OpenCart\" src=\"https:\/\/megamo.eu\/wp-content\/uploads\/2024\/11\/opencart_slider.webp\" \/>\n        <img decoding=\"async\" alt=\"KQS\" src=\"https:\/\/megamo.eu\/wp-content\/uploads\/2024\/11\/kqs_slider.webp\" \/>\n        <img decoding=\"async\" alt=\"ShopGold\" src=\"https:\/\/megamo.eu\/wp-content\/uploads\/2024\/11\/shopgold_slider.webp\" \/>\n      <\/div>\n    <\/div>\n\n    <script>\n      var copy = document.querySelector(\".logos-slide\").cloneNode(true);\n      document.querySelector(\".logos\").appendChild(copy);\n    <\/script>\n\n<style>\n@keyframes slide {\n  from {\n    transform: translateX(0);\n  }\n  to {\n    transform: translateX(-100%);\n  }\n}\n\n.logos {\n  overflow: hidden;\n  padding: 0px;\n  background: transparent;\n  white-space: nowrap;\n  position: relative;\n}\n\n.logos:before,\n.logos:after {\n  position: absolute;\n  top: 0;\n  width: 250px;\n  height: 100%;\n  content: \"\";\n  z-index: 2;\n}\n\n.logos:before {\n  left: 0;\n}\n\n.logos:after {\n  right: 0;\n}\n\n.logos-slide {\n  display: inline-block;\n  animation: 60s slide infinite linear;\nwidth: calc(74px*20);\n}\n\n.logos-slide img {\n  height: 74px;\nmargin: 0 35px;\n}\n<\/style>\n\n\n\n\t\t<\/div>\n\t\t\t\t\t<\/div>\n\n\t\n\n<\/div>\n\n\t\t<\/div>\n\n\t\t\n<style>\n#section_2008977462 {\n  padding-top: 30px;\n  padding-bottom: 30px;\n  background-color: rgb(255, 239, 230);\n}\n<\/style>\n\t<\/section>\n\t\n\t<section class=\"section\" id=\"section_844047060\">\n\t\t<div class=\"bg section-bg fill bg-fill  bg-loaded\" >\n\n\t\t\t\n\t\t\t\n\t\t\t\n\n\t\t<\/div>\n\n\t\t\n\n\t\t<div class=\"section-content relative\">\n\t\t\t\n\n<div class=\"row\"  id=\"row-1356639971\">\n\n\n\t<div id=\"col-140473075\" class=\"col small-12 large-12\"  >\n\t\t\t\t<div class=\"col-inner text-center\"  >\n\t\t\t\n\t\t\t\n\n\t<div id=\"text-2419620985\" class=\"text\">\n\t\t\n\n<h2>Jeste\u015b zainteresowany?<\/h2>\n\t\t\n<style>\n#text-2419620985 {\n  font-size: 1.2rem;\n  text-align: center;\n}\n<\/style>\n\t<\/div>\n\t\n\t<div id=\"text-638800982\" class=\"text\">\n\t\t\n\n<h3>Sprawd\u017a czy Twoja hurtownia wspiera automatyczne przekazywanie zam\u00f3wie\u0144 i zg\u0142o\u015b si\u0119 do nas!<\/h3>\n\t\t\n<style>\n#text-638800982 {\n  font-size: 1.2rem;\n  text-align: center;\n}\n<\/style>\n\t<\/div>\n\t\n\t<div id=\"gap-1005494227\" class=\"gap-element clearfix\" style=\"display:block; height:auto;\">\n\t\t\n<style>\n#gap-1005494227 {\n  padding-top: 20px;\n}\n<\/style>\n\t<\/div>\n\t\n\n<a href=\"#contact-form\" class=\"button primary\"  >\n    <span>Zg\u0142o\u015b si\u0119 do nas!<\/span>\n  <\/a>\n\n\n\t<div id=\"gap-1113188088\" class=\"gap-element clearfix\" style=\"display:block; height:auto;\">\n\t\t\n<style>\n#gap-1113188088 {\n  padding-top: 20px;\n}\n<\/style>\n\t<\/div>\n\t\n\n\t<div id=\"text-194147435\" class=\"text\">\n\t\t\n\n<blockquote><p>Przyk\u0142adowe hurtownie, kt\u00f3re wspieraj\u0105 automatyczne przekazywanie zam\u00f3wie\u0144: <a href=\"https:\/\/megamo.eu\/pl\/integracje-z-hurtowniami\/hurtownie-kosmetykow-chemikaliow\/integracja-z-hurtownia-activeshop\/\" target=\"_blank\" rel=\"noopener\">Activeshop<\/a>, <a href=\"https:\/\/megamo.eu\/pl\/integracje-z-hurtowniami\/hurtownie-ekologii\/integracja-z-hurtownia-bioplanet\/\" target=\"_blank\" rel=\"noopener\">Bioplanet<\/a>.<\/p><\/blockquote>\n\t\t\n<style>\n#text-194147435 {\n  text-align: left;\n  color: #003049;\n}\n#text-194147435 > * {\n  color: #003049;\n}\n<\/style>\n\t<\/div>\n\t\n\n\t\t<\/div>\n\t\t\t\t\t<\/div>\n\n\t\n\n<\/div>\n\n\t\t<\/div>\n\n\t\t\n<style>\n#section_844047060 {\n  padding-top: 80px;\n  padding-bottom: 80px;\n}\n<\/style>\n\t<\/section>\n\t\n\n","protected":false},"excerpt":{"rendered":"","protected":false},"author":2,"featured_media":0,"parent":0,"menu_order":0,"comment_status":"closed","ping_status":"closed","template":"","meta":{"_lmt_disableupdate":"","_lmt_disable":"","footnotes":""},"yoast_head":"<!-- This site is optimized with the Yoast SEO Premium plugin v21.8 (Yoast SEO v23.5) - https:\/\/yoast.com\/wordpress\/plugins\/seo\/ -->\n<title>Automatyczne przekazywanie zam\u00f3wie\u0144<\/title>\n<meta name=\"description\" content=\"Zautomatyzuj przekazywanie zam\u00f3wie\u0144, aby zapewni\u0107 p\u0142ynno\u015b\u0107 operacji i zwi\u0119kszy\u0107 efektywno\u015b\u0107 zarz\u0105dzania. Import zam\u00f3wie\u0144 do hurtowni lub dostawcy.\" \/>\n<meta name=\"robots\" content=\"index, follow, max-snippet:-1, max-image-preview:large, max-video-preview:-1\" \/>\n<link rel=\"canonical\" href=\"https:\/\/megamo.eu\/pl\/automatyczne-przekazywanie-zamowien\/\" \/>\n<meta property=\"og:locale\" content=\"pl_PL\" \/>\n<meta property=\"og:type\" content=\"article\" \/>\n<meta property=\"og:title\" content=\"Automatyczne przekazywanie zam\u00f3wie\u0144\" \/>\n<meta property=\"og:description\" content=\"Zautomatyzuj przekazywanie zam\u00f3wie\u0144, aby zapewni\u0107 p\u0142ynno\u015b\u0107 operacji i zwi\u0119kszy\u0107 efektywno\u015b\u0107 zarz\u0105dzania. Import zam\u00f3wie\u0144 do hurtowni lub dostawcy.\" \/>\n<meta property=\"og:url\" content=\"https:\/\/megamo.eu\/pl\/automatyczne-przekazywanie-zamowien\/\" \/>\n<meta property=\"og:site_name\" content=\"megamo.eu\" \/>\n<meta property=\"article:publisher\" content=\"https:\/\/www.facebook.com\/megamoeu\" \/>\n<meta property=\"article:modified_time\" content=\"2024-11-07T09:09:53+00:00\" \/>\n<meta name=\"twitter:card\" content=\"summary_large_image\" \/>\n<meta name=\"twitter:label1\" content=\"Szacowany czas czytania\" \/>\n\t<meta name=\"twitter:data1\" content=\"4 minuty\" \/>\n<script type=\"application\/ld+json\" class=\"yoast-schema-graph\">{\"@context\":\"https:\/\/schema.org\",\"@graph\":[{\"@type\":\"WebPage\",\"@id\":\"https:\/\/megamo.eu\/pl\/automatyczne-przekazywanie-zamowien\/\",\"url\":\"https:\/\/megamo.eu\/pl\/automatyczne-przekazywanie-zamowien\/\",\"name\":\"Automatyczne przekazywanie zam\u00f3wie\u0144\",\"isPartOf\":{\"@id\":\"https:\/\/megamo.eu\/pl\/#website\"},\"datePublished\":\"2024-10-31T15:02:36+00:00\",\"dateModified\":\"2024-11-07T09:09:53+00:00\",\"description\":\"Zautomatyzuj przekazywanie zam\u00f3wie\u0144, aby zapewni\u0107 p\u0142ynno\u015b\u0107 operacji i zwi\u0119kszy\u0107 efektywno\u015b\u0107 zarz\u0105dzania. Import zam\u00f3wie\u0144 do hurtowni lub dostawcy.\",\"breadcrumb\":{\"@id\":\"https:\/\/megamo.eu\/pl\/automatyczne-przekazywanie-zamowien\/#breadcrumb\"},\"inLanguage\":\"pl-PL\",\"potentialAction\":[{\"@type\":\"ReadAction\",\"target\":[\"https:\/\/megamo.eu\/pl\/automatyczne-przekazywanie-zamowien\/\"]}]},{\"@type\":\"BreadcrumbList\",\"@id\":\"https:\/\/megamo.eu\/pl\/automatyczne-przekazywanie-zamowien\/#breadcrumb\",\"itemListElement\":[{\"@type\":\"ListItem\",\"position\":1,\"name\":\"Home\",\"item\":\"https:\/\/megamo.eu\/pl\/\"},{\"@type\":\"ListItem\",\"position\":2,\"name\":\"Automatyczne przekazywanie zam\u00f3wie\u0144\"}]},{\"@type\":\"WebSite\",\"@id\":\"https:\/\/megamo.eu\/pl\/#website\",\"url\":\"https:\/\/megamo.eu\/pl\/\",\"name\":\"megamo.eu\",\"description\":\"megamo.eu\",\"publisher\":{\"@id\":\"https:\/\/megamo.eu\/pl\/#organization\"},\"potentialAction\":[{\"@type\":\"SearchAction\",\"target\":{\"@type\":\"EntryPoint\",\"urlTemplate\":\"https:\/\/megamo.eu\/pl\/?s={search_term_string}\"},\"query-input\":{\"@type\":\"PropertyValueSpecification\",\"valueRequired\":true,\"valueName\":\"search_term_string\"}}],\"inLanguage\":\"pl-PL\"},{\"@type\":\"Organization\",\"@id\":\"https:\/\/megamo.eu\/pl\/#organization\",\"name\":\"Megamo\",\"alternateName\":\"mgo\",\"url\":\"https:\/\/megamo.eu\/pl\/\",\"logo\":{\"@type\":\"ImageObject\",\"inLanguage\":\"pl-PL\",\"@id\":\"https:\/\/megamo.eu\/pl\/#\/schema\/logo\/image\/\",\"url\":\"https:\/\/megamo.eu\/wp-content\/uploads\/2024\/02\/logo_small.png\",\"contentUrl\":\"https:\/\/megamo.eu\/wp-content\/uploads\/2024\/02\/logo_small.png\",\"width\":300,\"height\":113,\"caption\":\"Megamo\"},\"image\":{\"@id\":\"https:\/\/megamo.eu\/pl\/#\/schema\/logo\/image\/\"},\"sameAs\":[\"https:\/\/www.facebook.com\/megamoeu\",\"https:\/\/www.youtube.com\/@Megamo_en\"]}]}<\/script>\n<!-- \/ Yoast SEO Premium plugin. -->","yoast_head_json":{"title":"Automatyczne przekazywanie zam\u00f3wie\u0144","description":"Zautomatyzuj przekazywanie zam\u00f3wie\u0144, aby zapewni\u0107 p\u0142ynno\u015b\u0107 operacji i zwi\u0119kszy\u0107 efektywno\u015b\u0107 zarz\u0105dzania. Import zam\u00f3wie\u0144 do hurtowni lub dostawcy.","robots":{"index":"index","follow":"follow","max-snippet":"max-snippet:-1","max-image-preview":"max-image-preview:large","max-video-preview":"max-video-preview:-1"},"canonical":"https:\/\/megamo.eu\/pl\/automatyczne-przekazywanie-zamowien\/","og_locale":"pl_PL","og_type":"article","og_title":"Automatyczne przekazywanie zam\u00f3wie\u0144","og_description":"Zautomatyzuj przekazywanie zam\u00f3wie\u0144, aby zapewni\u0107 p\u0142ynno\u015b\u0107 operacji i zwi\u0119kszy\u0107 efektywno\u015b\u0107 zarz\u0105dzania. Import zam\u00f3wie\u0144 do hurtowni lub dostawcy.","og_url":"https:\/\/megamo.eu\/pl\/automatyczne-przekazywanie-zamowien\/","og_site_name":"megamo.eu","article_publisher":"https:\/\/www.facebook.com\/megamoeu","article_modified_time":"2024-11-07T09:09:53+00:00","twitter_card":"summary_large_image","twitter_misc":{"Szacowany czas czytania":"4 minuty"},"schema":{"@context":"https:\/\/schema.org","@graph":[{"@type":"WebPage","@id":"https:\/\/megamo.eu\/pl\/automatyczne-przekazywanie-zamowien\/","url":"https:\/\/megamo.eu\/pl\/automatyczne-przekazywanie-zamowien\/","name":"Automatyczne przekazywanie zam\u00f3wie\u0144","isPartOf":{"@id":"https:\/\/megamo.eu\/pl\/#website"},"datePublished":"2024-10-31T15:02:36+00:00","dateModified":"2024-11-07T09:09:53+00:00","description":"Zautomatyzuj przekazywanie zam\u00f3wie\u0144, aby zapewni\u0107 p\u0142ynno\u015b\u0107 operacji i zwi\u0119kszy\u0107 efektywno\u015b\u0107 zarz\u0105dzania. Import zam\u00f3wie\u0144 do hurtowni lub dostawcy.","breadcrumb":{"@id":"https:\/\/megamo.eu\/pl\/automatyczne-przekazywanie-zamowien\/#breadcrumb"},"inLanguage":"pl-PL","potentialAction":[{"@type":"ReadAction","target":["https:\/\/megamo.eu\/pl\/automatyczne-przekazywanie-zamowien\/"]}]},{"@type":"BreadcrumbList","@id":"https:\/\/megamo.eu\/pl\/automatyczne-przekazywanie-zamowien\/#breadcrumb","itemListElement":[{"@type":"ListItem","position":1,"name":"Home","item":"https:\/\/megamo.eu\/pl\/"},{"@type":"ListItem","position":2,"name":"Automatyczne przekazywanie zam\u00f3wie\u0144"}]},{"@type":"WebSite","@id":"https:\/\/megamo.eu\/pl\/#website","url":"https:\/\/megamo.eu\/pl\/","name":"megamo.eu","description":"megamo.eu","publisher":{"@id":"https:\/\/megamo.eu\/pl\/#organization"},"potentialAction":[{"@type":"SearchAction","target":{"@type":"EntryPoint","urlTemplate":"https:\/\/megamo.eu\/pl\/?s={search_term_string}"},"query-input":{"@type":"PropertyValueSpecification","valueRequired":true,"valueName":"search_term_string"}}],"inLanguage":"pl-PL"},{"@type":"Organization","@id":"https:\/\/megamo.eu\/pl\/#organization","name":"Megamo","alternateName":"mgo","url":"https:\/\/megamo.eu\/pl\/","logo":{"@type":"ImageObject","inLanguage":"pl-PL","@id":"https:\/\/megamo.eu\/pl\/#\/schema\/logo\/image\/","url":"https:\/\/megamo.eu\/wp-content\/uploads\/2024\/02\/logo_small.png","contentUrl":"https:\/\/megamo.eu\/wp-content\/uploads\/2024\/02\/logo_small.png","width":300,"height":113,"caption":"Megamo"},"image":{"@id":"https:\/\/megamo.eu\/pl\/#\/schema\/logo\/image\/"},"sameAs":["https:\/\/www.facebook.com\/megamoeu","https:\/\/www.youtube.com\/@Megamo_en"]}]}},"_links":{"self":[{"href":"https:\/\/megamo.eu\/pl\/wp-json\/wp\/v2\/pages\/28374"}],"collection":[{"href":"https:\/\/megamo.eu\/pl\/wp-json\/wp\/v2\/pages"}],"about":[{"href":"https:\/\/megamo.eu\/pl\/wp-json\/wp\/v2\/types\/page"}],"author":[{"embeddable":true,"href":"https:\/\/megamo.eu\/pl\/wp-json\/wp\/v2\/users\/2"}],"replies":[{"embeddable":true,"href":"https:\/\/megamo.eu\/pl\/wp-json\/wp\/v2\/comments?post=28374"}],"version-history":[{"count":6,"href":"https:\/\/megamo.eu\/pl\/wp-json\/wp\/v2\/pages\/28374\/revisions"}],"predecessor-version":[{"id":28748,"href":"https:\/\/megamo.eu\/pl\/wp-json\/wp\/v2\/pages\/28374\/revisions\/28748"}],"wp:attachment":[{"href":"https:\/\/megamo.eu\/pl\/wp-json\/wp\/v2\/media?parent=28374"}],"curies":[{"name":"wp","href":"https:\/\/api.w.org\/{rel}","templated":true}]}}