{"id":2798,"date":"2024-02-23T13:59:07","date_gmt":"2024-02-23T12:59:07","guid":{"rendered":"https:\/\/megamo.eu\/wtyczki-moduly-dropshipping\/shopware-feed-integration-with-supplier\/"},"modified":"2024-07-12T10:37:39","modified_gmt":"2024-07-12T08:37:39","slug":"shopware-wtyczki-dropshipping-do-platformy","status":"publish","type":"page","link":"https:\/\/megamo.eu\/pl\/wtyczki-moduly-dropshipping\/shopware-wtyczki-dropshipping-do-platformy\/","title":{"rendered":"Shopware &#8211; wtyczki dropshipping do platformy"},"content":{"rendered":"\n\t<div id=\"gap-1948318073\" class=\"gap-element clearfix\" style=\"display:block; height:auto;\">\n\t\t\n<style>\n#gap-1948318073 {\n  padding-top: 60px;\n}\n<\/style>\n\t<\/div>\n\t\n\n\t<section class=\"section\" id=\"section_2143266207\">\n\t\t<div class=\"bg section-bg fill bg-fill  bg-loaded\" >\n\n\t\t\t\n\t\t\t\n\t\t\t\n\n\t\t<\/div>\n\n\t\t\n\n\t\t<div class=\"section-content relative\">\n\t\t\t\n\n<div class=\"row\"  id=\"row-2130602737\">\n\n\n\t<div id=\"col-724657154\" class=\"col small-12 large-12\"  >\n\t\t\t\t<div class=\"col-inner\"  >\n\t\t\t\n\t\t\t\n\n\t<div id=\"text-786938725\" class=\"text\">\n\t\t\n\n<h1>Shopware &#8211; wtyczki dropshipping do platformy<\/h1>\n\t\t\n<style>\n#text-786938725 {\n  font-size: 1.3rem;\n  text-align: center;\n}\n<\/style>\n\t<\/div>\n\t\n\n\t\t<\/div>\n\t\t\t\t\t<\/div>\n\n\t\n\n<\/div>\n<div class=\"row\"  id=\"row-1127490211\">\n\n\n\t<div id=\"col-2018155694\" class=\"col small-12 large-12\"  >\n\t\t\t\t<div class=\"col-inner text-center\"  >\n\t\t\t\n\t\t\t\n\n\t<div class=\"img has-hover x md-x lg-x y md-y lg-y\" id=\"image_987436277\">\n\t\t\t\t\t\t\t\t<div class=\"img-inner dark\" >\n\t\t\t<img loading=\"lazy\" decoding=\"async\" width=\"411\" height=\"165\" src=\"https:\/\/megamo.eu\/wp-content\/uploads\/2024\/02\/logo-shopware-411.webp\" class=\"attachment-original size-original\" alt=\"\" \/>\t\t\t\t\t\t\n\t\t\t\t\t<\/div>\n\t\t\t\t\t\t\t\t\n<style>\n#image_987436277 {\n  width: 30%;\n}\n<\/style>\n\t<\/div>\n\t\n\n\t<div id=\"text-2615458385\" class=\"text\">\n\t\t\n\n<p>OPEN SOURCE | W\u0142asny hosting<\/p>\n\t\t\n<style>\n#text-2615458385 {\n  font-size: 1.2rem;\n  color: rgb(155, 155, 155);\n}\n#text-2615458385 > * {\n  color: rgb(155, 155, 155);\n}\n<\/style>\n\t<\/div>\n\t\n\t<div id=\"text-3795187250\" class=\"text\">\n\t\t\n\n<p style=\"margin-bottom: 60px\">Shopware to zaawansowane rozwi\u0105zanie e-commerce, umo\u017cliwiaj\u0105ce dostosowanie i automatyzacj\u0119 proces\u00f3w biznesowych w r\u00f3\u017cnych modelach dzia\u0142alno\u015bci, gwarantuj\u0105c przy tym pe\u0142n\u0105 skalowalno\u015b\u0107 i bezpiecze\u0144stwo operacyjne. Platforma ta umo\u017cliwia rozwijanie dzia\u0142alno\u015bci internetowej z naciskiem na elastyczno\u015b\u0107, wydajno\u015b\u0107 i innowacyjno\u015b\u0107. Shopware zapewnia szereg funkcjonalno\u015bci, w tym wsparcie dla wielu j\u0119zyk\u00f3w oraz mo\u017cliwo\u015b\u0107 personalizacji designu sklepu online. Dodatkowo, oferuje prost\u0105 integracj\u0119 z r\u00f3\u017cnorodnymi narz\u0119dziami zewn\u0119trznymi oraz zapewnia wysoki standard bezpiecze\u0144stwa dla sklep\u00f3w internetowych.<\/p>\n\t\t\n<style>\n#text-3795187250 {\n  text-align: left;\n}\n<\/style>\n\t<\/div>\n\t\n<a href=\"https:\/\/panel.megamo.co.uk\/register\" class=\"button primary\"  >\n    <span>Integracje Shopware<\/span>\n  <\/a>\n\n\n<a href=\"\/pl\/dodatki-do-integracji\" class=\"button primary\"  >\n    <span>Wybierz dodatki dla Shopware<\/span>\n  <\/a>\n\n\n\n\t\t<\/div>\n\t\t\t\t\t<\/div>\n\n\t\n\n<\/div>\n\n\t\t<\/div>\n\n\t\t\n<style>\n#section_2143266207 {\n  padding-top: 30px;\n  padding-bottom: 30px;\n  margin-bottom: 60px;\n}\n<\/style>\n\t<\/section>\n\t\n\t<section class=\"section\" id=\"section_1138477523\">\n\t\t<div class=\"bg section-bg fill bg-fill  bg-loaded\" >\n\n\t\t\t\n\t\t\t\n\t\t\t\n\n\t\t<\/div>\n\n\t\t\n\n\t\t<div class=\"section-content relative\">\n\t\t\t\n\n<div class=\"row\"  id=\"row-351608824\">\n\n\n\t<div id=\"col-221315794\" class=\"col medium-6 small-12 large-6\"  >\n\t\t\t\t<div class=\"col-inner\"  >\n\t\t\t\n\t\t\t\n\n\t<div class=\"img has-hover x md-x lg-x y md-y lg-y\" id=\"image_799389912\">\n\t\t\t\t\t\t\t\t<div class=\"img-inner dark\" >\n\t\t\t<img loading=\"lazy\" decoding=\"async\" width=\"1020\" height=\"570\" src=\"https:\/\/megamo.eu\/wp-content\/uploads\/2024\/01\/hex-default.webp\" class=\"attachment-large size-large\" alt=\"We help you save time\" srcset=\"https:\/\/megamo.eu\/wp-content\/uploads\/2024\/01\/hex-default.webp 1025w, https:\/\/megamo.eu\/wp-content\/uploads\/2024\/01\/hex-default-716x400.webp 716w, https:\/\/megamo.eu\/wp-content\/uploads\/2024\/01\/hex-default-768x429.webp 768w, https:\/\/megamo.eu\/wp-content\/uploads\/2024\/01\/hex-default-600x335.webp 600w\" sizes=\"(max-width: 1020px) 100vw, 1020px\" \/>\t\t\t\t\t\t\n\t\t\t\t\t<\/div>\n\t\t\t\t\t\t\t\t\n<style>\n#image_799389912 {\n  width: 100%;\n}\n<\/style>\n\t<\/div>\n\t\n\n\n\t\t<\/div>\n\t\t\t\t\t<\/div>\n\n\t\n\n\t<div id=\"col-1482016857\" class=\"col medium-6 small-12 large-6\"  >\n\t\t\t\t<div class=\"col-inner\"  >\n\t\t\t\n\t\t\t\n\n\t<div id=\"text-2410969994\" class=\"text\">\n\t\t\n\n<h2>Oszcz\u0119dzamy Tw\u00f3j czas<\/h2>\n\t\t\n<style>\n#text-2410969994 {\n  font-size: 1.2rem;\n}\n<\/style>\n\t<\/div>\n\t\n<p>R\u0119czne dodanie do sklepu zaledwie <b>1000 produkt\u00f3w<\/b> zajmuje oko\u0142o <b>160 godzin<\/b> &#8211; to praca przez 8 godzin dziennie, 5 dni w tygodniu, przez ca\u0142y miesi\u0105c.<\/p>\n<p><b>Tw\u00f3j czas jest bezcenny kiedy odpoczywasz, a gdy pracujesz &#8211; wart tyle ile mo\u017cesz zarobi\u0107.<\/b><\/p>\n<a href=\"\/pl\/cennik-automatyczna-integracja-z-hurtowniami\" class=\"button primary\"  >\n    <span>Sprawd\u017a nasz\u0105 ofert\u0119<\/span>\n  <\/a>\n\n\n\n\t\t<\/div>\n\t\t\t\t\t<\/div>\n\n\t\n\n<\/div>\n\n\t\t<\/div>\n\n\t\t\n<style>\n#section_1138477523 {\n  padding-top: 80px;\n  padding-bottom: 80px;\n}\n<\/style>\n\t<\/section>\n\t\n\n","protected":false},"excerpt":{"rendered":"","protected":false},"author":2,"featured_media":0,"parent":2768,"menu_order":0,"comment_status":"closed","ping_status":"closed","template":"","meta":{"_lmt_disableupdate":"","_lmt_disable":"","footnotes":""},"yoast_head":"<!-- This site is optimized with the Yoast SEO Premium plugin v21.8 (Yoast SEO v23.5) - https:\/\/yoast.com\/wordpress\/plugins\/seo\/ -->\n<title>Shopware - wtyczki dropshipping do platformy<\/title>\n<meta name=\"description\" content=\"Masz sklep na Shopware i chcia\u0142by\u015b sprzedawa\u0107 produkty od wybranej hurtowni? Zapoznaj si\u0119 z nasz\u0105 ofert\u0105.\" \/>\n<meta name=\"robots\" content=\"index, follow, max-snippet:-1, max-image-preview:large, max-video-preview:-1\" \/>\n<link rel=\"canonical\" href=\"https:\/\/megamo.eu\/pl\/wtyczki-moduly-dropshipping\/shopware-wtyczki-dropshipping-do-platformy\/\" \/>\n<meta property=\"og:locale\" content=\"pl_PL\" \/>\n<meta property=\"og:type\" content=\"article\" \/>\n<meta property=\"og:title\" content=\"Shopware - wtyczki dropshipping do platformy\" \/>\n<meta property=\"og:description\" content=\"Masz sklep na Shopware i chcia\u0142by\u015b sprzedawa\u0107 produkty od wybranej hurtowni? Zapoznaj si\u0119 z nasz\u0105 ofert\u0105.\" \/>\n<meta property=\"og:url\" content=\"https:\/\/megamo.eu\/pl\/wtyczki-moduly-dropshipping\/shopware-wtyczki-dropshipping-do-platformy\/\" \/>\n<meta property=\"og:site_name\" content=\"megamo.eu\" \/>\n<meta property=\"article:publisher\" content=\"https:\/\/www.facebook.com\/megamoeu\" \/>\n<meta property=\"article:modified_time\" content=\"2024-07-12T08:37:39+00:00\" \/>\n<meta name=\"twitter:card\" content=\"summary_large_image\" \/>\n<meta name=\"twitter:label1\" content=\"Szacowany czas czytania\" \/>\n\t<meta name=\"twitter:data1\" content=\"2 minuty\" \/>\n<script type=\"application\/ld+json\" class=\"yoast-schema-graph\">{\"@context\":\"https:\/\/schema.org\",\"@graph\":[{\"@type\":\"WebPage\",\"@id\":\"https:\/\/megamo.eu\/pl\/wtyczki-moduly-dropshipping\/shopware-wtyczki-dropshipping-do-platformy\/\",\"url\":\"https:\/\/megamo.eu\/pl\/wtyczki-moduly-dropshipping\/shopware-wtyczki-dropshipping-do-platformy\/\",\"name\":\"Shopware - wtyczki dropshipping do platformy\",\"isPartOf\":{\"@id\":\"https:\/\/megamo.eu\/pl\/#website\"},\"datePublished\":\"2024-02-23T12:59:07+00:00\",\"dateModified\":\"2024-07-12T08:37:39+00:00\",\"description\":\"Masz sklep na Shopware i chcia\u0142by\u015b sprzedawa\u0107 produkty od wybranej hurtowni? Zapoznaj si\u0119 z nasz\u0105 ofert\u0105.\",\"breadcrumb\":{\"@id\":\"https:\/\/megamo.eu\/pl\/wtyczki-moduly-dropshipping\/shopware-wtyczki-dropshipping-do-platformy\/#breadcrumb\"},\"inLanguage\":\"pl-PL\",\"potentialAction\":[{\"@type\":\"ReadAction\",\"target\":[\"https:\/\/megamo.eu\/pl\/wtyczki-moduly-dropshipping\/shopware-wtyczki-dropshipping-do-platformy\/\"]}]},{\"@type\":\"BreadcrumbList\",\"@id\":\"https:\/\/megamo.eu\/pl\/wtyczki-moduly-dropshipping\/shopware-wtyczki-dropshipping-do-platformy\/#breadcrumb\",\"itemListElement\":[{\"@type\":\"ListItem\",\"position\":1,\"name\":\"Home\",\"item\":\"https:\/\/megamo.eu\/pl\/\"},{\"@type\":\"ListItem\",\"position\":2,\"name\":\"Wtyczki, modu\u0142y dropshipping\",\"item\":\"https:\/\/megamo.eu\/pl\/plug-ins-dropshipping-modules\/\"},{\"@type\":\"ListItem\",\"position\":3,\"name\":\"Shopware &#8211; wtyczki dropshipping do platformy\"}]},{\"@type\":\"WebSite\",\"@id\":\"https:\/\/megamo.eu\/pl\/#website\",\"url\":\"https:\/\/megamo.eu\/pl\/\",\"name\":\"megamo.eu\",\"description\":\"megamo.eu\",\"publisher\":{\"@id\":\"https:\/\/megamo.eu\/pl\/#organization\"},\"potentialAction\":[{\"@type\":\"SearchAction\",\"target\":{\"@type\":\"EntryPoint\",\"urlTemplate\":\"https:\/\/megamo.eu\/pl\/?s={search_term_string}\"},\"query-input\":{\"@type\":\"PropertyValueSpecification\",\"valueRequired\":true,\"valueName\":\"search_term_string\"}}],\"inLanguage\":\"pl-PL\"},{\"@type\":\"Organization\",\"@id\":\"https:\/\/megamo.eu\/pl\/#organization\",\"name\":\"Megamo\",\"alternateName\":\"mgo\",\"url\":\"https:\/\/megamo.eu\/pl\/\",\"logo\":{\"@type\":\"ImageObject\",\"inLanguage\":\"pl-PL\",\"@id\":\"https:\/\/megamo.eu\/pl\/#\/schema\/logo\/image\/\",\"url\":\"https:\/\/megamo.eu\/wp-content\/uploads\/2024\/02\/logo_small.png\",\"contentUrl\":\"https:\/\/megamo.eu\/wp-content\/uploads\/2024\/02\/logo_small.png\",\"width\":300,\"height\":113,\"caption\":\"Megamo\"},\"image\":{\"@id\":\"https:\/\/megamo.eu\/pl\/#\/schema\/logo\/image\/\"},\"sameAs\":[\"https:\/\/www.facebook.com\/megamoeu\",\"https:\/\/www.youtube.com\/@Megamo_en\"]}]}<\/script>\n<!-- \/ Yoast SEO Premium plugin. -->","yoast_head_json":{"title":"Shopware - wtyczki dropshipping do platformy","description":"Masz sklep na Shopware i chcia\u0142by\u015b sprzedawa\u0107 produkty od wybranej hurtowni? Zapoznaj si\u0119 z nasz\u0105 ofert\u0105.","robots":{"index":"index","follow":"follow","max-snippet":"max-snippet:-1","max-image-preview":"max-image-preview:large","max-video-preview":"max-video-preview:-1"},"canonical":"https:\/\/megamo.eu\/pl\/wtyczki-moduly-dropshipping\/shopware-wtyczki-dropshipping-do-platformy\/","og_locale":"pl_PL","og_type":"article","og_title":"Shopware - wtyczki dropshipping do platformy","og_description":"Masz sklep na Shopware i chcia\u0142by\u015b sprzedawa\u0107 produkty od wybranej hurtowni? Zapoznaj si\u0119 z nasz\u0105 ofert\u0105.","og_url":"https:\/\/megamo.eu\/pl\/wtyczki-moduly-dropshipping\/shopware-wtyczki-dropshipping-do-platformy\/","og_site_name":"megamo.eu","article_publisher":"https:\/\/www.facebook.com\/megamoeu","article_modified_time":"2024-07-12T08:37:39+00:00","twitter_card":"summary_large_image","twitter_misc":{"Szacowany czas czytania":"2 minuty"},"schema":{"@context":"https:\/\/schema.org","@graph":[{"@type":"WebPage","@id":"https:\/\/megamo.eu\/pl\/wtyczki-moduly-dropshipping\/shopware-wtyczki-dropshipping-do-platformy\/","url":"https:\/\/megamo.eu\/pl\/wtyczki-moduly-dropshipping\/shopware-wtyczki-dropshipping-do-platformy\/","name":"Shopware - wtyczki dropshipping do platformy","isPartOf":{"@id":"https:\/\/megamo.eu\/pl\/#website"},"datePublished":"2024-02-23T12:59:07+00:00","dateModified":"2024-07-12T08:37:39+00:00","description":"Masz sklep na Shopware i chcia\u0142by\u015b sprzedawa\u0107 produkty od wybranej hurtowni? Zapoznaj si\u0119 z nasz\u0105 ofert\u0105.","breadcrumb":{"@id":"https:\/\/megamo.eu\/pl\/wtyczki-moduly-dropshipping\/shopware-wtyczki-dropshipping-do-platformy\/#breadcrumb"},"inLanguage":"pl-PL","potentialAction":[{"@type":"ReadAction","target":["https:\/\/megamo.eu\/pl\/wtyczki-moduly-dropshipping\/shopware-wtyczki-dropshipping-do-platformy\/"]}]},{"@type":"BreadcrumbList","@id":"https:\/\/megamo.eu\/pl\/wtyczki-moduly-dropshipping\/shopware-wtyczki-dropshipping-do-platformy\/#breadcrumb","itemListElement":[{"@type":"ListItem","position":1,"name":"Home","item":"https:\/\/megamo.eu\/pl\/"},{"@type":"ListItem","position":2,"name":"Wtyczki, modu\u0142y dropshipping","item":"https:\/\/megamo.eu\/pl\/plug-ins-dropshipping-modules\/"},{"@type":"ListItem","position":3,"name":"Shopware &#8211; wtyczki dropshipping do platformy"}]},{"@type":"WebSite","@id":"https:\/\/megamo.eu\/pl\/#website","url":"https:\/\/megamo.eu\/pl\/","name":"megamo.eu","description":"megamo.eu","publisher":{"@id":"https:\/\/megamo.eu\/pl\/#organization"},"potentialAction":[{"@type":"SearchAction","target":{"@type":"EntryPoint","urlTemplate":"https:\/\/megamo.eu\/pl\/?s={search_term_string}"},"query-input":{"@type":"PropertyValueSpecification","valueRequired":true,"valueName":"search_term_string"}}],"inLanguage":"pl-PL"},{"@type":"Organization","@id":"https:\/\/megamo.eu\/pl\/#organization","name":"Megamo","alternateName":"mgo","url":"https:\/\/megamo.eu\/pl\/","logo":{"@type":"ImageObject","inLanguage":"pl-PL","@id":"https:\/\/megamo.eu\/pl\/#\/schema\/logo\/image\/","url":"https:\/\/megamo.eu\/wp-content\/uploads\/2024\/02\/logo_small.png","contentUrl":"https:\/\/megamo.eu\/wp-content\/uploads\/2024\/02\/logo_small.png","width":300,"height":113,"caption":"Megamo"},"image":{"@id":"https:\/\/megamo.eu\/pl\/#\/schema\/logo\/image\/"},"sameAs":["https:\/\/www.facebook.com\/megamoeu","https:\/\/www.youtube.com\/@Megamo_en"]}]}},"_links":{"self":[{"href":"https:\/\/megamo.eu\/pl\/wp-json\/wp\/v2\/pages\/2798"}],"collection":[{"href":"https:\/\/megamo.eu\/pl\/wp-json\/wp\/v2\/pages"}],"about":[{"href":"https:\/\/megamo.eu\/pl\/wp-json\/wp\/v2\/types\/page"}],"author":[{"embeddable":true,"href":"https:\/\/megamo.eu\/pl\/wp-json\/wp\/v2\/users\/2"}],"replies":[{"embeddable":true,"href":"https:\/\/megamo.eu\/pl\/wp-json\/wp\/v2\/comments?post=2798"}],"version-history":[{"count":5,"href":"https:\/\/megamo.eu\/pl\/wp-json\/wp\/v2\/pages\/2798\/revisions"}],"predecessor-version":[{"id":3435,"href":"https:\/\/megamo.eu\/pl\/wp-json\/wp\/v2\/pages\/2798\/revisions\/3435"}],"up":[{"embeddable":true,"href":"https:\/\/megamo.eu\/pl\/wp-json\/wp\/v2\/pages\/2768"}],"wp:attachment":[{"href":"https:\/\/megamo.eu\/pl\/wp-json\/wp\/v2\/media?parent=2798"}],"curies":[{"name":"wp","href":"https:\/\/api.w.org\/{rel}","templated":true}]}}