{"id":2792,"date":"2024-02-23T13:59:04","date_gmt":"2024-02-23T12:59:04","guid":{"rendered":"https:\/\/megamo.eu\/wtyczki-moduly-dropshipping\/shoper-feed-integration-with-supplier\/"},"modified":"2025-10-06T11:24:58","modified_gmt":"2025-10-06T09:24:58","slug":"shoper-wtyczki-dropshipping-do-platformy","status":"publish","type":"page","link":"https:\/\/megamo.eu\/pl\/wtyczki-moduly-dropshipping\/shoper-wtyczki-dropshipping-do-platformy\/","title":{"rendered":"Shoper &#8211; wtyczki dropshipping do platformy"},"content":{"rendered":"\n\t<div id=\"gap-1139571855\" class=\"gap-element clearfix\" style=\"display:block; height:auto;\">\n\t\t\n<style>\n#gap-1139571855 {\n  padding-top: 60px;\n}\n<\/style>\n\t<\/div>\n\t\n\n\t<section class=\"section\" id=\"section_981546779\">\n\t\t<div class=\"bg section-bg fill bg-fill  bg-loaded\" >\n\n\t\t\t\n\t\t\t\n\t\t\t\n\n\t\t<\/div>\n\n\t\t\n\n\t\t<div class=\"section-content relative\">\n\t\t\t\n\n<div class=\"row\"  id=\"row-478701928\">\n\n\n\t<div id=\"col-519881160\" class=\"col small-12 large-12\"  >\n\t\t\t\t<div class=\"col-inner\"  >\n\t\t\t\n\t\t\t\n\n\t<div id=\"text-4140510767\" class=\"text\">\n\t\t\n\n<h1>Shoper &#8211; feed integration with supplier<\/h1>\n\n\t\t\n<style>\n#text-4140510767 {\n  font-size: 1.3rem;\n  text-align: center;\n}\n<\/style>\n\t<\/div>\n\t\n\n\t\t<\/div>\n\t\t\t\t\t<\/div>\n\n\t\n\n<\/div>\n<div class=\"row\"  id=\"row-16432878\">\n\n\n\t<div id=\"col-1655312929\" class=\"col small-12 large-12\"  >\n\t\t\t\t<div class=\"col-inner text-center\"  >\n\t\t\t\n\t\t\t\n\n\t<div class=\"img has-hover x md-x lg-x y md-y lg-y\" id=\"image_329286213\">\n\t\t\t\t\t\t\t\t<div class=\"img-inner dark\" >\n\t\t\t<img loading=\"lazy\" decoding=\"async\" width=\"411\" height=\"165\" src=\"https:\/\/megamo.eu\/wp-content\/uploads\/2024\/02\/logo-shoper-411.webp\" class=\"attachment-original size-original\" alt=\"\" \/>\t\t\t\t\t\t\n\t\t\t\t\t<\/div>\n\t\t\t\t\t\t\t\t\n<style>\n#image_329286213 {\n  width: 30%;\n}\n<\/style>\n\t<\/div>\n\t\n\n\t<div id=\"text-1692165747\" class=\"text\">\n\t\t\n\n<p>SAAS | Subscription<\/p>\n\t\t\n<style>\n#text-1692165747 {\n  font-size: 1.2rem;\n  color: rgb(155, 155, 155);\n}\n#text-1692165747 > * {\n  color: rgb(155, 155, 155);\n}\n<\/style>\n\t<\/div>\n\t\n\t<div id=\"text-75750031\" class=\"text\">\n\t\t\n\n<p style=\"margin-bottom: 60px\">Shoper is an e-commerce software solution established in 2005 in Poland, designed specifically for online retailers. Operating under the SaaS (Software as a Service) model, it delivers top-tier functionalities essential for managing sales processes, order fulfillment, shipping, marketing, and customer service, catering to the comprehensive needs of e-commerce businesses.<\/p>\n\n\t\t\n<style>\n#text-75750031 {\n  text-align: left;\n}\n<\/style>\n\t<\/div>\n\t\n<a href=\"https:\/\/panel.megamo.co.uk\/dashboard\" class=\"button primary\"  >\n    <span>Integrate Shoper<\/span>\n  <\/a>\n\n\n<a href=\"https:\/\/megamo.eu\/pl\/dodatki-do-integracji\/\" class=\"button primary\"  >\n    <span>Choose add-ons for Shoper<\/span>\n  <\/a>\n\n\n\n\t\t<\/div>\n\t\t\t\t\t<\/div>\n\n\t\n\n<\/div>\n\n\t\t<\/div>\n\n\t\t\n<style>\n#section_981546779 {\n  padding-top: 30px;\n  padding-bottom: 30px;\n  margin-bottom: 60px;\n}\n<\/style>\n\t<\/section>\n\t\n\t<section class=\"section\" id=\"section_1162108765\">\n\t\t<div class=\"bg section-bg fill bg-fill  bg-loaded\" >\n\n\t\t\t\n\t\t\t\n\t\t\t\n\n\t\t<\/div>\n\n\t\t\n\n\t\t<div class=\"section-content relative\">\n\t\t\t\n\n<div class=\"row\"  id=\"row-535987563\">\n\n\n\t<div id=\"col-113104821\" class=\"col medium-6 small-12 large-6\"  >\n\t\t\t\t<div class=\"col-inner\"  >\n\t\t\t\n\t\t\t\n\n\t<div class=\"img has-hover x md-x lg-x y md-y lg-y\" id=\"image_1068276290\">\n\t\t\t\t\t\t\t\t<div class=\"img-inner dark\" >\n\t\t\t<img loading=\"lazy\" decoding=\"async\" width=\"1020\" height=\"570\" src=\"https:\/\/megamo.eu\/wp-content\/uploads\/2024\/01\/hex-default.webp\" class=\"attachment-large size-large\" alt=\"We help you save time\" srcset=\"https:\/\/megamo.eu\/wp-content\/uploads\/2024\/01\/hex-default.webp 1025w, https:\/\/megamo.eu\/wp-content\/uploads\/2024\/01\/hex-default-716x400.webp 716w, https:\/\/megamo.eu\/wp-content\/uploads\/2024\/01\/hex-default-768x429.webp 768w, https:\/\/megamo.eu\/wp-content\/uploads\/2024\/01\/hex-default-600x335.webp 600w\" sizes=\"(max-width: 1020px) 100vw, 1020px\" \/>\t\t\t\t\t\t\n\t\t\t\t\t<\/div>\n\t\t\t\t\t\t\t\t\n<style>\n#image_1068276290 {\n  width: 100%;\n}\n<\/style>\n\t<\/div>\n\t\n\n\n\t\t<\/div>\n\t\t\t\t\t<\/div>\n\n\t\n\n\t<div id=\"col-1228397617\" class=\"col medium-6 small-12 large-6\"  >\n\t\t\t\t<div class=\"col-inner\"  >\n\t\t\t\n\t\t\t\n\n\t<div id=\"text-1007611322\" class=\"text\">\n\t\t\n\n<h2>We help you save time<\/h2>\n\t\t\n<style>\n#text-1007611322 {\n  font-size: 1.2rem;\n}\n<\/style>\n\t<\/div>\n\t\n<p>Manually incorporating roughly <b>1000 products<\/b> into your inventory can consume up to <b>160 hours<\/b> \u2013 equivalent to a full month of work at 8 hours per day, five days a week.<\/p>\n<p><b>Your time is invaluable, both during moments of relaxation and through the potential earnings of your work.<\/b><\/p>\n<a href=\"https:\/\/megamo.eu\/pl\/cennik-automatyczna-integracja-z-hurtowniami\/\" class=\"button primary\"  >\n    <span>Learn more<\/span>\n  <\/a>\n\n\n\n\t\t<\/div>\n\t\t\t\t\t<\/div>\n\n\t\n\n<\/div>\n\n\t\t<\/div>\n\n\t\t\n<style>\n#section_1162108765 {\n  padding-top: 80px;\n  padding-bottom: 80px;\n}\n<\/style>\n\t<\/section>\n\t\n\n","protected":false},"excerpt":{"rendered":"","protected":false},"author":2,"featured_media":0,"parent":2768,"menu_order":0,"comment_status":"closed","ping_status":"closed","template":"","meta":{"_lmt_disableupdate":"","_lmt_disable":"","footnotes":""},"yoast_head":"<!-- This site is optimized with the Yoast SEO Premium plugin v21.8 (Yoast SEO v23.5) - https:\/\/yoast.com\/wordpress\/plugins\/seo\/ -->\n<title>Shoper - wtyczki dropshipping do platformy<\/title>\n<meta name=\"description\" content=\"Masz sklep na Shoper i chcia\u0142by\u015b sprzedawa\u0107 produkty od wybranej hurtowni? Zapoznaj si\u0119 z nasz\u0105 ofert\u0105.\" \/>\n<meta name=\"robots\" content=\"index, follow, max-snippet:-1, max-image-preview:large, max-video-preview:-1\" \/>\n<link rel=\"canonical\" href=\"https:\/\/megamo.eu\/pl\/wtyczki-moduly-dropshipping\/shoper-wtyczki-dropshipping-do-platformy\/\" \/>\n<meta property=\"og:locale\" content=\"pl_PL\" \/>\n<meta property=\"og:type\" content=\"article\" \/>\n<meta property=\"og:title\" content=\"Shoper - wtyczki dropshipping do platformy\" \/>\n<meta property=\"og:description\" content=\"Masz sklep na Shoper i chcia\u0142by\u015b sprzedawa\u0107 produkty od wybranej hurtowni? Zapoznaj si\u0119 z nasz\u0105 ofert\u0105.\" \/>\n<meta property=\"og:url\" content=\"https:\/\/megamo.eu\/pl\/wtyczki-moduly-dropshipping\/shoper-wtyczki-dropshipping-do-platformy\/\" \/>\n<meta property=\"og:site_name\" content=\"megamo.eu\" \/>\n<meta property=\"article:publisher\" content=\"https:\/\/www.facebook.com\/megamoeu\" \/>\n<meta property=\"article:modified_time\" content=\"2025-10-06T09:24:58+00:00\" \/>\n<meta name=\"twitter:card\" content=\"summary_large_image\" \/>\n<meta name=\"twitter:label1\" content=\"Szacowany czas czytania\" \/>\n\t<meta name=\"twitter:data1\" content=\"2 minuty\" \/>\n<script type=\"application\/ld+json\" class=\"yoast-schema-graph\">{\"@context\":\"https:\/\/schema.org\",\"@graph\":[{\"@type\":\"WebPage\",\"@id\":\"https:\/\/megamo.eu\/pl\/wtyczki-moduly-dropshipping\/shoper-wtyczki-dropshipping-do-platformy\/\",\"url\":\"https:\/\/megamo.eu\/pl\/wtyczki-moduly-dropshipping\/shoper-wtyczki-dropshipping-do-platformy\/\",\"name\":\"Shoper - wtyczki dropshipping do platformy\",\"isPartOf\":{\"@id\":\"https:\/\/megamo.eu\/pl\/#website\"},\"datePublished\":\"2024-02-23T12:59:04+00:00\",\"dateModified\":\"2025-10-06T09:24:58+00:00\",\"description\":\"Masz sklep na Shoper i chcia\u0142by\u015b sprzedawa\u0107 produkty od wybranej hurtowni? Zapoznaj si\u0119 z nasz\u0105 ofert\u0105.\",\"breadcrumb\":{\"@id\":\"https:\/\/megamo.eu\/pl\/wtyczki-moduly-dropshipping\/shoper-wtyczki-dropshipping-do-platformy\/#breadcrumb\"},\"inLanguage\":\"pl-PL\",\"potentialAction\":[{\"@type\":\"ReadAction\",\"target\":[\"https:\/\/megamo.eu\/pl\/wtyczki-moduly-dropshipping\/shoper-wtyczki-dropshipping-do-platformy\/\"]}]},{\"@type\":\"BreadcrumbList\",\"@id\":\"https:\/\/megamo.eu\/pl\/wtyczki-moduly-dropshipping\/shoper-wtyczki-dropshipping-do-platformy\/#breadcrumb\",\"itemListElement\":[{\"@type\":\"ListItem\",\"position\":1,\"name\":\"Home\",\"item\":\"https:\/\/megamo.eu\/pl\/\"},{\"@type\":\"ListItem\",\"position\":2,\"name\":\"Wtyczki, modu\u0142y dropshipping\",\"item\":\"https:\/\/megamo.eu\/pl\/plug-ins-dropshipping-modules\/\"},{\"@type\":\"ListItem\",\"position\":3,\"name\":\"Shoper &#8211; wtyczki dropshipping do platformy\"}]},{\"@type\":\"WebSite\",\"@id\":\"https:\/\/megamo.eu\/pl\/#website\",\"url\":\"https:\/\/megamo.eu\/pl\/\",\"name\":\"megamo.eu\",\"description\":\"megamo.eu\",\"publisher\":{\"@id\":\"https:\/\/megamo.eu\/pl\/#organization\"},\"potentialAction\":[{\"@type\":\"SearchAction\",\"target\":{\"@type\":\"EntryPoint\",\"urlTemplate\":\"https:\/\/megamo.eu\/pl\/?s={search_term_string}\"},\"query-input\":{\"@type\":\"PropertyValueSpecification\",\"valueRequired\":true,\"valueName\":\"search_term_string\"}}],\"inLanguage\":\"pl-PL\"},{\"@type\":\"Organization\",\"@id\":\"https:\/\/megamo.eu\/pl\/#organization\",\"name\":\"Megamo\",\"alternateName\":\"mgo\",\"url\":\"https:\/\/megamo.eu\/pl\/\",\"logo\":{\"@type\":\"ImageObject\",\"inLanguage\":\"pl-PL\",\"@id\":\"https:\/\/megamo.eu\/pl\/#\/schema\/logo\/image\/\",\"url\":\"https:\/\/megamo.eu\/wp-content\/uploads\/2024\/02\/logo_small.png\",\"contentUrl\":\"https:\/\/megamo.eu\/wp-content\/uploads\/2024\/02\/logo_small.png\",\"width\":300,\"height\":113,\"caption\":\"Megamo\"},\"image\":{\"@id\":\"https:\/\/megamo.eu\/pl\/#\/schema\/logo\/image\/\"},\"sameAs\":[\"https:\/\/www.facebook.com\/megamoeu\",\"https:\/\/www.youtube.com\/@Megamo_en\"]}]}<\/script>\n<!-- \/ Yoast SEO Premium plugin. -->","yoast_head_json":{"title":"Shoper - wtyczki dropshipping do platformy","description":"Masz sklep na Shoper i chcia\u0142by\u015b sprzedawa\u0107 produkty od wybranej hurtowni? Zapoznaj si\u0119 z nasz\u0105 ofert\u0105.","robots":{"index":"index","follow":"follow","max-snippet":"max-snippet:-1","max-image-preview":"max-image-preview:large","max-video-preview":"max-video-preview:-1"},"canonical":"https:\/\/megamo.eu\/pl\/wtyczki-moduly-dropshipping\/shoper-wtyczki-dropshipping-do-platformy\/","og_locale":"pl_PL","og_type":"article","og_title":"Shoper - wtyczki dropshipping do platformy","og_description":"Masz sklep na Shoper i chcia\u0142by\u015b sprzedawa\u0107 produkty od wybranej hurtowni? Zapoznaj si\u0119 z nasz\u0105 ofert\u0105.","og_url":"https:\/\/megamo.eu\/pl\/wtyczki-moduly-dropshipping\/shoper-wtyczki-dropshipping-do-platformy\/","og_site_name":"megamo.eu","article_publisher":"https:\/\/www.facebook.com\/megamoeu","article_modified_time":"2025-10-06T09:24:58+00:00","twitter_card":"summary_large_image","twitter_misc":{"Szacowany czas czytania":"2 minuty"},"schema":{"@context":"https:\/\/schema.org","@graph":[{"@type":"WebPage","@id":"https:\/\/megamo.eu\/pl\/wtyczki-moduly-dropshipping\/shoper-wtyczki-dropshipping-do-platformy\/","url":"https:\/\/megamo.eu\/pl\/wtyczki-moduly-dropshipping\/shoper-wtyczki-dropshipping-do-platformy\/","name":"Shoper - wtyczki dropshipping do platformy","isPartOf":{"@id":"https:\/\/megamo.eu\/pl\/#website"},"datePublished":"2024-02-23T12:59:04+00:00","dateModified":"2025-10-06T09:24:58+00:00","description":"Masz sklep na Shoper i chcia\u0142by\u015b sprzedawa\u0107 produkty od wybranej hurtowni? Zapoznaj si\u0119 z nasz\u0105 ofert\u0105.","breadcrumb":{"@id":"https:\/\/megamo.eu\/pl\/wtyczki-moduly-dropshipping\/shoper-wtyczki-dropshipping-do-platformy\/#breadcrumb"},"inLanguage":"pl-PL","potentialAction":[{"@type":"ReadAction","target":["https:\/\/megamo.eu\/pl\/wtyczki-moduly-dropshipping\/shoper-wtyczki-dropshipping-do-platformy\/"]}]},{"@type":"BreadcrumbList","@id":"https:\/\/megamo.eu\/pl\/wtyczki-moduly-dropshipping\/shoper-wtyczki-dropshipping-do-platformy\/#breadcrumb","itemListElement":[{"@type":"ListItem","position":1,"name":"Home","item":"https:\/\/megamo.eu\/pl\/"},{"@type":"ListItem","position":2,"name":"Wtyczki, modu\u0142y dropshipping","item":"https:\/\/megamo.eu\/pl\/plug-ins-dropshipping-modules\/"},{"@type":"ListItem","position":3,"name":"Shoper &#8211; wtyczki dropshipping do platformy"}]},{"@type":"WebSite","@id":"https:\/\/megamo.eu\/pl\/#website","url":"https:\/\/megamo.eu\/pl\/","name":"megamo.eu","description":"megamo.eu","publisher":{"@id":"https:\/\/megamo.eu\/pl\/#organization"},"potentialAction":[{"@type":"SearchAction","target":{"@type":"EntryPoint","urlTemplate":"https:\/\/megamo.eu\/pl\/?s={search_term_string}"},"query-input":{"@type":"PropertyValueSpecification","valueRequired":true,"valueName":"search_term_string"}}],"inLanguage":"pl-PL"},{"@type":"Organization","@id":"https:\/\/megamo.eu\/pl\/#organization","name":"Megamo","alternateName":"mgo","url":"https:\/\/megamo.eu\/pl\/","logo":{"@type":"ImageObject","inLanguage":"pl-PL","@id":"https:\/\/megamo.eu\/pl\/#\/schema\/logo\/image\/","url":"https:\/\/megamo.eu\/wp-content\/uploads\/2024\/02\/logo_small.png","contentUrl":"https:\/\/megamo.eu\/wp-content\/uploads\/2024\/02\/logo_small.png","width":300,"height":113,"caption":"Megamo"},"image":{"@id":"https:\/\/megamo.eu\/pl\/#\/schema\/logo\/image\/"},"sameAs":["https:\/\/www.facebook.com\/megamoeu","https:\/\/www.youtube.com\/@Megamo_en"]}]}},"_links":{"self":[{"href":"https:\/\/megamo.eu\/pl\/wp-json\/wp\/v2\/pages\/2792"}],"collection":[{"href":"https:\/\/megamo.eu\/pl\/wp-json\/wp\/v2\/pages"}],"about":[{"href":"https:\/\/megamo.eu\/pl\/wp-json\/wp\/v2\/types\/page"}],"author":[{"embeddable":true,"href":"https:\/\/megamo.eu\/pl\/wp-json\/wp\/v2\/users\/2"}],"replies":[{"embeddable":true,"href":"https:\/\/megamo.eu\/pl\/wp-json\/wp\/v2\/comments?post=2792"}],"version-history":[{"count":10,"href":"https:\/\/megamo.eu\/pl\/wp-json\/wp\/v2\/pages\/2792\/revisions"}],"predecessor-version":[{"id":57655,"href":"https:\/\/megamo.eu\/pl\/wp-json\/wp\/v2\/pages\/2792\/revisions\/57655"}],"up":[{"embeddable":true,"href":"https:\/\/megamo.eu\/pl\/wp-json\/wp\/v2\/pages\/2768"}],"wp:attachment":[{"href":"https:\/\/megamo.eu\/pl\/wp-json\/wp\/v2\/media?parent=2792"}],"curies":[{"name":"wp","href":"https:\/\/api.w.org\/{rel}","templated":true}]}}