{"id":2780,"date":"2024-02-23T13:58:57","date_gmt":"2024-02-23T12:58:57","guid":{"rendered":"https:\/\/megamo.eu\/wtyczki-moduly-dropshipping\/kqs-store-feed-integration-with-supplier\/"},"modified":"2025-10-06T11:26:53","modified_gmt":"2025-10-06T09:26:53","slug":"kqs-store-wtyczki-dropshipping-do-platformy","status":"publish","type":"page","link":"https:\/\/megamo.eu\/pl\/wtyczki-moduly-dropshipping\/kqs-store-wtyczki-dropshipping-do-platformy\/","title":{"rendered":"KQS.store &#8211; wtyczki dropshipping do platformy"},"content":{"rendered":"\n\t<div id=\"gap-447075810\" class=\"gap-element clearfix\" style=\"display:block; height:auto;\">\n\t\t\n<style>\n#gap-447075810 {\n  padding-top: 60px;\n}\n<\/style>\n\t<\/div>\n\t\n\n\t<section class=\"section\" id=\"section_976414393\">\n\t\t<div class=\"bg section-bg fill bg-fill  bg-loaded\" >\n\n\t\t\t\n\t\t\t\n\t\t\t\n\n\t\t<\/div>\n\n\t\t\n\n\t\t<div class=\"section-content relative\">\n\t\t\t\n\n<div class=\"row\"  id=\"row-1239509682\">\n\n\n\t<div id=\"col-497078011\" class=\"col small-12 large-12\"  >\n\t\t\t\t<div class=\"col-inner\"  >\n\t\t\t\n\t\t\t\n\n\t<div id=\"text-3388520110\" class=\"text\">\n\t\t\n\n<h1>KQS.store &#8211; feed integration with supplier<\/h1>\n\n\t\t\n<style>\n#text-3388520110 {\n  font-size: 1.3rem;\n  text-align: center;\n}\n<\/style>\n\t<\/div>\n\t\n\n\t\t<\/div>\n\t\t\t\t\t<\/div>\n\n\t\n\n<\/div>\n<div class=\"row\"  id=\"row-1436965444\">\n\n\n\t<div id=\"col-224628743\" class=\"col small-12 large-12\"  >\n\t\t\t\t<div class=\"col-inner text-center\"  >\n\t\t\t\n\t\t\t\n\n\t<div class=\"img has-hover x md-x lg-x y md-y lg-y\" id=\"image_232465909\">\n\t\t\t\t\t\t\t\t<div class=\"img-inner dark\" >\n\t\t\t<img loading=\"lazy\" decoding=\"async\" width=\"411\" height=\"165\" src=\"https:\/\/megamo.eu\/wp-content\/uploads\/2024\/02\/logo-kqs-411.webp\" class=\"attachment-original size-original\" alt=\"\" \/>\t\t\t\t\t\t\n\t\t\t\t\t<\/div>\n\t\t\t\t\t\t\t\t\n<style>\n#image_232465909 {\n  width: 30%;\n}\n<\/style>\n\t<\/div>\n\t\n\n\t<div id=\"text-1292522945\" class=\"text\">\n\t\t\n\n<p>PAID LICENCE | Server required<\/p>\n\n\t\t\n<style>\n#text-1292522945 {\n  font-size: 1.2rem;\n  color: rgb(155, 155, 155);\n}\n#text-1292522945 > * {\n  color: rgb(155, 155, 155);\n}\n<\/style>\n\t<\/div>\n\t\n\t<div id=\"text-3879105221\" class=\"text\">\n\t\t\n\n<p style=\"margin-bottom: 60px\">KQS.store is a versatile e-commerce platform software that facilitates not only order management and layout customization but also supports customer service and marketing strategy planning. It provides a wide range of integrations with price comparison sites, payment gateways, accounting systems, and courier services. Renowned for its comprehensive features, it stands as one of the leading solutions in the Polish e-commerce sector.<\/p>\n\n\t\t\n<style>\n#text-3879105221 {\n  text-align: left;\n}\n<\/style>\n\t<\/div>\n\t\n<a href=\"https:\/\/panel.megamo.co.uk\/dashboard\" class=\"button primary\"  >\n    <span>Integrate KQS.store<\/span>\n  <\/a>\n\n\n<a href=\"https:\/\/megamo.eu\/pl\/dodatki-do-integracji\/\" class=\"button primary\"  >\n    <span>Choose add-ons for KQS.store<\/span>\n  <\/a>\n\n\n\n\t\t<\/div>\n\t\t\t\t\t<\/div>\n\n\t\n\n<\/div>\n\n\t\t<\/div>\n\n\t\t\n<style>\n#section_976414393 {\n  padding-top: 30px;\n  padding-bottom: 30px;\n  margin-bottom: 60px;\n}\n<\/style>\n\t<\/section>\n\t\n\t<section class=\"section\" id=\"section_330149179\">\n\t\t<div class=\"bg section-bg fill bg-fill  bg-loaded\" >\n\n\t\t\t\n\t\t\t\n\t\t\t\n\n\t\t<\/div>\n\n\t\t\n\n\t\t<div class=\"section-content relative\">\n\t\t\t\n\n<div class=\"row\"  id=\"row-121889048\">\n\n\n\t<div id=\"col-1472217354\" class=\"col medium-6 small-12 large-6\"  >\n\t\t\t\t<div class=\"col-inner\"  >\n\t\t\t\n\t\t\t\n\n\t<div class=\"img has-hover x md-x lg-x y md-y lg-y\" id=\"image_954972459\">\n\t\t\t\t\t\t\t\t<div class=\"img-inner dark\" >\n\t\t\t<img loading=\"lazy\" decoding=\"async\" width=\"1020\" height=\"570\" src=\"https:\/\/megamo.eu\/wp-content\/uploads\/2024\/01\/hex-default.webp\" class=\"attachment-large size-large\" alt=\"We help you save time\" srcset=\"https:\/\/megamo.eu\/wp-content\/uploads\/2024\/01\/hex-default.webp 1025w, https:\/\/megamo.eu\/wp-content\/uploads\/2024\/01\/hex-default-716x400.webp 716w, https:\/\/megamo.eu\/wp-content\/uploads\/2024\/01\/hex-default-768x429.webp 768w, https:\/\/megamo.eu\/wp-content\/uploads\/2024\/01\/hex-default-600x335.webp 600w\" sizes=\"(max-width: 1020px) 100vw, 1020px\" \/>\t\t\t\t\t\t\n\t\t\t\t\t<\/div>\n\t\t\t\t\t\t\t\t\n<style>\n#image_954972459 {\n  width: 100%;\n}\n<\/style>\n\t<\/div>\n\t\n\n\n\t\t<\/div>\n\t\t\t\t\t<\/div>\n\n\t\n\n\t<div id=\"col-1886411022\" class=\"col medium-6 small-12 large-6\"  >\n\t\t\t\t<div class=\"col-inner\"  >\n\t\t\t\n\t\t\t\n\n\t<div id=\"text-2146976024\" class=\"text\">\n\t\t\n\n<h2>We help you save time<\/h2>\n\t\t\n<style>\n#text-2146976024 {\n  font-size: 1.2rem;\n}\n<\/style>\n\t<\/div>\n\t\n<p>Manually incorporating roughly <b>1000 products<\/b> into your inventory can consume up to <b>160 hours<\/b> \u2013 equivalent to a full month of work at 8 hours per day, five days a week.<\/p>\n<p><b>Your time is invaluable, both during moments of relaxation and through the potential earnings of your work.<\/b><\/p>\n<a href=\"https:\/\/megamo.eu\/pl\/cennik-automatyczna-integracja-z-hurtowniami\/\" class=\"button primary\"  >\n    <span>Learn more<\/span>\n  <\/a>\n\n\n\n\t\t<\/div>\n\t\t\t\t\t<\/div>\n\n\t\n\n<\/div>\n\n\t\t<\/div>\n\n\t\t\n<style>\n#section_330149179 {\n  padding-top: 80px;\n  padding-bottom: 80px;\n}\n<\/style>\n\t<\/section>\n\t\n\n","protected":false},"excerpt":{"rendered":"","protected":false},"author":2,"featured_media":0,"parent":2768,"menu_order":0,"comment_status":"closed","ping_status":"closed","template":"","meta":{"_lmt_disableupdate":"","_lmt_disable":"","footnotes":""},"yoast_head":"<!-- This site is optimized with the Yoast SEO Premium plugin v21.8 (Yoast SEO v23.5) - https:\/\/yoast.com\/wordpress\/plugins\/seo\/ -->\n<title>KQS.store - wtyczki dropshipping do platformy<\/title>\n<meta name=\"description\" content=\"Masz sklep na KQS.store i chcia\u0142by\u015b sprzedawa\u0107 produkty od wybranej hurtowni? Zapoznaj si\u0119 z nasz\u0105 ofert\u0105.\" \/>\n<meta name=\"robots\" content=\"index, follow, max-snippet:-1, max-image-preview:large, max-video-preview:-1\" \/>\n<link rel=\"canonical\" href=\"https:\/\/megamo.eu\/pl\/wtyczki-moduly-dropshipping\/kqs-store-wtyczki-dropshipping-do-platformy\/\" \/>\n<meta property=\"og:locale\" content=\"pl_PL\" \/>\n<meta property=\"og:type\" content=\"article\" \/>\n<meta property=\"og:title\" content=\"KQS.store - wtyczki dropshipping do platformy\" \/>\n<meta property=\"og:description\" content=\"Masz sklep na KQS.store i chcia\u0142by\u015b sprzedawa\u0107 produkty od wybranej hurtowni? Zapoznaj si\u0119 z nasz\u0105 ofert\u0105.\" \/>\n<meta property=\"og:url\" content=\"https:\/\/megamo.eu\/pl\/wtyczki-moduly-dropshipping\/kqs-store-wtyczki-dropshipping-do-platformy\/\" \/>\n<meta property=\"og:site_name\" content=\"megamo.eu\" \/>\n<meta property=\"article:publisher\" content=\"https:\/\/www.facebook.com\/megamoeu\" \/>\n<meta property=\"article:modified_time\" content=\"2025-10-06T09:26:53+00:00\" \/>\n<meta name=\"twitter:card\" content=\"summary_large_image\" \/>\n<meta name=\"twitter:label1\" content=\"Szacowany czas czytania\" \/>\n\t<meta name=\"twitter:data1\" content=\"2 minuty\" \/>\n<script type=\"application\/ld+json\" class=\"yoast-schema-graph\">{\"@context\":\"https:\/\/schema.org\",\"@graph\":[{\"@type\":\"WebPage\",\"@id\":\"https:\/\/megamo.eu\/pl\/wtyczki-moduly-dropshipping\/kqs-store-wtyczki-dropshipping-do-platformy\/\",\"url\":\"https:\/\/megamo.eu\/pl\/wtyczki-moduly-dropshipping\/kqs-store-wtyczki-dropshipping-do-platformy\/\",\"name\":\"KQS.store - wtyczki dropshipping do platformy\",\"isPartOf\":{\"@id\":\"https:\/\/megamo.eu\/pl\/#website\"},\"datePublished\":\"2024-02-23T12:58:57+00:00\",\"dateModified\":\"2025-10-06T09:26:53+00:00\",\"description\":\"Masz sklep na KQS.store i chcia\u0142by\u015b sprzedawa\u0107 produkty od wybranej hurtowni? Zapoznaj si\u0119 z nasz\u0105 ofert\u0105.\",\"breadcrumb\":{\"@id\":\"https:\/\/megamo.eu\/pl\/wtyczki-moduly-dropshipping\/kqs-store-wtyczki-dropshipping-do-platformy\/#breadcrumb\"},\"inLanguage\":\"pl-PL\",\"potentialAction\":[{\"@type\":\"ReadAction\",\"target\":[\"https:\/\/megamo.eu\/pl\/wtyczki-moduly-dropshipping\/kqs-store-wtyczki-dropshipping-do-platformy\/\"]}]},{\"@type\":\"BreadcrumbList\",\"@id\":\"https:\/\/megamo.eu\/pl\/wtyczki-moduly-dropshipping\/kqs-store-wtyczki-dropshipping-do-platformy\/#breadcrumb\",\"itemListElement\":[{\"@type\":\"ListItem\",\"position\":1,\"name\":\"Home\",\"item\":\"https:\/\/megamo.eu\/pl\/\"},{\"@type\":\"ListItem\",\"position\":2,\"name\":\"Wtyczki, modu\u0142y dropshipping\",\"item\":\"https:\/\/megamo.eu\/pl\/plug-ins-dropshipping-modules\/\"},{\"@type\":\"ListItem\",\"position\":3,\"name\":\"KQS.store &#8211; wtyczki dropshipping do platformy\"}]},{\"@type\":\"WebSite\",\"@id\":\"https:\/\/megamo.eu\/pl\/#website\",\"url\":\"https:\/\/megamo.eu\/pl\/\",\"name\":\"megamo.eu\",\"description\":\"megamo.eu\",\"publisher\":{\"@id\":\"https:\/\/megamo.eu\/pl\/#organization\"},\"potentialAction\":[{\"@type\":\"SearchAction\",\"target\":{\"@type\":\"EntryPoint\",\"urlTemplate\":\"https:\/\/megamo.eu\/pl\/?s={search_term_string}\"},\"query-input\":{\"@type\":\"PropertyValueSpecification\",\"valueRequired\":true,\"valueName\":\"search_term_string\"}}],\"inLanguage\":\"pl-PL\"},{\"@type\":\"Organization\",\"@id\":\"https:\/\/megamo.eu\/pl\/#organization\",\"name\":\"Megamo\",\"alternateName\":\"mgo\",\"url\":\"https:\/\/megamo.eu\/pl\/\",\"logo\":{\"@type\":\"ImageObject\",\"inLanguage\":\"pl-PL\",\"@id\":\"https:\/\/megamo.eu\/pl\/#\/schema\/logo\/image\/\",\"url\":\"https:\/\/megamo.eu\/wp-content\/uploads\/2024\/02\/logo_small.png\",\"contentUrl\":\"https:\/\/megamo.eu\/wp-content\/uploads\/2024\/02\/logo_small.png\",\"width\":300,\"height\":113,\"caption\":\"Megamo\"},\"image\":{\"@id\":\"https:\/\/megamo.eu\/pl\/#\/schema\/logo\/image\/\"},\"sameAs\":[\"https:\/\/www.facebook.com\/megamoeu\",\"https:\/\/www.youtube.com\/@Megamo_en\"]}]}<\/script>\n<!-- \/ Yoast SEO Premium plugin. -->","yoast_head_json":{"title":"KQS.store - wtyczki dropshipping do platformy","description":"Masz sklep na KQS.store i chcia\u0142by\u015b sprzedawa\u0107 produkty od wybranej hurtowni? Zapoznaj si\u0119 z nasz\u0105 ofert\u0105.","robots":{"index":"index","follow":"follow","max-snippet":"max-snippet:-1","max-image-preview":"max-image-preview:large","max-video-preview":"max-video-preview:-1"},"canonical":"https:\/\/megamo.eu\/pl\/wtyczki-moduly-dropshipping\/kqs-store-wtyczki-dropshipping-do-platformy\/","og_locale":"pl_PL","og_type":"article","og_title":"KQS.store - wtyczki dropshipping do platformy","og_description":"Masz sklep na KQS.store i chcia\u0142by\u015b sprzedawa\u0107 produkty od wybranej hurtowni? Zapoznaj si\u0119 z nasz\u0105 ofert\u0105.","og_url":"https:\/\/megamo.eu\/pl\/wtyczki-moduly-dropshipping\/kqs-store-wtyczki-dropshipping-do-platformy\/","og_site_name":"megamo.eu","article_publisher":"https:\/\/www.facebook.com\/megamoeu","article_modified_time":"2025-10-06T09:26:53+00:00","twitter_card":"summary_large_image","twitter_misc":{"Szacowany czas czytania":"2 minuty"},"schema":{"@context":"https:\/\/schema.org","@graph":[{"@type":"WebPage","@id":"https:\/\/megamo.eu\/pl\/wtyczki-moduly-dropshipping\/kqs-store-wtyczki-dropshipping-do-platformy\/","url":"https:\/\/megamo.eu\/pl\/wtyczki-moduly-dropshipping\/kqs-store-wtyczki-dropshipping-do-platformy\/","name":"KQS.store - wtyczki dropshipping do platformy","isPartOf":{"@id":"https:\/\/megamo.eu\/pl\/#website"},"datePublished":"2024-02-23T12:58:57+00:00","dateModified":"2025-10-06T09:26:53+00:00","description":"Masz sklep na KQS.store i chcia\u0142by\u015b sprzedawa\u0107 produkty od wybranej hurtowni? Zapoznaj si\u0119 z nasz\u0105 ofert\u0105.","breadcrumb":{"@id":"https:\/\/megamo.eu\/pl\/wtyczki-moduly-dropshipping\/kqs-store-wtyczki-dropshipping-do-platformy\/#breadcrumb"},"inLanguage":"pl-PL","potentialAction":[{"@type":"ReadAction","target":["https:\/\/megamo.eu\/pl\/wtyczki-moduly-dropshipping\/kqs-store-wtyczki-dropshipping-do-platformy\/"]}]},{"@type":"BreadcrumbList","@id":"https:\/\/megamo.eu\/pl\/wtyczki-moduly-dropshipping\/kqs-store-wtyczki-dropshipping-do-platformy\/#breadcrumb","itemListElement":[{"@type":"ListItem","position":1,"name":"Home","item":"https:\/\/megamo.eu\/pl\/"},{"@type":"ListItem","position":2,"name":"Wtyczki, modu\u0142y dropshipping","item":"https:\/\/megamo.eu\/pl\/plug-ins-dropshipping-modules\/"},{"@type":"ListItem","position":3,"name":"KQS.store &#8211; wtyczki dropshipping do platformy"}]},{"@type":"WebSite","@id":"https:\/\/megamo.eu\/pl\/#website","url":"https:\/\/megamo.eu\/pl\/","name":"megamo.eu","description":"megamo.eu","publisher":{"@id":"https:\/\/megamo.eu\/pl\/#organization"},"potentialAction":[{"@type":"SearchAction","target":{"@type":"EntryPoint","urlTemplate":"https:\/\/megamo.eu\/pl\/?s={search_term_string}"},"query-input":{"@type":"PropertyValueSpecification","valueRequired":true,"valueName":"search_term_string"}}],"inLanguage":"pl-PL"},{"@type":"Organization","@id":"https:\/\/megamo.eu\/pl\/#organization","name":"Megamo","alternateName":"mgo","url":"https:\/\/megamo.eu\/pl\/","logo":{"@type":"ImageObject","inLanguage":"pl-PL","@id":"https:\/\/megamo.eu\/pl\/#\/schema\/logo\/image\/","url":"https:\/\/megamo.eu\/wp-content\/uploads\/2024\/02\/logo_small.png","contentUrl":"https:\/\/megamo.eu\/wp-content\/uploads\/2024\/02\/logo_small.png","width":300,"height":113,"caption":"Megamo"},"image":{"@id":"https:\/\/megamo.eu\/pl\/#\/schema\/logo\/image\/"},"sameAs":["https:\/\/www.facebook.com\/megamoeu","https:\/\/www.youtube.com\/@Megamo_en"]}]}},"_links":{"self":[{"href":"https:\/\/megamo.eu\/pl\/wp-json\/wp\/v2\/pages\/2780"}],"collection":[{"href":"https:\/\/megamo.eu\/pl\/wp-json\/wp\/v2\/pages"}],"about":[{"href":"https:\/\/megamo.eu\/pl\/wp-json\/wp\/v2\/types\/page"}],"author":[{"embeddable":true,"href":"https:\/\/megamo.eu\/pl\/wp-json\/wp\/v2\/users\/2"}],"replies":[{"embeddable":true,"href":"https:\/\/megamo.eu\/pl\/wp-json\/wp\/v2\/comments?post=2780"}],"version-history":[{"count":10,"href":"https:\/\/megamo.eu\/pl\/wp-json\/wp\/v2\/pages\/2780\/revisions"}],"predecessor-version":[{"id":57691,"href":"https:\/\/megamo.eu\/pl\/wp-json\/wp\/v2\/pages\/2780\/revisions\/57691"}],"up":[{"embeddable":true,"href":"https:\/\/megamo.eu\/pl\/wp-json\/wp\/v2\/pages\/2768"}],"wp:attachment":[{"href":"https:\/\/megamo.eu\/pl\/wp-json\/wp\/v2\/media?parent=2780"}],"curies":[{"name":"wp","href":"https:\/\/api.w.org\/{rel}","templated":true}]}}