{"id":2763,"date":"2024-02-19T15:08:31","date_gmt":"2024-02-19T14:08:31","guid":{"rendered":"https:\/\/megamo.eu\/translation-of-supplier-files\/"},"modified":"2025-08-05T12:49:01","modified_gmt":"2025-08-05T10:49:01","slug":"tlumaczenie-plikow-hurtowni-xml-csv","status":"publish","type":"page","link":"https:\/\/megamo.eu\/pl\/tlumaczenie-plikow-hurtowni-xml-csv\/","title":{"rendered":"T\u0142umaczenie plik\u00f3w hurtowni &#8211; XML, CSV"},"content":{"rendered":"\n\t<div id=\"gap-1850032076\" class=\"gap-element clearfix\" style=\"display:block; height:auto;\">\n\t\t\n<style>\n#gap-1850032076 {\n  padding-top: 60px;\n}\n<\/style>\n\t<\/div>\n\t\n\n\t<section class=\"section\" id=\"section_266966528\">\n\t\t<div class=\"bg section-bg fill bg-fill  bg-loaded\" >\n\n\t\t\t\n\t\t\t\n\t\t\t\n\n\t\t<\/div>\n\n\t\t\n\n\t\t<div class=\"section-content relative\">\n\t\t\t\n\n<div class=\"row align-middle\"  id=\"row-1212872528\">\n\n\n\t<div id=\"col-2142641429\" class=\"col medium-6 small-12 large-6 small-col-first\"  >\n\t\t\t\t<div class=\"col-inner\"  >\n\t\t\t\n\t\t\t\n\n\t<div class=\"img has-hover x md-x lg-x y md-y lg-y\" id=\"image_1306253139\">\n\t\t\t\t\t\t\t\t<div class=\"img-inner dark\" >\n\t\t\t<img loading=\"lazy\" decoding=\"async\" width=\"700\" height=\"467\" src=\"https:\/\/megamo.eu\/wp-content\/uploads\/2024\/02\/translate_xml_csv_colors.webp\" class=\"attachment-original size-original\" alt=\"Translation of supplier files\" srcset=\"https:\/\/megamo.eu\/wp-content\/uploads\/2024\/02\/translate_xml_csv_colors.webp 700w, https:\/\/megamo.eu\/wp-content\/uploads\/2024\/02\/translate_xml_csv_colors-600x400.webp 600w\" sizes=\"(max-width: 700px) 100vw, 700px\" \/>\t\t\t\t\t\t\n\t\t\t\t\t<\/div>\n\t\t\t\t\t\t\t\t\n<style>\n#image_1306253139 {\n  width: 100%;\n}\n<\/style>\n\t<\/div>\n\t\n\n\n\t\t<\/div>\n\t\t\t\t\t<\/div>\n\n\t\n\n\t<div id=\"col-656409341\" class=\"col medium-6 small-12 large-6\"  >\n\t\t\t\t<div class=\"col-inner text-center\"  >\n\t\t\t\n\t\t\t\n\n\t<div id=\"text-3882722337\" class=\"text\">\n\t\t\n\n<h1>T\u0142umaczenie plik\u00f3w hurtowni XML, CSV na j\u0119zyk Twojego sklepu!<\/h1>\n\t\t\n<style>\n#text-3882722337 {\n  font-size: 1.3rem;\n  text-align: center;\n}\n@media (min-width:550px) {\n  #text-3882722337 {\n    text-align: center;\n  }\n}\n<\/style>\n\t<\/div>\n\t\n\t<div id=\"text-2064844362\" class=\"text\">\n\t\t\n\n<p><b>T\u0142umaczenie plik\u00f3w hurtowni<\/b><\/p>\n\t\t\n<style>\n#text-2064844362 {\n  font-size: 1.1rem;\n  text-align: center;\n  color: rgb(254, 94, 8);\n}\n#text-2064844362 > * {\n  color: rgb(254, 94, 8);\n}\n@media (min-width:550px) {\n  #text-2064844362 {\n    text-align: center;\n  }\n}\n<\/style>\n\t<\/div>\n\t\n\t<div id=\"text-2363074863\" class=\"text\">\n\t\t\n\n<p>Hurtownia, z kt\u00f3r\u0105 chcesz rozpocz\u0105\u0107 wsp\u00f3\u0142prac\u0119, nie ma swojego pliku w j\u0119zyku, w jakim prowadzisz sklep? <b>Dla nas nie stanowi to ju\u017c problemu!<\/b><\/p>\n<p>Nasze t\u0142umaczenia s\u0105 nie tylko dok\u0142adne pod wzgl\u0119dem j\u0119zykowym, ale tak\u017ce dostosowane do konkretnych potrzeb bran\u017cy i wymaga\u0144 sprzeda\u017cy detalicznej online.<\/p>\n<p>Wybieraj\u0105c nasze us\u0142ugi, inwestujesz w profesjonalizm, precyzj\u0119 i efektywno\u015b\u0107. <b>Osi\u0105gnij globalny sukces dzi\u0119ki doskona\u0142ym t\u0142umaczeniom plik\u00f3w hurtowni XML i CSV.<\/b> Wype\u0142nij ankiet\u0119, a pomo\u017cemy Ci osi\u0105gn\u0105\u0107 pe\u0142en potencja\u0142 Twojego biznesu online!<\/p>\n\t\t\n<style>\n#text-2363074863 {\n  text-align: center;\n}\n@media (min-width:550px) {\n  #text-2363074863 {\n    text-align: center;\n  }\n}\n<\/style>\n\t<\/div>\n\t\n\n\t\t<\/div>\n\t\t\t\t\t<\/div>\n\n\t\n\n<\/div>\n\n\t\t<\/div>\n\n\t\t\n<style>\n#section_266966528 {\n  padding-top: 30px;\n  padding-bottom: 30px;\n}\n<\/style>\n\t<\/section>\n\t\n\t<div id=\"gap-447004072\" class=\"gap-element clearfix\" style=\"display:block; height:auto;\">\n\t\t\n<style>\n#gap-447004072 {\n  padding-top: 80px;\n}\n<\/style>\n\t<\/div>\n\t\n\n\t<section class=\"section\" id=\"section_113560047\">\n\t\t<div class=\"bg section-bg fill bg-fill  bg-loaded\" >\n\n\t\t\t\n\t\t\t\n\t\t\t\n\n\t\t<\/div>\n\n\t\t\n\n\t\t<div class=\"section-content relative\">\n\t\t\t\n\n<div class=\"row\"  id=\"row-1506611253\">\n\n\n\t<div id=\"col-182319445\" class=\"col small-12 large-12\"  >\n\t\t\t\t<div class=\"col-inner\"  >\n\t\t\t\n\t\t\t\n\n\t<div id=\"text-3945716825\" class=\"text\">\n\t\t\n\n<h2>WYR\u00d3\u017bNIJ SW\u00d3J SKLEP NA TLE INNYCH<\/h2>\n\t\t\n<style>\n#text-3945716825 {\n  font-size: 1.2rem;\n  text-align: center;\n}\n<\/style>\n\t<\/div>\n\t\n\t<div id=\"gap-724834384\" class=\"gap-element clearfix\" style=\"display:block; height:auto;\">\n\t\t\n<style>\n#gap-724834384 {\n  padding-top: 40px;\n}\n<\/style>\n\t<\/div>\n\t\n\n<div class=\"row\"  id=\"row-1856151105\">\n\n\n\t<div id=\"col-137960568\" class=\"col medium-6 small-12 large-6\"  >\n\t\t\t\t<div class=\"col-inner\"  >\n\t\t\t\n\t\t\t\n\n\n\n<div style=\"border-left: 4px #fe5e08 solid; padding-left: 20px\">\n<h2 style=\"color: #fe5e08;\">T\u0142umaczenie jednorazowe<\/h2><h3>W przypadku importu produkt\u00f3w<\/h3><p>T\u0142umaczenia jednorazowe stanowi\u0105 elastyczne i dostosowane rozwi\u0105zanie, idealne dla przedsi\u0119biorstw o zmiennych potrzebach t\u0142umaczeniowych. Niezale\u017cnie od tego, czy planujesz ekspansj\u0119 na nowy rynek, wprowadzasz now\u0105 lini\u0119 produkt\u00f3w, czy po prostu chcesz dostosowa\u0107 tre\u015bci do specyfiki lokalnego odbiorcy, nasze t\u0142umaczenia jednorazowe s\u0105 odpowiedzi\u0105 na Twoje wyzwania.<\/p>\n<\/div>\n\n\n\n<div style=\"border-left: 4px #089de3 solid; padding-left: 20px\">\n<h2 style=\"color: #089de3;\">T\u0142umaczenie automatyczne (na bie\u017c\u0105co)<\/h2><h3>W przypadku bie\u017c\u0105cych aktualizacji \/ importu produkt\u00f3w\n<\/h3><p>Nasze rozwi\u0105zania obejmuj\u0105 tak\u017ce t\u0142umaczenia automatyczne, kt\u00f3re pozwalaj\u0105 na bie\u017c\u0105c\u0105 aktualizacj\u0119 tre\u015bci w plikach hurtowni. To idealne rozwi\u0105zanie dla firm, kt\u00f3re chc\u0105 utrzyma\u0107 sp\u00f3jno\u015b\u0107 t\u0142umacze\u0144 w czasie rzeczywistym. Je\u017celi hurtownia wprowadzi nowe produkty do pliku, te tak\u017ce b\u0119d\u0105 obj\u0119te t\u0142umaczeniem.<\/p>\n<\/div>\n\n\n\t\t<\/div>\n\t\t\t\t\t<\/div>\n\n\t\n\n\t<div id=\"col-480254435\" class=\"col medium-6 small-12 large-6\"  >\n\t\t\t\t<div class=\"col-inner text-center\"  >\n\t\t\t\n\t<div class=\"is-border\"\n\t\tstyle=\"border-color:rgb(192, 192, 192);border-radius:15px;border-width:1px 1px 1px 1px;\">\n\t<\/div>\n\t\t\t\n\n\t<div id=\"text-4084747881\" class=\"text\">\n\t\t\n\n<p>T\u0141UMACZENIE PLIK\u00d3W<\/p>\n\t\t\n<style>\n#text-4084747881 {\n  font-size: 1.3rem;\n  text-align: center;\n}\n<\/style>\n\t<\/div>\n\t\n\t<div class=\"img has-hover x md-x lg-x y md-y lg-y\" id=\"image_755746054\">\n\t\t\t\t\t\t\t\t<div class=\"img-inner dark\" style=\"margin:10px 0px 20px 0px;\">\n\t\t\t<img loading=\"lazy\" decoding=\"async\" width=\"700\" height=\"467\" src=\"https:\/\/megamo.eu\/wp-content\/uploads\/2024\/02\/translate_small_colors.webp\" class=\"attachment-original size-original\" alt=\"\" srcset=\"https:\/\/megamo.eu\/wp-content\/uploads\/2024\/02\/translate_small_colors.webp 700w, https:\/\/megamo.eu\/wp-content\/uploads\/2024\/02\/translate_small_colors-600x400.webp 600w\" sizes=\"(max-width: 700px) 100vw, 700px\" \/>\t\t\t\t\t\t\n\t\t\t\t\t<\/div>\n\t\t\t\t\t\t\t\t\n<style>\n#image_755746054 {\n  width: 35%;\n}\n<\/style>\n\t<\/div>\n\t\n\n\t<div id=\"text-3431552556\" class=\"text\">\n\t\t\n\n<p style=\"margin-bottom:0;\">wype\u0142nij formularz<\/p>\n\t\t\n<style>\n#text-3431552556 {\n  font-size: 2.4rem;\n  text-align: center;\n}\n<\/style>\n\t<\/div>\n\t\n\t<div id=\"text-3697903131\" class=\"text\">\n\t\t\n\n<p style=\"margin-bottom: 35px;\">indywidualna wycena<\/p>\n\t\t\n<style>\n#text-3697903131 {\n  font-size: 1.3rem;\n}\n<\/style>\n\t<\/div>\n\t\n\n\n<a class=\"button primary\" href=\"https:\/\/forms.clickup.com\/9012257574\/f\/8cjr8t6-7812\/8PO36O0MD61OTR8RVR\" target=\"_blank\" rel=\"noopener\">Zam\u00f3w<\/a>\n\n\t<div id=\"gap-1376866216\" class=\"gap-element clearfix\" style=\"display:block; height:auto;\">\n\t\t\n<style>\n#gap-1376866216 {\n  padding-top: 35px;\n}\n<\/style>\n\t<\/div>\n\t\n\n<div class=\"row\"  id=\"row-1079027391\">\n\n\n\t<div id=\"col-800359537\" class=\"col small-12 large-12\"  >\n\t\t\t\t<div class=\"col-inner text-left\"  >\n\t\t\t\n\t\t\t\n\n<h3 class=\"accordion_title\">GWARANTUJEMY:<\/h3><div class=\"accordion\">\n\n\t<div id=\"accordion-2835785209\" class=\"accordion-item\">\n\t\t<a id=\"accordion-2835785209-label\" class=\"accordion-title plain\" href=\"#accordion-item-szybko\u015b\u0107-wykonania\" aria-expanded=\"false\" aria-controls=\"accordion-2835785209-content\" >\n\t\t\t<button class=\"toggle\" aria-label=\"Toggle\"><i class=\"icon-angle-down\"><\/i><\/button>\n\t\t\t<span>Szybko\u015b\u0107 wykonania<\/span>\n\t\t<\/a>\n\t\t<div id=\"accordion-2835785209-content\" class=\"accordion-inner\" aria-labelledby=\"accordion-2835785209-label\" >\n\t\t\t\n\n<p>Zapewniamy szybk\u0105 realizacj\u0119 projektu. Po uzupe\u0142nieniu ankiety i za\u0142atwieniu formalno\u015bci, natychmiast rozpoczynamy prace nad t\u0142umaczeniami.<\/p>\n\n\t\t<\/div>\n\t<\/div>\n\t\n\t<div id=\"accordion-1171872082\" class=\"accordion-item\">\n\t\t<a id=\"accordion-1171872082-label\" class=\"accordion-title plain\" href=\"#accordion-item-wysok\u0105-jako\u015b\u0107-t\u0142umacze\u0144\" aria-expanded=\"false\" aria-controls=\"accordion-1171872082-content\" >\n\t\t\t<button class=\"toggle\" aria-label=\"Toggle\"><i class=\"icon-angle-down\"><\/i><\/button>\n\t\t\t<span>Wysok\u0105 jako\u015b\u0107 t\u0142umacze\u0144<\/span>\n\t\t<\/a>\n\t\t<div id=\"accordion-1171872082-content\" class=\"accordion-inner\" aria-labelledby=\"accordion-1171872082-label\" >\n\t\t\t\n\n<p>Gwarantujemy nie tylko szybkie wykonanie, ale tak\u017ce najwy\u017cszy standard t\u0142umacze\u0144. Zwracamy uwag\u0119 na dok\u0142adno\u015b\u0107, sp\u00f3jno\u015b\u0107 oraz w\u0142a\u015bciwe dopasowanie tekstu do specyfiki bran\u017cy.<\/p>\n\n\t\t<\/div>\n\t<\/div>\n\t\n\t<div id=\"accordion-3435150901\" class=\"accordion-item\">\n\t\t<a id=\"accordion-3435150901-label\" class=\"accordion-title plain\" href=\"#accordion-item-kontrol\u0119-jako\u015bci\" aria-expanded=\"false\" aria-controls=\"accordion-3435150901-content\" >\n\t\t\t<button class=\"toggle\" aria-label=\"Toggle\"><i class=\"icon-angle-down\"><\/i><\/button>\n\t\t\t<span>Kontrol\u0119 jako\u015bci<\/span>\n\t\t<\/a>\n\t\t<div id=\"accordion-3435150901-content\" class=\"accordion-inner\" aria-labelledby=\"accordion-3435150901-label\" >\n\t\t\t\n\n<p>Mimo \u017ce proces jest zautomatyzowany, nieustannie skupiamy si\u0119 na jako\u015bci t\u0142umacze\u0144. Stosujemy nowoczesne technologie, kt\u00f3re skrupulatnie analizuj\u0105 kontekst, gwarantuj\u0105c, \u017ce nasze t\u0142umaczenia s\u0105 zar\u00f3wno sp\u00f3jne, jak i precyzyjne.<\/p>\n\n\t\t<\/div>\n\t<\/div>\n\t\n\t<div id=\"accordion-3600844128\" class=\"accordion-item\">\n\t\t<a id=\"accordion-3600844128-label\" class=\"accordion-title plain\" href=\"#accordion-item-szybk\u0105-aktualizacj\u0119\" aria-expanded=\"false\" aria-controls=\"accordion-3600844128-content\" >\n\t\t\t<button class=\"toggle\" aria-label=\"Toggle\"><i class=\"icon-angle-down\"><\/i><\/button>\n\t\t\t<span>Szybk\u0105 aktualizacj\u0119<\/span>\n\t\t<\/a>\n\t\t<div id=\"accordion-3600844128-content\" class=\"accordion-inner\" aria-labelledby=\"accordion-3600844128-label\" >\n\t\t\t\n\n<p>Wybieraj\u0105c t\u0142umaczenia automatyczne, zapewniamy szybkie aktualizacje odpowiadaj\u0105ce na zmiany w plikach. To kluczowe rozwi\u0105zanie przy cz\u0119stych zmianach w ofercie asortymentowej hurtowni.<\/p>\n\n\t\t<\/div>\n\t<\/div>\n\t\n\t<div id=\"accordion-1700517763\" class=\"accordion-item\">\n\t\t<a id=\"accordion-1700517763-label\" class=\"accordion-title plain\" href=\"#accordion-item-monitoring-efektywno\u015bci\" aria-expanded=\"false\" aria-controls=\"accordion-1700517763-content\" >\n\t\t\t<button class=\"toggle\" aria-label=\"Toggle\"><i class=\"icon-angle-down\"><\/i><\/button>\n\t\t\t<span>Monitoring efektywno\u015bci<\/span>\n\t\t<\/a>\n\t\t<div id=\"accordion-1700517763-content\" class=\"accordion-inner\" aria-labelledby=\"accordion-1700517763-label\" >\n\t\t\t\n\n<p>Podczas procesu t\u0142umaczenia, prowadzimy ci\u0105g\u0142e monitorowanie jego post\u0119p\u00f3w. Naszym priorytetem jest zapewnienie najwy\u017cszej jako\u015bci us\u0142ugi w mo\u017cliwie najkr\u00f3tszym terminie.<\/p>\n\n\t\t<\/div>\n\t<\/div>\n\t\n\n<\/div>\n\n\t\t<\/div>\n\t\t\t\t\t<\/div>\n\n\t\n\n<\/div>\n\n\t\t<\/div>\n\t\t\t\t\n<style>\n#col-480254435 > .col-inner {\n  padding: 30px 30px 30px 30px;\n}\n<\/style>\n\t<\/div>\n\n\t\n\n<\/div>\n\n\t\t<\/div>\n\t\t\t\t\t<\/div>\n\n\t\n\n<\/div>\n\n\t\t<\/div>\n\n\t\t\n<style>\n#section_113560047 {\n  padding-top: 0px;\n  padding-bottom: 0px;\n}\n<\/style>\n\t<\/section>\n\t\n\n","protected":false},"excerpt":{"rendered":"","protected":false},"author":2,"featured_media":0,"parent":0,"menu_order":0,"comment_status":"closed","ping_status":"closed","template":"","meta":{"_lmt_disableupdate":"","_lmt_disable":"","footnotes":""},"yoast_head":"<!-- This site is optimized with the Yoast SEO Premium plugin v21.8 (Yoast SEO v23.5) - https:\/\/yoast.com\/wordpress\/plugins\/seo\/ -->\n<title>T\u0142umaczenie plik\u00f3w hurtowni - XML, CSV<\/title>\n<meta name=\"description\" content=\"Nasze t\u0142umaczenia s\u0105 nie tylko dok\u0142adne pod wzgl\u0119dem j\u0119zykowym, ale tak\u017ce dostosowane do konkretnych potrzeb handlu detalicznego online.\" \/>\n<meta name=\"robots\" content=\"index, follow, max-snippet:-1, max-image-preview:large, max-video-preview:-1\" \/>\n<link rel=\"canonical\" href=\"https:\/\/megamo.eu\/pl\/tlumaczenie-plikow-hurtowni-xml-csv\/\" \/>\n<meta property=\"og:locale\" content=\"pl_PL\" \/>\n<meta property=\"og:type\" content=\"article\" \/>\n<meta property=\"og:title\" content=\"T\u0142umaczenie plik\u00f3w hurtowni - XML, CSV\" \/>\n<meta property=\"og:description\" content=\"Nasze t\u0142umaczenia s\u0105 nie tylko dok\u0142adne pod wzgl\u0119dem j\u0119zykowym, ale tak\u017ce dostosowane do konkretnych potrzeb handlu detalicznego online.\" \/>\n<meta property=\"og:url\" content=\"https:\/\/megamo.eu\/pl\/tlumaczenie-plikow-hurtowni-xml-csv\/\" \/>\n<meta property=\"og:site_name\" content=\"megamo.eu\" \/>\n<meta property=\"article:publisher\" content=\"https:\/\/www.facebook.com\/megamoeu\" \/>\n<meta property=\"article:modified_time\" content=\"2025-08-05T10:49:01+00:00\" \/>\n<meta name=\"twitter:card\" content=\"summary_large_image\" \/>\n<meta name=\"twitter:label1\" content=\"Szacowany czas czytania\" \/>\n\t<meta name=\"twitter:data1\" content=\"3 minuty\" \/>\n<script type=\"application\/ld+json\" class=\"yoast-schema-graph\">{\"@context\":\"https:\/\/schema.org\",\"@graph\":[{\"@type\":\"WebPage\",\"@id\":\"https:\/\/megamo.eu\/pl\/tlumaczenie-plikow-hurtowni-xml-csv\/\",\"url\":\"https:\/\/megamo.eu\/pl\/tlumaczenie-plikow-hurtowni-xml-csv\/\",\"name\":\"T\u0142umaczenie plik\u00f3w hurtowni - XML, CSV\",\"isPartOf\":{\"@id\":\"https:\/\/megamo.eu\/pl\/#website\"},\"datePublished\":\"2024-02-19T14:08:31+00:00\",\"dateModified\":\"2025-08-05T10:49:01+00:00\",\"description\":\"Nasze t\u0142umaczenia s\u0105 nie tylko dok\u0142adne pod wzgl\u0119dem j\u0119zykowym, ale tak\u017ce dostosowane do konkretnych potrzeb handlu detalicznego online.\",\"breadcrumb\":{\"@id\":\"https:\/\/megamo.eu\/pl\/tlumaczenie-plikow-hurtowni-xml-csv\/#breadcrumb\"},\"inLanguage\":\"pl-PL\",\"potentialAction\":[{\"@type\":\"ReadAction\",\"target\":[\"https:\/\/megamo.eu\/pl\/tlumaczenie-plikow-hurtowni-xml-csv\/\"]}]},{\"@type\":\"BreadcrumbList\",\"@id\":\"https:\/\/megamo.eu\/pl\/tlumaczenie-plikow-hurtowni-xml-csv\/#breadcrumb\",\"itemListElement\":[{\"@type\":\"ListItem\",\"position\":1,\"name\":\"Home\",\"item\":\"https:\/\/megamo.eu\/pl\/\"},{\"@type\":\"ListItem\",\"position\":2,\"name\":\"T\u0142umaczenie plik\u00f3w hurtowni &#8211; XML, CSV\"}]},{\"@type\":\"WebSite\",\"@id\":\"https:\/\/megamo.eu\/pl\/#website\",\"url\":\"https:\/\/megamo.eu\/pl\/\",\"name\":\"megamo.eu\",\"description\":\"megamo.eu\",\"publisher\":{\"@id\":\"https:\/\/megamo.eu\/pl\/#organization\"},\"potentialAction\":[{\"@type\":\"SearchAction\",\"target\":{\"@type\":\"EntryPoint\",\"urlTemplate\":\"https:\/\/megamo.eu\/pl\/?s={search_term_string}\"},\"query-input\":{\"@type\":\"PropertyValueSpecification\",\"valueRequired\":true,\"valueName\":\"search_term_string\"}}],\"inLanguage\":\"pl-PL\"},{\"@type\":\"Organization\",\"@id\":\"https:\/\/megamo.eu\/pl\/#organization\",\"name\":\"Megamo\",\"alternateName\":\"mgo\",\"url\":\"https:\/\/megamo.eu\/pl\/\",\"logo\":{\"@type\":\"ImageObject\",\"inLanguage\":\"pl-PL\",\"@id\":\"https:\/\/megamo.eu\/pl\/#\/schema\/logo\/image\/\",\"url\":\"https:\/\/megamo.eu\/wp-content\/uploads\/2024\/02\/logo_small.png\",\"contentUrl\":\"https:\/\/megamo.eu\/wp-content\/uploads\/2024\/02\/logo_small.png\",\"width\":300,\"height\":113,\"caption\":\"Megamo\"},\"image\":{\"@id\":\"https:\/\/megamo.eu\/pl\/#\/schema\/logo\/image\/\"},\"sameAs\":[\"https:\/\/www.facebook.com\/megamoeu\",\"https:\/\/www.youtube.com\/@Megamo_en\"]}]}<\/script>\n<!-- \/ Yoast SEO Premium plugin. -->","yoast_head_json":{"title":"T\u0142umaczenie plik\u00f3w hurtowni - XML, CSV","description":"Nasze t\u0142umaczenia s\u0105 nie tylko dok\u0142adne pod wzgl\u0119dem j\u0119zykowym, ale tak\u017ce dostosowane do konkretnych potrzeb handlu detalicznego online.","robots":{"index":"index","follow":"follow","max-snippet":"max-snippet:-1","max-image-preview":"max-image-preview:large","max-video-preview":"max-video-preview:-1"},"canonical":"https:\/\/megamo.eu\/pl\/tlumaczenie-plikow-hurtowni-xml-csv\/","og_locale":"pl_PL","og_type":"article","og_title":"T\u0142umaczenie plik\u00f3w hurtowni - XML, CSV","og_description":"Nasze t\u0142umaczenia s\u0105 nie tylko dok\u0142adne pod wzgl\u0119dem j\u0119zykowym, ale tak\u017ce dostosowane do konkretnych potrzeb handlu detalicznego online.","og_url":"https:\/\/megamo.eu\/pl\/tlumaczenie-plikow-hurtowni-xml-csv\/","og_site_name":"megamo.eu","article_publisher":"https:\/\/www.facebook.com\/megamoeu","article_modified_time":"2025-08-05T10:49:01+00:00","twitter_card":"summary_large_image","twitter_misc":{"Szacowany czas czytania":"3 minuty"},"schema":{"@context":"https:\/\/schema.org","@graph":[{"@type":"WebPage","@id":"https:\/\/megamo.eu\/pl\/tlumaczenie-plikow-hurtowni-xml-csv\/","url":"https:\/\/megamo.eu\/pl\/tlumaczenie-plikow-hurtowni-xml-csv\/","name":"T\u0142umaczenie plik\u00f3w hurtowni - XML, CSV","isPartOf":{"@id":"https:\/\/megamo.eu\/pl\/#website"},"datePublished":"2024-02-19T14:08:31+00:00","dateModified":"2025-08-05T10:49:01+00:00","description":"Nasze t\u0142umaczenia s\u0105 nie tylko dok\u0142adne pod wzgl\u0119dem j\u0119zykowym, ale tak\u017ce dostosowane do konkretnych potrzeb handlu detalicznego online.","breadcrumb":{"@id":"https:\/\/megamo.eu\/pl\/tlumaczenie-plikow-hurtowni-xml-csv\/#breadcrumb"},"inLanguage":"pl-PL","potentialAction":[{"@type":"ReadAction","target":["https:\/\/megamo.eu\/pl\/tlumaczenie-plikow-hurtowni-xml-csv\/"]}]},{"@type":"BreadcrumbList","@id":"https:\/\/megamo.eu\/pl\/tlumaczenie-plikow-hurtowni-xml-csv\/#breadcrumb","itemListElement":[{"@type":"ListItem","position":1,"name":"Home","item":"https:\/\/megamo.eu\/pl\/"},{"@type":"ListItem","position":2,"name":"T\u0142umaczenie plik\u00f3w hurtowni &#8211; XML, CSV"}]},{"@type":"WebSite","@id":"https:\/\/megamo.eu\/pl\/#website","url":"https:\/\/megamo.eu\/pl\/","name":"megamo.eu","description":"megamo.eu","publisher":{"@id":"https:\/\/megamo.eu\/pl\/#organization"},"potentialAction":[{"@type":"SearchAction","target":{"@type":"EntryPoint","urlTemplate":"https:\/\/megamo.eu\/pl\/?s={search_term_string}"},"query-input":{"@type":"PropertyValueSpecification","valueRequired":true,"valueName":"search_term_string"}}],"inLanguage":"pl-PL"},{"@type":"Organization","@id":"https:\/\/megamo.eu\/pl\/#organization","name":"Megamo","alternateName":"mgo","url":"https:\/\/megamo.eu\/pl\/","logo":{"@type":"ImageObject","inLanguage":"pl-PL","@id":"https:\/\/megamo.eu\/pl\/#\/schema\/logo\/image\/","url":"https:\/\/megamo.eu\/wp-content\/uploads\/2024\/02\/logo_small.png","contentUrl":"https:\/\/megamo.eu\/wp-content\/uploads\/2024\/02\/logo_small.png","width":300,"height":113,"caption":"Megamo"},"image":{"@id":"https:\/\/megamo.eu\/pl\/#\/schema\/logo\/image\/"},"sameAs":["https:\/\/www.facebook.com\/megamoeu","https:\/\/www.youtube.com\/@Megamo_en"]}]}},"_links":{"self":[{"href":"https:\/\/megamo.eu\/pl\/wp-json\/wp\/v2\/pages\/2763"}],"collection":[{"href":"https:\/\/megamo.eu\/pl\/wp-json\/wp\/v2\/pages"}],"about":[{"href":"https:\/\/megamo.eu\/pl\/wp-json\/wp\/v2\/types\/page"}],"author":[{"embeddable":true,"href":"https:\/\/megamo.eu\/pl\/wp-json\/wp\/v2\/users\/2"}],"replies":[{"embeddable":true,"href":"https:\/\/megamo.eu\/pl\/wp-json\/wp\/v2\/comments?post=2763"}],"version-history":[{"count":5,"href":"https:\/\/megamo.eu\/pl\/wp-json\/wp\/v2\/pages\/2763\/revisions"}],"predecessor-version":[{"id":27569,"href":"https:\/\/megamo.eu\/pl\/wp-json\/wp\/v2\/pages\/2763\/revisions\/27569"}],"wp:attachment":[{"href":"https:\/\/megamo.eu\/pl\/wp-json\/wp\/v2\/media?parent=2763"}],"curies":[{"name":"wp","href":"https:\/\/api.w.org\/{rel}","templated":true}]}}