{"id":2747,"date":"2024-02-21T11:46:16","date_gmt":"2024-02-21T10:46:16","guid":{"rendered":"https:\/\/megamo.eu\/marketing-resources-for-suppliers\/"},"modified":"2025-08-05T11:56:11","modified_gmt":"2025-08-05T09:56:11","slug":"materialy-promocyjne","status":"publish","type":"page","link":"https:\/\/megamo.eu\/pl\/materialy-promocyjne\/","title":{"rendered":"Materia\u0142y promocyjne"},"content":{"rendered":"\n\t<div id=\"gap-551799868\" class=\"gap-element clearfix\" style=\"display:block; height:auto;\">\n\t\t\n<style>\n#gap-551799868 {\n  padding-top: 60px;\n}\n<\/style>\n\t<\/div>\n\t\n\n\t<section class=\"section\" id=\"section_1061460702\">\n\t\t<div class=\"bg section-bg fill bg-fill  bg-loaded\" >\n\n\t\t\t\n\t\t\t\n\t\t\t\n\n\t\t<\/div>\n\n\t\t\n\n\t\t<div class=\"section-content relative\">\n\t\t\t\n\n<div class=\"row align-middle\"  id=\"row-406855797\">\n\n\n\t<div id=\"col-793235120\" class=\"col medium-5 small-12 large-5 small-col-first\"  >\n\t\t\t\t<div class=\"col-inner text-center\"  >\n\t\t\t\n\t\t\t\n\n\t<div class=\"img has-hover x md-x lg-x y md-y lg-y\" id=\"image_1304121289\">\n\t\t\t\t\t\t\t\t<div class=\"img-inner dark\" >\n\t\t\t<img loading=\"lazy\" decoding=\"async\" width=\"448\" height=\"449\" src=\"https:\/\/megamo.eu\/wp-content\/uploads\/2024\/02\/cooperation-marketing-1.webp\" class=\"attachment-original size-original\" alt=\"Partner up\" srcset=\"https:\/\/megamo.eu\/wp-content\/uploads\/2024\/02\/cooperation-marketing-1.webp 448w, https:\/\/megamo.eu\/wp-content\/uploads\/2024\/02\/cooperation-marketing-1-399x400.webp 399w, https:\/\/megamo.eu\/wp-content\/uploads\/2024\/02\/cooperation-marketing-1-280x280.webp 280w, https:\/\/megamo.eu\/wp-content\/uploads\/2024\/02\/cooperation-marketing-1-300x300.webp 300w, https:\/\/megamo.eu\/wp-content\/uploads\/2024\/02\/cooperation-marketing-1-100x100.webp 100w\" sizes=\"(max-width: 448px) 100vw, 448px\" \/>\t\t\t\t\t\t\n\t\t\t\t\t<\/div>\n\t\t\t\t\t\t\t\t\n<style>\n#image_1304121289 {\n  width: 75%;\n}\n<\/style>\n\t<\/div>\n\t\n\n\n\t\t<\/div>\n\t\t\t\t\t<\/div>\n\n\t\n\n\t<div id=\"col-1509962704\" class=\"col medium-7 small-12 large-7\"  >\n\t\t\t\t<div class=\"col-inner text-center\"  >\n\t\t\t\n\t\t\t\n\n\t<div id=\"text-4224394692\" class=\"text\">\n\t\t\n\n<h1>Nawi\u0105\u017cmy wsp\u00f3\u0142prac\u0119<\/h1>\n\t\t\n<style>\n#text-4224394692 {\n  font-size: 1.3rem;\n  text-align: center;\n}\n@media (min-width:550px) {\n  #text-4224394692 {\n    text-align: center;\n  }\n}\n<\/style>\n\t<\/div>\n\t\n\t<div id=\"text-2141591498\" class=\"text\">\n\t\t\n\n<p>Prowadzisz hurtowni\u0119, firm\u0119 dystrybucyjn\u0105 lub dostawcz\u0105?<br >Spraw, by Twoi klienci bez trudu anga\u017cowali si\u0119 w p\u0142ynne transakcje biznesowe z Tob\u0105!<\/p>\n<p><b>Skontaktuj si\u0119 z nami i pozw\u00f3l nam przedstawi\u0107 wszystkie mo\u017cliwo\u015bci, kt\u00f3re na Ciebie czekaj\u0105!<\/b><\/p>\n\t\t\n<style>\n#text-2141591498 {\n  text-align: center;\n}\n@media (min-width:550px) {\n  #text-2141591498 {\n    text-align: center;\n  }\n}\n<\/style>\n\t<\/div>\n\t\n\t<div id=\"text-3723521008\" class=\"text\">\n\t\t\n\n<p><a href=\"tel:+48696107507\">+48 696 107 507<\/a><br \/>\n<a href=\"#contact-form\">biuro@megamo.pl<\/a><\/p>\n\n\t\t\n<style>\n#text-3723521008 {\n  font-size: 1.8rem;\n}\n<\/style>\n\t<\/div>\n\t\n\n\t\t<\/div>\n\t\t\t\t\t<\/div>\n\n\t\n\n<\/div>\n\n\t\t<\/div>\n\n\t\t\n<style>\n#section_1061460702 {\n  padding-top: 30px;\n  padding-bottom: 30px;\n}\n<\/style>\n\t<\/section>\n\t\n\t<div id=\"gap-4199290\" class=\"gap-element clearfix\" style=\"display:block; height:auto;\">\n\t\t\n<style>\n#gap-4199290 {\n  padding-top: 80px;\n}\n<\/style>\n\t<\/div>\n\t\n\n\t<section class=\"section\" id=\"section_986938236\">\n\t\t<div class=\"bg section-bg fill bg-fill  bg-loaded\" >\n\n\t\t\t\n\t\t\t\n\t\t\t\n\n\t\t<\/div>\n\n\t\t\n\n\t\t<div class=\"section-content relative\">\n\t\t\t\n\n<div class=\"row\"  id=\"row-1098775741\">\n\n\n\t<div id=\"col-152297206\" class=\"col small-12 large-12\"  >\n\t\t\t\t<div class=\"col-inner text-center\"  >\n\t\t\t\n\t\t\t\n\n\t<div id=\"text-1515846841\" class=\"text\">\n\t\t\n\n<h2>CHCESZ POZYSKA\u0106 WI\u0118CEJ KLIENT\u00d3W?<\/h2>\n\t\t\n<style>\n#text-1515846841 {\n  font-size: 1.2rem;\n  text-align: center;\n  color: rgb(254, 94, 8);\n}\n#text-1515846841 > * {\n  color: rgb(254, 94, 8);\n}\n<\/style>\n\t<\/div>\n\t\n\t<div id=\"gap-49546982\" class=\"gap-element clearfix\" style=\"display:block; height:auto;\">\n\t\t\n<style>\n#gap-49546982 {\n  padding-top: 40px;\n}\n<\/style>\n\t<\/div>\n\t\n\n\t<div id=\"text-4155913105\" class=\"text\">\n\t\t\n\n<p>Wsp\u00f3\u0142pracujesz ju\u017c z nami i chcesz, pozyska\u0107 wi\u0119cej klient\u00f3w? Umie\u015b\u0107 na stronie swojej hurtowni informacje, kt\u00f3re zach\u0119c\u0105 w\u0142a\u015bcicieli sklep\u00f3w do podj\u0119cia wsp\u00f3\u0142pracy.<\/p>\n<p>Poka\u017c im, co zyskaj\u0105 korzystaj\u0105c z automatycznego integratora &#8211; przygotowali\u015bmy dla Ciebie przyk\u0142adowe materia\u0142y, kt\u00f3re mo\u017cesz wykorzysta\u0107:<\/p>\n\t\t\n<style>\n#text-4155913105 {\n  text-align: left;\n}\n<\/style>\n\t<\/div>\n\t\n\t<div id=\"text-4089517708\" class=\"text\">\n\t\t\n\n<p>*(Skontaktuj si\u0119 z nami, je\u015bli chcesz, \u017ceby odno\u015bnik prowadzi\u0142 bezpo\u015brednio do Twojej hurtowni na www.megamo.eu)<\/p>\n\t\t\n<style>\n#text-4089517708 {\n  font-size: 0.8rem;\n  text-align: left;\n}\n<\/style>\n\t<\/div>\n\t\n\t<div id=\"gap-239929180\" class=\"gap-element clearfix\" style=\"display:block; height:auto;\">\n\t\t\n<style>\n#gap-239929180 {\n  padding-top: 80px;\n}\n<\/style>\n\t<\/div>\n\t\n\n\t<div id=\"text-1503901207\" class=\"text\">\n\t\t\n\n<h3>Baner 1 &#8211; 1050x240px<\/p>\n\t\t\n<style>\n#text-1503901207 {\n  text-align: center;\n  color: #fe5e08;\n}\n#text-1503901207 > * {\n  color: #fe5e08;\n}\n<\/style>\n\t<\/div>\n\t\n\t<div id=\"text-2823958799\" class=\"text\">\n\t\t\n\n<p>Kod HTML do umieszczenia na stronie internetowej*<br ><code style=\"color: #BD4147; margin: 0px;\">&lt;a href=&quot;https:\/\/megamo.eu\/pl\/&quot; target=&quot;_blank&quot;&gt;&lt;img src=&quot;https:\/\/megamo.eu\/wp-content\/uploads\/2024\/04\/megamo-automatyczna-integracja-hurtowni-1050x240-1.webp&quot; alt=&quot;Automatyczna integracja sklepu z hurtowni\u0105 - Dropshipping&quot; \/&gt;&lt;\/a&gt;<br \/>\n<\/code><\/p>\n\t\t\n<style>\n#text-2823958799 {\n  text-align: left;\n}\n<\/style>\n\t<\/div>\n\t\n\t<div id=\"text-1903058808\" class=\"text\">\n\t\t\n\n<p>Zawarto\u015b\u0107:<\/p>\n\t\t\n<style>\n#text-1903058808 {\n  font-size: 1.2rem;\n  text-align: center;\n}\n<\/style>\n\t<\/div>\n\t\n\n\n<a href=\"https:\/\/megamo.eu\/pl\/\" target=\"_blank\" rel=\"noopener\"><img decoding=\"async\" src=\"https:\/\/megamo.eu\/wp-content\/uploads\/2024\/04\/megamo-automatyczna-integracja-hurtowni-1050x240-1.webp\" alt=\"Automatyczna integracja sklepu z hurtowni\u0105 - Dropshipping\" \/><\/a>\n\n\t<div id=\"gap-212856692\" class=\"gap-element clearfix\" style=\"display:block; height:auto;\">\n\t\t\n<style>\n#gap-212856692 {\n  padding-top: 80px;\n}\n<\/style>\n\t<\/div>\n\t\n\n\t<div id=\"text-121359547\" class=\"text\">\n\t\t\n\n<h3>Baner 2 &#8211; 1050x240px<\/p>\n\t\t\n<style>\n#text-121359547 {\n  text-align: center;\n  color: #fe5e08;\n}\n#text-121359547 > * {\n  color: #fe5e08;\n}\n<\/style>\n\t<\/div>\n\t\n\t<div id=\"text-520692277\" class=\"text\">\n\t\t\n\n<p>Kod HTML do umieszczenia na stronie internetowej*<br ><code style=\"color: #BD4147; margin: 0px;\">&lt;a href=&quot;https:\/\/megamo.eu\/pl\/&quot; target=&quot;_blank&quot;&gt;&lt;img src=&quot;https:\/\/megamo.eu\/wp-content\/uploads\/2024\/04\/megamo-automatyczna-integracja-hurtowni-1050x240-2.webp&quot; alt=&quot;Automatyczna integracja sklepu z hurtowni\u0105 - Dropshipping&quot; \/&gt;&lt;\/a&gt;<br \/>\n<\/code><\/p>\n\t\t\n<style>\n#text-520692277 {\n  text-align: left;\n}\n<\/style>\n\t<\/div>\n\t\n\t<div id=\"text-3876041168\" class=\"text\">\n\t\t\n\n<p>Zawarto\u015b\u0107:<\/p>\n\t\t\n<style>\n#text-3876041168 {\n  font-size: 1.2rem;\n  text-align: center;\n}\n<\/style>\n\t<\/div>\n\t\n\n\n<a href=\"https:\/\/megamo.eu\/pl\/\" target=\"_blank\" rel=\"noopener\"><img decoding=\"async\" src=\"https:\/\/megamo.eu\/wp-content\/uploads\/2024\/04\/megamo-automatyczna-integracja-hurtowni-1050x240-2.webp\" alt=\"Automatyczna integracja sklepu z hurtowni\u0105 - Dropshipping\" \/><\/a>\n\n\n\t\t<\/div>\n\t\t\t\t\t<\/div>\n\n\t\n\n<\/div>\n\t<div id=\"gap-1299793475\" class=\"gap-element clearfix\" style=\"display:block; height:auto;\">\n\t\t\n<style>\n#gap-1299793475 {\n  padding-top: 80px;\n}\n<\/style>\n\t<\/div>\n\t\n\n\n\t\t<\/div>\n\n\t\t\n<style>\n#section_986938236 {\n  padding-top: 0px;\n  padding-bottom: 0px;\n}\n<\/style>\n\t<\/section>\n\t\n\n","protected":false},"excerpt":{"rendered":"","protected":false},"author":2,"featured_media":0,"parent":0,"menu_order":0,"comment_status":"closed","ping_status":"closed","template":"","meta":{"_lmt_disableupdate":"","_lmt_disable":"","footnotes":""},"yoast_head":"<!-- This site is optimized with the Yoast SEO Premium plugin v21.8 (Yoast SEO v23.5) - https:\/\/yoast.com\/wordpress\/plugins\/seo\/ -->\n<title>Materia\u0142y promocyjne<\/title>\n<meta name=\"description\" content=\"Prowadzisz dzia\u0142alno\u015b\u0107 hurtow\u0105, dystrybucyjn\u0105 lub dostawcz\u0105? Spraw, aby Twoi klienci mogli bez wysi\u0142ku anga\u017cowa\u0107 si\u0119 w p\u0142ynne transakcje biznesowe!\" \/>\n<meta name=\"robots\" content=\"index, follow, max-snippet:-1, max-image-preview:large, max-video-preview:-1\" \/>\n<link rel=\"canonical\" href=\"https:\/\/megamo.eu\/pl\/materialy-promocyjne\/\" \/>\n<meta property=\"og:locale\" content=\"pl_PL\" \/>\n<meta property=\"og:type\" content=\"article\" \/>\n<meta property=\"og:title\" content=\"Materia\u0142y promocyjne\" \/>\n<meta property=\"og:description\" content=\"Prowadzisz dzia\u0142alno\u015b\u0107 hurtow\u0105, dystrybucyjn\u0105 lub dostawcz\u0105? Spraw, aby Twoi klienci mogli bez wysi\u0142ku anga\u017cowa\u0107 si\u0119 w p\u0142ynne transakcje biznesowe!\" \/>\n<meta property=\"og:url\" content=\"https:\/\/megamo.eu\/pl\/materialy-promocyjne\/\" \/>\n<meta property=\"og:site_name\" content=\"megamo.eu\" \/>\n<meta property=\"article:publisher\" content=\"https:\/\/www.facebook.com\/megamoeu\" \/>\n<meta property=\"article:modified_time\" content=\"2025-08-05T09:56:11+00:00\" \/>\n<meta property=\"og:image\" content=\"https:\/\/megamo.eu\/wp-content\/uploads\/2024\/04\/megamo-automatyczna-integracja-hurtowni-1050x240-1.webp\" \/>\n<meta name=\"twitter:card\" content=\"summary_large_image\" \/>\n<meta name=\"twitter:label1\" content=\"Szacowany czas czytania\" \/>\n\t<meta name=\"twitter:data1\" content=\"2 minuty\" \/>\n<script type=\"application\/ld+json\" class=\"yoast-schema-graph\">{\"@context\":\"https:\/\/schema.org\",\"@graph\":[{\"@type\":\"WebPage\",\"@id\":\"https:\/\/megamo.eu\/pl\/materialy-promocyjne\/\",\"url\":\"https:\/\/megamo.eu\/pl\/materialy-promocyjne\/\",\"name\":\"Materia\u0142y promocyjne\",\"isPartOf\":{\"@id\":\"https:\/\/megamo.eu\/pl\/#website\"},\"primaryImageOfPage\":{\"@id\":\"https:\/\/megamo.eu\/pl\/materialy-promocyjne\/#primaryimage\"},\"image\":{\"@id\":\"https:\/\/megamo.eu\/pl\/materialy-promocyjne\/#primaryimage\"},\"thumbnailUrl\":\"https:\/\/megamo.eu\/wp-content\/uploads\/2024\/04\/megamo-automatyczna-integracja-hurtowni-1050x240-1.webp\",\"datePublished\":\"2024-02-21T10:46:16+00:00\",\"dateModified\":\"2025-08-05T09:56:11+00:00\",\"description\":\"Prowadzisz dzia\u0142alno\u015b\u0107 hurtow\u0105, dystrybucyjn\u0105 lub dostawcz\u0105? Spraw, aby Twoi klienci mogli bez wysi\u0142ku anga\u017cowa\u0107 si\u0119 w p\u0142ynne transakcje biznesowe!\",\"breadcrumb\":{\"@id\":\"https:\/\/megamo.eu\/pl\/materialy-promocyjne\/#breadcrumb\"},\"inLanguage\":\"pl-PL\",\"potentialAction\":[{\"@type\":\"ReadAction\",\"target\":[\"https:\/\/megamo.eu\/pl\/materialy-promocyjne\/\"]}]},{\"@type\":\"ImageObject\",\"inLanguage\":\"pl-PL\",\"@id\":\"https:\/\/megamo.eu\/pl\/materialy-promocyjne\/#primaryimage\",\"url\":\"https:\/\/megamo.eu\/wp-content\/uploads\/2024\/04\/megamo-automatyczna-integracja-hurtowni-1050x240-1.webp\",\"contentUrl\":\"https:\/\/megamo.eu\/wp-content\/uploads\/2024\/04\/megamo-automatyczna-integracja-hurtowni-1050x240-1.webp\"},{\"@type\":\"BreadcrumbList\",\"@id\":\"https:\/\/megamo.eu\/pl\/materialy-promocyjne\/#breadcrumb\",\"itemListElement\":[{\"@type\":\"ListItem\",\"position\":1,\"name\":\"Home\",\"item\":\"https:\/\/megamo.eu\/pl\/\"},{\"@type\":\"ListItem\",\"position\":2,\"name\":\"Materia\u0142y promocyjne\"}]},{\"@type\":\"WebSite\",\"@id\":\"https:\/\/megamo.eu\/pl\/#website\",\"url\":\"https:\/\/megamo.eu\/pl\/\",\"name\":\"megamo.eu\",\"description\":\"megamo.eu\",\"publisher\":{\"@id\":\"https:\/\/megamo.eu\/pl\/#organization\"},\"potentialAction\":[{\"@type\":\"SearchAction\",\"target\":{\"@type\":\"EntryPoint\",\"urlTemplate\":\"https:\/\/megamo.eu\/pl\/?s={search_term_string}\"},\"query-input\":{\"@type\":\"PropertyValueSpecification\",\"valueRequired\":true,\"valueName\":\"search_term_string\"}}],\"inLanguage\":\"pl-PL\"},{\"@type\":\"Organization\",\"@id\":\"https:\/\/megamo.eu\/pl\/#organization\",\"name\":\"Megamo\",\"alternateName\":\"mgo\",\"url\":\"https:\/\/megamo.eu\/pl\/\",\"logo\":{\"@type\":\"ImageObject\",\"inLanguage\":\"pl-PL\",\"@id\":\"https:\/\/megamo.eu\/pl\/#\/schema\/logo\/image\/\",\"url\":\"https:\/\/megamo.eu\/wp-content\/uploads\/2024\/02\/logo_small.png\",\"contentUrl\":\"https:\/\/megamo.eu\/wp-content\/uploads\/2024\/02\/logo_small.png\",\"width\":300,\"height\":113,\"caption\":\"Megamo\"},\"image\":{\"@id\":\"https:\/\/megamo.eu\/pl\/#\/schema\/logo\/image\/\"},\"sameAs\":[\"https:\/\/www.facebook.com\/megamoeu\",\"https:\/\/www.youtube.com\/@Megamo_en\"]}]}<\/script>\n<!-- \/ Yoast SEO Premium plugin. -->","yoast_head_json":{"title":"Materia\u0142y promocyjne","description":"Prowadzisz dzia\u0142alno\u015b\u0107 hurtow\u0105, dystrybucyjn\u0105 lub dostawcz\u0105? Spraw, aby Twoi klienci mogli bez wysi\u0142ku anga\u017cowa\u0107 si\u0119 w p\u0142ynne transakcje biznesowe!","robots":{"index":"index","follow":"follow","max-snippet":"max-snippet:-1","max-image-preview":"max-image-preview:large","max-video-preview":"max-video-preview:-1"},"canonical":"https:\/\/megamo.eu\/pl\/materialy-promocyjne\/","og_locale":"pl_PL","og_type":"article","og_title":"Materia\u0142y promocyjne","og_description":"Prowadzisz dzia\u0142alno\u015b\u0107 hurtow\u0105, dystrybucyjn\u0105 lub dostawcz\u0105? Spraw, aby Twoi klienci mogli bez wysi\u0142ku anga\u017cowa\u0107 si\u0119 w p\u0142ynne transakcje biznesowe!","og_url":"https:\/\/megamo.eu\/pl\/materialy-promocyjne\/","og_site_name":"megamo.eu","article_publisher":"https:\/\/www.facebook.com\/megamoeu","article_modified_time":"2025-08-05T09:56:11+00:00","og_image":[{"url":"https:\/\/megamo.eu\/wp-content\/uploads\/2024\/04\/megamo-automatyczna-integracja-hurtowni-1050x240-1.webp"}],"twitter_card":"summary_large_image","twitter_misc":{"Szacowany czas czytania":"2 minuty"},"schema":{"@context":"https:\/\/schema.org","@graph":[{"@type":"WebPage","@id":"https:\/\/megamo.eu\/pl\/materialy-promocyjne\/","url":"https:\/\/megamo.eu\/pl\/materialy-promocyjne\/","name":"Materia\u0142y promocyjne","isPartOf":{"@id":"https:\/\/megamo.eu\/pl\/#website"},"primaryImageOfPage":{"@id":"https:\/\/megamo.eu\/pl\/materialy-promocyjne\/#primaryimage"},"image":{"@id":"https:\/\/megamo.eu\/pl\/materialy-promocyjne\/#primaryimage"},"thumbnailUrl":"https:\/\/megamo.eu\/wp-content\/uploads\/2024\/04\/megamo-automatyczna-integracja-hurtowni-1050x240-1.webp","datePublished":"2024-02-21T10:46:16+00:00","dateModified":"2025-08-05T09:56:11+00:00","description":"Prowadzisz dzia\u0142alno\u015b\u0107 hurtow\u0105, dystrybucyjn\u0105 lub dostawcz\u0105? Spraw, aby Twoi klienci mogli bez wysi\u0142ku anga\u017cowa\u0107 si\u0119 w p\u0142ynne transakcje biznesowe!","breadcrumb":{"@id":"https:\/\/megamo.eu\/pl\/materialy-promocyjne\/#breadcrumb"},"inLanguage":"pl-PL","potentialAction":[{"@type":"ReadAction","target":["https:\/\/megamo.eu\/pl\/materialy-promocyjne\/"]}]},{"@type":"ImageObject","inLanguage":"pl-PL","@id":"https:\/\/megamo.eu\/pl\/materialy-promocyjne\/#primaryimage","url":"https:\/\/megamo.eu\/wp-content\/uploads\/2024\/04\/megamo-automatyczna-integracja-hurtowni-1050x240-1.webp","contentUrl":"https:\/\/megamo.eu\/wp-content\/uploads\/2024\/04\/megamo-automatyczna-integracja-hurtowni-1050x240-1.webp"},{"@type":"BreadcrumbList","@id":"https:\/\/megamo.eu\/pl\/materialy-promocyjne\/#breadcrumb","itemListElement":[{"@type":"ListItem","position":1,"name":"Home","item":"https:\/\/megamo.eu\/pl\/"},{"@type":"ListItem","position":2,"name":"Materia\u0142y promocyjne"}]},{"@type":"WebSite","@id":"https:\/\/megamo.eu\/pl\/#website","url":"https:\/\/megamo.eu\/pl\/","name":"megamo.eu","description":"megamo.eu","publisher":{"@id":"https:\/\/megamo.eu\/pl\/#organization"},"potentialAction":[{"@type":"SearchAction","target":{"@type":"EntryPoint","urlTemplate":"https:\/\/megamo.eu\/pl\/?s={search_term_string}"},"query-input":{"@type":"PropertyValueSpecification","valueRequired":true,"valueName":"search_term_string"}}],"inLanguage":"pl-PL"},{"@type":"Organization","@id":"https:\/\/megamo.eu\/pl\/#organization","name":"Megamo","alternateName":"mgo","url":"https:\/\/megamo.eu\/pl\/","logo":{"@type":"ImageObject","inLanguage":"pl-PL","@id":"https:\/\/megamo.eu\/pl\/#\/schema\/logo\/image\/","url":"https:\/\/megamo.eu\/wp-content\/uploads\/2024\/02\/logo_small.png","contentUrl":"https:\/\/megamo.eu\/wp-content\/uploads\/2024\/02\/logo_small.png","width":300,"height":113,"caption":"Megamo"},"image":{"@id":"https:\/\/megamo.eu\/pl\/#\/schema\/logo\/image\/"},"sameAs":["https:\/\/www.facebook.com\/megamoeu","https:\/\/www.youtube.com\/@Megamo_en"]}]}},"_links":{"self":[{"href":"https:\/\/megamo.eu\/pl\/wp-json\/wp\/v2\/pages\/2747"}],"collection":[{"href":"https:\/\/megamo.eu\/pl\/wp-json\/wp\/v2\/pages"}],"about":[{"href":"https:\/\/megamo.eu\/pl\/wp-json\/wp\/v2\/types\/page"}],"author":[{"embeddable":true,"href":"https:\/\/megamo.eu\/pl\/wp-json\/wp\/v2\/users\/2"}],"replies":[{"embeddable":true,"href":"https:\/\/megamo.eu\/pl\/wp-json\/wp\/v2\/comments?post=2747"}],"version-history":[{"count":4,"href":"https:\/\/megamo.eu\/pl\/wp-json\/wp\/v2\/pages\/2747\/revisions"}],"predecessor-version":[{"id":3872,"href":"https:\/\/megamo.eu\/pl\/wp-json\/wp\/v2\/pages\/2747\/revisions\/3872"}],"wp:attachment":[{"href":"https:\/\/megamo.eu\/pl\/wp-json\/wp\/v2\/media?parent=2747"}],"curies":[{"name":"wp","href":"https:\/\/api.w.org\/{rel}","templated":true}]}}