{"id":2736,"date":"2024-02-23T10:34:03","date_gmt":"2024-02-23T09:34:03","guid":{"rendered":"https:\/\/megamo.eu\/affiliate-program\/"},"modified":"2024-05-29T15:00:49","modified_gmt":"2024-05-29T13:00:49","slug":"program-partnerski","status":"publish","type":"page","link":"https:\/\/megamo.eu\/pl\/program-partnerski\/","title":{"rendered":"Program partnerski"},"content":{"rendered":"\n\t<div id=\"gap-1610044226\" class=\"gap-element clearfix\" style=\"display:block; height:auto;\">\n\t\t\n<style>\n#gap-1610044226 {\n  padding-top: 60px;\n}\n<\/style>\n\t<\/div>\n\t\n\n\t<section class=\"section\" id=\"section_537402210\">\n\t\t<div class=\"bg section-bg fill bg-fill  bg-loaded\" >\n\n\t\t\t\n\t\t\t\n\t\t\t\n\n\t\t<\/div>\n\n\t\t\n\n\t\t<div class=\"section-content relative\">\n\t\t\t\n\n<div class=\"row align-middle\"  id=\"row-530986062\">\n\n\n\t<div id=\"col-797651366\" class=\"col medium-6 small-12 large-6\"  >\n\t\t\t\t<div class=\"col-inner\"  >\n\t\t\t\n\t\t\t\n\n\t<div id=\"text-200543284\" class=\"text\">\n\t\t\n\n<h1>Program Partnerski Megamo<\/h1>\n\n\t\t\n<style>\n#text-200543284 {\n  font-size: 1.3rem;\n  text-align: center;\n}\n@media (min-width:550px) {\n  #text-200543284 {\n    text-align: left;\n  }\n}\n<\/style>\n\t<\/div>\n\t\n\t<div id=\"text-1954804011\" class=\"text\">\n\t\t\n\n<p>Program Partnerski Megamo. Zosta\u0144 naszym Partnerem i pom\u00f3\u017c swoim Klientom w \u0142atwy spos\u00f3b zintegrowa\u0107 ich sklep z dowoln\u0105 hurtowni\u0105 lub producentem za pomoc\u0105 naszego Integratora<\/p>\n\n\t\t\n<style>\n#text-1954804011 {\n  text-align: center;\n}\n@media (min-width:550px) {\n  #text-1954804011 {\n    text-align: left;\n  }\n}\n<\/style>\n\t<\/div>\n\t\n\n\t\t<\/div>\n\t\t\t\t\t<\/div>\n\n\t\n\n\t<div id=\"col-1836701296\" class=\"col medium-6 small-12 large-6 small-col-first\"  >\n\t\t\t\t<div class=\"col-inner\"  >\n\t\t\t\n\t\t\t\n\n\t<div class=\"img has-hover x md-x lg-x y md-y lg-y\" id=\"image_1970161054\">\n\t\t\t\t\t\t\t\t<div class=\"img-inner dark\" >\n\t\t\t<img loading=\"lazy\" decoding=\"async\" width=\"700\" height=\"467\" src=\"https:\/\/megamo.eu\/wp-content\/uploads\/2024\/02\/demo-integration.webp\" class=\"attachment-original size-original\" alt=\"Demo integration with suppliers\" srcset=\"https:\/\/megamo.eu\/wp-content\/uploads\/2024\/02\/demo-integration.webp 700w, https:\/\/megamo.eu\/wp-content\/uploads\/2024\/02\/demo-integration-600x400.webp 600w\" sizes=\"(max-width: 700px) 100vw, 700px\" \/>\t\t\t\t\t\t\n\t\t\t\t\t<\/div>\n\t\t\t\t\t\t\t\t\n<style>\n#image_1970161054 {\n  width: 100%;\n}\n<\/style>\n\t<\/div>\n\t\n\n\n\t\t<\/div>\n\t\t\t\t\t<\/div>\n\n\t\n\n<\/div>\n\n\t\t<\/div>\n\n\t\t\n<style>\n#section_537402210 {\n  padding-top: 30px;\n  padding-bottom: 30px;\n}\n<\/style>\n\t<\/section>\n\t\n\t<section class=\"section\" id=\"section_1005199096\">\n\t\t<div class=\"bg section-bg fill bg-fill  bg-loaded\" >\n\n\t\t\t\n\t\t\t\n\t\t\t\n\n\t\t<\/div>\n\n\t\t\n\n\t\t<div class=\"section-content relative\">\n\t\t\t\n\n<div class=\"row\"  id=\"row-927436220\">\n\n\n\t<div id=\"col-522676146\" class=\"col medium-4 small-12 large-4\"  >\n\t\t\t\t<div class=\"col-inner\"  >\n\t\t\t\n\t<div class=\"is-border\"\n\t\tstyle=\"border-width:0px 0px 0px 0px;\">\n\t<\/div>\n\t\t\t\n\n\t<div id=\"text-2414891599\" class=\"text\">\n\t\t\n\n<div style=\"border-right: 4px #fe5e08 solid; padding-right: 20px\">\n<p><b>1.<\/b><br ><sub style=\"line-height: 0px\">Polecasz nasz\u0105 integracj\u0119 swoim klientom<\/sub><\/p>\n<\/div>\n\n\t\t\n<style>\n#text-2414891599 {\n  font-size: 1.8rem;\n  text-align: right;\n}\n<\/style>\n\t<\/div>\n\t\n\n\t\t<\/div>\n\t\t\t\t\t<\/div>\n\n\t\n\n\t<div id=\"col-718449828\" class=\"col medium-4 small-12 large-4\"  >\n\t\t\t\t<div class=\"col-inner\"  >\n\t\t\t\n\t\t\t\n\n\t<div id=\"text-3556877952\" class=\"text\">\n\t\t\n\n<div style=\"border-right: 4px #862f00 solid; padding-right: 20px\">\n<p><b>2.<\/b><br ><sub style=\"line-height: 0px\">Wykonujemy integracje sklep\u00f3w Twoich klient\u00f3w z wybranymi hurtowniami<\/sub><\/p>\n<\/div>\n\n\t\t\n<style>\n#text-3556877952 {\n  font-size: 1.8rem;\n  text-align: right;\n}\n<\/style>\n\t<\/div>\n\t\n\n\t\t<\/div>\n\t\t\t\t\t<\/div>\n\n\t\n\n\t<div id=\"col-900238379\" class=\"col medium-4 small-12 large-4\"  >\n\t\t\t\t<div class=\"col-inner\"  >\n\t\t\t\n\t\t\t\n\n\t<div id=\"text-2340115356\" class=\"text\">\n\t\t\n\n<div style=\"border-right: 4px #3c1601 solid; padding-right: 20px\">\n<p><b>3.<\/b><br ><sub style=\"line-height: 0px\">Otrzymujesz prowizj\u0119 za ka\u017cde polecenie<\/sub><\/p>\n<\/div>\n\n\t\t\n<style>\n#text-2340115356 {\n  font-size: 1.8rem;\n  text-align: right;\n}\n<\/style>\n\t<\/div>\n\t\n\n\t\t<\/div>\n\t\t\t\t\t<\/div>\n\n\t\n\n<\/div>\n<div class=\"row\"  id=\"row-439839780\">\n\n\n\t<div id=\"col-1936173425\" class=\"col small-12 large-12\"  >\n\t\t\t\t<div class=\"col-inner\"  >\n\t\t\t\n\t\t\t\n\n\t<div id=\"text-1027296509\" class=\"text\">\n\t\t\n\n<h4>Na przyk\u0142ad<\/h4>\n\n\t\t\n<style>\n#text-1027296509 {\n  text-align: left;\n}\n<\/style>\n\t<\/div>\n\t\n\t<div id=\"text-632887054\" class=\"text\">\n\t\t\n\n<p>Za polecenie Klientowi naszej us\u0142ugi wyp\u0142acimy Ci prowizj\u0119 w wysoko\u015bci 20% ceny integracji w trakcie ca\u0142ego okresu wsp\u00f3\u0142pracy. Dla przyk\u0142adu \u2013 polecasz nam miesi\u0119cznie 5 klient\u00f3w, kt\u00f3rzy wybrali pakiet PRO na integracj\u0119 z 3 hurtowniami za 349,00z\u0142 netto miesi\u0119cznie. Miesi\u0119czna prowizja, kt\u00f3r\u0105 Ci wyp\u0142acimy to 429,27z\u0142, a roczna 5 151,24z\u0142.<\/p>\n\n\t\t\n<style>\n#text-632887054 {\n  color: rgb(128, 128, 128);\n}\n#text-632887054 > * {\n  color: rgb(128, 128, 128);\n}\n<\/style>\n\t<\/div>\n\t\n\n\t\t<\/div>\n\t\t\t\t\t<\/div>\n\n\t\n\n<\/div>\n\n\t\t<\/div>\n\n\t\t\n<style>\n#section_1005199096 {\n  padding-top: 30px;\n  padding-bottom: 30px;\n  background-color: rgb(255, 239, 230);\n}\n<\/style>\n\t<\/section>\n\t\n\t<section class=\"section\" id=\"section_1033630818\">\n\t\t<div class=\"bg section-bg fill bg-fill  bg-loaded\" >\n\n\t\t\t\n\t\t\t\n\t\t\t\n\n\t\t<\/div>\n\n\t\t\n\n\t\t<div class=\"section-content relative\">\n\t\t\t\n\n<div class=\"row align-center\"  id=\"row-437633706\">\n\n\n\t<div id=\"col-215820933\" class=\"col small-12 large-12\"  >\n\t\t\t\t<div class=\"col-inner text-center\"  >\n\t\t\t\n\t\t\t\n\n\n\n<script type=\"text\/javascript\" src=\"\/\/ma.megamo.pl\/form\/generate.js?id=11\"><\/script>\n\n<p><a href=\"https:\/\/megamo.eu\/wp-content\/uploads\/2024\/03\/regulamin_programu_partnerskiego_eu.pdf\">Regulamin Programu Partnerskiego<\/a><\/p>\n\n\n\t\t<\/div>\n\t\t\t\t\t<\/div>\n\n\t\n\n<\/div>\n\n\t\t<\/div>\n\n\t\t\n<style>\n#section_1033630818 {\n  padding-top: 60px;\n  padding-bottom: 60px;\n}\n<\/style>\n\t<\/section>\n\t\n\n","protected":false},"excerpt":{"rendered":"","protected":false},"author":2,"featured_media":0,"parent":0,"menu_order":0,"comment_status":"closed","ping_status":"closed","template":"","meta":{"_lmt_disableupdate":"","_lmt_disable":"","footnotes":""},"yoast_head":"<!-- This site is optimized with the Yoast SEO Premium plugin v21.8 (Yoast SEO v23.5) - https:\/\/yoast.com\/wordpress\/plugins\/seo\/ -->\n<title>Program partnerski<\/title>\n<meta name=\"description\" content=\"Do\u0142\u0105cz do nas jako Partner i daj mo\u017cliwo\u015b\u0107 swoim klientom na p\u0142ynn\u0105 integracj\u0119 ich sklepu z dowoln\u0105 hurtowni\u0105 za po\u015brednictwem naszego Integratora.\" \/>\n<meta name=\"robots\" content=\"index, follow, max-snippet:-1, max-image-preview:large, max-video-preview:-1\" \/>\n<link rel=\"canonical\" href=\"https:\/\/megamo.eu\/pl\/program-partnerski\/\" \/>\n<meta property=\"og:locale\" content=\"pl_PL\" \/>\n<meta property=\"og:type\" content=\"article\" \/>\n<meta property=\"og:title\" content=\"Program partnerski\" \/>\n<meta property=\"og:description\" content=\"Do\u0142\u0105cz do nas jako Partner i daj mo\u017cliwo\u015b\u0107 swoim klientom na p\u0142ynn\u0105 integracj\u0119 ich sklepu z dowoln\u0105 hurtowni\u0105 za po\u015brednictwem naszego Integratora.\" \/>\n<meta property=\"og:url\" content=\"https:\/\/megamo.eu\/pl\/program-partnerski\/\" \/>\n<meta property=\"og:site_name\" content=\"megamo.eu\" \/>\n<meta property=\"article:publisher\" content=\"https:\/\/www.facebook.com\/megamoeu\" \/>\n<meta property=\"article:modified_time\" content=\"2024-05-29T13:00:49+00:00\" \/>\n<meta name=\"twitter:card\" content=\"summary_large_image\" \/>\n<meta name=\"twitter:label1\" content=\"Szacowany czas czytania\" \/>\n\t<meta name=\"twitter:data1\" content=\"2 minuty\" \/>\n<script type=\"application\/ld+json\" class=\"yoast-schema-graph\">{\"@context\":\"https:\/\/schema.org\",\"@graph\":[{\"@type\":\"WebPage\",\"@id\":\"https:\/\/megamo.eu\/pl\/program-partnerski\/\",\"url\":\"https:\/\/megamo.eu\/pl\/program-partnerski\/\",\"name\":\"Program partnerski\",\"isPartOf\":{\"@id\":\"https:\/\/megamo.eu\/pl\/#website\"},\"datePublished\":\"2024-02-23T09:34:03+00:00\",\"dateModified\":\"2024-05-29T13:00:49+00:00\",\"description\":\"Do\u0142\u0105cz do nas jako Partner i daj mo\u017cliwo\u015b\u0107 swoim klientom na p\u0142ynn\u0105 integracj\u0119 ich sklepu z dowoln\u0105 hurtowni\u0105 za po\u015brednictwem naszego Integratora.\",\"breadcrumb\":{\"@id\":\"https:\/\/megamo.eu\/pl\/program-partnerski\/#breadcrumb\"},\"inLanguage\":\"pl-PL\",\"potentialAction\":[{\"@type\":\"ReadAction\",\"target\":[\"https:\/\/megamo.eu\/pl\/program-partnerski\/\"]}]},{\"@type\":\"BreadcrumbList\",\"@id\":\"https:\/\/megamo.eu\/pl\/program-partnerski\/#breadcrumb\",\"itemListElement\":[{\"@type\":\"ListItem\",\"position\":1,\"name\":\"Home\",\"item\":\"https:\/\/megamo.eu\/pl\/\"},{\"@type\":\"ListItem\",\"position\":2,\"name\":\"Program partnerski\"}]},{\"@type\":\"WebSite\",\"@id\":\"https:\/\/megamo.eu\/pl\/#website\",\"url\":\"https:\/\/megamo.eu\/pl\/\",\"name\":\"megamo.eu\",\"description\":\"megamo.eu\",\"publisher\":{\"@id\":\"https:\/\/megamo.eu\/pl\/#organization\"},\"potentialAction\":[{\"@type\":\"SearchAction\",\"target\":{\"@type\":\"EntryPoint\",\"urlTemplate\":\"https:\/\/megamo.eu\/pl\/?s={search_term_string}\"},\"query-input\":{\"@type\":\"PropertyValueSpecification\",\"valueRequired\":true,\"valueName\":\"search_term_string\"}}],\"inLanguage\":\"pl-PL\"},{\"@type\":\"Organization\",\"@id\":\"https:\/\/megamo.eu\/pl\/#organization\",\"name\":\"Megamo\",\"alternateName\":\"mgo\",\"url\":\"https:\/\/megamo.eu\/pl\/\",\"logo\":{\"@type\":\"ImageObject\",\"inLanguage\":\"pl-PL\",\"@id\":\"https:\/\/megamo.eu\/pl\/#\/schema\/logo\/image\/\",\"url\":\"https:\/\/megamo.eu\/wp-content\/uploads\/2024\/02\/logo_small.png\",\"contentUrl\":\"https:\/\/megamo.eu\/wp-content\/uploads\/2024\/02\/logo_small.png\",\"width\":300,\"height\":113,\"caption\":\"Megamo\"},\"image\":{\"@id\":\"https:\/\/megamo.eu\/pl\/#\/schema\/logo\/image\/\"},\"sameAs\":[\"https:\/\/www.facebook.com\/megamoeu\",\"https:\/\/www.youtube.com\/@Megamo_en\"]}]}<\/script>\n<!-- \/ Yoast SEO Premium plugin. -->","yoast_head_json":{"title":"Program partnerski","description":"Do\u0142\u0105cz do nas jako Partner i daj mo\u017cliwo\u015b\u0107 swoim klientom na p\u0142ynn\u0105 integracj\u0119 ich sklepu z dowoln\u0105 hurtowni\u0105 za po\u015brednictwem naszego Integratora.","robots":{"index":"index","follow":"follow","max-snippet":"max-snippet:-1","max-image-preview":"max-image-preview:large","max-video-preview":"max-video-preview:-1"},"canonical":"https:\/\/megamo.eu\/pl\/program-partnerski\/","og_locale":"pl_PL","og_type":"article","og_title":"Program partnerski","og_description":"Do\u0142\u0105cz do nas jako Partner i daj mo\u017cliwo\u015b\u0107 swoim klientom na p\u0142ynn\u0105 integracj\u0119 ich sklepu z dowoln\u0105 hurtowni\u0105 za po\u015brednictwem naszego Integratora.","og_url":"https:\/\/megamo.eu\/pl\/program-partnerski\/","og_site_name":"megamo.eu","article_publisher":"https:\/\/www.facebook.com\/megamoeu","article_modified_time":"2024-05-29T13:00:49+00:00","twitter_card":"summary_large_image","twitter_misc":{"Szacowany czas czytania":"2 minuty"},"schema":{"@context":"https:\/\/schema.org","@graph":[{"@type":"WebPage","@id":"https:\/\/megamo.eu\/pl\/program-partnerski\/","url":"https:\/\/megamo.eu\/pl\/program-partnerski\/","name":"Program partnerski","isPartOf":{"@id":"https:\/\/megamo.eu\/pl\/#website"},"datePublished":"2024-02-23T09:34:03+00:00","dateModified":"2024-05-29T13:00:49+00:00","description":"Do\u0142\u0105cz do nas jako Partner i daj mo\u017cliwo\u015b\u0107 swoim klientom na p\u0142ynn\u0105 integracj\u0119 ich sklepu z dowoln\u0105 hurtowni\u0105 za po\u015brednictwem naszego Integratora.","breadcrumb":{"@id":"https:\/\/megamo.eu\/pl\/program-partnerski\/#breadcrumb"},"inLanguage":"pl-PL","potentialAction":[{"@type":"ReadAction","target":["https:\/\/megamo.eu\/pl\/program-partnerski\/"]}]},{"@type":"BreadcrumbList","@id":"https:\/\/megamo.eu\/pl\/program-partnerski\/#breadcrumb","itemListElement":[{"@type":"ListItem","position":1,"name":"Home","item":"https:\/\/megamo.eu\/pl\/"},{"@type":"ListItem","position":2,"name":"Program partnerski"}]},{"@type":"WebSite","@id":"https:\/\/megamo.eu\/pl\/#website","url":"https:\/\/megamo.eu\/pl\/","name":"megamo.eu","description":"megamo.eu","publisher":{"@id":"https:\/\/megamo.eu\/pl\/#organization"},"potentialAction":[{"@type":"SearchAction","target":{"@type":"EntryPoint","urlTemplate":"https:\/\/megamo.eu\/pl\/?s={search_term_string}"},"query-input":{"@type":"PropertyValueSpecification","valueRequired":true,"valueName":"search_term_string"}}],"inLanguage":"pl-PL"},{"@type":"Organization","@id":"https:\/\/megamo.eu\/pl\/#organization","name":"Megamo","alternateName":"mgo","url":"https:\/\/megamo.eu\/pl\/","logo":{"@type":"ImageObject","inLanguage":"pl-PL","@id":"https:\/\/megamo.eu\/pl\/#\/schema\/logo\/image\/","url":"https:\/\/megamo.eu\/wp-content\/uploads\/2024\/02\/logo_small.png","contentUrl":"https:\/\/megamo.eu\/wp-content\/uploads\/2024\/02\/logo_small.png","width":300,"height":113,"caption":"Megamo"},"image":{"@id":"https:\/\/megamo.eu\/pl\/#\/schema\/logo\/image\/"},"sameAs":["https:\/\/www.facebook.com\/megamoeu","https:\/\/www.youtube.com\/@Megamo_en"]}]}},"_links":{"self":[{"href":"https:\/\/megamo.eu\/pl\/wp-json\/wp\/v2\/pages\/2736"}],"collection":[{"href":"https:\/\/megamo.eu\/pl\/wp-json\/wp\/v2\/pages"}],"about":[{"href":"https:\/\/megamo.eu\/pl\/wp-json\/wp\/v2\/types\/page"}],"author":[{"embeddable":true,"href":"https:\/\/megamo.eu\/pl\/wp-json\/wp\/v2\/users\/2"}],"replies":[{"embeddable":true,"href":"https:\/\/megamo.eu\/pl\/wp-json\/wp\/v2\/comments?post=2736"}],"version-history":[{"count":4,"href":"https:\/\/megamo.eu\/pl\/wp-json\/wp\/v2\/pages\/2736\/revisions"}],"predecessor-version":[{"id":2741,"href":"https:\/\/megamo.eu\/pl\/wp-json\/wp\/v2\/pages\/2736\/revisions\/2741"}],"wp:attachment":[{"href":"https:\/\/megamo.eu\/pl\/wp-json\/wp\/v2\/media?parent=2736"}],"curies":[{"name":"wp","href":"https:\/\/api.w.org\/{rel}","templated":true}]}}