{"id":2732,"date":"2024-02-20T15:40:35","date_gmt":"2024-02-20T14:40:35","guid":{"rendered":"https:\/\/megamo.eu\/contact-info\/"},"modified":"2025-08-05T11:33:34","modified_gmt":"2025-08-05T09:33:34","slug":"kontakt","status":"publish","type":"page","link":"https:\/\/megamo.eu\/pl\/kontakt\/","title":{"rendered":"Kontakt"},"content":{"rendered":"\n\t<div id=\"gap-794675629\" class=\"gap-element clearfix\" style=\"display:block; height:auto;\">\n\t\t\n<style>\n#gap-794675629 {\n  padding-top: 60px;\n}\n<\/style>\n\t<\/div>\n\t\n\n\t<section class=\"section\" id=\"section_1674118674\">\n\t\t<div class=\"bg section-bg fill bg-fill  bg-loaded\" >\n\n\t\t\t\n\t\t\t\n\t\t\t\n\n\t\t<\/div>\n\n\t\t\n\n\t\t<div class=\"section-content relative\">\n\t\t\t\n\n<div class=\"row\"  id=\"row-53895279\">\n\n\n\t<div id=\"col-868555497\" class=\"col medium-8 small-12 large-8 col-divided\"  >\n\t\t\t\t<div class=\"col-inner\"  >\n\t\t\t\n\t\t\t\n\n<h1>Kontakt z nami<\/h1>\n\n<div class=\"is-divider divider clearfix\" ><\/div>\n\n\n\n<script type=\"text\/javascript\" src=\"\/\/ma.megamo.pl\/form\/generate.js?id=16\"><\/script>\n\n\n\t\t<\/div>\n\t\t\t\t\t<\/div>\n\n\t\n\n\t<div id=\"col-1492130335\" class=\"col medium-4 small-12 large-4\"  >\n\t\t\t\t<div class=\"col-inner\"  >\n\t\t\t\n\t\t\t\n\n<h3>Informacje o sklepie<\/h3>\n\n<div class=\"is-divider divider clearfix\" ><\/div>\n\n<p style=\"color: #888888; padding: 2px 0; margin-bottom: 0px;\"><i class=\"icon-map-pin-fill\" style=\"color: #414141;\"><\/i> Gda\u0144sk<\/p>\n<p style=\"padding: 2px 0; margin-bottom: 0px;\"><i class=\"icon-envelop\" style=\"color: #414141;\"><\/i> <a href=\"mailto:biuro@megamo.pl\">biuro@megamo.pl<\/a><\/p>\n<p style=\"padding: 2px 0; margin-bottom: 1em;\"><i class=\"icon-phone\" style=\"color: #414141;\"><\/i> <a href=\"tel:+48 696 107 507\">+48 696 107 507<\/a><\/p>\n\n<div class=\"social-icons follow-icons\" ><a href=\"https:\/\/www.facebook.com\/megamopl\" target=\"_blank\" data-label=\"Facebook\" class=\"icon button circle is-outline facebook tooltip\" title=\"Follow on Facebook\" aria-label=\"Follow on Facebook\" rel=\"noopener nofollow\" ><i class=\"icon-facebook\" ><\/i><\/a><a href=\"https:\/\/www.youtube.com\/@Megamo_pl\" data-label=\"YouTube\" target=\"_blank\" class=\"icon button circle is-outline youtube tooltip\" title=\"Follow on YouTube\" aria-label=\"Follow on YouTube\" rel=\"noopener nofollow\" ><i class=\"icon-youtube\" ><\/i><\/a><\/div>\n\n<p style=\"margin: 0px;\"><a style=\"border-bottom: 1px solid #fe5e08; padding-bottom: 6px;\" href=\"#newsletter-show\">Zapisz si\u0119 do newslettera<\/a><\/p>\n\n\n\t<div id=\"newsletter-show\"\n\t     class=\"lightbox-by-id lightbox-content mfp-hide lightbox-white \"\n\t     style=\"max-width:1000px ;padding:0px\">\n\t\t\t<section class=\"section\" id=\"section_289671379\">\n\t\t<div class=\"bg section-bg fill bg-fill  bg-loaded\" >\n\n\t\t\t\n\t\t\t\n\t\t\t\n\n\t\t<\/div>\n\n\t\t\n\n\t\t<div class=\"section-content relative\">\n\t\t\t\n\n<div class=\"row align-middle align-center\"  id=\"row-1857784950\">\n\n\n\t<div id=\"col-1303561287\" class=\"col medium-6 small-12 large-6\"  >\n\t\t\t\t<div class=\"col-inner text-center\"  >\n\t\t\t\n\t\t\t\n\n\t<div class=\"img has-hover x md-x lg-x y md-y lg-y\" id=\"image_808951764\">\n\t\t\t\t\t\t\t\t<div class=\"img-inner dark\" >\n\t\t\t<img loading=\"lazy\" decoding=\"async\" width=\"256\" height=\"256\" src=\"https:\/\/megamo.eu\/wp-content\/uploads\/2024\/02\/newsletter.webp\" class=\"attachment-original size-original\" alt=\"\" srcset=\"https:\/\/megamo.eu\/wp-content\/uploads\/2024\/02\/newsletter.webp 256w, https:\/\/megamo.eu\/wp-content\/uploads\/2024\/02\/newsletter-100x100.webp 100w\" sizes=\"(max-width: 256px) 100vw, 256px\" \/>\t\t\t\t\t\t\n\t\t\t\t\t<\/div>\n\t\t\t\t\t\t\t\t\n<style>\n#image_808951764 {\n  width: 70%;\n}\n<\/style>\n\t<\/div>\n\t\n\n\t<div id=\"text-2427497362\" class=\"text\">\n\t\t\n\n<h3>Zapisz si\u0119 do newslettera<\/h3>\r\n<h2>Otrzymaj kod rabatowy 20%<br >na pierwszy zakup<\/h2>\n\t\t\n<style>\n#text-2427497362 {\n  text-align: center;\n}\n<\/style>\n\t<\/div>\n\t\n\n\t\t<\/div>\n\t\t\t\t\n<style>\n#col-1303561287 > .col-inner {\n  padding: 30px 30px 30px 30px;\n}\n<\/style>\n\t<\/div>\n\n\t\n\n\t<div id=\"col-1292356587\" class=\"col medium-6 small-12 large-6\"  >\n\t\t\t\t<div class=\"col-inner\"  >\n\t\t\t\n\t\t\t\n\n\n\n<script type=\"text\/javascript\" src=\"\/\/ma.megamo.pl\/form\/generate.js?id=15\"><\/script>\n\n\n\t\t<\/div>\n\t\t\t\t\n<style>\n#col-1292356587 > .col-inner {\n  padding: 30px 30px 30px 30px;\n}\n<\/style>\n\t<\/div>\n\n\t\n\n<\/div>\n<div class=\"row\"  id=\"row-172212662\">\n\n\n\t<div id=\"col-1173151842\" class=\"col small-12 large-12\"  >\n\t\t\t\t<div class=\"col-inner\" style=\"background-color:rgb(34, 34, 34);\" >\n\t\t\t\n\t\t\t\n\n\t<div id=\"text-672680317\" class=\"text\">\n\t\t\n\n<p style=\"color: #ffffff; text-transform: uppercase; margin: 0px; padding-top: 40px;\"><b>Mo\u017cesz zrezygnowa\u0107 w dowolnym momencie<\/b><\/p>\n<p style=\"margin: 0px; padding-bottom: 40px;\"><a href=\"https:\/\/megamo.eu\/pl\/regulamin-newsletter\/\" target=\"_blank\" rel=\"noopener\">Regulamin i polityka prywatno\u015bci<\/a><\/p>\n\n\t\t\n<style>\n#text-672680317 {\n  text-align: center;\n}\n<\/style>\n\t<\/div>\n\t\n\n\t\t<\/div>\n\t\t\t\t\n<style>\n#col-1173151842 > .col-inner {\n  margin: 0px 0px -30px 0px;\n}\n<\/style>\n\t<\/div>\n\n\t\n\n<\/div>\n\n\t\t<\/div>\n\n\t\t\n<style>\n#section_289671379 {\n  padding-top: 0px;\n  padding-bottom: 0px;\n  background-color: rgb(246, 246, 246);\n}\n<\/style>\n\t<\/section>\n\t\t<\/div>\n\t\n\t\n\n\n\n\t\t<\/div>\n\t\t\t\t\t<\/div>\n\n\t\n\n<\/div>\n\n\t\t<\/div>\n\n\t\t\n<style>\n#section_1674118674 {\n  padding-top: 30px;\n  padding-bottom: 30px;\n}\n<\/style>\n\t<\/section>\n\t\n\t<div id=\"gap-59590811\" class=\"gap-element clearfix\" style=\"display:block; height:auto;\">\n\t\t\n<style>\n#gap-59590811 {\n  padding-top: 60px;\n}\n<\/style>\n\t<\/div>\n\t\n\n\n","protected":false},"excerpt":{"rendered":"","protected":false},"author":2,"featured_media":0,"parent":0,"menu_order":0,"comment_status":"closed","ping_status":"closed","template":"","meta":{"_lmt_disableupdate":"","_lmt_disable":"","footnotes":""},"yoast_head":"<!-- This site is optimized with the Yoast SEO Premium plugin v21.8 (Yoast SEO v23.5) - https:\/\/yoast.com\/wordpress\/plugins\/seo\/ -->\n<title>Kontakt<\/title>\n<meta name=\"description\" content=\"Jeste\u015bmy tutaj, aby pom\u00f3c i odpowiedzie\u0107 na wszelkie pytania. Czekamy na wiadomo\u015b\u0107 od Ciebie!\" \/>\n<meta name=\"robots\" content=\"index, follow, max-snippet:-1, max-image-preview:large, max-video-preview:-1\" \/>\n<link rel=\"canonical\" href=\"https:\/\/megamo.eu\/pl\/kontakt\/\" \/>\n<meta property=\"og:locale\" content=\"pl_PL\" \/>\n<meta property=\"og:type\" content=\"article\" \/>\n<meta property=\"og:title\" content=\"Kontakt\" \/>\n<meta property=\"og:description\" content=\"Jeste\u015bmy tutaj, aby pom\u00f3c i odpowiedzie\u0107 na wszelkie pytania. Czekamy na wiadomo\u015b\u0107 od Ciebie!\" \/>\n<meta property=\"og:url\" content=\"https:\/\/megamo.eu\/pl\/kontakt\/\" \/>\n<meta property=\"og:site_name\" content=\"megamo.eu\" \/>\n<meta property=\"article:publisher\" content=\"https:\/\/www.facebook.com\/megamoeu\" \/>\n<meta property=\"article:modified_time\" content=\"2025-08-05T09:33:34+00:00\" \/>\n<meta name=\"twitter:card\" content=\"summary_large_image\" \/>\n<meta name=\"twitter:label1\" content=\"Szacowany czas czytania\" \/>\n\t<meta name=\"twitter:data1\" content=\"1 minuta\" \/>\n<script type=\"application\/ld+json\" class=\"yoast-schema-graph\">{\"@context\":\"https:\/\/schema.org\",\"@graph\":[{\"@type\":\"WebPage\",\"@id\":\"https:\/\/megamo.eu\/pl\/kontakt\/\",\"url\":\"https:\/\/megamo.eu\/pl\/kontakt\/\",\"name\":\"Kontakt\",\"isPartOf\":{\"@id\":\"https:\/\/megamo.eu\/pl\/#website\"},\"datePublished\":\"2024-02-20T14:40:35+00:00\",\"dateModified\":\"2025-08-05T09:33:34+00:00\",\"description\":\"Jeste\u015bmy tutaj, aby pom\u00f3c i odpowiedzie\u0107 na wszelkie pytania. Czekamy na wiadomo\u015b\u0107 od Ciebie!\",\"breadcrumb\":{\"@id\":\"https:\/\/megamo.eu\/pl\/kontakt\/#breadcrumb\"},\"inLanguage\":\"pl-PL\",\"potentialAction\":[{\"@type\":\"ReadAction\",\"target\":[\"https:\/\/megamo.eu\/pl\/kontakt\/\"]}]},{\"@type\":\"BreadcrumbList\",\"@id\":\"https:\/\/megamo.eu\/pl\/kontakt\/#breadcrumb\",\"itemListElement\":[{\"@type\":\"ListItem\",\"position\":1,\"name\":\"Home\",\"item\":\"https:\/\/megamo.eu\/pl\/\"},{\"@type\":\"ListItem\",\"position\":2,\"name\":\"Kontakt\"}]},{\"@type\":\"WebSite\",\"@id\":\"https:\/\/megamo.eu\/pl\/#website\",\"url\":\"https:\/\/megamo.eu\/pl\/\",\"name\":\"megamo.eu\",\"description\":\"megamo.eu\",\"publisher\":{\"@id\":\"https:\/\/megamo.eu\/pl\/#organization\"},\"potentialAction\":[{\"@type\":\"SearchAction\",\"target\":{\"@type\":\"EntryPoint\",\"urlTemplate\":\"https:\/\/megamo.eu\/pl\/?s={search_term_string}\"},\"query-input\":{\"@type\":\"PropertyValueSpecification\",\"valueRequired\":true,\"valueName\":\"search_term_string\"}}],\"inLanguage\":\"pl-PL\"},{\"@type\":\"Organization\",\"@id\":\"https:\/\/megamo.eu\/pl\/#organization\",\"name\":\"Megamo\",\"alternateName\":\"mgo\",\"url\":\"https:\/\/megamo.eu\/pl\/\",\"logo\":{\"@type\":\"ImageObject\",\"inLanguage\":\"pl-PL\",\"@id\":\"https:\/\/megamo.eu\/pl\/#\/schema\/logo\/image\/\",\"url\":\"https:\/\/megamo.eu\/wp-content\/uploads\/2024\/02\/logo_small.png\",\"contentUrl\":\"https:\/\/megamo.eu\/wp-content\/uploads\/2024\/02\/logo_small.png\",\"width\":300,\"height\":113,\"caption\":\"Megamo\"},\"image\":{\"@id\":\"https:\/\/megamo.eu\/pl\/#\/schema\/logo\/image\/\"},\"sameAs\":[\"https:\/\/www.facebook.com\/megamoeu\",\"https:\/\/www.youtube.com\/@Megamo_en\"]}]}<\/script>\n<!-- \/ Yoast SEO Premium plugin. -->","yoast_head_json":{"title":"Kontakt","description":"Jeste\u015bmy tutaj, aby pom\u00f3c i odpowiedzie\u0107 na wszelkie pytania. Czekamy na wiadomo\u015b\u0107 od Ciebie!","robots":{"index":"index","follow":"follow","max-snippet":"max-snippet:-1","max-image-preview":"max-image-preview:large","max-video-preview":"max-video-preview:-1"},"canonical":"https:\/\/megamo.eu\/pl\/kontakt\/","og_locale":"pl_PL","og_type":"article","og_title":"Kontakt","og_description":"Jeste\u015bmy tutaj, aby pom\u00f3c i odpowiedzie\u0107 na wszelkie pytania. Czekamy na wiadomo\u015b\u0107 od Ciebie!","og_url":"https:\/\/megamo.eu\/pl\/kontakt\/","og_site_name":"megamo.eu","article_publisher":"https:\/\/www.facebook.com\/megamoeu","article_modified_time":"2025-08-05T09:33:34+00:00","twitter_card":"summary_large_image","twitter_misc":{"Szacowany czas czytania":"1 minuta"},"schema":{"@context":"https:\/\/schema.org","@graph":[{"@type":"WebPage","@id":"https:\/\/megamo.eu\/pl\/kontakt\/","url":"https:\/\/megamo.eu\/pl\/kontakt\/","name":"Kontakt","isPartOf":{"@id":"https:\/\/megamo.eu\/pl\/#website"},"datePublished":"2024-02-20T14:40:35+00:00","dateModified":"2025-08-05T09:33:34+00:00","description":"Jeste\u015bmy tutaj, aby pom\u00f3c i odpowiedzie\u0107 na wszelkie pytania. Czekamy na wiadomo\u015b\u0107 od Ciebie!","breadcrumb":{"@id":"https:\/\/megamo.eu\/pl\/kontakt\/#breadcrumb"},"inLanguage":"pl-PL","potentialAction":[{"@type":"ReadAction","target":["https:\/\/megamo.eu\/pl\/kontakt\/"]}]},{"@type":"BreadcrumbList","@id":"https:\/\/megamo.eu\/pl\/kontakt\/#breadcrumb","itemListElement":[{"@type":"ListItem","position":1,"name":"Home","item":"https:\/\/megamo.eu\/pl\/"},{"@type":"ListItem","position":2,"name":"Kontakt"}]},{"@type":"WebSite","@id":"https:\/\/megamo.eu\/pl\/#website","url":"https:\/\/megamo.eu\/pl\/","name":"megamo.eu","description":"megamo.eu","publisher":{"@id":"https:\/\/megamo.eu\/pl\/#organization"},"potentialAction":[{"@type":"SearchAction","target":{"@type":"EntryPoint","urlTemplate":"https:\/\/megamo.eu\/pl\/?s={search_term_string}"},"query-input":{"@type":"PropertyValueSpecification","valueRequired":true,"valueName":"search_term_string"}}],"inLanguage":"pl-PL"},{"@type":"Organization","@id":"https:\/\/megamo.eu\/pl\/#organization","name":"Megamo","alternateName":"mgo","url":"https:\/\/megamo.eu\/pl\/","logo":{"@type":"ImageObject","inLanguage":"pl-PL","@id":"https:\/\/megamo.eu\/pl\/#\/schema\/logo\/image\/","url":"https:\/\/megamo.eu\/wp-content\/uploads\/2024\/02\/logo_small.png","contentUrl":"https:\/\/megamo.eu\/wp-content\/uploads\/2024\/02\/logo_small.png","width":300,"height":113,"caption":"Megamo"},"image":{"@id":"https:\/\/megamo.eu\/pl\/#\/schema\/logo\/image\/"},"sameAs":["https:\/\/www.facebook.com\/megamoeu","https:\/\/www.youtube.com\/@Megamo_en"]}]}},"_links":{"self":[{"href":"https:\/\/megamo.eu\/pl\/wp-json\/wp\/v2\/pages\/2732"}],"collection":[{"href":"https:\/\/megamo.eu\/pl\/wp-json\/wp\/v2\/pages"}],"about":[{"href":"https:\/\/megamo.eu\/pl\/wp-json\/wp\/v2\/types\/page"}],"author":[{"embeddable":true,"href":"https:\/\/megamo.eu\/pl\/wp-json\/wp\/v2\/users\/2"}],"replies":[{"embeddable":true,"href":"https:\/\/megamo.eu\/pl\/wp-json\/wp\/v2\/comments?post=2732"}],"version-history":[{"count":3,"href":"https:\/\/megamo.eu\/pl\/wp-json\/wp\/v2\/pages\/2732\/revisions"}],"predecessor-version":[{"id":2735,"href":"https:\/\/megamo.eu\/pl\/wp-json\/wp\/v2\/pages\/2732\/revisions\/2735"}],"wp:attachment":[{"href":"https:\/\/megamo.eu\/pl\/wp-json\/wp\/v2\/media?parent=2732"}],"curies":[{"name":"wp","href":"https:\/\/api.w.org\/{rel}","templated":true}]}}