{"id":2721,"date":"2024-02-28T11:16:04","date_gmt":"2024-02-28T10:16:04","guid":{"rendered":"https:\/\/megamo.eu\/newsletter-terms-and-conditions\/"},"modified":"2025-08-05T12:43:23","modified_gmt":"2025-08-05T10:43:23","slug":"regulamin-newsletter","status":"publish","type":"page","link":"https:\/\/megamo.eu\/pl\/regulamin-newsletter\/","title":{"rendered":"Regulamin newsletter"},"content":{"rendered":"\n\t<div id=\"gap-258816401\" class=\"gap-element clearfix\" style=\"display:block; height:auto;\">\n\t\t\n<style>\n#gap-258816401 {\n  padding-top: 60px;\n}\n<\/style>\n\t<\/div>\n\t\n\n\t<section class=\"section\" id=\"section_1799065393\">\n\t\t<div class=\"bg section-bg fill bg-fill  bg-loaded\" >\n\n\t\t\t\n\t\t\t\n\t\t\t\n\n\t\t<\/div>\n\n\t\t\n\n\t\t<div class=\"section-content relative\">\n\t\t\t\n\n<div class=\"row\"  id=\"row-131142190\">\n\n\n\t<div id=\"col-821746035\" class=\"col small-12 large-12\"  >\n\t\t\t\t<div class=\"col-inner\"  >\n\t\t\t\n\t\t\t\n\n\t<div id=\"text-3155194541\" class=\"text\">\n\t\t\n\n<h1>Cel, w jakim przetwarzane s\u0105 Twoje dane:<br \/>\n<\/h1>\n\t\t\n<style>\n#text-3155194541 {\n  font-size: 1.3rem;\n}\n<\/style>\n\t<\/div>\n\t\n<p>Twoje dane s\u0105 lub mog\u0105 by\u0107 przetwarzane w celach oraz na podstawach wskazanych szczeg\u00f3\u0142owo w polityce prywatno\u015bci, takich, jak np:<\/p>\n<ul>\n<li>realizacja umowy<\/li>\n<li>realizacja Twoich uprawnie\u0144 wynikaj\u0105cych z Umowy w zakresie reklamacji<\/li>\n<li>udzielenie odpowiedzi na zapytanie przes\u0142ane do Megamo<\/li>\n<li>przesy\u0142anie Tobie tre\u015bci informacyjnych, marketingowych albo wys\u0142anie zaproszenia do wyra\u017cenia opinii na temat Us\u0142ug \u015bwiadczonych przez Megamo Polityka prywatno\u015bci zawiera pe\u0142n\u0105 informacj\u0119 na temat przetwarzania danych przez administratora wraz z prawami przys\u0142uguj\u0105cymi osobie, kt\u00f3rej dane dotycz\u0105.<\/li>\n<\/ul>\n<p>Poni\u017cej link do og\u00f3lnych warunk\u00f3w \u015bwiadczenia us\u0142ug wraz z polityk\u0105 prywatno\u015bci:<\/p>\n<p><a href=\"https:\/\/megamo.eu\/pl\/regulamin-i-polityka-prywatnosci\/\">https:\/\/megamo.eu\/pl\/regulamin-i-polityka-prywatnosci\/<\/a><\/p>\n<p>Kto jest administratorem twoich danych osobowych: Administratorem Twoich danych osobowych zbieranych za po\u015brednictwem strony internetowej jest Us\u0142ugodawca &#8211; firma COMO, ul. Stanis\u0142awa Hebanowskiego 89a\/5, 80-766 Gda\u0144sk, NIP 8392907896, REGON: 383785814.<\/p>\n<p>Szybki kontakt z administratorem danych osobowych: <a href=\"#contact-form\">biuro@megamo.pl<\/a> lub tel: <a href=\"tel:+48 696 107 507\">+48 696 107 507<\/a>.<\/p>\n<p>Podstawa prawna Twoje dane osobowe przetwarzane s\u0105 przez Us\u0142ugodawc\u0119 zgodnie z obowi\u0105zuj\u0105cymi przepisami prawa, w szczeg\u00f3lno\u015bci zgodnie z rozporz\u0105dzeniem Parlamentu Europejskiego i Rady (UE) 2016\/679 z dnia 27 kwietnia 2016 r. w sprawie ochrony os\u00f3b fizycznych w zwi\u0105zku z przetwarzaniem danych osobowych i w sprawie swobodnego przep\u0142ywu takich danych oraz uchylenia dyrektywy 95\/46\/WE (og\u00f3lne rozporz\u0105dzenie o ochronie danych) \u2013 zwanym te\u017c <b>\u201eRODO\u201d<\/b> lub <b>\u201eRozporz\u0105dzeniem RODO\u201d<\/b>.<\/p>\n<p>Przetwarzanie Twoich danych w celach informacyjnych oraz marketingowych: W celach informacyjnych oraz marketingowych przetwarzany b\u0119dzie Tw\u00f3j adres email. Wyra\u017cenie zgody na przetwarzanie Twojego adresu email jest dobrowolne. <b>Masz prawo cofni\u0119cia zgody w dowolnym momencie<\/b> bez wp\u0142ywu na zgodno\u015b\u0107 z prawem przetwarzania, kt\u00f3rego dokonano na podstawie zgody przed jej cofni\u0119ciem. Masz prawo dost\u0119pu do tre\u015bci swoich danych i ich sprostowania, usuni\u0119cia, ograniczenia przetwarzania, oraz prawo do przenoszenia danych na zasadach zawartych w polityce prywatno\u015bci. Dane osobowe na stronie internetowej przetwarzane s\u0105 zgodnie z polityk\u0105 prywatno\u015bci. Zach\u0119camy do zapoznania si\u0119 z polityk\u0105 przed wyra\u017ceniem zgody.<\/p>\n\n\n\t\t<\/div>\n\t\t\t\t\t<\/div>\n\n\t\n\n<\/div>\n\n\t\t<\/div>\n\n\t\t\n<style>\n#section_1799065393 {\n  padding-top: 30px;\n  padding-bottom: 30px;\n}\n<\/style>\n\t<\/section>\n\t\n\t<div id=\"gap-915465799\" class=\"gap-element clearfix\" style=\"display:block; height:auto;\">\n\t\t\n<style>\n#gap-915465799 {\n  padding-top: 60px;\n}\n<\/style>\n\t<\/div>\n\t\n\n\n","protected":false},"excerpt":{"rendered":"","protected":false},"author":2,"featured_media":0,"parent":0,"menu_order":0,"comment_status":"closed","ping_status":"closed","template":"","meta":{"_lmt_disableupdate":"","_lmt_disable":"","footnotes":""},"yoast_head":"<!-- This site is optimized with the Yoast SEO Premium plugin v21.8 (Yoast SEO v23.5) - https:\/\/yoast.com\/wordpress\/plugins\/seo\/ -->\n<title>Regulamin newsletter<\/title>\n<meta name=\"description\" content=\"Regulamin newslettera dla klient\u00f3w Megamo.\" \/>\n<meta name=\"robots\" content=\"index, follow, max-snippet:-1, max-image-preview:large, max-video-preview:-1\" \/>\n<link rel=\"canonical\" href=\"https:\/\/megamo.eu\/pl\/regulamin-newsletter\/\" \/>\n<meta property=\"og:locale\" content=\"pl_PL\" \/>\n<meta property=\"og:type\" content=\"article\" \/>\n<meta property=\"og:title\" content=\"Regulamin newsletter\" \/>\n<meta property=\"og:description\" content=\"Regulamin newslettera dla klient\u00f3w Megamo.\" \/>\n<meta property=\"og:url\" content=\"https:\/\/megamo.eu\/pl\/regulamin-newsletter\/\" \/>\n<meta property=\"og:site_name\" content=\"megamo.eu\" \/>\n<meta property=\"article:publisher\" content=\"https:\/\/www.facebook.com\/megamoeu\" \/>\n<meta property=\"article:modified_time\" content=\"2025-08-05T10:43:23+00:00\" \/>\n<meta name=\"twitter:card\" content=\"summary_large_image\" \/>\n<meta name=\"twitter:label1\" content=\"Szacowany czas czytania\" \/>\n\t<meta name=\"twitter:data1\" content=\"3 minuty\" \/>\n<script type=\"application\/ld+json\" class=\"yoast-schema-graph\">{\"@context\":\"https:\/\/schema.org\",\"@graph\":[{\"@type\":\"WebPage\",\"@id\":\"https:\/\/megamo.eu\/pl\/regulamin-newsletter\/\",\"url\":\"https:\/\/megamo.eu\/pl\/regulamin-newsletter\/\",\"name\":\"Regulamin newsletter\",\"isPartOf\":{\"@id\":\"https:\/\/megamo.eu\/pl\/#website\"},\"datePublished\":\"2024-02-28T10:16:04+00:00\",\"dateModified\":\"2025-08-05T10:43:23+00:00\",\"description\":\"Regulamin newslettera dla klient\u00f3w Megamo.\",\"breadcrumb\":{\"@id\":\"https:\/\/megamo.eu\/pl\/regulamin-newsletter\/#breadcrumb\"},\"inLanguage\":\"pl-PL\",\"potentialAction\":[{\"@type\":\"ReadAction\",\"target\":[\"https:\/\/megamo.eu\/pl\/regulamin-newsletter\/\"]}]},{\"@type\":\"BreadcrumbList\",\"@id\":\"https:\/\/megamo.eu\/pl\/regulamin-newsletter\/#breadcrumb\",\"itemListElement\":[{\"@type\":\"ListItem\",\"position\":1,\"name\":\"Home\",\"item\":\"https:\/\/megamo.eu\/pl\/\"},{\"@type\":\"ListItem\",\"position\":2,\"name\":\"Regulamin newsletter\"}]},{\"@type\":\"WebSite\",\"@id\":\"https:\/\/megamo.eu\/pl\/#website\",\"url\":\"https:\/\/megamo.eu\/pl\/\",\"name\":\"megamo.eu\",\"description\":\"megamo.eu\",\"publisher\":{\"@id\":\"https:\/\/megamo.eu\/pl\/#organization\"},\"potentialAction\":[{\"@type\":\"SearchAction\",\"target\":{\"@type\":\"EntryPoint\",\"urlTemplate\":\"https:\/\/megamo.eu\/pl\/?s={search_term_string}\"},\"query-input\":{\"@type\":\"PropertyValueSpecification\",\"valueRequired\":true,\"valueName\":\"search_term_string\"}}],\"inLanguage\":\"pl-PL\"},{\"@type\":\"Organization\",\"@id\":\"https:\/\/megamo.eu\/pl\/#organization\",\"name\":\"Megamo\",\"alternateName\":\"mgo\",\"url\":\"https:\/\/megamo.eu\/pl\/\",\"logo\":{\"@type\":\"ImageObject\",\"inLanguage\":\"pl-PL\",\"@id\":\"https:\/\/megamo.eu\/pl\/#\/schema\/logo\/image\/\",\"url\":\"https:\/\/megamo.eu\/wp-content\/uploads\/2024\/02\/logo_small.png\",\"contentUrl\":\"https:\/\/megamo.eu\/wp-content\/uploads\/2024\/02\/logo_small.png\",\"width\":300,\"height\":113,\"caption\":\"Megamo\"},\"image\":{\"@id\":\"https:\/\/megamo.eu\/pl\/#\/schema\/logo\/image\/\"},\"sameAs\":[\"https:\/\/www.facebook.com\/megamoeu\",\"https:\/\/www.youtube.com\/@Megamo_en\"]}]}<\/script>\n<!-- \/ Yoast SEO Premium plugin. -->","yoast_head_json":{"title":"Regulamin newsletter","description":"Regulamin newslettera dla klient\u00f3w Megamo.","robots":{"index":"index","follow":"follow","max-snippet":"max-snippet:-1","max-image-preview":"max-image-preview:large","max-video-preview":"max-video-preview:-1"},"canonical":"https:\/\/megamo.eu\/pl\/regulamin-newsletter\/","og_locale":"pl_PL","og_type":"article","og_title":"Regulamin newsletter","og_description":"Regulamin newslettera dla klient\u00f3w Megamo.","og_url":"https:\/\/megamo.eu\/pl\/regulamin-newsletter\/","og_site_name":"megamo.eu","article_publisher":"https:\/\/www.facebook.com\/megamoeu","article_modified_time":"2025-08-05T10:43:23+00:00","twitter_card":"summary_large_image","twitter_misc":{"Szacowany czas czytania":"3 minuty"},"schema":{"@context":"https:\/\/schema.org","@graph":[{"@type":"WebPage","@id":"https:\/\/megamo.eu\/pl\/regulamin-newsletter\/","url":"https:\/\/megamo.eu\/pl\/regulamin-newsletter\/","name":"Regulamin newsletter","isPartOf":{"@id":"https:\/\/megamo.eu\/pl\/#website"},"datePublished":"2024-02-28T10:16:04+00:00","dateModified":"2025-08-05T10:43:23+00:00","description":"Regulamin newslettera dla klient\u00f3w Megamo.","breadcrumb":{"@id":"https:\/\/megamo.eu\/pl\/regulamin-newsletter\/#breadcrumb"},"inLanguage":"pl-PL","potentialAction":[{"@type":"ReadAction","target":["https:\/\/megamo.eu\/pl\/regulamin-newsletter\/"]}]},{"@type":"BreadcrumbList","@id":"https:\/\/megamo.eu\/pl\/regulamin-newsletter\/#breadcrumb","itemListElement":[{"@type":"ListItem","position":1,"name":"Home","item":"https:\/\/megamo.eu\/pl\/"},{"@type":"ListItem","position":2,"name":"Regulamin newsletter"}]},{"@type":"WebSite","@id":"https:\/\/megamo.eu\/pl\/#website","url":"https:\/\/megamo.eu\/pl\/","name":"megamo.eu","description":"megamo.eu","publisher":{"@id":"https:\/\/megamo.eu\/pl\/#organization"},"potentialAction":[{"@type":"SearchAction","target":{"@type":"EntryPoint","urlTemplate":"https:\/\/megamo.eu\/pl\/?s={search_term_string}"},"query-input":{"@type":"PropertyValueSpecification","valueRequired":true,"valueName":"search_term_string"}}],"inLanguage":"pl-PL"},{"@type":"Organization","@id":"https:\/\/megamo.eu\/pl\/#organization","name":"Megamo","alternateName":"mgo","url":"https:\/\/megamo.eu\/pl\/","logo":{"@type":"ImageObject","inLanguage":"pl-PL","@id":"https:\/\/megamo.eu\/pl\/#\/schema\/logo\/image\/","url":"https:\/\/megamo.eu\/wp-content\/uploads\/2024\/02\/logo_small.png","contentUrl":"https:\/\/megamo.eu\/wp-content\/uploads\/2024\/02\/logo_small.png","width":300,"height":113,"caption":"Megamo"},"image":{"@id":"https:\/\/megamo.eu\/pl\/#\/schema\/logo\/image\/"},"sameAs":["https:\/\/www.facebook.com\/megamoeu","https:\/\/www.youtube.com\/@Megamo_en"]}]}},"_links":{"self":[{"href":"https:\/\/megamo.eu\/pl\/wp-json\/wp\/v2\/pages\/2721"}],"collection":[{"href":"https:\/\/megamo.eu\/pl\/wp-json\/wp\/v2\/pages"}],"about":[{"href":"https:\/\/megamo.eu\/pl\/wp-json\/wp\/v2\/types\/page"}],"author":[{"embeddable":true,"href":"https:\/\/megamo.eu\/pl\/wp-json\/wp\/v2\/users\/2"}],"replies":[{"embeddable":true,"href":"https:\/\/megamo.eu\/pl\/wp-json\/wp\/v2\/comments?post=2721"}],"version-history":[{"count":4,"href":"https:\/\/megamo.eu\/pl\/wp-json\/wp\/v2\/pages\/2721\/revisions"}],"predecessor-version":[{"id":3876,"href":"https:\/\/megamo.eu\/pl\/wp-json\/wp\/v2\/pages\/2721\/revisions\/3876"}],"wp:attachment":[{"href":"https:\/\/megamo.eu\/pl\/wp-json\/wp\/v2\/media?parent=2721"}],"curies":[{"name":"wp","href":"https:\/\/api.w.org\/{rel}","templated":true}]}}