{"id":18716,"date":"2024-07-25T10:07:51","date_gmt":"2024-07-25T08:07:51","guid":{"rendered":"https:\/\/megamo.eu\/case-studies\/importing-selected-supplier-categories-into-megamo-integrator\/"},"modified":"2025-08-05T11:51:44","modified_gmt":"2025-08-05T09:51:44","slug":"import-wybranych-kategorii-hurtowni-do-integratora-megamo","status":"publish","type":"page","link":"https:\/\/megamo.eu\/pl\/case-studies\/import-wybranych-kategorii-hurtowni-do-integratora-megamo\/","title":{"rendered":"Import wybranych kategorii hurtowni do Integratora Megamo"},"content":{"rendered":"\n\t<section class=\"section\" id=\"section_101429994\">\n\t\t<div class=\"bg section-bg fill bg-fill  bg-loaded\" >\n\n\t\t\t\n\t\t\t\n\t\t\t\n\n\t\t<\/div>\n\n\t\t\n\n\t\t<div class=\"section-content relative\">\n\t\t\t\n\n<div class=\"row row-collapse row-full-width row-divided\"  id=\"row-816652695\">\n\n\n\t<div id=\"col-972398818\" class=\"col casestudiescol medium-2 small-12 large-2\"  >\n\t\t<div class=\"is-sticky-column\"><div class=\"is-sticky-column__inner\">\t\t<div class=\"col-inner\"  >\n\t\t\t\n\t\t\t\n\n\t<div id=\"gap-431997146\" class=\"gap-element clearfix\" style=\"display:block; height:auto;\">\n\t\t\n<style>\n#gap-431997146 {\n  padding-top: 60px;\n}\n<\/style>\n\t<\/div>\n\t\n\n\t<div id=\"text-3466503798\" class=\"text casestudieshead\">\n\t\t\n\n<h4 id=\"case_nav\">CASE STUDIES<\/h4>\n\t\t\t<\/div>\n\t\n<div class=\"nav-wrapper\"><ul class=\"nav casestudiesnav nav-uppercase nav-vertical nav-line text-left nav-left\"><p class=\"lead shortcode-error text-center\">Sorry, no pages was found<\/p><\/ul><\/div>\n\n\t<div id=\"gap-1893487775\" class=\"gap-element clearfix\" style=\"display:block; height:auto;\">\n\t\t\n<style>\n#gap-1893487775 {\n  padding-top: 60px;\n}\n<\/style>\n\t<\/div>\n\t\n\n\n\t\t<\/div>\n\t\t<\/div><\/div>\t\t\t<\/div>\n\n\t\n\n\t<div id=\"col-549556744\" class=\"col casestudiescol2 medium-10 small-12 large-10 small-col-first\"  >\n\t\t\t\t<div class=\"col-inner\"  >\n\t\t\t\n\t\t\t\n\n<div class=\"row row-collapse row-full-width row-divided\"  id=\"row-897523839\">\n\n\n\t<div id=\"col-1948134782\" class=\"col casestudiescol2 medium-9 small-12 large-9\"  >\n\t\t\t\t<div class=\"col-inner\"  >\n\t\t\t\n\t\t\t\n\n\t<div id=\"gap-1159976894\" class=\"gap-element clearfix\" style=\"display:block; height:auto;\">\n\t\t\n<style>\n#gap-1159976894 {\n  padding-top: 60px;\n}\n<\/style>\n\t<\/div>\n\t\n\n\t<div id=\"text-4235057977\" class=\"text show-for-small\">\n\t\t\n\n<p><a href=\"#case_nav\">scroll to navigation&ensp;<i class=\"icon-angle-down\"><\/i><\/a><\/p>\n\t\t\n<style>\n#text-4235057977 {\n  font-size: 0.8rem;\n  text-align: right;\n}\n<\/style>\n\t<\/div>\n\t\n<h1 class=\"entry-title\">Importing selected supplier categories into Megamo Integrator<\/h1>\n\t<div class=\"img has-hover casestudiesimg x md-x lg-x y md-y lg-y\" id=\"image_1190257531\">\n\t\t\t\t\t\t\t\t<div class=\"img-inner dark\" >\n\t\t\t<img loading=\"lazy\" decoding=\"async\" width=\"1200\" height=\"600\" src=\"https:\/\/megamo.eu\/wp-content\/uploads\/2024\/07\/limit_categories_case.webp\" class=\"attachment-original size-original\" alt=\"\" srcset=\"https:\/\/megamo.eu\/wp-content\/uploads\/2024\/07\/limit_categories_case.webp 1200w, https:\/\/megamo.eu\/wp-content\/uploads\/2024\/07\/limit_categories_case-800x400.webp 800w, https:\/\/megamo.eu\/wp-content\/uploads\/2024\/07\/limit_categories_case-768x384.webp 768w, https:\/\/megamo.eu\/wp-content\/uploads\/2024\/07\/limit_categories_case-600x300.webp 600w\" sizes=\"(max-width: 1200px) 100vw, 1200px\" \/>\t\t\t\t\t\t\n\t\t\t\t\t<\/div>\n\t\t\t\t\t\t\t\t\n<style>\n#image_1190257531 {\n  width: 100%;\n}\n<\/style>\n\t<\/div>\n\t\n\n\n\n<h3><i class=\"icon-clock\"><\/i>&ensp;2 min read<\/h3><div class=\"entry-divider is-divider small\"><\/div>\n\n\n\t\t<\/div>\n\t\t\t\t\t<\/div>\n\n\t\n\n\t<div id=\"col-1183893892\" class=\"col casestudiescol3 medium-3 small-12 large-3\"  >\n\t\t\t\t<div class=\"col-inner\"  >\n\t\t\t\n\t\t\t\n\n\n\t\t<\/div>\n\t\t\t\t\n<style>\n#col-1183893892 > .col-inner {\n  padding: 0px 0px 0px 20px;\n}\n<\/style>\n\t<\/div>\n\n\t\n\n\n<style>\n#row-897523839 > .col > .col-inner {\n  padding: 0px 20px 0px 20px;\n}\n<\/style>\n<\/div>\n<div class=\"row row-collapse row-full-width row-divided\"  id=\"row-1089858431\">\n\n\n\t<div id=\"col-209685177\" class=\"col casestudiescol2 medium-9 small-12 large-9\"  >\n\t\t\t\t<div class=\"col-inner\"  >\n\t\t\t\n\t\t\t\n\n<div class=\"row row-full-width casestudiesrowhs\"  id=\"row-1403811369\">\n\n\n\t<div id=\"col-580629887\" class=\"col casestudiehs small-12 large-12\"  >\n\t\t\t\t<div class=\"col-inner\" style=\"background-color:rgb(245, 245, 245);\" >\n\t\t\t\n\t\t\t\n\n\t<div id=\"text-1056929819\" class=\"text\">\n\t\t\n\n<h3 class=\"wp-block-heading\" style=\"margin: 0px;\">CHALLENGE<\/h3>\n<p style=\"margin: 0px; font-size: 0.8rem; color: #003049\">what we had to deal with<\/p>\n\t\t\n<style>\n#text-1056929819 {\n  color: rgb(0, 131, 193);\n}\n#text-1056929819 > * {\n  color: rgb(0, 131, 193);\n}\n<\/style>\n\t<\/div>\n\t\n\n\t\t<\/div>\n\t\t\t\t\n<style>\n#col-580629887 > .col-inner {\n  padding: 4px 20px 4px 20px;\n  border-radius: 8px;\n}\n<\/style>\n\t<\/div>\n\n\t\n\n<\/div>\n\t<div id=\"text-3290355944\" class=\"text\">\n\t\t\n\n<div style=\"padding-left: 10px;\">\n<div style=\"border-left: 3px #fe5e08 solid; padding-left: 20px;\">\n<p>As a company that integrates online stores with suppliers, we need to ensure that Megamo Integrator correctly identifies and processes the product files of different suppliers. The differences in how these files are delivered can be significant &#8211; from direct downloads via links, to requiring authorization, to complicated APIs. An additional challenge is when customers want to import only selected product categories, rather than the entire database of large wholesalers.<\/p>\n<\/div>\n<\/div>\n\t\t\n<style>\n#text-3290355944 {\n  font-size: 0.9rem;\n}\n<\/style>\n\t<\/div>\n\t\n<div class=\"row row-full-width casestudiesrowhs\"  id=\"row-1353745241\">\n\n\n\t<div id=\"col-1407112386\" class=\"col casestudiehs small-12 large-12\"  >\n\t\t\t\t<div class=\"col-inner\" style=\"background-color:rgb(245, 245, 245);\" >\n\t\t\t\n\t\t\t\n\n\t<div id=\"text-2880498008\" class=\"text\">\n\t\t\n\n<h3 class=\"wp-block-heading\" style=\"margin: 0px;\">SOLUTION<\/h3>\n<p style=\"margin: 0px; font-size: 0.8rem; color: #003049\">what idea we had<\/p>\n\t\t\n<style>\n#text-2880498008 {\n  text-align: left;\n  color: rgb(0, 131, 193);\n}\n#text-2880498008 > * {\n  color: rgb(0, 131, 193);\n}\n<\/style>\n\t<\/div>\n\t\n\n\t\t<\/div>\n\t\t\t\t\n<style>\n#col-1407112386 > .col-inner {\n  padding: 4px 20px 4px 20px;\n  border-radius: 8px;\n}\n<\/style>\n\t<\/div>\n\n\t\n\n<\/div>\n\t<div id=\"text-2000614564\" class=\"text\">\n\t\t\n\n<div style=\"padding-left: 10px;\">\n<div style=\"border-left: 3px #fe5e08 solid; padding-left: 20px\">\n<p>To meet this challenge, Megamo Integrator must be flexible and support different scenarios. For suppliers that offer an API with split product categories, we can prepare a script that supports their format and allow customers to select the categories they are interested in. For suppliers without such an API, we apply our own filtering, taking the entire product feed and processing it in such a way that the customer can display only products from the selected categories.<\/p>\n<\/div>\n<\/div>\n\t\t\n<style>\n#text-2000614564 {\n  font-size: 0.9rem;\n}\n<\/style>\n\t<\/div>\n\t\n<div class=\"row row-full-width casestudiesrowhs\"  id=\"row-1983625500\">\n\n\n\t<div id=\"col-1233793104\" class=\"col casestudiehs small-12 large-12\"  >\n\t\t\t\t<div class=\"col-inner text-left\" style=\"background-color:rgb(245, 245, 245);\" >\n\t\t\t\n\t\t\t\n\n\t<div id=\"text-2468336286\" class=\"text\">\n\t\t\n\n<h3 class=\"wp-block-heading\" style=\"margin: 0px;\">IMPLEMENTATION<\/h3>\n<p style=\"margin: 0px; font-size: 0.8rem; color: #003049\">how we solved the problem<\/p>\n\t\t\n<style>\n#text-2468336286 {\n  color: rgb(0, 131, 193);\n}\n#text-2468336286 > * {\n  color: rgb(0, 131, 193);\n}\n<\/style>\n\t<\/div>\n\t\n\n\t\t<\/div>\n\t\t\t\t\n<style>\n#col-1233793104 > .col-inner {\n  padding: 4px 20px 4px 20px;\n  border-radius: 8px;\n}\n<\/style>\n\t<\/div>\n\n\t\n\n<\/div>\n\n\t\t<\/div>\n\t\t\t\t\t<\/div>\n\n\t\n\n\t<div id=\"col-1989503379\" class=\"col casestudiescol3 medium-3 small-12 large-3\"  >\n\t\t\t\t<div class=\"col-inner\"  >\n\t\t\t\n\t\t\t\n\n\n\t\t<\/div>\n\t\t\t\t\t<\/div>\n\n\t\n\n\n<style>\n#row-1089858431 > .col > .col-inner {\n  padding: 0px 20px 0px 20px;\n}\n<\/style>\n<\/div>\n<div class=\"row row-collapse row-full-width row-divided\"  id=\"row-1810863331\">\n\n\n\t<div id=\"col-1024130828\" class=\"col casestudiescol2 medium-9 small-12 large-9\"  >\n\t\t\t\t<div class=\"col-inner\"  >\n\t\t\t\n\t\t\t\n\n\t<div id=\"text-3701424526\" class=\"text\">\n\t\t\n\n<div style=\"padding-left: 10px;\">\n<div style=\"border-left: 3px #fe5e08 solid; padding-left: 20px\">\n<p>1. <b>Supplier file parsing:<\/b> We create a base script to parse the warehouse file, supporting various data formats.<\/p>\n<p>2. <b>Integration with supplier API:<\/b><\/p>\n<p>&#8211; if the API allows retrieving products by category, the customer can select the categories of interest by ID,<br \/>&#8211; we give the customer two options: manually <u>enter the category ID*<\/u> or have us do it.<\/p>\n<p><b>File filtering:<\/b><\/p>\n<p>&#8211; for suppliers without an extensive API, we download the entire product feed,<br \/>&#8211; filter the data based on category IDs or category names to display only selected products in the integrator panel.<\/p>\n<\/div>\n<\/div>\n\t\t\n<style>\n#text-3701424526 {\n  font-size: 0.9rem;\n}\n<\/style>\n\t<\/div>\n\t\n\n\t\t<\/div>\n\t\t\t\t\n<style>\n#col-1024130828 > .col-inner {\n  padding: 0px 20px 0px 0px;\n}\n<\/style>\n\t<\/div>\n\n\t\n\n\t<div id=\"col-1677449032\" class=\"col casestudiescol3 medium-3 small-12 large-3\"  >\n\t\t\t\t<div class=\"col-inner text-center\"  >\n\t\t\t\n\t\t\t\n\n\t<div class=\"img has-hover casestudiesimg x md-x lg-x y md-y lg-y\" id=\"image_1775293531\">\n\t\t<a class=\"image-lightbox lightbox-gallery\" title=\"\" href=\"https:\/\/megamo.eu\/wp-content\/uploads\/2024\/07\/limit_list.webp\">\t\t\t\t\t\t<div class=\"img-inner image-fade-out dark\" >\n\t\t\t<img loading=\"lazy\" decoding=\"async\" width=\"686\" height=\"172\" src=\"https:\/\/megamo.eu\/wp-content\/uploads\/2024\/07\/limit_list.webp\" class=\"attachment-original size-original\" alt=\"\" srcset=\"https:\/\/megamo.eu\/wp-content\/uploads\/2024\/07\/limit_list.webp 686w, https:\/\/megamo.eu\/wp-content\/uploads\/2024\/07\/limit_list-600x150.webp 600w\" sizes=\"(max-width: 686px) 100vw, 686px\" \/>\t\t\t\t\t\t\n\t\t\t\t\t<\/div>\n\t\t\t\t\t\t<\/a>\t\t\n<style>\n#image_1775293531 {\n  width: 100%;\n}\n<\/style>\n\t<\/div>\n\t\n\n\t<div id=\"text-2023976675\" class=\"text\">\n\t\t\n\n<p font-size: 12px; margin-bottom: 1.3em;\"><i>Place to enter categories IDs<\/i><\/p>\n\t\t\n<style>\n#text-2023976675 {\n  font-size: 0.8rem;\n}\n<\/style>\n\t<\/div>\n\t\n\n\t\t<\/div>\n\t\t\t\t\n<style>\n#col-1677449032 > .col-inner {\n  padding: 0px 0px 0px 20px;\n}\n<\/style>\n\t<\/div>\n\n\t\n\n\n<style>\n#row-1810863331 > .col > .col-inner {\n  padding: 0px 20px 0px 20px;\n}\n<\/style>\n<\/div>\n<div class=\"row row-collapse row-full-width row-divided\"  id=\"row-1323562160\">\n\n\n\t<div id=\"col-722686766\" class=\"col casestudiescol2 medium-9 small-12 large-9\"  >\n\t\t\t\t<div class=\"col-inner\"  >\n\t\t\t\n\t\t\t\n\n<div class=\"row row-full-width casestudiesrowhs\"  id=\"row-326616033\">\n\n\n\t<div id=\"col-839255587\" class=\"col casestudiehs small-12 large-12\"  >\n\t\t\t\t<div class=\"col-inner\" style=\"background-color:rgb(245, 245, 245);\" >\n\t\t\t\n\t\t\t\n\n\t<div id=\"text-318458482\" class=\"text\">\n\t\t\n\n<h3 class=\"wp-block-heading\" style=\"margin: 0px;\">RESULT<\/h3>\n<p style=\"margin: 0px; font-size: 0.8rem; color: #003049\">what was the result of implementation<\/p>\n\t\t\n<style>\n#text-318458482 {\n  color: rgb(0, 131, 193);\n}\n#text-318458482 > * {\n  color: rgb(0, 131, 193);\n}\n<\/style>\n\t<\/div>\n\t\n\n\t\t<\/div>\n\t\t\t\t\n<style>\n#col-839255587 > .col-inner {\n  padding: 4px 20px 4px 20px;\n  border-radius: 8px;\n}\n<\/style>\n\t<\/div>\n\n\t\n\n<\/div>\n\t<div id=\"text-1344030429\" class=\"text\">\n\t\t\n\n<div style=\"padding-left: 10px;\">\n<div style=\"border-left: 3px #fe5e08 solid; padding-left: 20px\">\n<p>The customer receives a limited list of products from selected categories, which significantly simplifies the operation of the integrator. Thanks to this, adding products to the store is faster and more efficient, which in turn translates into greater user satisfaction.<\/p>\n<p>We have been asked for such a solution by customers who have integrations with AB, TIM suppliers.<\/p>\n<p><b>If you would also like to integrate with a larger supplier and would like to limit its products to specific categories, <a href=\"#contact-form\">contact us<\/a>.<\/b><\/p>\n<\/div>\n<\/div>\n\t\t\n<style>\n#text-1344030429 {\n  font-size: 0.9rem;\n}\n<\/style>\n\t<\/div>\n\t\n<div class=\"row row-full-width casestudiesrowhs\"  id=\"row-1385515034\">\n\n\n\t<div id=\"col-431174579\" class=\"col casestudiehs small-12 large-12\"  >\n\t\t\t\t<div class=\"col-inner\" style=\"background-color:rgb(245, 245, 245);\" >\n\t\t\t\n\t\t\t\n\n\t<div id=\"text-1649432815\" class=\"text\">\n\t\t\n\n<h3 class=\"wp-block-heading\" style=\"margin: 0px;\">CONCLUSIONS<\/h3>\n<p style=\"margin: 0px; font-size: 0.8rem; color: #003049\">lessons learned while solving the problem<\/p>\n\t\t\n<style>\n#text-1649432815 {\n  color: rgb(0, 131, 193);\n}\n#text-1649432815 > * {\n  color: rgb(0, 131, 193);\n}\n<\/style>\n\t<\/div>\n\t\n\n\t\t<\/div>\n\t\t\t\t\n<style>\n#col-431174579 > .col-inner {\n  padding: 4px 20px 4px 20px;\n  border-radius: 8px;\n}\n<\/style>\n\t<\/div>\n\n\t\n\n<\/div>\n\n\t\t<\/div>\n\t\t\t\t\n<style>\n#col-722686766 > .col-inner {\n  padding: 0px 20px 0px 0px;\n}\n<\/style>\n\t<\/div>\n\n\t\n\n\t<div id=\"col-822119218\" class=\"col casestudiescol3 medium-3 small-12 large-3\"  >\n\t\t\t\t<div class=\"col-inner text-center\"  >\n\t\t\t\n\t\t\t\n\n\n\t\t<\/div>\n\t\t\t\t\n<style>\n#col-822119218 > .col-inner {\n  padding: 0px 0px 0px 20px;\n}\n<\/style>\n\t<\/div>\n\n\t\n\n\n<style>\n#row-1323562160 > .col > .col-inner {\n  padding: 0px 20px 0px 20px;\n}\n<\/style>\n<\/div>\n<div class=\"row row-collapse row-full-width row-divided\"  id=\"row-543963662\">\n\n\n\t<div id=\"col-430046523\" class=\"col casestudiescol2 medium-9 small-12 large-9\"  >\n\t\t\t\t<div class=\"col-inner\"  >\n\t\t\t\n\t\t\t\n\n\t<div id=\"text-2332198257\" class=\"text\">\n\t\t\n\n<div style=\"padding-left: 10px;\">\n<div style=\"border-left: 3px #fe5e08 solid; padding-left: 20px\">\n<p>Adapting the integration system to support different types of product files and implementing filtering mechanisms allows us to be flexible to our customers&#8217; needs. This allows us to effectively manage integrations with large suppliers and meet the specific requirements of our users, which is key to remaining competitive in the market.<\/p>\n<p>If you don&#8217;t know what products to choose for dropshipping, we recommend reading our article: <u>Dropshipping \u2013 product selection*<\/u><\/p>\n<\/div>\n<\/div>\n\t\t\n<style>\n#text-2332198257 {\n  font-size: 0.9rem;\n}\n<\/style>\n\t<\/div>\n\t\n\t<div id=\"gap-1913269245\" class=\"gap-element clearfix hide-for-medium\" style=\"display:block; height:auto;\">\n\t\t\n<style>\n#gap-1913269245 {\n  padding-top: 60px;\n}\n<\/style>\n\t<\/div>\n\t\n\n\n\t\t<\/div>\n\t\t\t\t\n<style>\n#col-430046523 > .col-inner {\n  padding: 0px 20px 0px 0px;\n}\n<\/style>\n\t<\/div>\n\n\t\n\n\t<div id=\"col-16624843\" class=\"col casestudiescol3 medium-3 small-12 large-3\"  >\n\t\t\t\t<div class=\"col-inner text-center\"  >\n\t\t\t\n\t\t\t\n\n\t<div class=\"img has-hover casestudiesimg x md-x lg-x y md-y lg-y\" id=\"image_1263158061\">\n\t\t<a class=\"\" href=\"https:\/\/megamo.eu\/pl\/dropshipping-wybor-produktow\/\" target=\"_blank\" rel=\"noopener\" >\t\t\t\t\t\t<div class=\"img-inner image-fade-out dark\" >\n\t\t\t<img loading=\"lazy\" decoding=\"async\" width=\"2560\" height=\"1707\" src=\"https:\/\/megamo.eu\/wp-content\/uploads\/2024\/02\/product-selection-scaled.webp\" class=\"attachment-original size-original\" alt=\"Dropshipping - product selection\" srcset=\"https:\/\/megamo.eu\/wp-content\/uploads\/2024\/02\/product-selection-scaled.webp 2560w, https:\/\/megamo.eu\/wp-content\/uploads\/2024\/02\/product-selection-600x400.webp 600w, https:\/\/megamo.eu\/wp-content\/uploads\/2024\/02\/product-selection-1200x800.webp 1200w, https:\/\/megamo.eu\/wp-content\/uploads\/2024\/02\/product-selection-768x512.webp 768w, https:\/\/megamo.eu\/wp-content\/uploads\/2024\/02\/product-selection-1536x1024.webp 1536w, https:\/\/megamo.eu\/wp-content\/uploads\/2024\/02\/product-selection-2048x1365.webp 2048w\" sizes=\"(max-width: 2560px) 100vw, 2560px\" \/>\t\t\t\t\t\t\n\t\t\t\t\t<\/div>\n\t\t\t\t\t\t<\/a>\t\t\n<style>\n#image_1263158061 {\n  width: 100%;\n}\n<\/style>\n\t<\/div>\n\t\n\n\t<div id=\"text-3652713667\" class=\"text\">\n\t\t\n\n<h5 class=\"uppercase\" style=\"font-size: 12px; margin-bottom: 1.3em;\"><a href=\"\/dropshipping-product-selection\/\" target=\"_blank\" rel=\"noopener\">Dropshipping \u2013 product selection<\/a><\/h5>\n\t\t\n<style>\n#text-3652713667 {\n  font-size: 0.8rem;\n}\n<\/style>\n\t<\/div>\n\t\n\t<div id=\"gap-1461263271\" class=\"gap-element clearfix show-for-small\" style=\"display:block; height:auto;\">\n\t\t\n<style>\n#gap-1461263271 {\n  padding-top: 60px;\n}\n<\/style>\n\t<\/div>\n\t\n\n\n\t\t<\/div>\n\t\t\t\t\n<style>\n#col-16624843 > .col-inner {\n  padding: 0px 0px 0px 20px;\n}\n<\/style>\n\t<\/div>\n\n\t\n\n\n<style>\n#row-543963662 > .col > .col-inner {\n  padding: 0px 20px 0px 20px;\n}\n<\/style>\n<\/div>\n\n\t\t<\/div>\n\t\t\t\t\t<\/div>\n\n\t\n\n<\/div>\n\n\t\t<\/div>\n\n\t\t\n<style>\n#section_101429994 {\n  padding-top: 0px;\n  padding-bottom: 0px;\n  margin-bottom: 0px;\n}\n<\/style>\n\t<\/section>\n\t\n\n","protected":false},"excerpt":{"rendered":"","protected":false},"author":2,"featured_media":0,"parent":17910,"menu_order":0,"comment_status":"closed","ping_status":"closed","template":"","meta":{"_lmt_disableupdate":"","_lmt_disable":"","footnotes":""},"yoast_head":"<!-- This site is optimized with the Yoast SEO Premium plugin v21.8 (Yoast SEO v23.5) - https:\/\/yoast.com\/wordpress\/plugins\/seo\/ -->\n<title>Import wybranych kategorii hurtowni do Integratora Megamo<\/title>\n<meta name=\"description\" content=\"Jak importujemy wybrane kategorie du\u017cych hurtowni do naszego Integratora Megamo. Wdra\u017canie pr\u00f3\u015bb klient\u00f3w.\" \/>\n<meta name=\"robots\" content=\"index, follow, max-snippet:-1, max-image-preview:large, max-video-preview:-1\" \/>\n<link rel=\"canonical\" href=\"https:\/\/megamo.eu\/pl\/case-studies\/import-wybranych-kategorii-hurtowni-do-integratora-megamo\/\" \/>\n<meta property=\"og:locale\" content=\"pl_PL\" \/>\n<meta property=\"og:type\" content=\"article\" \/>\n<meta property=\"og:title\" content=\"Import wybranych kategorii hurtowni do Integratora Megamo\" \/>\n<meta property=\"og:description\" content=\"Jak importujemy wybrane kategorie du\u017cych hurtowni do naszego Integratora Megamo. Wdra\u017canie pr\u00f3\u015bb klient\u00f3w.\" \/>\n<meta property=\"og:url\" content=\"https:\/\/megamo.eu\/pl\/case-studies\/import-wybranych-kategorii-hurtowni-do-integratora-megamo\/\" \/>\n<meta property=\"og:site_name\" content=\"megamo.eu\" \/>\n<meta property=\"article:publisher\" content=\"https:\/\/www.facebook.com\/megamoeu\" \/>\n<meta property=\"article:modified_time\" content=\"2025-08-05T09:51:44+00:00\" \/>\n<meta name=\"twitter:card\" content=\"summary_large_image\" \/>\n<meta name=\"twitter:label1\" content=\"Szacowany czas czytania\" \/>\n\t<meta name=\"twitter:data1\" content=\"5 minut\" \/>\n<script type=\"application\/ld+json\" class=\"yoast-schema-graph\">{\"@context\":\"https:\/\/schema.org\",\"@graph\":[{\"@type\":\"WebPage\",\"@id\":\"https:\/\/megamo.eu\/pl\/case-studies\/import-wybranych-kategorii-hurtowni-do-integratora-megamo\/\",\"url\":\"https:\/\/megamo.eu\/pl\/case-studies\/import-wybranych-kategorii-hurtowni-do-integratora-megamo\/\",\"name\":\"Import wybranych kategorii hurtowni do Integratora Megamo\",\"isPartOf\":{\"@id\":\"https:\/\/megamo.eu\/pl\/#website\"},\"datePublished\":\"2024-07-25T08:07:51+00:00\",\"dateModified\":\"2025-08-05T09:51:44+00:00\",\"description\":\"Jak importujemy wybrane kategorie du\u017cych hurtowni do naszego Integratora Megamo. Wdra\u017canie pr\u00f3\u015bb klient\u00f3w.\",\"breadcrumb\":{\"@id\":\"https:\/\/megamo.eu\/pl\/case-studies\/import-wybranych-kategorii-hurtowni-do-integratora-megamo\/#breadcrumb\"},\"inLanguage\":\"pl-PL\",\"potentialAction\":[{\"@type\":\"ReadAction\",\"target\":[\"https:\/\/megamo.eu\/pl\/case-studies\/import-wybranych-kategorii-hurtowni-do-integratora-megamo\/\"]}]},{\"@type\":\"BreadcrumbList\",\"@id\":\"https:\/\/megamo.eu\/pl\/case-studies\/import-wybranych-kategorii-hurtowni-do-integratora-megamo\/#breadcrumb\",\"itemListElement\":[{\"@type\":\"ListItem\",\"position\":1,\"name\":\"Home\",\"item\":\"https:\/\/megamo.eu\/pl\/\"},{\"@type\":\"ListItem\",\"position\":2,\"name\":\"Case studies\",\"item\":\"https:\/\/megamo.eu\/pl\/case-studies\/\"},{\"@type\":\"ListItem\",\"position\":3,\"name\":\"Import wybranych kategorii hurtowni do Integratora Megamo\"}]},{\"@type\":\"WebSite\",\"@id\":\"https:\/\/megamo.eu\/pl\/#website\",\"url\":\"https:\/\/megamo.eu\/pl\/\",\"name\":\"megamo.eu\",\"description\":\"megamo.eu\",\"publisher\":{\"@id\":\"https:\/\/megamo.eu\/pl\/#organization\"},\"potentialAction\":[{\"@type\":\"SearchAction\",\"target\":{\"@type\":\"EntryPoint\",\"urlTemplate\":\"https:\/\/megamo.eu\/pl\/?s={search_term_string}\"},\"query-input\":{\"@type\":\"PropertyValueSpecification\",\"valueRequired\":true,\"valueName\":\"search_term_string\"}}],\"inLanguage\":\"pl-PL\"},{\"@type\":\"Organization\",\"@id\":\"https:\/\/megamo.eu\/pl\/#organization\",\"name\":\"Megamo\",\"alternateName\":\"mgo\",\"url\":\"https:\/\/megamo.eu\/pl\/\",\"logo\":{\"@type\":\"ImageObject\",\"inLanguage\":\"pl-PL\",\"@id\":\"https:\/\/megamo.eu\/pl\/#\/schema\/logo\/image\/\",\"url\":\"https:\/\/megamo.eu\/wp-content\/uploads\/2024\/02\/logo_small.png\",\"contentUrl\":\"https:\/\/megamo.eu\/wp-content\/uploads\/2024\/02\/logo_small.png\",\"width\":300,\"height\":113,\"caption\":\"Megamo\"},\"image\":{\"@id\":\"https:\/\/megamo.eu\/pl\/#\/schema\/logo\/image\/\"},\"sameAs\":[\"https:\/\/www.facebook.com\/megamoeu\",\"https:\/\/www.youtube.com\/@Megamo_en\"]}]}<\/script>\n<!-- \/ Yoast SEO Premium plugin. -->","yoast_head_json":{"title":"Import wybranych kategorii hurtowni do Integratora Megamo","description":"Jak importujemy wybrane kategorie du\u017cych hurtowni do naszego Integratora Megamo. Wdra\u017canie pr\u00f3\u015bb klient\u00f3w.","robots":{"index":"index","follow":"follow","max-snippet":"max-snippet:-1","max-image-preview":"max-image-preview:large","max-video-preview":"max-video-preview:-1"},"canonical":"https:\/\/megamo.eu\/pl\/case-studies\/import-wybranych-kategorii-hurtowni-do-integratora-megamo\/","og_locale":"pl_PL","og_type":"article","og_title":"Import wybranych kategorii hurtowni do Integratora Megamo","og_description":"Jak importujemy wybrane kategorie du\u017cych hurtowni do naszego Integratora Megamo. Wdra\u017canie pr\u00f3\u015bb klient\u00f3w.","og_url":"https:\/\/megamo.eu\/pl\/case-studies\/import-wybranych-kategorii-hurtowni-do-integratora-megamo\/","og_site_name":"megamo.eu","article_publisher":"https:\/\/www.facebook.com\/megamoeu","article_modified_time":"2025-08-05T09:51:44+00:00","twitter_card":"summary_large_image","twitter_misc":{"Szacowany czas czytania":"5 minut"},"schema":{"@context":"https:\/\/schema.org","@graph":[{"@type":"WebPage","@id":"https:\/\/megamo.eu\/pl\/case-studies\/import-wybranych-kategorii-hurtowni-do-integratora-megamo\/","url":"https:\/\/megamo.eu\/pl\/case-studies\/import-wybranych-kategorii-hurtowni-do-integratora-megamo\/","name":"Import wybranych kategorii hurtowni do Integratora Megamo","isPartOf":{"@id":"https:\/\/megamo.eu\/pl\/#website"},"datePublished":"2024-07-25T08:07:51+00:00","dateModified":"2025-08-05T09:51:44+00:00","description":"Jak importujemy wybrane kategorie du\u017cych hurtowni do naszego Integratora Megamo. Wdra\u017canie pr\u00f3\u015bb klient\u00f3w.","breadcrumb":{"@id":"https:\/\/megamo.eu\/pl\/case-studies\/import-wybranych-kategorii-hurtowni-do-integratora-megamo\/#breadcrumb"},"inLanguage":"pl-PL","potentialAction":[{"@type":"ReadAction","target":["https:\/\/megamo.eu\/pl\/case-studies\/import-wybranych-kategorii-hurtowni-do-integratora-megamo\/"]}]},{"@type":"BreadcrumbList","@id":"https:\/\/megamo.eu\/pl\/case-studies\/import-wybranych-kategorii-hurtowni-do-integratora-megamo\/#breadcrumb","itemListElement":[{"@type":"ListItem","position":1,"name":"Home","item":"https:\/\/megamo.eu\/pl\/"},{"@type":"ListItem","position":2,"name":"Case studies","item":"https:\/\/megamo.eu\/pl\/case-studies\/"},{"@type":"ListItem","position":3,"name":"Import wybranych kategorii hurtowni do Integratora Megamo"}]},{"@type":"WebSite","@id":"https:\/\/megamo.eu\/pl\/#website","url":"https:\/\/megamo.eu\/pl\/","name":"megamo.eu","description":"megamo.eu","publisher":{"@id":"https:\/\/megamo.eu\/pl\/#organization"},"potentialAction":[{"@type":"SearchAction","target":{"@type":"EntryPoint","urlTemplate":"https:\/\/megamo.eu\/pl\/?s={search_term_string}"},"query-input":{"@type":"PropertyValueSpecification","valueRequired":true,"valueName":"search_term_string"}}],"inLanguage":"pl-PL"},{"@type":"Organization","@id":"https:\/\/megamo.eu\/pl\/#organization","name":"Megamo","alternateName":"mgo","url":"https:\/\/megamo.eu\/pl\/","logo":{"@type":"ImageObject","inLanguage":"pl-PL","@id":"https:\/\/megamo.eu\/pl\/#\/schema\/logo\/image\/","url":"https:\/\/megamo.eu\/wp-content\/uploads\/2024\/02\/logo_small.png","contentUrl":"https:\/\/megamo.eu\/wp-content\/uploads\/2024\/02\/logo_small.png","width":300,"height":113,"caption":"Megamo"},"image":{"@id":"https:\/\/megamo.eu\/pl\/#\/schema\/logo\/image\/"},"sameAs":["https:\/\/www.facebook.com\/megamoeu","https:\/\/www.youtube.com\/@Megamo_en"]}]}},"_links":{"self":[{"href":"https:\/\/megamo.eu\/pl\/wp-json\/wp\/v2\/pages\/18716"}],"collection":[{"href":"https:\/\/megamo.eu\/pl\/wp-json\/wp\/v2\/pages"}],"about":[{"href":"https:\/\/megamo.eu\/pl\/wp-json\/wp\/v2\/types\/page"}],"author":[{"embeddable":true,"href":"https:\/\/megamo.eu\/pl\/wp-json\/wp\/v2\/users\/2"}],"replies":[{"embeddable":true,"href":"https:\/\/megamo.eu\/pl\/wp-json\/wp\/v2\/comments?post=18716"}],"version-history":[{"count":7,"href":"https:\/\/megamo.eu\/pl\/wp-json\/wp\/v2\/pages\/18716\/revisions"}],"predecessor-version":[{"id":47435,"href":"https:\/\/megamo.eu\/pl\/wp-json\/wp\/v2\/pages\/18716\/revisions\/47435"}],"up":[{"embeddable":true,"href":"https:\/\/megamo.eu\/pl\/wp-json\/wp\/v2\/pages\/17910"}],"wp:attachment":[{"href":"https:\/\/megamo.eu\/pl\/wp-json\/wp\/v2\/media?parent=18716"}],"curies":[{"name":"wp","href":"https:\/\/api.w.org\/{rel}","templated":true}]}}