{"id":17910,"date":"2024-07-15T13:43:36","date_gmt":"2024-07-15T11:43:36","guid":{"rendered":"https:\/\/megamo.eu\/case-studies\/"},"modified":"2024-07-16T13:50:11","modified_gmt":"2024-07-16T11:50:11","slug":"case-studies","status":"publish","type":"page","link":"https:\/\/megamo.eu\/pl\/case-studies\/","title":{"rendered":"Case studies"},"content":{"rendered":"\n\t<section class=\"section\" id=\"section_1268879454\">\n\t\t<div class=\"bg section-bg fill bg-fill  bg-loaded\" >\n\n\t\t\t\n\t\t\t\n\t\t\t\n\n\t\t<\/div>\n\n\t\t\n\n\t\t<div class=\"section-content relative\">\n\t\t\t\n\n<div class=\"row row-collapse row-full-width row-divided\"  id=\"row-507244545\">\n\n\n\t<div id=\"col-1222170707\" class=\"col casestudiescol medium-2 small-12 large-2\"  >\n\t\t<div class=\"is-sticky-column\"><div class=\"is-sticky-column__inner\">\t\t<div class=\"col-inner\"  >\n\t\t\t\n\t\t\t\n\n\t<div id=\"gap-1265070168\" class=\"gap-element clearfix\" style=\"display:block; height:auto;\">\n\t\t\n<style>\n#gap-1265070168 {\n  padding-top: 60px;\n}\n<\/style>\n\t<\/div>\n\t\n\n\t<div id=\"text-2560551703\" class=\"text casestudieshead\">\n\t\t\n\n<h4 id=\"case_nav\">CASE STUDIES<\/h4>\n\t\t\t<\/div>\n\t\n<div class=\"nav-wrapper\"><ul class=\"nav casestudiesnav nav-uppercase nav-vertical nav-line text-left nav-left\"><li class=><a href=\"https:\/\/megamo.eu\/pl\/case-studies\/integracja-ean-z-woocommerce-poprzez-api\/\">Integracja EAN z WooCommerce poprzez API<\/a><\/li><li class=><a href=\"https:\/\/megamo.eu\/pl\/case-studies\/import-wybranych-kategorii-hurtowni-do-integratora-megamo\/\">Import wybranych kategorii hurtowni do Integratora Megamo<\/a><\/li><li class=><a href=\"https:\/\/megamo.eu\/pl\/case-studies\/wdrozenie-automatycznego-przekazywania-zamowien\/\">Wdro\u017cenie automatycznego przekazywania zam\u00f3wie\u0144<\/a><\/li><li class=><a href=\"https:\/\/megamo.eu\/pl\/case-studies\/integracja-wielu-lokalizacji-w-shopify-z-hurtowniami\/\">Integracja wielu lokalizacji w Shopify z hurtowniami<\/a><\/li><\/ul><\/div>\n\n\t<div id=\"gap-1289620130\" class=\"gap-element clearfix\" style=\"display:block; height:auto;\">\n\t\t\n<style>\n#gap-1289620130 {\n  padding-top: 60px;\n}\n<\/style>\n\t<\/div>\n\t\n\n\n\t\t<\/div>\n\t\t<\/div><\/div>\t\t\t<\/div>\n\n\t\n\n\t<div id=\"col-773946374\" class=\"col casestudiescol2 medium-10 small-12 large-10 small-col-first\"  >\n\t\t\t\t<div class=\"col-inner\"  >\n\t\t\t\n\t\t\t\n\n<div class=\"row row-collapse row-full-width row-divided\"  id=\"row-1719068070\">\n\n\n\t<div id=\"col-1910202911\" class=\"col casestudiescol2 medium-9 small-12 large-9\"  >\n\t\t\t\t<div class=\"col-inner\"  >\n\t\t\t\n\t\t\t\n\n\t<div id=\"gap-751134329\" class=\"gap-element clearfix\" style=\"display:block; height:auto;\">\n\t\t\n<style>\n#gap-751134329 {\n  padding-top: 60px;\n}\n<\/style>\n\t<\/div>\n\t\n\n\t<div id=\"text-3964314502\" class=\"text show-for-small\">\n\t\t\n\n<p><a href=\"#case_nav\">przewi\u0144 do nawigacji&ensp;<i class=\"icon-angle-down\"><\/i><\/a><\/p>\n\t\t\n<style>\n#text-3964314502 {\n  font-size: 0.8rem;\n  text-align: right;\n}\n<\/style>\n\t<\/div>\n\t\n<h1 class=\"entry-title\">Witamy na naszej stronie Case Studies!<\/h1>\n\t<div id=\"text-3722850584\" class=\"text\">\n\t\t\n\n<p>Serdecznie zapraszamy do zapoznania si\u0119 z naszymi case studies, kt\u00f3re stanowi\u0105 \u017ar\u00f3d\u0142o inspiracji i wiedzy na temat najlepszych praktyk i innowacyjnych rozwi\u0105za\u0144 w bran\u017cy e-commerce. Na tej stronie znajdziesz szczeg\u00f3\u0142owe opisy naszych najciekawszych przypadk\u00f3w, pokazuj\u0105ce, jak skutecznie radzimy sobie z r\u00f3\u017cnymi wyzwaniami w tej dziedzinie.<\/p>\n<p>W naszym menu znajdziesz starannie wyselekcjonowane case studies, kt\u00f3re pozwol\u0105 Ci wybra\u0107 te przypadki, kt\u00f3re najlepiej odpowiadaj\u0105 Twoim zainteresowaniom i potrzebom. Ka\u017cdy opis jest szczeg\u00f3\u0142owo przygotowany, zapewniaj\u0105c pe\u0142ne zrozumienie zagadnie\u0144 i zastosowanych rozwi\u0105za\u0144.<\/p>\n\t\t\n<style>\n#text-3722850584 {\n  font-size: 0.9rem;\n}\n<\/style>\n\t<\/div>\n\t\n<h3 class=\"wp-block-heading\">DLACZEGO WARTO CZYTA\u0106 NASZE CASE STUDIES?<\/h3>\n\t<div id=\"text-3064349722\" class=\"text\">\n\t\t\n\n<ul style=\"list-style-type: square;\">\n<li><b>Bogata wiedza<\/b> &#8211; ka\u017cde case study zawiera szczeg\u00f3\u0142owe informacje na temat problem\u00f3w, z jakimi borykali si\u0119 nasi klienci oraz opis naszych unikalnych rozwi\u0105za\u0144, kt\u00f3re pomog\u0142y im osi\u0105gn\u0105\u0107 sukces.<\/li>\n<li><b>Innowacyjne rozwi\u0105zania<\/b> &#8211; jako firma specjalizuj\u0105ca si\u0119 w automatycznych integracjach hurtowni ze sklepami internetowymi, dzielimy si\u0119 naszymi do\u015bwiadczeniami i innowacyjnymi metodami wdra\u017canymi w projektach.<\/li>\n<li><b>Praktyczne przyk\u0142ady<\/b> &#8211; nasze case studies pokazuj\u0105, jak teoretyczne za\u0142o\u017cenia przek\u0142adaj\u0105 si\u0119 na praktyczne korzy\u015bci, co mo\u017ce by\u0107 niezwykle inspiruj\u0105ce dla innych przedsi\u0119biorc\u00f3w.<\/li>\n<li><b>Wszechstronno\u015b\u0107<\/b> &#8211; opisujemy r\u00f3\u017cne przypadki, wyst\u0119puj\u0105ce w zakresie automatyzacji proces\u00f3w, indywidualnych wdro\u017ce\u0144 programistycznych, problem\u00f3w wyst\u0119puj\u0105cych na stronach internetowych. <\/li>\n<\/ul>\n\t\t\n<style>\n#text-3064349722 {\n  font-size: 0.9rem;\n}\n<\/style>\n\t<\/div>\n\t\n<h3 class=\"wp-block-heading\">CO ZNAJDZIESZ W NASZYCH CASE STUDIES?<\/h3>\n\t<div id=\"text-3274847551\" class=\"text\">\n\t\t\n\n<ul style=\"list-style-type: square;\">\n<li><b>Szczeg\u00f3\u0142owe opisy projekt\u00f3w<\/b> &#8211; ka\u017cde case study zawiera kompleksowy opis problem\u00f3w, jakie napotkali\u015bmy w danym projekcie oraz prezentacj\u0119 krok po kroku zastosowanych przez nas rozwi\u0105za\u0144.<\/li>\n<li><b>Sekcja zdj\u0119\u0107 i powi\u0105zanych tre\u015bci<\/b> &#8211; aby lepiej zilustrowa\u0107 nasz\u0105 prac\u0119, ka\u017cde case study wzbogacone jest o zdj\u0119cia, wykresy i inne materia\u0142y wizualne, kt\u00f3re pomagaj\u0105 w pe\u0142nym zrozumieniu tematu.<\/li>\n<li><b>Linki do materia\u0142\u00f3w dodatkowych<\/b> &#8211; je\u015bli chcesz zag\u0142\u0119bi\u0107 si\u0119 w temat, ka\u017cde case study zawiera linki do powi\u0105zanych artyku\u0142\u00f3w, film\u00f3w i innych \u017ar\u00f3de\u0142, kt\u00f3re mog\u0105 dostarczy\u0107 dodatkowych informacji.<\/li>\n<li><b>Rzeczywiste wyniki i dane<\/b> &#8211; prezentujemy konkretne dane i wyniki osi\u0105gni\u0119te dzi\u0119ki naszym rozwi\u0105zaniom, pokazuj\u0105c realny wp\u0142yw naszej pracy na sukcesy naszych klient\u00f3w.<\/li>\n<\/ul>\n\t\t\n<style>\n#text-3274847551 {\n  font-size: 0.9rem;\n}\n<\/style>\n\t<\/div>\n\t\n\t<div id=\"text-3137202365\" class=\"text\">\n\t\t\n\n<h3 class=\"wp-block-heading\">ODKRYJ NASZ\u0104 OFERT\u0118 US\u0141UG<\/h3>\n\t\t\n<style>\n#text-3137202365 {\n  color: rgb(254, 94, 8);\n}\n#text-3137202365 > * {\n  color: rgb(254, 94, 8);\n}\n<\/style>\n\t<\/div>\n\t\n\t<div id=\"text-2490137596\" class=\"text\">\n\t\t\n\n<p>Jako lider w automatyzacji proces\u00f3w e-commerce, oferujemy szeroki zakres us\u0142ug, kt\u00f3re mog\u0105 wspiera\u0107 rozw\u00f3j Twojej firmy. W\u015br\u00f3d naszych us\u0142ug znajdziesz:<\/p>\n\t\t\n<style>\n#text-2490137596 {\n  font-size: 0.9rem;\n}\n<\/style>\n\t<\/div>\n\t\n\n\t\t<\/div>\n\t\t\t\t\t<\/div>\n\n\t\n\n\t<div id=\"col-1862771747\" class=\"col casestudiescol3 medium-3 small-12 large-3\"  >\n\t\t\t\t<div class=\"col-inner\"  >\n\t\t\t\n\t\t\t\n\n\n\t\t<\/div>\n\t\t\t\t\n<style>\n#col-1862771747 > .col-inner {\n  padding: 0px 0px 0px 20px;\n}\n<\/style>\n\t<\/div>\n\n\t\n\n\n<style>\n#row-1719068070 > .col > .col-inner {\n  padding: 0px 20px 0px 20px;\n}\n<\/style>\n<\/div>\n<div class=\"row row-collapse row-full-width row-divided\"  id=\"row-620300868\">\n\n\n\t<div id=\"col-1100293160\" class=\"col casestudiescol2 medium-9 small-12 large-9\"  >\n\t\t\t\t<div class=\"col-inner\"  >\n\t\t\t\n\t\t\t\n\n<h4 class=\"wp-block-heading\">Integracje sklep\u00f3w internetowych z hurtowniami<\/h4>\n\t<div id=\"text-3774729799\" class=\"text\">\n\t\t\n\n<p>Nasze rozwi\u0105zania pozwalaj\u0105 na p\u0142ynne po\u0142\u0105czenie wybranej hurtowni ze sklepem internetowym (platformami e-commerce), znacznie u\u0142atwiaj\u0105c zarz\u0105dzanie produktami i zam\u00f3wieniami, umo\u017cliwiaj\u0105c automatyczne aktualizacje zapas\u00f3w, aktywno\u015bci, cen i wielu innych przydatnych funkcji.<\/p>\n\t\t\n<style>\n#text-3774729799 {\n  font-size: 0.9rem;\n}\n<\/style>\n\t<\/div>\n\t\n\n\t\t<\/div>\n\t\t\t\t\t<\/div>\n\n\t\n\n\t<div id=\"col-192303613\" class=\"col casestudiescol3 medium-3 small-12 large-3\"  >\n\t\t\t\t<div class=\"col-inner text-left\"  >\n\t\t\t\n\t\t\t\n\n\t<div id=\"text-111755624\" class=\"text\">\n\t\t\n\n<h5 class=\"uppercase\" style=\"font-size: 14px; margin-bottom: 1.3em;\"><a href=\"\/pl\/integrator\/\">-> Automatyczne integracje<\/a><\/h5>\n\t\t\n<style>\n#text-111755624 {\n  font-size: 0.8rem;\n  text-align: left;\n}\n<\/style>\n\t<\/div>\n\t\n\n\t\t<\/div>\n\t\t\t\t\n<style>\n#col-192303613 > .col-inner {\n  padding: 0px 0px 0px 20px;\n}\n<\/style>\n\t<\/div>\n\n\t\n\n\n<style>\n#row-620300868 > .col > .col-inner {\n  padding: 0px 20px 0px 20px;\n}\n<\/style>\n<\/div>\n<div class=\"row row-collapse row-full-width row-divided\"  id=\"row-1149232676\">\n\n\n\t<div id=\"col-1046237847\" class=\"col casestudiescol2 medium-9 small-12 large-9\"  >\n\t\t\t\t<div class=\"col-inner\"  >\n\t\t\t\n\t\t\t\n\n<h4 class=\"wp-block-heading\">Indywidualne wdro\u017cenia programistyczne<\/h4>\n\t<div id=\"text-2801954747\" class=\"text\">\n\t\t\n\n<p>Oferujemy dedykowane rozwi\u0105zania programistyczne dostosowane do specyficznych potrzeb Twojego sklepu internetowego.<\/p>\n\t\t\n<style>\n#text-2801954747 {\n  font-size: 0.9rem;\n}\n<\/style>\n\t<\/div>\n\t\n\n\t\t<\/div>\n\t\t\t\t\t<\/div>\n\n\t\n\n\t<div id=\"col-69956116\" class=\"col casestudiescol3 medium-3 small-12 large-3\"  >\n\t\t\t\t<div class=\"col-inner text-left\"  >\n\t\t\t\n\t\t\t\n\n\t<div id=\"text-2219582796\" class=\"text\">\n\t\t\n\n<h5 class=\"uppercase\" style=\"font-size: 14px; margin-bottom: 1.3em;\"><a href=\"\/pl\/personalizacja-sklepu-internetowego\/\">-> Indywidualne wdro\u017cenia<\/a><\/h5>\n\t\t\n<style>\n#text-2219582796 {\n  font-size: 0.8rem;\n  text-align: left;\n}\n<\/style>\n\t<\/div>\n\t\n\n\t\t<\/div>\n\t\t\t\t\n<style>\n#col-69956116 > .col-inner {\n  padding: 0px 0px 0px 20px;\n}\n<\/style>\n\t<\/div>\n\n\t\n\n\n<style>\n#row-1149232676 > .col > .col-inner {\n  padding: 0px 20px 0px 20px;\n}\n<\/style>\n<\/div>\n<div class=\"row row-collapse row-full-width row-divided\"  id=\"row-1108122358\">\n\n\n\t<div id=\"col-397466600\" class=\"col casestudiescol2 medium-9 small-12 large-9\"  >\n\t\t\t\t<div class=\"col-inner\"  >\n\t\t\t\n\t\t\t\n\n<h4 class=\"wp-block-heading\">Tworzenie sklep\u00f3w internetowych<\/h4>\n\t<div id=\"text-2462200156\" class=\"text\">\n\t\t\n\n<p>Pomagamy budowa\u0107 nowoczesne i funkcjonalne sklepy internetowe, kt\u00f3re przyci\u0105gaj\u0105 klient\u00f3w i zwi\u0119kszaj\u0105 sprzeda\u017c.<\/p>\n\t\t\n<style>\n#text-2462200156 {\n  font-size: 0.9rem;\n}\n<\/style>\n\t<\/div>\n\t\n\n\t\t<\/div>\n\t\t\t\t\t<\/div>\n\n\t\n\n\t<div id=\"col-212393018\" class=\"col casestudiescol3 medium-3 small-12 large-3\"  >\n\t\t\t\t<div class=\"col-inner text-left\"  >\n\t\t\t\n\t\t\t\n\n\t<div id=\"text-287433347\" class=\"text\">\n\t\t\n\n<h5 class=\"uppercase\" style=\"font-size: 14px; margin-bottom: 1.3em;\"><a href=\"\/pl\/tworzenie-sklepow-internetowych\/\">-> Tworzenie sklep\u00f3w internetowych<\/a><\/h5>\n\t\t\n<style>\n#text-287433347 {\n  font-size: 0.8rem;\n  text-align: left;\n}\n<\/style>\n\t<\/div>\n\t\n\n\t\t<\/div>\n\t\t\t\t\n<style>\n#col-212393018 > .col-inner {\n  padding: 0px 0px 0px 20px;\n}\n<\/style>\n\t<\/div>\n\n\t\n\n\n<style>\n#row-1108122358 > .col > .col-inner {\n  padding: 0px 20px 0px 20px;\n}\n<\/style>\n<\/div>\n<div class=\"row row-collapse row-full-width row-divided\"  id=\"row-277658143\">\n\n\n\t<div id=\"col-1478211966\" class=\"col casestudiescol2 medium-9 small-12 large-9\"  >\n\t\t\t\t<div class=\"col-inner\"  >\n\t\t\t\n\t\t\t\n\n<h4 class=\"wp-block-heading\">T\u0142umaczenie plik\u00f3w hurtowni przy u\u017cyciu sztucznej inteligencji<\/h4>\n\t<div id=\"text-3709835365\" class=\"text\">\n\t\t\n\n<p>Dzi\u0119ki zaawansowanym technologiom AI zapewniamy precyzyjne i szybkie t\u0142umaczenia plik\u00f3w, u\u0142atwiaj\u0105c wsp\u00f3\u0142prac\u0119 mi\u0119dzynarodow\u0105.<\/p>\n\t\t\n<style>\n#text-3709835365 {\n  font-size: 0.9rem;\n}\n<\/style>\n\t<\/div>\n\t\n\t<div id=\"text-2906421368\" class=\"text\">\n\t\t\n\n<p>Zapraszamy do lektury i odkrycia, jak nasze innowacyjne podej\u015bcie i do\u015bwiadczenie mo\u017ce pom\u00f3c w rozwoju Twojego biznesu. Zobacz jak skutecznie realizujemy nasze projekty i jakie korzy\u015bci przynosz\u0105 nasze rozwi\u0105zania. Czekamy na Twoje pytania i ch\u0119tnie odpowiemy na wszelkie w\u0105tpliwo\u015bci.<\/p>\n\t\t\n<style>\n#text-2906421368 {\n  font-size: 0.9rem;\n}\n<\/style>\n\t<\/div>\n\t\n\t<div id=\"gap-2039871473\" class=\"gap-element clearfix hide-for-medium\" style=\"display:block; height:auto;\">\n\t\t\n<style>\n#gap-2039871473 {\n  padding-top: 60px;\n}\n<\/style>\n\t<\/div>\n\t\n\n\n\t\t<\/div>\n\t\t\t\t\t<\/div>\n\n\t\n\n\t<div id=\"col-1194170458\" class=\"col casestudiescol3 medium-3 small-12 large-3\"  >\n\t\t\t\t<div class=\"col-inner text-left\"  >\n\t\t\t\n\t\t\t\n\n\t<div id=\"text-3380824601\" class=\"text\">\n\t\t\n\n<h5 class=\"uppercase\" style=\"font-size: 14px; margin-bottom: 1.3em;\"><a href=\"\/pl\/tlumaczenie-plikow-hurtowni-xml-csv\/\">-> T\u0142umaczenie plik\u00f3w hurtowni<\/a><\/h5>\n\t\t\n<style>\n#text-3380824601 {\n  font-size: 0.8rem;\n  text-align: left;\n}\n<\/style>\n\t<\/div>\n\t\n\t<div id=\"gap-2070168903\" class=\"gap-element clearfix show-for-small\" style=\"display:block; height:auto;\">\n\t\t\n<style>\n#gap-2070168903 {\n  padding-top: 60px;\n}\n<\/style>\n\t<\/div>\n\t\n\n\n\t\t<\/div>\n\t\t\t\t\n<style>\n#col-1194170458 > .col-inner {\n  padding: 0px 0px 0px 20px;\n}\n<\/style>\n\t<\/div>\n\n\t\n\n\n<style>\n#row-277658143 > .col > .col-inner {\n  padding: 0px 20px 0px 20px;\n}\n<\/style>\n<\/div>\n\n\t\t<\/div>\n\t\t\t\t\t<\/div>\n\n\t\n\n<\/div>\n\n\t\t<\/div>\n\n\t\t\n<style>\n#section_1268879454 {\n  padding-top: 0px;\n  padding-bottom: 0px;\n  margin-bottom: 0px;\n}\n<\/style>\n\t<\/section>\n\t\n\n","protected":false},"excerpt":{"rendered":"","protected":false},"author":2,"featured_media":0,"parent":0,"menu_order":0,"comment_status":"closed","ping_status":"closed","template":"","meta":{"_lmt_disableupdate":"","_lmt_disable":"","footnotes":""},"yoast_head":"<!-- This site is optimized with the Yoast SEO Premium plugin v21.8 (Yoast SEO v23.5) - https:\/\/yoast.com\/wordpress\/plugins\/seo\/ -->\n<title>Case studies<\/title>\n<meta name=\"description\" content=\"Case studies automatycznej integracji dostawc\u00f3w ze sklepami e-commerce. Napotkane problemy i skuteczne rozwi\u0105zania.\" \/>\n<meta name=\"robots\" content=\"index, follow, max-snippet:-1, max-image-preview:large, max-video-preview:-1\" \/>\n<link rel=\"canonical\" href=\"https:\/\/megamo.eu\/pl\/case-studies\/\" \/>\n<meta property=\"og:locale\" content=\"pl_PL\" \/>\n<meta property=\"og:type\" content=\"article\" \/>\n<meta property=\"og:title\" content=\"Case studies\" \/>\n<meta property=\"og:description\" content=\"Case studies automatycznej integracji dostawc\u00f3w ze sklepami e-commerce. Napotkane problemy i skuteczne rozwi\u0105zania.\" \/>\n<meta property=\"og:url\" content=\"https:\/\/megamo.eu\/pl\/case-studies\/\" \/>\n<meta property=\"og:site_name\" content=\"megamo.eu\" \/>\n<meta property=\"article:publisher\" content=\"https:\/\/www.facebook.com\/megamoeu\" \/>\n<meta property=\"article:modified_time\" content=\"2024-07-16T11:50:11+00:00\" \/>\n<meta name=\"twitter:card\" content=\"summary_large_image\" \/>\n<meta name=\"twitter:label1\" content=\"Szacowany czas czytania\" \/>\n\t<meta name=\"twitter:data1\" content=\"5 minut\" \/>\n<script type=\"application\/ld+json\" class=\"yoast-schema-graph\">{\"@context\":\"https:\/\/schema.org\",\"@graph\":[{\"@type\":\"WebPage\",\"@id\":\"https:\/\/megamo.eu\/pl\/case-studies\/\",\"url\":\"https:\/\/megamo.eu\/pl\/case-studies\/\",\"name\":\"Case studies\",\"isPartOf\":{\"@id\":\"https:\/\/megamo.eu\/pl\/#website\"},\"datePublished\":\"2024-07-15T11:43:36+00:00\",\"dateModified\":\"2024-07-16T11:50:11+00:00\",\"description\":\"Case studies automatycznej integracji dostawc\u00f3w ze sklepami e-commerce. Napotkane problemy i skuteczne rozwi\u0105zania.\",\"breadcrumb\":{\"@id\":\"https:\/\/megamo.eu\/pl\/case-studies\/#breadcrumb\"},\"inLanguage\":\"pl-PL\",\"potentialAction\":[{\"@type\":\"ReadAction\",\"target\":[\"https:\/\/megamo.eu\/pl\/case-studies\/\"]}]},{\"@type\":\"BreadcrumbList\",\"@id\":\"https:\/\/megamo.eu\/pl\/case-studies\/#breadcrumb\",\"itemListElement\":[{\"@type\":\"ListItem\",\"position\":1,\"name\":\"Home\",\"item\":\"https:\/\/megamo.eu\/pl\/\"},{\"@type\":\"ListItem\",\"position\":2,\"name\":\"Case studies\"}]},{\"@type\":\"WebSite\",\"@id\":\"https:\/\/megamo.eu\/pl\/#website\",\"url\":\"https:\/\/megamo.eu\/pl\/\",\"name\":\"megamo.eu\",\"description\":\"megamo.eu\",\"publisher\":{\"@id\":\"https:\/\/megamo.eu\/pl\/#organization\"},\"potentialAction\":[{\"@type\":\"SearchAction\",\"target\":{\"@type\":\"EntryPoint\",\"urlTemplate\":\"https:\/\/megamo.eu\/pl\/?s={search_term_string}\"},\"query-input\":{\"@type\":\"PropertyValueSpecification\",\"valueRequired\":true,\"valueName\":\"search_term_string\"}}],\"inLanguage\":\"pl-PL\"},{\"@type\":\"Organization\",\"@id\":\"https:\/\/megamo.eu\/pl\/#organization\",\"name\":\"Megamo\",\"alternateName\":\"mgo\",\"url\":\"https:\/\/megamo.eu\/pl\/\",\"logo\":{\"@type\":\"ImageObject\",\"inLanguage\":\"pl-PL\",\"@id\":\"https:\/\/megamo.eu\/pl\/#\/schema\/logo\/image\/\",\"url\":\"https:\/\/megamo.eu\/wp-content\/uploads\/2024\/02\/logo_small.png\",\"contentUrl\":\"https:\/\/megamo.eu\/wp-content\/uploads\/2024\/02\/logo_small.png\",\"width\":300,\"height\":113,\"caption\":\"Megamo\"},\"image\":{\"@id\":\"https:\/\/megamo.eu\/pl\/#\/schema\/logo\/image\/\"},\"sameAs\":[\"https:\/\/www.facebook.com\/megamoeu\",\"https:\/\/www.youtube.com\/@Megamo_en\"]}]}<\/script>\n<!-- \/ Yoast SEO Premium plugin. -->","yoast_head_json":{"title":"Case studies","description":"Case studies automatycznej integracji dostawc\u00f3w ze sklepami e-commerce. Napotkane problemy i skuteczne rozwi\u0105zania.","robots":{"index":"index","follow":"follow","max-snippet":"max-snippet:-1","max-image-preview":"max-image-preview:large","max-video-preview":"max-video-preview:-1"},"canonical":"https:\/\/megamo.eu\/pl\/case-studies\/","og_locale":"pl_PL","og_type":"article","og_title":"Case studies","og_description":"Case studies automatycznej integracji dostawc\u00f3w ze sklepami e-commerce. Napotkane problemy i skuteczne rozwi\u0105zania.","og_url":"https:\/\/megamo.eu\/pl\/case-studies\/","og_site_name":"megamo.eu","article_publisher":"https:\/\/www.facebook.com\/megamoeu","article_modified_time":"2024-07-16T11:50:11+00:00","twitter_card":"summary_large_image","twitter_misc":{"Szacowany czas czytania":"5 minut"},"schema":{"@context":"https:\/\/schema.org","@graph":[{"@type":"WebPage","@id":"https:\/\/megamo.eu\/pl\/case-studies\/","url":"https:\/\/megamo.eu\/pl\/case-studies\/","name":"Case studies","isPartOf":{"@id":"https:\/\/megamo.eu\/pl\/#website"},"datePublished":"2024-07-15T11:43:36+00:00","dateModified":"2024-07-16T11:50:11+00:00","description":"Case studies automatycznej integracji dostawc\u00f3w ze sklepami e-commerce. Napotkane problemy i skuteczne rozwi\u0105zania.","breadcrumb":{"@id":"https:\/\/megamo.eu\/pl\/case-studies\/#breadcrumb"},"inLanguage":"pl-PL","potentialAction":[{"@type":"ReadAction","target":["https:\/\/megamo.eu\/pl\/case-studies\/"]}]},{"@type":"BreadcrumbList","@id":"https:\/\/megamo.eu\/pl\/case-studies\/#breadcrumb","itemListElement":[{"@type":"ListItem","position":1,"name":"Home","item":"https:\/\/megamo.eu\/pl\/"},{"@type":"ListItem","position":2,"name":"Case studies"}]},{"@type":"WebSite","@id":"https:\/\/megamo.eu\/pl\/#website","url":"https:\/\/megamo.eu\/pl\/","name":"megamo.eu","description":"megamo.eu","publisher":{"@id":"https:\/\/megamo.eu\/pl\/#organization"},"potentialAction":[{"@type":"SearchAction","target":{"@type":"EntryPoint","urlTemplate":"https:\/\/megamo.eu\/pl\/?s={search_term_string}"},"query-input":{"@type":"PropertyValueSpecification","valueRequired":true,"valueName":"search_term_string"}}],"inLanguage":"pl-PL"},{"@type":"Organization","@id":"https:\/\/megamo.eu\/pl\/#organization","name":"Megamo","alternateName":"mgo","url":"https:\/\/megamo.eu\/pl\/","logo":{"@type":"ImageObject","inLanguage":"pl-PL","@id":"https:\/\/megamo.eu\/pl\/#\/schema\/logo\/image\/","url":"https:\/\/megamo.eu\/wp-content\/uploads\/2024\/02\/logo_small.png","contentUrl":"https:\/\/megamo.eu\/wp-content\/uploads\/2024\/02\/logo_small.png","width":300,"height":113,"caption":"Megamo"},"image":{"@id":"https:\/\/megamo.eu\/pl\/#\/schema\/logo\/image\/"},"sameAs":["https:\/\/www.facebook.com\/megamoeu","https:\/\/www.youtube.com\/@Megamo_en"]}]}},"_links":{"self":[{"href":"https:\/\/megamo.eu\/pl\/wp-json\/wp\/v2\/pages\/17910"}],"collection":[{"href":"https:\/\/megamo.eu\/pl\/wp-json\/wp\/v2\/pages"}],"about":[{"href":"https:\/\/megamo.eu\/pl\/wp-json\/wp\/v2\/types\/page"}],"author":[{"embeddable":true,"href":"https:\/\/megamo.eu\/pl\/wp-json\/wp\/v2\/users\/2"}],"replies":[{"embeddable":true,"href":"https:\/\/megamo.eu\/pl\/wp-json\/wp\/v2\/comments?post=17910"}],"version-history":[{"count":3,"href":"https:\/\/megamo.eu\/pl\/wp-json\/wp\/v2\/pages\/17910\/revisions"}],"predecessor-version":[{"id":17913,"href":"https:\/\/megamo.eu\/pl\/wp-json\/wp\/v2\/pages\/17910\/revisions\/17913"}],"wp:attachment":[{"href":"https:\/\/megamo.eu\/pl\/wp-json\/wp\/v2\/media?parent=17910"}],"curies":[{"name":"wp","href":"https:\/\/api.w.org\/{rel}","templated":true}]}}