{"id":17595,"date":"2024-07-12T10:30:07","date_gmt":"2024-07-12T08:30:07","guid":{"rendered":"https:\/\/megamo.eu\/wtyczki-moduly-dropshipping\/baselinker-feed-integration-with-supplier\/"},"modified":"2025-10-06T11:23:06","modified_gmt":"2025-10-06T09:23:06","slug":"baselinker-wtyczki-dropshipping-do-platformy","status":"publish","type":"page","link":"https:\/\/megamo.eu\/pl\/wtyczki-moduly-dropshipping\/baselinker-wtyczki-dropshipping-do-platformy\/","title":{"rendered":"Baselinker &#8211; wtyczki dropshipping do platformy"},"content":{"rendered":"\n\t<div id=\"gap-1479852944\" class=\"gap-element clearfix\" style=\"display:block; height:auto;\">\n\t\t\n<style>\n#gap-1479852944 {\n  padding-top: 60px;\n}\n<\/style>\n\t<\/div>\n\t\n\n\t<section class=\"section\" id=\"section_1331268365\">\n\t\t<div class=\"bg section-bg fill bg-fill  bg-loaded\" >\n\n\t\t\t\n\t\t\t\n\t\t\t\n\n\t\t<\/div>\n\n\t\t\n\n\t\t<div class=\"section-content relative\">\n\t\t\t\n\n<div class=\"row\"  id=\"row-2691216\">\n\n\n\t<div id=\"col-2087005221\" class=\"col small-12 large-12\"  >\n\t\t\t\t<div class=\"col-inner\"  >\n\t\t\t\n\t\t\t\n\n\t<div id=\"text-213458960\" class=\"text\">\n\t\t\n\n<h1>Baselinker &#8211; feed integration with supplier<\/h1>\n\n\t\t\n<style>\n#text-213458960 {\n  font-size: 1.3rem;\n  text-align: center;\n}\n<\/style>\n\t<\/div>\n\t\n\n\t\t<\/div>\n\t\t\t\t\t<\/div>\n\n\t\n\n<\/div>\n<div class=\"row\"  id=\"row-172870095\">\n\n\n\t<div id=\"col-980125541\" class=\"col small-12 large-12\"  >\n\t\t\t\t<div class=\"col-inner text-center\"  >\n\t\t\t\n\t\t\t\n\n\t<div class=\"img has-hover x md-x lg-x y md-y lg-y\" id=\"image_735696992\">\n\t\t\t\t\t\t\t\t<div class=\"img-inner dark\" >\n\t\t\t<img loading=\"lazy\" decoding=\"async\" width=\"411\" height=\"165\" src=\"https:\/\/megamo.eu\/wp-content\/uploads\/2024\/07\/logo-baselinker-411.webp\" class=\"attachment-original size-original\" alt=\"\" \/>\t\t\t\t\t\t\n\t\t\t\t\t<\/div>\n\t\t\t\t\t\t\t\t\n<style>\n#image_735696992 {\n  width: 30%;\n}\n<\/style>\n\t<\/div>\n\t\n\n\t<div id=\"text-3430930474\" class=\"text\">\n\t\t\n\n<p>PROPRIETARY | Server required<\/p>\n\n\t\t\n<style>\n#text-3430930474 {\n  font-size: 1.2rem;\n  color: rgb(155, 155, 155);\n}\n#text-3430930474 > * {\n  color: rgb(155, 155, 155);\n}\n<\/style>\n\t<\/div>\n\t\n\t<div id=\"text-1345309430\" class=\"text\">\n\t\t\n\n<p style=\"margin-bottom: 60px\">Baselinker is a comprehensive e-commerce management solution crafted to optimize and synchronize your business operations across multiple platforms, ensuring growth and reliability. It enables you to scale your online enterprise with exceptional adaptability, efficiency, and innovative functionality. Baselinker offers a plethora of features including multi-channel integration and extensive customization options for your product listings. Additionally, it supports seamless connectivity with various external tools and guarantees a secure and cohesive framework for managing your online business.<\/p>\n\n\t\t\n<style>\n#text-1345309430 {\n  text-align: left;\n}\n<\/style>\n\t<\/div>\n\t\n<a href=\"https:\/\/panel.megamo.co.uk\/dashboard\" class=\"button primary\"  >\n    <span>Integrate Baselinker<\/span>\n  <\/a>\n\n\n<a href=\"https:\/\/megamo.eu\/pl\/dodatki-do-integracji\/\" class=\"button primary\"  >\n    <span>Choose add-ons for Baselinker<\/span>\n  <\/a>\n\n\n\n\t\t<\/div>\n\t\t\t\t\t<\/div>\n\n\t\n\n<\/div>\n\n\t\t<\/div>\n\n\t\t\n<style>\n#section_1331268365 {\n  padding-top: 30px;\n  padding-bottom: 30px;\n  margin-bottom: 60px;\n}\n<\/style>\n\t<\/section>\n\t\n\t<section class=\"section\" id=\"section_2018806950\">\n\t\t<div class=\"bg section-bg fill bg-fill  bg-loaded\" >\n\n\t\t\t\n\t\t\t\n\t\t\t\n\n\t\t<\/div>\n\n\t\t\n\n\t\t<div class=\"section-content relative\">\n\t\t\t\n\n<div class=\"row\"  id=\"row-1613047013\">\n\n\n\t<div id=\"col-539034117\" class=\"col medium-6 small-12 large-6\"  >\n\t\t\t\t<div class=\"col-inner\"  >\n\t\t\t\n\t\t\t\n\n\t<div class=\"img has-hover x md-x lg-x y md-y lg-y\" id=\"image_729647392\">\n\t\t\t\t\t\t\t\t<div class=\"img-inner dark\" >\n\t\t\t<img loading=\"lazy\" decoding=\"async\" width=\"1020\" height=\"570\" src=\"https:\/\/megamo.eu\/wp-content\/uploads\/2024\/01\/hex-default.webp\" class=\"attachment-large size-large\" alt=\"We help you save time\" srcset=\"https:\/\/megamo.eu\/wp-content\/uploads\/2024\/01\/hex-default.webp 1025w, https:\/\/megamo.eu\/wp-content\/uploads\/2024\/01\/hex-default-716x400.webp 716w, https:\/\/megamo.eu\/wp-content\/uploads\/2024\/01\/hex-default-768x429.webp 768w, https:\/\/megamo.eu\/wp-content\/uploads\/2024\/01\/hex-default-600x335.webp 600w\" sizes=\"(max-width: 1020px) 100vw, 1020px\" \/>\t\t\t\t\t\t\n\t\t\t\t\t<\/div>\n\t\t\t\t\t\t\t\t\n<style>\n#image_729647392 {\n  width: 100%;\n}\n<\/style>\n\t<\/div>\n\t\n\n\n\t\t<\/div>\n\t\t\t\t\t<\/div>\n\n\t\n\n\t<div id=\"col-954181838\" class=\"col medium-6 small-12 large-6\"  >\n\t\t\t\t<div class=\"col-inner\"  >\n\t\t\t\n\t\t\t\n\n\t<div id=\"text-1968775714\" class=\"text\">\n\t\t\n\n<h2>We help you save time<\/h2>\n\t\t\n<style>\n#text-1968775714 {\n  font-size: 1.2rem;\n}\n<\/style>\n\t<\/div>\n\t\n<p>Manually incorporating roughly <b>1000 products<\/b> into your inventory can consume up to <b>160 hours<\/b> \u2013 equivalent to a full month of work at 8 hours per day, five days a week.<\/p>\n<p><b>Your time is invaluable, both during moments of relaxation and through the potential earnings of your work.<\/b><\/p>\n<a href=\"https:\/\/megamo.eu\/pl\/cennik-automatyczna-integracja-z-hurtowniami\/\" class=\"button primary\"  >\n    <span>Learn more<\/span>\n  <\/a>\n\n\n\n\t\t<\/div>\n\t\t\t\t\t<\/div>\n\n\t\n\n<\/div>\n\n\t\t<\/div>\n\n\t\t\n<style>\n#section_2018806950 {\n  padding-top: 80px;\n  padding-bottom: 80px;\n}\n<\/style>\n\t<\/section>\n\t\n\n","protected":false},"excerpt":{"rendered":"","protected":false},"author":2,"featured_media":0,"parent":2768,"menu_order":0,"comment_status":"closed","ping_status":"closed","template":"","meta":{"_lmt_disableupdate":"","_lmt_disable":"","footnotes":""},"yoast_head":"<!-- This site is optimized with the Yoast SEO Premium plugin v21.8 (Yoast SEO v23.5) - https:\/\/yoast.com\/wordpress\/plugins\/seo\/ -->\n<title>Baselinker - wtyczki dropshipping do platformy<\/title>\n<meta name=\"description\" content=\"U\u017cywasz Baselinker i chcia\u0142by\u015b sprzedawa\u0107 produkty od wybranej hurtowni? Zapoznaj si\u0119 z nasz\u0105 ofert\u0105.\" \/>\n<meta name=\"robots\" content=\"index, follow, max-snippet:-1, max-image-preview:large, max-video-preview:-1\" \/>\n<link rel=\"canonical\" href=\"https:\/\/megamo.eu\/pl\/wtyczki-moduly-dropshipping\/baselinker-wtyczki-dropshipping-do-platformy\/\" \/>\n<meta property=\"og:locale\" content=\"pl_PL\" \/>\n<meta property=\"og:type\" content=\"article\" \/>\n<meta property=\"og:title\" content=\"Baselinker - wtyczki dropshipping do platformy\" \/>\n<meta property=\"og:description\" content=\"U\u017cywasz Baselinker i chcia\u0142by\u015b sprzedawa\u0107 produkty od wybranej hurtowni? Zapoznaj si\u0119 z nasz\u0105 ofert\u0105.\" \/>\n<meta property=\"og:url\" content=\"https:\/\/megamo.eu\/pl\/wtyczki-moduly-dropshipping\/baselinker-wtyczki-dropshipping-do-platformy\/\" \/>\n<meta property=\"og:site_name\" content=\"megamo.eu\" \/>\n<meta property=\"article:publisher\" content=\"https:\/\/www.facebook.com\/megamoeu\" \/>\n<meta property=\"article:modified_time\" content=\"2025-10-06T09:23:06+00:00\" \/>\n<meta name=\"twitter:card\" content=\"summary_large_image\" \/>\n<meta name=\"twitter:label1\" content=\"Szacowany czas czytania\" \/>\n\t<meta name=\"twitter:data1\" content=\"2 minuty\" \/>\n<script type=\"application\/ld+json\" class=\"yoast-schema-graph\">{\"@context\":\"https:\/\/schema.org\",\"@graph\":[{\"@type\":\"WebPage\",\"@id\":\"https:\/\/megamo.eu\/pl\/wtyczki-moduly-dropshipping\/baselinker-wtyczki-dropshipping-do-platformy\/\",\"url\":\"https:\/\/megamo.eu\/pl\/wtyczki-moduly-dropshipping\/baselinker-wtyczki-dropshipping-do-platformy\/\",\"name\":\"Baselinker - wtyczki dropshipping do platformy\",\"isPartOf\":{\"@id\":\"https:\/\/megamo.eu\/pl\/#website\"},\"datePublished\":\"2024-07-12T08:30:07+00:00\",\"dateModified\":\"2025-10-06T09:23:06+00:00\",\"description\":\"U\u017cywasz Baselinker i chcia\u0142by\u015b sprzedawa\u0107 produkty od wybranej hurtowni? Zapoznaj si\u0119 z nasz\u0105 ofert\u0105.\",\"breadcrumb\":{\"@id\":\"https:\/\/megamo.eu\/pl\/wtyczki-moduly-dropshipping\/baselinker-wtyczki-dropshipping-do-platformy\/#breadcrumb\"},\"inLanguage\":\"pl-PL\",\"potentialAction\":[{\"@type\":\"ReadAction\",\"target\":[\"https:\/\/megamo.eu\/pl\/wtyczki-moduly-dropshipping\/baselinker-wtyczki-dropshipping-do-platformy\/\"]}]},{\"@type\":\"BreadcrumbList\",\"@id\":\"https:\/\/megamo.eu\/pl\/wtyczki-moduly-dropshipping\/baselinker-wtyczki-dropshipping-do-platformy\/#breadcrumb\",\"itemListElement\":[{\"@type\":\"ListItem\",\"position\":1,\"name\":\"Home\",\"item\":\"https:\/\/megamo.eu\/pl\/\"},{\"@type\":\"ListItem\",\"position\":2,\"name\":\"Wtyczki, modu\u0142y dropshipping\",\"item\":\"https:\/\/megamo.eu\/pl\/plug-ins-dropshipping-modules\/\"},{\"@type\":\"ListItem\",\"position\":3,\"name\":\"Baselinker &#8211; wtyczki dropshipping do platformy\"}]},{\"@type\":\"WebSite\",\"@id\":\"https:\/\/megamo.eu\/pl\/#website\",\"url\":\"https:\/\/megamo.eu\/pl\/\",\"name\":\"megamo.eu\",\"description\":\"megamo.eu\",\"publisher\":{\"@id\":\"https:\/\/megamo.eu\/pl\/#organization\"},\"potentialAction\":[{\"@type\":\"SearchAction\",\"target\":{\"@type\":\"EntryPoint\",\"urlTemplate\":\"https:\/\/megamo.eu\/pl\/?s={search_term_string}\"},\"query-input\":{\"@type\":\"PropertyValueSpecification\",\"valueRequired\":true,\"valueName\":\"search_term_string\"}}],\"inLanguage\":\"pl-PL\"},{\"@type\":\"Organization\",\"@id\":\"https:\/\/megamo.eu\/pl\/#organization\",\"name\":\"Megamo\",\"alternateName\":\"mgo\",\"url\":\"https:\/\/megamo.eu\/pl\/\",\"logo\":{\"@type\":\"ImageObject\",\"inLanguage\":\"pl-PL\",\"@id\":\"https:\/\/megamo.eu\/pl\/#\/schema\/logo\/image\/\",\"url\":\"https:\/\/megamo.eu\/wp-content\/uploads\/2024\/02\/logo_small.png\",\"contentUrl\":\"https:\/\/megamo.eu\/wp-content\/uploads\/2024\/02\/logo_small.png\",\"width\":300,\"height\":113,\"caption\":\"Megamo\"},\"image\":{\"@id\":\"https:\/\/megamo.eu\/pl\/#\/schema\/logo\/image\/\"},\"sameAs\":[\"https:\/\/www.facebook.com\/megamoeu\",\"https:\/\/www.youtube.com\/@Megamo_en\"]}]}<\/script>\n<!-- \/ Yoast SEO Premium plugin. -->","yoast_head_json":{"title":"Baselinker - wtyczki dropshipping do platformy","description":"U\u017cywasz Baselinker i chcia\u0142by\u015b sprzedawa\u0107 produkty od wybranej hurtowni? Zapoznaj si\u0119 z nasz\u0105 ofert\u0105.","robots":{"index":"index","follow":"follow","max-snippet":"max-snippet:-1","max-image-preview":"max-image-preview:large","max-video-preview":"max-video-preview:-1"},"canonical":"https:\/\/megamo.eu\/pl\/wtyczki-moduly-dropshipping\/baselinker-wtyczki-dropshipping-do-platformy\/","og_locale":"pl_PL","og_type":"article","og_title":"Baselinker - wtyczki dropshipping do platformy","og_description":"U\u017cywasz Baselinker i chcia\u0142by\u015b sprzedawa\u0107 produkty od wybranej hurtowni? Zapoznaj si\u0119 z nasz\u0105 ofert\u0105.","og_url":"https:\/\/megamo.eu\/pl\/wtyczki-moduly-dropshipping\/baselinker-wtyczki-dropshipping-do-platformy\/","og_site_name":"megamo.eu","article_publisher":"https:\/\/www.facebook.com\/megamoeu","article_modified_time":"2025-10-06T09:23:06+00:00","twitter_card":"summary_large_image","twitter_misc":{"Szacowany czas czytania":"2 minuty"},"schema":{"@context":"https:\/\/schema.org","@graph":[{"@type":"WebPage","@id":"https:\/\/megamo.eu\/pl\/wtyczki-moduly-dropshipping\/baselinker-wtyczki-dropshipping-do-platformy\/","url":"https:\/\/megamo.eu\/pl\/wtyczki-moduly-dropshipping\/baselinker-wtyczki-dropshipping-do-platformy\/","name":"Baselinker - wtyczki dropshipping do platformy","isPartOf":{"@id":"https:\/\/megamo.eu\/pl\/#website"},"datePublished":"2024-07-12T08:30:07+00:00","dateModified":"2025-10-06T09:23:06+00:00","description":"U\u017cywasz Baselinker i chcia\u0142by\u015b sprzedawa\u0107 produkty od wybranej hurtowni? Zapoznaj si\u0119 z nasz\u0105 ofert\u0105.","breadcrumb":{"@id":"https:\/\/megamo.eu\/pl\/wtyczki-moduly-dropshipping\/baselinker-wtyczki-dropshipping-do-platformy\/#breadcrumb"},"inLanguage":"pl-PL","potentialAction":[{"@type":"ReadAction","target":["https:\/\/megamo.eu\/pl\/wtyczki-moduly-dropshipping\/baselinker-wtyczki-dropshipping-do-platformy\/"]}]},{"@type":"BreadcrumbList","@id":"https:\/\/megamo.eu\/pl\/wtyczki-moduly-dropshipping\/baselinker-wtyczki-dropshipping-do-platformy\/#breadcrumb","itemListElement":[{"@type":"ListItem","position":1,"name":"Home","item":"https:\/\/megamo.eu\/pl\/"},{"@type":"ListItem","position":2,"name":"Wtyczki, modu\u0142y dropshipping","item":"https:\/\/megamo.eu\/pl\/plug-ins-dropshipping-modules\/"},{"@type":"ListItem","position":3,"name":"Baselinker &#8211; wtyczki dropshipping do platformy"}]},{"@type":"WebSite","@id":"https:\/\/megamo.eu\/pl\/#website","url":"https:\/\/megamo.eu\/pl\/","name":"megamo.eu","description":"megamo.eu","publisher":{"@id":"https:\/\/megamo.eu\/pl\/#organization"},"potentialAction":[{"@type":"SearchAction","target":{"@type":"EntryPoint","urlTemplate":"https:\/\/megamo.eu\/pl\/?s={search_term_string}"},"query-input":{"@type":"PropertyValueSpecification","valueRequired":true,"valueName":"search_term_string"}}],"inLanguage":"pl-PL"},{"@type":"Organization","@id":"https:\/\/megamo.eu\/pl\/#organization","name":"Megamo","alternateName":"mgo","url":"https:\/\/megamo.eu\/pl\/","logo":{"@type":"ImageObject","inLanguage":"pl-PL","@id":"https:\/\/megamo.eu\/pl\/#\/schema\/logo\/image\/","url":"https:\/\/megamo.eu\/wp-content\/uploads\/2024\/02\/logo_small.png","contentUrl":"https:\/\/megamo.eu\/wp-content\/uploads\/2024\/02\/logo_small.png","width":300,"height":113,"caption":"Megamo"},"image":{"@id":"https:\/\/megamo.eu\/pl\/#\/schema\/logo\/image\/"},"sameAs":["https:\/\/www.facebook.com\/megamoeu","https:\/\/www.youtube.com\/@Megamo_en"]}]}},"_links":{"self":[{"href":"https:\/\/megamo.eu\/pl\/wp-json\/wp\/v2\/pages\/17595"}],"collection":[{"href":"https:\/\/megamo.eu\/pl\/wp-json\/wp\/v2\/pages"}],"about":[{"href":"https:\/\/megamo.eu\/pl\/wp-json\/wp\/v2\/types\/page"}],"author":[{"embeddable":true,"href":"https:\/\/megamo.eu\/pl\/wp-json\/wp\/v2\/users\/2"}],"replies":[{"embeddable":true,"href":"https:\/\/megamo.eu\/pl\/wp-json\/wp\/v2\/comments?post=17595"}],"version-history":[{"count":8,"href":"https:\/\/megamo.eu\/pl\/wp-json\/wp\/v2\/pages\/17595\/revisions"}],"predecessor-version":[{"id":57619,"href":"https:\/\/megamo.eu\/pl\/wp-json\/wp\/v2\/pages\/17595\/revisions\/57619"}],"up":[{"embeddable":true,"href":"https:\/\/megamo.eu\/pl\/wp-json\/wp\/v2\/pages\/2768"}],"wp:attachment":[{"href":"https:\/\/megamo.eu\/pl\/wp-json\/wp\/v2\/media?parent=17595"}],"curies":[{"name":"wp","href":"https:\/\/api.w.org\/{rel}","templated":true}]}}