{"id":54460,"date":"2025-06-17T11:00:39","date_gmt":"2025-06-17T09:00:39","guid":{"rendered":"https:\/\/megamo.eu\/migracion-de-tienda-online-a-otra-plataforma\/migration-from-shopware-to-bigcommerce\/"},"modified":"2025-10-03T11:09:57","modified_gmt":"2025-10-03T09:09:57","slug":"migracion-de-shopware-a-bigcommerce","status":"publish","type":"page","link":"https:\/\/megamo.eu\/es\/migracion-de-tienda-online-a-otra-plataforma\/migracion-de-shopware-a-bigcommerce\/","title":{"rendered":"Migraci\u00f3n de Shopware a BigCommerce"},"content":{"rendered":"\n\t<div id=\"gap-180387545\" class=\"gap-element clearfix\" style=\"display:block; height:auto;\">\n\t\t\n<style>\n#gap-180387545 {\n  padding-top: 60px;\n}\n<\/style>\n\t<\/div>\n\t\n\n\t<section class=\"section\" id=\"section_1923212545\">\n\t\t<div class=\"bg section-bg fill bg-fill  bg-loaded\" >\n\n\t\t\t\n\t\t\t\n\t\t\t\n\n\t\t<\/div>\n\n\t\t\n\n\t\t<div class=\"section-content relative\">\n\t\t\t\n\n<div class=\"row\"  id=\"row-243502993\">\n\n\n\t<div id=\"col-1141794963\" class=\"col small-12 large-12\"  >\n\t\t\t\t<div class=\"col-inner text-center\"  >\n\t\t\t\n\t\t\t\n\n\t<div id=\"text-3492893574\" class=\"text\">\n\t\t\n\n<h1>Migraci\u00f3n de Shopware a BigCommerce<\/h1>\n\n\t\t\n<style>\n#text-3492893574 {\n  font-size: 1.3rem;\n}\n<\/style>\n\t<\/div>\n\t\n\n\t\t<\/div>\n\t\t\t\t\t<\/div>\n\n\t\n\n<\/div>\n<div class=\"row\"  id=\"row-848537933\">\n\n\n\t<div id=\"col-1152869896\" class=\"col small-12 large-12\"  >\n\t\t\t\t<div class=\"col-inner text-center\"  >\n\t\t\t\n\t\t\t\n\n\t<div class=\"img has-hover x md-x lg-x y md-y lg-y\" id=\"image_1877061929\">\n\t\t\t\t\t\t\t\t<div class=\"img-inner dark\" >\n\t\t\t<img loading=\"lazy\" decoding=\"async\" width=\"820\" height=\"300\" src=\"https:\/\/megamo.eu\/wp-content\/uploads\/2025\/06\/shopware-bigcommerce-migration.webp\" class=\"attachment-original size-original\" alt=\"\" srcset=\"https:\/\/megamo.eu\/wp-content\/uploads\/2025\/06\/shopware-bigcommerce-migration.webp 820w, https:\/\/megamo.eu\/wp-content\/uploads\/2025\/06\/shopware-bigcommerce-migration-800x293.webp 800w, https:\/\/megamo.eu\/wp-content\/uploads\/2025\/06\/shopware-bigcommerce-migration-768x281.webp 768w, https:\/\/megamo.eu\/wp-content\/uploads\/2025\/06\/shopware-bigcommerce-migration-600x220.webp 600w\" sizes=\"(max-width: 820px) 100vw, 820px\" \/>\t\t\t\t\t\t\n\t\t\t\t\t<\/div>\n\t\t\t\t\t\t\t\t\n<style>\n#image_1877061929 {\n  width: 60%;\n}\n<\/style>\n\t<\/div>\n\t\n\n\t<div id=\"text-3984908688\" class=\"text\">\n\t\t\n\n<p>MIGRACI\u00d3N DE PLATAFORMA | Shopware a BigCommerce<\/p>\n\n\t\t\n<style>\n#text-3984908688 {\n  font-size: 1.2rem;\n  color: rgb(155, 155, 155);\n}\n#text-3984908688 > * {\n  color: rgb(155, 155, 155);\n}\n<\/style>\n\t<\/div>\n\t\n\t<div id=\"text-660261737\" class=\"text\">\n\t\t\n\n<p style=\"margin-bottom: 60px\">Shopware ofrece funciones avanzadas de comercio headless y caracter\u00edsticas empresariales, pero muchas empresas pueden preferir la simplicidad del SaaS, menor carga t\u00e9cnica y una escalabilidad m\u00e1s r\u00e1pida. Migrar a BigCommerce elimina la gesti\u00f3n de servidores mientras ofrece potentes funciones B2B, ventas multicanal e infraestructura empresarial totalmente alojada con flexibilidad API-first para la expansi\u00f3n global.<\/p>\n\n\t\t\n<style>\n#text-660261737 {\n  text-align: left;\n}\n<\/style>\n\t<\/div>\n\t\n<a href=\"https:\/\/forms.clickup.com\/9012257574\/f\/8cjr8t6-8752\/JCI89GNZOP1PSMHSHF\" target=\"_blank\" class=\"button primary\" rel=\"noopener\"  >\n  <i class=\"icon-checkmark\" aria-hidden=\"true\" ><\/i>  <span>Migra tu tienda de Shopware a BigCommerce<\/span>\n  <\/a>\n\n\n<a href=\"\/es\/migracion-de-tienda-online-a-otra-plataforma\/\" class=\"button primary\"  >\n  <i class=\"icon-tag\" aria-hidden=\"true\" ><\/i>  <span>Ver otros servicios de migraci\u00f3n<\/span>\n  <\/a>\n\n\n\n\t\t<\/div>\n\t\t\t\t\t<\/div>\n\n\t\n\n<\/div>\n\n\t\t<\/div>\n\n\t\t\n<style>\n#section_1923212545 {\n  padding-top: 30px;\n  padding-bottom: 30px;\n}\n<\/style>\n\t<\/section>\n\t\n\t<section class=\"section\" id=\"section_1222332950\">\n\t\t<div class=\"bg section-bg fill bg-fill  bg-loaded\" >\n\n\t\t\t\n\t\t\t\n\t\t\t\n\n\t\t<\/div>\n\n\t\t\n\n\t\t<div class=\"section-content relative\">\n\t\t\t\n\n<div class=\"row\"  id=\"row-1474398693\">\n\n\n\t<div id=\"col-625761760\" class=\"col medium-6 small-12 large-6\"  >\n\t\t\t\t<div class=\"col-inner text-left\"  >\n\t\t\t\n\t\t\t\n\n<h3>Shopware \u2013 flexible pero con alto consumo de recursos<\/h3>\n<p>Shopware proporciona una arquitectura moderna API-first, funciones B2B y capacidades multitienda, pero a\u00fan requiere gesti\u00f3n de servidores, equipos de desarrollo avanzados y supervisi\u00f3n t\u00e9cnica continua que pueden limitar la agilidad de crecimiento para algunas empresas.<\/p>\n<h4>Ventajas de Shopware:<\/h4>\n<ul>\n<li>plataforma de comercio headless y API-first,<\/li>\n<li>funcionalidad B2B avanzada,<\/li>\n<li>soporte multiling\u00fce y multidivisa,<\/li>\n<li>flexibilidad de nivel empresarial para grandes operaciones.<\/li>\n<\/ul>\n<h4>Desventajas de Shopware:<\/h4>\n<ul>\n<li>gesti\u00f3n de infraestructura autoalojada,<\/li>\n<li>mayores requisitos de desarrollo y recursos t\u00e9cnicos,<\/li>\n<li>actualizaciones e integraciones m\u00e1s complejas,<\/li>\n<li>mayor coste de propiedad para empresas de tama\u00f1o medio.<\/li>\n<\/ul>\n\n\t\t<\/div>\n\t\t\t\t\t<\/div>\n\n\t\n\n\t<div id=\"col-835727896\" class=\"col medium-6 small-12 large-6\"  >\n\t\t\t\t<div class=\"col-inner text-left\"  >\n\t\t\t\n\t\t\t\n\n<h3>BigCommerce \u2013 simplicidad SaaS con escalabilidad empresarial<\/h3>\n<p>BigCommerce ofrece una infraestructura SaaS totalmente alojada con actualizaciones autom\u00e1ticas, seguridad integrada, funciones B2B nativas y ventas multicanal avanzadas. Las empresas pueden escalar globalmente con menor gesti\u00f3n t\u00e9cnica y mantener flexibilidad gracias a su arquitectura API-first.<\/p>\n<h4>Ventajas de BigCommerce:<\/h4>\n<ul>\n<li>plataforma SaaS totalmente alojada sin gesti\u00f3n de servidores,<\/li>\n<li>capacidades nativas de ventas B2B, multicanal e internacionales,<\/li>\n<li>infraestructura de comercio headless API-first,<\/li>\n<li>integraciones nativas con ERP, CRM, POS y log\u00edstica.<\/li>\n<\/ul>\n<h4>Desventajas de BigCommerce:<\/h4>\n<ul>\n<li>los precios por suscripci\u00f3n escalan con los ingresos,<\/li>\n<li>menos acceso al backend comparado con plataformas open-source.<\/li>\n<\/ul>\n\n\t\t<\/div>\n\t\t\t\t\t<\/div>\n\n\t\n\n<\/div>\n\n\t\t<\/div>\n\n\t\t\n<style>\n#section_1222332950 {\n  padding-top: 0px;\n  padding-bottom: 0px;\n}\n<\/style>\n\t<\/section>\n\t\n\t<section class=\"section\" id=\"section_1297431375\">\n\t\t<div class=\"bg section-bg fill bg-fill  bg-loaded\" >\n\n\t\t\t\n\t\t\t\n\t\t\t\n\n\t\t<\/div>\n\n\t\t\n\n\t\t<div class=\"section-content relative\">\n\t\t\t\n\n<div class=\"row\"  id=\"row-1439239648\">\n\n\n\t<div id=\"col-1203640447\" class=\"col small-12 large-12\"  >\n\t\t\t\t<div class=\"col-inner\"  >\n\t\t\t\n\t\t\t\n\n<div style=\"border-left: 5px #fe5e08 solid; padding-left: 40px;\">\n<h2 style=\"color: #fe5e08;\">\u00bfPor qu\u00e9 migrar tu tienda de Shopware a BigCommerce?<\/h2>\n<p><b>La migraci\u00f3n a BigCommerce es ideal si:<\/b><\/p>\n<ul style=\"list-style-type: none;\">\n<li style=\"margin-left: 0;\">quieres eliminar la gesti\u00f3n de servidores y la complejidad t\u00e9cnica,<\/li>\n<li style=\"margin-left: 0;\">necesitas la comodidad del SaaS con todas las funciones empresariales,<\/li>\n<li style=\"margin-left: 0;\">requieres capacidades nativas de ventas B2B, multitienda y multicanal,<\/li>\n<li style=\"margin-left: 0;\">buscas un despliegue m\u00e1s r\u00e1pido y gesti\u00f3n simplificada a largo plazo.<\/li>\n<\/ul>\n<p>BigCommerce es perfecto para las empresas que han superado las exigencias t\u00e9cnicas de Shopware y quieren escalar m\u00e1s r\u00e1pido con la simplicidad del SaaS, funciones empresariales y potencial de crecimiento global.<\/p>\n<\/div>\n\n\t<div id=\"gap-676024606\" class=\"gap-element clearfix\" style=\"display:block; height:auto;\">\n\t\t\n<style>\n#gap-676024606 {\n  padding-top: 60px;\n}\n<\/style>\n\t<\/div>\n\t\n\n\t<div id=\"text-248048154\" class=\"text\">\n\t\t\n\n<div style=\"border-right: 5px #0093e3 solid; padding-right: 40px;\">\n<h2 style=\"color: #0093e3\">\u00bfC\u00f3mo funciona la migraci\u00f3n de Shopware a BigCommerce?<\/h2>\n<p>Gestionamos cuidadosamente tu migraci\u00f3n para garantizar la precisi\u00f3n de los datos, la correcta configuraci\u00f3n de la plataforma y la continuidad del negocio durante todo el proceso de transici\u00f3n.<\/p>\n<p><b>Transferimos los datos completos de productos<\/b><br>Productos, variantes, categor\u00edas, im\u00e1genes, datos SEO y atributos se importan completamente en BigCommerce.<\/p>\n<p><b>Preservamos los datos de clientes<\/b><br>Todas las cuentas de clientes, historiales de pedidos, direcciones y datos de contacto se migran de manera segura.<\/p>\n<p><b>Restauramos el historial de pedidos<\/b><br>Transacciones, registros de pago y datos de env\u00edos se transfieren \u00edntegramente para mantener la continuidad operativa y de informes.<\/p>\n<\/div>\n\n\t\t\n<style>\n#text-248048154 {\n  text-align: right;\n}\n<\/style>\n\t<\/div>\n\t\n\n\t\t<\/div>\n\t\t\t\t\t<\/div>\n\n\t\n\n<\/div>\n\n\t\t<\/div>\n\n\t\t\n<style>\n#section_1297431375 {\n  padding-top: 80px;\n  padding-bottom: 80px;\n  background-color: rgb(249, 249, 249);\n}\n<\/style>\n\t<\/section>\n\t\n","protected":false},"excerpt":{"rendered":"","protected":false},"author":2,"featured_media":0,"parent":41375,"menu_order":0,"comment_status":"closed","ping_status":"closed","template":"","meta":{"_lmt_disableupdate":"","_lmt_disable":"","footnotes":""},"yoast_head":"<!-- This site is optimized with the Yoast SEO Premium plugin v21.8 (Yoast SEO v23.5) - https:\/\/yoast.com\/wordpress\/plugins\/seo\/ -->\n<title>Migraci\u00f3n de Shopware a BigCommerce<\/title>\n<meta name=\"description\" content=\"Migraci\u00f3n de Shopware a BigCommerce: simplifica operaciones t\u00e9cnicas, elimina la gesti\u00f3n de servidores y escala globalmente con la flexibilidad empresarial impulsada por SaaS.\" \/>\n<meta name=\"robots\" content=\"index, follow, max-snippet:-1, max-image-preview:large, max-video-preview:-1\" \/>\n<link rel=\"canonical\" href=\"https:\/\/megamo.eu\/es\/migracion-de-tienda-online-a-otra-plataforma\/migracion-de-shopware-a-bigcommerce\/\" \/>\n<meta property=\"og:locale\" content=\"es_ES\" \/>\n<meta property=\"og:type\" content=\"article\" \/>\n<meta property=\"og:title\" content=\"Migraci\u00f3n de Shopware a BigCommerce\" \/>\n<meta property=\"og:description\" content=\"Migraci\u00f3n de Shopware a BigCommerce: simplifica operaciones t\u00e9cnicas, elimina la gesti\u00f3n de servidores y escala globalmente con la flexibilidad empresarial impulsada por SaaS.\" \/>\n<meta property=\"og:url\" content=\"https:\/\/megamo.eu\/es\/migracion-de-tienda-online-a-otra-plataforma\/migracion-de-shopware-a-bigcommerce\/\" \/>\n<meta property=\"og:site_name\" content=\"megamo.eu\" \/>\n<meta property=\"article:publisher\" content=\"https:\/\/www.facebook.com\/megamoeu\" \/>\n<meta property=\"article:modified_time\" content=\"2025-10-03T09:09:57+00:00\" \/>\n<meta name=\"twitter:card\" content=\"summary_large_image\" \/>\n<meta name=\"twitter:label1\" content=\"Tiempo de lectura\" \/>\n\t<meta name=\"twitter:data1\" content=\"4 minutos\" \/>\n<script type=\"application\/ld+json\" class=\"yoast-schema-graph\">{\"@context\":\"https:\/\/schema.org\",\"@graph\":[{\"@type\":\"WebPage\",\"@id\":\"https:\/\/megamo.eu\/es\/migracion-de-tienda-online-a-otra-plataforma\/migracion-de-shopware-a-bigcommerce\/\",\"url\":\"https:\/\/megamo.eu\/es\/migracion-de-tienda-online-a-otra-plataforma\/migracion-de-shopware-a-bigcommerce\/\",\"name\":\"Migraci\u00f3n de Shopware a BigCommerce\",\"isPartOf\":{\"@id\":\"https:\/\/megamo.eu\/es\/#website\"},\"datePublished\":\"2025-06-17T09:00:39+00:00\",\"dateModified\":\"2025-10-03T09:09:57+00:00\",\"description\":\"Migraci\u00f3n de Shopware a BigCommerce: simplifica operaciones t\u00e9cnicas, elimina la gesti\u00f3n de servidores y escala globalmente con la flexibilidad empresarial impulsada por SaaS.\",\"breadcrumb\":{\"@id\":\"https:\/\/megamo.eu\/es\/migracion-de-tienda-online-a-otra-plataforma\/migracion-de-shopware-a-bigcommerce\/#breadcrumb\"},\"inLanguage\":\"es\",\"potentialAction\":[{\"@type\":\"ReadAction\",\"target\":[\"https:\/\/megamo.eu\/es\/migracion-de-tienda-online-a-otra-plataforma\/migracion-de-shopware-a-bigcommerce\/\"]}]},{\"@type\":\"BreadcrumbList\",\"@id\":\"https:\/\/megamo.eu\/es\/migracion-de-tienda-online-a-otra-plataforma\/migracion-de-shopware-a-bigcommerce\/#breadcrumb\",\"itemListElement\":[{\"@type\":\"ListItem\",\"position\":1,\"name\":\"Home\",\"item\":\"https:\/\/megamo.eu\/es\/\"},{\"@type\":\"ListItem\",\"position\":2,\"name\":\"Migraci\u00f3n de Tienda Online a Otra Plataforma\",\"item\":\"https:\/\/megamo.eu\/es\/migracion-de-tienda-online-a-otra-plataforma\/\"},{\"@type\":\"ListItem\",\"position\":3,\"name\":\"Migraci\u00f3n de Shopware a BigCommerce\"}]},{\"@type\":\"WebSite\",\"@id\":\"https:\/\/megamo.eu\/es\/#website\",\"url\":\"https:\/\/megamo.eu\/es\/\",\"name\":\"megamo.eu\",\"description\":\"megamo.eu\",\"publisher\":{\"@id\":\"https:\/\/megamo.eu\/es\/#organization\"},\"potentialAction\":[{\"@type\":\"SearchAction\",\"target\":{\"@type\":\"EntryPoint\",\"urlTemplate\":\"https:\/\/megamo.eu\/es\/?s={search_term_string}\"},\"query-input\":{\"@type\":\"PropertyValueSpecification\",\"valueRequired\":true,\"valueName\":\"search_term_string\"}}],\"inLanguage\":\"es\"},{\"@type\":\"Organization\",\"@id\":\"https:\/\/megamo.eu\/es\/#organization\",\"name\":\"Megamo\",\"alternateName\":\"mgo\",\"url\":\"https:\/\/megamo.eu\/es\/\",\"logo\":{\"@type\":\"ImageObject\",\"inLanguage\":\"es\",\"@id\":\"https:\/\/megamo.eu\/es\/#\/schema\/logo\/image\/\",\"url\":\"https:\/\/megamo.eu\/wp-content\/uploads\/2024\/02\/logo_small.png\",\"contentUrl\":\"https:\/\/megamo.eu\/wp-content\/uploads\/2024\/02\/logo_small.png\",\"width\":300,\"height\":113,\"caption\":\"Megamo\"},\"image\":{\"@id\":\"https:\/\/megamo.eu\/es\/#\/schema\/logo\/image\/\"},\"sameAs\":[\"https:\/\/www.facebook.com\/megamoeu\",\"https:\/\/www.youtube.com\/@Megamo_en\"]}]}<\/script>\n<!-- \/ Yoast SEO Premium plugin. -->","yoast_head_json":{"title":"Migraci\u00f3n de Shopware a BigCommerce","description":"Migraci\u00f3n de Shopware a BigCommerce: simplifica operaciones t\u00e9cnicas, elimina la gesti\u00f3n de servidores y escala globalmente con la flexibilidad empresarial impulsada por SaaS.","robots":{"index":"index","follow":"follow","max-snippet":"max-snippet:-1","max-image-preview":"max-image-preview:large","max-video-preview":"max-video-preview:-1"},"canonical":"https:\/\/megamo.eu\/es\/migracion-de-tienda-online-a-otra-plataforma\/migracion-de-shopware-a-bigcommerce\/","og_locale":"es_ES","og_type":"article","og_title":"Migraci\u00f3n de Shopware a BigCommerce","og_description":"Migraci\u00f3n de Shopware a BigCommerce: simplifica operaciones t\u00e9cnicas, elimina la gesti\u00f3n de servidores y escala globalmente con la flexibilidad empresarial impulsada por SaaS.","og_url":"https:\/\/megamo.eu\/es\/migracion-de-tienda-online-a-otra-plataforma\/migracion-de-shopware-a-bigcommerce\/","og_site_name":"megamo.eu","article_publisher":"https:\/\/www.facebook.com\/megamoeu","article_modified_time":"2025-10-03T09:09:57+00:00","twitter_card":"summary_large_image","twitter_misc":{"Tiempo de lectura":"4 minutos"},"schema":{"@context":"https:\/\/schema.org","@graph":[{"@type":"WebPage","@id":"https:\/\/megamo.eu\/es\/migracion-de-tienda-online-a-otra-plataforma\/migracion-de-shopware-a-bigcommerce\/","url":"https:\/\/megamo.eu\/es\/migracion-de-tienda-online-a-otra-plataforma\/migracion-de-shopware-a-bigcommerce\/","name":"Migraci\u00f3n de Shopware a BigCommerce","isPartOf":{"@id":"https:\/\/megamo.eu\/es\/#website"},"datePublished":"2025-06-17T09:00:39+00:00","dateModified":"2025-10-03T09:09:57+00:00","description":"Migraci\u00f3n de Shopware a BigCommerce: simplifica operaciones t\u00e9cnicas, elimina la gesti\u00f3n de servidores y escala globalmente con la flexibilidad empresarial impulsada por SaaS.","breadcrumb":{"@id":"https:\/\/megamo.eu\/es\/migracion-de-tienda-online-a-otra-plataforma\/migracion-de-shopware-a-bigcommerce\/#breadcrumb"},"inLanguage":"es","potentialAction":[{"@type":"ReadAction","target":["https:\/\/megamo.eu\/es\/migracion-de-tienda-online-a-otra-plataforma\/migracion-de-shopware-a-bigcommerce\/"]}]},{"@type":"BreadcrumbList","@id":"https:\/\/megamo.eu\/es\/migracion-de-tienda-online-a-otra-plataforma\/migracion-de-shopware-a-bigcommerce\/#breadcrumb","itemListElement":[{"@type":"ListItem","position":1,"name":"Home","item":"https:\/\/megamo.eu\/es\/"},{"@type":"ListItem","position":2,"name":"Migraci\u00f3n de Tienda Online a Otra Plataforma","item":"https:\/\/megamo.eu\/es\/migracion-de-tienda-online-a-otra-plataforma\/"},{"@type":"ListItem","position":3,"name":"Migraci\u00f3n de Shopware a BigCommerce"}]},{"@type":"WebSite","@id":"https:\/\/megamo.eu\/es\/#website","url":"https:\/\/megamo.eu\/es\/","name":"megamo.eu","description":"megamo.eu","publisher":{"@id":"https:\/\/megamo.eu\/es\/#organization"},"potentialAction":[{"@type":"SearchAction","target":{"@type":"EntryPoint","urlTemplate":"https:\/\/megamo.eu\/es\/?s={search_term_string}"},"query-input":{"@type":"PropertyValueSpecification","valueRequired":true,"valueName":"search_term_string"}}],"inLanguage":"es"},{"@type":"Organization","@id":"https:\/\/megamo.eu\/es\/#organization","name":"Megamo","alternateName":"mgo","url":"https:\/\/megamo.eu\/es\/","logo":{"@type":"ImageObject","inLanguage":"es","@id":"https:\/\/megamo.eu\/es\/#\/schema\/logo\/image\/","url":"https:\/\/megamo.eu\/wp-content\/uploads\/2024\/02\/logo_small.png","contentUrl":"https:\/\/megamo.eu\/wp-content\/uploads\/2024\/02\/logo_small.png","width":300,"height":113,"caption":"Megamo"},"image":{"@id":"https:\/\/megamo.eu\/es\/#\/schema\/logo\/image\/"},"sameAs":["https:\/\/www.facebook.com\/megamoeu","https:\/\/www.youtube.com\/@Megamo_en"]}]}},"_links":{"self":[{"href":"https:\/\/megamo.eu\/es\/wp-json\/wp\/v2\/pages\/54460"}],"collection":[{"href":"https:\/\/megamo.eu\/es\/wp-json\/wp\/v2\/pages"}],"about":[{"href":"https:\/\/megamo.eu\/es\/wp-json\/wp\/v2\/types\/page"}],"author":[{"embeddable":true,"href":"https:\/\/megamo.eu\/es\/wp-json\/wp\/v2\/users\/2"}],"replies":[{"embeddable":true,"href":"https:\/\/megamo.eu\/es\/wp-json\/wp\/v2\/comments?post=54460"}],"version-history":[{"count":2,"href":"https:\/\/megamo.eu\/es\/wp-json\/wp\/v2\/pages\/54460\/revisions"}],"predecessor-version":[{"id":56717,"href":"https:\/\/megamo.eu\/es\/wp-json\/wp\/v2\/pages\/54460\/revisions\/56717"}],"up":[{"embeddable":true,"href":"https:\/\/megamo.eu\/es\/wp-json\/wp\/v2\/pages\/41375"}],"wp:attachment":[{"href":"https:\/\/megamo.eu\/es\/wp-json\/wp\/v2\/media?parent=54460"}],"curies":[{"name":"wp","href":"https:\/\/api.w.org\/{rel}","templated":true}]}}