{"id":54456,"date":"2025-06-17T11:00:40","date_gmt":"2025-06-17T09:00:40","guid":{"rendered":"https:\/\/megamo.eu\/migracion-de-tienda-online-a-otra-plataforma\/migration-from-shopware-to-opencart\/"},"modified":"2025-10-03T11:14:24","modified_gmt":"2025-10-03T09:14:24","slug":"migracion-de-shopware-a-opencart","status":"publish","type":"page","link":"https:\/\/megamo.eu\/es\/migracion-de-tienda-online-a-otra-plataforma\/migracion-de-shopware-a-opencart\/","title":{"rendered":"Migraci\u00f3n de Shopware a OpenCart"},"content":{"rendered":"\n\t<div id=\"gap-1176303136\" class=\"gap-element clearfix\" style=\"display:block; height:auto;\">\n\t\t\n<style>\n#gap-1176303136 {\n  padding-top: 60px;\n}\n<\/style>\n\t<\/div>\n\t\n\n\t<section class=\"section\" id=\"section_335868873\">\n\t\t<div class=\"bg section-bg fill bg-fill  bg-loaded\" >\n\n\t\t\t\n\t\t\t\n\t\t\t\n\n\t\t<\/div>\n\n\t\t\n\n\t\t<div class=\"section-content relative\">\n\t\t\t\n\n<div class=\"row\"  id=\"row-1081139338\">\n\n\n\t<div id=\"col-1641769488\" class=\"col small-12 large-12\"  >\n\t\t\t\t<div class=\"col-inner text-center\"  >\n\t\t\t\n\t\t\t\n\n\t<div id=\"text-3242554284\" class=\"text\">\n\t\t\n\n<h1>Migraci\u00f3n de Shopware a OpenCart<\/h1>\n\n\t\t\n<style>\n#text-3242554284 {\n  font-size: 1.3rem;\n}\n<\/style>\n\t<\/div>\n\t\n\n\t\t<\/div>\n\t\t\t\t\t<\/div>\n\n\t\n\n<\/div>\n<div class=\"row\"  id=\"row-643553937\">\n\n\n\t<div id=\"col-1073841722\" class=\"col small-12 large-12\"  >\n\t\t\t\t<div class=\"col-inner text-center\"  >\n\t\t\t\n\t\t\t\n\n\t<div class=\"img has-hover x md-x lg-x y md-y lg-y\" id=\"image_845442715\">\n\t\t\t\t\t\t\t\t<div class=\"img-inner dark\" >\n\t\t\t<img loading=\"lazy\" decoding=\"async\" width=\"820\" height=\"300\" src=\"https:\/\/megamo.eu\/wp-content\/uploads\/2025\/06\/shopware-opencart-migration.webp\" class=\"attachment-original size-original\" alt=\"\" srcset=\"https:\/\/megamo.eu\/wp-content\/uploads\/2025\/06\/shopware-opencart-migration.webp 820w, https:\/\/megamo.eu\/wp-content\/uploads\/2025\/06\/shopware-opencart-migration-800x293.webp 800w, https:\/\/megamo.eu\/wp-content\/uploads\/2025\/06\/shopware-opencart-migration-768x281.webp 768w, https:\/\/megamo.eu\/wp-content\/uploads\/2025\/06\/shopware-opencart-migration-600x220.webp 600w\" sizes=\"(max-width: 820px) 100vw, 820px\" \/>\t\t\t\t\t\t\n\t\t\t\t\t<\/div>\n\t\t\t\t\t\t\t\t\n<style>\n#image_845442715 {\n  width: 60%;\n}\n<\/style>\n\t<\/div>\n\t\n\n\t<div id=\"text-3169952291\" class=\"text\">\n\t\t\n\n<p>MIGRACI\u00d3N DE PLATAFORMA | Shopware a OpenCart<\/p>\n\n\t\t\n<style>\n#text-3169952291 {\n  font-size: 1.2rem;\n  color: rgb(155, 155, 155);\n}\n#text-3169952291 > * {\n  color: rgb(155, 155, 155);\n}\n<\/style>\n\t<\/div>\n\t\n\t<div id=\"text-4190353201\" class=\"text\">\n\t\t\n\n<p style=\"margin-bottom: 60px\">Shopware ofrece funciones avanzadas a nivel empresarial, pero para negocios que buscan reducir costes, simplificar la gesti\u00f3n t\u00e9cnica y recuperar la propiedad total del c\u00f3digo, migrar a OpenCart ofrece una soluci\u00f3n ligera y de c\u00f3digo abierto. OpenCart proporciona una gesti\u00f3n sencilla, acceso completo a personalizaci\u00f3n y menores requisitos de infraestructura, lo que lo hace ideal para peque\u00f1as empresas que buscan simplicidad sin tarifas de SaaS o licencias.<\/p>\n\n\t\t\n<style>\n#text-4190353201 {\n  text-align: left;\n}\n<\/style>\n\t<\/div>\n\t\n<a href=\"https:\/\/forms.clickup.com\/9012257574\/f\/8cjr8t6-8752\/JCI89GNZOP1PSMHSHF\" target=\"_blank\" class=\"button primary\" rel=\"noopener\"  >\n  <i class=\"icon-checkmark\" aria-hidden=\"true\" ><\/i>  <span>Migra tu tienda de Shopware a OpenCart<\/span>\n  <\/a>\n\n\n<a href=\"\/es\/migracion-de-tienda-online-a-otra-plataforma\/\" class=\"button primary\"  >\n  <i class=\"icon-tag\" aria-hidden=\"true\" ><\/i>  <span>Ver otros servicios de migraci\u00f3n<\/span>\n  <\/a>\n\n\n\n\t\t<\/div>\n\t\t\t\t\t<\/div>\n\n\t\n\n<\/div>\n\n\t\t<\/div>\n\n\t\t\n<style>\n#section_335868873 {\n  padding-top: 30px;\n  padding-bottom: 30px;\n}\n<\/style>\n\t<\/section>\n\t\n\t<section class=\"section\" id=\"section_1459344726\">\n\t\t<div class=\"bg section-bg fill bg-fill  bg-loaded\" >\n\n\t\t\t\n\t\t\t\n\t\t\t\n\n\t\t<\/div>\n\n\t\t\n\n\t\t<div class=\"section-content relative\">\n\t\t\t\n\n<div class=\"row\"  id=\"row-2116007504\">\n\n\n\t<div id=\"col-919682088\" class=\"col medium-6 small-12 large-6\"  >\n\t\t\t\t<div class=\"col-inner text-left\"  >\n\t\t\t\n\t\t\t\n\n<h3>Shopware \u2013 arquitectura empresarial moderna con altos requisitos<\/h3>\n<p>Shopware ofrece potentes funciones como comercio headless y funcionalidades B2B complejas, pero suele implicar mayores costes de desarrollo, infraestructura y licencias que pueden no adaptarse a negocios que buscan una simplicidad m\u00e1s asequible a largo plazo.<\/p>\n<h4>Ventajas de Shopware:<\/h4>\n<ul>\n<li>comercio headless basado en API,<\/li>\n<li>escalabilidad a nivel empresarial,<\/li>\n<li>s\u00f3lidas capacidades B2B y multiling\u00fces,<\/li>\n<li>arquitectura moderna para crecimiento internacional.<\/li>\n<\/ul>\n<h4>Desventajas de Shopware:<\/h4>\n<ul>\n<li>mayores costes de licencia y t\u00e9cnicos,<\/li>\n<li>requiere equipos de desarrollo avanzados,<\/li>\n<li>mantenimiento complejo y gesti\u00f3n de infraestructura,<\/li>\n<li>demasiada carga para operaciones peque\u00f1as.<\/li>\n<\/ul>\n\n\t\t<\/div>\n\t\t\t\t\t<\/div>\n\n\t\n\n\t<div id=\"col-67605140\" class=\"col medium-6 small-12 large-6\"  >\n\t\t\t\t<div class=\"col-inner text-left\"  >\n\t\t\t\n\t\t\t\n\n<h3>OpenCart \u2013 e-commerce ligero y de c\u00f3digo abierto<\/h3>\n<p>OpenCart ofrece propiedad total del c\u00f3digo, infraestructura ligera y facilidad de gesti\u00f3n. Es ideal para negocios que buscan una plataforma sencilla y rentable sin tarifas de SaaS, mientras mantienen control total sobre personalizaciones y gesti\u00f3n del servidor.<\/p>\n<h4>Ventajas de OpenCart:<\/h4>\n<ul>\n<li>completamente open-source sin tarifas de licencia,<\/li>\n<li>menores costes de hosting y mantenimiento,<\/li>\n<li>ligero y f\u00e1cil de administrar,<\/li>\n<li>gran marketplace de extensiones para personalizaci\u00f3n.<\/li>\n<\/ul>\n<h4>Desventajas de OpenCart:<\/h4>\n<ul>\n<li>menos funciones empresariales integradas,<\/li>\n<li>capacidades B2B nativas limitadas,<\/li>\n<li>requiere gesti\u00f3n t\u00e9cnica para hosting y actualizaciones,<\/li>\n<li>m\u00e1s extensiones necesarias para flujos avanzados.<\/li>\n<\/ul>\n\n\t\t<\/div>\n\t\t\t\t\t<\/div>\n\n\t\n\n<\/div>\n\n\t\t<\/div>\n\n\t\t\n<style>\n#section_1459344726 {\n  padding-top: 0px;\n  padding-bottom: 0px;\n}\n<\/style>\n\t<\/section>\n\t\n\t<section class=\"section\" id=\"section_1130923879\">\n\t\t<div class=\"bg section-bg fill bg-fill  bg-loaded\" >\n\n\t\t\t\n\t\t\t\n\t\t\t\n\n\t\t<\/div>\n\n\t\t\n\n\t\t<div class=\"section-content relative\">\n\t\t\t\n\n<div class=\"row\"  id=\"row-2027560364\">\n\n\n\t<div id=\"col-1392256945\" class=\"col small-12 large-12\"  >\n\t\t\t\t<div class=\"col-inner\"  >\n\t\t\t\n\t\t\t\n\n<div style=\"border-left: 5px #fe5e08 solid; padding-left: 40px;\">\n<h2 style=\"color: #fe5e08;\">\u00bfPor qu\u00e9 migrar tu tienda de Shopware a OpenCart?<\/h2>\n<p><b>La migraci\u00f3n a OpenCart es una buena soluci\u00f3n si:<\/b><\/p>\n<ul style=\"list-style-type: none;\">\n<li style=\"margin-left: 0;\">quieres recuperar el control total del c\u00f3digo de tu tienda,<\/li>\n<li style=\"margin-left: 0;\">buscas reducir costes de licencias y desarrollo,<\/li>\n<li style=\"margin-left: 0;\">prefieres una infraestructura ligera y m\u00e1s f\u00e1cil de gestionar,<\/li>\n<li style=\"margin-left: 0;\">no necesitas la complejidad de nivel empresarial y deseas un sistema sencillo y eficiente.<\/li>\n<\/ul>\n<p>OpenCart es ideal para empresas que han superado las necesidades de recursos de Shopware y prefieren plena independencia con flexibilidad open-source y una gesti\u00f3n sencilla a largo plazo.<\/p>\n<\/div>\n\n\t<div id=\"gap-1539688873\" class=\"gap-element clearfix\" style=\"display:block; height:auto;\">\n\t\t\n<style>\n#gap-1539688873 {\n  padding-top: 60px;\n}\n<\/style>\n\t<\/div>\n\t\n\n\t<div id=\"text-4104133227\" class=\"text\">\n\t\t\n\n<div style=\"border-right: 5px #0093e3 solid; padding-right: 40px;\">\n<h2 style=\"color: #0093e3\">\u00bfC\u00f3mo funciona la migraci\u00f3n de Shopware a OpenCart?<\/h2>\n<p>Manejamos cuidadosamente el proceso de migraci\u00f3n para garantizar la precisi\u00f3n completa de los datos, la configuraci\u00f3n adecuada de la plataforma y la continuidad del negocio sin interrupciones durante la transici\u00f3n.<\/p>\n<p><b>Transferimos los datos completos de productos<\/b><br>Productos, categor\u00edas, variantes, datos SEO, atributos e im\u00e1genes son importados a OpenCart.<\/p>\n<p><b>Preservamos los datos de clientes<\/b><br>Perfiles de clientes, direcciones, datos de contacto e historiales de pedidos se migran de forma segura.<\/p>\n<p><b>Restauramos el historial de pedidos<\/b><br>Todas las transacciones, pagos y registros de env\u00edos se transfieren \u00edntegramente para garantizar informes precisos y continuidad operativa.<\/p>\n<\/div>\n\n\t\t\n<style>\n#text-4104133227 {\n  text-align: right;\n}\n<\/style>\n\t<\/div>\n\t\n\n\t\t<\/div>\n\t\t\t\t\t<\/div>\n\n\t\n\n<\/div>\n\n\t\t<\/div>\n\n\t\t\n<style>\n#section_1130923879 {\n  padding-top: 80px;\n  padding-bottom: 80px;\n  background-color: rgb(249, 249, 249);\n}\n<\/style>\n\t<\/section>\n\t\n","protected":false},"excerpt":{"rendered":"","protected":false},"author":2,"featured_media":0,"parent":41375,"menu_order":0,"comment_status":"closed","ping_status":"closed","template":"","meta":{"_lmt_disableupdate":"","_lmt_disable":"","footnotes":""},"yoast_head":"<!-- This site is optimized with the Yoast SEO Premium plugin v21.8 (Yoast SEO v23.5) - https:\/\/yoast.com\/wordpress\/plugins\/seo\/ -->\n<title>Migraci\u00f3n de Shopware a OpenCart<\/title>\n<meta name=\"description\" content=\"Migraci\u00f3n de Shopware a OpenCart: recupera el control total, simplifica la infraestructura y reduce costos con la flexibilidad ligera del e-commerce de c\u00f3digo abierto.\" \/>\n<meta name=\"robots\" content=\"index, follow, max-snippet:-1, max-image-preview:large, max-video-preview:-1\" \/>\n<link rel=\"canonical\" href=\"https:\/\/megamo.eu\/es\/migracion-de-tienda-online-a-otra-plataforma\/migracion-de-shopware-a-opencart\/\" \/>\n<meta property=\"og:locale\" content=\"es_ES\" \/>\n<meta property=\"og:type\" content=\"article\" \/>\n<meta property=\"og:title\" content=\"Migraci\u00f3n de Shopware a OpenCart\" \/>\n<meta property=\"og:description\" content=\"Migraci\u00f3n de Shopware a OpenCart: recupera el control total, simplifica la infraestructura y reduce costos con la flexibilidad ligera del e-commerce de c\u00f3digo abierto.\" \/>\n<meta property=\"og:url\" content=\"https:\/\/megamo.eu\/es\/migracion-de-tienda-online-a-otra-plataforma\/migracion-de-shopware-a-opencart\/\" \/>\n<meta property=\"og:site_name\" content=\"megamo.eu\" \/>\n<meta property=\"article:publisher\" content=\"https:\/\/www.facebook.com\/megamoeu\" \/>\n<meta property=\"article:modified_time\" content=\"2025-10-03T09:14:24+00:00\" \/>\n<meta name=\"twitter:card\" content=\"summary_large_image\" \/>\n<meta name=\"twitter:label1\" content=\"Tiempo de lectura\" \/>\n\t<meta name=\"twitter:data1\" content=\"4 minutos\" \/>\n<script type=\"application\/ld+json\" class=\"yoast-schema-graph\">{\"@context\":\"https:\/\/schema.org\",\"@graph\":[{\"@type\":\"WebPage\",\"@id\":\"https:\/\/megamo.eu\/es\/migracion-de-tienda-online-a-otra-plataforma\/migracion-de-shopware-a-opencart\/\",\"url\":\"https:\/\/megamo.eu\/es\/migracion-de-tienda-online-a-otra-plataforma\/migracion-de-shopware-a-opencart\/\",\"name\":\"Migraci\u00f3n de Shopware a OpenCart\",\"isPartOf\":{\"@id\":\"https:\/\/megamo.eu\/es\/#website\"},\"datePublished\":\"2025-06-17T09:00:40+00:00\",\"dateModified\":\"2025-10-03T09:14:24+00:00\",\"description\":\"Migraci\u00f3n de Shopware a OpenCart: recupera el control total, simplifica la infraestructura y reduce costos con la flexibilidad ligera del e-commerce de c\u00f3digo abierto.\",\"breadcrumb\":{\"@id\":\"https:\/\/megamo.eu\/es\/migracion-de-tienda-online-a-otra-plataforma\/migracion-de-shopware-a-opencart\/#breadcrumb\"},\"inLanguage\":\"es\",\"potentialAction\":[{\"@type\":\"ReadAction\",\"target\":[\"https:\/\/megamo.eu\/es\/migracion-de-tienda-online-a-otra-plataforma\/migracion-de-shopware-a-opencart\/\"]}]},{\"@type\":\"BreadcrumbList\",\"@id\":\"https:\/\/megamo.eu\/es\/migracion-de-tienda-online-a-otra-plataforma\/migracion-de-shopware-a-opencart\/#breadcrumb\",\"itemListElement\":[{\"@type\":\"ListItem\",\"position\":1,\"name\":\"Home\",\"item\":\"https:\/\/megamo.eu\/es\/\"},{\"@type\":\"ListItem\",\"position\":2,\"name\":\"Migraci\u00f3n de Tienda Online a Otra Plataforma\",\"item\":\"https:\/\/megamo.eu\/es\/migracion-de-tienda-online-a-otra-plataforma\/\"},{\"@type\":\"ListItem\",\"position\":3,\"name\":\"Migraci\u00f3n de Shopware a OpenCart\"}]},{\"@type\":\"WebSite\",\"@id\":\"https:\/\/megamo.eu\/es\/#website\",\"url\":\"https:\/\/megamo.eu\/es\/\",\"name\":\"megamo.eu\",\"description\":\"megamo.eu\",\"publisher\":{\"@id\":\"https:\/\/megamo.eu\/es\/#organization\"},\"potentialAction\":[{\"@type\":\"SearchAction\",\"target\":{\"@type\":\"EntryPoint\",\"urlTemplate\":\"https:\/\/megamo.eu\/es\/?s={search_term_string}\"},\"query-input\":{\"@type\":\"PropertyValueSpecification\",\"valueRequired\":true,\"valueName\":\"search_term_string\"}}],\"inLanguage\":\"es\"},{\"@type\":\"Organization\",\"@id\":\"https:\/\/megamo.eu\/es\/#organization\",\"name\":\"Megamo\",\"alternateName\":\"mgo\",\"url\":\"https:\/\/megamo.eu\/es\/\",\"logo\":{\"@type\":\"ImageObject\",\"inLanguage\":\"es\",\"@id\":\"https:\/\/megamo.eu\/es\/#\/schema\/logo\/image\/\",\"url\":\"https:\/\/megamo.eu\/wp-content\/uploads\/2024\/02\/logo_small.png\",\"contentUrl\":\"https:\/\/megamo.eu\/wp-content\/uploads\/2024\/02\/logo_small.png\",\"width\":300,\"height\":113,\"caption\":\"Megamo\"},\"image\":{\"@id\":\"https:\/\/megamo.eu\/es\/#\/schema\/logo\/image\/\"},\"sameAs\":[\"https:\/\/www.facebook.com\/megamoeu\",\"https:\/\/www.youtube.com\/@Megamo_en\"]}]}<\/script>\n<!-- \/ Yoast SEO Premium plugin. -->","yoast_head_json":{"title":"Migraci\u00f3n de Shopware a OpenCart","description":"Migraci\u00f3n de Shopware a OpenCart: recupera el control total, simplifica la infraestructura y reduce costos con la flexibilidad ligera del e-commerce de c\u00f3digo abierto.","robots":{"index":"index","follow":"follow","max-snippet":"max-snippet:-1","max-image-preview":"max-image-preview:large","max-video-preview":"max-video-preview:-1"},"canonical":"https:\/\/megamo.eu\/es\/migracion-de-tienda-online-a-otra-plataforma\/migracion-de-shopware-a-opencart\/","og_locale":"es_ES","og_type":"article","og_title":"Migraci\u00f3n de Shopware a OpenCart","og_description":"Migraci\u00f3n de Shopware a OpenCart: recupera el control total, simplifica la infraestructura y reduce costos con la flexibilidad ligera del e-commerce de c\u00f3digo abierto.","og_url":"https:\/\/megamo.eu\/es\/migracion-de-tienda-online-a-otra-plataforma\/migracion-de-shopware-a-opencart\/","og_site_name":"megamo.eu","article_publisher":"https:\/\/www.facebook.com\/megamoeu","article_modified_time":"2025-10-03T09:14:24+00:00","twitter_card":"summary_large_image","twitter_misc":{"Tiempo de lectura":"4 minutos"},"schema":{"@context":"https:\/\/schema.org","@graph":[{"@type":"WebPage","@id":"https:\/\/megamo.eu\/es\/migracion-de-tienda-online-a-otra-plataforma\/migracion-de-shopware-a-opencart\/","url":"https:\/\/megamo.eu\/es\/migracion-de-tienda-online-a-otra-plataforma\/migracion-de-shopware-a-opencart\/","name":"Migraci\u00f3n de Shopware a OpenCart","isPartOf":{"@id":"https:\/\/megamo.eu\/es\/#website"},"datePublished":"2025-06-17T09:00:40+00:00","dateModified":"2025-10-03T09:14:24+00:00","description":"Migraci\u00f3n de Shopware a OpenCart: recupera el control total, simplifica la infraestructura y reduce costos con la flexibilidad ligera del e-commerce de c\u00f3digo abierto.","breadcrumb":{"@id":"https:\/\/megamo.eu\/es\/migracion-de-tienda-online-a-otra-plataforma\/migracion-de-shopware-a-opencart\/#breadcrumb"},"inLanguage":"es","potentialAction":[{"@type":"ReadAction","target":["https:\/\/megamo.eu\/es\/migracion-de-tienda-online-a-otra-plataforma\/migracion-de-shopware-a-opencart\/"]}]},{"@type":"BreadcrumbList","@id":"https:\/\/megamo.eu\/es\/migracion-de-tienda-online-a-otra-plataforma\/migracion-de-shopware-a-opencart\/#breadcrumb","itemListElement":[{"@type":"ListItem","position":1,"name":"Home","item":"https:\/\/megamo.eu\/es\/"},{"@type":"ListItem","position":2,"name":"Migraci\u00f3n de Tienda Online a Otra Plataforma","item":"https:\/\/megamo.eu\/es\/migracion-de-tienda-online-a-otra-plataforma\/"},{"@type":"ListItem","position":3,"name":"Migraci\u00f3n de Shopware a OpenCart"}]},{"@type":"WebSite","@id":"https:\/\/megamo.eu\/es\/#website","url":"https:\/\/megamo.eu\/es\/","name":"megamo.eu","description":"megamo.eu","publisher":{"@id":"https:\/\/megamo.eu\/es\/#organization"},"potentialAction":[{"@type":"SearchAction","target":{"@type":"EntryPoint","urlTemplate":"https:\/\/megamo.eu\/es\/?s={search_term_string}"},"query-input":{"@type":"PropertyValueSpecification","valueRequired":true,"valueName":"search_term_string"}}],"inLanguage":"es"},{"@type":"Organization","@id":"https:\/\/megamo.eu\/es\/#organization","name":"Megamo","alternateName":"mgo","url":"https:\/\/megamo.eu\/es\/","logo":{"@type":"ImageObject","inLanguage":"es","@id":"https:\/\/megamo.eu\/es\/#\/schema\/logo\/image\/","url":"https:\/\/megamo.eu\/wp-content\/uploads\/2024\/02\/logo_small.png","contentUrl":"https:\/\/megamo.eu\/wp-content\/uploads\/2024\/02\/logo_small.png","width":300,"height":113,"caption":"Megamo"},"image":{"@id":"https:\/\/megamo.eu\/es\/#\/schema\/logo\/image\/"},"sameAs":["https:\/\/www.facebook.com\/megamoeu","https:\/\/www.youtube.com\/@Megamo_en"]}]}},"_links":{"self":[{"href":"https:\/\/megamo.eu\/es\/wp-json\/wp\/v2\/pages\/54456"}],"collection":[{"href":"https:\/\/megamo.eu\/es\/wp-json\/wp\/v2\/pages"}],"about":[{"href":"https:\/\/megamo.eu\/es\/wp-json\/wp\/v2\/types\/page"}],"author":[{"embeddable":true,"href":"https:\/\/megamo.eu\/es\/wp-json\/wp\/v2\/users\/2"}],"replies":[{"embeddable":true,"href":"https:\/\/megamo.eu\/es\/wp-json\/wp\/v2\/comments?post=54456"}],"version-history":[{"count":2,"href":"https:\/\/megamo.eu\/es\/wp-json\/wp\/v2\/pages\/54456\/revisions"}],"predecessor-version":[{"id":56723,"href":"https:\/\/megamo.eu\/es\/wp-json\/wp\/v2\/pages\/54456\/revisions\/56723"}],"up":[{"embeddable":true,"href":"https:\/\/megamo.eu\/es\/wp-json\/wp\/v2\/pages\/41375"}],"wp:attachment":[{"href":"https:\/\/megamo.eu\/es\/wp-json\/wp\/v2\/media?parent=54456"}],"curies":[{"name":"wp","href":"https:\/\/api.w.org\/{rel}","templated":true}]}}