{"id":54452,"date":"2025-06-17T11:00:42","date_gmt":"2025-06-17T09:00:42","guid":{"rendered":"https:\/\/megamo.eu\/migracion-de-tienda-online-a-otra-plataforma\/migration-from-shopware-to-shopify\/"},"modified":"2025-10-03T11:21:16","modified_gmt":"2025-10-03T09:21:16","slug":"migracion-de-shopware-a-shopify","status":"publish","type":"page","link":"https:\/\/megamo.eu\/es\/migracion-de-tienda-online-a-otra-plataforma\/migracion-de-shopware-a-shopify\/","title":{"rendered":"Migraci\u00f3n de Shopware a Shopify"},"content":{"rendered":"\n\t<div id=\"gap-595275546\" class=\"gap-element clearfix\" style=\"display:block; height:auto;\">\n\t\t\n<style>\n#gap-595275546 {\n  padding-top: 60px;\n}\n<\/style>\n\t<\/div>\n\t\n\n\t<section class=\"section\" id=\"section_1345033637\">\n\t\t<div class=\"bg section-bg fill bg-fill  bg-loaded\" >\n\n\t\t\t\n\t\t\t\n\t\t\t\n\n\t\t<\/div>\n\n\t\t\n\n\t\t<div class=\"section-content relative\">\n\t\t\t\n\n<div class=\"row\"  id=\"row-84512950\">\n\n\n\t<div id=\"col-1786029554\" class=\"col small-12 large-12\"  >\n\t\t\t\t<div class=\"col-inner text-center\"  >\n\t\t\t\n\t\t\t\n\n\t<div id=\"text-3205661960\" class=\"text\">\n\t\t\n\n<h1>Migraci\u00f3n de Shopware a Shopify<\/h1>\n\n\t\t\n<style>\n#text-3205661960 {\n  font-size: 1.3rem;\n}\n<\/style>\n\t<\/div>\n\t\n\n\t\t<\/div>\n\t\t\t\t\t<\/div>\n\n\t\n\n<\/div>\n<div class=\"row\"  id=\"row-1109623931\">\n\n\n\t<div id=\"col-687333751\" class=\"col small-12 large-12\"  >\n\t\t\t\t<div class=\"col-inner text-center\"  >\n\t\t\t\n\t\t\t\n\n\t<div class=\"img has-hover x md-x lg-x y md-y lg-y\" id=\"image_912461397\">\n\t\t\t\t\t\t\t\t<div class=\"img-inner dark\" >\n\t\t\t<img loading=\"lazy\" decoding=\"async\" width=\"820\" height=\"300\" src=\"https:\/\/megamo.eu\/wp-content\/uploads\/2025\/06\/shopware-shopify-migration.webp\" class=\"attachment-original size-original\" alt=\"\" srcset=\"https:\/\/megamo.eu\/wp-content\/uploads\/2025\/06\/shopware-shopify-migration.webp 820w, https:\/\/megamo.eu\/wp-content\/uploads\/2025\/06\/shopware-shopify-migration-800x293.webp 800w, https:\/\/megamo.eu\/wp-content\/uploads\/2025\/06\/shopware-shopify-migration-768x281.webp 768w, https:\/\/megamo.eu\/wp-content\/uploads\/2025\/06\/shopware-shopify-migration-600x220.webp 600w\" sizes=\"(max-width: 820px) 100vw, 820px\" \/>\t\t\t\t\t\t\n\t\t\t\t\t<\/div>\n\t\t\t\t\t\t\t\t\n<style>\n#image_912461397 {\n  width: 60%;\n}\n<\/style>\n\t<\/div>\n\t\n\n\t<div id=\"text-3342614190\" class=\"text\">\n\t\t\n\n<p>MIGRACI\u00d3N DE PLATAFORMA | Shopware a Shopify<\/p>\n\n\t\t\n<style>\n#text-3342614190 {\n  font-size: 1.2rem;\n  color: rgb(155, 155, 155);\n}\n#text-3342614190 > * {\n  color: rgb(155, 155, 155);\n}\n<\/style>\n\t<\/div>\n\t\n\t<div id=\"text-1540143641\" class=\"text\">\n\t\t\n\n<p style=\"margin-bottom: 60px\">Shopware ofrece una gran flexibilidad a nivel empresarial, pero gestionar la infraestructura, las actualizaciones y la complejidad t\u00e9cnica puede convertirse en una carga para algunos negocios. Migrar a Shopify te permite eliminar la gesti\u00f3n de servidores, simplificar las operaciones de tu tienda y aprovechar la escalabilidad SaaS con seguridad integrada, actualizaciones autom\u00e1ticas y una amplia gama de integraciones para un r\u00e1pido crecimiento global.<\/p>\n\n\t\t\n<style>\n#text-1540143641 {\n  text-align: left;\n}\n<\/style>\n\t<\/div>\n\t\n<a href=\"https:\/\/forms.clickup.com\/9012257574\/f\/8cjr8t6-8752\/JCI89GNZOP1PSMHSHF\" target=\"_blank\" class=\"button primary\" rel=\"noopener\"  >\n  <i class=\"icon-checkmark\" aria-hidden=\"true\" ><\/i>  <span>Migra tu tienda de Shopware a Shopify<\/span>\n  <\/a>\n\n\n<a href=\"\/es\/migracion-de-tienda-online-a-otra-plataforma\/\" class=\"button primary\"  >\n  <i class=\"icon-tag\" aria-hidden=\"true\" ><\/i>  <span>Ver otros servicios de migraci\u00f3n<\/span>\n  <\/a>\n\n\n\n\t\t<\/div>\n\t\t\t\t\t<\/div>\n\n\t\n\n<\/div>\n\n\t\t<\/div>\n\n\t\t\n<style>\n#section_1345033637 {\n  padding-top: 30px;\n  padding-bottom: 30px;\n}\n<\/style>\n\t<\/section>\n\t\n\t<section class=\"section\" id=\"section_207854838\">\n\t\t<div class=\"bg section-bg fill bg-fill  bg-loaded\" >\n\n\t\t\t\n\t\t\t\n\t\t\t\n\n\t\t<\/div>\n\n\t\t\n\n\t\t<div class=\"section-content relative\">\n\t\t\t\n\n<div class=\"row\"  id=\"row-925738928\">\n\n\n\t<div id=\"col-225834950\" class=\"col medium-6 small-12 large-6\"  >\n\t\t\t\t<div class=\"col-inner text-left\"  >\n\t\t\t\n\t\t\t\n\n<h3>Shopware \u2013 preparado para enterprise, pero dependiente de la infraestructura<\/h3>\n<p>Shopware ofrece comercio headless, capacidades B2B y gran escalabilidad, pero requiere gesti\u00f3n de servidores, experiencia t\u00e9cnica y mantenimiento continuo, lo cual puede resultar demasiado costoso en recursos para empresas que buscan operaciones m\u00e1s simples.<\/p>\n<h4>Ventajas de Shopware:<\/h4>\n<ul>\n<li>arquitectura de comercio headless API-first,<\/li>\n<li>potentes capacidades B2B y multicanal,<\/li>\n<li>integraciones avanzadas con sistemas empresariales,<\/li>\n<li>alta flexibilidad para necesidades complejas de e-commerce.<\/li>\n<\/ul>\n<h4>Desventajas de Shopware:<\/h4>\n<ul>\n<li>requiere hosting y gesti\u00f3n de infraestructura,<\/li>\n<li>mayores costes de mantenimiento t\u00e9cnico,<\/li>\n<li>se necesitan recursos de desarrollo para personalizaciones,<\/li>\n<li>configuraci\u00f3n m\u00e1s compleja para equipos peque\u00f1os.<\/li>\n<\/ul>\n\n\t\t<\/div>\n\t\t\t\t\t<\/div>\n\n\t\n\n\t<div id=\"col-1284225063\" class=\"col medium-6 small-12 large-6\"  >\n\t\t\t\t<div class=\"col-inner text-left\"  >\n\t\t\t\n\t\t\t\n\n<h3>Shopify \u2013 simplicidad SaaS totalmente alojada<\/h3>\n<p>Shopify permite que las empresas se concentren en crecer mientras la plataforma se encarga autom\u00e1ticamente de la infraestructura, las actualizaciones y la seguridad. Ofrece un gran marketplace de aplicaciones, ventas multicanal y escalabilidad SaaS sin necesidad de equipos t\u00e9cnicos internos ni gesti\u00f3n compleja de servidores.<\/p>\n<h4>Ventajas de Shopify:<\/h4>\n<ul>\n<li>plataforma SaaS totalmente alojada, sin gesti\u00f3n de servidores,<\/li>\n<li>actualizaciones autom\u00e1ticas, copias de seguridad y cumplimiento PCI,<\/li>\n<li>gran marketplace de apps para ampliar funcionalidades,<\/li>\n<li>ventas multicanal en marketplaces y redes sociales.<\/li>\n<\/ul>\n<h4>Desventajas de Shopify:<\/h4>\n<ul>\n<li>costes mensuales de suscripci\u00f3n y aplicaciones,<\/li>\n<li>acceso limitado al backend frente a plataformas open-source,<\/li>\n<li>comisiones por transacci\u00f3n con algunos proveedores de pago,<\/li>\n<li>ciertas funciones avanzadas requieren aplicaciones de terceros.<\/li>\n<\/ul>\n\n\t\t<\/div>\n\t\t\t\t\t<\/div>\n\n\t\n\n<\/div>\n\n\t\t<\/div>\n\n\t\t\n<style>\n#section_207854838 {\n  padding-top: 0px;\n  padding-bottom: 0px;\n}\n<\/style>\n\t<\/section>\n\t\n\t<section class=\"section\" id=\"section_176195299\">\n\t\t<div class=\"bg section-bg fill bg-fill  bg-loaded\" >\n\n\t\t\t\n\t\t\t\n\t\t\t\n\n\t\t<\/div>\n\n\t\t\n\n\t\t<div class=\"section-content relative\">\n\t\t\t\n\n<div class=\"row\"  id=\"row-1142383739\">\n\n\n\t<div id=\"col-1340530984\" class=\"col small-12 large-12\"  >\n\t\t\t\t<div class=\"col-inner\"  >\n\t\t\t\n\t\t\t\n\n<div style=\"border-left: 5px #fe5e08 solid; padding-left: 40px;\">\n<h2 style=\"color: #fe5e08;\">\u00bfPor qu\u00e9 migrar tu tienda de Shopware a Shopify?<\/h2>\n<p><b>Migrar a Shopify tiene sentido si:<\/b><\/p>\n<ul style=\"list-style-type: none;\">\n<li style=\"margin-left: 0;\">quieres eliminar la gesti\u00f3n de servidores y simplificar operaciones,<\/li>\n<li style=\"margin-left: 0;\">buscas flexibilidad SaaS con escalabilidad integrada,<\/li>\n<li style=\"margin-left: 0;\">quieres un despliegue m\u00e1s r\u00e1pido y menos carga t\u00e9cnica,<\/li>\n<li style=\"margin-left: 0;\">prefieres enfocarte en ventas, marketing y crecimiento en lugar de infraestructura.<\/li>\n<\/ul>\n<p>Shopify es perfecto para empresas que quieren simplificar la gesti\u00f3n de su tienda y escalar r\u00e1pidamente con la comodidad del SaaS, manteniendo funcionalidades enterprise gracias a apps e integraciones.<\/p>\n<\/div>\n\n\t<div id=\"gap-658542801\" class=\"gap-element clearfix\" style=\"display:block; height:auto;\">\n\t\t\n<style>\n#gap-658542801 {\n  padding-top: 60px;\n}\n<\/style>\n\t<\/div>\n\t\n\n\t<div id=\"text-938842587\" class=\"text\">\n\t\t\n\n<div style=\"border-right: 5px #0093e3 solid; padding-right: 40px;\">\n<h2 style=\"color: #0093e3\">\u00bfC\u00f3mo funciona la migraci\u00f3n de Shopware a Shopify?<\/h2>\n<p>Gestionamos todo el proceso de migraci\u00f3n con precisi\u00f3n para garantizar la exactitud de los datos, la correcta configuraci\u00f3n del sistema y la continuidad del negocio durante la transici\u00f3n.<\/p>\n<p><b>Transferimos los datos completos de productos<\/b><br>Productos, variantes, categor\u00edas, datos SEO, atributos e im\u00e1genes se importan en Shopify.<\/p>\n<p><b>Preservamos los datos de clientes<\/b><br>Cuentas de clientes, historiales de pedidos, direcciones e informaci\u00f3n de contacto se migran y asignan de forma segura.<\/p>\n<p><b>Restauramos el historial de pedidos<\/b><br>Todas las transacciones, estados de pago y datos de env\u00edo se transfieren para garantizar la continuidad de informes y operaciones.<\/p>\n<\/div>\n\n\t\t\n<style>\n#text-938842587 {\n  text-align: right;\n}\n<\/style>\n\t<\/div>\n\t\n\n\t\t<\/div>\n\t\t\t\t\t<\/div>\n\n\t\n\n<\/div>\n\n\t\t<\/div>\n\n\t\t\n<style>\n#section_176195299 {\n  padding-top: 80px;\n  padding-bottom: 80px;\n  background-color: rgb(249, 249, 249);\n}\n<\/style>\n\t<\/section>\n\t\n","protected":false},"excerpt":{"rendered":"","protected":false},"author":2,"featured_media":0,"parent":41375,"menu_order":0,"comment_status":"closed","ping_status":"closed","template":"","meta":{"_lmt_disableupdate":"","_lmt_disable":"","footnotes":""},"yoast_head":"<!-- This site is optimized with the Yoast SEO Premium plugin v21.8 (Yoast SEO v23.5) - https:\/\/yoast.com\/wordpress\/plugins\/seo\/ -->\n<title>Migraci\u00f3n de Shopware a Shopify<\/title>\n<meta name=\"description\" content=\"Migraci\u00f3n de Shopware a Shopify: simplifica la infraestructura, elimina la gesti\u00f3n de servidores y escala globalmente con la flexibilidad de e-commerce impulsada por SaaS.\" \/>\n<meta name=\"robots\" content=\"index, follow, max-snippet:-1, max-image-preview:large, max-video-preview:-1\" \/>\n<link rel=\"canonical\" href=\"https:\/\/megamo.eu\/es\/migracion-de-tienda-online-a-otra-plataforma\/migracion-de-shopware-a-shopify\/\" \/>\n<meta property=\"og:locale\" content=\"es_ES\" \/>\n<meta property=\"og:type\" content=\"article\" \/>\n<meta property=\"og:title\" content=\"Migraci\u00f3n de Shopware a Shopify\" \/>\n<meta property=\"og:description\" content=\"Migraci\u00f3n de Shopware a Shopify: simplifica la infraestructura, elimina la gesti\u00f3n de servidores y escala globalmente con la flexibilidad de e-commerce impulsada por SaaS.\" \/>\n<meta property=\"og:url\" content=\"https:\/\/megamo.eu\/es\/migracion-de-tienda-online-a-otra-plataforma\/migracion-de-shopware-a-shopify\/\" \/>\n<meta property=\"og:site_name\" content=\"megamo.eu\" \/>\n<meta property=\"article:publisher\" content=\"https:\/\/www.facebook.com\/megamoeu\" \/>\n<meta property=\"article:modified_time\" content=\"2025-10-03T09:21:16+00:00\" \/>\n<meta name=\"twitter:card\" content=\"summary_large_image\" \/>\n<meta name=\"twitter:label1\" content=\"Tiempo de lectura\" \/>\n\t<meta name=\"twitter:data1\" content=\"4 minutos\" \/>\n<script type=\"application\/ld+json\" class=\"yoast-schema-graph\">{\"@context\":\"https:\/\/schema.org\",\"@graph\":[{\"@type\":\"WebPage\",\"@id\":\"https:\/\/megamo.eu\/es\/migracion-de-tienda-online-a-otra-plataforma\/migracion-de-shopware-a-shopify\/\",\"url\":\"https:\/\/megamo.eu\/es\/migracion-de-tienda-online-a-otra-plataforma\/migracion-de-shopware-a-shopify\/\",\"name\":\"Migraci\u00f3n de Shopware a Shopify\",\"isPartOf\":{\"@id\":\"https:\/\/megamo.eu\/es\/#website\"},\"datePublished\":\"2025-06-17T09:00:42+00:00\",\"dateModified\":\"2025-10-03T09:21:16+00:00\",\"description\":\"Migraci\u00f3n de Shopware a Shopify: simplifica la infraestructura, elimina la gesti\u00f3n de servidores y escala globalmente con la flexibilidad de e-commerce impulsada por SaaS.\",\"breadcrumb\":{\"@id\":\"https:\/\/megamo.eu\/es\/migracion-de-tienda-online-a-otra-plataforma\/migracion-de-shopware-a-shopify\/#breadcrumb\"},\"inLanguage\":\"es\",\"potentialAction\":[{\"@type\":\"ReadAction\",\"target\":[\"https:\/\/megamo.eu\/es\/migracion-de-tienda-online-a-otra-plataforma\/migracion-de-shopware-a-shopify\/\"]}]},{\"@type\":\"BreadcrumbList\",\"@id\":\"https:\/\/megamo.eu\/es\/migracion-de-tienda-online-a-otra-plataforma\/migracion-de-shopware-a-shopify\/#breadcrumb\",\"itemListElement\":[{\"@type\":\"ListItem\",\"position\":1,\"name\":\"Home\",\"item\":\"https:\/\/megamo.eu\/es\/\"},{\"@type\":\"ListItem\",\"position\":2,\"name\":\"Migraci\u00f3n de Tienda Online a Otra Plataforma\",\"item\":\"https:\/\/megamo.eu\/es\/migracion-de-tienda-online-a-otra-plataforma\/\"},{\"@type\":\"ListItem\",\"position\":3,\"name\":\"Migraci\u00f3n de Shopware a Shopify\"}]},{\"@type\":\"WebSite\",\"@id\":\"https:\/\/megamo.eu\/es\/#website\",\"url\":\"https:\/\/megamo.eu\/es\/\",\"name\":\"megamo.eu\",\"description\":\"megamo.eu\",\"publisher\":{\"@id\":\"https:\/\/megamo.eu\/es\/#organization\"},\"potentialAction\":[{\"@type\":\"SearchAction\",\"target\":{\"@type\":\"EntryPoint\",\"urlTemplate\":\"https:\/\/megamo.eu\/es\/?s={search_term_string}\"},\"query-input\":{\"@type\":\"PropertyValueSpecification\",\"valueRequired\":true,\"valueName\":\"search_term_string\"}}],\"inLanguage\":\"es\"},{\"@type\":\"Organization\",\"@id\":\"https:\/\/megamo.eu\/es\/#organization\",\"name\":\"Megamo\",\"alternateName\":\"mgo\",\"url\":\"https:\/\/megamo.eu\/es\/\",\"logo\":{\"@type\":\"ImageObject\",\"inLanguage\":\"es\",\"@id\":\"https:\/\/megamo.eu\/es\/#\/schema\/logo\/image\/\",\"url\":\"https:\/\/megamo.eu\/wp-content\/uploads\/2024\/02\/logo_small.png\",\"contentUrl\":\"https:\/\/megamo.eu\/wp-content\/uploads\/2024\/02\/logo_small.png\",\"width\":300,\"height\":113,\"caption\":\"Megamo\"},\"image\":{\"@id\":\"https:\/\/megamo.eu\/es\/#\/schema\/logo\/image\/\"},\"sameAs\":[\"https:\/\/www.facebook.com\/megamoeu\",\"https:\/\/www.youtube.com\/@Megamo_en\"]}]}<\/script>\n<!-- \/ Yoast SEO Premium plugin. -->","yoast_head_json":{"title":"Migraci\u00f3n de Shopware a Shopify","description":"Migraci\u00f3n de Shopware a Shopify: simplifica la infraestructura, elimina la gesti\u00f3n de servidores y escala globalmente con la flexibilidad de e-commerce impulsada por SaaS.","robots":{"index":"index","follow":"follow","max-snippet":"max-snippet:-1","max-image-preview":"max-image-preview:large","max-video-preview":"max-video-preview:-1"},"canonical":"https:\/\/megamo.eu\/es\/migracion-de-tienda-online-a-otra-plataforma\/migracion-de-shopware-a-shopify\/","og_locale":"es_ES","og_type":"article","og_title":"Migraci\u00f3n de Shopware a Shopify","og_description":"Migraci\u00f3n de Shopware a Shopify: simplifica la infraestructura, elimina la gesti\u00f3n de servidores y escala globalmente con la flexibilidad de e-commerce impulsada por SaaS.","og_url":"https:\/\/megamo.eu\/es\/migracion-de-tienda-online-a-otra-plataforma\/migracion-de-shopware-a-shopify\/","og_site_name":"megamo.eu","article_publisher":"https:\/\/www.facebook.com\/megamoeu","article_modified_time":"2025-10-03T09:21:16+00:00","twitter_card":"summary_large_image","twitter_misc":{"Tiempo de lectura":"4 minutos"},"schema":{"@context":"https:\/\/schema.org","@graph":[{"@type":"WebPage","@id":"https:\/\/megamo.eu\/es\/migracion-de-tienda-online-a-otra-plataforma\/migracion-de-shopware-a-shopify\/","url":"https:\/\/megamo.eu\/es\/migracion-de-tienda-online-a-otra-plataforma\/migracion-de-shopware-a-shopify\/","name":"Migraci\u00f3n de Shopware a Shopify","isPartOf":{"@id":"https:\/\/megamo.eu\/es\/#website"},"datePublished":"2025-06-17T09:00:42+00:00","dateModified":"2025-10-03T09:21:16+00:00","description":"Migraci\u00f3n de Shopware a Shopify: simplifica la infraestructura, elimina la gesti\u00f3n de servidores y escala globalmente con la flexibilidad de e-commerce impulsada por SaaS.","breadcrumb":{"@id":"https:\/\/megamo.eu\/es\/migracion-de-tienda-online-a-otra-plataforma\/migracion-de-shopware-a-shopify\/#breadcrumb"},"inLanguage":"es","potentialAction":[{"@type":"ReadAction","target":["https:\/\/megamo.eu\/es\/migracion-de-tienda-online-a-otra-plataforma\/migracion-de-shopware-a-shopify\/"]}]},{"@type":"BreadcrumbList","@id":"https:\/\/megamo.eu\/es\/migracion-de-tienda-online-a-otra-plataforma\/migracion-de-shopware-a-shopify\/#breadcrumb","itemListElement":[{"@type":"ListItem","position":1,"name":"Home","item":"https:\/\/megamo.eu\/es\/"},{"@type":"ListItem","position":2,"name":"Migraci\u00f3n de Tienda Online a Otra Plataforma","item":"https:\/\/megamo.eu\/es\/migracion-de-tienda-online-a-otra-plataforma\/"},{"@type":"ListItem","position":3,"name":"Migraci\u00f3n de Shopware a Shopify"}]},{"@type":"WebSite","@id":"https:\/\/megamo.eu\/es\/#website","url":"https:\/\/megamo.eu\/es\/","name":"megamo.eu","description":"megamo.eu","publisher":{"@id":"https:\/\/megamo.eu\/es\/#organization"},"potentialAction":[{"@type":"SearchAction","target":{"@type":"EntryPoint","urlTemplate":"https:\/\/megamo.eu\/es\/?s={search_term_string}"},"query-input":{"@type":"PropertyValueSpecification","valueRequired":true,"valueName":"search_term_string"}}],"inLanguage":"es"},{"@type":"Organization","@id":"https:\/\/megamo.eu\/es\/#organization","name":"Megamo","alternateName":"mgo","url":"https:\/\/megamo.eu\/es\/","logo":{"@type":"ImageObject","inLanguage":"es","@id":"https:\/\/megamo.eu\/es\/#\/schema\/logo\/image\/","url":"https:\/\/megamo.eu\/wp-content\/uploads\/2024\/02\/logo_small.png","contentUrl":"https:\/\/megamo.eu\/wp-content\/uploads\/2024\/02\/logo_small.png","width":300,"height":113,"caption":"Megamo"},"image":{"@id":"https:\/\/megamo.eu\/es\/#\/schema\/logo\/image\/"},"sameAs":["https:\/\/www.facebook.com\/megamoeu","https:\/\/www.youtube.com\/@Megamo_en"]}]}},"_links":{"self":[{"href":"https:\/\/megamo.eu\/es\/wp-json\/wp\/v2\/pages\/54452"}],"collection":[{"href":"https:\/\/megamo.eu\/es\/wp-json\/wp\/v2\/pages"}],"about":[{"href":"https:\/\/megamo.eu\/es\/wp-json\/wp\/v2\/types\/page"}],"author":[{"embeddable":true,"href":"https:\/\/megamo.eu\/es\/wp-json\/wp\/v2\/users\/2"}],"replies":[{"embeddable":true,"href":"https:\/\/megamo.eu\/es\/wp-json\/wp\/v2\/comments?post=54452"}],"version-history":[{"count":2,"href":"https:\/\/megamo.eu\/es\/wp-json\/wp\/v2\/pages\/54452\/revisions"}],"predecessor-version":[{"id":56727,"href":"https:\/\/megamo.eu\/es\/wp-json\/wp\/v2\/pages\/54452\/revisions\/56727"}],"up":[{"embeddable":true,"href":"https:\/\/megamo.eu\/es\/wp-json\/wp\/v2\/pages\/41375"}],"wp:attachment":[{"href":"https:\/\/megamo.eu\/es\/wp-json\/wp\/v2\/media?parent=54452"}],"curies":[{"name":"wp","href":"https:\/\/api.w.org\/{rel}","templated":true}]}}