{"id":54446,"date":"2025-06-17T11:00:45","date_gmt":"2025-06-17T09:00:45","guid":{"rendered":"https:\/\/megamo.eu\/migracion-de-tienda-online-a-otra-plataforma\/migration-from-woocommerce-to-magento\/"},"modified":"2025-10-03T11:29:07","modified_gmt":"2025-10-03T09:29:07","slug":"migracion-de-woocommerce-a-magento","status":"publish","type":"page","link":"https:\/\/megamo.eu\/es\/migracion-de-tienda-online-a-otra-plataforma\/migracion-de-woocommerce-a-magento\/","title":{"rendered":"Migraci\u00f3n de WooCommerce a Magento"},"content":{"rendered":"\n\t<div id=\"gap-1728840040\" class=\"gap-element clearfix\" style=\"display:block; height:auto;\">\n\t\t\n<style>\n#gap-1728840040 {\n  padding-top: 60px;\n}\n<\/style>\n\t<\/div>\n\t\n\n\t<section class=\"section\" id=\"section_677735620\">\n\t\t<div class=\"bg section-bg fill bg-fill  bg-loaded\" >\n\n\t\t\t\n\t\t\t\n\t\t\t\n\n\t\t<\/div>\n\n\t\t\n\n\t\t<div class=\"section-content relative\">\n\t\t\t\n\n<div class=\"row\"  id=\"row-1276410051\">\n\n\n\t<div id=\"col-2007771604\" class=\"col small-12 large-12\"  >\n\t\t\t\t<div class=\"col-inner text-center\"  >\n\t\t\t\n\t\t\t\n\n\t<div id=\"text-894589550\" class=\"text\">\n\t\t\n\n<h1>Migraci\u00f3n de WooCommerce a Magento<\/h1>\n\n\t\t\n<style>\n#text-894589550 {\n  font-size: 1.3rem;\n}\n<\/style>\n\t<\/div>\n\t\n\n\t\t<\/div>\n\t\t\t\t\t<\/div>\n\n\t\n\n<\/div>\n<div class=\"row\"  id=\"row-553434890\">\n\n\n\t<div id=\"col-501962187\" class=\"col small-12 large-12\"  >\n\t\t\t\t<div class=\"col-inner text-center\"  >\n\t\t\t\n\t\t\t\n\n\t<div class=\"img has-hover x md-x lg-x y md-y lg-y\" id=\"image_1555708538\">\n\t\t\t\t\t\t\t\t<div class=\"img-inner dark\" >\n\t\t\t<img loading=\"lazy\" decoding=\"async\" width=\"820\" height=\"300\" src=\"https:\/\/megamo.eu\/wp-content\/uploads\/2025\/06\/woo-magento-migration.webp\" class=\"attachment-original size-original\" alt=\"\" srcset=\"https:\/\/megamo.eu\/wp-content\/uploads\/2025\/06\/woo-magento-migration.webp 820w, https:\/\/megamo.eu\/wp-content\/uploads\/2025\/06\/woo-magento-migration-800x293.webp 800w, https:\/\/megamo.eu\/wp-content\/uploads\/2025\/06\/woo-magento-migration-768x281.webp 768w, https:\/\/megamo.eu\/wp-content\/uploads\/2025\/06\/woo-magento-migration-600x220.webp 600w\" sizes=\"(max-width: 820px) 100vw, 820px\" \/>\t\t\t\t\t\t\n\t\t\t\t\t<\/div>\n\t\t\t\t\t\t\t\t\n<style>\n#image_1555708538 {\n  width: 60%;\n}\n<\/style>\n\t<\/div>\n\t\n\n\t<div id=\"text-3026121716\" class=\"text\">\n\t\t\n\n<p>MIGRACI\u00d3N DE PLATAFORMA | WooCommerce a Magento<\/p>\n\n\t\t\n<style>\n#text-3026121716 {\n  font-size: 1.2rem;\n  color: rgb(155, 155, 155);\n}\n#text-3026121716 > * {\n  color: rgb(155, 155, 155);\n}\n<\/style>\n\t<\/div>\n\t\n\t<div id=\"text-3853550811\" class=\"text\">\n\t\t\n\n<p style=\"margin-bottom: 60px\">WooCommerce ofrece gran flexibilidad para peque\u00f1as empresas, pero a medida que tu tienda crece en complejidad, puedes necesitar escalabilidad de nivel enterprise, funciones B2B avanzadas e infraestructura m\u00e1s robusta. En ese punto, migrar a Magento se convierte en la decisi\u00f3n estrat\u00e9gica correcta para negocios de e-commerce en crecimiento.<\/p>\n\n\t\t\n<style>\n#text-3853550811 {\n  text-align: left;\n}\n<\/style>\n\t<\/div>\n\t\n<a href=\"https:\/\/forms.clickup.com\/9012257574\/f\/8cjr8t6-8752\/JCI89GNZOP1PSMHSHF\" target=\"_blank\" class=\"button primary\" rel=\"noopener\"  >\n  <i class=\"icon-checkmark\" aria-hidden=\"true\" ><\/i>  <span>Migra tu tienda de WooCommerce a Magento<\/span>\n  <\/a>\n\n\n<a href=\"\/es\/migracion-de-tienda-online-a-otra-plataforma\/\" class=\"button primary\"  >\n  <i class=\"icon-tag\" aria-hidden=\"true\" ><\/i>  <span>Ver otros servicios de migraci\u00f3n<\/span>\n  <\/a>\n\n\n\n\t\t<\/div>\n\t\t\t\t\t<\/div>\n\n\t\n\n<\/div>\n\n\t\t<\/div>\n\n\t\t\n<style>\n#section_677735620 {\n  padding-top: 30px;\n  padding-bottom: 30px;\n}\n<\/style>\n\t<\/section>\n\t\n\t<section class=\"section\" id=\"section_1050041306\">\n\t\t<div class=\"bg section-bg fill bg-fill  bg-loaded\" >\n\n\t\t\t\n\t\t\t\n\t\t\t\n\n\t\t<\/div>\n\n\t\t\n\n\t\t<div class=\"section-content relative\">\n\t\t\t\n\n<div class=\"row\"  id=\"row-1561538437\">\n\n\n\t<div id=\"col-82047072\" class=\"col medium-6 small-12 large-6\"  >\n\t\t\t\t<div class=\"col-inner text-left\"  >\n\t\t\t\n\t\t\t\n\n<h3>WooCommerce \u2013 flexible, pero limitado para operaciones grandes<\/h3>\n<p>WooCommerce funciona muy bien para startups y tiendas centradas en contenido. Sin embargo, cuando se requieren cat\u00e1logos de productos avanzados, precios personalizados e integraciones empresariales, WooCommerce empieza a mostrar sus l\u00edmites, especialmente en entornos a gran escala.<\/p>\n<h4>Ventajas de WooCommerce:<\/h4>\n<ul>\n<li>flexibilidad open-source y acceso al c\u00f3digo fuente,<\/li>\n<li>amplio marketplace de plugins,<\/li>\n<li>f\u00e1cil integraci\u00f3n con WordPress para marketing de contenidos,<\/li>\n<li>menores costes iniciales de puesta en marcha.<\/li>\n<\/ul>\n<h4>Desventajas de WooCommerce:<\/h4>\n<ul>\n<li>retos de rendimiento con cat\u00e1logos y tr\u00e1fico grandes,<\/li>\n<li>requiere mantenimiento t\u00e9cnico constante,<\/li>\n<li>capacidades B2B limitadas de forma nativa,<\/li>\n<li>arquitectura compleja para funciones enterprise a medida.<\/li>\n<\/ul>\n\n\t\t<\/div>\n\t\t\t\t\t<\/div>\n\n\t\n\n\t<div id=\"col-1535803665\" class=\"col medium-6 small-12 large-6\"  >\n\t\t\t\t<div class=\"col-inner text-left\"  >\n\t\t\t\n\t\t\t\n\n<h3>Magento \u2013 potencia de e-commerce a nivel enterprise<\/h3>\n<p>Magento (Adobe Commerce) est\u00e1 pensado para operaciones de e-commerce grandes y complejas. Ofrece escalabilidad avanzada, control total sobre el desarrollo a medida y una rica funcionalidad para B2B, multitienda y ventas internacionales, todo bajo una infraestructura robusta y segura.<\/p>\n<h4>Ventajas de Magento:<\/h4>\n<ul>\n<li>potentes funciones B2B y B2C listas para usar,<\/li>\n<li>arquitectura escalable para ventas de alto volumen,<\/li>\n<li>gesti\u00f3n flexible de productos y reglas de precios,<\/li>\n<li>API avanzada y soporte para integraciones enterprise.<\/li>\n<\/ul>\n<h4>Desventajas de Magento:<\/h4>\n<ul>\n<li>mayores costes de desarrollo y mantenimiento,<\/li>\n<li>requiere un equipo t\u00e9cnico experimentado para el soporte continuo.<\/li>\n<\/ul>\n\n\t\t<\/div>\n\t\t\t\t\t<\/div>\n\n\t\n\n<\/div>\n\n\t\t<\/div>\n\n\t\t\n<style>\n#section_1050041306 {\n  padding-top: 0px;\n  padding-bottom: 0px;\n}\n<\/style>\n\t<\/section>\n\t\n\t<section class=\"section\" id=\"section_1046366358\">\n\t\t<div class=\"bg section-bg fill bg-fill  bg-loaded\" >\n\n\t\t\t\n\t\t\t\n\t\t\t\n\n\t\t<\/div>\n\n\t\t\n\n\t\t<div class=\"section-content relative\">\n\t\t\t\n\n<div class=\"row\"  id=\"row-199004958\">\n\n\n\t<div id=\"col-128029200\" class=\"col small-12 large-12\"  >\n\t\t\t\t<div class=\"col-inner\"  >\n\t\t\t\n\t\t\t\n\n<div style=\"border-left: 5px #fe5e08 solid; padding-left: 40px;\">\n<h2 style=\"color: #fe5e08;\">\u00bfPor qu\u00e9 migrar tu tienda de WooCommerce a Magento?<\/h2>\n<p><b>Migrar a Magento es ideal si:<\/b><\/p>\n<ul style=\"list-style-type: none;\">\n<li style=\"margin-left: 0;\">tu negocio crece r\u00e1pidamente y necesitas escalabilidad de nivel enterprise,<\/li>\n<li style=\"margin-left: 0;\">requieres funciones avanzadas de precios, inventario y segmentaci\u00f3n de clientes,<\/li>\n<li style=\"margin-left: 0;\">tu tienda opera en m\u00faltiples regiones, idiomas o modelos (B2C y B2B),<\/li>\n<li style=\"margin-left: 0;\">buscas seguridad robusta, personalizaci\u00f3n y escalabilidad a largo plazo.<\/li>\n<\/ul>\n<p>Magento es perfecto para empresas de alto crecimiento listas para invertir en una infraestructura de e-commerce totalmente personalizada con capacidades a largo plazo.<\/p>\n<\/div>\n\n\t<div id=\"gap-2086090388\" class=\"gap-element clearfix\" style=\"display:block; height:auto;\">\n\t\t\n<style>\n#gap-2086090388 {\n  padding-top: 60px;\n}\n<\/style>\n\t<\/div>\n\t\n\n\t<div id=\"text-2189581819\" class=\"text\">\n\t\t\n\n<div style=\"border-right: 5px #0093e3 solid; padding-right: 40px;\">\n<h2 style=\"color: #0093e3\">\u00bfC\u00f3mo funciona la migraci\u00f3n de WooCommerce a Magento?<\/h2>\n<p>Gestionamos la migraci\u00f3n con cuidado y seguridad, asegurando que los datos de tu tienda se conserven \u00edntegramente y queden listos para un crecimiento de alto rendimiento con Magento.<\/p>\n<p><b>Transferimos los datos completos de productos<\/b><br>Todos los productos, variantes, atributos, im\u00e1genes y categor\u00edas se mapean con precisi\u00f3n a la estructura de Magento.<\/p>\n<p><b>Preservamos los datos de clientes<\/b><br>Todos los perfiles de clientes, contactos y pedidos asociados se migran sin fricciones.<\/p>\n<p><b>Restauramos el historial de pedidos<\/b><br>Todos los pedidos previos, estados y registros de transacciones se importan completamente para mantener la integridad de los datos y la continuidad de los informes.<\/p>\n<\/div>\n\n\t\t\n<style>\n#text-2189581819 {\n  text-align: right;\n}\n<\/style>\n\t<\/div>\n\t\n\n\t\t<\/div>\n\t\t\t\t\t<\/div>\n\n\t\n\n<\/div>\n\n\t\t<\/div>\n\n\t\t\n<style>\n#section_1046366358 {\n  padding-top: 80px;\n  padding-bottom: 80px;\n  background-color: rgb(249, 249, 249);\n}\n<\/style>\n\t<\/section>\n\t\n","protected":false},"excerpt":{"rendered":"","protected":false},"author":2,"featured_media":0,"parent":41375,"menu_order":0,"comment_status":"closed","ping_status":"closed","template":"","meta":{"_lmt_disableupdate":"","_lmt_disable":"","footnotes":""},"yoast_head":"<!-- This site is optimized with the Yoast SEO Premium plugin v21.8 (Yoast SEO v23.5) - https:\/\/yoast.com\/wordpress\/plugins\/seo\/ -->\n<title>Migraci\u00f3n de WooCommerce a Magento<\/title>\n<meta name=\"description\" content=\"Migraci\u00f3n de WooCommerce a Magento: escalabilidad a nivel empresarial, potentes funciones B2B y flexibilidad personalizada para negocios de e-commerce de alto crecimiento.\" \/>\n<meta name=\"robots\" content=\"index, follow, max-snippet:-1, max-image-preview:large, max-video-preview:-1\" \/>\n<link rel=\"canonical\" href=\"https:\/\/megamo.eu\/es\/migracion-de-tienda-online-a-otra-plataforma\/migracion-de-woocommerce-a-magento\/\" \/>\n<meta property=\"og:locale\" content=\"es_ES\" \/>\n<meta property=\"og:type\" content=\"article\" \/>\n<meta property=\"og:title\" content=\"Migraci\u00f3n de WooCommerce a Magento\" \/>\n<meta property=\"og:description\" content=\"Migraci\u00f3n de WooCommerce a Magento: escalabilidad a nivel empresarial, potentes funciones B2B y flexibilidad personalizada para negocios de e-commerce de alto crecimiento.\" \/>\n<meta property=\"og:url\" content=\"https:\/\/megamo.eu\/es\/migracion-de-tienda-online-a-otra-plataforma\/migracion-de-woocommerce-a-magento\/\" \/>\n<meta property=\"og:site_name\" content=\"megamo.eu\" \/>\n<meta property=\"article:publisher\" content=\"https:\/\/www.facebook.com\/megamoeu\" \/>\n<meta property=\"article:modified_time\" content=\"2025-10-03T09:29:07+00:00\" \/>\n<meta name=\"twitter:card\" content=\"summary_large_image\" \/>\n<meta name=\"twitter:label1\" content=\"Tiempo de lectura\" \/>\n\t<meta name=\"twitter:data1\" content=\"4 minutos\" \/>\n<script type=\"application\/ld+json\" class=\"yoast-schema-graph\">{\"@context\":\"https:\/\/schema.org\",\"@graph\":[{\"@type\":\"WebPage\",\"@id\":\"https:\/\/megamo.eu\/es\/migracion-de-tienda-online-a-otra-plataforma\/migracion-de-woocommerce-a-magento\/\",\"url\":\"https:\/\/megamo.eu\/es\/migracion-de-tienda-online-a-otra-plataforma\/migracion-de-woocommerce-a-magento\/\",\"name\":\"Migraci\u00f3n de WooCommerce a Magento\",\"isPartOf\":{\"@id\":\"https:\/\/megamo.eu\/es\/#website\"},\"datePublished\":\"2025-06-17T09:00:45+00:00\",\"dateModified\":\"2025-10-03T09:29:07+00:00\",\"description\":\"Migraci\u00f3n de WooCommerce a Magento: escalabilidad a nivel empresarial, potentes funciones B2B y flexibilidad personalizada para negocios de e-commerce de alto crecimiento.\",\"breadcrumb\":{\"@id\":\"https:\/\/megamo.eu\/es\/migracion-de-tienda-online-a-otra-plataforma\/migracion-de-woocommerce-a-magento\/#breadcrumb\"},\"inLanguage\":\"es\",\"potentialAction\":[{\"@type\":\"ReadAction\",\"target\":[\"https:\/\/megamo.eu\/es\/migracion-de-tienda-online-a-otra-plataforma\/migracion-de-woocommerce-a-magento\/\"]}]},{\"@type\":\"BreadcrumbList\",\"@id\":\"https:\/\/megamo.eu\/es\/migracion-de-tienda-online-a-otra-plataforma\/migracion-de-woocommerce-a-magento\/#breadcrumb\",\"itemListElement\":[{\"@type\":\"ListItem\",\"position\":1,\"name\":\"Home\",\"item\":\"https:\/\/megamo.eu\/es\/\"},{\"@type\":\"ListItem\",\"position\":2,\"name\":\"Migraci\u00f3n de Tienda Online a Otra Plataforma\",\"item\":\"https:\/\/megamo.eu\/es\/migracion-de-tienda-online-a-otra-plataforma\/\"},{\"@type\":\"ListItem\",\"position\":3,\"name\":\"Migraci\u00f3n de WooCommerce a Magento\"}]},{\"@type\":\"WebSite\",\"@id\":\"https:\/\/megamo.eu\/es\/#website\",\"url\":\"https:\/\/megamo.eu\/es\/\",\"name\":\"megamo.eu\",\"description\":\"megamo.eu\",\"publisher\":{\"@id\":\"https:\/\/megamo.eu\/es\/#organization\"},\"potentialAction\":[{\"@type\":\"SearchAction\",\"target\":{\"@type\":\"EntryPoint\",\"urlTemplate\":\"https:\/\/megamo.eu\/es\/?s={search_term_string}\"},\"query-input\":{\"@type\":\"PropertyValueSpecification\",\"valueRequired\":true,\"valueName\":\"search_term_string\"}}],\"inLanguage\":\"es\"},{\"@type\":\"Organization\",\"@id\":\"https:\/\/megamo.eu\/es\/#organization\",\"name\":\"Megamo\",\"alternateName\":\"mgo\",\"url\":\"https:\/\/megamo.eu\/es\/\",\"logo\":{\"@type\":\"ImageObject\",\"inLanguage\":\"es\",\"@id\":\"https:\/\/megamo.eu\/es\/#\/schema\/logo\/image\/\",\"url\":\"https:\/\/megamo.eu\/wp-content\/uploads\/2024\/02\/logo_small.png\",\"contentUrl\":\"https:\/\/megamo.eu\/wp-content\/uploads\/2024\/02\/logo_small.png\",\"width\":300,\"height\":113,\"caption\":\"Megamo\"},\"image\":{\"@id\":\"https:\/\/megamo.eu\/es\/#\/schema\/logo\/image\/\"},\"sameAs\":[\"https:\/\/www.facebook.com\/megamoeu\",\"https:\/\/www.youtube.com\/@Megamo_en\"]}]}<\/script>\n<!-- \/ Yoast SEO Premium plugin. -->","yoast_head_json":{"title":"Migraci\u00f3n de WooCommerce a Magento","description":"Migraci\u00f3n de WooCommerce a Magento: escalabilidad a nivel empresarial, potentes funciones B2B y flexibilidad personalizada para negocios de e-commerce de alto crecimiento.","robots":{"index":"index","follow":"follow","max-snippet":"max-snippet:-1","max-image-preview":"max-image-preview:large","max-video-preview":"max-video-preview:-1"},"canonical":"https:\/\/megamo.eu\/es\/migracion-de-tienda-online-a-otra-plataforma\/migracion-de-woocommerce-a-magento\/","og_locale":"es_ES","og_type":"article","og_title":"Migraci\u00f3n de WooCommerce a Magento","og_description":"Migraci\u00f3n de WooCommerce a Magento: escalabilidad a nivel empresarial, potentes funciones B2B y flexibilidad personalizada para negocios de e-commerce de alto crecimiento.","og_url":"https:\/\/megamo.eu\/es\/migracion-de-tienda-online-a-otra-plataforma\/migracion-de-woocommerce-a-magento\/","og_site_name":"megamo.eu","article_publisher":"https:\/\/www.facebook.com\/megamoeu","article_modified_time":"2025-10-03T09:29:07+00:00","twitter_card":"summary_large_image","twitter_misc":{"Tiempo de lectura":"4 minutos"},"schema":{"@context":"https:\/\/schema.org","@graph":[{"@type":"WebPage","@id":"https:\/\/megamo.eu\/es\/migracion-de-tienda-online-a-otra-plataforma\/migracion-de-woocommerce-a-magento\/","url":"https:\/\/megamo.eu\/es\/migracion-de-tienda-online-a-otra-plataforma\/migracion-de-woocommerce-a-magento\/","name":"Migraci\u00f3n de WooCommerce a Magento","isPartOf":{"@id":"https:\/\/megamo.eu\/es\/#website"},"datePublished":"2025-06-17T09:00:45+00:00","dateModified":"2025-10-03T09:29:07+00:00","description":"Migraci\u00f3n de WooCommerce a Magento: escalabilidad a nivel empresarial, potentes funciones B2B y flexibilidad personalizada para negocios de e-commerce de alto crecimiento.","breadcrumb":{"@id":"https:\/\/megamo.eu\/es\/migracion-de-tienda-online-a-otra-plataforma\/migracion-de-woocommerce-a-magento\/#breadcrumb"},"inLanguage":"es","potentialAction":[{"@type":"ReadAction","target":["https:\/\/megamo.eu\/es\/migracion-de-tienda-online-a-otra-plataforma\/migracion-de-woocommerce-a-magento\/"]}]},{"@type":"BreadcrumbList","@id":"https:\/\/megamo.eu\/es\/migracion-de-tienda-online-a-otra-plataforma\/migracion-de-woocommerce-a-magento\/#breadcrumb","itemListElement":[{"@type":"ListItem","position":1,"name":"Home","item":"https:\/\/megamo.eu\/es\/"},{"@type":"ListItem","position":2,"name":"Migraci\u00f3n de Tienda Online a Otra Plataforma","item":"https:\/\/megamo.eu\/es\/migracion-de-tienda-online-a-otra-plataforma\/"},{"@type":"ListItem","position":3,"name":"Migraci\u00f3n de WooCommerce a Magento"}]},{"@type":"WebSite","@id":"https:\/\/megamo.eu\/es\/#website","url":"https:\/\/megamo.eu\/es\/","name":"megamo.eu","description":"megamo.eu","publisher":{"@id":"https:\/\/megamo.eu\/es\/#organization"},"potentialAction":[{"@type":"SearchAction","target":{"@type":"EntryPoint","urlTemplate":"https:\/\/megamo.eu\/es\/?s={search_term_string}"},"query-input":{"@type":"PropertyValueSpecification","valueRequired":true,"valueName":"search_term_string"}}],"inLanguage":"es"},{"@type":"Organization","@id":"https:\/\/megamo.eu\/es\/#organization","name":"Megamo","alternateName":"mgo","url":"https:\/\/megamo.eu\/es\/","logo":{"@type":"ImageObject","inLanguage":"es","@id":"https:\/\/megamo.eu\/es\/#\/schema\/logo\/image\/","url":"https:\/\/megamo.eu\/wp-content\/uploads\/2024\/02\/logo_small.png","contentUrl":"https:\/\/megamo.eu\/wp-content\/uploads\/2024\/02\/logo_small.png","width":300,"height":113,"caption":"Megamo"},"image":{"@id":"https:\/\/megamo.eu\/es\/#\/schema\/logo\/image\/"},"sameAs":["https:\/\/www.facebook.com\/megamoeu","https:\/\/www.youtube.com\/@Megamo_en"]}]}},"_links":{"self":[{"href":"https:\/\/megamo.eu\/es\/wp-json\/wp\/v2\/pages\/54446"}],"collection":[{"href":"https:\/\/megamo.eu\/es\/wp-json\/wp\/v2\/pages"}],"about":[{"href":"https:\/\/megamo.eu\/es\/wp-json\/wp\/v2\/types\/page"}],"author":[{"embeddable":true,"href":"https:\/\/megamo.eu\/es\/wp-json\/wp\/v2\/users\/2"}],"replies":[{"embeddable":true,"href":"https:\/\/megamo.eu\/es\/wp-json\/wp\/v2\/comments?post=54446"}],"version-history":[{"count":2,"href":"https:\/\/megamo.eu\/es\/wp-json\/wp\/v2\/pages\/54446\/revisions"}],"predecessor-version":[{"id":56733,"href":"https:\/\/megamo.eu\/es\/wp-json\/wp\/v2\/pages\/54446\/revisions\/56733"}],"up":[{"embeddable":true,"href":"https:\/\/megamo.eu\/es\/wp-json\/wp\/v2\/pages\/41375"}],"wp:attachment":[{"href":"https:\/\/megamo.eu\/es\/wp-json\/wp\/v2\/media?parent=54446"}],"curies":[{"name":"wp","href":"https:\/\/api.w.org\/{rel}","templated":true}]}}