{"id":54444,"date":"2025-06-17T11:00:46","date_gmt":"2025-06-17T09:00:46","guid":{"rendered":"https:\/\/megamo.eu\/migracion-de-tienda-online-a-otra-plataforma\/migration-from-woocommerce-to-opencart\/"},"modified":"2025-10-03T11:31:12","modified_gmt":"2025-10-03T09:31:12","slug":"migracion-de-woocommerce-a-opencart","status":"publish","type":"page","link":"https:\/\/megamo.eu\/es\/migracion-de-tienda-online-a-otra-plataforma\/migracion-de-woocommerce-a-opencart\/","title":{"rendered":"Migraci\u00f3n de WooCommerce a OpenCart"},"content":{"rendered":"\n\t<div id=\"gap-2064307533\" class=\"gap-element clearfix\" style=\"display:block; height:auto;\">\n\t\t\n<style>\n#gap-2064307533 {\n  padding-top: 60px;\n}\n<\/style>\n\t<\/div>\n\t\n\n\t<section class=\"section\" id=\"section_1473814380\">\n\t\t<div class=\"bg section-bg fill bg-fill  bg-loaded\" >\n\n\t\t\t\n\t\t\t\n\t\t\t\n\n\t\t<\/div>\n\n\t\t\n\n\t\t<div class=\"section-content relative\">\n\t\t\t\n\n<div class=\"row\"  id=\"row-1939272167\">\n\n\n\t<div id=\"col-242288076\" class=\"col small-12 large-12\"  >\n\t\t\t\t<div class=\"col-inner text-center\"  >\n\t\t\t\n\t\t\t\n\n\t<div id=\"text-4088277845\" class=\"text\">\n\t\t\n\n<h1>Migraci\u00f3n de WooCommerce a OpenCart<\/h1>\n\n\t\t\n<style>\n#text-4088277845 {\n  font-size: 1.3rem;\n}\n<\/style>\n\t<\/div>\n\t\n\n\t\t<\/div>\n\t\t\t\t\t<\/div>\n\n\t\n\n<\/div>\n<div class=\"row\"  id=\"row-1366566354\">\n\n\n\t<div id=\"col-2023914978\" class=\"col small-12 large-12\"  >\n\t\t\t\t<div class=\"col-inner text-center\"  >\n\t\t\t\n\t\t\t\n\n\t<div class=\"img has-hover x md-x lg-x y md-y lg-y\" id=\"image_995754876\">\n\t\t\t\t\t\t\t\t<div class=\"img-inner dark\" >\n\t\t\t<img loading=\"lazy\" decoding=\"async\" width=\"820\" height=\"300\" src=\"https:\/\/megamo.eu\/wp-content\/uploads\/2025\/06\/woo-opencart-migration.webp\" class=\"attachment-original size-original\" alt=\"\" srcset=\"https:\/\/megamo.eu\/wp-content\/uploads\/2025\/06\/woo-opencart-migration.webp 820w, https:\/\/megamo.eu\/wp-content\/uploads\/2025\/06\/woo-opencart-migration-800x293.webp 800w, https:\/\/megamo.eu\/wp-content\/uploads\/2025\/06\/woo-opencart-migration-768x281.webp 768w, https:\/\/megamo.eu\/wp-content\/uploads\/2025\/06\/woo-opencart-migration-600x220.webp 600w\" sizes=\"(max-width: 820px) 100vw, 820px\" \/>\t\t\t\t\t\t\n\t\t\t\t\t<\/div>\n\t\t\t\t\t\t\t\t\n<style>\n#image_995754876 {\n  width: 60%;\n}\n<\/style>\n\t<\/div>\n\t\n\n\t<div id=\"text-177437007\" class=\"text\">\n\t\t\n\n<p>MIGRACI\u00d3N DE PLATAFORMA | WooCommerce a OpenCart<\/p>\n\n\t\t\n<style>\n#text-177437007 {\n  font-size: 1.2rem;\n  color: rgb(155, 155, 155);\n}\n#text-177437007 > * {\n  color: rgb(155, 155, 155);\n}\n<\/style>\n\t<\/div>\n\t\n\t<div id=\"text-3636939705\" class=\"text\">\n\t\t\n\n<p style=\"margin-bottom: 60px\">WooCommerce ofrece flexibilidad a trav\u00e9s de WordPress, pero a medida que tu tienda crece, la gesti\u00f3n de plugins, el rendimiento y las actualizaciones pueden volverse complicadas. OpenCart proporciona una plataforma de e-commerce independiente y ligera que simplifica la administraci\u00f3n de la tienda, sin perder posibilidades de personalizaci\u00f3n.<\/p>\n\n\t\t\n<style>\n#text-3636939705 {\n  text-align: left;\n}\n<\/style>\n\t<\/div>\n\t\n<a href=\"https:\/\/forms.clickup.com\/9012257574\/f\/8cjr8t6-8752\/JCI89GNZOP1PSMHSHF\" target=\"_blank\" class=\"button primary\" rel=\"noopener\"  >\n  <i class=\"icon-checkmark\" aria-hidden=\"true\" ><\/i>  <span>Migra tu tienda de WooCommerce a OpenCart<\/span>\n  <\/a>\n\n\n<a href=\"\/es\/migracion-de-tienda-online-a-otra-plataforma\/\" class=\"button primary\"  >\n  <i class=\"icon-tag\" aria-hidden=\"true\" ><\/i>  <span>Ver otros servicios de migraci\u00f3n<\/span>\n  <\/a>\n\n\n\n\t\t<\/div>\n\t\t\t\t\t<\/div>\n\n\t\n\n<\/div>\n\n\t\t<\/div>\n\n\t\t\n<style>\n#section_1473814380 {\n  padding-top: 30px;\n  padding-bottom: 30px;\n}\n<\/style>\n\t<\/section>\n\t\n\t<section class=\"section\" id=\"section_738064162\">\n\t\t<div class=\"bg section-bg fill bg-fill  bg-loaded\" >\n\n\t\t\t\n\t\t\t\n\t\t\t\n\n\t\t<\/div>\n\n\t\t\n\n\t\t<div class=\"section-content relative\">\n\t\t\t\n\n<div class=\"row\"  id=\"row-382250689\">\n\n\n\t<div id=\"col-1609253759\" class=\"col medium-6 small-12 large-6\"  >\n\t\t\t\t<div class=\"col-inner text-left\"  >\n\t\t\t\n\t\t\t\n\n<h3>WooCommerce \u2013 flexible pero dependiente de WordPress<\/h3>\n<p>WooCommerce ofrece una fuerte personalizaci\u00f3n gracias a WordPress, pero su gran dependencia de plugins, el rendimiento del hosting y las habilidades de desarrollo pueden dificultar la escalabilidad a medida que tu tienda crece.<\/p>\n<h4>Ventajas de WooCommerce:<\/h4>\n<ul>\n<li>integraci\u00f3n total con el CMS WordPress,<\/li>\n<li>amplio ecosistema de plugins,<\/li>\n<li>control completo sobre el c\u00f3digo y los datos,<\/li>\n<li>excelentes capacidades SEO gracias a WordPress.<\/li>\n<\/ul>\n<h4>Desventajas de WooCommerce:<\/h4>\n<ul>\n<li>requiere mantenimiento t\u00e9cnico continuo,<\/li>\n<li>los conflictos entre plugins pueden afectar la estabilidad,<\/li>\n<li>la responsabilidad del servidor y hosting recae en el propietario,<\/li>\n<li>problemas de rendimiento al escalar la tienda.<\/li>\n<\/ul>\n\n\t\t<\/div>\n\t\t\t\t\t<\/div>\n\n\t\n\n\t<div id=\"col-773470129\" class=\"col medium-6 small-12 large-6\"  >\n\t\t\t\t<div class=\"col-inner text-left\"  >\n\t\t\t\n\t\t\t\n\n<h3>OpenCart \u2013 soluci\u00f3n de e-commerce simple e independiente<\/h3>\n<p>OpenCart es un sistema de carrito de compras open-source e independiente que no necesita WordPress. Ofrece una estructura ligera, un panel de administraci\u00f3n claro y menores requisitos de mantenimiento, a la vez que permite una amplia personalizaci\u00f3n mediante extensiones.<\/p>\n<h4>Ventajas de OpenCart:<\/h4>\n<ul>\n<li>independiente de WordPress CMS,<\/li>\n<li>sistema ligero con mejor rendimiento,<\/li>\n<li>interfaz administrativa intuitiva,<\/li>\n<li>gran colecci\u00f3n de extensiones y temas.<\/li>\n<\/ul>\n<h4>Desventajas de OpenCart:<\/h4>\n<ul>\n<li>menos funciones integradas frente a plataformas enterprise,<\/li>\n<li>puede requerir extensiones para funcionalidades avanzadas.<\/li>\n<\/ul>\n\n\t\t<\/div>\n\t\t\t\t\t<\/div>\n\n\t\n\n<\/div>\n\n\t\t<\/div>\n\n\t\t\n<style>\n#section_738064162 {\n  padding-top: 0px;\n  padding-bottom: 0px;\n}\n<\/style>\n\t<\/section>\n\t\n\t<section class=\"section\" id=\"section_214927723\">\n\t\t<div class=\"bg section-bg fill bg-fill  bg-loaded\" >\n\n\t\t\t\n\t\t\t\n\t\t\t\n\n\t\t<\/div>\n\n\t\t\n\n\t\t<div class=\"section-content relative\">\n\t\t\t\n\n<div class=\"row\"  id=\"row-3594573\">\n\n\n\t<div id=\"col-2091750179\" class=\"col small-12 large-12\"  >\n\t\t\t\t<div class=\"col-inner\"  >\n\t\t\t\n\t\t\t\n\n<div style=\"border-left: 5px #fe5e08 solid; padding-left: 40px;\">\n<h2 style=\"color: #fe5e08;\">\u00bfPor qu\u00e9 migrar tu tienda de WooCommerce a OpenCart?<\/h2>\n<p><b>Migrar a OpenCart es recomendable si:<\/b><\/p>\n<ul style=\"list-style-type: none;\">\n<li style=\"margin-left: 0;\">quieres una plataforma ligera sin depender de WordPress,<\/li>\n<li style=\"margin-left: 0;\">buscas una gesti\u00f3n m\u00e1s simple de la tienda y mejor rendimiento,<\/li>\n<li style=\"margin-left: 0;\">quieres reducir los conflictos de plugins y la carga de mantenimiento,<\/li>\n<li style=\"margin-left: 0;\">necesitas una soluci\u00f3n open-source econ\u00f3mica con buenas opciones de personalizaci\u00f3n.<\/li>\n<\/ul>\n<p>OpenCart es una excelente opci\u00f3n para negocios que desean una tienda independiente, con menos cargas t\u00e9cnicas y funciones escalables mediante extensiones.<\/p>\n<\/div>\n\n\t<div id=\"gap-932569433\" class=\"gap-element clearfix\" style=\"display:block; height:auto;\">\n\t\t\n<style>\n#gap-932569433 {\n  padding-top: 60px;\n}\n<\/style>\n\t<\/div>\n\t\n\n\t<div id=\"text-1360454026\" class=\"text\">\n\t\t\n\n<div style=\"border-right: 5px #0093e3 solid; padding-right: 40px;\">\n<h2 style=\"color: #0093e3\">\u00bfC\u00f3mo funciona la migraci\u00f3n de WooCommerce a OpenCart?<\/h2>\n<p>Nos aseguramos de que el proceso de migraci\u00f3n sea fluido y seguro, preservando los datos de tu tienda y garantizando la continuidad del negocio durante la transici\u00f3n de plataforma.<\/p>\n<p><b>Transferimos los datos completos de productos<\/b><br>Productos, variantes, categor\u00edas, descripciones e im\u00e1genes se migran a la estructura de OpenCart.<\/p>\n<p><b>Preservamos los datos de clientes<\/b><br>Perfiles de clientes, direcciones y pedidos asociados se transfieren de forma segura.<\/p>\n<p><b>Restauramos el historial de pedidos<\/b><br>Todos los pedidos anteriores, estados de pago e informaci\u00f3n de env\u00edo se importan para mantener la continuidad de los informes.<\/p>\n<\/div>\n\n\t\t\n<style>\n#text-1360454026 {\n  text-align: right;\n}\n<\/style>\n\t<\/div>\n\t\n\n\t\t<\/div>\n\t\t\t\t\t<\/div>\n\n\t\n\n<\/div>\n\n\t\t<\/div>\n\n\t\t\n<style>\n#section_214927723 {\n  padding-top: 80px;\n  padding-bottom: 80px;\n  background-color: rgb(249, 249, 249);\n}\n<\/style>\n\t<\/section>\n\t\n","protected":false},"excerpt":{"rendered":"","protected":false},"author":2,"featured_media":0,"parent":41375,"menu_order":0,"comment_status":"closed","ping_status":"closed","template":"","meta":{"_lmt_disableupdate":"","_lmt_disable":"","footnotes":""},"yoast_head":"<!-- This site is optimized with the Yoast SEO Premium plugin v21.8 (Yoast SEO v23.5) - https:\/\/yoast.com\/wordpress\/plugins\/seo\/ -->\n<title>Migraci\u00f3n de WooCommerce a OpenCart<\/title>\n<meta name=\"description\" content=\"Migraci\u00f3n de WooCommerce a OpenCart: simplifica la gesti\u00f3n de tu tienda, reduce el mantenimiento y disfruta de una plataforma de e-commerce ligera e independiente con control total.\" \/>\n<meta name=\"robots\" content=\"index, follow, max-snippet:-1, max-image-preview:large, max-video-preview:-1\" \/>\n<link rel=\"canonical\" href=\"https:\/\/megamo.eu\/es\/migracion-de-tienda-online-a-otra-plataforma\/migracion-de-woocommerce-a-opencart\/\" \/>\n<meta property=\"og:locale\" content=\"es_ES\" \/>\n<meta property=\"og:type\" content=\"article\" \/>\n<meta property=\"og:title\" content=\"Migraci\u00f3n de WooCommerce a OpenCart\" \/>\n<meta property=\"og:description\" content=\"Migraci\u00f3n de WooCommerce a OpenCart: simplifica la gesti\u00f3n de tu tienda, reduce el mantenimiento y disfruta de una plataforma de e-commerce ligera e independiente con control total.\" \/>\n<meta property=\"og:url\" content=\"https:\/\/megamo.eu\/es\/migracion-de-tienda-online-a-otra-plataforma\/migracion-de-woocommerce-a-opencart\/\" \/>\n<meta property=\"og:site_name\" content=\"megamo.eu\" \/>\n<meta property=\"article:publisher\" content=\"https:\/\/www.facebook.com\/megamoeu\" \/>\n<meta property=\"article:modified_time\" content=\"2025-10-03T09:31:12+00:00\" \/>\n<meta name=\"twitter:card\" content=\"summary_large_image\" \/>\n<meta name=\"twitter:label1\" content=\"Tiempo de lectura\" \/>\n\t<meta name=\"twitter:data1\" content=\"3 minutos\" \/>\n<script type=\"application\/ld+json\" class=\"yoast-schema-graph\">{\"@context\":\"https:\/\/schema.org\",\"@graph\":[{\"@type\":\"WebPage\",\"@id\":\"https:\/\/megamo.eu\/es\/migracion-de-tienda-online-a-otra-plataforma\/migracion-de-woocommerce-a-opencart\/\",\"url\":\"https:\/\/megamo.eu\/es\/migracion-de-tienda-online-a-otra-plataforma\/migracion-de-woocommerce-a-opencart\/\",\"name\":\"Migraci\u00f3n de WooCommerce a OpenCart\",\"isPartOf\":{\"@id\":\"https:\/\/megamo.eu\/es\/#website\"},\"datePublished\":\"2025-06-17T09:00:46+00:00\",\"dateModified\":\"2025-10-03T09:31:12+00:00\",\"description\":\"Migraci\u00f3n de WooCommerce a OpenCart: simplifica la gesti\u00f3n de tu tienda, reduce el mantenimiento y disfruta de una plataforma de e-commerce ligera e independiente con control total.\",\"breadcrumb\":{\"@id\":\"https:\/\/megamo.eu\/es\/migracion-de-tienda-online-a-otra-plataforma\/migracion-de-woocommerce-a-opencart\/#breadcrumb\"},\"inLanguage\":\"es\",\"potentialAction\":[{\"@type\":\"ReadAction\",\"target\":[\"https:\/\/megamo.eu\/es\/migracion-de-tienda-online-a-otra-plataforma\/migracion-de-woocommerce-a-opencart\/\"]}]},{\"@type\":\"BreadcrumbList\",\"@id\":\"https:\/\/megamo.eu\/es\/migracion-de-tienda-online-a-otra-plataforma\/migracion-de-woocommerce-a-opencart\/#breadcrumb\",\"itemListElement\":[{\"@type\":\"ListItem\",\"position\":1,\"name\":\"Home\",\"item\":\"https:\/\/megamo.eu\/es\/\"},{\"@type\":\"ListItem\",\"position\":2,\"name\":\"Migraci\u00f3n de Tienda Online a Otra Plataforma\",\"item\":\"https:\/\/megamo.eu\/es\/migracion-de-tienda-online-a-otra-plataforma\/\"},{\"@type\":\"ListItem\",\"position\":3,\"name\":\"Migraci\u00f3n de WooCommerce a OpenCart\"}]},{\"@type\":\"WebSite\",\"@id\":\"https:\/\/megamo.eu\/es\/#website\",\"url\":\"https:\/\/megamo.eu\/es\/\",\"name\":\"megamo.eu\",\"description\":\"megamo.eu\",\"publisher\":{\"@id\":\"https:\/\/megamo.eu\/es\/#organization\"},\"potentialAction\":[{\"@type\":\"SearchAction\",\"target\":{\"@type\":\"EntryPoint\",\"urlTemplate\":\"https:\/\/megamo.eu\/es\/?s={search_term_string}\"},\"query-input\":{\"@type\":\"PropertyValueSpecification\",\"valueRequired\":true,\"valueName\":\"search_term_string\"}}],\"inLanguage\":\"es\"},{\"@type\":\"Organization\",\"@id\":\"https:\/\/megamo.eu\/es\/#organization\",\"name\":\"Megamo\",\"alternateName\":\"mgo\",\"url\":\"https:\/\/megamo.eu\/es\/\",\"logo\":{\"@type\":\"ImageObject\",\"inLanguage\":\"es\",\"@id\":\"https:\/\/megamo.eu\/es\/#\/schema\/logo\/image\/\",\"url\":\"https:\/\/megamo.eu\/wp-content\/uploads\/2024\/02\/logo_small.png\",\"contentUrl\":\"https:\/\/megamo.eu\/wp-content\/uploads\/2024\/02\/logo_small.png\",\"width\":300,\"height\":113,\"caption\":\"Megamo\"},\"image\":{\"@id\":\"https:\/\/megamo.eu\/es\/#\/schema\/logo\/image\/\"},\"sameAs\":[\"https:\/\/www.facebook.com\/megamoeu\",\"https:\/\/www.youtube.com\/@Megamo_en\"]}]}<\/script>\n<!-- \/ Yoast SEO Premium plugin. -->","yoast_head_json":{"title":"Migraci\u00f3n de WooCommerce a OpenCart","description":"Migraci\u00f3n de WooCommerce a OpenCart: simplifica la gesti\u00f3n de tu tienda, reduce el mantenimiento y disfruta de una plataforma de e-commerce ligera e independiente con control total.","robots":{"index":"index","follow":"follow","max-snippet":"max-snippet:-1","max-image-preview":"max-image-preview:large","max-video-preview":"max-video-preview:-1"},"canonical":"https:\/\/megamo.eu\/es\/migracion-de-tienda-online-a-otra-plataforma\/migracion-de-woocommerce-a-opencart\/","og_locale":"es_ES","og_type":"article","og_title":"Migraci\u00f3n de WooCommerce a OpenCart","og_description":"Migraci\u00f3n de WooCommerce a OpenCart: simplifica la gesti\u00f3n de tu tienda, reduce el mantenimiento y disfruta de una plataforma de e-commerce ligera e independiente con control total.","og_url":"https:\/\/megamo.eu\/es\/migracion-de-tienda-online-a-otra-plataforma\/migracion-de-woocommerce-a-opencart\/","og_site_name":"megamo.eu","article_publisher":"https:\/\/www.facebook.com\/megamoeu","article_modified_time":"2025-10-03T09:31:12+00:00","twitter_card":"summary_large_image","twitter_misc":{"Tiempo de lectura":"3 minutos"},"schema":{"@context":"https:\/\/schema.org","@graph":[{"@type":"WebPage","@id":"https:\/\/megamo.eu\/es\/migracion-de-tienda-online-a-otra-plataforma\/migracion-de-woocommerce-a-opencart\/","url":"https:\/\/megamo.eu\/es\/migracion-de-tienda-online-a-otra-plataforma\/migracion-de-woocommerce-a-opencart\/","name":"Migraci\u00f3n de WooCommerce a OpenCart","isPartOf":{"@id":"https:\/\/megamo.eu\/es\/#website"},"datePublished":"2025-06-17T09:00:46+00:00","dateModified":"2025-10-03T09:31:12+00:00","description":"Migraci\u00f3n de WooCommerce a OpenCart: simplifica la gesti\u00f3n de tu tienda, reduce el mantenimiento y disfruta de una plataforma de e-commerce ligera e independiente con control total.","breadcrumb":{"@id":"https:\/\/megamo.eu\/es\/migracion-de-tienda-online-a-otra-plataforma\/migracion-de-woocommerce-a-opencart\/#breadcrumb"},"inLanguage":"es","potentialAction":[{"@type":"ReadAction","target":["https:\/\/megamo.eu\/es\/migracion-de-tienda-online-a-otra-plataforma\/migracion-de-woocommerce-a-opencart\/"]}]},{"@type":"BreadcrumbList","@id":"https:\/\/megamo.eu\/es\/migracion-de-tienda-online-a-otra-plataforma\/migracion-de-woocommerce-a-opencart\/#breadcrumb","itemListElement":[{"@type":"ListItem","position":1,"name":"Home","item":"https:\/\/megamo.eu\/es\/"},{"@type":"ListItem","position":2,"name":"Migraci\u00f3n de Tienda Online a Otra Plataforma","item":"https:\/\/megamo.eu\/es\/migracion-de-tienda-online-a-otra-plataforma\/"},{"@type":"ListItem","position":3,"name":"Migraci\u00f3n de WooCommerce a OpenCart"}]},{"@type":"WebSite","@id":"https:\/\/megamo.eu\/es\/#website","url":"https:\/\/megamo.eu\/es\/","name":"megamo.eu","description":"megamo.eu","publisher":{"@id":"https:\/\/megamo.eu\/es\/#organization"},"potentialAction":[{"@type":"SearchAction","target":{"@type":"EntryPoint","urlTemplate":"https:\/\/megamo.eu\/es\/?s={search_term_string}"},"query-input":{"@type":"PropertyValueSpecification","valueRequired":true,"valueName":"search_term_string"}}],"inLanguage":"es"},{"@type":"Organization","@id":"https:\/\/megamo.eu\/es\/#organization","name":"Megamo","alternateName":"mgo","url":"https:\/\/megamo.eu\/es\/","logo":{"@type":"ImageObject","inLanguage":"es","@id":"https:\/\/megamo.eu\/es\/#\/schema\/logo\/image\/","url":"https:\/\/megamo.eu\/wp-content\/uploads\/2024\/02\/logo_small.png","contentUrl":"https:\/\/megamo.eu\/wp-content\/uploads\/2024\/02\/logo_small.png","width":300,"height":113,"caption":"Megamo"},"image":{"@id":"https:\/\/megamo.eu\/es\/#\/schema\/logo\/image\/"},"sameAs":["https:\/\/www.facebook.com\/megamoeu","https:\/\/www.youtube.com\/@Megamo_en"]}]}},"_links":{"self":[{"href":"https:\/\/megamo.eu\/es\/wp-json\/wp\/v2\/pages\/54444"}],"collection":[{"href":"https:\/\/megamo.eu\/es\/wp-json\/wp\/v2\/pages"}],"about":[{"href":"https:\/\/megamo.eu\/es\/wp-json\/wp\/v2\/types\/page"}],"author":[{"embeddable":true,"href":"https:\/\/megamo.eu\/es\/wp-json\/wp\/v2\/users\/2"}],"replies":[{"embeddable":true,"href":"https:\/\/megamo.eu\/es\/wp-json\/wp\/v2\/comments?post=54444"}],"version-history":[{"count":2,"href":"https:\/\/megamo.eu\/es\/wp-json\/wp\/v2\/pages\/54444\/revisions"}],"predecessor-version":[{"id":56735,"href":"https:\/\/megamo.eu\/es\/wp-json\/wp\/v2\/pages\/54444\/revisions\/56735"}],"up":[{"embeddable":true,"href":"https:\/\/megamo.eu\/es\/wp-json\/wp\/v2\/pages\/41375"}],"wp:attachment":[{"href":"https:\/\/megamo.eu\/es\/wp-json\/wp\/v2\/media?parent=54444"}],"curies":[{"name":"wp","href":"https:\/\/api.w.org\/{rel}","templated":true}]}}