{"id":54439,"date":"2025-06-11T13:08:53","date_gmt":"2025-06-11T11:08:53","guid":{"rendered":"https:\/\/megamo.eu\/migracion-de-tienda-online-a-otra-plataforma\/migration-from-shopify-to-prestashop\/"},"modified":"2025-10-03T11:35:50","modified_gmt":"2025-10-03T09:35:50","slug":"migracion-de-shopify-a-prestashop","status":"publish","type":"page","link":"https:\/\/megamo.eu\/es\/migracion-de-tienda-online-a-otra-plataforma\/migracion-de-shopify-a-prestashop\/","title":{"rendered":"Migraci\u00f3n de Shopify a PrestaShop"},"content":{"rendered":"\n\t<div id=\"gap-1848338089\" class=\"gap-element clearfix\" style=\"display:block; height:auto;\">\n\t\t\n<style>\n#gap-1848338089 {\n  padding-top: 60px;\n}\n<\/style>\n\t<\/div>\n\t\n\n\t<section class=\"section\" id=\"section_1518885932\">\n\t\t<div class=\"bg section-bg fill bg-fill  bg-loaded\" >\n\n\t\t\t\n\t\t\t\n\t\t\t\n\n\t\t<\/div>\n\n\t\t\n\n\t\t<div class=\"section-content relative\">\n\t\t\t\n\n<div class=\"row\"  id=\"row-2083041791\">\n\n\n\t<div id=\"col-545926090\" class=\"col small-12 large-12\"  >\n\t\t\t\t<div class=\"col-inner text-center\"  >\n\t\t\t\n\t\t\t\n\n\t<div id=\"text-1075465114\" class=\"text\">\n\t\t\n\n<h1>Migraci\u00f3n de Shopify a PrestaShop<\/h1>\n\n\t\t\n<style>\n#text-1075465114 {\n  font-size: 1.3rem;\n}\n<\/style>\n\t<\/div>\n\t\n\n\t\t<\/div>\n\t\t\t\t\t<\/div>\n\n\t\n\n<\/div>\n<div class=\"row\"  id=\"row-1927322912\">\n\n\n\t<div id=\"col-691469214\" class=\"col small-12 large-12\"  >\n\t\t\t\t<div class=\"col-inner text-center\"  >\n\t\t\t\n\t\t\t\n\n\t<div class=\"img has-hover x md-x lg-x y md-y lg-y\" id=\"image_217905749\">\n\t\t\t\t\t\t\t\t<div class=\"img-inner dark\" >\n\t\t\t<img loading=\"lazy\" decoding=\"async\" width=\"820\" height=\"300\" src=\"https:\/\/megamo.eu\/wp-content\/uploads\/2025\/06\/shopify-presta-migration.webp\" class=\"attachment-original size-original\" alt=\"\" srcset=\"https:\/\/megamo.eu\/wp-content\/uploads\/2025\/06\/shopify-presta-migration.webp 820w, https:\/\/megamo.eu\/wp-content\/uploads\/2025\/06\/shopify-presta-migration-800x293.webp 800w, https:\/\/megamo.eu\/wp-content\/uploads\/2025\/06\/shopify-presta-migration-768x281.webp 768w, https:\/\/megamo.eu\/wp-content\/uploads\/2025\/06\/shopify-presta-migration-600x220.webp 600w\" sizes=\"(max-width: 820px) 100vw, 820px\" \/>\t\t\t\t\t\t\n\t\t\t\t\t<\/div>\n\t\t\t\t\t\t\t\t\n<style>\n#image_217905749 {\n  width: 60%;\n}\n<\/style>\n\t<\/div>\n\t\n\n\t<div id=\"text-626272637\" class=\"text\">\n\t\t\n\n<p>MIGRACI\u00d3N DE PLATAFORMA | Shopify a PrestaShop<\/p>\n\n\t\t\n<style>\n#text-626272637 {\n  font-size: 1.2rem;\n  color: rgb(155, 155, 155);\n}\n#text-626272637 > * {\n  color: rgb(155, 155, 155);\n}\n<\/style>\n\t<\/div>\n\t\n\t<div id=\"text-522155443\" class=\"text\">\n\t\t\n\n<p style=\"margin-bottom: 60px\">Shopify ofrece simplicidad para iniciar tiendas online, pero muchas empresas superan r\u00e1pidamente sus limitaciones en personalizaci\u00f3n, propiedad y control de costos a largo plazo. Migrar a PrestaShop te brinda control total, flexibilidad e independencia para construir una soluci\u00f3n de e-commerce completamente adaptada a las necesidades de tu negocio.<\/p>\n\n\t\t\n<style>\n#text-522155443 {\n  text-align: left;\n}\n<\/style>\n\t<\/div>\n\t\n<a href=\"https:\/\/forms.clickup.com\/9012257574\/f\/8cjr8t6-8752\/JCI89GNZOP1PSMHSHF\" target=\"_blank\" class=\"button primary\" rel=\"noopener\"  >\n  <i class=\"icon-checkmark\" aria-hidden=\"true\" ><\/i>  <span>Migra tu tienda de Shopify a PrestaShop<\/span>\n  <\/a>\n\n\n<a href=\"\/es\/migracion-de-tienda-online-a-otra-plataforma\/\" class=\"button primary\"  >\n  <i class=\"icon-tag\" aria-hidden=\"true\" ><\/i>  <span>Ver otros servicios de migraci\u00f3n<\/span>\n  <\/a>\n\n\n\n\t\t<\/div>\n\t\t\t\t\t<\/div>\n\n\t\n\n<\/div>\n\n\t\t<\/div>\n\n\t\t\n<style>\n#section_1518885932 {\n  padding-top: 30px;\n  padding-bottom: 30px;\n}\n<\/style>\n\t<\/section>\n\t\n\t<section class=\"section\" id=\"section_2060735540\">\n\t\t<div class=\"bg section-bg fill bg-fill  bg-loaded\" >\n\n\t\t\t\n\t\t\t\n\t\t\t\n\n\t\t<\/div>\n\n\t\t\n\n\t\t<div class=\"section-content relative\">\n\t\t\t\n\n<div class=\"row\"  id=\"row-1437982438\">\n\n\n\t<div id=\"col-1515171605\" class=\"col medium-6 small-12 large-6\"  >\n\t\t\t\t<div class=\"col-inner text-left\"  >\n\t\t\t\n\t\t\t\n\n<h3>Shopify \u2013 SaaS simple pero con libertad limitada<\/h3>\n<p>Shopify permite configurar una tienda online f\u00e1cilmente sin complejidad t\u00e9cnica, pero implica cuotas de suscripci\u00f3n, acceso limitado al c\u00f3digo y restricciones en personalizaci\u00f3n profunda, lo que puede ser una barrera para negocios que requieren mayor flexibilidad y funciones avanzadas.<\/p>\n<h4>Ventajas de Shopify:<\/h4>\n<ul>\n<li>plataforma totalmente alojada con seguridad integrada,<\/li>\n<li>configuraci\u00f3n r\u00e1pida y gesti\u00f3n sencilla,<\/li>\n<li>gran marketplace de apps e integraciones preconstruidas,<\/li>\n<li>soporte t\u00e9cnico 24\/7.<\/li>\n<\/ul>\n<h4>Desventajas de Shopify:<\/h4>\n<ul>\n<li>cuotas mensuales y costes adicionales de apps,<\/li>\n<li>acceso limitado al backend y restricciones en el c\u00f3digo,<\/li>\n<li>comisiones por usar pasarelas de pago externas,<\/li>\n<li>funciones avanzadas que a menudo requieren apps o soluciones externas.<\/li>\n<\/ul>\n\n\t\t<\/div>\n\t\t\t\t\t<\/div>\n\n\t\n\n\t<div id=\"col-1728716214\" class=\"col medium-6 small-12 large-6\"  >\n\t\t\t\t<div class=\"col-inner text-left\"  >\n\t\t\t\n\t\t\t\n\n<h3>PrestaShop \u2013 flexibilidad open-source y control total<\/h3>\n<p>PrestaShop ofrece un framework open-source con acceso completo al c\u00f3digo, lo que permite a las empresas desarrollar tiendas online totalmente personalizadas, con flujos avanzados y sin las limitaciones de las plataformas SaaS.<\/p>\n<h4>Ventajas de PrestaShop:<\/h4>\n<ul>\n<li>propiedad total del c\u00f3digo, los datos y el hosting,<\/li>\n<li>libertad para crear funciones e integraciones personalizadas,<\/li>\n<li>soporte avanzado para B2B, multiling\u00fce y multicurrency,<\/li>\n<li>sin cuotas mensuales de suscripci\u00f3n.<\/li>\n<\/ul>\n<h4>Desventajas de PrestaShop:<\/h4>\n<ul>\n<li>requiere conocimientos t\u00e9cnicos o soporte de desarrolladores,<\/li>\n<li>responsabilidad de la gesti\u00f3n del servidor, actualizaciones y seguridad.<\/li>\n<\/ul>\n\n\t\t<\/div>\n\t\t\t\t\t<\/div>\n\n\t\n\n<\/div>\n\n\t\t<\/div>\n\n\t\t\n<style>\n#section_2060735540 {\n  padding-top: 0px;\n  padding-bottom: 0px;\n}\n<\/style>\n\t<\/section>\n\t\n\t<section class=\"section\" id=\"section_2068251034\">\n\t\t<div class=\"bg section-bg fill bg-fill  bg-loaded\" >\n\n\t\t\t\n\t\t\t\n\t\t\t\n\n\t\t<\/div>\n\n\t\t\n\n\t\t<div class=\"section-content relative\">\n\t\t\t\n\n<div class=\"row\"  id=\"row-878349854\">\n\n\n\t<div id=\"col-250828071\" class=\"col small-12 large-12\"  >\n\t\t\t\t<div class=\"col-inner\"  >\n\t\t\t\n\t\t\t\n\n<div style=\"border-left: 5px #fe5e08 solid; padding-left: 40px;\">\n<h2 style=\"color: #fe5e08;\">\u00bfPor qu\u00e9 migrar tu tienda de Shopify a PrestaShop?<\/h2>\n<p><b>Migrar a PrestaShop es una elecci\u00f3n inteligente si:<\/b><\/p>\n<ul style=\"list-style-type: none;\">\n<li style=\"margin-left: 0;\">quieres control total sobre el backend, dise\u00f1o e integraciones de tu tienda,<\/li>\n<li style=\"margin-left: 0;\">buscas eliminar las cuotas de suscripci\u00f3n SaaS,<\/li>\n<li style=\"margin-left: 0;\">tu negocio requiere funciones de e-commerce personalizadas,<\/li>\n<li style=\"margin-left: 0;\">necesitas funciones avanzadas multiling\u00fce, multicurrency o B2B.<\/li>\n<\/ul>\n<p>PrestaShop es ideal para empresas que quieren ser due\u00f1as totales de su soluci\u00f3n de e-commerce y personalizarla al m\u00e1ximo, manteniendo la flexibilidad y escalabilidad a largo plazo.<\/p>\n<\/div>\n\n\t<div id=\"gap-366454492\" class=\"gap-element clearfix\" style=\"display:block; height:auto;\">\n\t\t\n<style>\n#gap-366454492 {\n  padding-top: 60px;\n}\n<\/style>\n\t<\/div>\n\t\n\n\t<div id=\"text-1522068410\" class=\"text\">\n\t\t\n\n<div style=\"border-right: 5px #0093e3 solid; padding-right: 40px;\">\n<h2 style=\"color: #0093e3\">\u00bfC\u00f3mo funciona la migraci\u00f3n de Shopify a PrestaShop?<\/h2>\n<p>Gestionamos todo el proceso de migraci\u00f3n con cuidado y seguridad, asegurando la transferencia completa de datos, la configuraci\u00f3n adecuada y la continuidad del negocio durante la transici\u00f3n.<\/p>\n<p><b>Transferimos todos los datos de productos<\/b><br>Productos, categor\u00edas, variantes, im\u00e1genes y datos SEO se importan a la estructura de PrestaShop.<\/p>\n<p><b>Preservamos los datos de clientes<\/b><br>Las cuentas de clientes, direcciones e historial de pedidos se migran y mapean correctamente.<\/p>\n<p><b>Restauramos el historial de pedidos<\/b><br>Todas las transacciones anteriores, registros de pago e informaci\u00f3n de env\u00edos se transfieren para mantener informes y operaciones sin interrupciones.<\/p>\n<\/div>\n\n\t\t\n<style>\n#text-1522068410 {\n  text-align: right;\n}\n<\/style>\n\t<\/div>\n\t\n\n\t\t<\/div>\n\t\t\t\t\t<\/div>\n\n\t\n\n<\/div>\n\n\t\t<\/div>\n\n\t\t\n<style>\n#section_2068251034 {\n  padding-top: 80px;\n  padding-bottom: 80px;\n  background-color: rgb(249, 249, 249);\n}\n<\/style>\n\t<\/section>\n\t\n","protected":false},"excerpt":{"rendered":"","protected":false},"author":2,"featured_media":0,"parent":41375,"menu_order":0,"comment_status":"closed","ping_status":"closed","template":"","meta":{"_lmt_disableupdate":"","_lmt_disable":"","footnotes":""},"yoast_head":"<!-- This site is optimized with the Yoast SEO Premium plugin v21.8 (Yoast SEO v23.5) - https:\/\/yoast.com\/wordpress\/plugins\/seo\/ -->\n<title>Migraci\u00f3n de Shopify a PrestaShop<\/title>\n<meta name=\"description\" content=\"Migraci\u00f3n de Shopify a PrestaShop: obt\u00e9n control total, elimina las tarifas SaaS y personaliza completamente tu plataforma de e-commerce con la flexibilidad del c\u00f3digo abierto.\" \/>\n<meta name=\"robots\" content=\"index, follow, max-snippet:-1, max-image-preview:large, max-video-preview:-1\" \/>\n<link rel=\"canonical\" href=\"https:\/\/megamo.eu\/es\/migracion-de-tienda-online-a-otra-plataforma\/migracion-de-shopify-a-prestashop\/\" \/>\n<meta property=\"og:locale\" content=\"es_ES\" \/>\n<meta property=\"og:type\" content=\"article\" \/>\n<meta property=\"og:title\" content=\"Migraci\u00f3n de Shopify a PrestaShop\" \/>\n<meta property=\"og:description\" content=\"Migraci\u00f3n de Shopify a PrestaShop: obt\u00e9n control total, elimina las tarifas SaaS y personaliza completamente tu plataforma de e-commerce con la flexibilidad del c\u00f3digo abierto.\" \/>\n<meta property=\"og:url\" content=\"https:\/\/megamo.eu\/es\/migracion-de-tienda-online-a-otra-plataforma\/migracion-de-shopify-a-prestashop\/\" \/>\n<meta property=\"og:site_name\" content=\"megamo.eu\" \/>\n<meta property=\"article:publisher\" content=\"https:\/\/www.facebook.com\/megamoeu\" \/>\n<meta property=\"article:modified_time\" content=\"2025-10-03T09:35:50+00:00\" \/>\n<meta name=\"twitter:card\" content=\"summary_large_image\" \/>\n<meta name=\"twitter:label1\" content=\"Tiempo de lectura\" \/>\n\t<meta name=\"twitter:data1\" content=\"4 minutos\" \/>\n<script type=\"application\/ld+json\" class=\"yoast-schema-graph\">{\"@context\":\"https:\/\/schema.org\",\"@graph\":[{\"@type\":\"WebPage\",\"@id\":\"https:\/\/megamo.eu\/es\/migracion-de-tienda-online-a-otra-plataforma\/migracion-de-shopify-a-prestashop\/\",\"url\":\"https:\/\/megamo.eu\/es\/migracion-de-tienda-online-a-otra-plataforma\/migracion-de-shopify-a-prestashop\/\",\"name\":\"Migraci\u00f3n de Shopify a PrestaShop\",\"isPartOf\":{\"@id\":\"https:\/\/megamo.eu\/es\/#website\"},\"datePublished\":\"2025-06-11T11:08:53+00:00\",\"dateModified\":\"2025-10-03T09:35:50+00:00\",\"description\":\"Migraci\u00f3n de Shopify a PrestaShop: obt\u00e9n control total, elimina las tarifas SaaS y personaliza completamente tu plataforma de e-commerce con la flexibilidad del c\u00f3digo abierto.\",\"breadcrumb\":{\"@id\":\"https:\/\/megamo.eu\/es\/migracion-de-tienda-online-a-otra-plataforma\/migracion-de-shopify-a-prestashop\/#breadcrumb\"},\"inLanguage\":\"es\",\"potentialAction\":[{\"@type\":\"ReadAction\",\"target\":[\"https:\/\/megamo.eu\/es\/migracion-de-tienda-online-a-otra-plataforma\/migracion-de-shopify-a-prestashop\/\"]}]},{\"@type\":\"BreadcrumbList\",\"@id\":\"https:\/\/megamo.eu\/es\/migracion-de-tienda-online-a-otra-plataforma\/migracion-de-shopify-a-prestashop\/#breadcrumb\",\"itemListElement\":[{\"@type\":\"ListItem\",\"position\":1,\"name\":\"Home\",\"item\":\"https:\/\/megamo.eu\/es\/\"},{\"@type\":\"ListItem\",\"position\":2,\"name\":\"Migraci\u00f3n de Tienda Online a Otra Plataforma\",\"item\":\"https:\/\/megamo.eu\/es\/migracion-de-tienda-online-a-otra-plataforma\/\"},{\"@type\":\"ListItem\",\"position\":3,\"name\":\"Migraci\u00f3n de Shopify a PrestaShop\"}]},{\"@type\":\"WebSite\",\"@id\":\"https:\/\/megamo.eu\/es\/#website\",\"url\":\"https:\/\/megamo.eu\/es\/\",\"name\":\"megamo.eu\",\"description\":\"megamo.eu\",\"publisher\":{\"@id\":\"https:\/\/megamo.eu\/es\/#organization\"},\"potentialAction\":[{\"@type\":\"SearchAction\",\"target\":{\"@type\":\"EntryPoint\",\"urlTemplate\":\"https:\/\/megamo.eu\/es\/?s={search_term_string}\"},\"query-input\":{\"@type\":\"PropertyValueSpecification\",\"valueRequired\":true,\"valueName\":\"search_term_string\"}}],\"inLanguage\":\"es\"},{\"@type\":\"Organization\",\"@id\":\"https:\/\/megamo.eu\/es\/#organization\",\"name\":\"Megamo\",\"alternateName\":\"mgo\",\"url\":\"https:\/\/megamo.eu\/es\/\",\"logo\":{\"@type\":\"ImageObject\",\"inLanguage\":\"es\",\"@id\":\"https:\/\/megamo.eu\/es\/#\/schema\/logo\/image\/\",\"url\":\"https:\/\/megamo.eu\/wp-content\/uploads\/2024\/02\/logo_small.png\",\"contentUrl\":\"https:\/\/megamo.eu\/wp-content\/uploads\/2024\/02\/logo_small.png\",\"width\":300,\"height\":113,\"caption\":\"Megamo\"},\"image\":{\"@id\":\"https:\/\/megamo.eu\/es\/#\/schema\/logo\/image\/\"},\"sameAs\":[\"https:\/\/www.facebook.com\/megamoeu\",\"https:\/\/www.youtube.com\/@Megamo_en\"]}]}<\/script>\n<!-- \/ Yoast SEO Premium plugin. -->","yoast_head_json":{"title":"Migraci\u00f3n de Shopify a PrestaShop","description":"Migraci\u00f3n de Shopify a PrestaShop: obt\u00e9n control total, elimina las tarifas SaaS y personaliza completamente tu plataforma de e-commerce con la flexibilidad del c\u00f3digo abierto.","robots":{"index":"index","follow":"follow","max-snippet":"max-snippet:-1","max-image-preview":"max-image-preview:large","max-video-preview":"max-video-preview:-1"},"canonical":"https:\/\/megamo.eu\/es\/migracion-de-tienda-online-a-otra-plataforma\/migracion-de-shopify-a-prestashop\/","og_locale":"es_ES","og_type":"article","og_title":"Migraci\u00f3n de Shopify a PrestaShop","og_description":"Migraci\u00f3n de Shopify a PrestaShop: obt\u00e9n control total, elimina las tarifas SaaS y personaliza completamente tu plataforma de e-commerce con la flexibilidad del c\u00f3digo abierto.","og_url":"https:\/\/megamo.eu\/es\/migracion-de-tienda-online-a-otra-plataforma\/migracion-de-shopify-a-prestashop\/","og_site_name":"megamo.eu","article_publisher":"https:\/\/www.facebook.com\/megamoeu","article_modified_time":"2025-10-03T09:35:50+00:00","twitter_card":"summary_large_image","twitter_misc":{"Tiempo de lectura":"4 minutos"},"schema":{"@context":"https:\/\/schema.org","@graph":[{"@type":"WebPage","@id":"https:\/\/megamo.eu\/es\/migracion-de-tienda-online-a-otra-plataforma\/migracion-de-shopify-a-prestashop\/","url":"https:\/\/megamo.eu\/es\/migracion-de-tienda-online-a-otra-plataforma\/migracion-de-shopify-a-prestashop\/","name":"Migraci\u00f3n de Shopify a PrestaShop","isPartOf":{"@id":"https:\/\/megamo.eu\/es\/#website"},"datePublished":"2025-06-11T11:08:53+00:00","dateModified":"2025-10-03T09:35:50+00:00","description":"Migraci\u00f3n de Shopify a PrestaShop: obt\u00e9n control total, elimina las tarifas SaaS y personaliza completamente tu plataforma de e-commerce con la flexibilidad del c\u00f3digo abierto.","breadcrumb":{"@id":"https:\/\/megamo.eu\/es\/migracion-de-tienda-online-a-otra-plataforma\/migracion-de-shopify-a-prestashop\/#breadcrumb"},"inLanguage":"es","potentialAction":[{"@type":"ReadAction","target":["https:\/\/megamo.eu\/es\/migracion-de-tienda-online-a-otra-plataforma\/migracion-de-shopify-a-prestashop\/"]}]},{"@type":"BreadcrumbList","@id":"https:\/\/megamo.eu\/es\/migracion-de-tienda-online-a-otra-plataforma\/migracion-de-shopify-a-prestashop\/#breadcrumb","itemListElement":[{"@type":"ListItem","position":1,"name":"Home","item":"https:\/\/megamo.eu\/es\/"},{"@type":"ListItem","position":2,"name":"Migraci\u00f3n de Tienda Online a Otra Plataforma","item":"https:\/\/megamo.eu\/es\/migracion-de-tienda-online-a-otra-plataforma\/"},{"@type":"ListItem","position":3,"name":"Migraci\u00f3n de Shopify a PrestaShop"}]},{"@type":"WebSite","@id":"https:\/\/megamo.eu\/es\/#website","url":"https:\/\/megamo.eu\/es\/","name":"megamo.eu","description":"megamo.eu","publisher":{"@id":"https:\/\/megamo.eu\/es\/#organization"},"potentialAction":[{"@type":"SearchAction","target":{"@type":"EntryPoint","urlTemplate":"https:\/\/megamo.eu\/es\/?s={search_term_string}"},"query-input":{"@type":"PropertyValueSpecification","valueRequired":true,"valueName":"search_term_string"}}],"inLanguage":"es"},{"@type":"Organization","@id":"https:\/\/megamo.eu\/es\/#organization","name":"Megamo","alternateName":"mgo","url":"https:\/\/megamo.eu\/es\/","logo":{"@type":"ImageObject","inLanguage":"es","@id":"https:\/\/megamo.eu\/es\/#\/schema\/logo\/image\/","url":"https:\/\/megamo.eu\/wp-content\/uploads\/2024\/02\/logo_small.png","contentUrl":"https:\/\/megamo.eu\/wp-content\/uploads\/2024\/02\/logo_small.png","width":300,"height":113,"caption":"Megamo"},"image":{"@id":"https:\/\/megamo.eu\/es\/#\/schema\/logo\/image\/"},"sameAs":["https:\/\/www.facebook.com\/megamoeu","https:\/\/www.youtube.com\/@Megamo_en"]}]}},"_links":{"self":[{"href":"https:\/\/megamo.eu\/es\/wp-json\/wp\/v2\/pages\/54439"}],"collection":[{"href":"https:\/\/megamo.eu\/es\/wp-json\/wp\/v2\/pages"}],"about":[{"href":"https:\/\/megamo.eu\/es\/wp-json\/wp\/v2\/types\/page"}],"author":[{"embeddable":true,"href":"https:\/\/megamo.eu\/es\/wp-json\/wp\/v2\/users\/2"}],"replies":[{"embeddable":true,"href":"https:\/\/megamo.eu\/es\/wp-json\/wp\/v2\/comments?post=54439"}],"version-history":[{"count":2,"href":"https:\/\/megamo.eu\/es\/wp-json\/wp\/v2\/pages\/54439\/revisions"}],"predecessor-version":[{"id":56739,"href":"https:\/\/megamo.eu\/es\/wp-json\/wp\/v2\/pages\/54439\/revisions\/56739"}],"up":[{"embeddable":true,"href":"https:\/\/megamo.eu\/es\/wp-json\/wp\/v2\/pages\/41375"}],"wp:attachment":[{"href":"https:\/\/megamo.eu\/es\/wp-json\/wp\/v2\/media?parent=54439"}],"curies":[{"name":"wp","href":"https:\/\/api.w.org\/{rel}","templated":true}]}}