{"id":54390,"date":"2024-02-23T13:58:59","date_gmt":"2024-02-23T12:58:59","guid":{"rendered":"https:\/\/megamo.eu\/plug-ins-modulos-de-dropshipping\/opencart-feed-integration-with-supplier\/"},"modified":"2025-10-06T10:54:26","modified_gmt":"2025-10-06T08:54:26","slug":"opencart-integracion-de-feed-con-proveedores","status":"publish","type":"page","link":"https:\/\/megamo.eu\/es\/plug-ins-modulos-de-dropshipping\/opencart-integracion-de-feed-con-proveedores\/","title":{"rendered":"OpenCart &#8211; Integraci\u00f3n de Feed con Proveedores"},"content":{"rendered":"\n\t<div id=\"gap-1961151512\" class=\"gap-element clearfix\" style=\"display:block; height:auto;\">\n\t\t\n<style>\n#gap-1961151512 {\n  padding-top: 60px;\n}\n<\/style>\n\t<\/div>\n\t\n\n\t<section class=\"section\" id=\"section_1905580730\">\n\t\t<div class=\"bg section-bg fill bg-fill  bg-loaded\" >\n\n\t\t\t\n\t\t\t\n\t\t\t\n\n\t\t<\/div>\n\n\t\t\n\n\t\t<div class=\"section-content relative\">\n\t\t\t\n\n<div class=\"row\"  id=\"row-188951992\">\n\n\n\t<div id=\"col-735188714\" class=\"col small-12 large-12\"  >\n\t\t\t\t<div class=\"col-inner\"  >\n\t\t\t\n\t\t\t\n\n\t<div id=\"text-441156385\" class=\"text\">\n\t\t\n\n<h1>OpenCart &#8211; integraci\u00f3n del feed con proveedor<\/h1>\n\n\t\t\n<style>\n#text-441156385 {\n  font-size: 1.3rem;\n  text-align: center;\n}\n<\/style>\n\t<\/div>\n\t\n\n\t\t<\/div>\n\t\t\t\t\t<\/div>\n\n\t\n\n<\/div>\n<div class=\"row\"  id=\"row-958153613\">\n\n\n\t<div id=\"col-1700383012\" class=\"col small-12 large-12\"  >\n\t\t\t\t<div class=\"col-inner text-center\"  >\n\t\t\t\n\t\t\t\n\n\t<div class=\"img has-hover x md-x lg-x y md-y lg-y\" id=\"image_2120138825\">\n\t\t\t\t\t\t\t\t<div class=\"img-inner dark\" >\n\t\t\t<img loading=\"lazy\" decoding=\"async\" width=\"411\" height=\"165\" src=\"https:\/\/megamo.eu\/wp-content\/uploads\/2024\/02\/logo-opencart-411.webp\" class=\"attachment-original size-original\" alt=\"\" \/>\t\t\t\t\t\t\n\t\t\t\t\t<\/div>\n\t\t\t\t\t\t\t\t\n<style>\n#image_2120138825 {\n  width: 30%;\n}\n<\/style>\n\t<\/div>\n\t\n\n\t<div id=\"text-1743096505\" class=\"text\">\n\t\t\n\n<p>OPEN SOURCE | Requiere servidor<\/p>\n\n\t\t\n<style>\n#text-1743096505 {\n  font-size: 1.2rem;\n  color: rgb(155, 155, 155);\n}\n#text-1743096505 > * {\n  color: rgb(155, 155, 155);\n}\n<\/style>\n\t<\/div>\n\t\n\t<div id=\"text-1984622635\" class=\"text\">\n\t\t\n\n<p style=\"margin-bottom: 60px\">OpenCart es un sistema flexible de gesti\u00f3n de tiendas online ofrecido bajo la licencia GNU\/GPL. Es altamente personalizable, lo que lo hace adecuado para la venta de una amplia variedad de productos. La plataforma incluye un panel administrativo f\u00e1cil de usar, lo que garantiza comodidad incluso para principiantes. Su arquitectura de programaci\u00f3n est\u00e1 dise\u00f1ada para ser optimizada para buscadores, y su estructura basada en el modelo MVC (Modelo-Vista-Controlador) facilita la modificaci\u00f3n del dise\u00f1o de la tienda y la adici\u00f3n de nuevos m\u00f3dulos funcionales, incluso para quienes est\u00e1n comenzando con la programaci\u00f3n en PHP.<\/p>\n\n\t\t\n<style>\n#text-1984622635 {\n  text-align: left;\n}\n<\/style>\n\t<\/div>\n\t\n<a href=\"https:\/\/panel.megamo.co.uk\/dashboard\" class=\"button primary\"  >\n    <span>Integrar OpenCart<\/span>\n  <\/a>\n\n\n<a href=\"\/es\/complementos-para-la-integracion\/\" class=\"button primary\"  >\n    <span>Elegir complementos para OpenCart<\/span>\n  <\/a>\n\n\n\n\t\t<\/div>\n\t\t\t\t\t<\/div>\n\n\t\n\n<\/div>\n\n\t\t<\/div>\n\n\t\t\n<style>\n#section_1905580730 {\n  padding-top: 30px;\n  padding-bottom: 30px;\n  margin-bottom: 60px;\n}\n<\/style>\n\t<\/section>\n\t\n\t<section class=\"section\" id=\"section_204756983\">\n\t\t<div class=\"bg section-bg fill bg-fill  bg-loaded\" >\n\n\t\t\t\n\t\t\t\n\t\t\t\n\n\t\t<\/div>\n\n\t\t\n\n\t\t<div class=\"section-content relative\">\n\t\t\t\n\n<div class=\"row\"  id=\"row-1644458699\">\n\n\n\t<div id=\"col-1486594694\" class=\"col medium-6 small-12 large-6\"  >\n\t\t\t\t<div class=\"col-inner\"  >\n\t\t\t\n\t\t\t\n\n\t<div class=\"img has-hover x md-x lg-x y md-y lg-y\" id=\"image_912028502\">\n\t\t\t\t\t\t\t\t<div class=\"img-inner dark\" >\n\t\t\t<img loading=\"lazy\" decoding=\"async\" width=\"1020\" height=\"570\" src=\"https:\/\/megamo.eu\/wp-content\/uploads\/2024\/01\/hex-default.webp\" class=\"attachment-large size-large\" alt=\"\" srcset=\"https:\/\/megamo.eu\/wp-content\/uploads\/2024\/01\/hex-default.webp 1025w, https:\/\/megamo.eu\/wp-content\/uploads\/2024\/01\/hex-default-716x400.webp 716w, https:\/\/megamo.eu\/wp-content\/uploads\/2024\/01\/hex-default-768x429.webp 768w, https:\/\/megamo.eu\/wp-content\/uploads\/2024\/01\/hex-default-600x335.webp 600w\" sizes=\"(max-width: 1020px) 100vw, 1020px\" \/>\t\t\t\t\t\t\n\t\t\t\t\t<\/div>\n\t\t\t\t\t\t\t\t\n<style>\n#image_912028502 {\n  width: 100%;\n}\n<\/style>\n\t<\/div>\n\t\n\n\n\t\t<\/div>\n\t\t\t\t\t<\/div>\n\n\t\n\n\t<div id=\"col-252946345\" class=\"col medium-6 small-12 large-6\"  >\n\t\t\t\t<div class=\"col-inner\"  >\n\t\t\t\n\t\t\t\n\n\t<div id=\"text-915379848\" class=\"text\">\n\t\t\n\n<h2>Te ayudamos a ahorrar tiempo<\/h2>\n\t\t\n<style>\n#text-915379848 {\n  font-size: 1.2rem;\n}\n<\/style>\n\t<\/div>\n\t\n<p>Incorporar manualmente alrededor de <b>1000 productos<\/b> a tu inventario puede consumir hasta <b>160 horas<\/b>, lo que equivale a un mes completo de trabajo de 8 horas diarias, cinco d\u00edas a la semana.<\/p>\n<p><b>Tu tiempo es invaluable, tanto en tus momentos de descanso como por el potencial de ingresos de tu trabajo.<\/b><\/p>\n<a href=\"\/es\/precios-integracion-automatica-con-proveedores\/\" class=\"button primary\"  >\n    <span>M\u00e1s informaci\u00f3n<\/span>\n  <\/a>\n\n\n\n\t\t<\/div>\n\t\t\t\t\t<\/div>\n\n\t\n\n<\/div>\n\n\t\t<\/div>\n\n\t\t\n<style>\n#section_204756983 {\n  padding-top: 80px;\n  padding-bottom: 80px;\n}\n<\/style>\n\t<\/section>\n\t\n","protected":false},"excerpt":{"rendered":"","protected":false},"author":2,"featured_media":0,"parent":41243,"menu_order":0,"comment_status":"closed","ping_status":"closed","template":"","meta":{"_lmt_disableupdate":"","_lmt_disable":"","footnotes":""},"yoast_head":"<!-- This site is optimized with the Yoast SEO Premium plugin v21.8 (Yoast SEO v23.5) - https:\/\/yoast.com\/wordpress\/plugins\/seo\/ -->\n<title>OpenCart - Integraci\u00f3n de Feed con Proveedores<\/title>\n<meta name=\"description\" content=\"\u00bfTienes una tienda en OpenCart y te gustar\u00eda vender productos de un proveedor de tu elecci\u00f3n? Conoce nuestra oferta.\" \/>\n<meta name=\"robots\" content=\"index, follow, max-snippet:-1, max-image-preview:large, max-video-preview:-1\" \/>\n<link rel=\"canonical\" href=\"https:\/\/megamo.eu\/es\/plug-ins-modulos-de-dropshipping\/opencart-integracion-de-feed-con-proveedores\/\" \/>\n<meta property=\"og:locale\" content=\"es_ES\" \/>\n<meta property=\"og:type\" content=\"article\" \/>\n<meta property=\"og:title\" content=\"OpenCart - Integraci\u00f3n de Feed con Proveedores\" \/>\n<meta property=\"og:description\" content=\"\u00bfTienes una tienda en OpenCart y te gustar\u00eda vender productos de un proveedor de tu elecci\u00f3n? Conoce nuestra oferta.\" \/>\n<meta property=\"og:url\" content=\"https:\/\/megamo.eu\/es\/plug-ins-modulos-de-dropshipping\/opencart-integracion-de-feed-con-proveedores\/\" \/>\n<meta property=\"og:site_name\" content=\"megamo.eu\" \/>\n<meta property=\"article:publisher\" content=\"https:\/\/www.facebook.com\/megamoeu\" \/>\n<meta property=\"article:modified_time\" content=\"2025-10-06T08:54:26+00:00\" \/>\n<meta name=\"twitter:card\" content=\"summary_large_image\" \/>\n<meta name=\"twitter:label1\" content=\"Tiempo de lectura\" \/>\n\t<meta name=\"twitter:data1\" content=\"2 minutos\" \/>\n<script type=\"application\/ld+json\" class=\"yoast-schema-graph\">{\"@context\":\"https:\/\/schema.org\",\"@graph\":[{\"@type\":\"WebPage\",\"@id\":\"https:\/\/megamo.eu\/es\/plug-ins-modulos-de-dropshipping\/opencart-integracion-de-feed-con-proveedores\/\",\"url\":\"https:\/\/megamo.eu\/es\/plug-ins-modulos-de-dropshipping\/opencart-integracion-de-feed-con-proveedores\/\",\"name\":\"OpenCart - Integraci\u00f3n de Feed con Proveedores\",\"isPartOf\":{\"@id\":\"https:\/\/megamo.eu\/es\/#website\"},\"datePublished\":\"2024-02-23T12:58:59+00:00\",\"dateModified\":\"2025-10-06T08:54:26+00:00\",\"description\":\"\u00bfTienes una tienda en OpenCart y te gustar\u00eda vender productos de un proveedor de tu elecci\u00f3n? Conoce nuestra oferta.\",\"breadcrumb\":{\"@id\":\"https:\/\/megamo.eu\/es\/plug-ins-modulos-de-dropshipping\/opencart-integracion-de-feed-con-proveedores\/#breadcrumb\"},\"inLanguage\":\"es\",\"potentialAction\":[{\"@type\":\"ReadAction\",\"target\":[\"https:\/\/megamo.eu\/es\/plug-ins-modulos-de-dropshipping\/opencart-integracion-de-feed-con-proveedores\/\"]}]},{\"@type\":\"BreadcrumbList\",\"@id\":\"https:\/\/megamo.eu\/es\/plug-ins-modulos-de-dropshipping\/opencart-integracion-de-feed-con-proveedores\/#breadcrumb\",\"itemListElement\":[{\"@type\":\"ListItem\",\"position\":1,\"name\":\"Home\",\"item\":\"https:\/\/megamo.eu\/es\/\"},{\"@type\":\"ListItem\",\"position\":2,\"name\":\"Plug-ins, m\u00f3dulos de dropshipping\",\"item\":\"https:\/\/megamo.eu\/es\/plug-ins-modulos-de-dropshipping\/\"},{\"@type\":\"ListItem\",\"position\":3,\"name\":\"OpenCart &#8211; Integraci\u00f3n de Feed con Proveedores\"}]},{\"@type\":\"WebSite\",\"@id\":\"https:\/\/megamo.eu\/es\/#website\",\"url\":\"https:\/\/megamo.eu\/es\/\",\"name\":\"megamo.eu\",\"description\":\"megamo.eu\",\"publisher\":{\"@id\":\"https:\/\/megamo.eu\/es\/#organization\"},\"potentialAction\":[{\"@type\":\"SearchAction\",\"target\":{\"@type\":\"EntryPoint\",\"urlTemplate\":\"https:\/\/megamo.eu\/es\/?s={search_term_string}\"},\"query-input\":{\"@type\":\"PropertyValueSpecification\",\"valueRequired\":true,\"valueName\":\"search_term_string\"}}],\"inLanguage\":\"es\"},{\"@type\":\"Organization\",\"@id\":\"https:\/\/megamo.eu\/es\/#organization\",\"name\":\"Megamo\",\"alternateName\":\"mgo\",\"url\":\"https:\/\/megamo.eu\/es\/\",\"logo\":{\"@type\":\"ImageObject\",\"inLanguage\":\"es\",\"@id\":\"https:\/\/megamo.eu\/es\/#\/schema\/logo\/image\/\",\"url\":\"https:\/\/megamo.eu\/wp-content\/uploads\/2024\/02\/logo_small.png\",\"contentUrl\":\"https:\/\/megamo.eu\/wp-content\/uploads\/2024\/02\/logo_small.png\",\"width\":300,\"height\":113,\"caption\":\"Megamo\"},\"image\":{\"@id\":\"https:\/\/megamo.eu\/es\/#\/schema\/logo\/image\/\"},\"sameAs\":[\"https:\/\/www.facebook.com\/megamoeu\",\"https:\/\/www.youtube.com\/@Megamo_en\"]}]}<\/script>\n<!-- \/ Yoast SEO Premium plugin. -->","yoast_head_json":{"title":"OpenCart - Integraci\u00f3n de Feed con Proveedores","description":"\u00bfTienes una tienda en OpenCart y te gustar\u00eda vender productos de un proveedor de tu elecci\u00f3n? Conoce nuestra oferta.","robots":{"index":"index","follow":"follow","max-snippet":"max-snippet:-1","max-image-preview":"max-image-preview:large","max-video-preview":"max-video-preview:-1"},"canonical":"https:\/\/megamo.eu\/es\/plug-ins-modulos-de-dropshipping\/opencart-integracion-de-feed-con-proveedores\/","og_locale":"es_ES","og_type":"article","og_title":"OpenCart - Integraci\u00f3n de Feed con Proveedores","og_description":"\u00bfTienes una tienda en OpenCart y te gustar\u00eda vender productos de un proveedor de tu elecci\u00f3n? Conoce nuestra oferta.","og_url":"https:\/\/megamo.eu\/es\/plug-ins-modulos-de-dropshipping\/opencart-integracion-de-feed-con-proveedores\/","og_site_name":"megamo.eu","article_publisher":"https:\/\/www.facebook.com\/megamoeu","article_modified_time":"2025-10-06T08:54:26+00:00","twitter_card":"summary_large_image","twitter_misc":{"Tiempo de lectura":"2 minutos"},"schema":{"@context":"https:\/\/schema.org","@graph":[{"@type":"WebPage","@id":"https:\/\/megamo.eu\/es\/plug-ins-modulos-de-dropshipping\/opencart-integracion-de-feed-con-proveedores\/","url":"https:\/\/megamo.eu\/es\/plug-ins-modulos-de-dropshipping\/opencart-integracion-de-feed-con-proveedores\/","name":"OpenCart - Integraci\u00f3n de Feed con Proveedores","isPartOf":{"@id":"https:\/\/megamo.eu\/es\/#website"},"datePublished":"2024-02-23T12:58:59+00:00","dateModified":"2025-10-06T08:54:26+00:00","description":"\u00bfTienes una tienda en OpenCart y te gustar\u00eda vender productos de un proveedor de tu elecci\u00f3n? Conoce nuestra oferta.","breadcrumb":{"@id":"https:\/\/megamo.eu\/es\/plug-ins-modulos-de-dropshipping\/opencart-integracion-de-feed-con-proveedores\/#breadcrumb"},"inLanguage":"es","potentialAction":[{"@type":"ReadAction","target":["https:\/\/megamo.eu\/es\/plug-ins-modulos-de-dropshipping\/opencart-integracion-de-feed-con-proveedores\/"]}]},{"@type":"BreadcrumbList","@id":"https:\/\/megamo.eu\/es\/plug-ins-modulos-de-dropshipping\/opencart-integracion-de-feed-con-proveedores\/#breadcrumb","itemListElement":[{"@type":"ListItem","position":1,"name":"Home","item":"https:\/\/megamo.eu\/es\/"},{"@type":"ListItem","position":2,"name":"Plug-ins, m\u00f3dulos de dropshipping","item":"https:\/\/megamo.eu\/es\/plug-ins-modulos-de-dropshipping\/"},{"@type":"ListItem","position":3,"name":"OpenCart &#8211; Integraci\u00f3n de Feed con Proveedores"}]},{"@type":"WebSite","@id":"https:\/\/megamo.eu\/es\/#website","url":"https:\/\/megamo.eu\/es\/","name":"megamo.eu","description":"megamo.eu","publisher":{"@id":"https:\/\/megamo.eu\/es\/#organization"},"potentialAction":[{"@type":"SearchAction","target":{"@type":"EntryPoint","urlTemplate":"https:\/\/megamo.eu\/es\/?s={search_term_string}"},"query-input":{"@type":"PropertyValueSpecification","valueRequired":true,"valueName":"search_term_string"}}],"inLanguage":"es"},{"@type":"Organization","@id":"https:\/\/megamo.eu\/es\/#organization","name":"Megamo","alternateName":"mgo","url":"https:\/\/megamo.eu\/es\/","logo":{"@type":"ImageObject","inLanguage":"es","@id":"https:\/\/megamo.eu\/es\/#\/schema\/logo\/image\/","url":"https:\/\/megamo.eu\/wp-content\/uploads\/2024\/02\/logo_small.png","contentUrl":"https:\/\/megamo.eu\/wp-content\/uploads\/2024\/02\/logo_small.png","width":300,"height":113,"caption":"Megamo"},"image":{"@id":"https:\/\/megamo.eu\/es\/#\/schema\/logo\/image\/"},"sameAs":["https:\/\/www.facebook.com\/megamoeu","https:\/\/www.youtube.com\/@Megamo_en"]}]}},"_links":{"self":[{"href":"https:\/\/megamo.eu\/es\/wp-json\/wp\/v2\/pages\/54390"}],"collection":[{"href":"https:\/\/megamo.eu\/es\/wp-json\/wp\/v2\/pages"}],"about":[{"href":"https:\/\/megamo.eu\/es\/wp-json\/wp\/v2\/types\/page"}],"author":[{"embeddable":true,"href":"https:\/\/megamo.eu\/es\/wp-json\/wp\/v2\/users\/2"}],"replies":[{"embeddable":true,"href":"https:\/\/megamo.eu\/es\/wp-json\/wp\/v2\/comments?post=54390"}],"version-history":[{"count":3,"href":"https:\/\/megamo.eu\/es\/wp-json\/wp\/v2\/pages\/54390\/revisions"}],"predecessor-version":[{"id":57560,"href":"https:\/\/megamo.eu\/es\/wp-json\/wp\/v2\/pages\/54390\/revisions\/57560"}],"up":[{"embeddable":true,"href":"https:\/\/megamo.eu\/es\/wp-json\/wp\/v2\/pages\/41243"}],"wp:attachment":[{"href":"https:\/\/megamo.eu\/es\/wp-json\/wp\/v2\/media?parent=54390"}],"curies":[{"name":"wp","href":"https:\/\/api.w.org\/{rel}","templated":true}]}}