{"id":42318,"date":"2025-06-17T11:00:35","date_gmt":"2025-06-17T09:00:35","guid":{"rendered":"https:\/\/megamo.eu\/migracion-de-tienda-online-a-otra-plataforma\/migration-from-shopify-to-bigcommerce\/"},"modified":"2025-10-03T11:49:43","modified_gmt":"2025-10-03T09:49:43","slug":"migracion-de-shopify-a-bigcommerce","status":"publish","type":"page","link":"https:\/\/megamo.eu\/es\/migracion-de-tienda-online-a-otra-plataforma\/migracion-de-shopify-a-bigcommerce\/","title":{"rendered":"Migraci\u00f3n de Shopify a BigCommerce"},"content":{"rendered":"\n\t<div id=\"gap-1901268041\" class=\"gap-element clearfix\" style=\"display:block; height:auto;\">\n\t\t\n<style>\n#gap-1901268041 {\n  padding-top: 60px;\n}\n<\/style>\n\t<\/div>\n\t\n\n\t<section class=\"section\" id=\"section_2123056881\">\n\t\t<div class=\"bg section-bg fill bg-fill  bg-loaded\" >\n\n\t\t\t\n\t\t\t\n\t\t\t\n\n\t\t<\/div>\n\n\t\t\n\n\t\t<div class=\"section-content relative\">\n\t\t\t\n\n<div class=\"row\"  id=\"row-809224934\">\n\n\n\t<div id=\"col-1242943577\" class=\"col small-12 large-12\"  >\n\t\t\t\t<div class=\"col-inner text-center\"  >\n\t\t\t\n\t\t\t\n\n\t<div id=\"text-1958897168\" class=\"text\">\n\t\t\n\n<h1>Migraci\u00f3n de Shopify a BigCommerce<\/h1>\n\n\t\t\n<style>\n#text-1958897168 {\n  font-size: 1.3rem;\n}\n<\/style>\n\t<\/div>\n\t\n\n\t\t<\/div>\n\t\t\t\t\t<\/div>\n\n\t\n\n<\/div>\n<div class=\"row\"  id=\"row-837336621\">\n\n\n\t<div id=\"col-25623442\" class=\"col small-12 large-12\"  >\n\t\t\t\t<div class=\"col-inner text-center\"  >\n\t\t\t\n\t\t\t\n\n\t<div class=\"img has-hover x md-x lg-x y md-y lg-y\" id=\"image_1261114386\">\n\t\t\t\t\t\t\t\t<div class=\"img-inner dark\" >\n\t\t\t<img loading=\"lazy\" decoding=\"async\" width=\"820\" height=\"300\" src=\"https:\/\/megamo.eu\/wp-content\/uploads\/2025\/06\/shopify-bigcommerce-migration.webp\" class=\"attachment-original size-original\" alt=\"\" srcset=\"https:\/\/megamo.eu\/wp-content\/uploads\/2025\/06\/shopify-bigcommerce-migration.webp 820w, https:\/\/megamo.eu\/wp-content\/uploads\/2025\/06\/shopify-bigcommerce-migration-800x293.webp 800w, https:\/\/megamo.eu\/wp-content\/uploads\/2025\/06\/shopify-bigcommerce-migration-768x281.webp 768w, https:\/\/megamo.eu\/wp-content\/uploads\/2025\/06\/shopify-bigcommerce-migration-600x220.webp 600w\" sizes=\"(max-width: 820px) 100vw, 820px\" \/>\t\t\t\t\t\t\n\t\t\t\t\t<\/div>\n\t\t\t\t\t\t\t\t\n<style>\n#image_1261114386 {\n  width: 60%;\n}\n<\/style>\n\t<\/div>\n\t\n\n\t<div id=\"text-172126913\" class=\"text\">\n\t\t\n\n<p>MIGRACI\u00d3N DE PLATAFORMA | Shopify a BigCommerce<\/p>\n\n\t\t\n<style>\n#text-172126913 {\n  font-size: 1.2rem;\n  color: rgb(155, 155, 155);\n}\n#text-172126913 > * {\n  color: rgb(155, 155, 155);\n}\n<\/style>\n\t<\/div>\n\t\n\t<div id=\"text-2210296206\" class=\"text\">\n\t\t\n\n<p style=\"margin-bottom: 60px\">Aunque Shopify ofrece simplicidad y despliegue r\u00e1pido, muchas empresas eventualmente buscan m\u00e1s flexibilidad, mejores capacidades B2B y menos limitaciones de plataforma. Migrar a BigCommerce permite que tu tienda escale de forma m\u00e1s eficiente, integre l\u00f3gica empresarial avanzada y se beneficie de una soluci\u00f3n SaaS dise\u00f1ada para empresas en crecimiento.<\/p>\n\n\t\t\n<style>\n#text-2210296206 {\n  text-align: left;\n}\n<\/style>\n\t<\/div>\n\t\n<a href=\"https:\/\/forms.clickup.com\/9012257574\/f\/8cjr8t6-8752\/JCI89GNZOP1PSMHSHF\" target=\"_blank\" class=\"button primary\" rel=\"noopener\"  >\n  <i class=\"icon-checkmark\" aria-hidden=\"true\" ><\/i>  <span>Migra tu tienda de Shopify a BigCommerce<\/span>\n  <\/a>\n\n\n<a href=\"\/es\/migracion-de-tienda-online-a-otra-plataforma\/\" class=\"button primary\"  >\n  <i class=\"icon-tag\" aria-hidden=\"true\" ><\/i>  <span>Ver otros servicios de migraci\u00f3n<\/span>\n  <\/a>\n\n\n\n\t\t<\/div>\n\t\t\t\t\t<\/div>\n\n\t\n\n<\/div>\n\n\t\t<\/div>\n\n\t\t\n<style>\n#section_2123056881 {\n  padding-top: 30px;\n  padding-bottom: 30px;\n}\n<\/style>\n\t<\/section>\n\t\n\t<section class=\"section\" id=\"section_1655451820\">\n\t\t<div class=\"bg section-bg fill bg-fill  bg-loaded\" >\n\n\t\t\t\n\t\t\t\n\t\t\t\n\n\t\t<\/div>\n\n\t\t\n\n\t\t<div class=\"section-content relative\">\n\t\t\t\n\n<div class=\"row\"  id=\"row-924348703\">\n\n\n\t<div id=\"col-628033805\" class=\"col medium-6 small-12 large-6\"  >\n\t\t\t\t<div class=\"col-inner text-left\"  >\n\t\t\t\n\t\t\t\n\n<h3>Shopify \u2013 SaaS f\u00e1cil de usar pero con l\u00edmites de plataforma<\/h3>\n<p>Shopify facilita la configuraci\u00f3n de la tienda, pero su entorno SaaS puede restringir integraciones complejas, procesos de ventas B2B y funcionalidades avanzadas que los negocios medianos o grandes necesitan para escalar de manera m\u00e1s flexible.<\/p>\n<h4>Ventajas de Shopify:<\/h4>\n<ul>\n<li>plataforma SaaS totalmente alojada con seguridad integrada,<\/li>\n<li>configuraci\u00f3n r\u00e1pida e interfaz intuitiva,<\/li>\n<li>amplio marketplace de aplicaciones,<\/li>\n<li>infraestructura fiable con m\u00ednima gesti\u00f3n t\u00e9cnica.<\/li>\n<\/ul>\n<h4>Desventajas de Shopify:<\/h4>\n<ul>\n<li>cuotas mensuales que aumentan con el tama\u00f1o del negocio,<\/li>\n<li>acceso limitado al backend para personalizaciones avanzadas,<\/li>\n<li>comisiones por transacciones con pagos externos,<\/li>\n<li>restricciones para flujos de trabajo empresariales complejos.<\/li>\n<\/ul>\n\n\t\t<\/div>\n\t\t\t\t\t<\/div>\n\n\t\n\n\t<div id=\"col-1070486084\" class=\"col medium-6 small-12 large-6\"  >\n\t\t\t\t<div class=\"col-inner text-left\"  >\n\t\t\t\n\t\t\t\n\n<h3>BigCommerce \u2013 SaaS dise\u00f1ado para escalabilidad empresarial<\/h3>\n<p>BigCommerce es una plataforma SaaS pensada para negocios medianos y grandes, que ofrece escalabilidad a nivel enterprise, funcionalidades B2B integradas, opciones de comercio headless e integraciones avanzadas, todo sin perder la conveniencia de un SaaS.<\/p>\n<h4>Ventajas de BigCommerce:<\/h4>\n<ul>\n<li>soluci\u00f3n SaaS totalmente alojada y escalable,<\/li>\n<li>soporte nativo para ventas B2B, multicanal y transfronterizas,<\/li>\n<li>infraestructura avanzada API-first y capacidades headless,<\/li>\n<li>integraciones profundas con ERP, CRM y sistemas de fulfillment.<\/li>\n<\/ul>\n<h4>Desventajas de BigCommerce:<\/h4>\n<ul>\n<li>modelo de suscripci\u00f3n mensual basado en niveles de ingresos,<\/li>\n<li>menos libertad en el backend que las plataformas open-source.<\/li>\n<\/ul>\n\n\t\t<\/div>\n\t\t\t\t\t<\/div>\n\n\t\n\n<\/div>\n\n\t\t<\/div>\n\n\t\t\n<style>\n#section_1655451820 {\n  padding-top: 0px;\n  padding-bottom: 0px;\n}\n<\/style>\n\t<\/section>\n\t\n\t<section class=\"section\" id=\"section_672391446\">\n\t\t<div class=\"bg section-bg fill bg-fill  bg-loaded\" >\n\n\t\t\t\n\t\t\t\n\t\t\t\n\n\t\t<\/div>\n\n\t\t\n\n\t\t<div class=\"section-content relative\">\n\t\t\t\n\n<div class=\"row\"  id=\"row-855420089\">\n\n\n\t<div id=\"col-220184505\" class=\"col small-12 large-12\"  >\n\t\t\t\t<div class=\"col-inner\"  >\n\t\t\t\n\t\t\t\n\n<div style=\"border-left: 5px #fe5e08 solid; padding-left: 40px;\">\n<h2 style=\"color: #fe5e08;\">\u00bfPor qu\u00e9 migrar tu tienda de Shopify a BigCommerce?<\/h2>\n<p><b>Migrar a BigCommerce tiene sentido si:<\/b><\/p>\n<ul style=\"list-style-type: none;\">\n<li style=\"margin-left: 0;\">necesitas m\u00e1s funciones B2B, mayorista o precios complejos,<\/li>\n<li style=\"margin-left: 0;\">te est\u00e1s expandiendo internacionalmente en m\u00faltiples canales,<\/li>\n<li style=\"margin-left: 0;\">quieres la simplicidad del SaaS sin perder flexibilidad enterprise,<\/li>\n<li style=\"margin-left: 0;\">requieres integraciones m\u00e1s profundas con ERPs, CRMs o socios log\u00edsticos.<\/li>\n<\/ul>\n<p>BigCommerce es ideal para empresas que buscan la comodidad del SaaS combinada con capacidades empresariales avanzadas para respaldar su crecimiento futuro.<\/p>\n<\/div>\n\n\t<div id=\"gap-780766977\" class=\"gap-element clearfix\" style=\"display:block; height:auto;\">\n\t\t\n<style>\n#gap-780766977 {\n  padding-top: 60px;\n}\n<\/style>\n\t<\/div>\n\t\n\n\t<div id=\"text-212025591\" class=\"text\">\n\t\t\n\n<div style=\"border-right: 5px #0093e3 solid; padding-right: 40px;\">\n<h2 style=\"color: #0093e3\">\u00bfC\u00f3mo funciona la migraci\u00f3n de Shopify a BigCommerce?<\/h2>\n<p>Gestionamos el proceso de migraci\u00f3n con cuidado, garantizando la precisi\u00f3n de los datos, una configuraci\u00f3n fluida de la plataforma y la continuidad de las operaciones durante la transici\u00f3n.<\/p>\n<p><b>Transferimos todos los datos de productos<\/b><br>Productos, variantes, categor\u00edas, datos SEO y archivos multimedia se importan a BigCommerce.<\/p>\n<p><b>Preservamos los datos de clientes<\/b><br>Todos los perfiles de clientes, historial de pedidos e informaci\u00f3n de contacto se transfieren de forma segura.<\/p>\n<p><b>Restauramos el historial de pedidos<\/b><br>Todas las transacciones anteriores, registros de pagos y datos de env\u00edos se migran para mantener la precisi\u00f3n en los reportes y la continuidad operativa.<\/p>\n<\/div>\n\n\t\t\n<style>\n#text-212025591 {\n  text-align: right;\n}\n<\/style>\n\t<\/div>\n\t\n\n\t\t<\/div>\n\t\t\t\t\t<\/div>\n\n\t\n\n<\/div>\n\n\t\t<\/div>\n\n\t\t\n<style>\n#section_672391446 {\n  padding-top: 80px;\n  padding-bottom: 80px;\n  background-color: rgb(249, 249, 249);\n}\n<\/style>\n\t<\/section>\n\t\n","protected":false},"excerpt":{"rendered":"","protected":false},"author":2,"featured_media":0,"parent":41375,"menu_order":0,"comment_status":"closed","ping_status":"closed","template":"","meta":{"_lmt_disableupdate":"","_lmt_disable":"","footnotes":""},"yoast_head":"<!-- This site is optimized with the Yoast SEO Premium plugin v21.8 (Yoast SEO v23.5) - https:\/\/yoast.com\/wordpress\/plugins\/seo\/ -->\n<title>Migraci\u00f3n de Shopify a BigCommerce<\/title>\n<meta name=\"description\" content=\"Migraci\u00f3n de Shopify a BigCommerce: desbloquea escalabilidad empresarial, funciones B2B avanzadas y flexibilidad SaaS completa dise\u00f1ada para negocios en crecimiento.\" \/>\n<meta name=\"robots\" content=\"index, follow, max-snippet:-1, max-image-preview:large, max-video-preview:-1\" \/>\n<link rel=\"canonical\" href=\"https:\/\/megamo.eu\/es\/migracion-de-tienda-online-a-otra-plataforma\/migracion-de-shopify-a-bigcommerce\/\" \/>\n<meta property=\"og:locale\" content=\"es_ES\" \/>\n<meta property=\"og:type\" content=\"article\" \/>\n<meta property=\"og:title\" content=\"Migraci\u00f3n de Shopify a BigCommerce\" \/>\n<meta property=\"og:description\" content=\"Migraci\u00f3n de Shopify a BigCommerce: desbloquea escalabilidad empresarial, funciones B2B avanzadas y flexibilidad SaaS completa dise\u00f1ada para negocios en crecimiento.\" \/>\n<meta property=\"og:url\" content=\"https:\/\/megamo.eu\/es\/migracion-de-tienda-online-a-otra-plataforma\/migracion-de-shopify-a-bigcommerce\/\" \/>\n<meta property=\"og:site_name\" content=\"megamo.eu\" \/>\n<meta property=\"article:publisher\" content=\"https:\/\/www.facebook.com\/megamoeu\" \/>\n<meta property=\"article:modified_time\" content=\"2025-10-03T09:49:43+00:00\" \/>\n<meta name=\"twitter:card\" content=\"summary_large_image\" \/>\n<meta name=\"twitter:label1\" content=\"Tiempo de lectura\" \/>\n\t<meta name=\"twitter:data1\" content=\"3 minutos\" \/>\n<script type=\"application\/ld+json\" class=\"yoast-schema-graph\">{\"@context\":\"https:\/\/schema.org\",\"@graph\":[{\"@type\":\"WebPage\",\"@id\":\"https:\/\/megamo.eu\/es\/migracion-de-tienda-online-a-otra-plataforma\/migracion-de-shopify-a-bigcommerce\/\",\"url\":\"https:\/\/megamo.eu\/es\/migracion-de-tienda-online-a-otra-plataforma\/migracion-de-shopify-a-bigcommerce\/\",\"name\":\"Migraci\u00f3n de Shopify a BigCommerce\",\"isPartOf\":{\"@id\":\"https:\/\/megamo.eu\/es\/#website\"},\"datePublished\":\"2025-06-17T09:00:35+00:00\",\"dateModified\":\"2025-10-03T09:49:43+00:00\",\"description\":\"Migraci\u00f3n de Shopify a BigCommerce: desbloquea escalabilidad empresarial, funciones B2B avanzadas y flexibilidad SaaS completa dise\u00f1ada para negocios en crecimiento.\",\"breadcrumb\":{\"@id\":\"https:\/\/megamo.eu\/es\/migracion-de-tienda-online-a-otra-plataforma\/migracion-de-shopify-a-bigcommerce\/#breadcrumb\"},\"inLanguage\":\"es\",\"potentialAction\":[{\"@type\":\"ReadAction\",\"target\":[\"https:\/\/megamo.eu\/es\/migracion-de-tienda-online-a-otra-plataforma\/migracion-de-shopify-a-bigcommerce\/\"]}]},{\"@type\":\"BreadcrumbList\",\"@id\":\"https:\/\/megamo.eu\/es\/migracion-de-tienda-online-a-otra-plataforma\/migracion-de-shopify-a-bigcommerce\/#breadcrumb\",\"itemListElement\":[{\"@type\":\"ListItem\",\"position\":1,\"name\":\"Home\",\"item\":\"https:\/\/megamo.eu\/es\/\"},{\"@type\":\"ListItem\",\"position\":2,\"name\":\"Migraci\u00f3n de Tienda Online a Otra Plataforma\",\"item\":\"https:\/\/megamo.eu\/es\/migracion-de-tienda-online-a-otra-plataforma\/\"},{\"@type\":\"ListItem\",\"position\":3,\"name\":\"Migraci\u00f3n de Shopify a BigCommerce\"}]},{\"@type\":\"WebSite\",\"@id\":\"https:\/\/megamo.eu\/es\/#website\",\"url\":\"https:\/\/megamo.eu\/es\/\",\"name\":\"megamo.eu\",\"description\":\"megamo.eu\",\"publisher\":{\"@id\":\"https:\/\/megamo.eu\/es\/#organization\"},\"potentialAction\":[{\"@type\":\"SearchAction\",\"target\":{\"@type\":\"EntryPoint\",\"urlTemplate\":\"https:\/\/megamo.eu\/es\/?s={search_term_string}\"},\"query-input\":{\"@type\":\"PropertyValueSpecification\",\"valueRequired\":true,\"valueName\":\"search_term_string\"}}],\"inLanguage\":\"es\"},{\"@type\":\"Organization\",\"@id\":\"https:\/\/megamo.eu\/es\/#organization\",\"name\":\"Megamo\",\"alternateName\":\"mgo\",\"url\":\"https:\/\/megamo.eu\/es\/\",\"logo\":{\"@type\":\"ImageObject\",\"inLanguage\":\"es\",\"@id\":\"https:\/\/megamo.eu\/es\/#\/schema\/logo\/image\/\",\"url\":\"https:\/\/megamo.eu\/wp-content\/uploads\/2024\/02\/logo_small.png\",\"contentUrl\":\"https:\/\/megamo.eu\/wp-content\/uploads\/2024\/02\/logo_small.png\",\"width\":300,\"height\":113,\"caption\":\"Megamo\"},\"image\":{\"@id\":\"https:\/\/megamo.eu\/es\/#\/schema\/logo\/image\/\"},\"sameAs\":[\"https:\/\/www.facebook.com\/megamoeu\",\"https:\/\/www.youtube.com\/@Megamo_en\"]}]}<\/script>\n<!-- \/ Yoast SEO Premium plugin. -->","yoast_head_json":{"title":"Migraci\u00f3n de Shopify a BigCommerce","description":"Migraci\u00f3n de Shopify a BigCommerce: desbloquea escalabilidad empresarial, funciones B2B avanzadas y flexibilidad SaaS completa dise\u00f1ada para negocios en crecimiento.","robots":{"index":"index","follow":"follow","max-snippet":"max-snippet:-1","max-image-preview":"max-image-preview:large","max-video-preview":"max-video-preview:-1"},"canonical":"https:\/\/megamo.eu\/es\/migracion-de-tienda-online-a-otra-plataforma\/migracion-de-shopify-a-bigcommerce\/","og_locale":"es_ES","og_type":"article","og_title":"Migraci\u00f3n de Shopify a BigCommerce","og_description":"Migraci\u00f3n de Shopify a BigCommerce: desbloquea escalabilidad empresarial, funciones B2B avanzadas y flexibilidad SaaS completa dise\u00f1ada para negocios en crecimiento.","og_url":"https:\/\/megamo.eu\/es\/migracion-de-tienda-online-a-otra-plataforma\/migracion-de-shopify-a-bigcommerce\/","og_site_name":"megamo.eu","article_publisher":"https:\/\/www.facebook.com\/megamoeu","article_modified_time":"2025-10-03T09:49:43+00:00","twitter_card":"summary_large_image","twitter_misc":{"Tiempo de lectura":"3 minutos"},"schema":{"@context":"https:\/\/schema.org","@graph":[{"@type":"WebPage","@id":"https:\/\/megamo.eu\/es\/migracion-de-tienda-online-a-otra-plataforma\/migracion-de-shopify-a-bigcommerce\/","url":"https:\/\/megamo.eu\/es\/migracion-de-tienda-online-a-otra-plataforma\/migracion-de-shopify-a-bigcommerce\/","name":"Migraci\u00f3n de Shopify a BigCommerce","isPartOf":{"@id":"https:\/\/megamo.eu\/es\/#website"},"datePublished":"2025-06-17T09:00:35+00:00","dateModified":"2025-10-03T09:49:43+00:00","description":"Migraci\u00f3n de Shopify a BigCommerce: desbloquea escalabilidad empresarial, funciones B2B avanzadas y flexibilidad SaaS completa dise\u00f1ada para negocios en crecimiento.","breadcrumb":{"@id":"https:\/\/megamo.eu\/es\/migracion-de-tienda-online-a-otra-plataforma\/migracion-de-shopify-a-bigcommerce\/#breadcrumb"},"inLanguage":"es","potentialAction":[{"@type":"ReadAction","target":["https:\/\/megamo.eu\/es\/migracion-de-tienda-online-a-otra-plataforma\/migracion-de-shopify-a-bigcommerce\/"]}]},{"@type":"BreadcrumbList","@id":"https:\/\/megamo.eu\/es\/migracion-de-tienda-online-a-otra-plataforma\/migracion-de-shopify-a-bigcommerce\/#breadcrumb","itemListElement":[{"@type":"ListItem","position":1,"name":"Home","item":"https:\/\/megamo.eu\/es\/"},{"@type":"ListItem","position":2,"name":"Migraci\u00f3n de Tienda Online a Otra Plataforma","item":"https:\/\/megamo.eu\/es\/migracion-de-tienda-online-a-otra-plataforma\/"},{"@type":"ListItem","position":3,"name":"Migraci\u00f3n de Shopify a BigCommerce"}]},{"@type":"WebSite","@id":"https:\/\/megamo.eu\/es\/#website","url":"https:\/\/megamo.eu\/es\/","name":"megamo.eu","description":"megamo.eu","publisher":{"@id":"https:\/\/megamo.eu\/es\/#organization"},"potentialAction":[{"@type":"SearchAction","target":{"@type":"EntryPoint","urlTemplate":"https:\/\/megamo.eu\/es\/?s={search_term_string}"},"query-input":{"@type":"PropertyValueSpecification","valueRequired":true,"valueName":"search_term_string"}}],"inLanguage":"es"},{"@type":"Organization","@id":"https:\/\/megamo.eu\/es\/#organization","name":"Megamo","alternateName":"mgo","url":"https:\/\/megamo.eu\/es\/","logo":{"@type":"ImageObject","inLanguage":"es","@id":"https:\/\/megamo.eu\/es\/#\/schema\/logo\/image\/","url":"https:\/\/megamo.eu\/wp-content\/uploads\/2024\/02\/logo_small.png","contentUrl":"https:\/\/megamo.eu\/wp-content\/uploads\/2024\/02\/logo_small.png","width":300,"height":113,"caption":"Megamo"},"image":{"@id":"https:\/\/megamo.eu\/es\/#\/schema\/logo\/image\/"},"sameAs":["https:\/\/www.facebook.com\/megamoeu","https:\/\/www.youtube.com\/@Megamo_en"]}]}},"_links":{"self":[{"href":"https:\/\/megamo.eu\/es\/wp-json\/wp\/v2\/pages\/42318"}],"collection":[{"href":"https:\/\/megamo.eu\/es\/wp-json\/wp\/v2\/pages"}],"about":[{"href":"https:\/\/megamo.eu\/es\/wp-json\/wp\/v2\/types\/page"}],"author":[{"embeddable":true,"href":"https:\/\/megamo.eu\/es\/wp-json\/wp\/v2\/users\/2"}],"replies":[{"embeddable":true,"href":"https:\/\/megamo.eu\/es\/wp-json\/wp\/v2\/comments?post=42318"}],"version-history":[{"count":2,"href":"https:\/\/megamo.eu\/es\/wp-json\/wp\/v2\/pages\/42318\/revisions"}],"predecessor-version":[{"id":56751,"href":"https:\/\/megamo.eu\/es\/wp-json\/wp\/v2\/pages\/42318\/revisions\/56751"}],"up":[{"embeddable":true,"href":"https:\/\/megamo.eu\/es\/wp-json\/wp\/v2\/pages\/41375"}],"wp:attachment":[{"href":"https:\/\/megamo.eu\/es\/wp-json\/wp\/v2\/media?parent=42318"}],"curies":[{"name":"wp","href":"https:\/\/api.w.org\/{rel}","templated":true}]}}