{"id":42308,"date":"2025-06-17T11:00:33","date_gmt":"2025-06-17T09:00:33","guid":{"rendered":"https:\/\/megamo.eu\/migracion-de-tienda-online-a-otra-plataforma\/migration-from-prestashop-to-opencart\/"},"modified":"2025-10-03T11:58:21","modified_gmt":"2025-10-03T09:58:21","slug":"migracion-de-prestashop-a-opencart","status":"publish","type":"page","link":"https:\/\/megamo.eu\/es\/migracion-de-tienda-online-a-otra-plataforma\/migracion-de-prestashop-a-opencart\/","title":{"rendered":"Migraci\u00f3n de PrestaShop a OpenCart"},"content":{"rendered":"\n\t<div id=\"gap-1513745056\" class=\"gap-element clearfix\" style=\"display:block; height:auto;\">\n\t\t\n<style>\n#gap-1513745056 {\n  padding-top: 60px;\n}\n<\/style>\n\t<\/div>\n\t\n\n\t<section class=\"section\" id=\"section_1702378925\">\n\t\t<div class=\"bg section-bg fill bg-fill  bg-loaded\" >\n\n\t\t\t\n\t\t\t\n\t\t\t\n\n\t\t<\/div>\n\n\t\t\n\n\t\t<div class=\"section-content relative\">\n\t\t\t\n\n<div class=\"row\"  id=\"row-1860973828\">\n\n\n\t<div id=\"col-627177243\" class=\"col small-12 large-12\"  >\n\t\t\t\t<div class=\"col-inner text-center\"  >\n\t\t\t\n\t\t\t\n\n\t<div id=\"text-3053159374\" class=\"text\">\n\t\t\n\n<h1>Migraci\u00f3n de PrestaShop a OpenCart<\/h1>\n\n\t\t\n<style>\n#text-3053159374 {\n  font-size: 1.3rem;\n}\n<\/style>\n\t<\/div>\n\t\n\n\t\t<\/div>\n\t\t\t\t\t<\/div>\n\n\t\n\n<\/div>\n<div class=\"row\"  id=\"row-1915980428\">\n\n\n\t<div id=\"col-479965022\" class=\"col small-12 large-12\"  >\n\t\t\t\t<div class=\"col-inner text-center\"  >\n\t\t\t\n\t\t\t\n\n\t<div class=\"img has-hover x md-x lg-x y md-y lg-y\" id=\"image_940494302\">\n\t\t\t\t\t\t\t\t<div class=\"img-inner dark\" >\n\t\t\t<img loading=\"lazy\" decoding=\"async\" width=\"820\" height=\"300\" src=\"https:\/\/megamo.eu\/wp-content\/uploads\/2025\/06\/presta-opencart-migration.webp\" class=\"attachment-original size-original\" alt=\"\" srcset=\"https:\/\/megamo.eu\/wp-content\/uploads\/2025\/06\/presta-opencart-migration.webp 820w, https:\/\/megamo.eu\/wp-content\/uploads\/2025\/06\/presta-opencart-migration-800x293.webp 800w, https:\/\/megamo.eu\/wp-content\/uploads\/2025\/06\/presta-opencart-migration-768x281.webp 768w, https:\/\/megamo.eu\/wp-content\/uploads\/2025\/06\/presta-opencart-migration-600x220.webp 600w\" sizes=\"(max-width: 820px) 100vw, 820px\" \/>\t\t\t\t\t\t\n\t\t\t\t\t<\/div>\n\t\t\t\t\t\t\t\t\n<style>\n#image_940494302 {\n  width: 60%;\n}\n<\/style>\n\t<\/div>\n\t\n\n\t<div id=\"text-2533933363\" class=\"text\">\n\t\t\n\n<p>MIGRACI\u00d3N DE PLATAFORMA | PrestaShop a OpenCart<\/p>\n\n\t\t\n<style>\n#text-2533933363 {\n  font-size: 1.2rem;\n  color: rgb(155, 155, 155);\n}\n#text-2533933363 > * {\n  color: rgb(155, 155, 155);\n}\n<\/style>\n\t<\/div>\n\t\n\t<div id=\"text-1193596890\" class=\"text\">\n\t\t\n\n<p style=\"margin-bottom: 60px\">PrestaShop ofrece potentes capacidades de e-commerce, pero para las empresas que buscan una plataforma m\u00e1s ligera, f\u00e1cil de gestionar y rentable, migrar a OpenCart ofrece simplicidad, plena propiedad y flexibilidad open-source sin cuotas continuas de SaaS ni licencias.<\/p>\n\n\t\t\n<style>\n#text-1193596890 {\n  text-align: left;\n}\n<\/style>\n\t<\/div>\n\t\n<a href=\"https:\/\/forms.clickup.com\/9012257574\/f\/8cjr8t6-8752\/JCI89GNZOP1PSMHSHF\" target=\"_blank\" class=\"button primary\" rel=\"noopener\"  >\n  <i class=\"icon-checkmark\" aria-hidden=\"true\" ><\/i>  <span>Migra tu tienda de PrestaShop a OpenCart<\/span>\n  <\/a>\n\n\n<a href=\"\/es\/migracion-de-tienda-online-a-otra-plataforma\/\" class=\"button primary\"  >\n  <i class=\"icon-tag\" aria-hidden=\"true\" ><\/i>  <span>Ver otros servicios de migraci\u00f3n<\/span>\n  <\/a>\n\n\n\n\t\t<\/div>\n\t\t\t\t\t<\/div>\n\n\t\n\n<\/div>\n\n\t\t<\/div>\n\n\t\t\n<style>\n#section_1702378925 {\n  padding-top: 30px;\n  padding-bottom: 30px;\n}\n<\/style>\n\t<\/section>\n\t\n\t<section class=\"section\" id=\"section_1607500624\">\n\t\t<div class=\"bg section-bg fill bg-fill  bg-loaded\" >\n\n\t\t\t\n\t\t\t\n\t\t\t\n\n\t\t<\/div>\n\n\t\t\n\n\t\t<div class=\"section-content relative\">\n\t\t\t\n\n<div class=\"row\"  id=\"row-1224797076\">\n\n\n\t<div id=\"col-987981376\" class=\"col medium-6 small-12 large-6\"  >\n\t\t\t\t<div class=\"col-inner text-left\"  >\n\t\t\t\n\t\t\t\n\n<h3>PrestaShop \u2013 potente pero exigente t\u00e9cnicamente<\/h3>\n<p>PrestaShop ofrece gran personalizaci\u00f3n y funciones avanzadas, pero gestionar la plataforma puede resultar complejo, especialmente para peque\u00f1as y medianas empresas que buscan una gesti\u00f3n de e-commerce m\u00e1s sencilla sin un alto mantenimiento t\u00e9cnico.<\/p>\n<h4>Ventajas de PrestaShop:<\/h4>\n<ul>\n<li>flexibilidad open-source,<\/li>\n<li>soporte s\u00f3lido multilenguaje y multidivisa,<\/li>\n<li>gesti\u00f3n avanzada de productos e inventario,<\/li>\n<li>gran marketplace de m\u00f3dulos.<\/li>\n<\/ul>\n<h4>Desventajas de PrestaShop:<\/h4>\n<ul>\n<li>requiere experiencia t\u00e9cnica para personalizaciones,<\/li>\n<li>gesti\u00f3n compleja de servidores y seguridad,<\/li>\n<li>alto mantenimiento t\u00e9cnico a largo plazo,<\/li>\n<li>posibles conflictos de m\u00f3dulos con las actualizaciones.<\/li>\n<\/ul>\n\n\t\t<\/div>\n\t\t\t\t\t<\/div>\n\n\t\n\n\t<div id=\"col-2083348334\" class=\"col medium-6 small-12 large-6\"  >\n\t\t\t\t<div class=\"col-inner text-left\"  >\n\t\t\t\n\t\t\t\n\n<h3>OpenCart \u2013 e-commerce ligero y f\u00e1cil de gestionar<\/h3>\n<p>OpenCart ofrece una soluci\u00f3n de comercio electr\u00f3nico m\u00e1s simple, con plena propiedad, gesti\u00f3n directa y menor complejidad t\u00e9cnica. Es ideal para empresas que quieren la libertad del open-source sin las exigencias de infraestructura de plataformas m\u00e1s avanzadas.<\/p>\n<h4>Ventajas de OpenCart:<\/h4>\n<ul>\n<li>ligero y f\u00e1cil de mantener,<\/li>\n<li>sin cuotas de suscripci\u00f3n ni licencias,<\/li>\n<li>panel de administraci\u00f3n sencillo para la gesti\u00f3n de la tienda,<\/li>\n<li>gran variedad de extensiones e integraciones.<\/li>\n<\/ul>\n<h4>Desventajas de OpenCart:<\/h4>\n<ul>\n<li>menos funciones integradas a nivel empresarial,<\/li>\n<li>algunas funciones avanzadas requieren extensiones de terceros,<\/li>\n<li>requiere conocimientos b\u00e1sicos de gesti\u00f3n de servidores.<\/li>\n<\/ul>\n\n\t\t<\/div>\n\t\t\t\t\t<\/div>\n\n\t\n\n<\/div>\n\n\t\t<\/div>\n\n\t\t\n<style>\n#section_1607500624 {\n  padding-top: 0px;\n  padding-bottom: 0px;\n}\n<\/style>\n\t<\/section>\n\t\n\t<section class=\"section\" id=\"section_1267670708\">\n\t\t<div class=\"bg section-bg fill bg-fill  bg-loaded\" >\n\n\t\t\t\n\t\t\t\n\t\t\t\n\n\t\t<\/div>\n\n\t\t\n\n\t\t<div class=\"section-content relative\">\n\t\t\t\n\n<div class=\"row\"  id=\"row-564529345\">\n\n\n\t<div id=\"col-686648957\" class=\"col small-12 large-12\"  >\n\t\t\t\t<div class=\"col-inner\"  >\n\t\t\t\n\t\t\t\n\n<div style=\"border-left: 5px #fe5e08 solid; padding-left: 40px;\">\n<h2 style=\"color: #fe5e08;\">\u00bfPor qu\u00e9 migrar tu tienda de PrestaShop a OpenCart?<\/h2>\n<p><b>Migrar a OpenCart es una gran opci\u00f3n si:<\/b><\/p>\n<ul style=\"list-style-type: none;\">\n<li style=\"margin-left: 0;\">quieres una plataforma m\u00e1s simple y f\u00e1cil de gestionar en el d\u00eda a d\u00eda,<\/li>\n<li style=\"margin-left: 0;\">buscas eliminar costes de licencias y SaaS,<\/li>\n<li style=\"margin-left: 0;\">necesitas plena propiedad del c\u00f3digo y flexibilidad,<\/li>\n<li style=\"margin-left: 0;\">quieres una infraestructura ligera con toda la funcionalidad de e-commerce.<\/li>\n<\/ul>\n<p>OpenCart es perfecto para empresas que buscan una plataforma de comercio electr\u00f3nico simple, independiente y rentable, sin la carga t\u00e9cnica de soluciones m\u00e1s complejas.<\/p>\n<\/div>\n\n\t<div id=\"gap-959691072\" class=\"gap-element clearfix\" style=\"display:block; height:auto;\">\n\t\t\n<style>\n#gap-959691072 {\n  padding-top: 60px;\n}\n<\/style>\n\t<\/div>\n\t\n\n\t<div id=\"text-3962469847\" class=\"text\">\n\t\t\n\n<div style=\"border-right: 5px #0093e3 solid; padding-right: 40px;\">\n<h2 style=\"color: #0093e3\">\u00bfC\u00f3mo funciona la migraci\u00f3n de PrestaShop a OpenCart?<\/h2>\n<p>Gestionamos cuidadosamente el proceso de migraci\u00f3n para garantizar una transferencia completa de datos, una configuraci\u00f3n precisa de la plataforma y la continuidad operativa del negocio durante la transici\u00f3n.<\/p>\n<p><b>Transferimos todos los datos de producto<\/b><br>Productos, categor\u00edas, im\u00e1genes, variantes, datos SEO y atributos se importan en OpenCart.<\/p>\n<p><b>Preservamos los datos de clientes<\/b><br>Perfiles de clientes, historial de pedidos, direcciones e informaci\u00f3n de contacto se transfieren de forma segura.<\/p>\n<p><b>Restauramos el historial de pedidos<\/b><br>Todas las transacciones anteriores, registros de pago y datos de env\u00edo se migran por completo para mantener informes precisos y continuidad operativa.<\/p>\n<\/div>\n\n\t\t\n<style>\n#text-3962469847 {\n  text-align: right;\n}\n<\/style>\n\t<\/div>\n\t\n\n\t\t<\/div>\n\t\t\t\t\t<\/div>\n\n\t\n\n<\/div>\n\n\t\t<\/div>\n\n\t\t\n<style>\n#section_1267670708 {\n  padding-top: 80px;\n  padding-bottom: 80px;\n  background-color: rgb(249, 249, 249);\n}\n<\/style>\n\t<\/section>\n\t\n","protected":false},"excerpt":{"rendered":"","protected":false},"author":2,"featured_media":0,"parent":41375,"menu_order":0,"comment_status":"closed","ping_status":"closed","template":"","meta":{"_lmt_disableupdate":"","_lmt_disable":"","footnotes":""},"yoast_head":"<!-- This site is optimized with the Yoast SEO Premium plugin v21.8 (Yoast SEO v23.5) - https:\/\/yoast.com\/wordpress\/plugins\/seo\/ -->\n<title>Migraci\u00f3n de PrestaShop a OpenCart<\/title>\n<meta name=\"description\" content=\"Migraci\u00f3n de PrestaShop a OpenCart: simplifica la gesti\u00f3n, reduce costos y obt\u00e9n la propiedad total con la flexibilidad ligera del e-commerce de c\u00f3digo abierto.\" \/>\n<meta name=\"robots\" content=\"index, follow, max-snippet:-1, max-image-preview:large, max-video-preview:-1\" \/>\n<link rel=\"canonical\" href=\"https:\/\/megamo.eu\/es\/migracion-de-tienda-online-a-otra-plataforma\/migracion-de-prestashop-a-opencart\/\" \/>\n<meta property=\"og:locale\" content=\"es_ES\" \/>\n<meta property=\"og:type\" content=\"article\" \/>\n<meta property=\"og:title\" content=\"Migraci\u00f3n de PrestaShop a OpenCart\" \/>\n<meta property=\"og:description\" content=\"Migraci\u00f3n de PrestaShop a OpenCart: simplifica la gesti\u00f3n, reduce costos y obt\u00e9n la propiedad total con la flexibilidad ligera del e-commerce de c\u00f3digo abierto.\" \/>\n<meta property=\"og:url\" content=\"https:\/\/megamo.eu\/es\/migracion-de-tienda-online-a-otra-plataforma\/migracion-de-prestashop-a-opencart\/\" \/>\n<meta property=\"og:site_name\" content=\"megamo.eu\" \/>\n<meta property=\"article:publisher\" content=\"https:\/\/www.facebook.com\/megamoeu\" \/>\n<meta property=\"article:modified_time\" content=\"2025-10-03T09:58:21+00:00\" \/>\n<meta name=\"twitter:card\" content=\"summary_large_image\" \/>\n<meta name=\"twitter:label1\" content=\"Tiempo de lectura\" \/>\n\t<meta name=\"twitter:data1\" content=\"3 minutos\" \/>\n<script type=\"application\/ld+json\" class=\"yoast-schema-graph\">{\"@context\":\"https:\/\/schema.org\",\"@graph\":[{\"@type\":\"WebPage\",\"@id\":\"https:\/\/megamo.eu\/es\/migracion-de-tienda-online-a-otra-plataforma\/migracion-de-prestashop-a-opencart\/\",\"url\":\"https:\/\/megamo.eu\/es\/migracion-de-tienda-online-a-otra-plataforma\/migracion-de-prestashop-a-opencart\/\",\"name\":\"Migraci\u00f3n de PrestaShop a OpenCart\",\"isPartOf\":{\"@id\":\"https:\/\/megamo.eu\/es\/#website\"},\"datePublished\":\"2025-06-17T09:00:33+00:00\",\"dateModified\":\"2025-10-03T09:58:21+00:00\",\"description\":\"Migraci\u00f3n de PrestaShop a OpenCart: simplifica la gesti\u00f3n, reduce costos y obt\u00e9n la propiedad total con la flexibilidad ligera del e-commerce de c\u00f3digo abierto.\",\"breadcrumb\":{\"@id\":\"https:\/\/megamo.eu\/es\/migracion-de-tienda-online-a-otra-plataforma\/migracion-de-prestashop-a-opencart\/#breadcrumb\"},\"inLanguage\":\"es\",\"potentialAction\":[{\"@type\":\"ReadAction\",\"target\":[\"https:\/\/megamo.eu\/es\/migracion-de-tienda-online-a-otra-plataforma\/migracion-de-prestashop-a-opencart\/\"]}]},{\"@type\":\"BreadcrumbList\",\"@id\":\"https:\/\/megamo.eu\/es\/migracion-de-tienda-online-a-otra-plataforma\/migracion-de-prestashop-a-opencart\/#breadcrumb\",\"itemListElement\":[{\"@type\":\"ListItem\",\"position\":1,\"name\":\"Home\",\"item\":\"https:\/\/megamo.eu\/es\/\"},{\"@type\":\"ListItem\",\"position\":2,\"name\":\"Migraci\u00f3n de Tienda Online a Otra Plataforma\",\"item\":\"https:\/\/megamo.eu\/es\/migracion-de-tienda-online-a-otra-plataforma\/\"},{\"@type\":\"ListItem\",\"position\":3,\"name\":\"Migraci\u00f3n de PrestaShop a OpenCart\"}]},{\"@type\":\"WebSite\",\"@id\":\"https:\/\/megamo.eu\/es\/#website\",\"url\":\"https:\/\/megamo.eu\/es\/\",\"name\":\"megamo.eu\",\"description\":\"megamo.eu\",\"publisher\":{\"@id\":\"https:\/\/megamo.eu\/es\/#organization\"},\"potentialAction\":[{\"@type\":\"SearchAction\",\"target\":{\"@type\":\"EntryPoint\",\"urlTemplate\":\"https:\/\/megamo.eu\/es\/?s={search_term_string}\"},\"query-input\":{\"@type\":\"PropertyValueSpecification\",\"valueRequired\":true,\"valueName\":\"search_term_string\"}}],\"inLanguage\":\"es\"},{\"@type\":\"Organization\",\"@id\":\"https:\/\/megamo.eu\/es\/#organization\",\"name\":\"Megamo\",\"alternateName\":\"mgo\",\"url\":\"https:\/\/megamo.eu\/es\/\",\"logo\":{\"@type\":\"ImageObject\",\"inLanguage\":\"es\",\"@id\":\"https:\/\/megamo.eu\/es\/#\/schema\/logo\/image\/\",\"url\":\"https:\/\/megamo.eu\/wp-content\/uploads\/2024\/02\/logo_small.png\",\"contentUrl\":\"https:\/\/megamo.eu\/wp-content\/uploads\/2024\/02\/logo_small.png\",\"width\":300,\"height\":113,\"caption\":\"Megamo\"},\"image\":{\"@id\":\"https:\/\/megamo.eu\/es\/#\/schema\/logo\/image\/\"},\"sameAs\":[\"https:\/\/www.facebook.com\/megamoeu\",\"https:\/\/www.youtube.com\/@Megamo_en\"]}]}<\/script>\n<!-- \/ Yoast SEO Premium plugin. -->","yoast_head_json":{"title":"Migraci\u00f3n de PrestaShop a OpenCart","description":"Migraci\u00f3n de PrestaShop a OpenCart: simplifica la gesti\u00f3n, reduce costos y obt\u00e9n la propiedad total con la flexibilidad ligera del e-commerce de c\u00f3digo abierto.","robots":{"index":"index","follow":"follow","max-snippet":"max-snippet:-1","max-image-preview":"max-image-preview:large","max-video-preview":"max-video-preview:-1"},"canonical":"https:\/\/megamo.eu\/es\/migracion-de-tienda-online-a-otra-plataforma\/migracion-de-prestashop-a-opencart\/","og_locale":"es_ES","og_type":"article","og_title":"Migraci\u00f3n de PrestaShop a OpenCart","og_description":"Migraci\u00f3n de PrestaShop a OpenCart: simplifica la gesti\u00f3n, reduce costos y obt\u00e9n la propiedad total con la flexibilidad ligera del e-commerce de c\u00f3digo abierto.","og_url":"https:\/\/megamo.eu\/es\/migracion-de-tienda-online-a-otra-plataforma\/migracion-de-prestashop-a-opencart\/","og_site_name":"megamo.eu","article_publisher":"https:\/\/www.facebook.com\/megamoeu","article_modified_time":"2025-10-03T09:58:21+00:00","twitter_card":"summary_large_image","twitter_misc":{"Tiempo de lectura":"3 minutos"},"schema":{"@context":"https:\/\/schema.org","@graph":[{"@type":"WebPage","@id":"https:\/\/megamo.eu\/es\/migracion-de-tienda-online-a-otra-plataforma\/migracion-de-prestashop-a-opencart\/","url":"https:\/\/megamo.eu\/es\/migracion-de-tienda-online-a-otra-plataforma\/migracion-de-prestashop-a-opencart\/","name":"Migraci\u00f3n de PrestaShop a OpenCart","isPartOf":{"@id":"https:\/\/megamo.eu\/es\/#website"},"datePublished":"2025-06-17T09:00:33+00:00","dateModified":"2025-10-03T09:58:21+00:00","description":"Migraci\u00f3n de PrestaShop a OpenCart: simplifica la gesti\u00f3n, reduce costos y obt\u00e9n la propiedad total con la flexibilidad ligera del e-commerce de c\u00f3digo abierto.","breadcrumb":{"@id":"https:\/\/megamo.eu\/es\/migracion-de-tienda-online-a-otra-plataforma\/migracion-de-prestashop-a-opencart\/#breadcrumb"},"inLanguage":"es","potentialAction":[{"@type":"ReadAction","target":["https:\/\/megamo.eu\/es\/migracion-de-tienda-online-a-otra-plataforma\/migracion-de-prestashop-a-opencart\/"]}]},{"@type":"BreadcrumbList","@id":"https:\/\/megamo.eu\/es\/migracion-de-tienda-online-a-otra-plataforma\/migracion-de-prestashop-a-opencart\/#breadcrumb","itemListElement":[{"@type":"ListItem","position":1,"name":"Home","item":"https:\/\/megamo.eu\/es\/"},{"@type":"ListItem","position":2,"name":"Migraci\u00f3n de Tienda Online a Otra Plataforma","item":"https:\/\/megamo.eu\/es\/migracion-de-tienda-online-a-otra-plataforma\/"},{"@type":"ListItem","position":3,"name":"Migraci\u00f3n de PrestaShop a OpenCart"}]},{"@type":"WebSite","@id":"https:\/\/megamo.eu\/es\/#website","url":"https:\/\/megamo.eu\/es\/","name":"megamo.eu","description":"megamo.eu","publisher":{"@id":"https:\/\/megamo.eu\/es\/#organization"},"potentialAction":[{"@type":"SearchAction","target":{"@type":"EntryPoint","urlTemplate":"https:\/\/megamo.eu\/es\/?s={search_term_string}"},"query-input":{"@type":"PropertyValueSpecification","valueRequired":true,"valueName":"search_term_string"}}],"inLanguage":"es"},{"@type":"Organization","@id":"https:\/\/megamo.eu\/es\/#organization","name":"Megamo","alternateName":"mgo","url":"https:\/\/megamo.eu\/es\/","logo":{"@type":"ImageObject","inLanguage":"es","@id":"https:\/\/megamo.eu\/es\/#\/schema\/logo\/image\/","url":"https:\/\/megamo.eu\/wp-content\/uploads\/2024\/02\/logo_small.png","contentUrl":"https:\/\/megamo.eu\/wp-content\/uploads\/2024\/02\/logo_small.png","width":300,"height":113,"caption":"Megamo"},"image":{"@id":"https:\/\/megamo.eu\/es\/#\/schema\/logo\/image\/"},"sameAs":["https:\/\/www.facebook.com\/megamoeu","https:\/\/www.youtube.com\/@Megamo_en"]}]}},"_links":{"self":[{"href":"https:\/\/megamo.eu\/es\/wp-json\/wp\/v2\/pages\/42308"}],"collection":[{"href":"https:\/\/megamo.eu\/es\/wp-json\/wp\/v2\/pages"}],"about":[{"href":"https:\/\/megamo.eu\/es\/wp-json\/wp\/v2\/types\/page"}],"author":[{"embeddable":true,"href":"https:\/\/megamo.eu\/es\/wp-json\/wp\/v2\/users\/2"}],"replies":[{"embeddable":true,"href":"https:\/\/megamo.eu\/es\/wp-json\/wp\/v2\/comments?post=42308"}],"version-history":[{"count":2,"href":"https:\/\/megamo.eu\/es\/wp-json\/wp\/v2\/pages\/42308\/revisions"}],"predecessor-version":[{"id":56759,"href":"https:\/\/megamo.eu\/es\/wp-json\/wp\/v2\/pages\/42308\/revisions\/56759"}],"up":[{"embeddable":true,"href":"https:\/\/megamo.eu\/es\/wp-json\/wp\/v2\/pages\/41375"}],"wp:attachment":[{"href":"https:\/\/megamo.eu\/es\/wp-json\/wp\/v2\/media?parent=42308"}],"curies":[{"name":"wp","href":"https:\/\/api.w.org\/{rel}","templated":true}]}}