{"id":42304,"date":"2025-06-17T11:00:32","date_gmt":"2025-06-17T09:00:32","guid":{"rendered":"https:\/\/megamo.eu\/migracion-de-tienda-online-a-otra-plataforma\/migration-from-prestashop-to-bigcommerce\/"},"modified":"2025-10-03T12:04:57","modified_gmt":"2025-10-03T10:04:57","slug":"migracion-de-prestashop-a-bigcommerce","status":"publish","type":"page","link":"https:\/\/megamo.eu\/es\/migracion-de-tienda-online-a-otra-plataforma\/migracion-de-prestashop-a-bigcommerce\/","title":{"rendered":"Migraci\u00f3n de PrestaShop a BigCommerce"},"content":{"rendered":"\n\t<div id=\"gap-1133860089\" class=\"gap-element clearfix\" style=\"display:block; height:auto;\">\n\t\t\n<style>\n#gap-1133860089 {\n  padding-top: 60px;\n}\n<\/style>\n\t<\/div>\n\t\n\n\t<section class=\"section\" id=\"section_452742306\">\n\t\t<div class=\"bg section-bg fill bg-fill  bg-loaded\" >\n\n\t\t\t\n\t\t\t\n\t\t\t\n\n\t\t<\/div>\n\n\t\t\n\n\t\t<div class=\"section-content relative\">\n\t\t\t\n\n<div class=\"row\"  id=\"row-572691710\">\n\n\n\t<div id=\"col-588958685\" class=\"col small-12 large-12\"  >\n\t\t\t\t<div class=\"col-inner text-center\"  >\n\t\t\t\n\t\t\t\n\n\t<div id=\"text-3423122790\" class=\"text\">\n\t\t\n\n<h1>Migraci\u00f3n de PrestaShop a BigCommerce<\/h1>\n\n\t\t\n<style>\n#text-3423122790 {\n  font-size: 1.3rem;\n}\n<\/style>\n\t<\/div>\n\t\n\n\t\t<\/div>\n\t\t\t\t\t<\/div>\n\n\t\n\n<\/div>\n<div class=\"row\"  id=\"row-880463656\">\n\n\n\t<div id=\"col-991438111\" class=\"col small-12 large-12\"  >\n\t\t\t\t<div class=\"col-inner text-center\"  >\n\t\t\t\n\t\t\t\n\n\t<div class=\"img has-hover x md-x lg-x y md-y lg-y\" id=\"image_354564594\">\n\t\t\t\t\t\t\t\t<div class=\"img-inner dark\" >\n\t\t\t<img loading=\"lazy\" decoding=\"async\" width=\"820\" height=\"300\" src=\"https:\/\/megamo.eu\/wp-content\/uploads\/2025\/06\/presta-bigcommerce-migration.webp\" class=\"attachment-original size-original\" alt=\"\" srcset=\"https:\/\/megamo.eu\/wp-content\/uploads\/2025\/06\/presta-bigcommerce-migration.webp 820w, https:\/\/megamo.eu\/wp-content\/uploads\/2025\/06\/presta-bigcommerce-migration-800x293.webp 800w, https:\/\/megamo.eu\/wp-content\/uploads\/2025\/06\/presta-bigcommerce-migration-768x281.webp 768w, https:\/\/megamo.eu\/wp-content\/uploads\/2025\/06\/presta-bigcommerce-migration-600x220.webp 600w\" sizes=\"(max-width: 820px) 100vw, 820px\" \/>\t\t\t\t\t\t\n\t\t\t\t\t<\/div>\n\t\t\t\t\t\t\t\t\n<style>\n#image_354564594 {\n  width: 60%;\n}\n<\/style>\n\t<\/div>\n\t\n\n\t<div id=\"text-3656589686\" class=\"text\">\n\t\t\n\n<p>MIGRACI\u00d3N DE PLATAFORMA | PrestaShop a BigCommerce<\/p>\n\n\t\t\n<style>\n#text-3656589686 {\n  font-size: 1.2rem;\n  color: rgb(155, 155, 155);\n}\n#text-3656589686 > * {\n  color: rgb(155, 155, 155);\n}\n<\/style>\n\t<\/div>\n\t\n\t<div id=\"text-263248709\" class=\"text\">\n\t\t\n\n<p style=\"margin-bottom: 60px\">PrestaShop ofrece gran flexibilidad para negocios peque\u00f1os, pero a medida que tus operaciones de e-commerce crecen, la gesti\u00f3n de servidores, integraciones y escalabilidad puede volverse m\u00e1s compleja. Migrar a BigCommerce permite a tu empresa simplificar operaciones con la comodidad del modelo SaaS, al mismo tiempo que obtienes funcionalidades B2B avanzadas, escalabilidad empresarial e integraciones fluidas con otros sistemas.<\/p>\n\n\t\t\n<style>\n#text-263248709 {\n  text-align: left;\n}\n<\/style>\n\t<\/div>\n\t\n<a href=\"https:\/\/forms.clickup.com\/9012257574\/f\/8cjr8t6-8752\/JCI89GNZOP1PSMHSHF\" target=\"_blank\" class=\"button primary\" rel=\"noopener\"  >\n  <i class=\"icon-checkmark\" aria-hidden=\"true\" ><\/i>  <span>Migra tu tienda de PrestaShop a BigCommerce<\/span>\n  <\/a>\n\n\n<a href=\"\/es\/migracion-de-tienda-online-a-otra-plataforma\/\" class=\"button primary\"  >\n  <i class=\"icon-tag\" aria-hidden=\"true\" ><\/i>  <span>Ver otros servicios de migraci\u00f3n<\/span>\n  <\/a>\n\n\n\t\t<\/div>\n\t\t\t\t\t<\/div>\n\n\t\n\n<\/div>\n\n\t\t<\/div>\n\n\t\t\n<style>\n#section_452742306 {\n  padding-top: 30px;\n  padding-bottom: 30px;\n}\n<\/style>\n\t<\/section>\n\t\n\t<section class=\"section\" id=\"section_1180238855\">\n\t\t<div class=\"bg section-bg fill bg-fill  bg-loaded\" >\n\n\t\t\t\n\t\t\t\n\t\t\t\n\n\t\t<\/div>\n\n\t\t\n\n\t\t<div class=\"section-content relative\">\n\t\t\t\n\n<div class=\"row\"  id=\"row-1685465692\">\n\n\n\t<div id=\"col-626543289\" class=\"col medium-6 small-12 large-6\"  >\n\t\t\t\t<div class=\"col-inner text-left\"  >\n\t\t\t\n\t\t\t\n\n<h3>PrestaShop \u2013 gran personalizaci\u00f3n con desaf\u00edos t\u00e9cnicos<\/h3> <p>PrestaShop ofrece una fuerte flexibilidad de c\u00f3digo abierto, pero a medida que tu negocio se expande, la gesti\u00f3n del hosting, la seguridad y las integraciones avanzadas suelen requerir m\u00e1s recursos t\u00e9cnicos y mayor implicaci\u00f3n de desarrolladores para garantizar la estabilidad y escalabilidad a largo plazo.<\/p> <h4>Ventajas de PrestaShop:<\/h4> <ul> <li>acceso completo al c\u00f3digo y flexibilidad de c\u00f3digo abierto,<\/li> <li>soporte multilenguaje y multicurrency,<\/li> <li>amplia selecci\u00f3n de m\u00f3dulos y plugins,<\/li> <li>bajo coste de entrada.<\/li> <\/ul> <h4>Desventajas de PrestaShop:<\/h4> <ul> <li>requiere conocimientos t\u00e9cnicos para mantenimiento y desarrollo,<\/li> <li>autogesti\u00f3n del hosting, actualizaciones y seguridad,<\/li> <li>integraciones m\u00e1s complejas para B2B o ventas multicanal,<\/li> <li>conflictos entre plugins pueden generar problemas de estabilidad.<\/li> <\/ul>\n\n\t\t<\/div>\n\t\t\t\t\t<\/div>\n\n\t\n\n\t<div id=\"col-2088417819\" class=\"col medium-6 small-12 large-6\"  >\n\t\t\t\t<div class=\"col-inner text-left\"  >\n\t\t\t\n\t\t\t\n\n<h3>BigCommerce \u2013 simplicidad SaaS con escalabilidad empresarial<\/h3> <p>BigCommerce ofrece una plataforma SaaS totalmente alojada que elimina la gesti\u00f3n de servidores y, al mismo tiempo, proporciona funcionalidades B2B avanzadas, ventas multicanal nativas, opciones de comercio headless e integraciones empresariales fluidas para respaldar negocios de e-commerce en r\u00e1pido crecimiento.<\/p> <h4>Ventajas de BigCommerce:<\/h4> <ul> <li>plataforma SaaS totalmente alojada con actualizaciones autom\u00e1ticas,<\/li> <li>capacidades integradas para B2B, ventas multicanal e internacionales,<\/li> <li>arquitectura API-first y comercio headless,<\/li> <li>integraciones nativas con ERP, CRM, POS y soluciones de fulfillment.<\/li> <\/ul> <h4>Desventajas de BigCommerce:<\/h4> <ul> <li>suscripci\u00f3n mensual y precios basados en el volumen de ventas,<\/li> <li>menor libertad en el backend comparado con plataformas open-source.<\/li> <\/ul>\n\n\t\t<\/div>\n\t\t\t\t\t<\/div>\n\n\t\n\n<\/div>\n\n\t\t<\/div>\n\n\t\t\n<style>\n#section_1180238855 {\n  padding-top: 0px;\n  padding-bottom: 0px;\n}\n<\/style>\n\t<\/section>\n\t\n\t<section class=\"section\" id=\"section_1839355098\">\n\t\t<div class=\"bg section-bg fill bg-fill  bg-loaded\" >\n\n\t\t\t\n\t\t\t\n\t\t\t\n\n\t\t<\/div>\n\n\t\t\n\n\t\t<div class=\"section-content relative\">\n\t\t\t\n\n<div class=\"row\"  id=\"row-1598045585\">\n\n\n\t<div id=\"col-430782542\" class=\"col small-12 large-12\"  >\n\t\t\t\t<div class=\"col-inner\"  >\n\t\t\t\n\t\t\t\n\n<div style=\"border-left: 5px #fe5e08 solid; padding-left: 40px;\"> <h2 style=\"color: #fe5e08;\">\u00bfPor qu\u00e9 migrar tu tienda de PrestaShop a BigCommerce?<\/h2> <p><b>Migrar a BigCommerce es una gran soluci\u00f3n si:<\/b><\/p> <ul style=\"list-style-type: none;\"> <li style=\"margin-left: 0;\">quieres eliminar la gesti\u00f3n de servidores y reducir la carga t\u00e9cnica,<\/li> <li style=\"margin-left: 0;\">tu negocio requiere funcionalidades B2B y ventas multicanal,<\/li> <li style=\"margin-left: 0;\">necesitas la simplicidad de SaaS con escalabilidad de nivel empresarial,<\/li> <li style=\"margin-left: 0;\">precisas integraciones avanzadas de sistemas para respaldar el crecimiento a largo plazo.<\/li> <\/ul> <p>BigCommerce es ideal para empresas listas para escalar m\u00e1s r\u00e1pido mientras simplifican la gesti\u00f3n t\u00e9cnica gracias a la flexibilidad SaaS empresarial.<\/p> <\/div>\n\n\t<div id=\"gap-1496407025\" class=\"gap-element clearfix\" style=\"display:block; height:auto;\">\n\t\t\n<style>\n#gap-1496407025 {\n  padding-top: 60px;\n}\n<\/style>\n\t<\/div>\n\t\n\n\t<div id=\"text-2138266999\" class=\"text\">\n\t\t\n\n<div style=\"border-right: 5px #0093e3 solid; padding-right: 40px;\"> <h2 style=\"color: #0093e3\">\u00bfC\u00f3mo funciona la migraci\u00f3n de PrestaShop a BigCommerce?<\/h2> <p>Gestionamos cuidadosamente todo el proceso de migraci\u00f3n para garantizar precisi\u00f3n total en los datos, una configuraci\u00f3n adecuada del sistema y la continuidad del negocio durante la transici\u00f3n.<\/p> <p><b>Transferimos todos los datos de productos<\/b><br>Productos, variantes, categor\u00edas, im\u00e1genes, descripciones y datos SEO se migran con precisi\u00f3n a BigCommerce.<\/p> <p><b>Preservamos los datos de los clientes<\/b><br>Perfiles de clientes, informaci\u00f3n de contacto, historial de pedidos y direcciones se transfieren de forma segura.<\/p> <p><b>Restauramos el historial de pedidos<\/b><br>Todas las transacciones pasadas, registros de pago y datos de env\u00edo se importan para mantener informes precisos y la continuidad operativa.<\/p> <\/div>\n\n\t\t\n<style>\n#text-2138266999 {\n  text-align: right;\n}\n<\/style>\n\t<\/div>\n\t\n\n\t\t<\/div>\n\t\t\t\t\t<\/div>\n\n\t\n\n<\/div>\n\n\t\t<\/div>\n\n\t\t\n<style>\n#section_1839355098 {\n  padding-top: 80px;\n  padding-bottom: 80px;\n  background-color: rgb(249, 249, 249);\n}\n<\/style>\n\t<\/section>\n\t\n","protected":false},"excerpt":{"rendered":"","protected":false},"author":2,"featured_media":0,"parent":41375,"menu_order":0,"comment_status":"closed","ping_status":"closed","template":"","meta":{"_lmt_disableupdate":"","_lmt_disable":"","footnotes":""},"yoast_head":"<!-- This site is optimized with the Yoast SEO Premium plugin v21.8 (Yoast SEO v23.5) - https:\/\/yoast.com\/wordpress\/plugins\/seo\/ -->\n<title>Migraci\u00f3n de PrestaShop a BigCommerce<\/title>\n<meta name=\"description\" content=\"Migraci\u00f3n de PrestaShop a BigCommerce: simplifica operaciones, obt\u00e9n escalabilidad empresarial y desbloquea funciones avanzadas B2B y ventas multicanal en SaaS.\" \/>\n<meta name=\"robots\" content=\"index, follow, max-snippet:-1, max-image-preview:large, max-video-preview:-1\" \/>\n<link rel=\"canonical\" href=\"https:\/\/megamo.eu\/es\/migracion-de-tienda-online-a-otra-plataforma\/migracion-de-prestashop-a-bigcommerce\/\" \/>\n<meta property=\"og:locale\" content=\"es_ES\" \/>\n<meta property=\"og:type\" content=\"article\" \/>\n<meta property=\"og:title\" content=\"Migraci\u00f3n de PrestaShop a BigCommerce\" \/>\n<meta property=\"og:description\" content=\"Migraci\u00f3n de PrestaShop a BigCommerce: simplifica operaciones, obt\u00e9n escalabilidad empresarial y desbloquea funciones avanzadas B2B y ventas multicanal en SaaS.\" \/>\n<meta property=\"og:url\" content=\"https:\/\/megamo.eu\/es\/migracion-de-tienda-online-a-otra-plataforma\/migracion-de-prestashop-a-bigcommerce\/\" \/>\n<meta property=\"og:site_name\" content=\"megamo.eu\" \/>\n<meta property=\"article:publisher\" content=\"https:\/\/www.facebook.com\/megamoeu\" \/>\n<meta property=\"article:modified_time\" content=\"2025-10-03T10:04:57+00:00\" \/>\n<meta name=\"twitter:card\" content=\"summary_large_image\" \/>\n<meta name=\"twitter:label1\" content=\"Tiempo de lectura\" \/>\n\t<meta name=\"twitter:data1\" content=\"4 minutos\" \/>\n<script type=\"application\/ld+json\" class=\"yoast-schema-graph\">{\"@context\":\"https:\/\/schema.org\",\"@graph\":[{\"@type\":\"WebPage\",\"@id\":\"https:\/\/megamo.eu\/es\/migracion-de-tienda-online-a-otra-plataforma\/migracion-de-prestashop-a-bigcommerce\/\",\"url\":\"https:\/\/megamo.eu\/es\/migracion-de-tienda-online-a-otra-plataforma\/migracion-de-prestashop-a-bigcommerce\/\",\"name\":\"Migraci\u00f3n de PrestaShop a BigCommerce\",\"isPartOf\":{\"@id\":\"https:\/\/megamo.eu\/es\/#website\"},\"datePublished\":\"2025-06-17T09:00:32+00:00\",\"dateModified\":\"2025-10-03T10:04:57+00:00\",\"description\":\"Migraci\u00f3n de PrestaShop a BigCommerce: simplifica operaciones, obt\u00e9n escalabilidad empresarial y desbloquea funciones avanzadas B2B y ventas multicanal en SaaS.\",\"breadcrumb\":{\"@id\":\"https:\/\/megamo.eu\/es\/migracion-de-tienda-online-a-otra-plataforma\/migracion-de-prestashop-a-bigcommerce\/#breadcrumb\"},\"inLanguage\":\"es\",\"potentialAction\":[{\"@type\":\"ReadAction\",\"target\":[\"https:\/\/megamo.eu\/es\/migracion-de-tienda-online-a-otra-plataforma\/migracion-de-prestashop-a-bigcommerce\/\"]}]},{\"@type\":\"BreadcrumbList\",\"@id\":\"https:\/\/megamo.eu\/es\/migracion-de-tienda-online-a-otra-plataforma\/migracion-de-prestashop-a-bigcommerce\/#breadcrumb\",\"itemListElement\":[{\"@type\":\"ListItem\",\"position\":1,\"name\":\"Home\",\"item\":\"https:\/\/megamo.eu\/es\/\"},{\"@type\":\"ListItem\",\"position\":2,\"name\":\"Migraci\u00f3n de Tienda Online a Otra Plataforma\",\"item\":\"https:\/\/megamo.eu\/es\/migracion-de-tienda-online-a-otra-plataforma\/\"},{\"@type\":\"ListItem\",\"position\":3,\"name\":\"Migraci\u00f3n de PrestaShop a BigCommerce\"}]},{\"@type\":\"WebSite\",\"@id\":\"https:\/\/megamo.eu\/es\/#website\",\"url\":\"https:\/\/megamo.eu\/es\/\",\"name\":\"megamo.eu\",\"description\":\"megamo.eu\",\"publisher\":{\"@id\":\"https:\/\/megamo.eu\/es\/#organization\"},\"potentialAction\":[{\"@type\":\"SearchAction\",\"target\":{\"@type\":\"EntryPoint\",\"urlTemplate\":\"https:\/\/megamo.eu\/es\/?s={search_term_string}\"},\"query-input\":{\"@type\":\"PropertyValueSpecification\",\"valueRequired\":true,\"valueName\":\"search_term_string\"}}],\"inLanguage\":\"es\"},{\"@type\":\"Organization\",\"@id\":\"https:\/\/megamo.eu\/es\/#organization\",\"name\":\"Megamo\",\"alternateName\":\"mgo\",\"url\":\"https:\/\/megamo.eu\/es\/\",\"logo\":{\"@type\":\"ImageObject\",\"inLanguage\":\"es\",\"@id\":\"https:\/\/megamo.eu\/es\/#\/schema\/logo\/image\/\",\"url\":\"https:\/\/megamo.eu\/wp-content\/uploads\/2024\/02\/logo_small.png\",\"contentUrl\":\"https:\/\/megamo.eu\/wp-content\/uploads\/2024\/02\/logo_small.png\",\"width\":300,\"height\":113,\"caption\":\"Megamo\"},\"image\":{\"@id\":\"https:\/\/megamo.eu\/es\/#\/schema\/logo\/image\/\"},\"sameAs\":[\"https:\/\/www.facebook.com\/megamoeu\",\"https:\/\/www.youtube.com\/@Megamo_en\"]}]}<\/script>\n<!-- \/ Yoast SEO Premium plugin. -->","yoast_head_json":{"title":"Migraci\u00f3n de PrestaShop a BigCommerce","description":"Migraci\u00f3n de PrestaShop a BigCommerce: simplifica operaciones, obt\u00e9n escalabilidad empresarial y desbloquea funciones avanzadas B2B y ventas multicanal en SaaS.","robots":{"index":"index","follow":"follow","max-snippet":"max-snippet:-1","max-image-preview":"max-image-preview:large","max-video-preview":"max-video-preview:-1"},"canonical":"https:\/\/megamo.eu\/es\/migracion-de-tienda-online-a-otra-plataforma\/migracion-de-prestashop-a-bigcommerce\/","og_locale":"es_ES","og_type":"article","og_title":"Migraci\u00f3n de PrestaShop a BigCommerce","og_description":"Migraci\u00f3n de PrestaShop a BigCommerce: simplifica operaciones, obt\u00e9n escalabilidad empresarial y desbloquea funciones avanzadas B2B y ventas multicanal en SaaS.","og_url":"https:\/\/megamo.eu\/es\/migracion-de-tienda-online-a-otra-plataforma\/migracion-de-prestashop-a-bigcommerce\/","og_site_name":"megamo.eu","article_publisher":"https:\/\/www.facebook.com\/megamoeu","article_modified_time":"2025-10-03T10:04:57+00:00","twitter_card":"summary_large_image","twitter_misc":{"Tiempo de lectura":"4 minutos"},"schema":{"@context":"https:\/\/schema.org","@graph":[{"@type":"WebPage","@id":"https:\/\/megamo.eu\/es\/migracion-de-tienda-online-a-otra-plataforma\/migracion-de-prestashop-a-bigcommerce\/","url":"https:\/\/megamo.eu\/es\/migracion-de-tienda-online-a-otra-plataforma\/migracion-de-prestashop-a-bigcommerce\/","name":"Migraci\u00f3n de PrestaShop a BigCommerce","isPartOf":{"@id":"https:\/\/megamo.eu\/es\/#website"},"datePublished":"2025-06-17T09:00:32+00:00","dateModified":"2025-10-03T10:04:57+00:00","description":"Migraci\u00f3n de PrestaShop a BigCommerce: simplifica operaciones, obt\u00e9n escalabilidad empresarial y desbloquea funciones avanzadas B2B y ventas multicanal en SaaS.","breadcrumb":{"@id":"https:\/\/megamo.eu\/es\/migracion-de-tienda-online-a-otra-plataforma\/migracion-de-prestashop-a-bigcommerce\/#breadcrumb"},"inLanguage":"es","potentialAction":[{"@type":"ReadAction","target":["https:\/\/megamo.eu\/es\/migracion-de-tienda-online-a-otra-plataforma\/migracion-de-prestashop-a-bigcommerce\/"]}]},{"@type":"BreadcrumbList","@id":"https:\/\/megamo.eu\/es\/migracion-de-tienda-online-a-otra-plataforma\/migracion-de-prestashop-a-bigcommerce\/#breadcrumb","itemListElement":[{"@type":"ListItem","position":1,"name":"Home","item":"https:\/\/megamo.eu\/es\/"},{"@type":"ListItem","position":2,"name":"Migraci\u00f3n de Tienda Online a Otra Plataforma","item":"https:\/\/megamo.eu\/es\/migracion-de-tienda-online-a-otra-plataforma\/"},{"@type":"ListItem","position":3,"name":"Migraci\u00f3n de PrestaShop a BigCommerce"}]},{"@type":"WebSite","@id":"https:\/\/megamo.eu\/es\/#website","url":"https:\/\/megamo.eu\/es\/","name":"megamo.eu","description":"megamo.eu","publisher":{"@id":"https:\/\/megamo.eu\/es\/#organization"},"potentialAction":[{"@type":"SearchAction","target":{"@type":"EntryPoint","urlTemplate":"https:\/\/megamo.eu\/es\/?s={search_term_string}"},"query-input":{"@type":"PropertyValueSpecification","valueRequired":true,"valueName":"search_term_string"}}],"inLanguage":"es"},{"@type":"Organization","@id":"https:\/\/megamo.eu\/es\/#organization","name":"Megamo","alternateName":"mgo","url":"https:\/\/megamo.eu\/es\/","logo":{"@type":"ImageObject","inLanguage":"es","@id":"https:\/\/megamo.eu\/es\/#\/schema\/logo\/image\/","url":"https:\/\/megamo.eu\/wp-content\/uploads\/2024\/02\/logo_small.png","contentUrl":"https:\/\/megamo.eu\/wp-content\/uploads\/2024\/02\/logo_small.png","width":300,"height":113,"caption":"Megamo"},"image":{"@id":"https:\/\/megamo.eu\/es\/#\/schema\/logo\/image\/"},"sameAs":["https:\/\/www.facebook.com\/megamoeu","https:\/\/www.youtube.com\/@Megamo_en"]}]}},"_links":{"self":[{"href":"https:\/\/megamo.eu\/es\/wp-json\/wp\/v2\/pages\/42304"}],"collection":[{"href":"https:\/\/megamo.eu\/es\/wp-json\/wp\/v2\/pages"}],"about":[{"href":"https:\/\/megamo.eu\/es\/wp-json\/wp\/v2\/types\/page"}],"author":[{"embeddable":true,"href":"https:\/\/megamo.eu\/es\/wp-json\/wp\/v2\/users\/2"}],"replies":[{"embeddable":true,"href":"https:\/\/megamo.eu\/es\/wp-json\/wp\/v2\/comments?post=42304"}],"version-history":[{"count":2,"href":"https:\/\/megamo.eu\/es\/wp-json\/wp\/v2\/pages\/42304\/revisions"}],"predecessor-version":[{"id":56765,"href":"https:\/\/megamo.eu\/es\/wp-json\/wp\/v2\/pages\/42304\/revisions\/56765"}],"up":[{"embeddable":true,"href":"https:\/\/megamo.eu\/es\/wp-json\/wp\/v2\/pages\/41375"}],"wp:attachment":[{"href":"https:\/\/megamo.eu\/es\/wp-json\/wp\/v2\/media?parent=42304"}],"curies":[{"name":"wp","href":"https:\/\/api.w.org\/{rel}","templated":true}]}}