{"id":42300,"date":"2025-06-17T11:00:30","date_gmt":"2025-06-17T09:00:30","guid":{"rendered":"https:\/\/megamo.eu\/migracion-de-tienda-online-a-otra-plataforma\/migration-from-opencart-to-shopware\/"},"modified":"2025-10-03T12:08:54","modified_gmt":"2025-10-03T10:08:54","slug":"migracion-de-opencart-a-shopware","status":"publish","type":"page","link":"https:\/\/megamo.eu\/es\/migracion-de-tienda-online-a-otra-plataforma\/migracion-de-opencart-a-shopware\/","title":{"rendered":"Migraci\u00f3n de OpenCart a Shopware"},"content":{"rendered":"\n\t<div id=\"gap-1089391327\" class=\"gap-element clearfix\" style=\"display:block; height:auto;\">\n\t\t\n<style>\n#gap-1089391327 {\n  padding-top: 60px;\n}\n<\/style>\n\t<\/div>\n\t\n\n\t<section class=\"section\" id=\"section_1331854114\">\n\t\t<div class=\"bg section-bg fill bg-fill  bg-loaded\" >\n\n\t\t\t\n\t\t\t\n\t\t\t\n\n\t\t<\/div>\n\n\t\t\n\n\t\t<div class=\"section-content relative\">\n\t\t\t\n\n<div class=\"row\"  id=\"row-2077026347\">\n\n\n\t<div id=\"col-1327958897\" class=\"col small-12 large-12\"  >\n\t\t\t\t<div class=\"col-inner text-center\"  >\n\t\t\t\n\t\t\t\n\n\t<div id=\"text-2057640916\" class=\"text\">\n\t\t\n\n<h1>Migraci\u00f3n de OpenCart a Shopware<\/h1>\n\n\t\t\n<style>\n#text-2057640916 {\n  font-size: 1.3rem;\n}\n<\/style>\n\t<\/div>\n\t\n\n\t\t<\/div>\n\t\t\t\t\t<\/div>\n\n\t\n\n<\/div>\n<div class=\"row\"  id=\"row-768790531\">\n\n\n\t<div id=\"col-145609151\" class=\"col small-12 large-12\"  >\n\t\t\t\t<div class=\"col-inner text-center\"  >\n\t\t\t\n\t\t\t\n\n\t<div class=\"img has-hover x md-x lg-x y md-y lg-y\" id=\"image_603424213\">\n\t\t\t\t\t\t\t\t<div class=\"img-inner dark\" >\n\t\t\t<img loading=\"lazy\" decoding=\"async\" width=\"820\" height=\"300\" src=\"https:\/\/megamo.eu\/wp-content\/uploads\/2025\/06\/opencart-shopware-migration.webp\" class=\"attachment-original size-original\" alt=\"\" srcset=\"https:\/\/megamo.eu\/wp-content\/uploads\/2025\/06\/opencart-shopware-migration.webp 820w, https:\/\/megamo.eu\/wp-content\/uploads\/2025\/06\/opencart-shopware-migration-800x293.webp 800w, https:\/\/megamo.eu\/wp-content\/uploads\/2025\/06\/opencart-shopware-migration-768x281.webp 768w, https:\/\/megamo.eu\/wp-content\/uploads\/2025\/06\/opencart-shopware-migration-600x220.webp 600w\" sizes=\"(max-width: 820px) 100vw, 820px\" \/>\t\t\t\t\t\t\n\t\t\t\t\t<\/div>\n\t\t\t\t\t\t\t\t\n<style>\n#image_603424213 {\n  width: 60%;\n}\n<\/style>\n\t<\/div>\n\t\n\n\t<div id=\"text-2421794681\" class=\"text\">\n\t\t\n\n<p>MIGRACI\u00d3N DE PLATAFORMA | OpenCart a Shopware<\/p>\n\n\t\t\n<style>\n#text-2421794681 {\n  font-size: 1.2rem;\n  color: rgb(155, 155, 155);\n}\n#text-2421794681 > * {\n  color: rgb(155, 155, 155);\n}\n<\/style>\n\t<\/div>\n\t\n\t<div id=\"text-940000122\" class=\"text\">\n\t\t\n\n<p style=\"margin-bottom: 60px\">OpenCart es una excelente soluci\u00f3n ligera para negocios peque\u00f1os, pero a medida que tu tienda crece, puedes necesitar funcionalidades B2B avanzadas, opciones de comercio headless y flexibilidad de nivel empresarial. Migrar a Shopware ofrece una arquitectura moderna, escalabilidad y potentes capacidades multitienda, multilenguaje y multicanal dise\u00f1adas para un crecimiento a largo plazo.<\/p>\n\n\t\t\n<style>\n#text-940000122 {\n  text-align: left;\n}\n<\/style>\n\t<\/div>\n\t\n<a href=\"https:\/\/forms.clickup.com\/9012257574\/f\/8cjr8t6-8752\/JCI89GNZOP1PSMHSHF\" target=\"_blank\" class=\"button primary\" rel=\"noopener\"  >\n  <i class=\"icon-checkmark\" aria-hidden=\"true\" ><\/i>  <span>Migra tu tienda de OpenCart a Shopware<\/span>\n  <\/a>\n\n\n<a href=\"\/es\/migracion-de-tienda-online-a-otra-plataforma\/\" class=\"button primary\"  >\n  <i class=\"icon-tag\" aria-hidden=\"true\" ><\/i>  <span>Ver otros servicios de migraci\u00f3n<\/span>\n  <\/a>\n\n\n\t\t<\/div>\n\t\t\t\t\t<\/div>\n\n\t\n\n<\/div>\n\n\t\t<\/div>\n\n\t\t\n<style>\n#section_1331854114 {\n  padding-top: 30px;\n  padding-bottom: 30px;\n}\n<\/style>\n\t<\/section>\n\t\n\t<section class=\"section\" id=\"section_1851139033\">\n\t\t<div class=\"bg section-bg fill bg-fill  bg-loaded\" >\n\n\t\t\t\n\t\t\t\n\t\t\t\n\n\t\t<\/div>\n\n\t\t\n\n\t\t<div class=\"section-content relative\">\n\t\t\t\n\n<div class=\"row\"  id=\"row-102768396\">\n\n\n\t<div id=\"col-339475256\" class=\"col medium-6 small-12 large-6\"  >\n\t\t\t\t<div class=\"col-inner text-left\"  >\n\t\t\t\n\t\t\t\n\n<h3>OpenCart \u2013 simple pero limitado para el crecimiento empresarial<\/h3> <p>OpenCart funciona bien para tiendas online b\u00e1sicas, pero ofrece escalabilidad limitada, pocas funcionalidades B2B nativas y menos opciones de personalizaci\u00f3n avanzada para empresas grandes o en crecimiento que requieren m\u00e1s flexibilidad.<\/p> <h4>Ventajas de OpenCart:<\/h4> <ul> <li>ligero y f\u00e1cil de gestionar,<\/li> <li>bajos costes de hosting y operaci\u00f3n,<\/li> <li>flexibilidad open-source para peque\u00f1as empresas,<\/li> <li>mercado de extensiones en crecimiento.<\/li> <\/ul> <h4>Desventajas de OpenCart:<\/h4> <ul> <li>funcionalidades B2B y capacidades empresariales limitadas,<\/li> <li>requiere desarrollo a medida para integraciones avanzadas,<\/li> <li>menos soporte para necesidades internacionales complejas y multitienda,<\/li> <li>los conflictos entre plugins pueden aparecer en configuraciones m\u00e1s grandes.<\/li> <\/ul>\n\n\t\t<\/div>\n\t\t\t\t\t<\/div>\n\n\t\n\n\t<div id=\"col-1759813984\" class=\"col medium-6 small-12 large-6\"  >\n\t\t\t\t<div class=\"col-inner text-left\"  >\n\t\t\t\n\t\t\t\n\n<h3>Shopware \u2013 arquitectura moderna para e-commerce escalable<\/h3> <p>Shopware ofrece una plataforma altamente flexible dise\u00f1ada para negocios que necesitan capacidades escalables de multitienda, B2B, comercio headless y expansi\u00f3n global, todo mientras se reduce la carga t\u00e9cnica gracias a su dise\u00f1o moderno basado en API-first.<\/p> <h4>Ventajas de Shopware:<\/h4> <ul> <li>arquitectura API-first y comercio headless,<\/li> <li>funcionalidades nativas para B2B y ventas multicanal,<\/li> <li>soporte multilenguaje y multicurrency,<\/li> <li>escalabilidad de nivel empresarial e internacionalizaci\u00f3n.<\/li> <\/ul> <h4>Desventajas de Shopware:<\/h4> <ul> <li>costes m\u00e1s altos de licencias y desarrollo,<\/li> <li>requiere experiencia t\u00e9cnica o apoyo de agencias.<\/li> <\/ul>\n\n\t\t<\/div>\n\t\t\t\t\t<\/div>\n\n\t\n\n<\/div>\n\n\t\t<\/div>\n\n\t\t\n<style>\n#section_1851139033 {\n  padding-top: 0px;\n  padding-bottom: 0px;\n}\n<\/style>\n\t<\/section>\n\t\n\t<section class=\"section\" id=\"section_1725520353\">\n\t\t<div class=\"bg section-bg fill bg-fill  bg-loaded\" >\n\n\t\t\t\n\t\t\t\n\t\t\t\n\n\t\t<\/div>\n\n\t\t\n\n\t\t<div class=\"section-content relative\">\n\t\t\t\n\n<div class=\"row\"  id=\"row-771423377\">\n\n\n\t<div id=\"col-1282126583\" class=\"col small-12 large-12\"  >\n\t\t\t\t<div class=\"col-inner\"  >\n\t\t\t\n\t\t\t\n\n<div style=\"border-left: 5px #fe5e08 solid; padding-left: 40px;\"> <h2 style=\"color: #fe5e08;\">\u00bfPor qu\u00e9 migrar tu tienda de OpenCart a Shopware?<\/h2> <p><b>Migrar a Shopware es ideal si:<\/b><\/p> <ul style=\"list-style-type: none;\"> <li style=\"margin-left: 0;\">quieres funcionalidades avanzadas B2B, comercio headless y multicanal,<\/li> <li style=\"margin-left: 0;\">planeas expandirte internacionalmente con m\u00faltiples monedas e idiomas,<\/li> <li style=\"margin-left: 0;\">necesitas infraestructura moderna basada en API-first para un escalado seguro,<\/li> <li style=\"margin-left: 0;\">requieres integraciones avanzadas con ERP, CRM o partners de fulfillment.<\/li> <\/ul> <p>Shopware es ideal para empresas listas para superar las limitaciones de OpenCart y adoptar una plataforma moderna dise\u00f1ada para operaciones de e-commerce complejas y globales.<\/p> <\/div>\n\n\t<div id=\"gap-1268897722\" class=\"gap-element clearfix\" style=\"display:block; height:auto;\">\n\t\t\n<style>\n#gap-1268897722 {\n  padding-top: 60px;\n}\n<\/style>\n\t<\/div>\n\t\n\n\t<div id=\"text-4157309309\" class=\"text\">\n\t\t\n\n<div style=\"border-right: 5px #0093e3 solid; padding-right: 40px;\"> <h2 style=\"color: #0093e3\">\u00bfC\u00f3mo funciona la migraci\u00f3n de OpenCart a Shopware?<\/h2> <p>Gestionamos tu migraci\u00f3n con cuidado para garantizar la integridad total de los datos, la correcta configuraci\u00f3n de la plataforma y operaciones ininterrumpidas durante todo el proceso de transici\u00f3n.<\/p> <p><b>Transferimos todos los datos de productos<\/b><br>Productos, categor\u00edas, variantes, atributos, datos SEO y archivos multimedia se importan en Shopware.<\/p> <p><b>Preservamos los datos de los clientes<\/b><br>Todos los perfiles de clientes, historiales de pedidos y datos de contacto se migran de forma segura.<\/p> <p><b>Restauramos el historial de pedidos<\/b><br>Todas las transacciones previas, estados de pago y registros de env\u00edo se transfieren completamente para asegurar la continuidad operativa.<\/p> <\/div>\n\n\t\t\n<style>\n#text-4157309309 {\n  text-align: right;\n}\n<\/style>\n\t<\/div>\n\t\n\n\t\t<\/div>\n\t\t\t\t\t<\/div>\n\n\t\n\n<\/div>\n\n\t\t<\/div>\n\n\t\t\n<style>\n#section_1725520353 {\n  padding-top: 80px;\n  padding-bottom: 80px;\n  background-color: rgb(249, 249, 249);\n}\n<\/style>\n\t<\/section>\n\t\n","protected":false},"excerpt":{"rendered":"","protected":false},"author":2,"featured_media":0,"parent":41375,"menu_order":0,"comment_status":"closed","ping_status":"closed","template":"","meta":{"_lmt_disableupdate":"","_lmt_disable":"","footnotes":""},"yoast_head":"<!-- This site is optimized with the Yoast SEO Premium plugin v21.8 (Yoast SEO v23.5) - https:\/\/yoast.com\/wordpress\/plugins\/seo\/ -->\n<title>Migraci\u00f3n de OpenCart a Shopware<\/title>\n<meta name=\"description\" content=\"Migraci\u00f3n de OpenCart a Shopware: desbloquea arquitectura moderna API-first, comercio headless y flexibilidad empresarial para un crecimiento global escalable.\" \/>\n<meta name=\"robots\" content=\"index, follow, max-snippet:-1, max-image-preview:large, max-video-preview:-1\" \/>\n<link rel=\"canonical\" href=\"https:\/\/megamo.eu\/es\/migracion-de-tienda-online-a-otra-plataforma\/migracion-de-opencart-a-shopware\/\" \/>\n<meta property=\"og:locale\" content=\"es_ES\" \/>\n<meta property=\"og:type\" content=\"article\" \/>\n<meta property=\"og:title\" content=\"Migraci\u00f3n de OpenCart a Shopware\" \/>\n<meta property=\"og:description\" content=\"Migraci\u00f3n de OpenCart a Shopware: desbloquea arquitectura moderna API-first, comercio headless y flexibilidad empresarial para un crecimiento global escalable.\" \/>\n<meta property=\"og:url\" content=\"https:\/\/megamo.eu\/es\/migracion-de-tienda-online-a-otra-plataforma\/migracion-de-opencart-a-shopware\/\" \/>\n<meta property=\"og:site_name\" content=\"megamo.eu\" \/>\n<meta property=\"article:publisher\" content=\"https:\/\/www.facebook.com\/megamoeu\" \/>\n<meta property=\"article:modified_time\" content=\"2025-10-03T10:08:54+00:00\" \/>\n<meta name=\"twitter:card\" content=\"summary_large_image\" \/>\n<meta name=\"twitter:label1\" content=\"Tiempo de lectura\" \/>\n\t<meta name=\"twitter:data1\" content=\"4 minutos\" \/>\n<script type=\"application\/ld+json\" class=\"yoast-schema-graph\">{\"@context\":\"https:\/\/schema.org\",\"@graph\":[{\"@type\":\"WebPage\",\"@id\":\"https:\/\/megamo.eu\/es\/migracion-de-tienda-online-a-otra-plataforma\/migracion-de-opencart-a-shopware\/\",\"url\":\"https:\/\/megamo.eu\/es\/migracion-de-tienda-online-a-otra-plataforma\/migracion-de-opencart-a-shopware\/\",\"name\":\"Migraci\u00f3n de OpenCart a Shopware\",\"isPartOf\":{\"@id\":\"https:\/\/megamo.eu\/es\/#website\"},\"datePublished\":\"2025-06-17T09:00:30+00:00\",\"dateModified\":\"2025-10-03T10:08:54+00:00\",\"description\":\"Migraci\u00f3n de OpenCart a Shopware: desbloquea arquitectura moderna API-first, comercio headless y flexibilidad empresarial para un crecimiento global escalable.\",\"breadcrumb\":{\"@id\":\"https:\/\/megamo.eu\/es\/migracion-de-tienda-online-a-otra-plataforma\/migracion-de-opencart-a-shopware\/#breadcrumb\"},\"inLanguage\":\"es\",\"potentialAction\":[{\"@type\":\"ReadAction\",\"target\":[\"https:\/\/megamo.eu\/es\/migracion-de-tienda-online-a-otra-plataforma\/migracion-de-opencart-a-shopware\/\"]}]},{\"@type\":\"BreadcrumbList\",\"@id\":\"https:\/\/megamo.eu\/es\/migracion-de-tienda-online-a-otra-plataforma\/migracion-de-opencart-a-shopware\/#breadcrumb\",\"itemListElement\":[{\"@type\":\"ListItem\",\"position\":1,\"name\":\"Home\",\"item\":\"https:\/\/megamo.eu\/es\/\"},{\"@type\":\"ListItem\",\"position\":2,\"name\":\"Migraci\u00f3n de Tienda Online a Otra Plataforma\",\"item\":\"https:\/\/megamo.eu\/es\/migracion-de-tienda-online-a-otra-plataforma\/\"},{\"@type\":\"ListItem\",\"position\":3,\"name\":\"Migraci\u00f3n de OpenCart a Shopware\"}]},{\"@type\":\"WebSite\",\"@id\":\"https:\/\/megamo.eu\/es\/#website\",\"url\":\"https:\/\/megamo.eu\/es\/\",\"name\":\"megamo.eu\",\"description\":\"megamo.eu\",\"publisher\":{\"@id\":\"https:\/\/megamo.eu\/es\/#organization\"},\"potentialAction\":[{\"@type\":\"SearchAction\",\"target\":{\"@type\":\"EntryPoint\",\"urlTemplate\":\"https:\/\/megamo.eu\/es\/?s={search_term_string}\"},\"query-input\":{\"@type\":\"PropertyValueSpecification\",\"valueRequired\":true,\"valueName\":\"search_term_string\"}}],\"inLanguage\":\"es\"},{\"@type\":\"Organization\",\"@id\":\"https:\/\/megamo.eu\/es\/#organization\",\"name\":\"Megamo\",\"alternateName\":\"mgo\",\"url\":\"https:\/\/megamo.eu\/es\/\",\"logo\":{\"@type\":\"ImageObject\",\"inLanguage\":\"es\",\"@id\":\"https:\/\/megamo.eu\/es\/#\/schema\/logo\/image\/\",\"url\":\"https:\/\/megamo.eu\/wp-content\/uploads\/2024\/02\/logo_small.png\",\"contentUrl\":\"https:\/\/megamo.eu\/wp-content\/uploads\/2024\/02\/logo_small.png\",\"width\":300,\"height\":113,\"caption\":\"Megamo\"},\"image\":{\"@id\":\"https:\/\/megamo.eu\/es\/#\/schema\/logo\/image\/\"},\"sameAs\":[\"https:\/\/www.facebook.com\/megamoeu\",\"https:\/\/www.youtube.com\/@Megamo_en\"]}]}<\/script>\n<!-- \/ Yoast SEO Premium plugin. -->","yoast_head_json":{"title":"Migraci\u00f3n de OpenCart a Shopware","description":"Migraci\u00f3n de OpenCart a Shopware: desbloquea arquitectura moderna API-first, comercio headless y flexibilidad empresarial para un crecimiento global escalable.","robots":{"index":"index","follow":"follow","max-snippet":"max-snippet:-1","max-image-preview":"max-image-preview:large","max-video-preview":"max-video-preview:-1"},"canonical":"https:\/\/megamo.eu\/es\/migracion-de-tienda-online-a-otra-plataforma\/migracion-de-opencart-a-shopware\/","og_locale":"es_ES","og_type":"article","og_title":"Migraci\u00f3n de OpenCart a Shopware","og_description":"Migraci\u00f3n de OpenCart a Shopware: desbloquea arquitectura moderna API-first, comercio headless y flexibilidad empresarial para un crecimiento global escalable.","og_url":"https:\/\/megamo.eu\/es\/migracion-de-tienda-online-a-otra-plataforma\/migracion-de-opencart-a-shopware\/","og_site_name":"megamo.eu","article_publisher":"https:\/\/www.facebook.com\/megamoeu","article_modified_time":"2025-10-03T10:08:54+00:00","twitter_card":"summary_large_image","twitter_misc":{"Tiempo de lectura":"4 minutos"},"schema":{"@context":"https:\/\/schema.org","@graph":[{"@type":"WebPage","@id":"https:\/\/megamo.eu\/es\/migracion-de-tienda-online-a-otra-plataforma\/migracion-de-opencart-a-shopware\/","url":"https:\/\/megamo.eu\/es\/migracion-de-tienda-online-a-otra-plataforma\/migracion-de-opencart-a-shopware\/","name":"Migraci\u00f3n de OpenCart a Shopware","isPartOf":{"@id":"https:\/\/megamo.eu\/es\/#website"},"datePublished":"2025-06-17T09:00:30+00:00","dateModified":"2025-10-03T10:08:54+00:00","description":"Migraci\u00f3n de OpenCart a Shopware: desbloquea arquitectura moderna API-first, comercio headless y flexibilidad empresarial para un crecimiento global escalable.","breadcrumb":{"@id":"https:\/\/megamo.eu\/es\/migracion-de-tienda-online-a-otra-plataforma\/migracion-de-opencart-a-shopware\/#breadcrumb"},"inLanguage":"es","potentialAction":[{"@type":"ReadAction","target":["https:\/\/megamo.eu\/es\/migracion-de-tienda-online-a-otra-plataforma\/migracion-de-opencart-a-shopware\/"]}]},{"@type":"BreadcrumbList","@id":"https:\/\/megamo.eu\/es\/migracion-de-tienda-online-a-otra-plataforma\/migracion-de-opencart-a-shopware\/#breadcrumb","itemListElement":[{"@type":"ListItem","position":1,"name":"Home","item":"https:\/\/megamo.eu\/es\/"},{"@type":"ListItem","position":2,"name":"Migraci\u00f3n de Tienda Online a Otra Plataforma","item":"https:\/\/megamo.eu\/es\/migracion-de-tienda-online-a-otra-plataforma\/"},{"@type":"ListItem","position":3,"name":"Migraci\u00f3n de OpenCart a Shopware"}]},{"@type":"WebSite","@id":"https:\/\/megamo.eu\/es\/#website","url":"https:\/\/megamo.eu\/es\/","name":"megamo.eu","description":"megamo.eu","publisher":{"@id":"https:\/\/megamo.eu\/es\/#organization"},"potentialAction":[{"@type":"SearchAction","target":{"@type":"EntryPoint","urlTemplate":"https:\/\/megamo.eu\/es\/?s={search_term_string}"},"query-input":{"@type":"PropertyValueSpecification","valueRequired":true,"valueName":"search_term_string"}}],"inLanguage":"es"},{"@type":"Organization","@id":"https:\/\/megamo.eu\/es\/#organization","name":"Megamo","alternateName":"mgo","url":"https:\/\/megamo.eu\/es\/","logo":{"@type":"ImageObject","inLanguage":"es","@id":"https:\/\/megamo.eu\/es\/#\/schema\/logo\/image\/","url":"https:\/\/megamo.eu\/wp-content\/uploads\/2024\/02\/logo_small.png","contentUrl":"https:\/\/megamo.eu\/wp-content\/uploads\/2024\/02\/logo_small.png","width":300,"height":113,"caption":"Megamo"},"image":{"@id":"https:\/\/megamo.eu\/es\/#\/schema\/logo\/image\/"},"sameAs":["https:\/\/www.facebook.com\/megamoeu","https:\/\/www.youtube.com\/@Megamo_en"]}]}},"_links":{"self":[{"href":"https:\/\/megamo.eu\/es\/wp-json\/wp\/v2\/pages\/42300"}],"collection":[{"href":"https:\/\/megamo.eu\/es\/wp-json\/wp\/v2\/pages"}],"about":[{"href":"https:\/\/megamo.eu\/es\/wp-json\/wp\/v2\/types\/page"}],"author":[{"embeddable":true,"href":"https:\/\/megamo.eu\/es\/wp-json\/wp\/v2\/users\/2"}],"replies":[{"embeddable":true,"href":"https:\/\/megamo.eu\/es\/wp-json\/wp\/v2\/comments?post=42300"}],"version-history":[{"count":2,"href":"https:\/\/megamo.eu\/es\/wp-json\/wp\/v2\/pages\/42300\/revisions"}],"predecessor-version":[{"id":56769,"href":"https:\/\/megamo.eu\/es\/wp-json\/wp\/v2\/pages\/42300\/revisions\/56769"}],"up":[{"embeddable":true,"href":"https:\/\/megamo.eu\/es\/wp-json\/wp\/v2\/pages\/41375"}],"wp:attachment":[{"href":"https:\/\/megamo.eu\/es\/wp-json\/wp\/v2\/media?parent=42300"}],"curies":[{"name":"wp","href":"https:\/\/api.w.org\/{rel}","templated":true}]}}