{"id":42292,"date":"2025-06-17T11:00:26","date_gmt":"2025-06-17T09:00:26","guid":{"rendered":"https:\/\/megamo.eu\/migracion-de-tienda-online-a-otra-plataforma\/migration-from-opencart-to-bigcommerce\/"},"modified":"2025-10-03T12:22:53","modified_gmt":"2025-10-03T10:22:53","slug":"migracion-de-opencart-a-bigcommerce","status":"publish","type":"page","link":"https:\/\/megamo.eu\/es\/migracion-de-tienda-online-a-otra-plataforma\/migracion-de-opencart-a-bigcommerce\/","title":{"rendered":"Migraci\u00f3n de OpenCart a BigCommerce"},"content":{"rendered":"\n\t<div id=\"gap-571905322\" class=\"gap-element clearfix\" style=\"display:block; height:auto;\">\n\t\t\n<style>\n#gap-571905322 {\n  padding-top: 60px;\n}\n<\/style>\n\t<\/div>\n\t\n\n\t<section class=\"section\" id=\"section_835015828\">\n\t\t<div class=\"bg section-bg fill bg-fill  bg-loaded\" >\n\n\t\t\t\n\t\t\t\n\t\t\t\n\n\t\t<\/div>\n\n\t\t\n\n\t\t<div class=\"section-content relative\">\n\t\t\t\n\n<div class=\"row\"  id=\"row-1811669349\">\n\n\n\t<div id=\"col-358431105\" class=\"col small-12 large-12\"  >\n\t\t\t\t<div class=\"col-inner text-center\"  >\n\t\t\t\n\t\t\t\n\n\t<div id=\"text-4165303633\" class=\"text\">\n\t\t\n\n<h1>Migraci\u00f3n de OpenCart a BigCommerce<\/h1>\n\n\t\t\n<style>\n#text-4165303633 {\n  font-size: 1.3rem;\n}\n<\/style>\n\t<\/div>\n\t\n\n\t\t<\/div>\n\t\t\t\t\t<\/div>\n\n\t\n\n<\/div>\n<div class=\"row\"  id=\"row-743797111\">\n\n\n\t<div id=\"col-1568197175\" class=\"col small-12 large-12\"  >\n\t\t\t\t<div class=\"col-inner text-center\"  >\n\t\t\t\n\t\t\t\n\n\t<div class=\"img has-hover x md-x lg-x y md-y lg-y\" id=\"image_2017806515\">\n\t\t\t\t\t\t\t\t<div class=\"img-inner dark\" >\n\t\t\t<img loading=\"lazy\" decoding=\"async\" width=\"820\" height=\"300\" src=\"https:\/\/megamo.eu\/wp-content\/uploads\/2025\/06\/opencart-bigcommerce-migration.webp\" class=\"attachment-original size-original\" alt=\"\" srcset=\"https:\/\/megamo.eu\/wp-content\/uploads\/2025\/06\/opencart-bigcommerce-migration.webp 820w, https:\/\/megamo.eu\/wp-content\/uploads\/2025\/06\/opencart-bigcommerce-migration-800x293.webp 800w, https:\/\/megamo.eu\/wp-content\/uploads\/2025\/06\/opencart-bigcommerce-migration-768x281.webp 768w, https:\/\/megamo.eu\/wp-content\/uploads\/2025\/06\/opencart-bigcommerce-migration-600x220.webp 600w\" sizes=\"(max-width: 820px) 100vw, 820px\" \/>\t\t\t\t\t\t\n\t\t\t\t\t<\/div>\n\t\t\t\t\t\t\t\t\n<style>\n#image_2017806515 {\n  width: 60%;\n}\n<\/style>\n\t<\/div>\n\t\n\n\t<div id=\"text-3001250333\" class=\"text\">\n\t\t\n\n<p>MIGRACI\u00d3N DE PLATAFORMA | OpenCart a BigCommerce<\/p>\n\n\t\t\n<style>\n#text-3001250333 {\n  font-size: 1.2rem;\n  color: rgb(155, 155, 155);\n}\n#text-3001250333 > * {\n  color: rgb(155, 155, 155);\n}\n<\/style>\n\t<\/div>\n\t\n\t<div id=\"text-1124322783\" class=\"text\">\n\t\t\n\n<p style=\"margin-bottom: 60px\">OpenCart ofrece flexibilidad open-source para peque\u00f1as empresas, pero puede volverse limitado a medida que crecen tus necesidades de e-commerce. Migrar a BigCommerce te permite eliminar la gesti\u00f3n de servidores, acceder a funciones B2B nativas y aprovechar la infraestructura SaaS empresarial para ventas multicanal, expansi\u00f3n internacional y un crecimiento escalable a largo plazo.<\/p>\n\n\t\t\n<style>\n#text-1124322783 {\n  text-align: left;\n}\n<\/style>\n\t<\/div>\n\t\n<a href=\"https:\/\/forms.clickup.com\/9012257574\/f\/8cjr8t6-8752\/JCI89GNZOP1PSMHSHF\" target=\"_blank\" class=\"button primary\" rel=\"noopener\"  >\n  <i class=\"icon-checkmark\" aria-hidden=\"true\" ><\/i>  <span>Migra tu tienda de OpenCart a BigCommerce<\/span>\n  <\/a>\n\n\n<a href=\"\/es\/migracion-de-tienda-online-a-otra-plataforma\/\" class=\"button primary\"  >\n  <i class=\"icon-tag\" aria-hidden=\"true\" ><\/i>  <span>Ver otros servicios de migraci\u00f3n<\/span>\n  <\/a>\n\n\n\t\t<\/div>\n\t\t\t\t\t<\/div>\n\n\t\n\n<\/div>\n\n\t\t<\/div>\n\n\t\t\n<style>\n#section_835015828 {\n  padding-top: 30px;\n  padding-bottom: 30px;\n}\n<\/style>\n\t<\/section>\n\t\n\t<section class=\"section\" id=\"section_676798762\">\n\t\t<div class=\"bg section-bg fill bg-fill  bg-loaded\" >\n\n\t\t\t\n\t\t\t\n\t\t\t\n\n\t\t<\/div>\n\n\t\t\n\n\t\t<div class=\"section-content relative\">\n\t\t\t\n\n<div class=\"row\"  id=\"row-913744409\">\n\n\n\t<div id=\"col-924319203\" class=\"col medium-6 small-12 large-6\"  >\n\t\t\t\t<div class=\"col-inner text-left\"  >\n\t\t\t\n\t\t\t\n\n<h3>OpenCart \u2013 ligero pero autogestionado<\/h3> <p>OpenCart funciona bien para configuraciones simples de e-commerce, pero requiere hosting propio, gesti\u00f3n de servidores y escalado manual. Las empresas suelen encontrar limitaciones cuando buscan integraciones avanzadas, capacidades B2B o crecimiento multicanal sin un trabajo de desarrollo considerable.<\/p> <h4>Ventajas de OpenCart:<\/h4> <ul> <li>arquitectura open-source ligera,<\/li> <li>bajos costes iniciales de hosting y licencias,<\/li> <li>propiedad del c\u00f3digo con flexibilidad de personalizaci\u00f3n,<\/li> <li>mercado de extensiones en crecimiento.<\/li> <\/ul> <h4>Desventajas de OpenCart:<\/h4> <ul> <li>requiere conocimientos t\u00e9cnicos para hosting, seguridad y escalado,<\/li> <li>funcionalidades B2B y empresariales limitadas de forma nativa,<\/li> <li>las integraciones m\u00e1s complejas requieren desarrollo a medida,<\/li> <li>posibles conflictos entre plugins en configuraciones m\u00e1s grandes.<\/li> <\/ul>\n\n\t\t<\/div>\n\t\t\t\t\t<\/div>\n\n\t\n\n\t<div id=\"col-93132080\" class=\"col medium-6 small-12 large-6\"  >\n\t\t\t\t<div class=\"col-inner text-left\"  >\n\t\t\t\n\t\t\t\n\n<h3>BigCommerce \u2013 simplicidad SaaS empresarial con gran escalabilidad<\/h3> <p>BigCommerce proporciona una plataforma SaaS totalmente alojada dise\u00f1ada para negocios en r\u00e1pido crecimiento. Elimina la gesti\u00f3n de servidores mientras ofrece capacidades B2B nativas, arquitectura API-first, ventas multicanal avanzadas y escalabilidad integrada para operaciones internacionales.<\/p> <h4>Ventajas de BigCommerce:<\/h4> <ul> <li>SaaS totalmente alojado sin gesti\u00f3n de servidores,<\/li> <li>soporte nativo para B2B, multitienda y ventas multicanal,<\/li> <li>capacidades de comercio API-first y headless,<\/li> <li>integraciones fluidas con ERP, CRM y soluciones de fulfillment.<\/li> <\/ul> <h4>Desventajas de BigCommerce:<\/h4> <ul> <li>suscripci\u00f3n mensual cuyo coste crece con los ingresos,<\/li> <li>menor acceso al backend en comparaci\u00f3n con plataformas open-source.<\/li> <\/ul>\n\n\t\t<\/div>\n\t\t\t\t\t<\/div>\n\n\t\n\n<\/div>\n\n\t\t<\/div>\n\n\t\t\n<style>\n#section_676798762 {\n  padding-top: 0px;\n  padding-bottom: 0px;\n}\n<\/style>\n\t<\/section>\n\t\n\t<section class=\"section\" id=\"section_669705889\">\n\t\t<div class=\"bg section-bg fill bg-fill  bg-loaded\" >\n\n\t\t\t\n\t\t\t\n\t\t\t\n\n\t\t<\/div>\n\n\t\t\n\n\t\t<div class=\"section-content relative\">\n\t\t\t\n\n<div class=\"row\"  id=\"row-1613246976\">\n\n\n\t<div id=\"col-1892011247\" class=\"col small-12 large-12\"  >\n\t\t\t\t<div class=\"col-inner\"  >\n\t\t\t\n\t\t\t\n\n<div style=\"border-left: 5px #fe5e08 solid; padding-left: 40px;\"> <h2 style=\"color: #fe5e08;\">\u00bfPor qu\u00e9 migrar tu tienda de OpenCart a BigCommerce?<\/h2> <p><b>Migrar a BigCommerce tiene sentido si:<\/b><\/p> <ul style=\"list-style-type: none;\"> <li style=\"margin-left: 0;\">quieres eliminar la infraestructura de servidores y el mantenimiento t\u00e9cnico,<\/li> <li style=\"margin-left: 0;\">necesitas funciones integradas de B2B, ventas multicanal e internacionales,<\/li> <li style=\"margin-left: 0;\">buscas la simplicidad de SaaS con escalabilidad empresarial,<\/li> <li style=\"margin-left: 0;\">requieres integraciones fluidas con ERP, CRM, POS y marketplaces.<\/li> <\/ul> <p>BigCommerce es ideal para empresas que han superado las limitaciones de OpenCart y desean simplificar operaciones mientras desbloquean un potente crecimiento de e-commerce basado en SaaS.<\/p> <\/div>\n\n\t<div id=\"gap-47991107\" class=\"gap-element clearfix\" style=\"display:block; height:auto;\">\n\t\t\n<style>\n#gap-47991107 {\n  padding-top: 60px;\n}\n<\/style>\n\t<\/div>\n\t\n\n\t<div id=\"text-1708746459\" class=\"text\">\n\t\t\n\n<div style=\"border-right: 5px #0093e3 solid; padding-right: 40px;\"> <h2 style=\"color: #0093e3\">\u00bfC\u00f3mo funciona la migraci\u00f3n de OpenCart a BigCommerce?<\/h2> <p>Gestionamos tu migraci\u00f3n con cuidado, garantizando la total precisi\u00f3n de los datos, la correcta configuraci\u00f3n de la plataforma y operaciones ininterrumpidas durante la transici\u00f3n.<\/p> <p><b>Transferimos todos los datos de productos<\/b><br>Productos, variantes, categor\u00edas, im\u00e1genes, datos SEO y atributos se importan en BigCommerce.<\/p> <p><b>Preservamos los datos de los clientes<\/b><br>Perfiles de clientes, historiales de pedidos, direcciones e informaci\u00f3n de contacto se migran de forma segura.<\/p> <p><b>Restauramos el historial de pedidos<\/b><br>Todas las transacciones, registros de pago y datos de env\u00edo se transfieren completamente para garantizar informes precisos y continuidad operativa.<\/p> <\/div>\n\n\t\t\n<style>\n#text-1708746459 {\n  text-align: right;\n}\n<\/style>\n\t<\/div>\n\t\n\n\t\t<\/div>\n\t\t\t\t\t<\/div>\n\n\t\n\n<\/div>\n\n\t\t<\/div>\n\n\t\t\n<style>\n#section_669705889 {\n  padding-top: 80px;\n  padding-bottom: 80px;\n  background-color: rgb(249, 249, 249);\n}\n<\/style>\n\t<\/section>\n\t\n","protected":false},"excerpt":{"rendered":"","protected":false},"author":2,"featured_media":0,"parent":41375,"menu_order":0,"comment_status":"closed","ping_status":"closed","template":"","meta":{"_lmt_disableupdate":"","_lmt_disable":"","footnotes":""},"yoast_head":"<!-- This site is optimized with the Yoast SEO Premium plugin v21.8 (Yoast SEO v23.5) - https:\/\/yoast.com\/wordpress\/plugins\/seo\/ -->\n<title>Migraci\u00f3n de OpenCart a BigCommerce<\/title>\n<meta name=\"description\" content=\"Migraci\u00f3n de OpenCart a BigCommerce: simplifica la gesti\u00f3n, elimina el mantenimiento de servidores y escala globalmente con la flexibilidad del e-commerce empresarial SaaS.\" \/>\n<meta name=\"robots\" content=\"index, follow, max-snippet:-1, max-image-preview:large, max-video-preview:-1\" \/>\n<link rel=\"canonical\" href=\"https:\/\/megamo.eu\/es\/migracion-de-tienda-online-a-otra-plataforma\/migracion-de-opencart-a-bigcommerce\/\" \/>\n<meta property=\"og:locale\" content=\"es_ES\" \/>\n<meta property=\"og:type\" content=\"article\" \/>\n<meta property=\"og:title\" content=\"Migraci\u00f3n de OpenCart a BigCommerce\" \/>\n<meta property=\"og:description\" content=\"Migraci\u00f3n de OpenCart a BigCommerce: simplifica la gesti\u00f3n, elimina el mantenimiento de servidores y escala globalmente con la flexibilidad del e-commerce empresarial SaaS.\" \/>\n<meta property=\"og:url\" content=\"https:\/\/megamo.eu\/es\/migracion-de-tienda-online-a-otra-plataforma\/migracion-de-opencart-a-bigcommerce\/\" \/>\n<meta property=\"og:site_name\" content=\"megamo.eu\" \/>\n<meta property=\"article:publisher\" content=\"https:\/\/www.facebook.com\/megamoeu\" \/>\n<meta property=\"article:modified_time\" content=\"2025-10-03T10:22:53+00:00\" \/>\n<meta name=\"twitter:card\" content=\"summary_large_image\" \/>\n<meta name=\"twitter:label1\" content=\"Tiempo de lectura\" \/>\n\t<meta name=\"twitter:data1\" content=\"4 minutos\" \/>\n<script type=\"application\/ld+json\" class=\"yoast-schema-graph\">{\"@context\":\"https:\/\/schema.org\",\"@graph\":[{\"@type\":\"WebPage\",\"@id\":\"https:\/\/megamo.eu\/es\/migracion-de-tienda-online-a-otra-plataforma\/migracion-de-opencart-a-bigcommerce\/\",\"url\":\"https:\/\/megamo.eu\/es\/migracion-de-tienda-online-a-otra-plataforma\/migracion-de-opencart-a-bigcommerce\/\",\"name\":\"Migraci\u00f3n de OpenCart a BigCommerce\",\"isPartOf\":{\"@id\":\"https:\/\/megamo.eu\/es\/#website\"},\"datePublished\":\"2025-06-17T09:00:26+00:00\",\"dateModified\":\"2025-10-03T10:22:53+00:00\",\"description\":\"Migraci\u00f3n de OpenCart a BigCommerce: simplifica la gesti\u00f3n, elimina el mantenimiento de servidores y escala globalmente con la flexibilidad del e-commerce empresarial SaaS.\",\"breadcrumb\":{\"@id\":\"https:\/\/megamo.eu\/es\/migracion-de-tienda-online-a-otra-plataforma\/migracion-de-opencart-a-bigcommerce\/#breadcrumb\"},\"inLanguage\":\"es\",\"potentialAction\":[{\"@type\":\"ReadAction\",\"target\":[\"https:\/\/megamo.eu\/es\/migracion-de-tienda-online-a-otra-plataforma\/migracion-de-opencart-a-bigcommerce\/\"]}]},{\"@type\":\"BreadcrumbList\",\"@id\":\"https:\/\/megamo.eu\/es\/migracion-de-tienda-online-a-otra-plataforma\/migracion-de-opencart-a-bigcommerce\/#breadcrumb\",\"itemListElement\":[{\"@type\":\"ListItem\",\"position\":1,\"name\":\"Home\",\"item\":\"https:\/\/megamo.eu\/es\/\"},{\"@type\":\"ListItem\",\"position\":2,\"name\":\"Migraci\u00f3n de Tienda Online a Otra Plataforma\",\"item\":\"https:\/\/megamo.eu\/es\/migracion-de-tienda-online-a-otra-plataforma\/\"},{\"@type\":\"ListItem\",\"position\":3,\"name\":\"Migraci\u00f3n de OpenCart a BigCommerce\"}]},{\"@type\":\"WebSite\",\"@id\":\"https:\/\/megamo.eu\/es\/#website\",\"url\":\"https:\/\/megamo.eu\/es\/\",\"name\":\"megamo.eu\",\"description\":\"megamo.eu\",\"publisher\":{\"@id\":\"https:\/\/megamo.eu\/es\/#organization\"},\"potentialAction\":[{\"@type\":\"SearchAction\",\"target\":{\"@type\":\"EntryPoint\",\"urlTemplate\":\"https:\/\/megamo.eu\/es\/?s={search_term_string}\"},\"query-input\":{\"@type\":\"PropertyValueSpecification\",\"valueRequired\":true,\"valueName\":\"search_term_string\"}}],\"inLanguage\":\"es\"},{\"@type\":\"Organization\",\"@id\":\"https:\/\/megamo.eu\/es\/#organization\",\"name\":\"Megamo\",\"alternateName\":\"mgo\",\"url\":\"https:\/\/megamo.eu\/es\/\",\"logo\":{\"@type\":\"ImageObject\",\"inLanguage\":\"es\",\"@id\":\"https:\/\/megamo.eu\/es\/#\/schema\/logo\/image\/\",\"url\":\"https:\/\/megamo.eu\/wp-content\/uploads\/2024\/02\/logo_small.png\",\"contentUrl\":\"https:\/\/megamo.eu\/wp-content\/uploads\/2024\/02\/logo_small.png\",\"width\":300,\"height\":113,\"caption\":\"Megamo\"},\"image\":{\"@id\":\"https:\/\/megamo.eu\/es\/#\/schema\/logo\/image\/\"},\"sameAs\":[\"https:\/\/www.facebook.com\/megamoeu\",\"https:\/\/www.youtube.com\/@Megamo_en\"]}]}<\/script>\n<!-- \/ Yoast SEO Premium plugin. -->","yoast_head_json":{"title":"Migraci\u00f3n de OpenCart a BigCommerce","description":"Migraci\u00f3n de OpenCart a BigCommerce: simplifica la gesti\u00f3n, elimina el mantenimiento de servidores y escala globalmente con la flexibilidad del e-commerce empresarial SaaS.","robots":{"index":"index","follow":"follow","max-snippet":"max-snippet:-1","max-image-preview":"max-image-preview:large","max-video-preview":"max-video-preview:-1"},"canonical":"https:\/\/megamo.eu\/es\/migracion-de-tienda-online-a-otra-plataforma\/migracion-de-opencart-a-bigcommerce\/","og_locale":"es_ES","og_type":"article","og_title":"Migraci\u00f3n de OpenCart a BigCommerce","og_description":"Migraci\u00f3n de OpenCart a BigCommerce: simplifica la gesti\u00f3n, elimina el mantenimiento de servidores y escala globalmente con la flexibilidad del e-commerce empresarial SaaS.","og_url":"https:\/\/megamo.eu\/es\/migracion-de-tienda-online-a-otra-plataforma\/migracion-de-opencart-a-bigcommerce\/","og_site_name":"megamo.eu","article_publisher":"https:\/\/www.facebook.com\/megamoeu","article_modified_time":"2025-10-03T10:22:53+00:00","twitter_card":"summary_large_image","twitter_misc":{"Tiempo de lectura":"4 minutos"},"schema":{"@context":"https:\/\/schema.org","@graph":[{"@type":"WebPage","@id":"https:\/\/megamo.eu\/es\/migracion-de-tienda-online-a-otra-plataforma\/migracion-de-opencart-a-bigcommerce\/","url":"https:\/\/megamo.eu\/es\/migracion-de-tienda-online-a-otra-plataforma\/migracion-de-opencart-a-bigcommerce\/","name":"Migraci\u00f3n de OpenCart a BigCommerce","isPartOf":{"@id":"https:\/\/megamo.eu\/es\/#website"},"datePublished":"2025-06-17T09:00:26+00:00","dateModified":"2025-10-03T10:22:53+00:00","description":"Migraci\u00f3n de OpenCart a BigCommerce: simplifica la gesti\u00f3n, elimina el mantenimiento de servidores y escala globalmente con la flexibilidad del e-commerce empresarial SaaS.","breadcrumb":{"@id":"https:\/\/megamo.eu\/es\/migracion-de-tienda-online-a-otra-plataforma\/migracion-de-opencart-a-bigcommerce\/#breadcrumb"},"inLanguage":"es","potentialAction":[{"@type":"ReadAction","target":["https:\/\/megamo.eu\/es\/migracion-de-tienda-online-a-otra-plataforma\/migracion-de-opencart-a-bigcommerce\/"]}]},{"@type":"BreadcrumbList","@id":"https:\/\/megamo.eu\/es\/migracion-de-tienda-online-a-otra-plataforma\/migracion-de-opencart-a-bigcommerce\/#breadcrumb","itemListElement":[{"@type":"ListItem","position":1,"name":"Home","item":"https:\/\/megamo.eu\/es\/"},{"@type":"ListItem","position":2,"name":"Migraci\u00f3n de Tienda Online a Otra Plataforma","item":"https:\/\/megamo.eu\/es\/migracion-de-tienda-online-a-otra-plataforma\/"},{"@type":"ListItem","position":3,"name":"Migraci\u00f3n de OpenCart a BigCommerce"}]},{"@type":"WebSite","@id":"https:\/\/megamo.eu\/es\/#website","url":"https:\/\/megamo.eu\/es\/","name":"megamo.eu","description":"megamo.eu","publisher":{"@id":"https:\/\/megamo.eu\/es\/#organization"},"potentialAction":[{"@type":"SearchAction","target":{"@type":"EntryPoint","urlTemplate":"https:\/\/megamo.eu\/es\/?s={search_term_string}"},"query-input":{"@type":"PropertyValueSpecification","valueRequired":true,"valueName":"search_term_string"}}],"inLanguage":"es"},{"@type":"Organization","@id":"https:\/\/megamo.eu\/es\/#organization","name":"Megamo","alternateName":"mgo","url":"https:\/\/megamo.eu\/es\/","logo":{"@type":"ImageObject","inLanguage":"es","@id":"https:\/\/megamo.eu\/es\/#\/schema\/logo\/image\/","url":"https:\/\/megamo.eu\/wp-content\/uploads\/2024\/02\/logo_small.png","contentUrl":"https:\/\/megamo.eu\/wp-content\/uploads\/2024\/02\/logo_small.png","width":300,"height":113,"caption":"Megamo"},"image":{"@id":"https:\/\/megamo.eu\/es\/#\/schema\/logo\/image\/"},"sameAs":["https:\/\/www.facebook.com\/megamoeu","https:\/\/www.youtube.com\/@Megamo_en"]}]}},"_links":{"self":[{"href":"https:\/\/megamo.eu\/es\/wp-json\/wp\/v2\/pages\/42292"}],"collection":[{"href":"https:\/\/megamo.eu\/es\/wp-json\/wp\/v2\/pages"}],"about":[{"href":"https:\/\/megamo.eu\/es\/wp-json\/wp\/v2\/types\/page"}],"author":[{"embeddable":true,"href":"https:\/\/megamo.eu\/es\/wp-json\/wp\/v2\/users\/2"}],"replies":[{"embeddable":true,"href":"https:\/\/megamo.eu\/es\/wp-json\/wp\/v2\/comments?post=42292"}],"version-history":[{"count":2,"href":"https:\/\/megamo.eu\/es\/wp-json\/wp\/v2\/pages\/42292\/revisions"}],"predecessor-version":[{"id":56777,"href":"https:\/\/megamo.eu\/es\/wp-json\/wp\/v2\/pages\/42292\/revisions\/56777"}],"up":[{"embeddable":true,"href":"https:\/\/megamo.eu\/es\/wp-json\/wp\/v2\/pages\/41375"}],"wp:attachment":[{"href":"https:\/\/megamo.eu\/es\/wp-json\/wp\/v2\/media?parent=42292"}],"curies":[{"name":"wp","href":"https:\/\/api.w.org\/{rel}","templated":true}]}}