{"id":42290,"date":"2025-06-17T11:00:25","date_gmt":"2025-06-17T09:00:25","guid":{"rendered":"https:\/\/megamo.eu\/migracion-de-tienda-online-a-otra-plataforma\/migration-from-magento-to-woocommerce\/"},"modified":"2025-10-03T12:33:02","modified_gmt":"2025-10-03T10:33:02","slug":"migracion-de-magento-a-woocommerce","status":"publish","type":"page","link":"https:\/\/megamo.eu\/es\/migracion-de-tienda-online-a-otra-plataforma\/migracion-de-magento-a-woocommerce\/","title":{"rendered":"Migraci\u00f3n de Magento a WooCommerce"},"content":{"rendered":"\n\t<div id=\"gap-384926319\" class=\"gap-element clearfix\" style=\"display:block; height:auto;\">\n\t\t\n<style>\n#gap-384926319 {\n  padding-top: 60px;\n}\n<\/style>\n\t<\/div>\n\t\n\n\t<section class=\"section\" id=\"section_1357813384\">\n\t\t<div class=\"bg section-bg fill bg-fill  bg-loaded\" >\n\n\t\t\t\n\t\t\t\n\t\t\t\n\n\t\t<\/div>\n\n\t\t\n\n\t\t<div class=\"section-content relative\">\n\t\t\t\n\n<div class=\"row\"  id=\"row-1132896577\">\n\n\n\t<div id=\"col-1738892351\" class=\"col small-12 large-12\"  >\n\t\t\t\t<div class=\"col-inner text-center\"  >\n\t\t\t\n\t\t\t\n\n\t<div id=\"text-2268285114\" class=\"text\">\n\t\t\n\n<h1>Migraci\u00f3n de Magento a WooCommerce<\/h1>\n\n\t\t\n<style>\n#text-2268285114 {\n  font-size: 1.3rem;\n}\n<\/style>\n\t<\/div>\n\t\n\n\t\t<\/div>\n\t\t\t\t\t<\/div>\n\n\t\n\n<\/div>\n<div class=\"row\"  id=\"row-1958862765\">\n\n\n\t<div id=\"col-1231110726\" class=\"col small-12 large-12\"  >\n\t\t\t\t<div class=\"col-inner text-center\"  >\n\t\t\t\n\t\t\t\n\n\t<div class=\"img has-hover x md-x lg-x y md-y lg-y\" id=\"image_1624266192\">\n\t\t\t\t\t\t\t\t<div class=\"img-inner dark\" >\n\t\t\t<img loading=\"lazy\" decoding=\"async\" width=\"820\" height=\"300\" src=\"https:\/\/megamo.eu\/wp-content\/uploads\/2025\/06\/magento-woo-migration.webp\" class=\"attachment-original size-original\" alt=\"\" srcset=\"https:\/\/megamo.eu\/wp-content\/uploads\/2025\/06\/magento-woo-migration.webp 820w, https:\/\/megamo.eu\/wp-content\/uploads\/2025\/06\/magento-woo-migration-800x293.webp 800w, https:\/\/megamo.eu\/wp-content\/uploads\/2025\/06\/magento-woo-migration-768x281.webp 768w, https:\/\/megamo.eu\/wp-content\/uploads\/2025\/06\/magento-woo-migration-600x220.webp 600w\" sizes=\"(max-width: 820px) 100vw, 820px\" \/>\t\t\t\t\t\t\n\t\t\t\t\t<\/div>\n\t\t\t\t\t\t\t\t\n<style>\n#image_1624266192 {\n  width: 60%;\n}\n<\/style>\n\t<\/div>\n\t\n\n\t<div id=\"text-275405915\" class=\"text\">\n\t\t\n\n<p>MIGRACI\u00d3N DE PLATAFORMA | Magento a WooCommerce<\/p>\n\n\t\t\n<style>\n#text-275405915 {\n  font-size: 1.2rem;\n  color: rgb(155, 155, 155);\n}\n#text-275405915 > * {\n  color: rgb(155, 155, 155);\n}\n<\/style>\n\t<\/div>\n\t\n\t<div id=\"text-2848351846\" class=\"text\">\n\t\t\n\n<p style=\"margin-bottom: 60px\">Magento ofrece escalabilidad a nivel empresarial, pero suele implicar mayores costes, infraestructura compleja y necesidades de desarrollo continuo. Migrar a WooCommerce permite a las empresas simplificar la gesti\u00f3n, reducir costes de mantenimiento y obtener plena propiedad, combinando e-commerce y marketing de contenidos en una plataforma flexible de c\u00f3digo abierto impulsada por WordPress.<\/p>\n\n\t\t\n<style>\n#text-2848351846 {\n  text-align: left;\n}\n<\/style>\n\t<\/div>\n\t\n<a href=\"https:\/\/forms.clickup.com\/9012257574\/f\/8cjr8t6-8752\/JCI89GNZOP1PSMHSHF\" target=\"_blank\" class=\"button primary\" rel=\"noopener\"  >\n  <i class=\"icon-checkmark\" aria-hidden=\"true\" ><\/i>  <span>Migra tu tienda de Magento a WooCommerce<\/span>\n  <\/a>\n\n\n<a href=\"\/es\/migracion-de-tienda-online-a-otra-plataforma\/\" class=\"button primary\"  >\n  <i class=\"icon-tag\" aria-hidden=\"true\" ><\/i>  <span>Ver otros servicios de migraci\u00f3n<\/span>\n  <\/a>\n\n\n\t\t<\/div>\n\t\t\t\t\t<\/div>\n\n\t\n\n<\/div>\n\n\t\t<\/div>\n\n\t\t\n<style>\n#section_1357813384 {\n  padding-top: 30px;\n  padding-bottom: 30px;\n}\n<\/style>\n\t<\/section>\n\t\n\t<section class=\"section\" id=\"section_1603447361\">\n\t\t<div class=\"bg section-bg fill bg-fill  bg-loaded\" >\n\n\t\t\t\n\t\t\t\n\t\t\t\n\n\t\t<\/div>\n\n\t\t\n\n\t\t<div class=\"section-content relative\">\n\t\t\t\n\n<div class=\"row\"  id=\"row-2058657855\">\n\n\n\t<div id=\"col-963147909\" class=\"col medium-6 small-12 large-6\"  >\n\t\t\t\t<div class=\"col-inner text-left\"  >\n\t\t\t\n\t\t\t\n\n<h3>Magento \u2013 potente pero que consume muchos recursos<\/h3> <p>Magento ofrece m\u00e1xima flexibilidad para operaciones de e-commerce complejas, pero suele requerir importantes recursos t\u00e9cnicos, desarrolladores dedicados y mayores costes de infraestructura, lo que puede no ser adecuado para peque\u00f1as o medianas empresas a largo plazo.<\/p> <h4>Ventajas de Magento:<\/h4> <ul> <li>arquitectura open-source altamente personalizable,<\/li> <li>capacidades avanzadas de B2B y multitienda,<\/li> <li>gesti\u00f3n compleja de precios, segmentaci\u00f3n y promociones,<\/li> <li>integraciones empresariales v\u00eda API y gran escalabilidad.<\/li> <\/ul> <h4>Desventajas de Magento:<\/h4> <ul> <li>mayores costes de desarrollo, hosting y mantenimiento,<\/li> <li>requiere equipos t\u00e9cnicos especializados,<\/li> <li>configuraci\u00f3n e implementaci\u00f3n m\u00e1s complejas,<\/li> <li>servidores con altos requisitos de recursos.<\/li> <\/ul>\n\n\t\t<\/div>\n\t\t\t\t\t<\/div>\n\n\t\n\n\t<div id=\"col-1269809562\" class=\"col medium-6 small-12 large-6\"  >\n\t\t\t\t<div class=\"col-inner text-left\"  >\n\t\t\t\n\t\t\t\n\n<h3>WooCommerce \u2013 ligero, flexible y con total propiedad<\/h3> <p>WooCommerce ofrece a las empresas control total sobre su tienda, combinando e-commerce con marketing de contenidos directamente en WordPress. Ofrece menores costes operativos, un amplio ecosistema de plugins y flexibilidad para negocios que ya no necesitan una arquitectura empresarial compleja.<\/p> <h4>Ventajas de WooCommerce:<\/h4> <ul> <li>integraci\u00f3n perfecta con la gesti\u00f3n de contenidos de WordPress,<\/li> <li>plena propiedad sobre el c\u00f3digo, los datos y el hosting,<\/li> <li>costes operativos y de desarrollo m\u00e1s bajos,<\/li> <li>amplio soporte de la comunidad de plugins y desarrolladores.<\/li> <\/ul> <h4>Desventajas de WooCommerce:<\/h4> <ul> <li>gesti\u00f3n propia del hosting y la seguridad,<\/li> <li>posibles conflictos entre plugins sin un buen mantenimiento,<\/li> <li>optimizaci\u00f3n de rendimiento necesaria para tiendas con mucho tr\u00e1fico.<\/li> <\/ul>\n\n\t\t<\/div>\n\t\t\t\t\t<\/div>\n\n\t\n\n<\/div>\n\n\t\t<\/div>\n\n\t\t\n<style>\n#section_1603447361 {\n  padding-top: 0px;\n  padding-bottom: 0px;\n}\n<\/style>\n\t<\/section>\n\t\n\t<section class=\"section\" id=\"section_1210780807\">\n\t\t<div class=\"bg section-bg fill bg-fill  bg-loaded\" >\n\n\t\t\t\n\t\t\t\n\t\t\t\n\n\t\t<\/div>\n\n\t\t\n\n\t\t<div class=\"section-content relative\">\n\t\t\t\n\n<div class=\"row\"  id=\"row-631735204\">\n\n\n\t<div id=\"col-1012776886\" class=\"col small-12 large-12\"  >\n\t\t\t\t<div class=\"col-inner\"  >\n\t\t\t\n\t\t\t\n\n<div style=\"border-left: 5px #fe5e08 solid; padding-left: 40px;\"> <h2 style=\"color: #fe5e08;\">\u00bfPor qu\u00e9 migrar tu tienda de Magento a WooCommerce?<\/h2> <p><b>Migrar a WooCommerce tiene sentido si:<\/b><\/p> <ul style=\"list-style-type: none;\"> <li style=\"margin-left: 0;\">quieres reducir costes de hosting, mantenimiento y desarrollo,<\/li> <li style=\"margin-left: 0;\">ya no necesitas funcionalidades empresariales complejas,<\/li> <li style=\"margin-left: 0;\">quieres plena propiedad de tu tienda y acceso completo al c\u00f3digo,<\/li> <li style=\"margin-left: 0;\">necesitas integraci\u00f3n perfecta con WordPress para marketing de contenidos.<\/li> <\/ul> <p>WooCommerce es ideal para negocios que quieren simplificar sus operaciones de e-commerce manteniendo flexibilidad, escalabilidad y control total de su tienda.<\/p> <\/div>\n\n\t<div id=\"gap-1043273856\" class=\"gap-element clearfix\" style=\"display:block; height:auto;\">\n\t\t\n<style>\n#gap-1043273856 {\n  padding-top: 60px;\n}\n<\/style>\n\t<\/div>\n\t\n\n\t<div id=\"text-1615234562\" class=\"text\">\n\t\t\n\n<div style=\"border-right: 5px #0093e3 solid; padding-right: 40px;\"> <h2 style=\"color: #0093e3\">\u00bfC\u00f3mo funciona la migraci\u00f3n de Magento a WooCommerce?<\/h2> <p>Gestionamos todo el proceso de migraci\u00f3n de forma segura y eficiente, garantizando la integridad completa de los datos, una configuraci\u00f3n adecuada y la continuidad del negocio durante la transici\u00f3n.<\/p> <p><b>Transferimos todos los datos de productos<\/b><br>Productos, categor\u00edas, im\u00e1genes, atributos, variantes y datos SEO se importan a WooCommerce.<\/p> <p><b>Preservamos los datos de los clientes<\/b><br>Todos los perfiles de clientes, direcciones e historiales de pedidos se migran de forma segura.<\/p> <p><b>Restauramos el historial de pedidos<\/b><br>Todas las transacciones, registros de pago y datos de env\u00edo se importan completamente para asegurar informes precisos y continuidad operativa.<\/p> <\/div>\n\n\t\t\n<style>\n#text-1615234562 {\n  text-align: right;\n}\n<\/style>\n\t<\/div>\n\t\n\n\t\t<\/div>\n\t\t\t\t\t<\/div>\n\n\t\n\n<\/div>\n\n\t\t<\/div>\n\n\t\t\n<style>\n#section_1210780807 {\n  padding-top: 80px;\n  padding-bottom: 80px;\n  background-color: rgb(249, 249, 249);\n}\n<\/style>\n\t<\/section>\n\t\n","protected":false},"excerpt":{"rendered":"","protected":false},"author":2,"featured_media":0,"parent":41375,"menu_order":0,"comment_status":"closed","ping_status":"closed","template":"","meta":{"_lmt_disableupdate":"","_lmt_disable":"","footnotes":""},"yoast_head":"<!-- This site is optimized with the Yoast SEO Premium plugin v21.8 (Yoast SEO v23.5) - https:\/\/yoast.com\/wordpress\/plugins\/seo\/ -->\n<title>Migraci\u00f3n de Magento a WooCommerce<\/title>\n<meta name=\"description\" content=\"Migraci\u00f3n de Magento a WooCommerce: reduce costos, simplifica la gesti\u00f3n y combina e-commerce con marketing de contenidos en una plataforma de c\u00f3digo abierto totalmente propia.\" \/>\n<meta name=\"robots\" content=\"index, follow, max-snippet:-1, max-image-preview:large, max-video-preview:-1\" \/>\n<link rel=\"canonical\" href=\"https:\/\/megamo.eu\/es\/migracion-de-tienda-online-a-otra-plataforma\/migracion-de-magento-a-woocommerce\/\" \/>\n<meta property=\"og:locale\" content=\"es_ES\" \/>\n<meta property=\"og:type\" content=\"article\" \/>\n<meta property=\"og:title\" content=\"Migraci\u00f3n de Magento a WooCommerce\" \/>\n<meta property=\"og:description\" content=\"Migraci\u00f3n de Magento a WooCommerce: reduce costos, simplifica la gesti\u00f3n y combina e-commerce con marketing de contenidos en una plataforma de c\u00f3digo abierto totalmente propia.\" \/>\n<meta property=\"og:url\" content=\"https:\/\/megamo.eu\/es\/migracion-de-tienda-online-a-otra-plataforma\/migracion-de-magento-a-woocommerce\/\" \/>\n<meta property=\"og:site_name\" content=\"megamo.eu\" \/>\n<meta property=\"article:publisher\" content=\"https:\/\/www.facebook.com\/megamoeu\" \/>\n<meta property=\"article:modified_time\" content=\"2025-10-03T10:33:02+00:00\" \/>\n<meta name=\"twitter:card\" content=\"summary_large_image\" \/>\n<meta name=\"twitter:label1\" content=\"Tiempo de lectura\" \/>\n\t<meta name=\"twitter:data1\" content=\"4 minutos\" \/>\n<script type=\"application\/ld+json\" class=\"yoast-schema-graph\">{\"@context\":\"https:\/\/schema.org\",\"@graph\":[{\"@type\":\"WebPage\",\"@id\":\"https:\/\/megamo.eu\/es\/migracion-de-tienda-online-a-otra-plataforma\/migracion-de-magento-a-woocommerce\/\",\"url\":\"https:\/\/megamo.eu\/es\/migracion-de-tienda-online-a-otra-plataforma\/migracion-de-magento-a-woocommerce\/\",\"name\":\"Migraci\u00f3n de Magento a WooCommerce\",\"isPartOf\":{\"@id\":\"https:\/\/megamo.eu\/es\/#website\"},\"datePublished\":\"2025-06-17T09:00:25+00:00\",\"dateModified\":\"2025-10-03T10:33:02+00:00\",\"description\":\"Migraci\u00f3n de Magento a WooCommerce: reduce costos, simplifica la gesti\u00f3n y combina e-commerce con marketing de contenidos en una plataforma de c\u00f3digo abierto totalmente propia.\",\"breadcrumb\":{\"@id\":\"https:\/\/megamo.eu\/es\/migracion-de-tienda-online-a-otra-plataforma\/migracion-de-magento-a-woocommerce\/#breadcrumb\"},\"inLanguage\":\"es\",\"potentialAction\":[{\"@type\":\"ReadAction\",\"target\":[\"https:\/\/megamo.eu\/es\/migracion-de-tienda-online-a-otra-plataforma\/migracion-de-magento-a-woocommerce\/\"]}]},{\"@type\":\"BreadcrumbList\",\"@id\":\"https:\/\/megamo.eu\/es\/migracion-de-tienda-online-a-otra-plataforma\/migracion-de-magento-a-woocommerce\/#breadcrumb\",\"itemListElement\":[{\"@type\":\"ListItem\",\"position\":1,\"name\":\"Home\",\"item\":\"https:\/\/megamo.eu\/es\/\"},{\"@type\":\"ListItem\",\"position\":2,\"name\":\"Migraci\u00f3n de Tienda Online a Otra Plataforma\",\"item\":\"https:\/\/megamo.eu\/es\/migracion-de-tienda-online-a-otra-plataforma\/\"},{\"@type\":\"ListItem\",\"position\":3,\"name\":\"Migraci\u00f3n de Magento a WooCommerce\"}]},{\"@type\":\"WebSite\",\"@id\":\"https:\/\/megamo.eu\/es\/#website\",\"url\":\"https:\/\/megamo.eu\/es\/\",\"name\":\"megamo.eu\",\"description\":\"megamo.eu\",\"publisher\":{\"@id\":\"https:\/\/megamo.eu\/es\/#organization\"},\"potentialAction\":[{\"@type\":\"SearchAction\",\"target\":{\"@type\":\"EntryPoint\",\"urlTemplate\":\"https:\/\/megamo.eu\/es\/?s={search_term_string}\"},\"query-input\":{\"@type\":\"PropertyValueSpecification\",\"valueRequired\":true,\"valueName\":\"search_term_string\"}}],\"inLanguage\":\"es\"},{\"@type\":\"Organization\",\"@id\":\"https:\/\/megamo.eu\/es\/#organization\",\"name\":\"Megamo\",\"alternateName\":\"mgo\",\"url\":\"https:\/\/megamo.eu\/es\/\",\"logo\":{\"@type\":\"ImageObject\",\"inLanguage\":\"es\",\"@id\":\"https:\/\/megamo.eu\/es\/#\/schema\/logo\/image\/\",\"url\":\"https:\/\/megamo.eu\/wp-content\/uploads\/2024\/02\/logo_small.png\",\"contentUrl\":\"https:\/\/megamo.eu\/wp-content\/uploads\/2024\/02\/logo_small.png\",\"width\":300,\"height\":113,\"caption\":\"Megamo\"},\"image\":{\"@id\":\"https:\/\/megamo.eu\/es\/#\/schema\/logo\/image\/\"},\"sameAs\":[\"https:\/\/www.facebook.com\/megamoeu\",\"https:\/\/www.youtube.com\/@Megamo_en\"]}]}<\/script>\n<!-- \/ Yoast SEO Premium plugin. -->","yoast_head_json":{"title":"Migraci\u00f3n de Magento a WooCommerce","description":"Migraci\u00f3n de Magento a WooCommerce: reduce costos, simplifica la gesti\u00f3n y combina e-commerce con marketing de contenidos en una plataforma de c\u00f3digo abierto totalmente propia.","robots":{"index":"index","follow":"follow","max-snippet":"max-snippet:-1","max-image-preview":"max-image-preview:large","max-video-preview":"max-video-preview:-1"},"canonical":"https:\/\/megamo.eu\/es\/migracion-de-tienda-online-a-otra-plataforma\/migracion-de-magento-a-woocommerce\/","og_locale":"es_ES","og_type":"article","og_title":"Migraci\u00f3n de Magento a WooCommerce","og_description":"Migraci\u00f3n de Magento a WooCommerce: reduce costos, simplifica la gesti\u00f3n y combina e-commerce con marketing de contenidos en una plataforma de c\u00f3digo abierto totalmente propia.","og_url":"https:\/\/megamo.eu\/es\/migracion-de-tienda-online-a-otra-plataforma\/migracion-de-magento-a-woocommerce\/","og_site_name":"megamo.eu","article_publisher":"https:\/\/www.facebook.com\/megamoeu","article_modified_time":"2025-10-03T10:33:02+00:00","twitter_card":"summary_large_image","twitter_misc":{"Tiempo de lectura":"4 minutos"},"schema":{"@context":"https:\/\/schema.org","@graph":[{"@type":"WebPage","@id":"https:\/\/megamo.eu\/es\/migracion-de-tienda-online-a-otra-plataforma\/migracion-de-magento-a-woocommerce\/","url":"https:\/\/megamo.eu\/es\/migracion-de-tienda-online-a-otra-plataforma\/migracion-de-magento-a-woocommerce\/","name":"Migraci\u00f3n de Magento a WooCommerce","isPartOf":{"@id":"https:\/\/megamo.eu\/es\/#website"},"datePublished":"2025-06-17T09:00:25+00:00","dateModified":"2025-10-03T10:33:02+00:00","description":"Migraci\u00f3n de Magento a WooCommerce: reduce costos, simplifica la gesti\u00f3n y combina e-commerce con marketing de contenidos en una plataforma de c\u00f3digo abierto totalmente propia.","breadcrumb":{"@id":"https:\/\/megamo.eu\/es\/migracion-de-tienda-online-a-otra-plataforma\/migracion-de-magento-a-woocommerce\/#breadcrumb"},"inLanguage":"es","potentialAction":[{"@type":"ReadAction","target":["https:\/\/megamo.eu\/es\/migracion-de-tienda-online-a-otra-plataforma\/migracion-de-magento-a-woocommerce\/"]}]},{"@type":"BreadcrumbList","@id":"https:\/\/megamo.eu\/es\/migracion-de-tienda-online-a-otra-plataforma\/migracion-de-magento-a-woocommerce\/#breadcrumb","itemListElement":[{"@type":"ListItem","position":1,"name":"Home","item":"https:\/\/megamo.eu\/es\/"},{"@type":"ListItem","position":2,"name":"Migraci\u00f3n de Tienda Online a Otra Plataforma","item":"https:\/\/megamo.eu\/es\/migracion-de-tienda-online-a-otra-plataforma\/"},{"@type":"ListItem","position":3,"name":"Migraci\u00f3n de Magento a WooCommerce"}]},{"@type":"WebSite","@id":"https:\/\/megamo.eu\/es\/#website","url":"https:\/\/megamo.eu\/es\/","name":"megamo.eu","description":"megamo.eu","publisher":{"@id":"https:\/\/megamo.eu\/es\/#organization"},"potentialAction":[{"@type":"SearchAction","target":{"@type":"EntryPoint","urlTemplate":"https:\/\/megamo.eu\/es\/?s={search_term_string}"},"query-input":{"@type":"PropertyValueSpecification","valueRequired":true,"valueName":"search_term_string"}}],"inLanguage":"es"},{"@type":"Organization","@id":"https:\/\/megamo.eu\/es\/#organization","name":"Megamo","alternateName":"mgo","url":"https:\/\/megamo.eu\/es\/","logo":{"@type":"ImageObject","inLanguage":"es","@id":"https:\/\/megamo.eu\/es\/#\/schema\/logo\/image\/","url":"https:\/\/megamo.eu\/wp-content\/uploads\/2024\/02\/logo_small.png","contentUrl":"https:\/\/megamo.eu\/wp-content\/uploads\/2024\/02\/logo_small.png","width":300,"height":113,"caption":"Megamo"},"image":{"@id":"https:\/\/megamo.eu\/es\/#\/schema\/logo\/image\/"},"sameAs":["https:\/\/www.facebook.com\/megamoeu","https:\/\/www.youtube.com\/@Megamo_en"]}]}},"_links":{"self":[{"href":"https:\/\/megamo.eu\/es\/wp-json\/wp\/v2\/pages\/42290"}],"collection":[{"href":"https:\/\/megamo.eu\/es\/wp-json\/wp\/v2\/pages"}],"about":[{"href":"https:\/\/megamo.eu\/es\/wp-json\/wp\/v2\/types\/page"}],"author":[{"embeddable":true,"href":"https:\/\/megamo.eu\/es\/wp-json\/wp\/v2\/users\/2"}],"replies":[{"embeddable":true,"href":"https:\/\/megamo.eu\/es\/wp-json\/wp\/v2\/comments?post=42290"}],"version-history":[{"count":2,"href":"https:\/\/megamo.eu\/es\/wp-json\/wp\/v2\/pages\/42290\/revisions"}],"predecessor-version":[{"id":56779,"href":"https:\/\/megamo.eu\/es\/wp-json\/wp\/v2\/pages\/42290\/revisions\/56779"}],"up":[{"embeddable":true,"href":"https:\/\/megamo.eu\/es\/wp-json\/wp\/v2\/pages\/41375"}],"wp:attachment":[{"href":"https:\/\/megamo.eu\/es\/wp-json\/wp\/v2\/media?parent=42290"}],"curies":[{"name":"wp","href":"https:\/\/api.w.org\/{rel}","templated":true}]}}