{"id":42286,"date":"2025-06-17T11:00:23","date_gmt":"2025-06-17T09:00:23","guid":{"rendered":"https:\/\/megamo.eu\/migracion-de-tienda-online-a-otra-plataforma\/migration-from-magento-to-shopify\/"},"modified":"2025-10-03T12:38:43","modified_gmt":"2025-10-03T10:38:43","slug":"migracion-de-magento-a-shopify","status":"publish","type":"page","link":"https:\/\/megamo.eu\/es\/migracion-de-tienda-online-a-otra-plataforma\/migracion-de-magento-a-shopify\/","title":{"rendered":"Migraci\u00f3n de Magento a Shopify"},"content":{"rendered":"\n\t<div id=\"gap-910414103\" class=\"gap-element clearfix\" style=\"display:block; height:auto;\">\n\t\t\n<style>\n#gap-910414103 {\n  padding-top: 60px;\n}\n<\/style>\n\t<\/div>\n\t\n\n\t<section class=\"section\" id=\"section_195089464\">\n\t\t<div class=\"bg section-bg fill bg-fill  bg-loaded\" >\n\n\t\t\t\n\t\t\t\n\t\t\t\n\n\t\t<\/div>\n\n\t\t\n\n\t\t<div class=\"section-content relative\">\n\t\t\t\n\n<div class=\"row\"  id=\"row-997365603\">\n\n\n\t<div id=\"col-877808826\" class=\"col small-12 large-12\"  >\n\t\t\t\t<div class=\"col-inner text-center\"  >\n\t\t\t\n\t\t\t\n\n\t<div id=\"text-2918808761\" class=\"text\">\n\t\t\n\n<h1>Migraci\u00f3n de Magento a Shopify<\/h1>\n\n\t\t\n<style>\n#text-2918808761 {\n  font-size: 1.3rem;\n}\n<\/style>\n\t<\/div>\n\t\n\n\t\t<\/div>\n\t\t\t\t\t<\/div>\n\n\t\n\n<\/div>\n<div class=\"row\"  id=\"row-1053910100\">\n\n\n\t<div id=\"col-989062442\" class=\"col small-12 large-12\"  >\n\t\t\t\t<div class=\"col-inner text-center\"  >\n\t\t\t\n\t\t\t\n\n\t<div class=\"img has-hover x md-x lg-x y md-y lg-y\" id=\"image_138561353\">\n\t\t\t\t\t\t\t\t<div class=\"img-inner dark\" >\n\t\t\t<img loading=\"lazy\" decoding=\"async\" width=\"820\" height=\"300\" src=\"https:\/\/megamo.eu\/wp-content\/uploads\/2025\/06\/magento-shopify-migration.webp\" class=\"attachment-original size-original\" alt=\"\" srcset=\"https:\/\/megamo.eu\/wp-content\/uploads\/2025\/06\/magento-shopify-migration.webp 820w, https:\/\/megamo.eu\/wp-content\/uploads\/2025\/06\/magento-shopify-migration-800x293.webp 800w, https:\/\/megamo.eu\/wp-content\/uploads\/2025\/06\/magento-shopify-migration-768x281.webp 768w, https:\/\/megamo.eu\/wp-content\/uploads\/2025\/06\/magento-shopify-migration-600x220.webp 600w\" sizes=\"(max-width: 820px) 100vw, 820px\" \/>\t\t\t\t\t\t\n\t\t\t\t\t<\/div>\n\t\t\t\t\t\t\t\t\n<style>\n#image_138561353 {\n  width: 60%;\n}\n<\/style>\n\t<\/div>\n\t\n\n\t<div id=\"text-3632522154\" class=\"text\">\n\t\t\n\n<p>MIGRACI\u00d3N DE PLATAFORMA | Magento a Shopify<\/p>\n\n\t\t\n<style>\n#text-3632522154 {\n  font-size: 1.2rem;\n  color: rgb(155, 155, 155);\n}\n#text-3632522154 > * {\n  color: rgb(155, 155, 155);\n}\n<\/style>\n\t<\/div>\n\t\n\t<div id=\"text-1695434609\" class=\"text\">\n\t\t\n\n<p style=\"margin-bottom: 60px\">Magento ofrece gran flexibilidad para operaciones de e-commerce complejas, pero suele requerir muchos recursos t\u00e9cnicos y elevados costes continuos. Migrar a Shopify permite a las empresas simplificar la gesti\u00f3n de la tienda, eliminar el mantenimiento de servidores y acceder a una plataforma SaaS totalmente alojada, dise\u00f1ada para crecer r\u00e1pidamente y escalar f\u00e1cilmente sin grandes exigencias de infraestructura.<\/p>\n\n\t\t\n<style>\n#text-1695434609 {\n  text-align: left;\n}\n<\/style>\n\t<\/div>\n\t\n<a href=\"https:\/\/forms.clickup.com\/9012257574\/f\/8cjr8t6-8752\/JCI89GNZOP1PSMHSHF\" target=\"_blank\" class=\"button primary\" rel=\"noopener\"  >\n  <i class=\"icon-checkmark\" aria-hidden=\"true\" ><\/i>  <span>Migra tu tienda de Magento a Shopify<\/span>\n  <\/a>\n\n\n<a href=\"\/es\/migracion-de-tienda-online-a-otra-plataforma\/\" class=\"button primary\"  >\n  <i class=\"icon-tag\" aria-hidden=\"true\" ><\/i>  <span>Ver otros servicios de migraci\u00f3n<\/span>\n  <\/a>\n\n\n\t\t<\/div>\n\t\t\t\t\t<\/div>\n\n\t\n\n<\/div>\n\n\t\t<\/div>\n\n\t\t\n<style>\n#section_195089464 {\n  padding-top: 30px;\n  padding-bottom: 30px;\n}\n<\/style>\n\t<\/section>\n\t\n\t<section class=\"section\" id=\"section_1620628542\">\n\t\t<div class=\"bg section-bg fill bg-fill  bg-loaded\" >\n\n\t\t\t\n\t\t\t\n\t\t\t\n\n\t\t<\/div>\n\n\t\t\n\n\t\t<div class=\"section-content relative\">\n\t\t\t\n\n<div class=\"row\"  id=\"row-515325546\">\n\n\n\t<div id=\"col-955884623\" class=\"col medium-6 small-12 large-6\"  >\n\t\t\t\t<div class=\"col-inner text-left\"  >\n\t\t\t\n\t\t\t\n\n<h3>Magento \u2013 altamente flexible pero exigente t\u00e9cnicamente<\/h3> <p>Magento ofrece funcionalidades de nivel empresarial con control total del backend, pero requiere equipos t\u00e9cnicos dedicados, mayores costes de infraestructura y gesti\u00f3n constante de servidores, lo que dificulta a muchas empresas alcanzar la simplicidad y una escalabilidad m\u00e1s r\u00e1pida.<\/p> <h4>Ventajas de Magento:<\/h4> <ul> <li>plataforma open-source totalmente personalizable,<\/li> <li>potentes capacidades B2B y multitienda,<\/li> <li>funcionalidades avanzadas de precios, cat\u00e1logos y promociones,<\/li> <li>integraciones avanzadas con sistemas ERP y CRM.<\/li> <\/ul> <h4>Desventajas de Magento:<\/h4> <ul> <li>altos costes de desarrollo, hosting y mantenimiento,<\/li> <li>configuraci\u00f3n y gesti\u00f3n de servidores complejas,<\/li> <li>requiere equipos t\u00e9cnicos o agencias,<\/li> <li>consumo intensivo de recursos para negocios en crecimiento.<\/li> <\/ul>\n\n\t\t<\/div>\n\t\t\t\t\t<\/div>\n\n\t\n\n\t<div id=\"col-1779100005\" class=\"col medium-6 small-12 large-6\"  >\n\t\t\t\t<div class=\"col-inner text-left\"  >\n\t\t\t\n\t\t\t\n\n<h3>Shopify \u2013 SaaS totalmente alojado con escalabilidad integrada<\/h3> <p>Shopify permite a las empresas enfocarse en el crecimiento mientras gestiona autom\u00e1ticamente la infraestructura, la seguridad y las actualizaciones. Con escalabilidad integrada, un potente marketplace de aplicaciones y capacidades de ventas multicanal, Shopify simplifica las operaciones de e-commerce para negocios que buscan eficiencia SaaS.<\/p> <h4>Ventajas de Shopify:<\/h4> <ul> <li>plataforma SaaS totalmente alojada sin gesti\u00f3n de servidores,<\/li> <li>actualizaciones autom\u00e1ticas y parches de seguridad,<\/li> <li>gran marketplace de aplicaciones para ampliar funcionalidades,<\/li> <li>implementaci\u00f3n r\u00e1pida con escalabilidad integrada.<\/li> <\/ul> <h4>Desventajas de Shopify:<\/h4> <ul> <li>cuotas mensuales y costes adicionales por aplicaciones,<\/li> <li>acceso limitado al backend para personalizaciones profundas,<\/li> <li>comisiones por transacciones con pasarelas de pago externas,<\/li> <li>ciertas funcionalidades empresariales requieren apps adicionales o soluciones alternativas.<\/li> <\/ul>\n\n\t\t<\/div>\n\t\t\t\t\t<\/div>\n\n\t\n\n<\/div>\n\n\t\t<\/div>\n\n\t\t\n<style>\n#section_1620628542 {\n  padding-top: 0px;\n  padding-bottom: 0px;\n}\n<\/style>\n\t<\/section>\n\t\n\t<section class=\"section\" id=\"section_349306373\">\n\t\t<div class=\"bg section-bg fill bg-fill  bg-loaded\" >\n\n\t\t\t\n\t\t\t\n\t\t\t\n\n\t\t<\/div>\n\n\t\t\n\n\t\t<div class=\"section-content relative\">\n\t\t\t\n\n<div class=\"row\"  id=\"row-832573696\">\n\n\n\t<div id=\"col-195281211\" class=\"col small-12 large-12\"  >\n\t\t\t\t<div class=\"col-inner\"  >\n\t\t\t\n\t\t\t\n\n<div style=\"border-left: 5px #fe5e08 solid; padding-left: 40px;\"> <h2 style=\"color: #fe5e08;\">\u00bfPor qu\u00e9 migrar tu tienda de Magento a Shopify?<\/h2> <p><b>Migrar a Shopify es una decisi\u00f3n inteligente si:<\/b><\/p> <ul style=\"list-style-type: none;\"> <li style=\"margin-left: 0;\">quieres eliminar la gesti\u00f3n de servidores y simplificar el mantenimiento,<\/li> <li style=\"margin-left: 0;\">tu negocio necesita una escalabilidad m\u00e1s r\u00e1pida y rentable,<\/li> <li style=\"margin-left: 0;\">buscas la simplicidad de SaaS con s\u00f3lidas capacidades empresariales,<\/li> <li style=\"margin-left: 0;\">quieres enfocarte m\u00e1s en ventas y marketing en lugar de la gesti\u00f3n t\u00e9cnica.<\/li> <\/ul> <p>Shopify es ideal para empresas listas para simplificar operaciones, reducir costes y escalar de forma eficiente en una plataforma SaaS totalmente alojada con modernas herramientas de venta.<\/p> <\/div>\n\n\t<div id=\"gap-2050344229\" class=\"gap-element clearfix\" style=\"display:block; height:auto;\">\n\t\t\n<style>\n#gap-2050344229 {\n  padding-top: 60px;\n}\n<\/style>\n\t<\/div>\n\t\n\n\t<div id=\"text-641316208\" class=\"text\">\n\t\t\n\n<div style=\"border-right: 5px #0093e3 solid; padding-right: 40px;\"> <h2 style=\"color: #0093e3\">\u00bfC\u00f3mo funciona la migraci\u00f3n de Magento a Shopify?<\/h2> <p>Gestionamos toda la migraci\u00f3n de manera segura, garantizando una transferencia de datos precisa, una configuraci\u00f3n adecuada de la plataforma y operaciones sin interrupciones durante la transici\u00f3n.<\/p> <p><b>Transferimos todos los datos de productos<\/b><br>Productos, variantes, categor\u00edas, atributos, datos SEO e im\u00e1genes se importan en Shopify.<\/p> <p><b>Preservamos los datos de los clientes<\/b><br>Todos los perfiles de clientes, historiales de pedidos, direcciones e informaci\u00f3n de contacto se migran de forma segura.<\/p> <p><b>Restauramos el historial de pedidos<\/b><br>Todas las transacciones, registros de pago y datos de env\u00edo se transfieren para garantizar informes completos y continuidad operativa.<\/p> <\/div>\n\n\t\t\n<style>\n#text-641316208 {\n  text-align: right;\n}\n<\/style>\n\t<\/div>\n\t\n\n\t\t<\/div>\n\t\t\t\t\t<\/div>\n\n\t\n\n<\/div>\n\n\t\t<\/div>\n\n\t\t\n<style>\n#section_349306373 {\n  padding-top: 80px;\n  padding-bottom: 80px;\n  background-color: rgb(249, 249, 249);\n}\n<\/style>\n\t<\/section>\n\t\n","protected":false},"excerpt":{"rendered":"","protected":false},"author":2,"featured_media":0,"parent":41375,"menu_order":0,"comment_status":"closed","ping_status":"closed","template":"","meta":{"_lmt_disableupdate":"","_lmt_disable":"","footnotes":""},"yoast_head":"<!-- This site is optimized with the Yoast SEO Premium plugin v21.8 (Yoast SEO v23.5) - https:\/\/yoast.com\/wordpress\/plugins\/seo\/ -->\n<title>Migraci\u00f3n de Magento a Shopify<\/title>\n<meta name=\"description\" content=\"Migraci\u00f3n de Magento a Shopify: simplifica la gesti\u00f3n, elimina el mantenimiento de servidores y escala m\u00e1s r\u00e1pido en una plataforma SaaS completamente alojada dise\u00f1ada para el e-commerce moderno.\" \/>\n<meta name=\"robots\" content=\"index, follow, max-snippet:-1, max-image-preview:large, max-video-preview:-1\" \/>\n<link rel=\"canonical\" href=\"https:\/\/megamo.eu\/es\/migracion-de-tienda-online-a-otra-plataforma\/migracion-de-magento-a-shopify\/\" \/>\n<meta property=\"og:locale\" content=\"es_ES\" \/>\n<meta property=\"og:type\" content=\"article\" \/>\n<meta property=\"og:title\" content=\"Migraci\u00f3n de Magento a Shopify\" \/>\n<meta property=\"og:description\" content=\"Migraci\u00f3n de Magento a Shopify: simplifica la gesti\u00f3n, elimina el mantenimiento de servidores y escala m\u00e1s r\u00e1pido en una plataforma SaaS completamente alojada dise\u00f1ada para el e-commerce moderno.\" \/>\n<meta property=\"og:url\" content=\"https:\/\/megamo.eu\/es\/migracion-de-tienda-online-a-otra-plataforma\/migracion-de-magento-a-shopify\/\" \/>\n<meta property=\"og:site_name\" content=\"megamo.eu\" \/>\n<meta property=\"article:publisher\" content=\"https:\/\/www.facebook.com\/megamoeu\" \/>\n<meta property=\"article:modified_time\" content=\"2025-10-03T10:38:43+00:00\" \/>\n<meta name=\"twitter:card\" content=\"summary_large_image\" \/>\n<meta name=\"twitter:label1\" content=\"Tiempo de lectura\" \/>\n\t<meta name=\"twitter:data1\" content=\"4 minutos\" \/>\n<script type=\"application\/ld+json\" class=\"yoast-schema-graph\">{\"@context\":\"https:\/\/schema.org\",\"@graph\":[{\"@type\":\"WebPage\",\"@id\":\"https:\/\/megamo.eu\/es\/migracion-de-tienda-online-a-otra-plataforma\/migracion-de-magento-a-shopify\/\",\"url\":\"https:\/\/megamo.eu\/es\/migracion-de-tienda-online-a-otra-plataforma\/migracion-de-magento-a-shopify\/\",\"name\":\"Migraci\u00f3n de Magento a Shopify\",\"isPartOf\":{\"@id\":\"https:\/\/megamo.eu\/es\/#website\"},\"datePublished\":\"2025-06-17T09:00:23+00:00\",\"dateModified\":\"2025-10-03T10:38:43+00:00\",\"description\":\"Migraci\u00f3n de Magento a Shopify: simplifica la gesti\u00f3n, elimina el mantenimiento de servidores y escala m\u00e1s r\u00e1pido en una plataforma SaaS completamente alojada dise\u00f1ada para el e-commerce moderno.\",\"breadcrumb\":{\"@id\":\"https:\/\/megamo.eu\/es\/migracion-de-tienda-online-a-otra-plataforma\/migracion-de-magento-a-shopify\/#breadcrumb\"},\"inLanguage\":\"es\",\"potentialAction\":[{\"@type\":\"ReadAction\",\"target\":[\"https:\/\/megamo.eu\/es\/migracion-de-tienda-online-a-otra-plataforma\/migracion-de-magento-a-shopify\/\"]}]},{\"@type\":\"BreadcrumbList\",\"@id\":\"https:\/\/megamo.eu\/es\/migracion-de-tienda-online-a-otra-plataforma\/migracion-de-magento-a-shopify\/#breadcrumb\",\"itemListElement\":[{\"@type\":\"ListItem\",\"position\":1,\"name\":\"Home\",\"item\":\"https:\/\/megamo.eu\/es\/\"},{\"@type\":\"ListItem\",\"position\":2,\"name\":\"Migraci\u00f3n de Tienda Online a Otra Plataforma\",\"item\":\"https:\/\/megamo.eu\/es\/migracion-de-tienda-online-a-otra-plataforma\/\"},{\"@type\":\"ListItem\",\"position\":3,\"name\":\"Migraci\u00f3n de Magento a Shopify\"}]},{\"@type\":\"WebSite\",\"@id\":\"https:\/\/megamo.eu\/es\/#website\",\"url\":\"https:\/\/megamo.eu\/es\/\",\"name\":\"megamo.eu\",\"description\":\"megamo.eu\",\"publisher\":{\"@id\":\"https:\/\/megamo.eu\/es\/#organization\"},\"potentialAction\":[{\"@type\":\"SearchAction\",\"target\":{\"@type\":\"EntryPoint\",\"urlTemplate\":\"https:\/\/megamo.eu\/es\/?s={search_term_string}\"},\"query-input\":{\"@type\":\"PropertyValueSpecification\",\"valueRequired\":true,\"valueName\":\"search_term_string\"}}],\"inLanguage\":\"es\"},{\"@type\":\"Organization\",\"@id\":\"https:\/\/megamo.eu\/es\/#organization\",\"name\":\"Megamo\",\"alternateName\":\"mgo\",\"url\":\"https:\/\/megamo.eu\/es\/\",\"logo\":{\"@type\":\"ImageObject\",\"inLanguage\":\"es\",\"@id\":\"https:\/\/megamo.eu\/es\/#\/schema\/logo\/image\/\",\"url\":\"https:\/\/megamo.eu\/wp-content\/uploads\/2024\/02\/logo_small.png\",\"contentUrl\":\"https:\/\/megamo.eu\/wp-content\/uploads\/2024\/02\/logo_small.png\",\"width\":300,\"height\":113,\"caption\":\"Megamo\"},\"image\":{\"@id\":\"https:\/\/megamo.eu\/es\/#\/schema\/logo\/image\/\"},\"sameAs\":[\"https:\/\/www.facebook.com\/megamoeu\",\"https:\/\/www.youtube.com\/@Megamo_en\"]}]}<\/script>\n<!-- \/ Yoast SEO Premium plugin. -->","yoast_head_json":{"title":"Migraci\u00f3n de Magento a Shopify","description":"Migraci\u00f3n de Magento a Shopify: simplifica la gesti\u00f3n, elimina el mantenimiento de servidores y escala m\u00e1s r\u00e1pido en una plataforma SaaS completamente alojada dise\u00f1ada para el e-commerce moderno.","robots":{"index":"index","follow":"follow","max-snippet":"max-snippet:-1","max-image-preview":"max-image-preview:large","max-video-preview":"max-video-preview:-1"},"canonical":"https:\/\/megamo.eu\/es\/migracion-de-tienda-online-a-otra-plataforma\/migracion-de-magento-a-shopify\/","og_locale":"es_ES","og_type":"article","og_title":"Migraci\u00f3n de Magento a Shopify","og_description":"Migraci\u00f3n de Magento a Shopify: simplifica la gesti\u00f3n, elimina el mantenimiento de servidores y escala m\u00e1s r\u00e1pido en una plataforma SaaS completamente alojada dise\u00f1ada para el e-commerce moderno.","og_url":"https:\/\/megamo.eu\/es\/migracion-de-tienda-online-a-otra-plataforma\/migracion-de-magento-a-shopify\/","og_site_name":"megamo.eu","article_publisher":"https:\/\/www.facebook.com\/megamoeu","article_modified_time":"2025-10-03T10:38:43+00:00","twitter_card":"summary_large_image","twitter_misc":{"Tiempo de lectura":"4 minutos"},"schema":{"@context":"https:\/\/schema.org","@graph":[{"@type":"WebPage","@id":"https:\/\/megamo.eu\/es\/migracion-de-tienda-online-a-otra-plataforma\/migracion-de-magento-a-shopify\/","url":"https:\/\/megamo.eu\/es\/migracion-de-tienda-online-a-otra-plataforma\/migracion-de-magento-a-shopify\/","name":"Migraci\u00f3n de Magento a Shopify","isPartOf":{"@id":"https:\/\/megamo.eu\/es\/#website"},"datePublished":"2025-06-17T09:00:23+00:00","dateModified":"2025-10-03T10:38:43+00:00","description":"Migraci\u00f3n de Magento a Shopify: simplifica la gesti\u00f3n, elimina el mantenimiento de servidores y escala m\u00e1s r\u00e1pido en una plataforma SaaS completamente alojada dise\u00f1ada para el e-commerce moderno.","breadcrumb":{"@id":"https:\/\/megamo.eu\/es\/migracion-de-tienda-online-a-otra-plataforma\/migracion-de-magento-a-shopify\/#breadcrumb"},"inLanguage":"es","potentialAction":[{"@type":"ReadAction","target":["https:\/\/megamo.eu\/es\/migracion-de-tienda-online-a-otra-plataforma\/migracion-de-magento-a-shopify\/"]}]},{"@type":"BreadcrumbList","@id":"https:\/\/megamo.eu\/es\/migracion-de-tienda-online-a-otra-plataforma\/migracion-de-magento-a-shopify\/#breadcrumb","itemListElement":[{"@type":"ListItem","position":1,"name":"Home","item":"https:\/\/megamo.eu\/es\/"},{"@type":"ListItem","position":2,"name":"Migraci\u00f3n de Tienda Online a Otra Plataforma","item":"https:\/\/megamo.eu\/es\/migracion-de-tienda-online-a-otra-plataforma\/"},{"@type":"ListItem","position":3,"name":"Migraci\u00f3n de Magento a Shopify"}]},{"@type":"WebSite","@id":"https:\/\/megamo.eu\/es\/#website","url":"https:\/\/megamo.eu\/es\/","name":"megamo.eu","description":"megamo.eu","publisher":{"@id":"https:\/\/megamo.eu\/es\/#organization"},"potentialAction":[{"@type":"SearchAction","target":{"@type":"EntryPoint","urlTemplate":"https:\/\/megamo.eu\/es\/?s={search_term_string}"},"query-input":{"@type":"PropertyValueSpecification","valueRequired":true,"valueName":"search_term_string"}}],"inLanguage":"es"},{"@type":"Organization","@id":"https:\/\/megamo.eu\/es\/#organization","name":"Megamo","alternateName":"mgo","url":"https:\/\/megamo.eu\/es\/","logo":{"@type":"ImageObject","inLanguage":"es","@id":"https:\/\/megamo.eu\/es\/#\/schema\/logo\/image\/","url":"https:\/\/megamo.eu\/wp-content\/uploads\/2024\/02\/logo_small.png","contentUrl":"https:\/\/megamo.eu\/wp-content\/uploads\/2024\/02\/logo_small.png","width":300,"height":113,"caption":"Megamo"},"image":{"@id":"https:\/\/megamo.eu\/es\/#\/schema\/logo\/image\/"},"sameAs":["https:\/\/www.facebook.com\/megamoeu","https:\/\/www.youtube.com\/@Megamo_en"]}]}},"_links":{"self":[{"href":"https:\/\/megamo.eu\/es\/wp-json\/wp\/v2\/pages\/42286"}],"collection":[{"href":"https:\/\/megamo.eu\/es\/wp-json\/wp\/v2\/pages"}],"about":[{"href":"https:\/\/megamo.eu\/es\/wp-json\/wp\/v2\/types\/page"}],"author":[{"embeddable":true,"href":"https:\/\/megamo.eu\/es\/wp-json\/wp\/v2\/users\/2"}],"replies":[{"embeddable":true,"href":"https:\/\/megamo.eu\/es\/wp-json\/wp\/v2\/comments?post=42286"}],"version-history":[{"count":2,"href":"https:\/\/megamo.eu\/es\/wp-json\/wp\/v2\/pages\/42286\/revisions"}],"predecessor-version":[{"id":56783,"href":"https:\/\/megamo.eu\/es\/wp-json\/wp\/v2\/pages\/42286\/revisions\/56783"}],"up":[{"embeddable":true,"href":"https:\/\/megamo.eu\/es\/wp-json\/wp\/v2\/pages\/41375"}],"wp:attachment":[{"href":"https:\/\/megamo.eu\/es\/wp-json\/wp\/v2\/media?parent=42286"}],"curies":[{"name":"wp","href":"https:\/\/api.w.org\/{rel}","templated":true}]}}